{"id":1136564,"date":"2026-04-27T13:36:09","date_gmt":"2026-04-27T11:36:09","guid":{"rendered":"https:\/\/wein-werte.com\/product\/zind-humbrecht-riesling-brand-grand-cru-selection-de-grains-nobles-2006-375ml\/"},"modified":"2026-04-27T12:07:09","modified_gmt":"2026-04-27T10:07:09","slug":"zind-humbrecht-riesling-brand-grand-cru-selection-de-grains-nobles-2006-375ml","status":"publish","type":"product","link":"https:\/\/wein-werte.com\/de\/produkt\/zind-humbrecht-riesling-brand-grand-cru-selection-de-grains-nobles-2006-375ml\/","title":{"rendered":"Zind-Humbrecht | Elsass | Riesling Brand Grand Cru, S\u00e9lection de Grains Nobles | 2006 | 375ml"},"content":{"rendered":"<p>Produktbeschreibung f\u00fcr Zind-Humbrecht Riesling Brand Grand Cru, S\u00e9lection de Grains Nobles 2006 <\/p>\n<p>Christina Hilker: In der Nase bet\u00f6rt der 2006er Riesling S\u00e9lection de Grains Nobles Brand mit getrockneten Aprikosen, Datteln, Orangenzesten und kandiertem Ingwer. Ein Duft von s\u00fc\u00dfen Bl\u00fcten, hellem franz\u00f6sischen Nougat und frisch gebackenen Brioche schwebt \u00fcber Allem. Trotz dem s\u00fc\u00dfen Eindruck der Nase wirkt diese Beerenauslese frisch und anregend. Am Gaumen pr\u00e4sentiert sich der 2006er Riesling S\u00e9lection de Grains Nobles Brand mit einer unwahrscheinlich konzentrierten S\u00fc\u00dfe und Dichte. Auch hier kommt die sehr anregende, frische und facettenreich S\u00e4ure und Struktur wieder zum Tragen. Ein Elixier der Extra Klasse, das sich erst am Anfang seiner Reife pr\u00e4sentiert, deshalb sollte man ihm optimaler Weise noch ein paar Jahre Kellerreife g\u00f6nnen. Dies ist erst die dritte Riesling Trockenbeerenauslese, die vom Weingut Zind Humbrecht produziert worden ist. Der erste war der Riesling Clos Windsbuhl 1989, der zweite der Riesling Rangen 1998 und jetzt f\u00fchrt der Brand 2006 die Serie fort. Die Produktion einer Riesling Trockenbeerenauslese ist nicht das oberste Ziel von Olivier Humbrecht, da immer eine m\u00f6glichst volle Reife der trockenen Weine angestrebt wird. Wenn die mit Edelf\u00e4ule befallenen, besten Trauben nur f\u00fcr die Trockenbeerenauslese verwendet werden, k\u00f6nnten die klassischen trockenen Weine darunter leiden. 2006 war dies jedoch kein Thema, da der Edelf\u00e4ulebefall so hoch war und sich diese Frage erst gar nicht stellte. Die Edelf\u00e4uleentwicklung an den alten Reben war spektakul\u00e4r und es ben\u00f6tigte nur einer kleinen Auslese, um gen\u00fcgend Reichhaltigkeit zu haben diesen Wein zu produzieren. Er ist mit 165\u00b0 \u00d6chsle bzw. 23\u00b0 alkoholische Potential, der Vollste dieser drei Trockenbeerenauslesen und auch derjenige mit dem h\u00f6chsten S\u00e4uregehalt. <\/p>\n<h5>Farbe<\/h5>\n<p> Funkelndes Goldgelb mit intensiven bernsteinfarbenen Reflexen. <\/p>\n<h5>Nase<\/p>\n<h5> In der Nase bet\u00f6rt der 2006er Riesling S\u00e9lection de Grains Nobles Brand mit getrockneten Aprikosen, Datteln, Orangenzesten und kandiertem Ingwer. Ein Duft von s\u00fc\u00dfen Bl\u00fcten, hellem franz\u00f6sischen Nougat und frisch gebackenen Brioche schwebt \u00fcber Allem. Trotz dem s\u00fc\u00dfen Eindruck der Nase wirkt diese Beerenauslese frisch und anregend. <\/p>\n<h5>Gaumen<\/h5>\n<p> Am Gaumen pr\u00e4sentiert sich der 2006er Riesling S\u00e9lection de Grains Nobles Brand mit einer unwahrscheinlich konzentrierten S\u00fc\u00dfe und Dichte. Auch hier kommt die sehr anregende, frische und facettenreich S\u00e4ure und Struktur wieder zum Tragen. Ein Elixier der Extra Klasse, das sich erst am Anfang seiner Reife pr\u00e4sentiert deshalb sollte man ihm optimaler Weise noch ein paar Jahre Kellerreife g\u00f6nnen. <\/p>\n<h5>Brand Grand Cru <\/h5>\n<p>Der Legende nach hat die Sonne im Brand Weinberg mit einem Drachen gek\u00e4mpft, diesen besiegt und ihn daraufhin in eine dunkle H\u00f6hle unter dem Weinberg verbannt, was wiederum die charakteristische W\u00e4rme des Bodens dieser Stelle erkl\u00e4ren soll. In der Tat verdankt der Weinberg seinen Namen einem Feuer, dem der obere Teil zum Opfer fiel. Der Brand ist einer der bekanntesten Weinberge des Mittelalters. Sein Boden besteht aus schwarzem Granitsand und verschlammten, gr\u00f6beren Sand, der eine sehr tiefe Verwurzelung erm\u00f6glicht. Durch Erosion und Regenwasser werden kleine Mengen an Lehm eingesp\u00fclt, die sich unterhalb der sandigen Schicht ablagern. Hier finden die alten, tief verwurzelten Reben die notwendige Feuchtigkeit, um nicht unter dem trockensten Mikroklima des Elsass zu leiden. Der Weinberg ist steil und nach S\u00fcd- S\u00fcdost orientiert. Er ist vor Nordwinden gesch\u00fctzt und erh\u00e4lt au\u00dfergew\u00f6hnlich viele Sonnenstunden im Jahr. Im Brand wird ausschlie\u00dflich Riesling angebaut. Der Wein entwickelt blumige und fruchtige Aromen, ohne jemals schwer zu werden und \u00fcberrascht immer wieder durch seine fr\u00fche Reife und das trotzdem vorhandene Lagerpotential.<\/p>\n<p>Copyright Vinaturel 2025<\/p>\n<p>Keywords: <a href=\"https:\/\/wein-werte.com\/de\/shop\/?swoof=1&#038;pa_producer=Zind-Humbrecht\">Zind-Humbrecht<\/a> <a href=\"https:\/\/wein-werte.com\/de\/shop\/?swoof=1&#038;woof_text=Riesling Brand Grand Cru, S\u00e9lection de Grains Nobles\">Riesling Brand Grand Cru, S\u00e9lection de Grains Nobles<\/a> 2006  <a href=\"https:\/\/wein-werte.com\/de\/shop\/?swoof=1&#038;pa_region=Elsass\">Elsass<\/a> <a href=\"https:\/\/wein-werte.com\/de\/shop\/?swoof=1&#038;pa_country=Frankreich\">Frankreich<\/a><\/p>\n<h3>Wine Advocate<\/h3>\n<p>Punkte: 93<\/p>\n<p>Zind-Humbrechts Riesling Brand Selection de Grains Nobles 2006 repr\u00e4sentiert, was aus der Ernte dieses Jahrgangs ihrer alten Reben in Schneckenburg geworden ist, und ist der erste Brand SGN des Weinguts \u00fcberhaupt (tats\u00e4chlich erst der dritte aus Riesling an einer beliebigen Lage). Ein edler Hauch von Pilz, verblasster Lilie, Kamille und Pfirsich- und Pflaumenkonfit\u00fcre pr\u00e4gt die Nase, ebenso wie ein seidiger, sp\u00fcrbar dichter, samtiger Gaumen, der dem verf\u00fchrerischen Duft des Weins eine Note von gesalzenem Karamell verleiht. Er hat eine gro\u00dfartige Breite ohne Schwere und eine konfit\u00fcrierte Nachhaltigkeit, ohne aufdringlich zu sein. Ich finde den entsprechenden VT heute markanter und angenehmer zu trinken, aber ich bin \u00fcberzeugt, dass dieser SGN ein weiterer jener seltenen Weine seines Jahrgangs ist, die man getrost zwei oder mehr Jahrzehnte im Keller lagern kann. _x000D_ _x000D_ \u201eNach den Erfahrungen von 2003\u201c, bemerkt Olivier Humbrecht mit Blick auf seine 2007er, \u201ewerde ich mich nie \u00fcber ein oder zwei Gramm zu viel S\u00e4ure beschweren.\u201c Tats\u00e4chlich h\u00e4lt Humbrecht den 2007er in fast jeder Hinsicht f\u00fcr ideal, da er den Winzern den Luxus erm\u00f6glichte, unter optimalen Bedingungen f\u00fcr jede Rebsorte und jeden Stil zu ernten. Die Fr\u00fcchte waren vollkommen gesund, betont Humbrecht, \u201eman k\u00f6nnte eine halbe Stunde durch die Weinberge gehen und w\u00fcrde eine einzige verdorbene Beere finden\u201c \u2026 au\u00dfer nat\u00fcrlich bei edler F\u00e4ule! Die diesj\u00e4hrigen, im Allgemeinen trocken schmeckenden, relativ alkoholarmen, s\u00e4urereichen und extraktreichen Rieslinge sind nicht immer die jugendlichsten oder gewinnendsten im Stil, aber die besten sind tiefgr\u00fcndig; Pinot Gris und Gew\u00fcrztraminer hingegen erreichten ihr potenzielles Alkoholpotenzial bis zum \u00c4u\u00dfersten, obwohl die Ernte vor Mitte Oktober abgeschlossen war. Hier durchliefen ab 2007 wesentlich weniger Weine die malolaktische Umwandlung als \u00fcblich \u2013 die pH-Werte waren oft so niedrig, dass sie sich als unwirtlich f\u00fcr die notwendigen Bakterien erwiesen. Was 2006 betrifft, so ist klar, dass dieses Jahr die F\u00e4higkeiten jedes Winzers auf die Probe stellt und es \u00fcberrascht daher nicht, dass Zind-Humbrecht zu den Weing\u00fctern geh\u00f6rte, die bewiesen, dass das Wetter Spitzenqualit\u00e4t und sogar Aufregung nicht ausschlie\u00dfen musste. Dar\u00fcber hinaus kam er auf einen durchschnittlichen Ertrag f\u00fcr 2006, der praktisch identisch mit dem von 2005 war. \u201eNat\u00fcrlich\u201c, betont Humbrecht, \u201ehing die Qualit\u00e4t 2006 davon ab, wie man das ganze Jahr \u00fcber seine Weinberge und Reben behandelte. Es war ein Jahrgang, in dem man bei der Ernte einen ziemlich harten Schlag erlitt, wenn man in den Weinbergen einen Fehler machte, nicht wie 2007, wo die Natur einem einen Fehler verzieh.\u201c Die G\u00e4rung war 2007 \u00fcber noch mehr Monate ausgedehnt als \u00fcblich, oft mit sp\u00e4ter Abf\u00fcllung und h\u00e4ufig ohne Abstich; Meine Notizen basieren sowohl auf Flaschenverkostungen zu Beginn dieses Jahres (manchmal bezogen sie sich auf die Fassreife) als auch in einigen F\u00e4llen ausschlie\u00dflich auf Fassverkostungen. Zwei Pinot Gris \u201eTrie Speciale\u201c aus dem Jahr 2007 \u2013 von Clos Windsbuhl und Clos Jebsal \u2013 waren bei meinem letzten Besuch noch nicht einmal Wein und werden ohnehin erst in einem Jahr auf den Markt kommen._x000D_ _x000D_ Importeur: The Sorting Table, Napa, CA; Tel. (415) 491-4724<br \/>David Schildknecht<\/p>\n<p>Internetseite des Weinguts: <a href=\"http:\/\/www.zindhumbrecht.fr\/\" target=\"_blank\">http:\/\/www.zindhumbrecht.fr\/<\/a><\/p>\n","protected":false},"excerpt":{"rendered":"<p>Lieferzeit: 1 bis 2 Arbeitstage (DE), 2 bis 5 Arbeitstage (EU and CH)<\/p>\n","protected":false},"featured_media":1147579,"template":"","meta":[],"product_brand":[],"product_cat":[19],"product_tag":[],"class_list":{"0":"post-1136564","1":"product","2":"type-product","3":"status-publish","4":"has-post-thumbnail","6":"product_cat-unkategorisiert","7":"pa_alcohol-for-filter-12893","8":"pa_certified-biodynamic-nein-de","9":"pa_certified-organic-nein-de","10":"pa_colour-weiss","11":"pa_country-frankreich","12":"pa_grape-riesling","13":"pa_parker-points-for-filter-93-de-2","14":"pa_price-for-filter-10654","15":"pa_producer-zind-humbrecht","16":"pa_region-elsass","17":"pa_size-ml-6721","18":"pa_sweetness-suess-de","19":"pa_type-2-still-de","20":"pa_vintage-2006-de","21":"entry","22":"has-media","24":"first","25":"instock","26":"taxable","27":"shipping-taxable","28":"purchasable","29":"product-type-simple"},"yoast_head":"<!-- This site is optimized with the Yoast SEO plugin v27.5 - https:\/\/yoast.com\/product\/yoast-seo-wordpress\/ -->\n<title>Zind-Humbrecht Riesling Brand Grand Cru S\u00e9lection de Grains Nobles 2006, 375ml<\/title>\n<meta name=\"description\" content=\"Kaufe Zind-Humbrecht Riesling Brand Grand Cru S\u00e9lection de Grains Nobles 2006 (Riesling, s\u00fc\u00df aus Elsass, Frankreich) bei Wein Werte, Ihrem nachhaltigen Onlineshop.\" \/>\n<meta name=\"robots\" content=\"index, follow, max-snippet:-1, max-image-preview:large, max-video-preview:-1\" \/>\n<link rel=\"canonical\" href=\"https:\/\/wein-werte.com\/de\/produkt\/zind-humbrecht-riesling-brand-grand-cru-selection-de-grains-nobles-2006-375ml\/\" \/>\n<meta property=\"og:locale\" content=\"de_DE\" \/>\n<meta property=\"og:type\" content=\"article\" \/>\n<meta property=\"og:title\" content=\"Zind-Humbrecht Riesling Brand Grand Cru S\u00e9lection de Grains Nobles 2006, 375ml\" \/>\n<meta property=\"og:description\" content=\"Kaufe Zind-Humbrecht Riesling Brand Grand Cru S\u00e9lection de Grains Nobles 2006 (Riesling, s\u00fc\u00df aus Elsass, Frankreich) bei Wein Werte, Ihrem nachhaltigen Onlineshop.\" \/>\n<meta property=\"og:url\" content=\"https:\/\/wein-werte.com\/de\/produkt\/zind-humbrecht-riesling-brand-grand-cru-selection-de-grains-nobles-2006-375ml\/\" \/>\n<meta property=\"og:site_name\" content=\"Wein Werte\" \/>\n<meta property=\"og:image\" content=\"https:\/\/wein-werte.com\/wp-content\/uploads\/2026\/04\/Zind-Humbrecht-Riesling-Brand-Grand-Cru-Selection-de-Grains-Nobles-2006-375ml-2.png\" \/>\n\t<meta property=\"og:image:width\" content=\"313\" \/>\n\t<meta property=\"og:image:height\" content=\"1200\" \/>\n\t<meta property=\"og:image:type\" content=\"image\/png\" \/>\n<meta name=\"twitter:card\" content=\"summary_large_image\" \/>\n<meta name=\"twitter:label1\" content=\"Gesch\u00e4tzte Lesezeit\" \/>\n\t<meta name=\"twitter:data1\" content=\"6\u00a0Minuten\" \/>\n<script type=\"application\/ld+json\" class=\"yoast-schema-graph\">{\"@context\":\"https:\\\/\\\/schema.org\",\"@graph\":[{\"@type\":\"WebPage\",\"@id\":\"https:\\\/\\\/wein-werte.com\\\/de\\\/produkt\\\/zind-humbrecht-riesling-brand-grand-cru-selection-de-grains-nobles-2006-375ml\\\/\",\"url\":\"https:\\\/\\\/wein-werte.com\\\/de\\\/produkt\\\/zind-humbrecht-riesling-brand-grand-cru-selection-de-grains-nobles-2006-375ml\\\/\",\"name\":\"Zind-Humbrecht Riesling Brand Grand Cru S\u00e9lection de Grains Nobles 2006, 375ml\",\"isPartOf\":{\"@id\":\"https:\\\/\\\/wein-werte.com\\\/de\\\/#website\"},\"primaryImageOfPage\":{\"@id\":\"https:\\\/\\\/wein-werte.com\\\/de\\\/produkt\\\/zind-humbrecht-riesling-brand-grand-cru-selection-de-grains-nobles-2006-375ml\\\/#primaryimage\"},\"image\":{\"@id\":\"https:\\\/\\\/wein-werte.com\\\/de\\\/produkt\\\/zind-humbrecht-riesling-brand-grand-cru-selection-de-grains-nobles-2006-375ml\\\/#primaryimage\"},\"thumbnailUrl\":\"https:\\\/\\\/wein-werte.com\\\/wp-content\\\/uploads\\\/2026\\\/04\\\/Zind-Humbrecht-Riesling-Brand-Grand-Cru-Selection-de-Grains-Nobles-2006-375ml-2.png\",\"datePublished\":\"2026-04-27T11:36:09+00:00\",\"description\":\"Kaufe Zind-Humbrecht Riesling Brand Grand Cru S\u00e9lection de Grains Nobles 2006 (Riesling, s\u00fc\u00df aus Elsass, Frankreich) bei Wein Werte, Ihrem nachhaltigen Onlineshop.\",\"breadcrumb\":{\"@id\":\"https:\\\/\\\/wein-werte.com\\\/de\\\/produkt\\\/zind-humbrecht-riesling-brand-grand-cru-selection-de-grains-nobles-2006-375ml\\\/#breadcrumb\"},\"inLanguage\":\"de\",\"potentialAction\":[{\"@type\":\"ReadAction\",\"target\":[\"https:\\\/\\\/wein-werte.com\\\/de\\\/produkt\\\/zind-humbrecht-riesling-brand-grand-cru-selection-de-grains-nobles-2006-375ml\\\/\"]}]},{\"@type\":\"ImageObject\",\"inLanguage\":\"de\",\"@id\":\"https:\\\/\\\/wein-werte.com\\\/de\\\/produkt\\\/zind-humbrecht-riesling-brand-grand-cru-selection-de-grains-nobles-2006-375ml\\\/#primaryimage\",\"url\":\"https:\\\/\\\/wein-werte.com\\\/wp-content\\\/uploads\\\/2026\\\/04\\\/Zind-Humbrecht-Riesling-Brand-Grand-Cru-Selection-de-Grains-Nobles-2006-375ml-2.png\",\"contentUrl\":\"https:\\\/\\\/wein-werte.com\\\/wp-content\\\/uploads\\\/2026\\\/04\\\/Zind-Humbrecht-Riesling-Brand-Grand-Cru-Selection-de-Grains-Nobles-2006-375ml-2.png\",\"width\":313,\"height\":1200},{\"@type\":\"BreadcrumbList\",\"@id\":\"https:\\\/\\\/wein-werte.com\\\/de\\\/produkt\\\/zind-humbrecht-riesling-brand-grand-cru-selection-de-grains-nobles-2006-375ml\\\/#breadcrumb\",\"itemListElement\":[{\"@type\":\"ListItem\",\"position\":1,\"name\":\"Home\",\"item\":\"https:\\\/\\\/wein-werte.com\\\/de\\\/\"},{\"@type\":\"ListItem\",\"position\":2,\"name\":\"Shop\",\"item\":\"https:\\\/\\\/wein-werte.com\\\/de\\\/shop\\\/\"},{\"@type\":\"ListItem\",\"position\":3,\"name\":\"Zind-Humbrecht | Elsass | Riesling Brand Grand Cru, S\u00e9lection de Grains Nobles | 2006 | 375ml\"}]},{\"@type\":\"WebSite\",\"@id\":\"https:\\\/\\\/wein-werte.com\\\/de\\\/#website\",\"url\":\"https:\\\/\\\/wein-werte.com\\\/de\\\/\",\"name\":\"Wein Werte\",\"description\":\"\",\"publisher\":{\"@id\":\"https:\\\/\\\/wein-werte.com\\\/de\\\/#organization\"},\"potentialAction\":[{\"@type\":\"SearchAction\",\"target\":{\"@type\":\"EntryPoint\",\"urlTemplate\":\"https:\\\/\\\/wein-werte.com\\\/de\\\/?s={search_term_string}\"},\"query-input\":{\"@type\":\"PropertyValueSpecification\",\"valueRequired\":true,\"valueName\":\"search_term_string\"}}],\"inLanguage\":\"de\"},{\"@type\":\"Organization\",\"@id\":\"https:\\\/\\\/wein-werte.com\\\/de\\\/#organization\",\"name\":\"Vins Fins Thorrold\",\"url\":\"https:\\\/\\\/wein-werte.com\\\/de\\\/\",\"logo\":{\"@type\":\"ImageObject\",\"inLanguage\":\"de\",\"@id\":\"https:\\\/\\\/wein-werte.com\\\/de\\\/#\\\/schema\\\/logo\\\/image\\\/\",\"url\":\"https:\\\/\\\/wein-werte.com\\\/wp-content\\\/uploads\\\/2023\\\/07\\\/Wein_werte_Logo700-1.png\",\"contentUrl\":\"https:\\\/\\\/wein-werte.com\\\/wp-content\\\/uploads\\\/2023\\\/07\\\/Wein_werte_Logo700-1.png\",\"width\":700,\"height\":272,\"caption\":\"Vins Fins Thorrold\"},\"image\":{\"@id\":\"https:\\\/\\\/wein-werte.com\\\/de\\\/#\\\/schema\\\/logo\\\/image\\\/\"}}]}<\/script>\n<!-- \/ Yoast SEO plugin. -->","yoast_head_json":{"title":"Zind-Humbrecht Riesling Brand Grand Cru S\u00e9lection de Grains Nobles 2006, 375ml","description":"Kaufe Zind-Humbrecht Riesling Brand Grand Cru S\u00e9lection de Grains Nobles 2006 (Riesling, s\u00fc\u00df aus Elsass, Frankreich) bei Wein Werte, Ihrem nachhaltigen Onlineshop.","robots":{"index":"index","follow":"follow","max-snippet":"max-snippet:-1","max-image-preview":"max-image-preview:large","max-video-preview":"max-video-preview:-1"},"canonical":"https:\/\/wein-werte.com\/de\/produkt\/zind-humbrecht-riesling-brand-grand-cru-selection-de-grains-nobles-2006-375ml\/","og_locale":"de_DE","og_type":"article","og_title":"Zind-Humbrecht Riesling Brand Grand Cru S\u00e9lection de Grains Nobles 2006, 375ml","og_description":"Kaufe Zind-Humbrecht Riesling Brand Grand Cru S\u00e9lection de Grains Nobles 2006 (Riesling, s\u00fc\u00df aus Elsass, Frankreich) bei Wein Werte, Ihrem nachhaltigen Onlineshop.","og_url":"https:\/\/wein-werte.com\/de\/produkt\/zind-humbrecht-riesling-brand-grand-cru-selection-de-grains-nobles-2006-375ml\/","og_site_name":"Wein Werte","og_image":[{"width":313,"height":1200,"url":"https:\/\/wein-werte.com\/wp-content\/uploads\/2026\/04\/Zind-Humbrecht-Riesling-Brand-Grand-Cru-Selection-de-Grains-Nobles-2006-375ml-2.png","type":"image\/png"}],"twitter_card":"summary_large_image","twitter_misc":{"Gesch\u00e4tzte Lesezeit":"6\u00a0Minuten"},"schema":{"@context":"https:\/\/schema.org","@graph":[{"@type":"WebPage","@id":"https:\/\/wein-werte.com\/de\/produkt\/zind-humbrecht-riesling-brand-grand-cru-selection-de-grains-nobles-2006-375ml\/","url":"https:\/\/wein-werte.com\/de\/produkt\/zind-humbrecht-riesling-brand-grand-cru-selection-de-grains-nobles-2006-375ml\/","name":"Zind-Humbrecht Riesling Brand Grand Cru S\u00e9lection de Grains Nobles 2006, 375ml","isPartOf":{"@id":"https:\/\/wein-werte.com\/de\/#website"},"primaryImageOfPage":{"@id":"https:\/\/wein-werte.com\/de\/produkt\/zind-humbrecht-riesling-brand-grand-cru-selection-de-grains-nobles-2006-375ml\/#primaryimage"},"image":{"@id":"https:\/\/wein-werte.com\/de\/produkt\/zind-humbrecht-riesling-brand-grand-cru-selection-de-grains-nobles-2006-375ml\/#primaryimage"},"thumbnailUrl":"https:\/\/wein-werte.com\/wp-content\/uploads\/2026\/04\/Zind-Humbrecht-Riesling-Brand-Grand-Cru-Selection-de-Grains-Nobles-2006-375ml-2.png","datePublished":"2026-04-27T11:36:09+00:00","description":"Kaufe Zind-Humbrecht Riesling Brand Grand Cru S\u00e9lection de Grains Nobles 2006 (Riesling, s\u00fc\u00df aus Elsass, Frankreich) bei Wein Werte, Ihrem nachhaltigen Onlineshop.","breadcrumb":{"@id":"https:\/\/wein-werte.com\/de\/produkt\/zind-humbrecht-riesling-brand-grand-cru-selection-de-grains-nobles-2006-375ml\/#breadcrumb"},"inLanguage":"de","potentialAction":[{"@type":"ReadAction","target":["https:\/\/wein-werte.com\/de\/produkt\/zind-humbrecht-riesling-brand-grand-cru-selection-de-grains-nobles-2006-375ml\/"]}]},{"@type":"ImageObject","inLanguage":"de","@id":"https:\/\/wein-werte.com\/de\/produkt\/zind-humbrecht-riesling-brand-grand-cru-selection-de-grains-nobles-2006-375ml\/#primaryimage","url":"https:\/\/wein-werte.com\/wp-content\/uploads\/2026\/04\/Zind-Humbrecht-Riesling-Brand-Grand-Cru-Selection-de-Grains-Nobles-2006-375ml-2.png","contentUrl":"https:\/\/wein-werte.com\/wp-content\/uploads\/2026\/04\/Zind-Humbrecht-Riesling-Brand-Grand-Cru-Selection-de-Grains-Nobles-2006-375ml-2.png","width":313,"height":1200},{"@type":"BreadcrumbList","@id":"https:\/\/wein-werte.com\/de\/produkt\/zind-humbrecht-riesling-brand-grand-cru-selection-de-grains-nobles-2006-375ml\/#breadcrumb","itemListElement":[{"@type":"ListItem","position":1,"name":"Home","item":"https:\/\/wein-werte.com\/de\/"},{"@type":"ListItem","position":2,"name":"Shop","item":"https:\/\/wein-werte.com\/de\/shop\/"},{"@type":"ListItem","position":3,"name":"Zind-Humbrecht | Elsass | Riesling Brand Grand Cru, S\u00e9lection de Grains Nobles | 2006 | 375ml"}]},{"@type":"WebSite","@id":"https:\/\/wein-werte.com\/de\/#website","url":"https:\/\/wein-werte.com\/de\/","name":"Wein Werte","description":"","publisher":{"@id":"https:\/\/wein-werte.com\/de\/#organization"},"potentialAction":[{"@type":"SearchAction","target":{"@type":"EntryPoint","urlTemplate":"https:\/\/wein-werte.com\/de\/?s={search_term_string}"},"query-input":{"@type":"PropertyValueSpecification","valueRequired":true,"valueName":"search_term_string"}}],"inLanguage":"de"},{"@type":"Organization","@id":"https:\/\/wein-werte.com\/de\/#organization","name":"Vins Fins Thorrold","url":"https:\/\/wein-werte.com\/de\/","logo":{"@type":"ImageObject","inLanguage":"de","@id":"https:\/\/wein-werte.com\/de\/#\/schema\/logo\/image\/","url":"https:\/\/wein-werte.com\/wp-content\/uploads\/2023\/07\/Wein_werte_Logo700-1.png","contentUrl":"https:\/\/wein-werte.com\/wp-content\/uploads\/2023\/07\/Wein_werte_Logo700-1.png","width":700,"height":272,"caption":"Vins Fins Thorrold"},"image":{"@id":"https:\/\/wein-werte.com\/de\/#\/schema\/logo\/image\/"}}]}},"_links":{"self":[{"href":"https:\/\/wein-werte.com\/de\/wp-json\/wp\/v2\/product\/1136564","targetHints":{"allow":["GET"]}}],"collection":[{"href":"https:\/\/wein-werte.com\/de\/wp-json\/wp\/v2\/product"}],"about":[{"href":"https:\/\/wein-werte.com\/de\/wp-json\/wp\/v2\/types\/product"}],"wp:featuredmedia":[{"embeddable":true,"href":"https:\/\/wein-werte.com\/de\/wp-json\/wp\/v2\/media\/1147579"}],"wp:attachment":[{"href":"https:\/\/wein-werte.com\/de\/wp-json\/wp\/v2\/media?parent=1136564"}],"wp:term":[{"taxonomy":"product_brand","embeddable":true,"href":"https:\/\/wein-werte.com\/de\/wp-json\/wp\/v2\/product_brand?post=1136564"},{"taxonomy":"product_cat","embeddable":true,"href":"https:\/\/wein-werte.com\/de\/wp-json\/wp\/v2\/product_cat?post=1136564"},{"taxonomy":"product_tag","embeddable":true,"href":"https:\/\/wein-werte.com\/de\/wp-json\/wp\/v2\/product_tag?post=1136564"}],"curies":[{"name":"wp","href":"https:\/\/api.w.org\/{rel}","templated":true}]}}