{"id":1136555,"date":"2026-04-27T13:36:08","date_gmt":"2026-04-27T11:36:08","guid":{"rendered":"https:\/\/wein-werte.com\/product\/zind-humbrecht-pinot-gris-clos-windsbuhl-trie-speciale-selection-de-grains-nobles-2005-375ml\/"},"modified":"2026-04-27T12:07:07","modified_gmt":"2026-04-27T10:07:07","slug":"zind-humbrecht-pinot-gris-clos-windsbuhl-trie-speciale-selection-de-grains-nobles-2005-375ml","status":"publish","type":"product","link":"https:\/\/wein-werte.com\/de\/produkt\/zind-humbrecht-pinot-gris-clos-windsbuhl-trie-speciale-selection-de-grains-nobles-2005-375ml\/","title":{"rendered":"Zind-Humbrecht | Elsass | Pinot Gris Clos Windsbuhl Trie Speciale, S\u00e9lection de Grains Nobles  | 2005 | 375ml"},"content":{"rendered":"<p>Produktbeschreibung f\u00fcr Zind-Humbrecht Pinot Gris Clos Windsbuhl Trie Speciale, S\u00e9lection de Grains Nobles  2005 <\/p>\n<h5>Farbe<\/h5>\n<p> Funkelndes Bernstein. <\/p>\n<h5>Nase<\/h5>\n<p>In der Nase vermittelt der 2005er Pinot Gris Clos Windsbuhl S\u00e9lection de Grains Nobles Trie Speciale den Duft von fl\u00fcssigem Waldhonig, Orangeat und gebrannten Mandeln. Schon vom Duft her bekommt man das Gef\u00fchl, ein Dessert im Glas anzutreffen. <\/p>\n<h5>Gaumen<\/h5>\n<p>Diesen Eindruck best\u00e4tigt der 2005er Pinot Gris Clos Windsbuhl S\u00e9lection de Grains Nobles Trie Speciale am Gaumen. Opulent, konzentriert und sehr geschmeidig rinnt diese Trockenbeerenauslese den Gaumen hinunter. Erfrischende Zitrusnoten im langen Nachhall verleihen dieser Opulenz Spiel und Facette; dies wird durch den niedrigen Alkohol noch angenehm unterstrichen.<\/p>\n<p>Copyright Vinaturel 2025<\/p>\n<p>Keywords: <a href=\"https:\/\/wein-werte.com\/de\/shop\/?swoof=1&#038;pa_producer=Zind-Humbrecht\">Zind-Humbrecht<\/a> <a href=\"https:\/\/wein-werte.com\/de\/shop\/?swoof=1&#038;woof_text=Pinot Gris Clos Windsbuhl Trie Speciale, S\u00e9lection de Grains Nobles \">Pinot Gris Clos Windsbuhl Trie Speciale, S\u00e9lection de Grains Nobles <\/a> 2005  <a href=\"https:\/\/wein-werte.com\/de\/shop\/?swoof=1&#038;pa_region=Elsass\">Elsass<\/a> <a href=\"https:\/\/wein-werte.com\/de\/shop\/?swoof=1&#038;pa_country=Frankreich\">Frankreich<\/a><\/p>\n<h3>Wine Advocate<\/h3>\n<p>Punkte: (96-98)<\/p>\n<p>Da der Wein bei weit \u00fcber 200 Grad Oechsle geerntet wurde, gab Humbrecht seinem (zum Zeitpunkt meiner Verkostung) noch g\u00e4renden Pinot Gris Clos Windsbuhl Selection de Grains Nobles Trie Speciale 2005 einen besonderen Namen. (Die Clos Jebsal SGNs von 1994 und 2002 trugen ebenfalls die Bezeichnung \u201eTrie Speciale\u201c.) Er geht davon aus, dass es noch mindestens ein weiteres Jahr dauern wird, bis er (gerade so) den gesetzlichen Weinstatus erreicht, sagt aber, dass er seit seiner Einf\u00fchrung stetig, wenn auch sehr langsam, g\u00e4rte. Mega-Mostgewichte und hohe Botrytis sind nicht das Markenzeichen von Clos Windsbuhl, und die Bedingungen m\u00fcssen genau richtig sein, sagt Humbrecht, um auch nur ann\u00e4hernd einen so intensiven Botrytisbefall zu erreichen. Dieser Wein pr\u00e4sentiert sowohl in der Nase als auch am Gaumen eine bemerkenswerte Darstellung klarer, intensiv konzentrierter und doch frischer Fr\u00fcchte \u2013 Pfirsich, Aprikose, Mandarine. Nur die schiere (tats\u00e4chlich fast gallertartige) Viskosit\u00e4t und das Apfel- und Quittengelee, Karamell und Honig, die sich allm\u00e4hlich seiner Flut anschlie\u00dfen \u2013 einer Flut, die eine ph\u00e4nomenale vielschichtige Tiefe aus frischen, getrockneten und gelierten Fr\u00fcchten hinterl\u00e4sst \u2013 verraten seine enorme Reife und vollst\u00e4ndige Botrytisierung. Eine unversch\u00e4mt helle Zitrusnote maskiert, was mit Sicherheit mindestens 350 Gramm Restzucker betragen wird. Dies entspricht bereits mindestens 98 von 100 auf einer Unwahrscheinlichkeitsskala und d\u00fcrfte in der Flasche nahezu zeitlos sein._x000D_ _x000D_ Olivier Humbrecht vergleicht seine 2004er mit 1992er. Dies waren die beiden ertragreichsten Jahrg\u00e4nge der letzten Zeit, die wirklich trockene Weine mit ziemlich hohem S\u00e4uregehalt hervorbrachten. Obwohl er den Jahrgang 2004 als fr\u00fcher als 2005 bezeichnete, erntete Humbrecht bis Anfang November weiter und betonte, dies sei nur seinen strengen, biodynamischen Weinbaupraktiken und den daraus resultierenden, allgemein gesunden Trauben zu verdanken. Humbrecht betont auch, dass er keine Botrytis gesucht habe, da der Regen Edelf\u00e4ule nahezu unm\u00f6glich machte. Doch manchmal scheint es tats\u00e4chlich so, als h\u00e4tte die Botrytis ihn gesucht! Ein Preis f\u00fcr seine langwierige Ernte war ein erh\u00f6hter Alkoholgehalt, den einige Weine meiner Meinung nach nur schwer verkraften konnten; auch der S\u00e4uregehalt erreichte gelegentlich extreme Werte. Insgesamt habe ich an dieser Adresse noch nie eine so gro\u00dfe Bandbreite an Qualit\u00e4t und so viele ungew\u00f6hnlich markante und manchmal geradezu undurchschaubare Weine verkostet wie die des Jahrgangs 2004. Das Jahr 2005, so Humbrecht, brachte reichlich Botrytis, insbesondere beim Pinot Gris, aber eine sp\u00e4tere Reife, wiederum mit beeindruckenden S\u00e4ure- und Extraktwerten dank des k\u00fchlen, gut bew\u00e4sserten Augusts. Fast alle Rieslingmoste wurden trocken vergoren. Humbrecht h\u00e4lt ihn f\u00fcr einen klassischen Jahrgang f\u00fcr (meist trocken schmeckenden) Gew\u00fcrztraminer. Und trotz der F\u00e4ulnis, die sich \u00fcber die Pinot-Gris-Weinberge legte, erm\u00f6glichten f\u00fcnf kalte, nahezu wolkenlose Tage eine geduldige und sorgf\u00e4ltige Traubenauswahl. Ein Beleg f\u00fcr die Reife und den hohen Weins\u00e4uregehalt dieser 2005er ist, dass zwar weit mehr als die H\u00e4lfte seiner Riesling- und Pinot-Gris-Chargen malolaktisch gereift sind, ein erfahrener Verkoster jedoch kaum feststellen kann, welche Sorte dies ist! \u201eH\u00e4tten wir den schwierigen Oktober 2004 auch im Jahr 2005 gehabt\u201c, sagt er, \u201ew\u00e4ren die meisten 2004er besser als die 2005er.\u201c Doch wie sich herausstellte \u2013 der Oktober 2005 war nach 2001 der zweitw\u00e4rmste im letzten Jahrzehnt \u2013 glaubt Humbrecht, dass sich diese beiden Sammlungen auf lange Sicht in ihrer Gesamtqualit\u00e4t als gleichwertig erweisen werden._x000D_ _x000D_ Importeur: The Sorting Table, Napa, CA; Tel. (415) 491-4724<br \/>David Schildknecht<\/p>\n<h3>Vinous<\/h3>\n<p>Punkte: 97-99<\/p>\n<p>(ca. 500 g\/l rs und 5 % Alkohol) Volles Orangengold. Kirsch-Mandel, Orangenlik\u00f6r und exotische Gew\u00fcrze in der Nase. Eine Laune der Natur, und doch schmeckt er irgendwie nach Pinot Gris, mit dominierenden Orangen\u00f6l- und Gew\u00fcrznoten. Die unglaubliche S\u00e4ure hebt ihn aus der Kategorie \u201eschockierend intensiv\u201c und \u00fcberwindet die Schmerzgrenze. Er bietet eine unm\u00f6gliche Mischung aus Festigkeit und S\u00fc\u00dfe einerseits und belebender S\u00e4ure andererseits. Wie bewertet man ihn? \u2013 Stephen Tanzer<br \/>Trinkfenster: <br \/>Bewertungsdatum: November 2008<\/p>\n<p>Internetseite des Weinguts: <a href=\"http:\/\/www.zindhumbrecht.fr\/\" target=\"_blank\">http:\/\/www.zindhumbrecht.fr\/<\/a><\/p>\n","protected":false},"excerpt":{"rendered":"<p>Lieferzeit: 1 bis 2 Arbeitstage (DE), 2 bis 5 Arbeitstage (EU and CH)<\/p>\n","protected":false},"featured_media":1147639,"template":"","meta":[],"product_brand":[],"product_cat":[19],"product_tag":[],"class_list":{"0":"post-1136555","1":"product","2":"type-product","3":"status-publish","4":"has-post-thumbnail","6":"product_cat-unkategorisiert","7":"pa_alcohol-for-filter-6-5","8":"pa_certified-biodynamic-nein-de","9":"pa_certified-organic-nein-de","10":"pa_colour-weiss","11":"pa_country-frankreich","12":"pa_grape-pinot-gris-grauburgunder","13":"pa_parker-points-for-filter-96-de-2","14":"pa_price-for-filter-10684","15":"pa_producer-zind-humbrecht","16":"pa_region-elsass","17":"pa_size-ml-6721","18":"pa_sweetness-suess-de","19":"pa_type-2-still-de","20":"pa_vinous-points-for-filter-20039","21":"pa_vintage-2005-de","22":"entry","23":"has-media","25":"first","26":"instock","27":"taxable","28":"shipping-taxable","29":"purchasable","30":"product-type-simple"},"yoast_head":"<!-- This site is optimized with the Yoast SEO plugin v27.5 - https:\/\/yoast.com\/product\/yoast-seo-wordpress\/ -->\n<title>Zind-Humbrecht Pinot Gris Clos Windsbuhl Trie Speciale S\u00e9lection de Grains Nobles 2005, 375ml<\/title>\n<meta name=\"description\" content=\"Kaufe Zind-Humbrecht Pinot Gris Clos Windsbuhl Trie Speciale S\u00e9lection de Grains Nobles 2005 (Pinot Gris, s\u00fc\u00df aus Elsass, Frankreich) bei Wein Werte, Ihrem nachhaltigen Onlineshop.\" \/>\n<meta name=\"robots\" content=\"index, follow, max-snippet:-1, max-image-preview:large, max-video-preview:-1\" \/>\n<link rel=\"canonical\" href=\"https:\/\/wein-werte.com\/de\/produkt\/zind-humbrecht-pinot-gris-clos-windsbuhl-trie-speciale-selection-de-grains-nobles-2005-375ml\/\" \/>\n<meta property=\"og:locale\" content=\"de_DE\" \/>\n<meta property=\"og:type\" content=\"article\" \/>\n<meta property=\"og:title\" content=\"Zind-Humbrecht Pinot Gris Clos Windsbuhl Trie Speciale S\u00e9lection de Grains Nobles 2005, 375ml\" \/>\n<meta property=\"og:description\" content=\"Kaufe Zind-Humbrecht Pinot Gris Clos Windsbuhl Trie Speciale S\u00e9lection de Grains Nobles 2005 (Pinot Gris, s\u00fc\u00df aus Elsass, Frankreich) bei Wein Werte, Ihrem nachhaltigen Onlineshop.\" \/>\n<meta property=\"og:url\" content=\"https:\/\/wein-werte.com\/de\/produkt\/zind-humbrecht-pinot-gris-clos-windsbuhl-trie-speciale-selection-de-grains-nobles-2005-375ml\/\" \/>\n<meta property=\"og:site_name\" content=\"Wein Werte\" \/>\n<meta property=\"og:image\" content=\"https:\/\/wein-werte.com\/wp-content\/uploads\/2026\/04\/Zind-Humbrecht-Pinot-Gris-Clos-Windsbuhl-Trie-Speciale-Selection-de-Grains-Nobles-2005-375-ml.png\" \/>\n\t<meta property=\"og:image:width\" content=\"103\" \/>\n\t<meta property=\"og:image:height\" content=\"413\" \/>\n\t<meta property=\"og:image:type\" content=\"image\/png\" \/>\n<meta name=\"twitter:card\" content=\"summary_large_image\" \/>\n<meta name=\"twitter:label1\" content=\"Gesch\u00e4tzte Lesezeit\" \/>\n\t<meta name=\"twitter:data1\" content=\"4\u00a0Minuten\" \/>\n<script type=\"application\/ld+json\" class=\"yoast-schema-graph\">{\"@context\":\"https:\\\/\\\/schema.org\",\"@graph\":[{\"@type\":\"WebPage\",\"@id\":\"https:\\\/\\\/wein-werte.com\\\/de\\\/produkt\\\/zind-humbrecht-pinot-gris-clos-windsbuhl-trie-speciale-selection-de-grains-nobles-2005-375ml\\\/\",\"url\":\"https:\\\/\\\/wein-werte.com\\\/de\\\/produkt\\\/zind-humbrecht-pinot-gris-clos-windsbuhl-trie-speciale-selection-de-grains-nobles-2005-375ml\\\/\",\"name\":\"Zind-Humbrecht Pinot Gris Clos Windsbuhl Trie Speciale S\u00e9lection de Grains Nobles 2005, 375ml\",\"isPartOf\":{\"@id\":\"https:\\\/\\\/wein-werte.com\\\/de\\\/#website\"},\"primaryImageOfPage\":{\"@id\":\"https:\\\/\\\/wein-werte.com\\\/de\\\/produkt\\\/zind-humbrecht-pinot-gris-clos-windsbuhl-trie-speciale-selection-de-grains-nobles-2005-375ml\\\/#primaryimage\"},\"image\":{\"@id\":\"https:\\\/\\\/wein-werte.com\\\/de\\\/produkt\\\/zind-humbrecht-pinot-gris-clos-windsbuhl-trie-speciale-selection-de-grains-nobles-2005-375ml\\\/#primaryimage\"},\"thumbnailUrl\":\"https:\\\/\\\/wein-werte.com\\\/wp-content\\\/uploads\\\/2026\\\/04\\\/Zind-Humbrecht-Pinot-Gris-Clos-Windsbuhl-Trie-Speciale-Selection-de-Grains-Nobles-2005-375-ml.png\",\"datePublished\":\"2026-04-27T11:36:08+00:00\",\"description\":\"Kaufe Zind-Humbrecht Pinot Gris Clos Windsbuhl Trie Speciale S\u00e9lection de Grains Nobles 2005 (Pinot Gris, s\u00fc\u00df aus Elsass, Frankreich) bei Wein Werte, Ihrem nachhaltigen Onlineshop.\",\"breadcrumb\":{\"@id\":\"https:\\\/\\\/wein-werte.com\\\/de\\\/produkt\\\/zind-humbrecht-pinot-gris-clos-windsbuhl-trie-speciale-selection-de-grains-nobles-2005-375ml\\\/#breadcrumb\"},\"inLanguage\":\"de\",\"potentialAction\":[{\"@type\":\"ReadAction\",\"target\":[\"https:\\\/\\\/wein-werte.com\\\/de\\\/produkt\\\/zind-humbrecht-pinot-gris-clos-windsbuhl-trie-speciale-selection-de-grains-nobles-2005-375ml\\\/\"]}]},{\"@type\":\"ImageObject\",\"inLanguage\":\"de\",\"@id\":\"https:\\\/\\\/wein-werte.com\\\/de\\\/produkt\\\/zind-humbrecht-pinot-gris-clos-windsbuhl-trie-speciale-selection-de-grains-nobles-2005-375ml\\\/#primaryimage\",\"url\":\"https:\\\/\\\/wein-werte.com\\\/wp-content\\\/uploads\\\/2026\\\/04\\\/Zind-Humbrecht-Pinot-Gris-Clos-Windsbuhl-Trie-Speciale-Selection-de-Grains-Nobles-2005-375-ml.png\",\"contentUrl\":\"https:\\\/\\\/wein-werte.com\\\/wp-content\\\/uploads\\\/2026\\\/04\\\/Zind-Humbrecht-Pinot-Gris-Clos-Windsbuhl-Trie-Speciale-Selection-de-Grains-Nobles-2005-375-ml.png\",\"width\":103,\"height\":413},{\"@type\":\"BreadcrumbList\",\"@id\":\"https:\\\/\\\/wein-werte.com\\\/de\\\/produkt\\\/zind-humbrecht-pinot-gris-clos-windsbuhl-trie-speciale-selection-de-grains-nobles-2005-375ml\\\/#breadcrumb\",\"itemListElement\":[{\"@type\":\"ListItem\",\"position\":1,\"name\":\"Home\",\"item\":\"https:\\\/\\\/wein-werte.com\\\/de\\\/\"},{\"@type\":\"ListItem\",\"position\":2,\"name\":\"Shop\",\"item\":\"https:\\\/\\\/wein-werte.com\\\/de\\\/shop\\\/\"},{\"@type\":\"ListItem\",\"position\":3,\"name\":\"Zind-Humbrecht | Elsass | Pinot Gris Clos Windsbuhl Trie Speciale, S\u00e9lection de Grains Nobles | 2005 | 375ml\"}]},{\"@type\":\"WebSite\",\"@id\":\"https:\\\/\\\/wein-werte.com\\\/de\\\/#website\",\"url\":\"https:\\\/\\\/wein-werte.com\\\/de\\\/\",\"name\":\"Wein Werte\",\"description\":\"\",\"publisher\":{\"@id\":\"https:\\\/\\\/wein-werte.com\\\/de\\\/#organization\"},\"potentialAction\":[{\"@type\":\"SearchAction\",\"target\":{\"@type\":\"EntryPoint\",\"urlTemplate\":\"https:\\\/\\\/wein-werte.com\\\/de\\\/?s={search_term_string}\"},\"query-input\":{\"@type\":\"PropertyValueSpecification\",\"valueRequired\":true,\"valueName\":\"search_term_string\"}}],\"inLanguage\":\"de\"},{\"@type\":\"Organization\",\"@id\":\"https:\\\/\\\/wein-werte.com\\\/de\\\/#organization\",\"name\":\"Vins Fins Thorrold\",\"url\":\"https:\\\/\\\/wein-werte.com\\\/de\\\/\",\"logo\":{\"@type\":\"ImageObject\",\"inLanguage\":\"de\",\"@id\":\"https:\\\/\\\/wein-werte.com\\\/de\\\/#\\\/schema\\\/logo\\\/image\\\/\",\"url\":\"https:\\\/\\\/wein-werte.com\\\/wp-content\\\/uploads\\\/2023\\\/07\\\/Wein_werte_Logo700-1.png\",\"contentUrl\":\"https:\\\/\\\/wein-werte.com\\\/wp-content\\\/uploads\\\/2023\\\/07\\\/Wein_werte_Logo700-1.png\",\"width\":700,\"height\":272,\"caption\":\"Vins Fins Thorrold\"},\"image\":{\"@id\":\"https:\\\/\\\/wein-werte.com\\\/de\\\/#\\\/schema\\\/logo\\\/image\\\/\"}}]}<\/script>\n<!-- \/ Yoast SEO plugin. -->","yoast_head_json":{"title":"Zind-Humbrecht Pinot Gris Clos Windsbuhl Trie Speciale S\u00e9lection de Grains Nobles 2005, 375ml","description":"Kaufe Zind-Humbrecht Pinot Gris Clos Windsbuhl Trie Speciale S\u00e9lection de Grains Nobles 2005 (Pinot Gris, s\u00fc\u00df aus Elsass, Frankreich) bei Wein Werte, Ihrem nachhaltigen Onlineshop.","robots":{"index":"index","follow":"follow","max-snippet":"max-snippet:-1","max-image-preview":"max-image-preview:large","max-video-preview":"max-video-preview:-1"},"canonical":"https:\/\/wein-werte.com\/de\/produkt\/zind-humbrecht-pinot-gris-clos-windsbuhl-trie-speciale-selection-de-grains-nobles-2005-375ml\/","og_locale":"de_DE","og_type":"article","og_title":"Zind-Humbrecht Pinot Gris Clos Windsbuhl Trie Speciale S\u00e9lection de Grains Nobles 2005, 375ml","og_description":"Kaufe Zind-Humbrecht Pinot Gris Clos Windsbuhl Trie Speciale S\u00e9lection de Grains Nobles 2005 (Pinot Gris, s\u00fc\u00df aus Elsass, Frankreich) bei Wein Werte, Ihrem nachhaltigen Onlineshop.","og_url":"https:\/\/wein-werte.com\/de\/produkt\/zind-humbrecht-pinot-gris-clos-windsbuhl-trie-speciale-selection-de-grains-nobles-2005-375ml\/","og_site_name":"Wein Werte","og_image":[{"width":103,"height":413,"url":"https:\/\/wein-werte.com\/wp-content\/uploads\/2026\/04\/Zind-Humbrecht-Pinot-Gris-Clos-Windsbuhl-Trie-Speciale-Selection-de-Grains-Nobles-2005-375-ml.png","type":"image\/png"}],"twitter_card":"summary_large_image","twitter_misc":{"Gesch\u00e4tzte Lesezeit":"4\u00a0Minuten"},"schema":{"@context":"https:\/\/schema.org","@graph":[{"@type":"WebPage","@id":"https:\/\/wein-werte.com\/de\/produkt\/zind-humbrecht-pinot-gris-clos-windsbuhl-trie-speciale-selection-de-grains-nobles-2005-375ml\/","url":"https:\/\/wein-werte.com\/de\/produkt\/zind-humbrecht-pinot-gris-clos-windsbuhl-trie-speciale-selection-de-grains-nobles-2005-375ml\/","name":"Zind-Humbrecht Pinot Gris Clos Windsbuhl Trie Speciale S\u00e9lection de Grains Nobles 2005, 375ml","isPartOf":{"@id":"https:\/\/wein-werte.com\/de\/#website"},"primaryImageOfPage":{"@id":"https:\/\/wein-werte.com\/de\/produkt\/zind-humbrecht-pinot-gris-clos-windsbuhl-trie-speciale-selection-de-grains-nobles-2005-375ml\/#primaryimage"},"image":{"@id":"https:\/\/wein-werte.com\/de\/produkt\/zind-humbrecht-pinot-gris-clos-windsbuhl-trie-speciale-selection-de-grains-nobles-2005-375ml\/#primaryimage"},"thumbnailUrl":"https:\/\/wein-werte.com\/wp-content\/uploads\/2026\/04\/Zind-Humbrecht-Pinot-Gris-Clos-Windsbuhl-Trie-Speciale-Selection-de-Grains-Nobles-2005-375-ml.png","datePublished":"2026-04-27T11:36:08+00:00","description":"Kaufe Zind-Humbrecht Pinot Gris Clos Windsbuhl Trie Speciale S\u00e9lection de Grains Nobles 2005 (Pinot Gris, s\u00fc\u00df aus Elsass, Frankreich) bei Wein Werte, Ihrem nachhaltigen Onlineshop.","breadcrumb":{"@id":"https:\/\/wein-werte.com\/de\/produkt\/zind-humbrecht-pinot-gris-clos-windsbuhl-trie-speciale-selection-de-grains-nobles-2005-375ml\/#breadcrumb"},"inLanguage":"de","potentialAction":[{"@type":"ReadAction","target":["https:\/\/wein-werte.com\/de\/produkt\/zind-humbrecht-pinot-gris-clos-windsbuhl-trie-speciale-selection-de-grains-nobles-2005-375ml\/"]}]},{"@type":"ImageObject","inLanguage":"de","@id":"https:\/\/wein-werte.com\/de\/produkt\/zind-humbrecht-pinot-gris-clos-windsbuhl-trie-speciale-selection-de-grains-nobles-2005-375ml\/#primaryimage","url":"https:\/\/wein-werte.com\/wp-content\/uploads\/2026\/04\/Zind-Humbrecht-Pinot-Gris-Clos-Windsbuhl-Trie-Speciale-Selection-de-Grains-Nobles-2005-375-ml.png","contentUrl":"https:\/\/wein-werte.com\/wp-content\/uploads\/2026\/04\/Zind-Humbrecht-Pinot-Gris-Clos-Windsbuhl-Trie-Speciale-Selection-de-Grains-Nobles-2005-375-ml.png","width":103,"height":413},{"@type":"BreadcrumbList","@id":"https:\/\/wein-werte.com\/de\/produkt\/zind-humbrecht-pinot-gris-clos-windsbuhl-trie-speciale-selection-de-grains-nobles-2005-375ml\/#breadcrumb","itemListElement":[{"@type":"ListItem","position":1,"name":"Home","item":"https:\/\/wein-werte.com\/de\/"},{"@type":"ListItem","position":2,"name":"Shop","item":"https:\/\/wein-werte.com\/de\/shop\/"},{"@type":"ListItem","position":3,"name":"Zind-Humbrecht | Elsass | Pinot Gris Clos Windsbuhl Trie Speciale, S\u00e9lection de Grains Nobles | 2005 | 375ml"}]},{"@type":"WebSite","@id":"https:\/\/wein-werte.com\/de\/#website","url":"https:\/\/wein-werte.com\/de\/","name":"Wein Werte","description":"","publisher":{"@id":"https:\/\/wein-werte.com\/de\/#organization"},"potentialAction":[{"@type":"SearchAction","target":{"@type":"EntryPoint","urlTemplate":"https:\/\/wein-werte.com\/de\/?s={search_term_string}"},"query-input":{"@type":"PropertyValueSpecification","valueRequired":true,"valueName":"search_term_string"}}],"inLanguage":"de"},{"@type":"Organization","@id":"https:\/\/wein-werte.com\/de\/#organization","name":"Vins Fins Thorrold","url":"https:\/\/wein-werte.com\/de\/","logo":{"@type":"ImageObject","inLanguage":"de","@id":"https:\/\/wein-werte.com\/de\/#\/schema\/logo\/image\/","url":"https:\/\/wein-werte.com\/wp-content\/uploads\/2023\/07\/Wein_werte_Logo700-1.png","contentUrl":"https:\/\/wein-werte.com\/wp-content\/uploads\/2023\/07\/Wein_werte_Logo700-1.png","width":700,"height":272,"caption":"Vins Fins Thorrold"},"image":{"@id":"https:\/\/wein-werte.com\/de\/#\/schema\/logo\/image\/"}}]}},"_links":{"self":[{"href":"https:\/\/wein-werte.com\/de\/wp-json\/wp\/v2\/product\/1136555","targetHints":{"allow":["GET"]}}],"collection":[{"href":"https:\/\/wein-werte.com\/de\/wp-json\/wp\/v2\/product"}],"about":[{"href":"https:\/\/wein-werte.com\/de\/wp-json\/wp\/v2\/types\/product"}],"wp:featuredmedia":[{"embeddable":true,"href":"https:\/\/wein-werte.com\/de\/wp-json\/wp\/v2\/media\/1147639"}],"wp:attachment":[{"href":"https:\/\/wein-werte.com\/de\/wp-json\/wp\/v2\/media?parent=1136555"}],"wp:term":[{"taxonomy":"product_brand","embeddable":true,"href":"https:\/\/wein-werte.com\/de\/wp-json\/wp\/v2\/product_brand?post=1136555"},{"taxonomy":"product_cat","embeddable":true,"href":"https:\/\/wein-werte.com\/de\/wp-json\/wp\/v2\/product_cat?post=1136555"},{"taxonomy":"product_tag","embeddable":true,"href":"https:\/\/wein-werte.com\/de\/wp-json\/wp\/v2\/product_tag?post=1136555"}],"curies":[{"name":"wp","href":"https:\/\/api.w.org\/{rel}","templated":true}]}}