{"id":1136549,"date":"2026-04-27T13:36:08","date_gmt":"2026-04-27T11:36:08","guid":{"rendered":"https:\/\/wein-werte.com\/product\/zind-humbrecht-pinot-gris-heimbourg-selection-de-grains-nobles-2005-375ml\/"},"modified":"2026-04-27T12:07:06","modified_gmt":"2026-04-27T10:07:06","slug":"zind-humbrecht-pinot-gris-heimbourg-selection-de-grains-nobles-2005-375ml","status":"publish","type":"product","link":"https:\/\/wein-werte.com\/de\/produkt\/zind-humbrecht-pinot-gris-heimbourg-selection-de-grains-nobles-2005-375ml\/","title":{"rendered":"Zind-Humbrecht | Elsass | Pinot Gris Heimbourg, S\u00e9lection de Grains Nobles  | 2005 | 375ml"},"content":{"rendered":"<p>Produktbeschreibung f\u00fcr Zind-Humbrecht Pinot Gris Heimbourg, S\u00e9lection de Grains Nobles  2005 <\/p>\n<h5>Farbe<\/h5>\n<p>Funkelndes Bernstein. <\/p>\n<h5>Nase<\/h5>\n<p>Die Nase des 2005er Pinot Gris Heimbourg S\u00e9lection de Grains Nobles pr\u00e4sentiert sich w\u00fcrzig und s\u00fc\u00df zugleich. Aromen von getrockneten Fr\u00fcchten, Honig und Harz vermischen sich mit wei\u00dfem Pfeffer, Galgant und Kardamom; zarte Ankl\u00e4nge von Zedernholz und Tabakkiste sind ebenfalls zu erkennen. <\/p>\n<h5>Gaumen<\/h5>\n<p>Auch am Gaumen bietet der 2005er Pinot Gris Heimbourg S\u00e9lection de Grains Nobles ein sch\u00f6nes Wechselspiel zwischen konzentrierter S\u00fc\u00dfe und pikanter W\u00fcrze. Herzhafte Speisen und Desserts mit s\u00fc\u00dflichen Einschl\u00e4gen stehen ihm hervorragend zu Gesicht. Der nach Westen gerichtete Weinberg Heimbourg genie\u00dft ideale Bedingungen f\u00fcr die Entwicklung von Edelf\u00e4ule (botrytis), was sich im Jahr 2005 ganz besonders zeigte. Der daraus hervorgegangene Pinot Gris 2005 SGN zeigt ausgesprochen intensive D\u00fcfte nach Edelf\u00e4ule, Bienenwachs, Honig und Harz. Der Gaumen pr\u00e4sentiert Aromen von Aprikose und wei\u00dfen Fr\u00fcchten und die herrliche S\u00fc\u00dfe des hohen Restzuckers wird durch den Alkoholgehalt harmonisch ausbalanciert. Der Abgang ist lang anhaltend. Eine delikate Trockenbeerenauslese mit einen au\u00dfergew\u00f6hnlichem Lagerpotential.<\/p>\n<p>Copyright Vinaturel 2025<\/p>\n<p>Keywords: <a href=\"https:\/\/wein-werte.com\/de\/shop\/?swoof=1&#038;pa_producer=Zind-Humbrecht\">Zind-Humbrecht<\/a> <a href=\"https:\/\/wein-werte.com\/de\/shop\/?swoof=1&#038;woof_text=Pinot Gris Heimbourg, S\u00e9lection de Grains Nobles \">Pinot Gris Heimbourg, S\u00e9lection de Grains Nobles <\/a> 2005  <a href=\"https:\/\/wein-werte.com\/de\/shop\/?swoof=1&#038;pa_region=Elsass\">Elsass<\/a> <a href=\"https:\/\/wein-werte.com\/de\/shop\/?swoof=1&#038;pa_country=Frankreich\">Frankreich<\/a><\/p>\n<h3>Wine Advocate<\/h3>\n<p>Punkte: 97<\/p>\n<p>Wenn die Trauben rasch von Botrytis befallen werden, so Humbrecht, wie es bei denen des 2005 Pinot Gris Heimbourg Selection de Grains Nobles der Fall war, ist der veredelnde Effekt umso konzentrierter und dramatischer. Und wenn zu den Botrytis-Effekten noch eine hohe S\u00e4ure hinzukommt \u2013 wie auch hier \u2013 haben die Hefen selten eine Chance, bei der G\u00e4rung sehr weit zu kommen (in diesem Fall 10 % Alkohol) und selbst eine enorme Menge Restzucker (hier 219 Gramm) wirkt nicht zu s\u00fc\u00dflich. Eine absolut \u00e4therische Konzentration aus reinem Botrytisin, Honig, Aprikosennektar, Litschi, wei\u00dfen Rosinen und Zimt in der Nase gibt den Ton an f\u00fcr diesen erstaunlich reichen, buttrigen und dennoch spritzigen und geradezu belebenden Wein. Lakritze, Vanille und salzige, kalkige Mineralf\u00e4den schl\u00e4ngeln sich in den ohnehin schon komplexen und \u00fcppigen Aromenteppich und sorgen f\u00fcr einen Abgang von erstaunlicher Leichtigkeit und Raffinesse. Dieser au\u00dfergew\u00f6hnliche Wein wird Sie mindestens drei Jahrzehnte im Keller belohnen._x000D_ _x000D_ Olivier Humbrecht vergleicht seine 2004er mit denen von 1992. Dies waren die beiden ertragreichsten Jahrg\u00e4nge der letzten Zeit, sie brachten wirklich trockene Weine mit recht hohem S\u00e4uregehalt hervor. Obwohl er den 2004er als fr\u00fcher als den 2005er bezeichnete, erntete Humbrecht bis Anfang November weiter und betonte, dies sei nur seinen stringenten biodynamischen Weinbaupraktiken und den daraus resultierenden insgesamt gesunden Fr\u00fcchten zu verdanken gewesen. Humbrecht betont auch, er habe es nicht auf Botrytis abgesehen, da der Regen Edelf\u00e4ule nahezu unm\u00f6glich gemacht habe. Manchmal scheint es jedoch tats\u00e4chlich so, als h\u00e4tte die Botrytis ihn aufgesp\u00fcrt! Ein Preis f\u00fcr seine langwierige Ernte war der erh\u00f6hte Alkoholgehalt, den einige Weine meines Erachtens nur schwer mit W\u00fcrde vertragen; und auch der S\u00e4uregehalt erreichte gelegentlich Extreme. Insgesamt habe ich an dieser Adresse noch nie eine so gro\u00dfe Qualit\u00e4tsvielfalt und so viele ungew\u00f6hnlich markante und manchmal geradezu undurchschaubare Weine verkostet wie die des Jahrgangs 2004. 2005, so Humbrecht, brachte reichlich Botrytis, insbesondere beim Grauburgunder, aber sp\u00e4tere Reife mit sich, wiederum mit beeindruckenden S\u00e4ure- und Extraktwerten dank des k\u00fchlen, wasserreichen Augusts. Fast alle Rieslingmoste wurden trocken vergoren. Humbrecht h\u00e4lt ihn f\u00fcr einen klassischen Jahrgang f\u00fcr (meist trocken schmeckenden) Gew\u00fcrztraminer. Und trotz der F\u00e4ulnisdecke, die sich \u00fcber die Grauburgunder-Weinberge legte, erm\u00f6glichten f\u00fcnf kalte, nahezu wolkenlose Tage eine geduldige und sorgf\u00e4ltige Traubenselektion. Ein Beleg f\u00fcr die Reife und den hohen Weins\u00e4uregehalt dieser 2005er ist, dass zwar weit \u00fcber die H\u00e4lfte seiner Riesling- und Grauburgunder-Chargen malolaktisch vergoren wurden, ein erfahrener Verkoster aber kaum herausfinden d\u00fcrfte, welche Sorte die richtige war! \u201eH\u00e4tten wir den schwierigen Oktober 2004 auch im Jahr 2005 gehabt\u201c, sagt er, \u201ew\u00e4re der Gro\u00dfteil der 2004er besser als der 2005er.\u201c Doch wie sich herausstellte \u2013 der Oktober 2005 war nach 2001 der zweitw\u00e4rmste im letzten Jahrzehnt \u2013 glaubt Humbrecht, dass sich diese beiden Kollektionen auf lange Sicht in ihrer Gesamtqualit\u00e4t als ebenb\u00fcrtig erweisen werden._x000D_ _x000D_ Importeur: The Sorting Table, Napa, CA; Tel. (415) 491-4724<br \/>David Schildknecht<\/p>\n<h3>Vinous<\/h3>\n<p>Punkte: 96<\/p>\n<p>(aus Trauben mit 155\u00b0 Oechsle) Mittleres Gold. Kr\u00e4ftige, \u00e4u\u00dferst lebendige Aromen von Aprikosenlik\u00f6r und Honig. Spektakul\u00e4r spritzig und reichhaltig, verbindet er nektarartige Steinobst- und Honigaromen mit salzigen Erdt\u00f6nen. Eine klassische, edel-herbe Kombination aus hohem Zuckergehalt (tats\u00e4chlich \u00fcber 200 g\/l rs) und belebender S\u00e4ure. Im Abgang mit gaumenf\u00fcllender L\u00e4nge und viel Schwung. \u2013 Stephen Tanzer<br \/>Trinkfenster: <br \/>Bewertungsdatum: Juli 2007<\/p>\n<p>Internetseite des Weinguts: <a href=\"http:\/\/www.zindhumbrecht.fr\/\" target=\"_blank\">http:\/\/www.zindhumbrecht.fr\/<\/a><\/p>\n","protected":false},"excerpt":{"rendered":"<p>Lieferzeit: 1 bis 2 Arbeitstage (DE), 2 bis 5 Arbeitstage (EU and CH)<\/p>\n","protected":false},"featured_media":1146254,"template":"","meta":[],"product_brand":[],"product_cat":[19],"product_tag":[],"class_list":{"0":"post-1136549","1":"product","2":"type-product","3":"status-publish","4":"has-post-thumbnail","6":"product_cat-unkategorisiert","7":"pa_alcohol-for-filter-12902","8":"pa_certified-biodynamic-nein-de","9":"pa_certified-organic-nein-de","10":"pa_colour-weiss","11":"pa_country-frankreich","12":"pa_grape-pinot-gris-grauburgunder","13":"pa_parker-points-for-filter-97-de-2","14":"pa_price-for-filter-10685","15":"pa_producer-zind-humbrecht","16":"pa_region-elsass","17":"pa_size-ml-6721","18":"pa_sweetness-suess-de","19":"pa_type-2-still-de","20":"pa_vinous-points-for-filter-20037","21":"pa_vintage-2005-de","22":"entry","23":"has-media","25":"first","26":"instock","27":"taxable","28":"shipping-taxable","29":"purchasable","30":"product-type-simple"},"yoast_head":"<!-- This site is optimized with the Yoast SEO plugin v27.5 - https:\/\/yoast.com\/product\/yoast-seo-wordpress\/ -->\n<title>Zind-Humbrecht Pinot Gris Heimbourg S\u00e9lection de Grains Nobles 2005, 375ml<\/title>\n<meta name=\"description\" content=\"Kaufe Zind-Humbrecht Pinot Gris Heimbourg S\u00e9lection de Grains Nobles 2005 (Pinot Gris, s\u00fc\u00df aus Elsass, Frankreich) bei Wein Werte, Ihrem nachhaltigen Onlineshop.\" \/>\n<meta name=\"robots\" content=\"index, follow, max-snippet:-1, max-image-preview:large, max-video-preview:-1\" \/>\n<link rel=\"canonical\" href=\"https:\/\/wein-werte.com\/de\/produkt\/zind-humbrecht-pinot-gris-heimbourg-selection-de-grains-nobles-2005-375ml\/\" \/>\n<meta property=\"og:locale\" content=\"de_DE\" \/>\n<meta property=\"og:type\" content=\"article\" \/>\n<meta property=\"og:title\" content=\"Zind-Humbrecht Pinot Gris Heimbourg S\u00e9lection de Grains Nobles 2005, 375ml\" \/>\n<meta property=\"og:description\" content=\"Kaufe Zind-Humbrecht Pinot Gris Heimbourg S\u00e9lection de Grains Nobles 2005 (Pinot Gris, s\u00fc\u00df aus Elsass, Frankreich) bei Wein Werte, Ihrem nachhaltigen Onlineshop.\" \/>\n<meta property=\"og:url\" content=\"https:\/\/wein-werte.com\/de\/produkt\/zind-humbrecht-pinot-gris-heimbourg-selection-de-grains-nobles-2005-375ml\/\" \/>\n<meta property=\"og:site_name\" content=\"Wein Werte\" \/>\n<meta property=\"og:image\" content=\"https:\/\/wein-werte.com\/wp-content\/uploads\/2026\/04\/Zind-Humbrecht-Pinot-Gris-Heimbourg-Selection-de-Grains-Nobles-2005-375ml.png\" \/>\n\t<meta property=\"og:image:width\" content=\"273\" \/>\n\t<meta property=\"og:image:height\" content=\"1200\" \/>\n\t<meta property=\"og:image:type\" content=\"image\/png\" \/>\n<meta name=\"twitter:card\" content=\"summary_large_image\" \/>\n<meta name=\"twitter:label1\" content=\"Gesch\u00e4tzte Lesezeit\" \/>\n\t<meta name=\"twitter:data1\" content=\"4\u00a0Minuten\" \/>\n<script type=\"application\/ld+json\" class=\"yoast-schema-graph\">{\"@context\":\"https:\\\/\\\/schema.org\",\"@graph\":[{\"@type\":\"WebPage\",\"@id\":\"https:\\\/\\\/wein-werte.com\\\/de\\\/produkt\\\/zind-humbrecht-pinot-gris-heimbourg-selection-de-grains-nobles-2005-375ml\\\/\",\"url\":\"https:\\\/\\\/wein-werte.com\\\/de\\\/produkt\\\/zind-humbrecht-pinot-gris-heimbourg-selection-de-grains-nobles-2005-375ml\\\/\",\"name\":\"Zind-Humbrecht Pinot Gris Heimbourg S\u00e9lection de Grains Nobles 2005, 375ml\",\"isPartOf\":{\"@id\":\"https:\\\/\\\/wein-werte.com\\\/de\\\/#website\"},\"primaryImageOfPage\":{\"@id\":\"https:\\\/\\\/wein-werte.com\\\/de\\\/produkt\\\/zind-humbrecht-pinot-gris-heimbourg-selection-de-grains-nobles-2005-375ml\\\/#primaryimage\"},\"image\":{\"@id\":\"https:\\\/\\\/wein-werte.com\\\/de\\\/produkt\\\/zind-humbrecht-pinot-gris-heimbourg-selection-de-grains-nobles-2005-375ml\\\/#primaryimage\"},\"thumbnailUrl\":\"https:\\\/\\\/wein-werte.com\\\/wp-content\\\/uploads\\\/2026\\\/04\\\/Zind-Humbrecht-Pinot-Gris-Heimbourg-Selection-de-Grains-Nobles-2005-375ml.png\",\"datePublished\":\"2026-04-27T11:36:08+00:00\",\"description\":\"Kaufe Zind-Humbrecht Pinot Gris Heimbourg S\u00e9lection de Grains Nobles 2005 (Pinot Gris, s\u00fc\u00df aus Elsass, Frankreich) bei Wein Werte, Ihrem nachhaltigen Onlineshop.\",\"breadcrumb\":{\"@id\":\"https:\\\/\\\/wein-werte.com\\\/de\\\/produkt\\\/zind-humbrecht-pinot-gris-heimbourg-selection-de-grains-nobles-2005-375ml\\\/#breadcrumb\"},\"inLanguage\":\"de\",\"potentialAction\":[{\"@type\":\"ReadAction\",\"target\":[\"https:\\\/\\\/wein-werte.com\\\/de\\\/produkt\\\/zind-humbrecht-pinot-gris-heimbourg-selection-de-grains-nobles-2005-375ml\\\/\"]}]},{\"@type\":\"ImageObject\",\"inLanguage\":\"de\",\"@id\":\"https:\\\/\\\/wein-werte.com\\\/de\\\/produkt\\\/zind-humbrecht-pinot-gris-heimbourg-selection-de-grains-nobles-2005-375ml\\\/#primaryimage\",\"url\":\"https:\\\/\\\/wein-werte.com\\\/wp-content\\\/uploads\\\/2026\\\/04\\\/Zind-Humbrecht-Pinot-Gris-Heimbourg-Selection-de-Grains-Nobles-2005-375ml.png\",\"contentUrl\":\"https:\\\/\\\/wein-werte.com\\\/wp-content\\\/uploads\\\/2026\\\/04\\\/Zind-Humbrecht-Pinot-Gris-Heimbourg-Selection-de-Grains-Nobles-2005-375ml.png\",\"width\":273,\"height\":1200,\"caption\":\"Zind-Humbrecht Pinot Gris Heimbourg, S\u00e9lection de Grains Nobles 2005 375ml\"},{\"@type\":\"BreadcrumbList\",\"@id\":\"https:\\\/\\\/wein-werte.com\\\/de\\\/produkt\\\/zind-humbrecht-pinot-gris-heimbourg-selection-de-grains-nobles-2005-375ml\\\/#breadcrumb\",\"itemListElement\":[{\"@type\":\"ListItem\",\"position\":1,\"name\":\"Home\",\"item\":\"https:\\\/\\\/wein-werte.com\\\/de\\\/\"},{\"@type\":\"ListItem\",\"position\":2,\"name\":\"Shop\",\"item\":\"https:\\\/\\\/wein-werte.com\\\/de\\\/shop\\\/\"},{\"@type\":\"ListItem\",\"position\":3,\"name\":\"Zind-Humbrecht | Elsass | Pinot Gris Heimbourg, S\u00e9lection de Grains Nobles | 2005 | 375ml\"}]},{\"@type\":\"WebSite\",\"@id\":\"https:\\\/\\\/wein-werte.com\\\/de\\\/#website\",\"url\":\"https:\\\/\\\/wein-werte.com\\\/de\\\/\",\"name\":\"Wein Werte\",\"description\":\"\",\"publisher\":{\"@id\":\"https:\\\/\\\/wein-werte.com\\\/de\\\/#organization\"},\"potentialAction\":[{\"@type\":\"SearchAction\",\"target\":{\"@type\":\"EntryPoint\",\"urlTemplate\":\"https:\\\/\\\/wein-werte.com\\\/de\\\/?s={search_term_string}\"},\"query-input\":{\"@type\":\"PropertyValueSpecification\",\"valueRequired\":true,\"valueName\":\"search_term_string\"}}],\"inLanguage\":\"de\"},{\"@type\":\"Organization\",\"@id\":\"https:\\\/\\\/wein-werte.com\\\/de\\\/#organization\",\"name\":\"Vins Fins Thorrold\",\"url\":\"https:\\\/\\\/wein-werte.com\\\/de\\\/\",\"logo\":{\"@type\":\"ImageObject\",\"inLanguage\":\"de\",\"@id\":\"https:\\\/\\\/wein-werte.com\\\/de\\\/#\\\/schema\\\/logo\\\/image\\\/\",\"url\":\"https:\\\/\\\/wein-werte.com\\\/wp-content\\\/uploads\\\/2023\\\/07\\\/Wein_werte_Logo700-1.png\",\"contentUrl\":\"https:\\\/\\\/wein-werte.com\\\/wp-content\\\/uploads\\\/2023\\\/07\\\/Wein_werte_Logo700-1.png\",\"width\":700,\"height\":272,\"caption\":\"Vins Fins Thorrold\"},\"image\":{\"@id\":\"https:\\\/\\\/wein-werte.com\\\/de\\\/#\\\/schema\\\/logo\\\/image\\\/\"}}]}<\/script>\n<!-- \/ Yoast SEO plugin. -->","yoast_head_json":{"title":"Zind-Humbrecht Pinot Gris Heimbourg S\u00e9lection de Grains Nobles 2005, 375ml","description":"Kaufe Zind-Humbrecht Pinot Gris Heimbourg S\u00e9lection de Grains Nobles 2005 (Pinot Gris, s\u00fc\u00df aus Elsass, Frankreich) bei Wein Werte, Ihrem nachhaltigen Onlineshop.","robots":{"index":"index","follow":"follow","max-snippet":"max-snippet:-1","max-image-preview":"max-image-preview:large","max-video-preview":"max-video-preview:-1"},"canonical":"https:\/\/wein-werte.com\/de\/produkt\/zind-humbrecht-pinot-gris-heimbourg-selection-de-grains-nobles-2005-375ml\/","og_locale":"de_DE","og_type":"article","og_title":"Zind-Humbrecht Pinot Gris Heimbourg S\u00e9lection de Grains Nobles 2005, 375ml","og_description":"Kaufe Zind-Humbrecht Pinot Gris Heimbourg S\u00e9lection de Grains Nobles 2005 (Pinot Gris, s\u00fc\u00df aus Elsass, Frankreich) bei Wein Werte, Ihrem nachhaltigen Onlineshop.","og_url":"https:\/\/wein-werte.com\/de\/produkt\/zind-humbrecht-pinot-gris-heimbourg-selection-de-grains-nobles-2005-375ml\/","og_site_name":"Wein Werte","og_image":[{"width":273,"height":1200,"url":"https:\/\/wein-werte.com\/wp-content\/uploads\/2026\/04\/Zind-Humbrecht-Pinot-Gris-Heimbourg-Selection-de-Grains-Nobles-2005-375ml.png","type":"image\/png"}],"twitter_card":"summary_large_image","twitter_misc":{"Gesch\u00e4tzte Lesezeit":"4\u00a0Minuten"},"schema":{"@context":"https:\/\/schema.org","@graph":[{"@type":"WebPage","@id":"https:\/\/wein-werte.com\/de\/produkt\/zind-humbrecht-pinot-gris-heimbourg-selection-de-grains-nobles-2005-375ml\/","url":"https:\/\/wein-werte.com\/de\/produkt\/zind-humbrecht-pinot-gris-heimbourg-selection-de-grains-nobles-2005-375ml\/","name":"Zind-Humbrecht Pinot Gris Heimbourg S\u00e9lection de Grains Nobles 2005, 375ml","isPartOf":{"@id":"https:\/\/wein-werte.com\/de\/#website"},"primaryImageOfPage":{"@id":"https:\/\/wein-werte.com\/de\/produkt\/zind-humbrecht-pinot-gris-heimbourg-selection-de-grains-nobles-2005-375ml\/#primaryimage"},"image":{"@id":"https:\/\/wein-werte.com\/de\/produkt\/zind-humbrecht-pinot-gris-heimbourg-selection-de-grains-nobles-2005-375ml\/#primaryimage"},"thumbnailUrl":"https:\/\/wein-werte.com\/wp-content\/uploads\/2026\/04\/Zind-Humbrecht-Pinot-Gris-Heimbourg-Selection-de-Grains-Nobles-2005-375ml.png","datePublished":"2026-04-27T11:36:08+00:00","description":"Kaufe Zind-Humbrecht Pinot Gris Heimbourg S\u00e9lection de Grains Nobles 2005 (Pinot Gris, s\u00fc\u00df aus Elsass, Frankreich) bei Wein Werte, Ihrem nachhaltigen Onlineshop.","breadcrumb":{"@id":"https:\/\/wein-werte.com\/de\/produkt\/zind-humbrecht-pinot-gris-heimbourg-selection-de-grains-nobles-2005-375ml\/#breadcrumb"},"inLanguage":"de","potentialAction":[{"@type":"ReadAction","target":["https:\/\/wein-werte.com\/de\/produkt\/zind-humbrecht-pinot-gris-heimbourg-selection-de-grains-nobles-2005-375ml\/"]}]},{"@type":"ImageObject","inLanguage":"de","@id":"https:\/\/wein-werte.com\/de\/produkt\/zind-humbrecht-pinot-gris-heimbourg-selection-de-grains-nobles-2005-375ml\/#primaryimage","url":"https:\/\/wein-werte.com\/wp-content\/uploads\/2026\/04\/Zind-Humbrecht-Pinot-Gris-Heimbourg-Selection-de-Grains-Nobles-2005-375ml.png","contentUrl":"https:\/\/wein-werte.com\/wp-content\/uploads\/2026\/04\/Zind-Humbrecht-Pinot-Gris-Heimbourg-Selection-de-Grains-Nobles-2005-375ml.png","width":273,"height":1200,"caption":"Zind-Humbrecht Pinot Gris Heimbourg, S\u00e9lection de Grains Nobles 2005 375ml"},{"@type":"BreadcrumbList","@id":"https:\/\/wein-werte.com\/de\/produkt\/zind-humbrecht-pinot-gris-heimbourg-selection-de-grains-nobles-2005-375ml\/#breadcrumb","itemListElement":[{"@type":"ListItem","position":1,"name":"Home","item":"https:\/\/wein-werte.com\/de\/"},{"@type":"ListItem","position":2,"name":"Shop","item":"https:\/\/wein-werte.com\/de\/shop\/"},{"@type":"ListItem","position":3,"name":"Zind-Humbrecht | Elsass | Pinot Gris Heimbourg, S\u00e9lection de Grains Nobles | 2005 | 375ml"}]},{"@type":"WebSite","@id":"https:\/\/wein-werte.com\/de\/#website","url":"https:\/\/wein-werte.com\/de\/","name":"Wein Werte","description":"","publisher":{"@id":"https:\/\/wein-werte.com\/de\/#organization"},"potentialAction":[{"@type":"SearchAction","target":{"@type":"EntryPoint","urlTemplate":"https:\/\/wein-werte.com\/de\/?s={search_term_string}"},"query-input":{"@type":"PropertyValueSpecification","valueRequired":true,"valueName":"search_term_string"}}],"inLanguage":"de"},{"@type":"Organization","@id":"https:\/\/wein-werte.com\/de\/#organization","name":"Vins Fins Thorrold","url":"https:\/\/wein-werte.com\/de\/","logo":{"@type":"ImageObject","inLanguage":"de","@id":"https:\/\/wein-werte.com\/de\/#\/schema\/logo\/image\/","url":"https:\/\/wein-werte.com\/wp-content\/uploads\/2023\/07\/Wein_werte_Logo700-1.png","contentUrl":"https:\/\/wein-werte.com\/wp-content\/uploads\/2023\/07\/Wein_werte_Logo700-1.png","width":700,"height":272,"caption":"Vins Fins Thorrold"},"image":{"@id":"https:\/\/wein-werte.com\/de\/#\/schema\/logo\/image\/"}}]}},"_links":{"self":[{"href":"https:\/\/wein-werte.com\/de\/wp-json\/wp\/v2\/product\/1136549","targetHints":{"allow":["GET"]}}],"collection":[{"href":"https:\/\/wein-werte.com\/de\/wp-json\/wp\/v2\/product"}],"about":[{"href":"https:\/\/wein-werte.com\/de\/wp-json\/wp\/v2\/types\/product"}],"wp:featuredmedia":[{"embeddable":true,"href":"https:\/\/wein-werte.com\/de\/wp-json\/wp\/v2\/media\/1146254"}],"wp:attachment":[{"href":"https:\/\/wein-werte.com\/de\/wp-json\/wp\/v2\/media?parent=1136549"}],"wp:term":[{"taxonomy":"product_brand","embeddable":true,"href":"https:\/\/wein-werte.com\/de\/wp-json\/wp\/v2\/product_brand?post=1136549"},{"taxonomy":"product_cat","embeddable":true,"href":"https:\/\/wein-werte.com\/de\/wp-json\/wp\/v2\/product_cat?post=1136549"},{"taxonomy":"product_tag","embeddable":true,"href":"https:\/\/wein-werte.com\/de\/wp-json\/wp\/v2\/product_tag?post=1136549"}],"curies":[{"name":"wp","href":"https:\/\/api.w.org\/{rel}","templated":true}]}}