{"id":1136546,"date":"2026-04-27T13:36:06","date_gmt":"2026-04-27T11:36:06","guid":{"rendered":"https:\/\/wein-werte.com\/product\/zind-humbrecht-pinot-gris-rotenberg-selection-de-grains-nobles-2000-750ml\/"},"modified":"2026-04-27T12:07:05","modified_gmt":"2026-04-27T10:07:05","slug":"zind-humbrecht-pinot-gris-rotenberg-selection-de-grains-nobles-2000-750ml","status":"publish","type":"product","link":"https:\/\/wein-werte.com\/de\/produkt\/zind-humbrecht-pinot-gris-rotenberg-selection-de-grains-nobles-2000-750ml\/","title":{"rendered":"Zind-Humbrecht | Elsass | Pinot Gris Rotenberg, S\u00e9lection de Grains Nobles  | 2000 | 750ml"},"content":{"rendered":"<p>Produktbeschreibung f\u00fcr Zind-Humbrecht Pinot Gris Rotenberg, S\u00e9lection de Grains Nobles  2000 <\/p>\n<h5>Farbe<\/h5>\n<p>Funkelndes Bernstein. <\/p>\n<h5>Nase<\/h5>\n<p>Der 2000er Pinot Gris Rotenberg S\u00e9lection de Grains Nobles ist eine s\u00fc\u00dfe Offenbarung, das nimmt man deutlich auch schon in der Nase wahr. Fl\u00fcssiger Honig, kandierte Fr\u00fcchte und intensive Gew\u00fcrze, wie Ingwer, Zimt, Gew\u00fcrznelke und Vanille, str\u00f6men einem aus dem Glas entgegen. Rauchige, steinige und erdige Aromen runden das komplexe und intensive Aromenspektrum wunderbar ab. <\/p>\n<h5>Gaumen<\/h5>\n<p>Wie in der Nase schon versprochen ist der 2000er Pinot Gris Rotenberg S\u00e9lection de Grains Nobles ein s\u00fc\u00dfes Elixier. Er gleitet mit einer unwahrscheinlichen Intensit\u00e4t \u00fcber die Zunge, begleitet von einer salzigen Note. Die anregende und erfrischende S\u00e4ure mildert diese Opulenz ein wenig, aber alles in allem handelt es sich um einen konzentrierten S\u00fc\u00dfwein, der Liebhaber solcher Kreszenzen in Verz\u00fcckung versetzen wird! Der kalk- und eisenhaltige Boden des Rotenbergs hat im Jahr 2000 einen sehr eleganten Wein mit tief r\u00f6tlicher Farbe und einer wunderbar ausbalancierten S\u00e4ure hervorgebracht. Der Pinot Gris SGN besticht durch seine Aromen von Pfirsich, Honig und tropischen Fr\u00fcchten, den frischen Duft nach Quitte und Birne und den langanhaltenden Abgang. Zusammen mit der ausgezeichneten Lagerf\u00e4higkeit ist dieser samtig- und kraftvolle strukturierte Pinot Gris eine Bereicherung f\u00fcr jeden Weinkeller.<\/p>\n<p>Copyright Vinaturel 2025<\/p>\n<p>Keywords: <a href=\"https:\/\/wein-werte.com\/de\/shop\/?swoof=1&#038;pa_producer=Zind-Humbrecht\">Zind-Humbrecht<\/a> <a href=\"https:\/\/wein-werte.com\/de\/shop\/?swoof=1&#038;woof_text=Pinot Gris Rotenberg, S\u00e9lection de Grains Nobles \">Pinot Gris Rotenberg, S\u00e9lection de Grains Nobles <\/a> 2000  <a href=\"https:\/\/wein-werte.com\/de\/shop\/?swoof=1&#038;pa_region=Elsass\">Elsass<\/a> <a href=\"https:\/\/wein-werte.com\/de\/shop\/?swoof=1&#038;pa_country=Frankreich\">Frankreich<\/a><\/p>\n<h3>Wine Advocate<\/h3>\n<p>Punkte: 97<\/p>\n<p>Mit 150 Gramm Restzucker pro Liter entfaltet der 2000 Pinot Gris Rotenberg Selection de Grains Nobles im Glas ein \u00fcberw\u00e4ltigendes Aroma von botrytisbehafteten Pfirsichen, Gew\u00fcrzen und Aprikosen. S\u00fc\u00dfe gelbe Fr\u00fcchte finden sich in diesem kraftvollen, weichen und \u00f6ligen Wein. Voraussichtliche Reife: 2006\u20132030+. _x000D_ _x000D_ Auf Wunsch vieler Kunden nach mehr Informationen zum Charakter seiner Weine, die nicht als Vendange Tardive oder Selection de Grains Nobles bezeichnet werden, hat Olivier Humbrecht eine \u201eIndex\u201c-Skala entwickelt, die auf dem Etikett jeder Flasche erscheint. Dieser Index bewertet die wahrnehmbare S\u00fc\u00dfe der Weine auf einer Skala von 1 bis 5 und wird von Humbrecht wie folgt beschrieben: \u201e1 ist v\u00f6llig trocken; 2 ist technisch nicht trocken, aber die S\u00fc\u00dfe ist am Gaumen nicht sp\u00fcrbar; 3 ist mittlere S\u00fc\u00dfe, die mit zunehmendem Alter allm\u00e4hlich verschwinden kann; 4 ist s\u00fc\u00dfer Wein; 5 steht f\u00fcr hohe S\u00fc\u00dfe, einen Vendange Tardive mit F\u00fclle, aber ohne Botrytis.\u201c Humbrecht geb\u00fchrt gro\u00dfes Lob f\u00fcr die Einf\u00fchrung dieses Systems, da es den Verbrauchern enorm helfen wird._x000D_ _x000D_ Importeur: Kermit Lynch Wine Merchant, Berkeley, CA; Tel. (510) 524-1524<br \/>Pierre Rovani<\/p>\n<h3>Vinous<\/h3>\n<p>Punkte: 95<\/p>\n<p>(11,5 % Alkohol, 145 g\/l rs) Gelbgoldene Farbe. Bezaubernde, lebendige Aromen von kandierten Aprikosen und Orangen. Supers\u00fc\u00df und saftig; weniger dicht als die letzten 2001er SGNs, dank einer f\u00fcr 2000er fast schockierend starken S\u00e4ure, auch wenn sie niedriger ist als die der 2001er. Ein hocht\u00f6niger, rassiger, sexy SGN, der etwas Zeit braucht, um sich zu entfalten. \u2013 Stephen Tanzer<br \/>Trinkfenster: <br \/>Testdatum: November 2003<\/p>\n<p>Internetseite des Weinguts: <a href=\"http:\/\/www.zindhumbrecht.fr\/\" target=\"_blank\">http:\/\/www.zindhumbrecht.fr\/<\/a><\/p>\n","protected":false},"excerpt":{"rendered":"<p>Lieferzeit: 1 bis 2 Arbeitstage (DE), 2 bis 5 Arbeitstage (EU and CH)<\/p>\n","protected":false},"featured_media":1146252,"template":"","meta":[],"product_brand":[],"product_cat":[19],"product_tag":[],"class_list":{"0":"post-1136546","1":"product","2":"type-product","3":"status-publish","4":"has-post-thumbnail","6":"product_cat-unkategorisiert","7":"pa_alcohol-for-filter-11-5","8":"pa_certified-biodynamic-nein-de","9":"pa_certified-organic-nein-de","10":"pa_colour-weiss","11":"pa_country-frankreich","12":"pa_grape-pinot-gris-grauburgunder","13":"pa_parker-points-for-filter-97-de-2","14":"pa_price-for-filter-10686","15":"pa_producer-zind-humbrecht","16":"pa_region-elsass","17":"pa_size-ml-6584","18":"pa_sweetness-suess-de","19":"pa_type-2-still-de","20":"pa_vinous-points-for-filter-20035","21":"pa_vintage-2000-de","22":"entry","23":"has-media","25":"first","26":"instock","27":"taxable","28":"shipping-taxable","29":"purchasable","30":"product-type-simple"},"yoast_head":"<!-- This site is optimized with the Yoast SEO plugin v27.5 - https:\/\/yoast.com\/product\/yoast-seo-wordpress\/ -->\n<title>Zind-Humbrecht Pinot Gris Rotenberg S\u00e9lection de Grains Nobles 2000<\/title>\n<meta name=\"description\" content=\"Kaufe Zind-Humbrecht Pinot Gris Rotenberg S\u00e9lection de Grains Nobles 2000 (Pinot Gris, s\u00fc\u00df aus Elsass, Frankreich) bei Wein Werte, Ihrem nachhaltigen Onlineshop.\" \/>\n<meta name=\"robots\" content=\"index, follow, max-snippet:-1, max-image-preview:large, max-video-preview:-1\" \/>\n<link rel=\"canonical\" href=\"https:\/\/wein-werte.com\/de\/produkt\/zind-humbrecht-pinot-gris-rotenberg-selection-de-grains-nobles-2000-750ml\/\" \/>\n<meta property=\"og:locale\" content=\"de_DE\" \/>\n<meta property=\"og:type\" content=\"article\" \/>\n<meta property=\"og:title\" content=\"Zind-Humbrecht Pinot Gris Rotenberg S\u00e9lection de Grains Nobles 2000\" \/>\n<meta property=\"og:description\" content=\"Kaufe Zind-Humbrecht Pinot Gris Rotenberg S\u00e9lection de Grains Nobles 2000 (Pinot Gris, s\u00fc\u00df aus Elsass, Frankreich) bei Wein Werte, Ihrem nachhaltigen Onlineshop.\" \/>\n<meta property=\"og:url\" content=\"https:\/\/wein-werte.com\/de\/produkt\/zind-humbrecht-pinot-gris-rotenberg-selection-de-grains-nobles-2000-750ml\/\" \/>\n<meta property=\"og:site_name\" content=\"Wein Werte\" \/>\n<meta property=\"og:image\" content=\"https:\/\/wein-werte.com\/wp-content\/uploads\/2026\/04\/Zind-Humbrecht-Pinot-Gris-Rotenberg-Selection-de-Grains-Nobles-2000-750ml.png\" \/>\n\t<meta property=\"og:image:width\" content=\"275\" \/>\n\t<meta property=\"og:image:height\" content=\"1200\" \/>\n\t<meta property=\"og:image:type\" content=\"image\/png\" \/>\n<meta name=\"twitter:card\" content=\"summary_large_image\" \/>\n<meta name=\"twitter:label1\" content=\"Gesch\u00e4tzte Lesezeit\" \/>\n\t<meta name=\"twitter:data1\" content=\"2\u00a0Minuten\" \/>\n<script type=\"application\/ld+json\" class=\"yoast-schema-graph\">{\"@context\":\"https:\\\/\\\/schema.org\",\"@graph\":[{\"@type\":\"WebPage\",\"@id\":\"https:\\\/\\\/wein-werte.com\\\/de\\\/produkt\\\/zind-humbrecht-pinot-gris-rotenberg-selection-de-grains-nobles-2000-750ml\\\/\",\"url\":\"https:\\\/\\\/wein-werte.com\\\/de\\\/produkt\\\/zind-humbrecht-pinot-gris-rotenberg-selection-de-grains-nobles-2000-750ml\\\/\",\"name\":\"Zind-Humbrecht Pinot Gris Rotenberg S\u00e9lection de Grains Nobles 2000\",\"isPartOf\":{\"@id\":\"https:\\\/\\\/wein-werte.com\\\/de\\\/#website\"},\"primaryImageOfPage\":{\"@id\":\"https:\\\/\\\/wein-werte.com\\\/de\\\/produkt\\\/zind-humbrecht-pinot-gris-rotenberg-selection-de-grains-nobles-2000-750ml\\\/#primaryimage\"},\"image\":{\"@id\":\"https:\\\/\\\/wein-werte.com\\\/de\\\/produkt\\\/zind-humbrecht-pinot-gris-rotenberg-selection-de-grains-nobles-2000-750ml\\\/#primaryimage\"},\"thumbnailUrl\":\"https:\\\/\\\/wein-werte.com\\\/wp-content\\\/uploads\\\/2026\\\/04\\\/Zind-Humbrecht-Pinot-Gris-Rotenberg-Selection-de-Grains-Nobles-2000-750ml.png\",\"datePublished\":\"2026-04-27T11:36:06+00:00\",\"description\":\"Kaufe Zind-Humbrecht Pinot Gris Rotenberg S\u00e9lection de Grains Nobles 2000 (Pinot Gris, s\u00fc\u00df aus Elsass, Frankreich) bei Wein Werte, Ihrem nachhaltigen Onlineshop.\",\"breadcrumb\":{\"@id\":\"https:\\\/\\\/wein-werte.com\\\/de\\\/produkt\\\/zind-humbrecht-pinot-gris-rotenberg-selection-de-grains-nobles-2000-750ml\\\/#breadcrumb\"},\"inLanguage\":\"de\",\"potentialAction\":[{\"@type\":\"ReadAction\",\"target\":[\"https:\\\/\\\/wein-werte.com\\\/de\\\/produkt\\\/zind-humbrecht-pinot-gris-rotenberg-selection-de-grains-nobles-2000-750ml\\\/\"]}]},{\"@type\":\"ImageObject\",\"inLanguage\":\"de\",\"@id\":\"https:\\\/\\\/wein-werte.com\\\/de\\\/produkt\\\/zind-humbrecht-pinot-gris-rotenberg-selection-de-grains-nobles-2000-750ml\\\/#primaryimage\",\"url\":\"https:\\\/\\\/wein-werte.com\\\/wp-content\\\/uploads\\\/2026\\\/04\\\/Zind-Humbrecht-Pinot-Gris-Rotenberg-Selection-de-Grains-Nobles-2000-750ml.png\",\"contentUrl\":\"https:\\\/\\\/wein-werte.com\\\/wp-content\\\/uploads\\\/2026\\\/04\\\/Zind-Humbrecht-Pinot-Gris-Rotenberg-Selection-de-Grains-Nobles-2000-750ml.png\",\"width\":275,\"height\":1200,\"caption\":\"Zind-Humbrecht Pinot Gris Rotenberg, S\u00e9lection de Grains Nobles 2000 750ml\"},{\"@type\":\"BreadcrumbList\",\"@id\":\"https:\\\/\\\/wein-werte.com\\\/de\\\/produkt\\\/zind-humbrecht-pinot-gris-rotenberg-selection-de-grains-nobles-2000-750ml\\\/#breadcrumb\",\"itemListElement\":[{\"@type\":\"ListItem\",\"position\":1,\"name\":\"Home\",\"item\":\"https:\\\/\\\/wein-werte.com\\\/de\\\/\"},{\"@type\":\"ListItem\",\"position\":2,\"name\":\"Shop\",\"item\":\"https:\\\/\\\/wein-werte.com\\\/de\\\/shop\\\/\"},{\"@type\":\"ListItem\",\"position\":3,\"name\":\"Zind-Humbrecht | Elsass | Pinot Gris Rotenberg, S\u00e9lection de Grains Nobles | 2000 | 750ml\"}]},{\"@type\":\"WebSite\",\"@id\":\"https:\\\/\\\/wein-werte.com\\\/de\\\/#website\",\"url\":\"https:\\\/\\\/wein-werte.com\\\/de\\\/\",\"name\":\"Wein Werte\",\"description\":\"\",\"publisher\":{\"@id\":\"https:\\\/\\\/wein-werte.com\\\/de\\\/#organization\"},\"potentialAction\":[{\"@type\":\"SearchAction\",\"target\":{\"@type\":\"EntryPoint\",\"urlTemplate\":\"https:\\\/\\\/wein-werte.com\\\/de\\\/?s={search_term_string}\"},\"query-input\":{\"@type\":\"PropertyValueSpecification\",\"valueRequired\":true,\"valueName\":\"search_term_string\"}}],\"inLanguage\":\"de\"},{\"@type\":\"Organization\",\"@id\":\"https:\\\/\\\/wein-werte.com\\\/de\\\/#organization\",\"name\":\"Vins Fins Thorrold\",\"url\":\"https:\\\/\\\/wein-werte.com\\\/de\\\/\",\"logo\":{\"@type\":\"ImageObject\",\"inLanguage\":\"de\",\"@id\":\"https:\\\/\\\/wein-werte.com\\\/de\\\/#\\\/schema\\\/logo\\\/image\\\/\",\"url\":\"https:\\\/\\\/wein-werte.com\\\/wp-content\\\/uploads\\\/2023\\\/07\\\/Wein_werte_Logo700-1.png\",\"contentUrl\":\"https:\\\/\\\/wein-werte.com\\\/wp-content\\\/uploads\\\/2023\\\/07\\\/Wein_werte_Logo700-1.png\",\"width\":700,\"height\":272,\"caption\":\"Vins Fins Thorrold\"},\"image\":{\"@id\":\"https:\\\/\\\/wein-werte.com\\\/de\\\/#\\\/schema\\\/logo\\\/image\\\/\"}}]}<\/script>\n<!-- \/ Yoast SEO plugin. -->","yoast_head_json":{"title":"Zind-Humbrecht Pinot Gris Rotenberg S\u00e9lection de Grains Nobles 2000","description":"Kaufe Zind-Humbrecht Pinot Gris Rotenberg S\u00e9lection de Grains Nobles 2000 (Pinot Gris, s\u00fc\u00df aus Elsass, Frankreich) bei Wein Werte, Ihrem nachhaltigen Onlineshop.","robots":{"index":"index","follow":"follow","max-snippet":"max-snippet:-1","max-image-preview":"max-image-preview:large","max-video-preview":"max-video-preview:-1"},"canonical":"https:\/\/wein-werte.com\/de\/produkt\/zind-humbrecht-pinot-gris-rotenberg-selection-de-grains-nobles-2000-750ml\/","og_locale":"de_DE","og_type":"article","og_title":"Zind-Humbrecht Pinot Gris Rotenberg S\u00e9lection de Grains Nobles 2000","og_description":"Kaufe Zind-Humbrecht Pinot Gris Rotenberg S\u00e9lection de Grains Nobles 2000 (Pinot Gris, s\u00fc\u00df aus Elsass, Frankreich) bei Wein Werte, Ihrem nachhaltigen Onlineshop.","og_url":"https:\/\/wein-werte.com\/de\/produkt\/zind-humbrecht-pinot-gris-rotenberg-selection-de-grains-nobles-2000-750ml\/","og_site_name":"Wein Werte","og_image":[{"width":275,"height":1200,"url":"https:\/\/wein-werte.com\/wp-content\/uploads\/2026\/04\/Zind-Humbrecht-Pinot-Gris-Rotenberg-Selection-de-Grains-Nobles-2000-750ml.png","type":"image\/png"}],"twitter_card":"summary_large_image","twitter_misc":{"Gesch\u00e4tzte Lesezeit":"2\u00a0Minuten"},"schema":{"@context":"https:\/\/schema.org","@graph":[{"@type":"WebPage","@id":"https:\/\/wein-werte.com\/de\/produkt\/zind-humbrecht-pinot-gris-rotenberg-selection-de-grains-nobles-2000-750ml\/","url":"https:\/\/wein-werte.com\/de\/produkt\/zind-humbrecht-pinot-gris-rotenberg-selection-de-grains-nobles-2000-750ml\/","name":"Zind-Humbrecht Pinot Gris Rotenberg S\u00e9lection de Grains Nobles 2000","isPartOf":{"@id":"https:\/\/wein-werte.com\/de\/#website"},"primaryImageOfPage":{"@id":"https:\/\/wein-werte.com\/de\/produkt\/zind-humbrecht-pinot-gris-rotenberg-selection-de-grains-nobles-2000-750ml\/#primaryimage"},"image":{"@id":"https:\/\/wein-werte.com\/de\/produkt\/zind-humbrecht-pinot-gris-rotenberg-selection-de-grains-nobles-2000-750ml\/#primaryimage"},"thumbnailUrl":"https:\/\/wein-werte.com\/wp-content\/uploads\/2026\/04\/Zind-Humbrecht-Pinot-Gris-Rotenberg-Selection-de-Grains-Nobles-2000-750ml.png","datePublished":"2026-04-27T11:36:06+00:00","description":"Kaufe Zind-Humbrecht Pinot Gris Rotenberg S\u00e9lection de Grains Nobles 2000 (Pinot Gris, s\u00fc\u00df aus Elsass, Frankreich) bei Wein Werte, Ihrem nachhaltigen Onlineshop.","breadcrumb":{"@id":"https:\/\/wein-werte.com\/de\/produkt\/zind-humbrecht-pinot-gris-rotenberg-selection-de-grains-nobles-2000-750ml\/#breadcrumb"},"inLanguage":"de","potentialAction":[{"@type":"ReadAction","target":["https:\/\/wein-werte.com\/de\/produkt\/zind-humbrecht-pinot-gris-rotenberg-selection-de-grains-nobles-2000-750ml\/"]}]},{"@type":"ImageObject","inLanguage":"de","@id":"https:\/\/wein-werte.com\/de\/produkt\/zind-humbrecht-pinot-gris-rotenberg-selection-de-grains-nobles-2000-750ml\/#primaryimage","url":"https:\/\/wein-werte.com\/wp-content\/uploads\/2026\/04\/Zind-Humbrecht-Pinot-Gris-Rotenberg-Selection-de-Grains-Nobles-2000-750ml.png","contentUrl":"https:\/\/wein-werte.com\/wp-content\/uploads\/2026\/04\/Zind-Humbrecht-Pinot-Gris-Rotenberg-Selection-de-Grains-Nobles-2000-750ml.png","width":275,"height":1200,"caption":"Zind-Humbrecht Pinot Gris Rotenberg, S\u00e9lection de Grains Nobles 2000 750ml"},{"@type":"BreadcrumbList","@id":"https:\/\/wein-werte.com\/de\/produkt\/zind-humbrecht-pinot-gris-rotenberg-selection-de-grains-nobles-2000-750ml\/#breadcrumb","itemListElement":[{"@type":"ListItem","position":1,"name":"Home","item":"https:\/\/wein-werte.com\/de\/"},{"@type":"ListItem","position":2,"name":"Shop","item":"https:\/\/wein-werte.com\/de\/shop\/"},{"@type":"ListItem","position":3,"name":"Zind-Humbrecht | Elsass | Pinot Gris Rotenberg, S\u00e9lection de Grains Nobles | 2000 | 750ml"}]},{"@type":"WebSite","@id":"https:\/\/wein-werte.com\/de\/#website","url":"https:\/\/wein-werte.com\/de\/","name":"Wein Werte","description":"","publisher":{"@id":"https:\/\/wein-werte.com\/de\/#organization"},"potentialAction":[{"@type":"SearchAction","target":{"@type":"EntryPoint","urlTemplate":"https:\/\/wein-werte.com\/de\/?s={search_term_string}"},"query-input":{"@type":"PropertyValueSpecification","valueRequired":true,"valueName":"search_term_string"}}],"inLanguage":"de"},{"@type":"Organization","@id":"https:\/\/wein-werte.com\/de\/#organization","name":"Vins Fins Thorrold","url":"https:\/\/wein-werte.com\/de\/","logo":{"@type":"ImageObject","inLanguage":"de","@id":"https:\/\/wein-werte.com\/de\/#\/schema\/logo\/image\/","url":"https:\/\/wein-werte.com\/wp-content\/uploads\/2023\/07\/Wein_werte_Logo700-1.png","contentUrl":"https:\/\/wein-werte.com\/wp-content\/uploads\/2023\/07\/Wein_werte_Logo700-1.png","width":700,"height":272,"caption":"Vins Fins Thorrold"},"image":{"@id":"https:\/\/wein-werte.com\/de\/#\/schema\/logo\/image\/"}}]}},"_links":{"self":[{"href":"https:\/\/wein-werte.com\/de\/wp-json\/wp\/v2\/product\/1136546","targetHints":{"allow":["GET"]}}],"collection":[{"href":"https:\/\/wein-werte.com\/de\/wp-json\/wp\/v2\/product"}],"about":[{"href":"https:\/\/wein-werte.com\/de\/wp-json\/wp\/v2\/types\/product"}],"wp:featuredmedia":[{"embeddable":true,"href":"https:\/\/wein-werte.com\/de\/wp-json\/wp\/v2\/media\/1146252"}],"wp:attachment":[{"href":"https:\/\/wein-werte.com\/de\/wp-json\/wp\/v2\/media?parent=1136546"}],"wp:term":[{"taxonomy":"product_brand","embeddable":true,"href":"https:\/\/wein-werte.com\/de\/wp-json\/wp\/v2\/product_brand?post=1136546"},{"taxonomy":"product_cat","embeddable":true,"href":"https:\/\/wein-werte.com\/de\/wp-json\/wp\/v2\/product_cat?post=1136546"},{"taxonomy":"product_tag","embeddable":true,"href":"https:\/\/wein-werte.com\/de\/wp-json\/wp\/v2\/product_tag?post=1136546"}],"curies":[{"name":"wp","href":"https:\/\/api.w.org\/{rel}","templated":true}]}}