{"id":1136447,"date":"2026-04-27T13:35:53","date_gmt":"2026-04-27T11:35:53","guid":{"rendered":"https:\/\/wein-werte.com\/product\/pranzegg-laurenc-2020-750ml\/"},"modified":"2026-04-27T12:06:52","modified_gmt":"2026-04-27T10:06:52","slug":"pranzegg-laurenc-2020-750ml","status":"publish","type":"product","link":"https:\/\/wein-werte.com\/de\/produkt\/pranzegg-laurenc-2020-750ml\/","title":{"rendered":"Pranzegg | S\u00fcdtirol | Laurenc | 2020 | 750ml"},"content":{"rendered":"<p>Produktbeschreibung f\u00fcr Pranzegg Laurenc 2020 <\/p>\n<p>Das Weingut Pranzegg ist benannt nach dem Ansitz, auf dem Martin Gojer seit 2009 seine Weine als Abbild ihrer Herkunft, des Jahrgangs und der Lebensweise der Familie produziert. Oberhalb des Bozener Talkessels werden die Anlagen Gojers biodynamisch von Hand bewirtschaftet, und auch im Keller ist weniger mehr: Lange G\u00e4rung sowie lange Reifezeiten auf der Vollhefe unter Zugabe nur geringer Mengen Schwefel zeichnen die Weine aus, die stets ungesch\u00f6nt und ungefiltert gef\u00fcllt werden. Die Trauben f\u00fcr den Laurenc (gesprochen Laurenz) stammen vom Weinberg direkt am Hof auf 300 Metern H\u00f6he in Nordwestlage. Der gr\u00f6\u00dfte Teil ist im Drahtrahmen erzogen, ein kleiner Teil steht noch klassisch auf Pergl. Die B\u00f6den: lehmiger Sand vulkanischen Ursprungs, dazu mor\u00e4nische Ablagerungen aus Porphyr, Basalt und Granit \u2013 tiefgr\u00fcndig und wunderbar durchl\u00e4ssig. Auf 0,7 Hektar wachsen 7.000 St\u00f6cke pro Hektar, der Ertrag liegt bei rund 6.000 Kilo. Vergoren wurde spontan im Holzg\u00e4rst\u00e4nder, mit allen K\u00e4mmen und einer Maischestandzeit von vier Wochen. Anschlie\u00dfend 24 Monate Reifung im gro\u00dfen Holz, ungesch\u00f6nt, unfiltriert. Danach nochmals 24 Monate Ruhe auf der Flasche.  <\/p>\n<h5>Farbe<\/h5>\n<p> Blickdichtes Purpurrot mit violetten Reflexen und schwarzem Kern. \u00a0 <\/p>\n<h5>Nase<\/h5>\n<p> Gro\u00dfz\u00fcgig und ausladend verstr\u00f6mt der 2020 Laurenc von Marion &#038; Martin Gojers Pranzegg sein reichhaltiges Parfum. Dunkelfruchtig raunt es aus dem Kelch, erz\u00e4hlt von Brombeeren und dunklen Maulbeeren, Zwetschgen als vollreife Frucht und eingekocht mit milden Gew\u00fcrzen. Wie die Stimme von Barry White rollt ein solider, fruchtig-w\u00fcrziger Bass aus dem Becher, Piment, Wacholder, heller Tabak sowie Schlehe und Stockrose sorgen f\u00fcr w\u00fcrzige Kontrapunkte. <\/p>\n<h5>\u00a0<\/h5>\n<h5>Mund<\/h5>\n<p> Der Lagrein ist f\u00fcr gew\u00f6hnlich gesteuert \u00fcber sein unglaublich dichtes, oft bl\u00e4ttriges Tannin, das ihn aromatisch pr\u00e4gt. Die 2020er Interpretation von Pranzegg performt am Gaumen als disziplinierter Kandidat mit feink\u00f6rnigem Tannin, engmaschig aber geschliffen, mit dem n\u00f6tigen Qu\u00e4ntchen jugendlichen Ungest\u00fcms und aromatisch herber Adstringenz. Die saftige Frucht zeigt sich weitaus sehniger als in der Nase und ummantelt die funkelnd reife S\u00e4ure, die ihn ins lange, fruchtig-herbe Finish begleitet.<\/p>\n<p>Copyright Vinaturel 2025<\/p>\n<p>Keywords: <a href=\"https:\/\/wein-werte.com\/de\/shop\/?swoof=1&#038;pa_producer=Pranzegg\">Pranzegg<\/a> <a href=\"https:\/\/wein-werte.com\/de\/shop\/?swoof=1&#038;woof_text=Laurenc\">Laurenc<\/a> 2020  <a href=\"https:\/\/wein-werte.com\/de\/shop\/?swoof=1&#038;pa_region=S\u00fcdtirol\">S\u00fcdtirol<\/a> <a href=\"https:\/\/wein-werte.com\/de\/shop\/?swoof=1&#038;pa_country=Italien\">Italien<\/a><\/p>\n<p>Internetseite des Weinguts: <a href=\"https:\/\/www.pranzegg.com\/\" target=\"_blank\">https:\/\/www.pranzegg.com\/<\/a><\/p>\n","protected":false},"excerpt":{"rendered":"<p>Lieferzeit: 1 bis 2 Arbeitstage (DE), 2 bis 5 Arbeitstage (EU and CH)<\/p>\n","protected":false},"featured_media":1146178,"template":"","meta":[],"product_brand":[],"product_cat":[19],"product_tag":[],"class_list":{"0":"post-1136447","1":"product","2":"type-product","3":"status-publish","4":"has-post-thumbnail","6":"product_cat-unkategorisiert","7":"pa_alcohol-for-filter-12-5","8":"pa_certified-biodynamic-nein-de","9":"pa_certified-organic-nein-de","10":"pa_colour-rot","11":"pa_country-italien","12":"pa_grape-lagrein","13":"pa_price-for-filter-10566","14":"pa_producer-pranzegg","15":"pa_region-sudtirol","16":"pa_size-ml-6584","17":"pa_sweetness-trocken-de","18":"pa_type-2-still-de","19":"pa_vintage-2020-de","20":"entry","21":"has-media","23":"first","24":"instock","25":"taxable","26":"shipping-taxable","27":"purchasable","28":"product-type-simple"},"yoast_head":"<!-- This site is optimized with the Yoast SEO plugin v27.4 - https:\/\/yoast.com\/product\/yoast-seo-wordpress\/ -->\n<title>Pranzegg Laurenc 2020<\/title>\n<meta name=\"description\" content=\"Kaufe Pranzegg Laurenc 2020 (Lagrein, trocken aus S\u00fcdtirol, Italien) bei Wein Werte, Ihrem nachhaltigen Onlineshop.\" \/>\n<meta name=\"robots\" content=\"index, follow, max-snippet:-1, max-image-preview:large, max-video-preview:-1\" \/>\n<link rel=\"canonical\" href=\"https:\/\/wein-werte.com\/de\/produkt\/pranzegg-laurenc-2020-750ml\/\" \/>\n<meta property=\"og:locale\" content=\"de_DE\" \/>\n<meta property=\"og:type\" content=\"article\" \/>\n<meta property=\"og:title\" content=\"Pranzegg Laurenc 2020\" \/>\n<meta property=\"og:description\" content=\"Kaufe Pranzegg Laurenc 2020 (Lagrein, trocken aus S\u00fcdtirol, Italien) bei Wein Werte, Ihrem nachhaltigen Onlineshop.\" \/>\n<meta property=\"og:url\" content=\"https:\/\/wein-werte.com\/de\/produkt\/pranzegg-laurenc-2020-750ml\/\" \/>\n<meta property=\"og:site_name\" content=\"Wein Werte\" \/>\n<meta property=\"og:image\" content=\"https:\/\/wein-werte.com\/wp-content\/uploads\/2026\/04\/Pranzegg-Laurenc-2020-750ml.png\" \/>\n\t<meta property=\"og:image:width\" content=\"324\" \/>\n\t<meta property=\"og:image:height\" content=\"1200\" \/>\n\t<meta property=\"og:image:type\" content=\"image\/png\" \/>\n<meta name=\"twitter:card\" content=\"summary_large_image\" \/>\n<meta name=\"twitter:label1\" content=\"Gesch\u00e4tzte Lesezeit\" \/>\n\t<meta name=\"twitter:data1\" content=\"2\u00a0Minuten\" \/>\n<script type=\"application\/ld+json\" class=\"yoast-schema-graph\">{\"@context\":\"https:\\\/\\\/schema.org\",\"@graph\":[{\"@type\":\"WebPage\",\"@id\":\"https:\\\/\\\/wein-werte.com\\\/de\\\/produkt\\\/pranzegg-laurenc-2020-750ml\\\/\",\"url\":\"https:\\\/\\\/wein-werte.com\\\/de\\\/produkt\\\/pranzegg-laurenc-2020-750ml\\\/\",\"name\":\"Pranzegg Laurenc 2020\",\"isPartOf\":{\"@id\":\"https:\\\/\\\/wein-werte.com\\\/de\\\/#website\"},\"primaryImageOfPage\":{\"@id\":\"https:\\\/\\\/wein-werte.com\\\/de\\\/produkt\\\/pranzegg-laurenc-2020-750ml\\\/#primaryimage\"},\"image\":{\"@id\":\"https:\\\/\\\/wein-werte.com\\\/de\\\/produkt\\\/pranzegg-laurenc-2020-750ml\\\/#primaryimage\"},\"thumbnailUrl\":\"https:\\\/\\\/wein-werte.com\\\/wp-content\\\/uploads\\\/2026\\\/04\\\/Pranzegg-Laurenc-2020-750ml.png\",\"datePublished\":\"2026-04-27T11:35:53+00:00\",\"description\":\"Kaufe Pranzegg Laurenc 2020 (Lagrein, trocken aus S\u00fcdtirol, Italien) bei Wein Werte, Ihrem nachhaltigen Onlineshop.\",\"breadcrumb\":{\"@id\":\"https:\\\/\\\/wein-werte.com\\\/de\\\/produkt\\\/pranzegg-laurenc-2020-750ml\\\/#breadcrumb\"},\"inLanguage\":\"de\",\"potentialAction\":[{\"@type\":\"ReadAction\",\"target\":[\"https:\\\/\\\/wein-werte.com\\\/de\\\/produkt\\\/pranzegg-laurenc-2020-750ml\\\/\"]}]},{\"@type\":\"ImageObject\",\"inLanguage\":\"de\",\"@id\":\"https:\\\/\\\/wein-werte.com\\\/de\\\/produkt\\\/pranzegg-laurenc-2020-750ml\\\/#primaryimage\",\"url\":\"https:\\\/\\\/wein-werte.com\\\/wp-content\\\/uploads\\\/2026\\\/04\\\/Pranzegg-Laurenc-2020-750ml.png\",\"contentUrl\":\"https:\\\/\\\/wein-werte.com\\\/wp-content\\\/uploads\\\/2026\\\/04\\\/Pranzegg-Laurenc-2020-750ml.png\",\"width\":324,\"height\":1200,\"caption\":\"Pranzegg Laurenc 2020 750ml\"},{\"@type\":\"BreadcrumbList\",\"@id\":\"https:\\\/\\\/wein-werte.com\\\/de\\\/produkt\\\/pranzegg-laurenc-2020-750ml\\\/#breadcrumb\",\"itemListElement\":[{\"@type\":\"ListItem\",\"position\":1,\"name\":\"Home\",\"item\":\"https:\\\/\\\/wein-werte.com\\\/de\\\/\"},{\"@type\":\"ListItem\",\"position\":2,\"name\":\"Shop\",\"item\":\"https:\\\/\\\/wein-werte.com\\\/de\\\/shop\\\/\"},{\"@type\":\"ListItem\",\"position\":3,\"name\":\"Pranzegg | S\u00fcdtirol | Laurenc | 2020 | 750ml\"}]},{\"@type\":\"WebSite\",\"@id\":\"https:\\\/\\\/wein-werte.com\\\/de\\\/#website\",\"url\":\"https:\\\/\\\/wein-werte.com\\\/de\\\/\",\"name\":\"Wein Werte\",\"description\":\"\",\"publisher\":{\"@id\":\"https:\\\/\\\/wein-werte.com\\\/de\\\/#organization\"},\"potentialAction\":[{\"@type\":\"SearchAction\",\"target\":{\"@type\":\"EntryPoint\",\"urlTemplate\":\"https:\\\/\\\/wein-werte.com\\\/de\\\/?s={search_term_string}\"},\"query-input\":{\"@type\":\"PropertyValueSpecification\",\"valueRequired\":true,\"valueName\":\"search_term_string\"}}],\"inLanguage\":\"de\"},{\"@type\":\"Organization\",\"@id\":\"https:\\\/\\\/wein-werte.com\\\/de\\\/#organization\",\"name\":\"Vins Fins Thorrold\",\"url\":\"https:\\\/\\\/wein-werte.com\\\/de\\\/\",\"logo\":{\"@type\":\"ImageObject\",\"inLanguage\":\"de\",\"@id\":\"https:\\\/\\\/wein-werte.com\\\/de\\\/#\\\/schema\\\/logo\\\/image\\\/\",\"url\":\"https:\\\/\\\/wein-werte.com\\\/wp-content\\\/uploads\\\/2023\\\/07\\\/Wein_werte_Logo700-1.png\",\"contentUrl\":\"https:\\\/\\\/wein-werte.com\\\/wp-content\\\/uploads\\\/2023\\\/07\\\/Wein_werte_Logo700-1.png\",\"width\":700,\"height\":272,\"caption\":\"Vins Fins Thorrold\"},\"image\":{\"@id\":\"https:\\\/\\\/wein-werte.com\\\/de\\\/#\\\/schema\\\/logo\\\/image\\\/\"}}]}<\/script>\n<!-- \/ Yoast SEO plugin. -->","yoast_head_json":{"title":"Pranzegg Laurenc 2020","description":"Kaufe Pranzegg Laurenc 2020 (Lagrein, trocken aus S\u00fcdtirol, Italien) bei Wein Werte, Ihrem nachhaltigen Onlineshop.","robots":{"index":"index","follow":"follow","max-snippet":"max-snippet:-1","max-image-preview":"max-image-preview:large","max-video-preview":"max-video-preview:-1"},"canonical":"https:\/\/wein-werte.com\/de\/produkt\/pranzegg-laurenc-2020-750ml\/","og_locale":"de_DE","og_type":"article","og_title":"Pranzegg Laurenc 2020","og_description":"Kaufe Pranzegg Laurenc 2020 (Lagrein, trocken aus S\u00fcdtirol, Italien) bei Wein Werte, Ihrem nachhaltigen Onlineshop.","og_url":"https:\/\/wein-werte.com\/de\/produkt\/pranzegg-laurenc-2020-750ml\/","og_site_name":"Wein Werte","og_image":[{"width":324,"height":1200,"url":"https:\/\/wein-werte.com\/wp-content\/uploads\/2026\/04\/Pranzegg-Laurenc-2020-750ml.png","type":"image\/png"}],"twitter_card":"summary_large_image","twitter_misc":{"Gesch\u00e4tzte Lesezeit":"2\u00a0Minuten"},"schema":{"@context":"https:\/\/schema.org","@graph":[{"@type":"WebPage","@id":"https:\/\/wein-werte.com\/de\/produkt\/pranzegg-laurenc-2020-750ml\/","url":"https:\/\/wein-werte.com\/de\/produkt\/pranzegg-laurenc-2020-750ml\/","name":"Pranzegg Laurenc 2020","isPartOf":{"@id":"https:\/\/wein-werte.com\/de\/#website"},"primaryImageOfPage":{"@id":"https:\/\/wein-werte.com\/de\/produkt\/pranzegg-laurenc-2020-750ml\/#primaryimage"},"image":{"@id":"https:\/\/wein-werte.com\/de\/produkt\/pranzegg-laurenc-2020-750ml\/#primaryimage"},"thumbnailUrl":"https:\/\/wein-werte.com\/wp-content\/uploads\/2026\/04\/Pranzegg-Laurenc-2020-750ml.png","datePublished":"2026-04-27T11:35:53+00:00","description":"Kaufe Pranzegg Laurenc 2020 (Lagrein, trocken aus S\u00fcdtirol, Italien) bei Wein Werte, Ihrem nachhaltigen Onlineshop.","breadcrumb":{"@id":"https:\/\/wein-werte.com\/de\/produkt\/pranzegg-laurenc-2020-750ml\/#breadcrumb"},"inLanguage":"de","potentialAction":[{"@type":"ReadAction","target":["https:\/\/wein-werte.com\/de\/produkt\/pranzegg-laurenc-2020-750ml\/"]}]},{"@type":"ImageObject","inLanguage":"de","@id":"https:\/\/wein-werte.com\/de\/produkt\/pranzegg-laurenc-2020-750ml\/#primaryimage","url":"https:\/\/wein-werte.com\/wp-content\/uploads\/2026\/04\/Pranzegg-Laurenc-2020-750ml.png","contentUrl":"https:\/\/wein-werte.com\/wp-content\/uploads\/2026\/04\/Pranzegg-Laurenc-2020-750ml.png","width":324,"height":1200,"caption":"Pranzegg Laurenc 2020 750ml"},{"@type":"BreadcrumbList","@id":"https:\/\/wein-werte.com\/de\/produkt\/pranzegg-laurenc-2020-750ml\/#breadcrumb","itemListElement":[{"@type":"ListItem","position":1,"name":"Home","item":"https:\/\/wein-werte.com\/de\/"},{"@type":"ListItem","position":2,"name":"Shop","item":"https:\/\/wein-werte.com\/de\/shop\/"},{"@type":"ListItem","position":3,"name":"Pranzegg | S\u00fcdtirol | Laurenc | 2020 | 750ml"}]},{"@type":"WebSite","@id":"https:\/\/wein-werte.com\/de\/#website","url":"https:\/\/wein-werte.com\/de\/","name":"Wein Werte","description":"","publisher":{"@id":"https:\/\/wein-werte.com\/de\/#organization"},"potentialAction":[{"@type":"SearchAction","target":{"@type":"EntryPoint","urlTemplate":"https:\/\/wein-werte.com\/de\/?s={search_term_string}"},"query-input":{"@type":"PropertyValueSpecification","valueRequired":true,"valueName":"search_term_string"}}],"inLanguage":"de"},{"@type":"Organization","@id":"https:\/\/wein-werte.com\/de\/#organization","name":"Vins Fins Thorrold","url":"https:\/\/wein-werte.com\/de\/","logo":{"@type":"ImageObject","inLanguage":"de","@id":"https:\/\/wein-werte.com\/de\/#\/schema\/logo\/image\/","url":"https:\/\/wein-werte.com\/wp-content\/uploads\/2023\/07\/Wein_werte_Logo700-1.png","contentUrl":"https:\/\/wein-werte.com\/wp-content\/uploads\/2023\/07\/Wein_werte_Logo700-1.png","width":700,"height":272,"caption":"Vins Fins Thorrold"},"image":{"@id":"https:\/\/wein-werte.com\/de\/#\/schema\/logo\/image\/"}}]}},"_links":{"self":[{"href":"https:\/\/wein-werte.com\/de\/wp-json\/wp\/v2\/product\/1136447","targetHints":{"allow":["GET"]}}],"collection":[{"href":"https:\/\/wein-werte.com\/de\/wp-json\/wp\/v2\/product"}],"about":[{"href":"https:\/\/wein-werte.com\/de\/wp-json\/wp\/v2\/types\/product"}],"wp:featuredmedia":[{"embeddable":true,"href":"https:\/\/wein-werte.com\/de\/wp-json\/wp\/v2\/media\/1146178"}],"wp:attachment":[{"href":"https:\/\/wein-werte.com\/de\/wp-json\/wp\/v2\/media?parent=1136447"}],"wp:term":[{"taxonomy":"product_brand","embeddable":true,"href":"https:\/\/wein-werte.com\/de\/wp-json\/wp\/v2\/product_brand?post=1136447"},{"taxonomy":"product_cat","embeddable":true,"href":"https:\/\/wein-werte.com\/de\/wp-json\/wp\/v2\/product_cat?post=1136447"},{"taxonomy":"product_tag","embeddable":true,"href":"https:\/\/wein-werte.com\/de\/wp-json\/wp\/v2\/product_tag?post=1136447"}],"curies":[{"name":"wp","href":"https:\/\/api.w.org\/{rel}","templated":true}]}}