{"id":1136306,"date":"2026-04-27T13:35:37","date_gmt":"2026-04-27T11:35:37","guid":{"rendered":"https:\/\/wein-werte.com\/product\/manincor-lieben-aich-2022-750ml\/"},"modified":"2026-04-27T12:06:36","modified_gmt":"2026-04-27T10:06:36","slug":"manincor-lieben-aich-2022-750ml","status":"publish","type":"product","link":"https:\/\/wein-werte.com\/de\/produkt\/manincor-lieben-aich-2022-750ml\/","title":{"rendered":"Manincor | S\u00fcdtirol | Lieben Aich DOC | 2022 | 750ml | bio"},"content":{"rendered":"<p>Produktbeschreibung f\u00fcr Manincor Lieben Aich DOC 2022 (bio) <\/p>\n<h5>Info<\/h5>\n<p> 2022 war ein nahezu perfektes Jahr auf Manincor. Das Jahr begannen seinen Verlauf fr\u00fch und hatte \u00fcber den gesamten Verlauf immer wieder verteilte Niederschl\u00e4ge. Im Sommer pr\u00e4gten sonnige Tage und k\u00fchle N\u00e4chte das Spiel. Im Herbst blieb die Sonne erhalten und sorgte f\u00fcr eine hohe physiologische Reife, intensive Aromen sowie ein gutes Verh\u00e4ltnis von S\u00fc\u00dfe, S\u00e4ure und potenziellem Alkohol. Die Lage Lieben Aich steht in Terlan auf 300 H\u00f6henmetern. Das warme, luftige Klima hier trifft auf sandige und von guter Drainage gepr\u00e4gte B\u00f6den. Im Untergrund findet man Porphyr-Verwitterungen. Die Lage ist nach Westen orientiert. Mitte September konnte man goldgelbe Trauben einbringen voller gelbfruchtiger Aromatik und 39hl\/ha Ertrag. Die Trauben werden vollst\u00e4ndig entrappt und mazerieren in der Presse f\u00fcr zw\u00f6lf Stunden. Verg\u00e4rung findet im Holzfass spontan statt und f\u00fcr zehn Monate wird auf der Feinhefe in gro\u00dfen Holzf\u00e4ssern ausgebaut. <\/p>\n<h5>Farbe<\/h5>\n<p> Leuchtendes Zitronengelb mit gr\u00fcnen Reflexen <\/p>\n<h5>Nase<\/h5>\n<p> Lieben Aich ist eine Bank f\u00fcr gro\u00dfe Sauvignon Blancs. Jahr f\u00fcr Jahr gedeihen hier Weine voller Tiefe und L\u00e4nge. Satte gelbe Frucht str\u00f6mt dabei aus dem Glas. Mirabelle, Pflaume und etwas gegrillte Ananas. Pfirsich und Maracuja wirken neben Grapefruit unterst\u00fctzend. Viel pr\u00e4gender ist allerdings seine hefige Komponente, die ihm Tiefe einhaucht. Frische Brioche sowie Hefezopf mit Mandel sind das Resultat in der Nase. Doch keineswegs s\u00fc\u00df, sondern mit viel besserer Absicht angetreten: Wohlbefinden. Er wirkt steinig, kalkig und zeigt Spuren von kaltem Rauch. Getrocknete Kr\u00e4uter wie Majoran und Thymian sowie frische Kerbel, Melisse und Petersilie versorgen ihn mit etherischer Frische. Ganz zart l\u00e4sst er noch Aromen von Artischocke und Fenchel neben Bohnenkraut durchscheinen. Die Tiefe in der Nase verdankt er auch den Aromen von Sencha-Tee, der sich ganz subtil und heimlich ausgebreitet hat. <\/p>\n<h5>Gaumen<\/h5>\n<p> Im Antrunk zeigt er direkt, wie nah die Nase am Eindruck des Mundgef\u00fchl liegt. Zun\u00e4chst baut er ordentlich Druck auf. Mit Schmelz unterlegt ist dies einfaches Unterfangen f\u00fcr den Lieben Aich 2022 sich hier zu profilieren. Dann setzt seine pr\u00e4gnante S\u00e4urestruktur ein und durchbricht diesen Moment, um ihn in die L\u00e4nge zu strecken. Neben der S\u00e4ure brilliert auch seien feien Frucht sowie vor allem die intensiven herbalen Aromen, die sich immer weiter ausbreiten. Im Nachhall lebt er dann deutlich von Sencha-Tee sowie Brennnessel.<\/p>\n<p>Copyright Vinaturel 2025<\/p>\n<p>Keywords: <a href=\"https:\/\/wein-werte.com\/de\/shop\/?swoof=1&#038;pa_producer=Manincor\">Manincor<\/a> <a href=\"https:\/\/wein-werte.com\/de\/shop\/?swoof=1&#038;woof_text=Lieben Aich DOC\">Lieben Aich DOC<\/a> 2022 bio <a href=\"https:\/\/wein-werte.com\/de\/shop\/?swoof=1&#038;pa_region=S\u00fcdtirol\">S\u00fcdtirol<\/a> <a href=\"https:\/\/wein-werte.com\/de\/shop\/?swoof=1&#038;pa_country=Italien\">Italien<\/a><\/p>\n<h3>Vinous<\/h3>\n<p>Punkte: 89<\/p>\n<p>Der Lieben Aich 2022 ist rauchig, mit Noten von zersto\u00dfenen Steinen und w\u00fcrzigen Kr\u00e4utern, die getrockneten Aprikosen und Pfirsichen weichen. Er zeigt seidige Texturen und sch\u00f6ne Obstgartenfr\u00fcchte mit einem Hauch von Minze, doch fehlt ihm die motivierende Tiefe. Im Abgang ist er griffig, mit sanfter Spannung und mittlerer L\u00e4nge. Der Lieben Aich ist ein reinsortiger Sauvignon Blanc. \u2013 Eric Guido<br \/>Trinkfenster: 2024\u20132028<br \/>Testdatum: M\u00e4rz 2024<\/p>\n<p>Internetseite des Weinguts: <a href=\"https:\/\/www.manincor.com\/en\/missionstatement.html\" target=\"_blank\">https:\/\/www.manincor.com\/en\/missionstatement.html<\/a><\/p>\n","protected":false},"excerpt":{"rendered":"<p>Lieferzeit: 1 bis 2 Arbeitstage (DE), 2 bis 5 Arbeitstage (EU and CH)<\/p>\n","protected":false},"featured_media":1146072,"template":"","meta":[],"product_brand":[],"product_cat":[19],"product_tag":[],"class_list":{"0":"post-1136306","1":"product","2":"type-product","3":"status-publish","4":"has-post-thumbnail","6":"product_cat-unkategorisiert","7":"pa_alcohol-for-filter-12897","8":"pa_certified-biodynamic-ja-de","9":"pa_certified-organic-ja-de","10":"pa_colour-weiss","11":"pa_country-italien","12":"pa_grape-sauvignon-blanc","13":"pa_price-for-filter-10640","14":"pa_producer-manincor","15":"pa_region-sudtirol","16":"pa_size-ml-6584","17":"pa_sweetness-trocken-de","18":"pa_type-2-still-de","19":"pa_vinous-points-for-filter-20023","20":"pa_vintage-2022-de","21":"entry","22":"has-media","24":"first","25":"instock","26":"taxable","27":"shipping-taxable","28":"purchasable","29":"product-type-simple"},"yoast_head":"<!-- This site is optimized with the Yoast SEO plugin v27.4 - https:\/\/yoast.com\/product\/yoast-seo-wordpress\/ -->\n<title>Manincor Lieben Aich 2022<\/title>\n<meta name=\"description\" content=\"Kaufe Manincor Lieben Aich 2022 (Sauvignon Blanc, trocken aus S\u00fcdtirol, Italien) bei Wein Werte, Ihrem nachhaltigen Onlineshop.\" \/>\n<meta name=\"robots\" content=\"index, follow, max-snippet:-1, max-image-preview:large, max-video-preview:-1\" \/>\n<link rel=\"canonical\" href=\"https:\/\/wein-werte.com\/de\/produkt\/manincor-lieben-aich-2022-750ml\/\" \/>\n<meta property=\"og:locale\" content=\"de_DE\" \/>\n<meta property=\"og:type\" content=\"article\" \/>\n<meta property=\"og:title\" content=\"Manincor Lieben Aich 2022\" \/>\n<meta property=\"og:description\" content=\"Kaufe Manincor Lieben Aich 2022 (Sauvignon Blanc, trocken aus S\u00fcdtirol, Italien) bei Wein Werte, Ihrem nachhaltigen Onlineshop.\" \/>\n<meta property=\"og:url\" content=\"https:\/\/wein-werte.com\/de\/produkt\/manincor-lieben-aich-2022-750ml\/\" \/>\n<meta property=\"og:site_name\" content=\"Wein Werte\" \/>\n<meta property=\"og:image\" content=\"https:\/\/wein-werte.com\/wp-content\/uploads\/2026\/04\/Manincor-Lieben-Aich-2022-750ml.png\" \/>\n\t<meta property=\"og:image:width\" content=\"327\" \/>\n\t<meta property=\"og:image:height\" content=\"1200\" \/>\n\t<meta property=\"og:image:type\" content=\"image\/png\" \/>\n<meta name=\"twitter:card\" content=\"summary_large_image\" \/>\n<meta name=\"twitter:label1\" content=\"Gesch\u00e4tzte Lesezeit\" \/>\n\t<meta name=\"twitter:data1\" content=\"2\u00a0Minuten\" \/>\n<script type=\"application\/ld+json\" class=\"yoast-schema-graph\">{\"@context\":\"https:\\\/\\\/schema.org\",\"@graph\":[{\"@type\":\"WebPage\",\"@id\":\"https:\\\/\\\/wein-werte.com\\\/de\\\/produkt\\\/manincor-lieben-aich-2022-750ml\\\/\",\"url\":\"https:\\\/\\\/wein-werte.com\\\/de\\\/produkt\\\/manincor-lieben-aich-2022-750ml\\\/\",\"name\":\"Manincor Lieben Aich 2022\",\"isPartOf\":{\"@id\":\"https:\\\/\\\/wein-werte.com\\\/de\\\/#website\"},\"primaryImageOfPage\":{\"@id\":\"https:\\\/\\\/wein-werte.com\\\/de\\\/produkt\\\/manincor-lieben-aich-2022-750ml\\\/#primaryimage\"},\"image\":{\"@id\":\"https:\\\/\\\/wein-werte.com\\\/de\\\/produkt\\\/manincor-lieben-aich-2022-750ml\\\/#primaryimage\"},\"thumbnailUrl\":\"https:\\\/\\\/wein-werte.com\\\/wp-content\\\/uploads\\\/2026\\\/04\\\/Manincor-Lieben-Aich-2022-750ml.png\",\"datePublished\":\"2026-04-27T11:35:37+00:00\",\"description\":\"Kaufe Manincor Lieben Aich 2022 (Sauvignon Blanc, trocken aus S\u00fcdtirol, Italien) bei Wein Werte, Ihrem nachhaltigen Onlineshop.\",\"breadcrumb\":{\"@id\":\"https:\\\/\\\/wein-werte.com\\\/de\\\/produkt\\\/manincor-lieben-aich-2022-750ml\\\/#breadcrumb\"},\"inLanguage\":\"de\",\"potentialAction\":[{\"@type\":\"ReadAction\",\"target\":[\"https:\\\/\\\/wein-werte.com\\\/de\\\/produkt\\\/manincor-lieben-aich-2022-750ml\\\/\"]}]},{\"@type\":\"ImageObject\",\"inLanguage\":\"de\",\"@id\":\"https:\\\/\\\/wein-werte.com\\\/de\\\/produkt\\\/manincor-lieben-aich-2022-750ml\\\/#primaryimage\",\"url\":\"https:\\\/\\\/wein-werte.com\\\/wp-content\\\/uploads\\\/2026\\\/04\\\/Manincor-Lieben-Aich-2022-750ml.png\",\"contentUrl\":\"https:\\\/\\\/wein-werte.com\\\/wp-content\\\/uploads\\\/2026\\\/04\\\/Manincor-Lieben-Aich-2022-750ml.png\",\"width\":327,\"height\":1200,\"caption\":\"Manincor Lieben Aich DOC 2022 750ml\"},{\"@type\":\"BreadcrumbList\",\"@id\":\"https:\\\/\\\/wein-werte.com\\\/de\\\/produkt\\\/manincor-lieben-aich-2022-750ml\\\/#breadcrumb\",\"itemListElement\":[{\"@type\":\"ListItem\",\"position\":1,\"name\":\"Home\",\"item\":\"https:\\\/\\\/wein-werte.com\\\/de\\\/\"},{\"@type\":\"ListItem\",\"position\":2,\"name\":\"Shop\",\"item\":\"https:\\\/\\\/wein-werte.com\\\/de\\\/shop\\\/\"},{\"@type\":\"ListItem\",\"position\":3,\"name\":\"Manincor | S\u00fcdtirol | Lieben Aich DOC | 2022 | 750ml | bio\"}]},{\"@type\":\"WebSite\",\"@id\":\"https:\\\/\\\/wein-werte.com\\\/de\\\/#website\",\"url\":\"https:\\\/\\\/wein-werte.com\\\/de\\\/\",\"name\":\"Wein Werte\",\"description\":\"\",\"publisher\":{\"@id\":\"https:\\\/\\\/wein-werte.com\\\/de\\\/#organization\"},\"potentialAction\":[{\"@type\":\"SearchAction\",\"target\":{\"@type\":\"EntryPoint\",\"urlTemplate\":\"https:\\\/\\\/wein-werte.com\\\/de\\\/?s={search_term_string}\"},\"query-input\":{\"@type\":\"PropertyValueSpecification\",\"valueRequired\":true,\"valueName\":\"search_term_string\"}}],\"inLanguage\":\"de\"},{\"@type\":\"Organization\",\"@id\":\"https:\\\/\\\/wein-werte.com\\\/de\\\/#organization\",\"name\":\"Vins Fins Thorrold\",\"url\":\"https:\\\/\\\/wein-werte.com\\\/de\\\/\",\"logo\":{\"@type\":\"ImageObject\",\"inLanguage\":\"de\",\"@id\":\"https:\\\/\\\/wein-werte.com\\\/de\\\/#\\\/schema\\\/logo\\\/image\\\/\",\"url\":\"https:\\\/\\\/wein-werte.com\\\/wp-content\\\/uploads\\\/2023\\\/07\\\/Wein_werte_Logo700-1.png\",\"contentUrl\":\"https:\\\/\\\/wein-werte.com\\\/wp-content\\\/uploads\\\/2023\\\/07\\\/Wein_werte_Logo700-1.png\",\"width\":700,\"height\":272,\"caption\":\"Vins Fins Thorrold\"},\"image\":{\"@id\":\"https:\\\/\\\/wein-werte.com\\\/de\\\/#\\\/schema\\\/logo\\\/image\\\/\"}}]}<\/script>\n<!-- \/ Yoast SEO plugin. -->","yoast_head_json":{"title":"Manincor Lieben Aich 2022","description":"Kaufe Manincor Lieben Aich 2022 (Sauvignon Blanc, trocken aus S\u00fcdtirol, Italien) bei Wein Werte, Ihrem nachhaltigen Onlineshop.","robots":{"index":"index","follow":"follow","max-snippet":"max-snippet:-1","max-image-preview":"max-image-preview:large","max-video-preview":"max-video-preview:-1"},"canonical":"https:\/\/wein-werte.com\/de\/produkt\/manincor-lieben-aich-2022-750ml\/","og_locale":"de_DE","og_type":"article","og_title":"Manincor Lieben Aich 2022","og_description":"Kaufe Manincor Lieben Aich 2022 (Sauvignon Blanc, trocken aus S\u00fcdtirol, Italien) bei Wein Werte, Ihrem nachhaltigen Onlineshop.","og_url":"https:\/\/wein-werte.com\/de\/produkt\/manincor-lieben-aich-2022-750ml\/","og_site_name":"Wein Werte","og_image":[{"width":327,"height":1200,"url":"https:\/\/wein-werte.com\/wp-content\/uploads\/2026\/04\/Manincor-Lieben-Aich-2022-750ml.png","type":"image\/png"}],"twitter_card":"summary_large_image","twitter_misc":{"Gesch\u00e4tzte Lesezeit":"2\u00a0Minuten"},"schema":{"@context":"https:\/\/schema.org","@graph":[{"@type":"WebPage","@id":"https:\/\/wein-werte.com\/de\/produkt\/manincor-lieben-aich-2022-750ml\/","url":"https:\/\/wein-werte.com\/de\/produkt\/manincor-lieben-aich-2022-750ml\/","name":"Manincor Lieben Aich 2022","isPartOf":{"@id":"https:\/\/wein-werte.com\/de\/#website"},"primaryImageOfPage":{"@id":"https:\/\/wein-werte.com\/de\/produkt\/manincor-lieben-aich-2022-750ml\/#primaryimage"},"image":{"@id":"https:\/\/wein-werte.com\/de\/produkt\/manincor-lieben-aich-2022-750ml\/#primaryimage"},"thumbnailUrl":"https:\/\/wein-werte.com\/wp-content\/uploads\/2026\/04\/Manincor-Lieben-Aich-2022-750ml.png","datePublished":"2026-04-27T11:35:37+00:00","description":"Kaufe Manincor Lieben Aich 2022 (Sauvignon Blanc, trocken aus S\u00fcdtirol, Italien) bei Wein Werte, Ihrem nachhaltigen Onlineshop.","breadcrumb":{"@id":"https:\/\/wein-werte.com\/de\/produkt\/manincor-lieben-aich-2022-750ml\/#breadcrumb"},"inLanguage":"de","potentialAction":[{"@type":"ReadAction","target":["https:\/\/wein-werte.com\/de\/produkt\/manincor-lieben-aich-2022-750ml\/"]}]},{"@type":"ImageObject","inLanguage":"de","@id":"https:\/\/wein-werte.com\/de\/produkt\/manincor-lieben-aich-2022-750ml\/#primaryimage","url":"https:\/\/wein-werte.com\/wp-content\/uploads\/2026\/04\/Manincor-Lieben-Aich-2022-750ml.png","contentUrl":"https:\/\/wein-werte.com\/wp-content\/uploads\/2026\/04\/Manincor-Lieben-Aich-2022-750ml.png","width":327,"height":1200,"caption":"Manincor Lieben Aich DOC 2022 750ml"},{"@type":"BreadcrumbList","@id":"https:\/\/wein-werte.com\/de\/produkt\/manincor-lieben-aich-2022-750ml\/#breadcrumb","itemListElement":[{"@type":"ListItem","position":1,"name":"Home","item":"https:\/\/wein-werte.com\/de\/"},{"@type":"ListItem","position":2,"name":"Shop","item":"https:\/\/wein-werte.com\/de\/shop\/"},{"@type":"ListItem","position":3,"name":"Manincor | S\u00fcdtirol | Lieben Aich DOC | 2022 | 750ml | bio"}]},{"@type":"WebSite","@id":"https:\/\/wein-werte.com\/de\/#website","url":"https:\/\/wein-werte.com\/de\/","name":"Wein Werte","description":"","publisher":{"@id":"https:\/\/wein-werte.com\/de\/#organization"},"potentialAction":[{"@type":"SearchAction","target":{"@type":"EntryPoint","urlTemplate":"https:\/\/wein-werte.com\/de\/?s={search_term_string}"},"query-input":{"@type":"PropertyValueSpecification","valueRequired":true,"valueName":"search_term_string"}}],"inLanguage":"de"},{"@type":"Organization","@id":"https:\/\/wein-werte.com\/de\/#organization","name":"Vins Fins Thorrold","url":"https:\/\/wein-werte.com\/de\/","logo":{"@type":"ImageObject","inLanguage":"de","@id":"https:\/\/wein-werte.com\/de\/#\/schema\/logo\/image\/","url":"https:\/\/wein-werte.com\/wp-content\/uploads\/2023\/07\/Wein_werte_Logo700-1.png","contentUrl":"https:\/\/wein-werte.com\/wp-content\/uploads\/2023\/07\/Wein_werte_Logo700-1.png","width":700,"height":272,"caption":"Vins Fins Thorrold"},"image":{"@id":"https:\/\/wein-werte.com\/de\/#\/schema\/logo\/image\/"}}]}},"_links":{"self":[{"href":"https:\/\/wein-werte.com\/de\/wp-json\/wp\/v2\/product\/1136306","targetHints":{"allow":["GET"]}}],"collection":[{"href":"https:\/\/wein-werte.com\/de\/wp-json\/wp\/v2\/product"}],"about":[{"href":"https:\/\/wein-werte.com\/de\/wp-json\/wp\/v2\/types\/product"}],"wp:featuredmedia":[{"embeddable":true,"href":"https:\/\/wein-werte.com\/de\/wp-json\/wp\/v2\/media\/1146072"}],"wp:attachment":[{"href":"https:\/\/wein-werte.com\/de\/wp-json\/wp\/v2\/media?parent=1136306"}],"wp:term":[{"taxonomy":"product_brand","embeddable":true,"href":"https:\/\/wein-werte.com\/de\/wp-json\/wp\/v2\/product_brand?post=1136306"},{"taxonomy":"product_cat","embeddable":true,"href":"https:\/\/wein-werte.com\/de\/wp-json\/wp\/v2\/product_cat?post=1136306"},{"taxonomy":"product_tag","embeddable":true,"href":"https:\/\/wein-werte.com\/de\/wp-json\/wp\/v2\/product_tag?post=1136306"}],"curies":[{"name":"wp","href":"https:\/\/api.w.org\/{rel}","templated":true}]}}