{"id":1136144,"date":"2026-05-12T15:59:32","date_gmt":"2026-05-12T13:59:32","guid":{"rendered":"https:\/\/wein-werte.com\/product\/fidora-tenuta-fraune-valpolicella-classico-superiore-2015-750ml\/"},"modified":"2026-05-12T20:00:22","modified_gmt":"2026-05-12T18:00:22","slug":"fidora-tenuta-fraune-valpolicella-classico-superiore-2015-750ml","status":"publish","type":"product","link":"https:\/\/wein-werte.com\/de\/produkt\/fidora-tenuta-fraune-valpolicella-classico-superiore-2015-750ml\/","title":{"rendered":"Fidora | Veneto | Tenuta Fraune, Valpolicella Classico Superiore DOC | 2015 | 750ml | bio"},"content":{"rendered":"<p>Produktbeschreibung f\u00fcr Fidora Tenuta Fraune, Valpolicella Classico Superiore DOC 2015 (bio) <\/p>\n<h5>Info zum Wein<\/h5>\n<p> 65 % Corvina, 25 % Corvinone, 10 % Rondinella auf Kalkstein gewachsen in 220-300 m auf den H\u00fcgeln von Illasi. <\/p>\n<h5>Farbe\/Aussehen<\/h5>\n<p> Leuchtendes Rubinrot mit deutlichen mahagonifarbenen Aufhellungen zum Rand hin. <\/p>\n<h5>Nase<\/h5>\n<p> Der 2015er Tenuta Fraune Valpolicella Classico zeigt sich wundersch\u00f6n gereift und duftet einnehmend und verf\u00fchrerisch nach Zwetschgen, Preiselbeeren, getrockneten Feigen und Rosinen. Unterlegt ist die m\u00fcrbe Frucht von Zedernholznoten, Zimt, Holzrauch und Milchschokolade. <\/p>\n<h5>Gaumen<\/h5>\n<p> Im Geschmack wartet er mit feiner Fruchts\u00fc\u00dfe, sehr sch\u00f6n ausgereiftem Gerbstoff und belebender S\u00e4ure auf. Ein Wein, der die Begleitung von Speisen mit fruchtigen, w\u00fcrzigen und pikanten Einfl\u00fcssen sucht. Leicht gek\u00fchlt aus gro\u00dfen Gl\u00e4sern genie\u00dfen.<\/p>\n<p>Copyright Vinaturel 2025<\/p>\n<p>Keywords: <a href=\"https:\/\/wein-werte.com\/de\/shop\/?swoof=1&#038;pa_producer=Fidora\">Fidora<\/a> <a href=\"https:\/\/wein-werte.com\/de\/shop\/?swoof=1&#038;woof_text=Tenuta Fraune, Valpolicella Classico Superiore DOC\">Tenuta Fraune, Valpolicella Classico Superiore DOC<\/a> 2015 bio <a href=\"https:\/\/wein-werte.com\/de\/shop\/?swoof=1&#038;pa_region=Veneto\">Veneto<\/a> <a href=\"https:\/\/wein-werte.com\/de\/shop\/?swoof=1&#038;pa_country=Italien\">Italien<\/a><\/p>\n<p>Internetseite des Weinguts: <a href=\"https:\/\/www.fidorawines.com\/en\/\" target=\"_blank\">https:\/\/www.fidorawines.com\/en\/<\/a><\/p>\n","protected":false},"excerpt":{"rendered":"<div style=\"font-size: 14px;\">\n<p>Lieferzeit: 1 bis 2 Arbeitstage (DE), 2 bis 5 Arbeitstage (EU und CH)<\/p>\n<p>Ungef\u00e4hrer Energiegehalt pro 125-ml-Glas: 110 kcal<\/p>\n<\/p><\/div>\n","protected":false},"featured_media":1145946,"template":"","meta":[],"product_brand":[],"product_cat":[19],"product_tag":[],"class_list":{"0":"post-1136144","1":"product","2":"type-product","3":"status-publish","4":"has-post-thumbnail","6":"product_cat-unkategorisiert","7":"pa_alcohol-for-filter-13-5","8":"pa_certified-biodynamic-ja-de","9":"pa_certified-organic-ja-de","10":"pa_colour-rot","11":"pa_country-italien","12":"pa_grape-corvina-cuvee","13":"pa_price-for-filter-10575","14":"pa_producer-fidora","15":"pa_region-veneto","16":"pa_size-ml-6584","17":"pa_sweetness-trocken-de","18":"pa_type-2-still-de","19":"pa_vintage-2015-de","20":"entry","21":"has-media","23":"first","24":"instock","25":"taxable","26":"shipping-taxable","27":"purchasable","28":"product-type-simple"},"yoast_head":"<!-- This site is optimized with the Yoast SEO plugin v27.6 - https:\/\/yoast.com\/product\/yoast-seo-wordpress\/ -->\n<title>Fidora Tenuta Fraune Valpolicella Classico Superiore 2015<\/title>\n<meta name=\"description\" content=\"Kaufe Fidora Tenuta Fraune Valpolicella Classico Superiore 2015 (Corvina Cuv\u00e9e, trocken aus Veneto, Italien) bei Wein Werte, Ihrem nachhaltigen Onlineshop.\" \/>\n<meta name=\"robots\" content=\"index, follow, max-snippet:-1, max-image-preview:large, max-video-preview:-1\" \/>\n<link rel=\"canonical\" href=\"https:\/\/wein-werte.com\/de\/produkt\/fidora-tenuta-fraune-valpolicella-classico-superiore-2015-750ml\/\" \/>\n<meta property=\"og:locale\" content=\"de_DE\" \/>\n<meta property=\"og:type\" content=\"article\" \/>\n<meta property=\"og:title\" content=\"Fidora Tenuta Fraune Valpolicella Classico Superiore 2015\" \/>\n<meta property=\"og:description\" content=\"Kaufe Fidora Tenuta Fraune Valpolicella Classico Superiore 2015 (Corvina Cuv\u00e9e, trocken aus Veneto, Italien) bei Wein Werte, Ihrem nachhaltigen Onlineshop.\" \/>\n<meta property=\"og:url\" content=\"https:\/\/wein-werte.com\/de\/produkt\/fidora-tenuta-fraune-valpolicella-classico-superiore-2015-750ml\/\" \/>\n<meta property=\"og:site_name\" content=\"Wein Werte\" \/>\n<meta property=\"article:modified_time\" content=\"2026-05-12T18:00:22+00:00\" \/>\n<meta property=\"og:image\" content=\"https:\/\/wein-werte.com\/wp-content\/uploads\/2026\/04\/Fidora-Tenuta-Fraune-Valpolicella-Classico-Superiore-2015-750ml.png\" \/>\n\t<meta property=\"og:image:width\" content=\"319\" \/>\n\t<meta property=\"og:image:height\" content=\"1200\" \/>\n\t<meta property=\"og:image:type\" content=\"image\/png\" \/>\n<meta name=\"twitter:card\" content=\"summary_large_image\" \/>\n<meta name=\"twitter:label1\" content=\"Gesch\u00e4tzte Lesezeit\" \/>\n\t<meta name=\"twitter:data1\" content=\"1\u00a0Minute\" \/>\n<script type=\"application\/ld+json\" class=\"yoast-schema-graph\">{\"@context\":\"https:\\\/\\\/schema.org\",\"@graph\":[{\"@type\":\"WebPage\",\"@id\":\"https:\\\/\\\/wein-werte.com\\\/de\\\/produkt\\\/fidora-tenuta-fraune-valpolicella-classico-superiore-2015-750ml\\\/\",\"url\":\"https:\\\/\\\/wein-werte.com\\\/de\\\/produkt\\\/fidora-tenuta-fraune-valpolicella-classico-superiore-2015-750ml\\\/\",\"name\":\"Fidora Tenuta Fraune Valpolicella Classico Superiore 2015\",\"isPartOf\":{\"@id\":\"https:\\\/\\\/wein-werte.com\\\/de\\\/#website\"},\"primaryImageOfPage\":{\"@id\":\"https:\\\/\\\/wein-werte.com\\\/de\\\/produkt\\\/fidora-tenuta-fraune-valpolicella-classico-superiore-2015-750ml\\\/#primaryimage\"},\"image\":{\"@id\":\"https:\\\/\\\/wein-werte.com\\\/de\\\/produkt\\\/fidora-tenuta-fraune-valpolicella-classico-superiore-2015-750ml\\\/#primaryimage\"},\"thumbnailUrl\":\"https:\\\/\\\/wein-werte.com\\\/wp-content\\\/uploads\\\/2026\\\/04\\\/Fidora-Tenuta-Fraune-Valpolicella-Classico-Superiore-2015-750ml.png\",\"datePublished\":\"2026-05-12T13:59:32+00:00\",\"dateModified\":\"2026-05-12T18:00:22+00:00\",\"description\":\"Kaufe Fidora Tenuta Fraune Valpolicella Classico Superiore 2015 (Corvina Cuv\u00e9e, trocken aus Veneto, Italien) bei Wein Werte, Ihrem nachhaltigen Onlineshop.\",\"breadcrumb\":{\"@id\":\"https:\\\/\\\/wein-werte.com\\\/de\\\/produkt\\\/fidora-tenuta-fraune-valpolicella-classico-superiore-2015-750ml\\\/#breadcrumb\"},\"inLanguage\":\"de\",\"potentialAction\":[{\"@type\":\"ReadAction\",\"target\":[\"https:\\\/\\\/wein-werte.com\\\/de\\\/produkt\\\/fidora-tenuta-fraune-valpolicella-classico-superiore-2015-750ml\\\/\"]}]},{\"@type\":\"ImageObject\",\"inLanguage\":\"de\",\"@id\":\"https:\\\/\\\/wein-werte.com\\\/de\\\/produkt\\\/fidora-tenuta-fraune-valpolicella-classico-superiore-2015-750ml\\\/#primaryimage\",\"url\":\"https:\\\/\\\/wein-werte.com\\\/wp-content\\\/uploads\\\/2026\\\/04\\\/Fidora-Tenuta-Fraune-Valpolicella-Classico-Superiore-2015-750ml.png\",\"contentUrl\":\"https:\\\/\\\/wein-werte.com\\\/wp-content\\\/uploads\\\/2026\\\/04\\\/Fidora-Tenuta-Fraune-Valpolicella-Classico-Superiore-2015-750ml.png\",\"width\":319,\"height\":1200,\"caption\":\"Fidora Tenuta Fraune, Valpolicella Classico Superiore DOC 2015 750ml\"},{\"@type\":\"BreadcrumbList\",\"@id\":\"https:\\\/\\\/wein-werte.com\\\/de\\\/produkt\\\/fidora-tenuta-fraune-valpolicella-classico-superiore-2015-750ml\\\/#breadcrumb\",\"itemListElement\":[{\"@type\":\"ListItem\",\"position\":1,\"name\":\"Home\",\"item\":\"https:\\\/\\\/wein-werte.com\\\/de\\\/\"},{\"@type\":\"ListItem\",\"position\":2,\"name\":\"Shop\",\"item\":\"https:\\\/\\\/wein-werte.com\\\/de\\\/shop\\\/\"},{\"@type\":\"ListItem\",\"position\":3,\"name\":\"Fidora | Veneto | Tenuta Fraune, Valpolicella Classico Superiore DOC | 2015 | 750ml | bio\"}]},{\"@type\":\"WebSite\",\"@id\":\"https:\\\/\\\/wein-werte.com\\\/de\\\/#website\",\"url\":\"https:\\\/\\\/wein-werte.com\\\/de\\\/\",\"name\":\"Wein Werte\",\"description\":\"\",\"publisher\":{\"@id\":\"https:\\\/\\\/wein-werte.com\\\/de\\\/#organization\"},\"potentialAction\":[{\"@type\":\"SearchAction\",\"target\":{\"@type\":\"EntryPoint\",\"urlTemplate\":\"https:\\\/\\\/wein-werte.com\\\/de\\\/?s={search_term_string}\"},\"query-input\":{\"@type\":\"PropertyValueSpecification\",\"valueRequired\":true,\"valueName\":\"search_term_string\"}}],\"inLanguage\":\"de\"},{\"@type\":\"Organization\",\"@id\":\"https:\\\/\\\/wein-werte.com\\\/de\\\/#organization\",\"name\":\"Vins Fins Thorrold\",\"url\":\"https:\\\/\\\/wein-werte.com\\\/de\\\/\",\"logo\":{\"@type\":\"ImageObject\",\"inLanguage\":\"de\",\"@id\":\"https:\\\/\\\/wein-werte.com\\\/de\\\/#\\\/schema\\\/logo\\\/image\\\/\",\"url\":\"https:\\\/\\\/wein-werte.com\\\/wp-content\\\/uploads\\\/2023\\\/07\\\/Wein_werte_Logo700-1.png\",\"contentUrl\":\"https:\\\/\\\/wein-werte.com\\\/wp-content\\\/uploads\\\/2023\\\/07\\\/Wein_werte_Logo700-1.png\",\"width\":700,\"height\":272,\"caption\":\"Vins Fins Thorrold\"},\"image\":{\"@id\":\"https:\\\/\\\/wein-werte.com\\\/de\\\/#\\\/schema\\\/logo\\\/image\\\/\"}}]}<\/script>\n<!-- \/ Yoast SEO plugin. -->","yoast_head_json":{"title":"Fidora Tenuta Fraune Valpolicella Classico Superiore 2015","description":"Kaufe Fidora Tenuta Fraune Valpolicella Classico Superiore 2015 (Corvina Cuv\u00e9e, trocken aus Veneto, Italien) bei Wein Werte, Ihrem nachhaltigen Onlineshop.","robots":{"index":"index","follow":"follow","max-snippet":"max-snippet:-1","max-image-preview":"max-image-preview:large","max-video-preview":"max-video-preview:-1"},"canonical":"https:\/\/wein-werte.com\/de\/produkt\/fidora-tenuta-fraune-valpolicella-classico-superiore-2015-750ml\/","og_locale":"de_DE","og_type":"article","og_title":"Fidora Tenuta Fraune Valpolicella Classico Superiore 2015","og_description":"Kaufe Fidora Tenuta Fraune Valpolicella Classico Superiore 2015 (Corvina Cuv\u00e9e, trocken aus Veneto, Italien) bei Wein Werte, Ihrem nachhaltigen Onlineshop.","og_url":"https:\/\/wein-werte.com\/de\/produkt\/fidora-tenuta-fraune-valpolicella-classico-superiore-2015-750ml\/","og_site_name":"Wein Werte","article_modified_time":"2026-05-12T18:00:22+00:00","og_image":[{"width":319,"height":1200,"url":"https:\/\/wein-werte.com\/wp-content\/uploads\/2026\/04\/Fidora-Tenuta-Fraune-Valpolicella-Classico-Superiore-2015-750ml.png","type":"image\/png"}],"twitter_card":"summary_large_image","twitter_misc":{"Gesch\u00e4tzte Lesezeit":"1\u00a0Minute"},"schema":{"@context":"https:\/\/schema.org","@graph":[{"@type":"WebPage","@id":"https:\/\/wein-werte.com\/de\/produkt\/fidora-tenuta-fraune-valpolicella-classico-superiore-2015-750ml\/","url":"https:\/\/wein-werte.com\/de\/produkt\/fidora-tenuta-fraune-valpolicella-classico-superiore-2015-750ml\/","name":"Fidora Tenuta Fraune Valpolicella Classico Superiore 2015","isPartOf":{"@id":"https:\/\/wein-werte.com\/de\/#website"},"primaryImageOfPage":{"@id":"https:\/\/wein-werte.com\/de\/produkt\/fidora-tenuta-fraune-valpolicella-classico-superiore-2015-750ml\/#primaryimage"},"image":{"@id":"https:\/\/wein-werte.com\/de\/produkt\/fidora-tenuta-fraune-valpolicella-classico-superiore-2015-750ml\/#primaryimage"},"thumbnailUrl":"https:\/\/wein-werte.com\/wp-content\/uploads\/2026\/04\/Fidora-Tenuta-Fraune-Valpolicella-Classico-Superiore-2015-750ml.png","datePublished":"2026-05-12T13:59:32+00:00","dateModified":"2026-05-12T18:00:22+00:00","description":"Kaufe Fidora Tenuta Fraune Valpolicella Classico Superiore 2015 (Corvina Cuv\u00e9e, trocken aus Veneto, Italien) bei Wein Werte, Ihrem nachhaltigen Onlineshop.","breadcrumb":{"@id":"https:\/\/wein-werte.com\/de\/produkt\/fidora-tenuta-fraune-valpolicella-classico-superiore-2015-750ml\/#breadcrumb"},"inLanguage":"de","potentialAction":[{"@type":"ReadAction","target":["https:\/\/wein-werte.com\/de\/produkt\/fidora-tenuta-fraune-valpolicella-classico-superiore-2015-750ml\/"]}]},{"@type":"ImageObject","inLanguage":"de","@id":"https:\/\/wein-werte.com\/de\/produkt\/fidora-tenuta-fraune-valpolicella-classico-superiore-2015-750ml\/#primaryimage","url":"https:\/\/wein-werte.com\/wp-content\/uploads\/2026\/04\/Fidora-Tenuta-Fraune-Valpolicella-Classico-Superiore-2015-750ml.png","contentUrl":"https:\/\/wein-werte.com\/wp-content\/uploads\/2026\/04\/Fidora-Tenuta-Fraune-Valpolicella-Classico-Superiore-2015-750ml.png","width":319,"height":1200,"caption":"Fidora Tenuta Fraune, Valpolicella Classico Superiore DOC 2015 750ml"},{"@type":"BreadcrumbList","@id":"https:\/\/wein-werte.com\/de\/produkt\/fidora-tenuta-fraune-valpolicella-classico-superiore-2015-750ml\/#breadcrumb","itemListElement":[{"@type":"ListItem","position":1,"name":"Home","item":"https:\/\/wein-werte.com\/de\/"},{"@type":"ListItem","position":2,"name":"Shop","item":"https:\/\/wein-werte.com\/de\/shop\/"},{"@type":"ListItem","position":3,"name":"Fidora | Veneto | Tenuta Fraune, Valpolicella Classico Superiore DOC | 2015 | 750ml | bio"}]},{"@type":"WebSite","@id":"https:\/\/wein-werte.com\/de\/#website","url":"https:\/\/wein-werte.com\/de\/","name":"Wein Werte","description":"","publisher":{"@id":"https:\/\/wein-werte.com\/de\/#organization"},"potentialAction":[{"@type":"SearchAction","target":{"@type":"EntryPoint","urlTemplate":"https:\/\/wein-werte.com\/de\/?s={search_term_string}"},"query-input":{"@type":"PropertyValueSpecification","valueRequired":true,"valueName":"search_term_string"}}],"inLanguage":"de"},{"@type":"Organization","@id":"https:\/\/wein-werte.com\/de\/#organization","name":"Vins Fins Thorrold","url":"https:\/\/wein-werte.com\/de\/","logo":{"@type":"ImageObject","inLanguage":"de","@id":"https:\/\/wein-werte.com\/de\/#\/schema\/logo\/image\/","url":"https:\/\/wein-werte.com\/wp-content\/uploads\/2023\/07\/Wein_werte_Logo700-1.png","contentUrl":"https:\/\/wein-werte.com\/wp-content\/uploads\/2023\/07\/Wein_werte_Logo700-1.png","width":700,"height":272,"caption":"Vins Fins Thorrold"},"image":{"@id":"https:\/\/wein-werte.com\/de\/#\/schema\/logo\/image\/"}}]}},"_links":{"self":[{"href":"https:\/\/wein-werte.com\/de\/wp-json\/wp\/v2\/product\/1136144","targetHints":{"allow":["GET"]}}],"collection":[{"href":"https:\/\/wein-werte.com\/de\/wp-json\/wp\/v2\/product"}],"about":[{"href":"https:\/\/wein-werte.com\/de\/wp-json\/wp\/v2\/types\/product"}],"wp:featuredmedia":[{"embeddable":true,"href":"https:\/\/wein-werte.com\/de\/wp-json\/wp\/v2\/media\/1145946"}],"wp:attachment":[{"href":"https:\/\/wein-werte.com\/de\/wp-json\/wp\/v2\/media?parent=1136144"}],"wp:term":[{"taxonomy":"product_brand","embeddable":true,"href":"https:\/\/wein-werte.com\/de\/wp-json\/wp\/v2\/product_brand?post=1136144"},{"taxonomy":"product_cat","embeddable":true,"href":"https:\/\/wein-werte.com\/de\/wp-json\/wp\/v2\/product_cat?post=1136144"},{"taxonomy":"product_tag","embeddable":true,"href":"https:\/\/wein-werte.com\/de\/wp-json\/wp\/v2\/product_tag?post=1136144"}],"curies":[{"name":"wp","href":"https:\/\/api.w.org\/{rel}","templated":true}]}}