{"id":1136133,"date":"2026-05-05T18:34:51","date_gmt":"2026-05-05T16:34:51","guid":{"rendered":"https:\/\/wein-werte.com\/product\/casa-coste-piane-brichet-frizzante-naturalmente-750ml\/"},"modified":"2026-04-27T12:06:13","modified_gmt":"2026-04-27T10:06:13","slug":"casa-coste-piane-brichet-frizzante-naturalmente-750ml","status":"publish","type":"product","link":"https:\/\/wein-werte.com\/de\/produkt\/casa-coste-piane-brichet-frizzante-naturalmente-750ml\/","title":{"rendered":"Casa Coste Piane | Veneto | Brichet, Colli Trevigiani IGT, Frizzante Naturalmente | NV | 750ml"},"content":{"rendered":"<p>Produktbeschreibung f\u00fcr Casa Coste Piane Brichet, Colli Trevigiani IGT, Frizzante Naturalmente NV <\/p>\n<p> Die Casa Coste Piane liegt im Herzgebiet des klassischen Prosecco-Gebietes in Santo Stefano di Valdobbiadene. Der Betrieb umfasst gut sechs Hektar und wird vollumf\u00e4nglich biologisch bewirtschaftet. Die Weing\u00e4rten liegen zwischen 250 und 400 Metern Meeresh\u00f6he auf mageren Mergelb\u00f6den, die St\u00f6cke sind durchschnittlich 80 Jahre alt. Das Rebmaterial von Coste Piane stammt ausschlie\u00dflich aus selektionierten St\u00f6cken, die mit der Selektion Massale f\u00fcr einen gut durchmischten Genpool ohne Klone vermehrt wurden. Die Trauben werden ausschlie\u00dflich von Hand gelesen und es wird nur der Saft der ersten Pressung, der Tete de Cuv\u00e9e verwendet, bevor der Most spontan mit eigenen Hefen verg\u00e4rt. Im Fr\u00fchjahr wird der noch nicht vollst\u00e4ndige Most nach alter Tradition gef\u00fcllt, um in der Flasche die G\u00e4rung zu beenden. Casa Coste Piane ist Teil des Consorzio Vini Veri, das sich zum Ziel gesetzt hat, nat\u00fcrliche Weine zu erzeugen und das perfekte Gleichgewicht zwischen menschlichen Eingriffen und den Zyklen der Natur wiederherstellen. <\/p>\n<p>Copyright Vinaturel 2025<\/p>\n<p>Keywords: <a href=\"https:\/\/wein-werte.com\/de\/shop\/?swoof=1&#038;pa_producer=Casa-Coste-Piane\">Casa Coste Piane<\/a> <a href=\"https:\/\/wein-werte.com\/de\/shop\/?swoof=1&#038;woof_text=Brichet, Colli Trevigiani IGT, Frizzante Naturalmente\">Brichet, Colli Trevigiani IGT, Frizzante Naturalmente<\/a> NV  <a href=\"https:\/\/wein-werte.com\/de\/shop\/?swoof=1&#038;pa_region=Veneto\">Veneto<\/a> <a href=\"https:\/\/wein-werte.com\/de\/shop\/?swoof=1&#038;pa_country=Italien\">Italien<\/a><\/p>\n<p>Internetseite des Weinguts: <a href=\"https:\/\/www.casacostepiane.it\/it\/Home\" target=\"_blank\">https:\/\/www.casacostepiane.it\/it\/Home<\/a><\/p>\n","protected":false},"excerpt":{"rendered":"<p>Lieferzeit: 1 bis 2 Arbeitstage (DE), 2 bis 5 Arbeitstage (EU and CH)<\/p>\n","protected":false},"featured_media":1145938,"template":"","meta":[],"product_brand":[],"product_cat":[19],"product_tag":[],"class_list":{"0":"post-1136133","1":"product","2":"type-product","3":"status-publish","4":"has-post-thumbnail","6":"product_cat-unkategorisiert","7":"pa_alcohol-for-filter-12895","8":"pa_certified-biodynamic-nein-de","9":"pa_certified-organic-nein-de","10":"pa_colour-weiss","11":"pa_country-italien","12":"pa_grape-glera-cuvee","13":"pa_price-for-filter-10589","14":"pa_producer-casa-coste-piane","15":"pa_region-veneto","16":"pa_size-ml-6584","17":"pa_sweetness-trocken-de","18":"pa_type-2-prosecco-de","19":"pa_vintage-nv-de","20":"entry","21":"has-media","23":"first","24":"instock","25":"taxable","26":"shipping-taxable","27":"purchasable","28":"product-type-simple"},"yoast_head":"<!-- This site is optimized with the Yoast SEO plugin v27.5 - https:\/\/yoast.com\/product\/yoast-seo-wordpress\/ -->\n<title>Casa Coste Piane Brichet Frizzante Naturalmente<\/title>\n<meta name=\"description\" content=\"Kaufe Casa Coste Piane Brichet Frizzante Naturalmente (Glera Cuv\u00e9e, trocken Schaumwein aus Veneto, Italien) bei Wein Werte, Ihrem nachhaltigen Onlineshop.\" \/>\n<meta name=\"robots\" content=\"index, follow, max-snippet:-1, max-image-preview:large, max-video-preview:-1\" \/>\n<link rel=\"canonical\" href=\"https:\/\/wein-werte.com\/de\/produkt\/casa-coste-piane-brichet-frizzante-naturalmente-750ml\/\" \/>\n<meta property=\"og:locale\" content=\"de_DE\" \/>\n<meta property=\"og:type\" content=\"article\" \/>\n<meta property=\"og:title\" content=\"Casa Coste Piane Brichet Frizzante Naturalmente\" \/>\n<meta property=\"og:description\" content=\"Kaufe Casa Coste Piane Brichet Frizzante Naturalmente (Glera Cuv\u00e9e, trocken Schaumwein aus Veneto, Italien) bei Wein Werte, Ihrem nachhaltigen Onlineshop.\" \/>\n<meta property=\"og:url\" content=\"https:\/\/wein-werte.com\/de\/produkt\/casa-coste-piane-brichet-frizzante-naturalmente-750ml\/\" \/>\n<meta property=\"og:site_name\" content=\"Wein Werte\" \/>\n<meta property=\"og:image\" content=\"https:\/\/wein-werte.com\/wp-content\/uploads\/2026\/04\/Casa-Coste-Piane-Brichet-Frizzante-Naturalmente-750ml.png\" \/>\n\t<meta property=\"og:image:width\" content=\"313\" \/>\n\t<meta property=\"og:image:height\" content=\"1136\" \/>\n\t<meta property=\"og:image:type\" content=\"image\/png\" \/>\n<meta name=\"twitter:card\" content=\"summary_large_image\" \/>\n<meta name=\"twitter:label1\" content=\"Gesch\u00e4tzte Lesezeit\" \/>\n\t<meta name=\"twitter:data1\" content=\"1\u00a0Minute\" \/>\n<script type=\"application\/ld+json\" class=\"yoast-schema-graph\">{\"@context\":\"https:\\\/\\\/schema.org\",\"@graph\":[{\"@type\":\"WebPage\",\"@id\":\"https:\\\/\\\/wein-werte.com\\\/de\\\/produkt\\\/casa-coste-piane-brichet-frizzante-naturalmente-750ml\\\/\",\"url\":\"https:\\\/\\\/wein-werte.com\\\/de\\\/produkt\\\/casa-coste-piane-brichet-frizzante-naturalmente-750ml\\\/\",\"name\":\"Casa Coste Piane Brichet Frizzante Naturalmente\",\"isPartOf\":{\"@id\":\"https:\\\/\\\/wein-werte.com\\\/de\\\/#website\"},\"primaryImageOfPage\":{\"@id\":\"https:\\\/\\\/wein-werte.com\\\/de\\\/produkt\\\/casa-coste-piane-brichet-frizzante-naturalmente-750ml\\\/#primaryimage\"},\"image\":{\"@id\":\"https:\\\/\\\/wein-werte.com\\\/de\\\/produkt\\\/casa-coste-piane-brichet-frizzante-naturalmente-750ml\\\/#primaryimage\"},\"thumbnailUrl\":\"https:\\\/\\\/wein-werte.com\\\/wp-content\\\/uploads\\\/2026\\\/04\\\/Casa-Coste-Piane-Brichet-Frizzante-Naturalmente-750ml.png\",\"datePublished\":\"2026-05-05T16:34:51+00:00\",\"description\":\"Kaufe Casa Coste Piane Brichet Frizzante Naturalmente (Glera Cuv\u00e9e, trocken Schaumwein aus Veneto, Italien) bei Wein Werte, Ihrem nachhaltigen Onlineshop.\",\"breadcrumb\":{\"@id\":\"https:\\\/\\\/wein-werte.com\\\/de\\\/produkt\\\/casa-coste-piane-brichet-frizzante-naturalmente-750ml\\\/#breadcrumb\"},\"inLanguage\":\"de\",\"potentialAction\":[{\"@type\":\"ReadAction\",\"target\":[\"https:\\\/\\\/wein-werte.com\\\/de\\\/produkt\\\/casa-coste-piane-brichet-frizzante-naturalmente-750ml\\\/\"]}]},{\"@type\":\"ImageObject\",\"inLanguage\":\"de\",\"@id\":\"https:\\\/\\\/wein-werte.com\\\/de\\\/produkt\\\/casa-coste-piane-brichet-frizzante-naturalmente-750ml\\\/#primaryimage\",\"url\":\"https:\\\/\\\/wein-werte.com\\\/wp-content\\\/uploads\\\/2026\\\/04\\\/Casa-Coste-Piane-Brichet-Frizzante-Naturalmente-750ml.png\",\"contentUrl\":\"https:\\\/\\\/wein-werte.com\\\/wp-content\\\/uploads\\\/2026\\\/04\\\/Casa-Coste-Piane-Brichet-Frizzante-Naturalmente-750ml.png\",\"width\":313,\"height\":1136,\"caption\":\"Casa Coste Piane Brichet, Colli Trevigiani IGT, Frizzante Naturalmente NV 750ml\"},{\"@type\":\"BreadcrumbList\",\"@id\":\"https:\\\/\\\/wein-werte.com\\\/de\\\/produkt\\\/casa-coste-piane-brichet-frizzante-naturalmente-750ml\\\/#breadcrumb\",\"itemListElement\":[{\"@type\":\"ListItem\",\"position\":1,\"name\":\"Home\",\"item\":\"https:\\\/\\\/wein-werte.com\\\/de\\\/\"},{\"@type\":\"ListItem\",\"position\":2,\"name\":\"Shop\",\"item\":\"https:\\\/\\\/wein-werte.com\\\/de\\\/shop\\\/\"},{\"@type\":\"ListItem\",\"position\":3,\"name\":\"Casa Coste Piane | Veneto | Brichet, Colli Trevigiani IGT, Frizzante Naturalmente | NV | 750ml\"}]},{\"@type\":\"WebSite\",\"@id\":\"https:\\\/\\\/wein-werte.com\\\/de\\\/#website\",\"url\":\"https:\\\/\\\/wein-werte.com\\\/de\\\/\",\"name\":\"Wein Werte\",\"description\":\"\",\"publisher\":{\"@id\":\"https:\\\/\\\/wein-werte.com\\\/de\\\/#organization\"},\"potentialAction\":[{\"@type\":\"SearchAction\",\"target\":{\"@type\":\"EntryPoint\",\"urlTemplate\":\"https:\\\/\\\/wein-werte.com\\\/de\\\/?s={search_term_string}\"},\"query-input\":{\"@type\":\"PropertyValueSpecification\",\"valueRequired\":true,\"valueName\":\"search_term_string\"}}],\"inLanguage\":\"de\"},{\"@type\":\"Organization\",\"@id\":\"https:\\\/\\\/wein-werte.com\\\/de\\\/#organization\",\"name\":\"Vins Fins Thorrold\",\"url\":\"https:\\\/\\\/wein-werte.com\\\/de\\\/\",\"logo\":{\"@type\":\"ImageObject\",\"inLanguage\":\"de\",\"@id\":\"https:\\\/\\\/wein-werte.com\\\/de\\\/#\\\/schema\\\/logo\\\/image\\\/\",\"url\":\"https:\\\/\\\/wein-werte.com\\\/wp-content\\\/uploads\\\/2023\\\/07\\\/Wein_werte_Logo700-1.png\",\"contentUrl\":\"https:\\\/\\\/wein-werte.com\\\/wp-content\\\/uploads\\\/2023\\\/07\\\/Wein_werte_Logo700-1.png\",\"width\":700,\"height\":272,\"caption\":\"Vins Fins Thorrold\"},\"image\":{\"@id\":\"https:\\\/\\\/wein-werte.com\\\/de\\\/#\\\/schema\\\/logo\\\/image\\\/\"}}]}<\/script>\n<!-- \/ Yoast SEO plugin. -->","yoast_head_json":{"title":"Casa Coste Piane Brichet Frizzante Naturalmente","description":"Kaufe Casa Coste Piane Brichet Frizzante Naturalmente (Glera Cuv\u00e9e, trocken Schaumwein aus Veneto, Italien) bei Wein Werte, Ihrem nachhaltigen Onlineshop.","robots":{"index":"index","follow":"follow","max-snippet":"max-snippet:-1","max-image-preview":"max-image-preview:large","max-video-preview":"max-video-preview:-1"},"canonical":"https:\/\/wein-werte.com\/de\/produkt\/casa-coste-piane-brichet-frizzante-naturalmente-750ml\/","og_locale":"de_DE","og_type":"article","og_title":"Casa Coste Piane Brichet Frizzante Naturalmente","og_description":"Kaufe Casa Coste Piane Brichet Frizzante Naturalmente (Glera Cuv\u00e9e, trocken Schaumwein aus Veneto, Italien) bei Wein Werte, Ihrem nachhaltigen Onlineshop.","og_url":"https:\/\/wein-werte.com\/de\/produkt\/casa-coste-piane-brichet-frizzante-naturalmente-750ml\/","og_site_name":"Wein Werte","og_image":[{"width":313,"height":1136,"url":"https:\/\/wein-werte.com\/wp-content\/uploads\/2026\/04\/Casa-Coste-Piane-Brichet-Frizzante-Naturalmente-750ml.png","type":"image\/png"}],"twitter_card":"summary_large_image","twitter_misc":{"Gesch\u00e4tzte Lesezeit":"1\u00a0Minute"},"schema":{"@context":"https:\/\/schema.org","@graph":[{"@type":"WebPage","@id":"https:\/\/wein-werte.com\/de\/produkt\/casa-coste-piane-brichet-frizzante-naturalmente-750ml\/","url":"https:\/\/wein-werte.com\/de\/produkt\/casa-coste-piane-brichet-frizzante-naturalmente-750ml\/","name":"Casa Coste Piane Brichet Frizzante Naturalmente","isPartOf":{"@id":"https:\/\/wein-werte.com\/de\/#website"},"primaryImageOfPage":{"@id":"https:\/\/wein-werte.com\/de\/produkt\/casa-coste-piane-brichet-frizzante-naturalmente-750ml\/#primaryimage"},"image":{"@id":"https:\/\/wein-werte.com\/de\/produkt\/casa-coste-piane-brichet-frizzante-naturalmente-750ml\/#primaryimage"},"thumbnailUrl":"https:\/\/wein-werte.com\/wp-content\/uploads\/2026\/04\/Casa-Coste-Piane-Brichet-Frizzante-Naturalmente-750ml.png","datePublished":"2026-05-05T16:34:51+00:00","description":"Kaufe Casa Coste Piane Brichet Frizzante Naturalmente (Glera Cuv\u00e9e, trocken Schaumwein aus Veneto, Italien) bei Wein Werte, Ihrem nachhaltigen Onlineshop.","breadcrumb":{"@id":"https:\/\/wein-werte.com\/de\/produkt\/casa-coste-piane-brichet-frizzante-naturalmente-750ml\/#breadcrumb"},"inLanguage":"de","potentialAction":[{"@type":"ReadAction","target":["https:\/\/wein-werte.com\/de\/produkt\/casa-coste-piane-brichet-frizzante-naturalmente-750ml\/"]}]},{"@type":"ImageObject","inLanguage":"de","@id":"https:\/\/wein-werte.com\/de\/produkt\/casa-coste-piane-brichet-frizzante-naturalmente-750ml\/#primaryimage","url":"https:\/\/wein-werte.com\/wp-content\/uploads\/2026\/04\/Casa-Coste-Piane-Brichet-Frizzante-Naturalmente-750ml.png","contentUrl":"https:\/\/wein-werte.com\/wp-content\/uploads\/2026\/04\/Casa-Coste-Piane-Brichet-Frizzante-Naturalmente-750ml.png","width":313,"height":1136,"caption":"Casa Coste Piane Brichet, Colli Trevigiani IGT, Frizzante Naturalmente NV 750ml"},{"@type":"BreadcrumbList","@id":"https:\/\/wein-werte.com\/de\/produkt\/casa-coste-piane-brichet-frizzante-naturalmente-750ml\/#breadcrumb","itemListElement":[{"@type":"ListItem","position":1,"name":"Home","item":"https:\/\/wein-werte.com\/de\/"},{"@type":"ListItem","position":2,"name":"Shop","item":"https:\/\/wein-werte.com\/de\/shop\/"},{"@type":"ListItem","position":3,"name":"Casa Coste Piane | Veneto | Brichet, Colli Trevigiani IGT, Frizzante Naturalmente | NV | 750ml"}]},{"@type":"WebSite","@id":"https:\/\/wein-werte.com\/de\/#website","url":"https:\/\/wein-werte.com\/de\/","name":"Wein Werte","description":"","publisher":{"@id":"https:\/\/wein-werte.com\/de\/#organization"},"potentialAction":[{"@type":"SearchAction","target":{"@type":"EntryPoint","urlTemplate":"https:\/\/wein-werte.com\/de\/?s={search_term_string}"},"query-input":{"@type":"PropertyValueSpecification","valueRequired":true,"valueName":"search_term_string"}}],"inLanguage":"de"},{"@type":"Organization","@id":"https:\/\/wein-werte.com\/de\/#organization","name":"Vins Fins Thorrold","url":"https:\/\/wein-werte.com\/de\/","logo":{"@type":"ImageObject","inLanguage":"de","@id":"https:\/\/wein-werte.com\/de\/#\/schema\/logo\/image\/","url":"https:\/\/wein-werte.com\/wp-content\/uploads\/2023\/07\/Wein_werte_Logo700-1.png","contentUrl":"https:\/\/wein-werte.com\/wp-content\/uploads\/2023\/07\/Wein_werte_Logo700-1.png","width":700,"height":272,"caption":"Vins Fins Thorrold"},"image":{"@id":"https:\/\/wein-werte.com\/de\/#\/schema\/logo\/image\/"}}]}},"_links":{"self":[{"href":"https:\/\/wein-werte.com\/de\/wp-json\/wp\/v2\/product\/1136133","targetHints":{"allow":["GET"]}}],"collection":[{"href":"https:\/\/wein-werte.com\/de\/wp-json\/wp\/v2\/product"}],"about":[{"href":"https:\/\/wein-werte.com\/de\/wp-json\/wp\/v2\/types\/product"}],"wp:featuredmedia":[{"embeddable":true,"href":"https:\/\/wein-werte.com\/de\/wp-json\/wp\/v2\/media\/1145938"}],"wp:attachment":[{"href":"https:\/\/wein-werte.com\/de\/wp-json\/wp\/v2\/media?parent=1136133"}],"wp:term":[{"taxonomy":"product_brand","embeddable":true,"href":"https:\/\/wein-werte.com\/de\/wp-json\/wp\/v2\/product_brand?post=1136133"},{"taxonomy":"product_cat","embeddable":true,"href":"https:\/\/wein-werte.com\/de\/wp-json\/wp\/v2\/product_cat?post=1136133"},{"taxonomy":"product_tag","embeddable":true,"href":"https:\/\/wein-werte.com\/de\/wp-json\/wp\/v2\/product_tag?post=1136133"}],"curies":[{"name":"wp","href":"https:\/\/api.w.org\/{rel}","templated":true}]}}