{"id":1136096,"date":"2026-05-05T18:34:48","date_gmt":"2026-05-05T16:34:48","guid":{"rendered":"https:\/\/wein-werte.com\/product\/charles-joguet-clos-de-la-dioterie-monopole-2019-750ml\/"},"modified":"2026-04-27T12:06:08","modified_gmt":"2026-04-27T10:06:08","slug":"charles-joguet-clos-de-la-dioterie-monopole-2019-750ml","status":"publish","type":"product","link":"https:\/\/wein-werte.com\/de\/produkt\/charles-joguet-clos-de-la-dioterie-monopole-2019-750ml\/","title":{"rendered":"Charles Joguet | Loire | Clos de la Dioterie, Monopole AOC | 2019 | 750ml | bio"},"content":{"rendered":"<p>Produktbeschreibung f\u00fcr Charles Joguet Clos de la Dioterie, Monopole AOC 2019 (bio) <\/p>\n<h5>Informationen zum Wein<\/h5>\n<p> Der Clos de la Dioterie ist der ber\u00fchmteste Weinberg der Domaine. Er wurde bereits im Mittelalter erw\u00e4hnt, als er noch eine komplette Umfriedung besa\u00df, und er liegt unweit der Vienne direkt am Weingut. Der recht flache Weinberg ist im Oberboden von Lehm, im Unterboden von Kalk und Glimmer gepr\u00e4gt. Die Rebst\u00f6cke sind 90 bis 100 Jahre alt. Der Cabernet Franc erh\u00e4lt f\u00fcr zehn Tage eine k\u00fchle Vorverg\u00e4rung bei 10 \u00b0C. Die Maischeg\u00e4rung in Holzbottichen dauert rund vier Wochen bei Temperaturen von h\u00f6chstens 21 \u00b0C. Sobald die alkoholische G\u00e4rung abgeschlossen ist, erfolgt die Assemblage der Vorlaufweine und der besten Pressweine f\u00fcr die malolaktische G\u00e4rung. Die F\u00e4sser aus franz\u00f6sischer Eiche werden jedes Jahr teilweise erneuert, sodass jeweils rund ein F\u00fcnftel der F\u00e4sser neu und ein- bis vierj\u00e4hrig ist. Die Jahrg\u00e4nge reifen danach 15 bis 16 Monate lang im Holz, ein weiteres halbes Jahr zur Harmonisierung im Tank und werden dann gef\u00fcllt. <\/p>\n<h5>Farbe<\/h5>\n<p> leicht transparentes Granatrot <\/p>\n<h5>Nase<\/h5>\n<p> Tief und voll pr\u00e4sentiert sich der 2019er Clos de la Dioterie mit einer Cabernet Franc-Nase wie aus dem Bilderbuch. So elegant und doch bodenst\u00e4ndig, so fein und doch herb schafft das nur ein Wein aus einem exzellenten Jahrgang. Es finden sich dezentes Pyrazin, viel Kalk und Kreide, dazu die Frucht von Brombeeren, Berberitzen, Cranberrys und etwas Johannisbeere mit Str\u00fcnken. Die rote Frucht ist unterlegt mit Paprika, Tomate und feinem Holz. <\/p>\n<h5>Gaumen<\/h5>\n<p> Am Gaumen zeigt sich die ganze Kraft in Verbindung mit viel Eleganz. Das Tannin wirkt runder als beim Les Varennes, ist aber immer noch blutjung und zeigt vor allem das Potential des Weins. Die Frucht ist hier \u2013\u00a0wie bei Joguet \u00fcblich \u2013 klar und transparent, der Chinon dicht, seidig und schon jetzt sehr perfekt.<\/p>\n<p>Copyright Vinaturel 2025<\/p>\n<p>Keywords: <a href=\"https:\/\/wein-werte.com\/de\/shop\/?swoof=1&#038;pa_producer=Charles-Joguet\">Charles Joguet<\/a> <a href=\"https:\/\/wein-werte.com\/de\/shop\/?swoof=1&#038;woof_text=Clos de la Dioterie, Monopole AOC\">Clos de la Dioterie, Monopole AOC<\/a> 2019 bio <a href=\"https:\/\/wein-werte.com\/de\/shop\/?swoof=1&#038;pa_region=Loire\">Loire<\/a> <a href=\"https:\/\/wein-werte.com\/de\/shop\/?swoof=1&#038;pa_country=Frankreich\">Frankreich<\/a><\/p>\n<h3>Vinous<\/h3>\n<p>Punkte: 95<\/p>\n<p>Der Clos de la Dioterie 2019 ist ein raffinierter, verf\u00fchrerisch duftender Wein \u2013 ausdrucksstark und zugleich aromatisch. Seine konzentrierten Aromen sind rein; er bleibt leicht und elegant, mit einer k\u00f6stlichen, kalkigen, schleierartigen Textur, die auf der Zunge verweilt, w\u00e4hrend der Abgang mit Pr\u00e4zision, Kraft und Linie ausklingt. Ein feiner, strukturell faszinierender Wein. \u2013 Rebecca Gibb MW<br \/>Trinkfenster: 2025\u20132038<br \/>Bewertungsdatum: Januar 2024<\/p>\n<p>Internetseite des Weinguts: <a href=\"https:\/\/www.charlesjoguet.com\/\" target=\"_blank\">https:\/\/www.charlesjoguet.com\/<\/a><\/p>\n","protected":false},"excerpt":{"rendered":"<p>Lieferzeit: 1 bis 2 Arbeitstage (DE), 2 bis 5 Arbeitstage (EU and CH)<\/p>\n","protected":false},"featured_media":1145910,"template":"","meta":[],"product_brand":[],"product_cat":[19],"product_tag":[],"class_list":{"0":"post-1136096","1":"product","2":"type-product","3":"status-publish","4":"has-post-thumbnail","6":"product_cat-unkategorisiert","7":"pa_alcohol-for-filter-13-5","8":"pa_certified-biodynamic-nein-de","9":"pa_certified-organic-ja-de","10":"pa_colour-rot","11":"pa_country-frankreich","12":"pa_grape-cabernet-franc","13":"pa_price-for-filter-10604","14":"pa_producer-charles-joguet","15":"pa_region-loire","16":"pa_size-ml-6584","17":"pa_sweetness-trocken-de","18":"pa_type-2-still-de","19":"pa_vinous-points-for-filter-20035","20":"pa_vintage-2019-de","21":"entry","22":"has-media","24":"first","25":"instock","26":"taxable","27":"shipping-taxable","28":"purchasable","29":"product-type-simple"},"yoast_head":"<!-- This site is optimized with the Yoast SEO plugin v27.5 - https:\/\/yoast.com\/product\/yoast-seo-wordpress\/ -->\n<title>Charles Joguet Clos de la Dioterie Monopole 2019<\/title>\n<meta name=\"description\" content=\"Kaufe Charles Joguet Clos de la Dioterie Monopole 2019 (Cabernet Franc, trocken aus Loire, Frankreich) bei Wein Werte, Ihrem nachhaltigen Onlineshop.\" \/>\n<meta name=\"robots\" content=\"index, follow, max-snippet:-1, max-image-preview:large, max-video-preview:-1\" \/>\n<link rel=\"canonical\" href=\"https:\/\/wein-werte.com\/de\/produkt\/charles-joguet-clos-de-la-dioterie-monopole-2019-750ml\/\" \/>\n<meta property=\"og:locale\" content=\"de_DE\" \/>\n<meta property=\"og:type\" content=\"article\" \/>\n<meta property=\"og:title\" content=\"Charles Joguet Clos de la Dioterie Monopole 2019\" \/>\n<meta property=\"og:description\" content=\"Kaufe Charles Joguet Clos de la Dioterie Monopole 2019 (Cabernet Franc, trocken aus Loire, Frankreich) bei Wein Werte, Ihrem nachhaltigen Onlineshop.\" \/>\n<meta property=\"og:url\" content=\"https:\/\/wein-werte.com\/de\/produkt\/charles-joguet-clos-de-la-dioterie-monopole-2019-750ml\/\" \/>\n<meta property=\"og:site_name\" content=\"Wein Werte\" \/>\n<meta property=\"og:image\" content=\"https:\/\/wein-werte.com\/wp-content\/uploads\/2026\/04\/Charles-Joguet-Clos-de-la-Dioterie-Monopole-2019-750ml.png\" \/>\n\t<meta property=\"og:image:width\" content=\"305\" \/>\n\t<meta property=\"og:image:height\" content=\"1200\" \/>\n\t<meta property=\"og:image:type\" content=\"image\/png\" \/>\n<meta name=\"twitter:card\" content=\"summary_large_image\" \/>\n<meta name=\"twitter:label1\" content=\"Gesch\u00e4tzte Lesezeit\" \/>\n\t<meta name=\"twitter:data1\" content=\"2\u00a0Minuten\" \/>\n<script type=\"application\/ld+json\" class=\"yoast-schema-graph\">{\"@context\":\"https:\\\/\\\/schema.org\",\"@graph\":[{\"@type\":\"WebPage\",\"@id\":\"https:\\\/\\\/wein-werte.com\\\/de\\\/produkt\\\/charles-joguet-clos-de-la-dioterie-monopole-2019-750ml\\\/\",\"url\":\"https:\\\/\\\/wein-werte.com\\\/de\\\/produkt\\\/charles-joguet-clos-de-la-dioterie-monopole-2019-750ml\\\/\",\"name\":\"Charles Joguet Clos de la Dioterie Monopole 2019\",\"isPartOf\":{\"@id\":\"https:\\\/\\\/wein-werte.com\\\/de\\\/#website\"},\"primaryImageOfPage\":{\"@id\":\"https:\\\/\\\/wein-werte.com\\\/de\\\/produkt\\\/charles-joguet-clos-de-la-dioterie-monopole-2019-750ml\\\/#primaryimage\"},\"image\":{\"@id\":\"https:\\\/\\\/wein-werte.com\\\/de\\\/produkt\\\/charles-joguet-clos-de-la-dioterie-monopole-2019-750ml\\\/#primaryimage\"},\"thumbnailUrl\":\"https:\\\/\\\/wein-werte.com\\\/wp-content\\\/uploads\\\/2026\\\/04\\\/Charles-Joguet-Clos-de-la-Dioterie-Monopole-2019-750ml.png\",\"datePublished\":\"2026-05-05T16:34:48+00:00\",\"description\":\"Kaufe Charles Joguet Clos de la Dioterie Monopole 2019 (Cabernet Franc, trocken aus Loire, Frankreich) bei Wein Werte, Ihrem nachhaltigen Onlineshop.\",\"breadcrumb\":{\"@id\":\"https:\\\/\\\/wein-werte.com\\\/de\\\/produkt\\\/charles-joguet-clos-de-la-dioterie-monopole-2019-750ml\\\/#breadcrumb\"},\"inLanguage\":\"de\",\"potentialAction\":[{\"@type\":\"ReadAction\",\"target\":[\"https:\\\/\\\/wein-werte.com\\\/de\\\/produkt\\\/charles-joguet-clos-de-la-dioterie-monopole-2019-750ml\\\/\"]}]},{\"@type\":\"ImageObject\",\"inLanguage\":\"de\",\"@id\":\"https:\\\/\\\/wein-werte.com\\\/de\\\/produkt\\\/charles-joguet-clos-de-la-dioterie-monopole-2019-750ml\\\/#primaryimage\",\"url\":\"https:\\\/\\\/wein-werte.com\\\/wp-content\\\/uploads\\\/2026\\\/04\\\/Charles-Joguet-Clos-de-la-Dioterie-Monopole-2019-750ml.png\",\"contentUrl\":\"https:\\\/\\\/wein-werte.com\\\/wp-content\\\/uploads\\\/2026\\\/04\\\/Charles-Joguet-Clos-de-la-Dioterie-Monopole-2019-750ml.png\",\"width\":305,\"height\":1200,\"caption\":\"Charles Joguet Clos de la Dioterie, Monopole AOC 2019 750ml\"},{\"@type\":\"BreadcrumbList\",\"@id\":\"https:\\\/\\\/wein-werte.com\\\/de\\\/produkt\\\/charles-joguet-clos-de-la-dioterie-monopole-2019-750ml\\\/#breadcrumb\",\"itemListElement\":[{\"@type\":\"ListItem\",\"position\":1,\"name\":\"Home\",\"item\":\"https:\\\/\\\/wein-werte.com\\\/de\\\/\"},{\"@type\":\"ListItem\",\"position\":2,\"name\":\"Shop\",\"item\":\"https:\\\/\\\/wein-werte.com\\\/de\\\/shop\\\/\"},{\"@type\":\"ListItem\",\"position\":3,\"name\":\"Charles Joguet | Loire | Clos de la Dioterie, Monopole AOC | 2019 | 750ml | bio\"}]},{\"@type\":\"WebSite\",\"@id\":\"https:\\\/\\\/wein-werte.com\\\/de\\\/#website\",\"url\":\"https:\\\/\\\/wein-werte.com\\\/de\\\/\",\"name\":\"Wein Werte\",\"description\":\"\",\"publisher\":{\"@id\":\"https:\\\/\\\/wein-werte.com\\\/de\\\/#organization\"},\"potentialAction\":[{\"@type\":\"SearchAction\",\"target\":{\"@type\":\"EntryPoint\",\"urlTemplate\":\"https:\\\/\\\/wein-werte.com\\\/de\\\/?s={search_term_string}\"},\"query-input\":{\"@type\":\"PropertyValueSpecification\",\"valueRequired\":true,\"valueName\":\"search_term_string\"}}],\"inLanguage\":\"de\"},{\"@type\":\"Organization\",\"@id\":\"https:\\\/\\\/wein-werte.com\\\/de\\\/#organization\",\"name\":\"Vins Fins Thorrold\",\"url\":\"https:\\\/\\\/wein-werte.com\\\/de\\\/\",\"logo\":{\"@type\":\"ImageObject\",\"inLanguage\":\"de\",\"@id\":\"https:\\\/\\\/wein-werte.com\\\/de\\\/#\\\/schema\\\/logo\\\/image\\\/\",\"url\":\"https:\\\/\\\/wein-werte.com\\\/wp-content\\\/uploads\\\/2023\\\/07\\\/Wein_werte_Logo700-1.png\",\"contentUrl\":\"https:\\\/\\\/wein-werte.com\\\/wp-content\\\/uploads\\\/2023\\\/07\\\/Wein_werte_Logo700-1.png\",\"width\":700,\"height\":272,\"caption\":\"Vins Fins Thorrold\"},\"image\":{\"@id\":\"https:\\\/\\\/wein-werte.com\\\/de\\\/#\\\/schema\\\/logo\\\/image\\\/\"}}]}<\/script>\n<!-- \/ Yoast SEO plugin. -->","yoast_head_json":{"title":"Charles Joguet Clos de la Dioterie Monopole 2019","description":"Kaufe Charles Joguet Clos de la Dioterie Monopole 2019 (Cabernet Franc, trocken aus Loire, Frankreich) bei Wein Werte, Ihrem nachhaltigen Onlineshop.","robots":{"index":"index","follow":"follow","max-snippet":"max-snippet:-1","max-image-preview":"max-image-preview:large","max-video-preview":"max-video-preview:-1"},"canonical":"https:\/\/wein-werte.com\/de\/produkt\/charles-joguet-clos-de-la-dioterie-monopole-2019-750ml\/","og_locale":"de_DE","og_type":"article","og_title":"Charles Joguet Clos de la Dioterie Monopole 2019","og_description":"Kaufe Charles Joguet Clos de la Dioterie Monopole 2019 (Cabernet Franc, trocken aus Loire, Frankreich) bei Wein Werte, Ihrem nachhaltigen Onlineshop.","og_url":"https:\/\/wein-werte.com\/de\/produkt\/charles-joguet-clos-de-la-dioterie-monopole-2019-750ml\/","og_site_name":"Wein Werte","og_image":[{"width":305,"height":1200,"url":"https:\/\/wein-werte.com\/wp-content\/uploads\/2026\/04\/Charles-Joguet-Clos-de-la-Dioterie-Monopole-2019-750ml.png","type":"image\/png"}],"twitter_card":"summary_large_image","twitter_misc":{"Gesch\u00e4tzte Lesezeit":"2\u00a0Minuten"},"schema":{"@context":"https:\/\/schema.org","@graph":[{"@type":"WebPage","@id":"https:\/\/wein-werte.com\/de\/produkt\/charles-joguet-clos-de-la-dioterie-monopole-2019-750ml\/","url":"https:\/\/wein-werte.com\/de\/produkt\/charles-joguet-clos-de-la-dioterie-monopole-2019-750ml\/","name":"Charles Joguet Clos de la Dioterie Monopole 2019","isPartOf":{"@id":"https:\/\/wein-werte.com\/de\/#website"},"primaryImageOfPage":{"@id":"https:\/\/wein-werte.com\/de\/produkt\/charles-joguet-clos-de-la-dioterie-monopole-2019-750ml\/#primaryimage"},"image":{"@id":"https:\/\/wein-werte.com\/de\/produkt\/charles-joguet-clos-de-la-dioterie-monopole-2019-750ml\/#primaryimage"},"thumbnailUrl":"https:\/\/wein-werte.com\/wp-content\/uploads\/2026\/04\/Charles-Joguet-Clos-de-la-Dioterie-Monopole-2019-750ml.png","datePublished":"2026-05-05T16:34:48+00:00","description":"Kaufe Charles Joguet Clos de la Dioterie Monopole 2019 (Cabernet Franc, trocken aus Loire, Frankreich) bei Wein Werte, Ihrem nachhaltigen Onlineshop.","breadcrumb":{"@id":"https:\/\/wein-werte.com\/de\/produkt\/charles-joguet-clos-de-la-dioterie-monopole-2019-750ml\/#breadcrumb"},"inLanguage":"de","potentialAction":[{"@type":"ReadAction","target":["https:\/\/wein-werte.com\/de\/produkt\/charles-joguet-clos-de-la-dioterie-monopole-2019-750ml\/"]}]},{"@type":"ImageObject","inLanguage":"de","@id":"https:\/\/wein-werte.com\/de\/produkt\/charles-joguet-clos-de-la-dioterie-monopole-2019-750ml\/#primaryimage","url":"https:\/\/wein-werte.com\/wp-content\/uploads\/2026\/04\/Charles-Joguet-Clos-de-la-Dioterie-Monopole-2019-750ml.png","contentUrl":"https:\/\/wein-werte.com\/wp-content\/uploads\/2026\/04\/Charles-Joguet-Clos-de-la-Dioterie-Monopole-2019-750ml.png","width":305,"height":1200,"caption":"Charles Joguet Clos de la Dioterie, Monopole AOC 2019 750ml"},{"@type":"BreadcrumbList","@id":"https:\/\/wein-werte.com\/de\/produkt\/charles-joguet-clos-de-la-dioterie-monopole-2019-750ml\/#breadcrumb","itemListElement":[{"@type":"ListItem","position":1,"name":"Home","item":"https:\/\/wein-werte.com\/de\/"},{"@type":"ListItem","position":2,"name":"Shop","item":"https:\/\/wein-werte.com\/de\/shop\/"},{"@type":"ListItem","position":3,"name":"Charles Joguet | Loire | Clos de la Dioterie, Monopole AOC | 2019 | 750ml | bio"}]},{"@type":"WebSite","@id":"https:\/\/wein-werte.com\/de\/#website","url":"https:\/\/wein-werte.com\/de\/","name":"Wein Werte","description":"","publisher":{"@id":"https:\/\/wein-werte.com\/de\/#organization"},"potentialAction":[{"@type":"SearchAction","target":{"@type":"EntryPoint","urlTemplate":"https:\/\/wein-werte.com\/de\/?s={search_term_string}"},"query-input":{"@type":"PropertyValueSpecification","valueRequired":true,"valueName":"search_term_string"}}],"inLanguage":"de"},{"@type":"Organization","@id":"https:\/\/wein-werte.com\/de\/#organization","name":"Vins Fins Thorrold","url":"https:\/\/wein-werte.com\/de\/","logo":{"@type":"ImageObject","inLanguage":"de","@id":"https:\/\/wein-werte.com\/de\/#\/schema\/logo\/image\/","url":"https:\/\/wein-werte.com\/wp-content\/uploads\/2023\/07\/Wein_werte_Logo700-1.png","contentUrl":"https:\/\/wein-werte.com\/wp-content\/uploads\/2023\/07\/Wein_werte_Logo700-1.png","width":700,"height":272,"caption":"Vins Fins Thorrold"},"image":{"@id":"https:\/\/wein-werte.com\/de\/#\/schema\/logo\/image\/"}}]}},"_links":{"self":[{"href":"https:\/\/wein-werte.com\/de\/wp-json\/wp\/v2\/product\/1136096","targetHints":{"allow":["GET"]}}],"collection":[{"href":"https:\/\/wein-werte.com\/de\/wp-json\/wp\/v2\/product"}],"about":[{"href":"https:\/\/wein-werte.com\/de\/wp-json\/wp\/v2\/types\/product"}],"wp:featuredmedia":[{"embeddable":true,"href":"https:\/\/wein-werte.com\/de\/wp-json\/wp\/v2\/media\/1145910"}],"wp:attachment":[{"href":"https:\/\/wein-werte.com\/de\/wp-json\/wp\/v2\/media?parent=1136096"}],"wp:term":[{"taxonomy":"product_brand","embeddable":true,"href":"https:\/\/wein-werte.com\/de\/wp-json\/wp\/v2\/product_brand?post=1136096"},{"taxonomy":"product_cat","embeddable":true,"href":"https:\/\/wein-werte.com\/de\/wp-json\/wp\/v2\/product_cat?post=1136096"},{"taxonomy":"product_tag","embeddable":true,"href":"https:\/\/wein-werte.com\/de\/wp-json\/wp\/v2\/product_tag?post=1136096"}],"curies":[{"name":"wp","href":"https:\/\/api.w.org\/{rel}","templated":true}]}}