{"id":1136090,"date":"2026-05-08T20:09:48","date_gmt":"2026-05-08T18:09:48","guid":{"rendered":"https:\/\/wein-werte.com\/product\/charles-joguet-clos-du-chene-vert-monopole-2016-750ml\/"},"modified":"2026-04-27T12:06:06","modified_gmt":"2026-04-27T10:06:06","slug":"charles-joguet-clos-du-chene-vert-monopole-2016-750ml","status":"publish","type":"product","link":"https:\/\/wein-werte.com\/de\/produkt\/charles-joguet-clos-du-chene-vert-monopole-2016-750ml\/","title":{"rendered":"Charles Joguet | Loire | Clos du Ch\u00eane Vert, Monopole AOC | 2016 | 750ml | bio"},"content":{"rendered":"<p>Produktbeschreibung f\u00fcr Charles Joguet Clos du Ch\u00eane Vert, Monopole AOC 2016 (bio) <\/p>\n<h5>Informationen zum Wein<\/h5>\n<p> Der Clos du Ch\u00eane Vert liegt auf der rechten Uferseite der Vienne, unweit des Ortskerns von Chinon. Der Weinberg reicht bis zur Kuppe der Anh\u00f6he. Benannt ist der Clos nach der riesigen Eiche, die den Weinberg pr\u00e4gt und von M\u00f6nchen aus Bourgueil im 12. Jahrhundert gepflanzt worden sein soll. Der Weinberg selbst umfasst zwei Hektar und ist viel steiler als der Clos de la Dioterie. Der Boden ist von Lehm, leichteren Kieseln und tief liegendem Kalk gepr\u00e4gt. Aufgrund der Lage des Weinbergs am gegen\u00fcberliegenden Ufer der Vienne mit einer s\u00fcdlichen Ausrichtung ist er immer derjenige, bei dem die Lese beginnt. Der Cabernet Franc erh\u00e4lt f\u00fcr zehn Tage eine k\u00fchle Vorverg\u00e4rung bei 10 \u00b0C. Die Maischeg\u00e4rung in Holzbottichen dauert rund vier Wochen bei Temperaturen von h\u00f6chstens 21 \u00b0C. Sobald die alkoholische G\u00e4rung abgeschlossen ist, erfolgt die Assemblage der Vorlaufweine und der besten Pressweine f\u00fcr die malolaktische G\u00e4rung. Die F\u00e4sser aus franz\u00f6sischer Eiche werden jedes Jahr teilweise erneuert, sodass jeweils rund ein F\u00fcnftel der F\u00e4sser neu und ein- bis vierj\u00e4hrig ist. Die Jahrg\u00e4nge reifen danach 15 bis 16 Monate lang im Holz, ein weiteres halbes Jahr zur Harmonisierung im Tank und werden dann gef\u00fcllt. <\/p>\n<h5>Farbe<\/h5>\n<p> leicht transparentes Granatrot mit beginnendem ziegelroten Rand <\/p>\n<h5>Nase<\/h5>\n<p> Vergleicht man den 2016er Clos du Ch\u00eane Vert mit dem Clos de la Dioterie aus demselben Jahrgang, so wirkt er viel diskreter und dezenter. Etwas Laub, ein Hauch von Tomatenbl\u00e4ttern, dazu Pfingstrosen und Veilchen verbinden sich hier mit einigen Kirschen und schwarzen Oliven. <\/p>\n<h5>Gaumen<\/h5>\n<p> Am Gaumen bl\u00fcht der Wein auf und verbindet die Noten von Kirschen und Oliven mit einer leichten Extrakts\u00fc\u00dfe und einer immer noch gro\u00dfen Portion fester Tannine und herber Noten von Gestr\u00fcpp, Blattwerk und Str\u00fcnken. Erstaunlicherweise findet sich trotzdem nichts Grobes in diesem Clos du Ch\u00eane Vert. Er birgt eine beeindruckende Subtilit\u00e4t und Komplexit\u00e4t, wirkt floral und w\u00fcrzig, geschliffen mit Frische und Charme.<\/p>\n<p>Copyright Vinaturel 2025<\/p>\n<p>Keywords: <a href=\"https:\/\/wein-werte.com\/de\/shop\/?swoof=1&#038;pa_producer=Charles-Joguet\">Charles Joguet<\/a> <a href=\"https:\/\/wein-werte.com\/de\/shop\/?swoof=1&#038;woof_text=Clos du Ch\u00eane Vert, Monopole AOC\">Clos du Ch\u00eane Vert, Monopole AOC<\/a> 2016 bio <a href=\"https:\/\/wein-werte.com\/de\/shop\/?swoof=1&#038;pa_region=Loire\">Loire<\/a> <a href=\"https:\/\/wein-werte.com\/de\/shop\/?swoof=1&#038;pa_country=Frankreich\">Frankreich<\/a><\/p>\n<p>Internetseite des Weinguts: <a href=\"https:\/\/www.charlesjoguet.com\/\" target=\"_blank\">https:\/\/www.charlesjoguet.com\/<\/a><\/p>\n","protected":false},"excerpt":{"rendered":"<p>Lieferzeit: 1 bis 2 Arbeitstage (DE), 2 bis 5 Arbeitstage (EU and CH)<\/p>\n","protected":false},"featured_media":1145906,"template":"","meta":[],"product_brand":[],"product_cat":[19],"product_tag":[],"class_list":{"0":"post-1136090","1":"product","2":"type-product","3":"status-publish","4":"has-post-thumbnail","6":"product_cat-unkategorisiert","7":"pa_alcohol-for-filter-12897","8":"pa_certified-biodynamic-nein-de","9":"pa_certified-organic-ja-de","10":"pa_colour-rot","11":"pa_country-frankreich","12":"pa_grape-cabernet-franc","13":"pa_price-for-filter-10620","14":"pa_producer-charles-joguet","15":"pa_region-loire","16":"pa_size-ml-6584","17":"pa_sweetness-trocken-de","18":"pa_type-2-still-de","19":"pa_vintage-2016-de","20":"entry","21":"has-media","23":"first","24":"instock","25":"taxable","26":"shipping-taxable","27":"purchasable","28":"product-type-simple"},"yoast_head":"<!-- This site is optimized with the Yoast SEO plugin v27.5 - https:\/\/yoast.com\/product\/yoast-seo-wordpress\/ -->\n<title>Charles Joguet Clos du Ch\u00eane Vert Monopole 2016<\/title>\n<meta name=\"description\" content=\"Kaufe Charles Joguet Clos du Ch\u00eane Vert Monopole 2016 (Cabernet Franc, trocken aus Loire, Frankreich) bei Wein Werte, Ihrem nachhaltigen Onlineshop.\" \/>\n<meta name=\"robots\" content=\"index, follow, max-snippet:-1, max-image-preview:large, max-video-preview:-1\" \/>\n<link rel=\"canonical\" href=\"https:\/\/wein-werte.com\/de\/produkt\/charles-joguet-clos-du-chene-vert-monopole-2016-750ml\/\" \/>\n<meta property=\"og:locale\" content=\"de_DE\" \/>\n<meta property=\"og:type\" content=\"article\" \/>\n<meta property=\"og:title\" content=\"Charles Joguet Clos du Ch\u00eane Vert Monopole 2016\" \/>\n<meta property=\"og:description\" content=\"Kaufe Charles Joguet Clos du Ch\u00eane Vert Monopole 2016 (Cabernet Franc, trocken aus Loire, Frankreich) bei Wein Werte, Ihrem nachhaltigen Onlineshop.\" \/>\n<meta property=\"og:url\" content=\"https:\/\/wein-werte.com\/de\/produkt\/charles-joguet-clos-du-chene-vert-monopole-2016-750ml\/\" \/>\n<meta property=\"og:site_name\" content=\"Wein Werte\" \/>\n<meta property=\"og:image\" content=\"https:\/\/wein-werte.com\/wp-content\/uploads\/2026\/04\/Charles-Joguet-Clos-du-Chene-Vert-Monopole-2016-750ml.png\" \/>\n\t<meta property=\"og:image:width\" content=\"299\" \/>\n\t<meta property=\"og:image:height\" content=\"1200\" \/>\n\t<meta property=\"og:image:type\" content=\"image\/png\" \/>\n<meta name=\"twitter:card\" content=\"summary_large_image\" \/>\n<meta name=\"twitter:label1\" content=\"Gesch\u00e4tzte Lesezeit\" \/>\n\t<meta name=\"twitter:data1\" content=\"2\u00a0Minuten\" \/>\n<script type=\"application\/ld+json\" class=\"yoast-schema-graph\">{\"@context\":\"https:\\\/\\\/schema.org\",\"@graph\":[{\"@type\":\"WebPage\",\"@id\":\"https:\\\/\\\/wein-werte.com\\\/de\\\/produkt\\\/charles-joguet-clos-du-chene-vert-monopole-2016-750ml\\\/\",\"url\":\"https:\\\/\\\/wein-werte.com\\\/de\\\/produkt\\\/charles-joguet-clos-du-chene-vert-monopole-2016-750ml\\\/\",\"name\":\"Charles Joguet Clos du Ch\u00eane Vert Monopole 2016\",\"isPartOf\":{\"@id\":\"https:\\\/\\\/wein-werte.com\\\/de\\\/#website\"},\"primaryImageOfPage\":{\"@id\":\"https:\\\/\\\/wein-werte.com\\\/de\\\/produkt\\\/charles-joguet-clos-du-chene-vert-monopole-2016-750ml\\\/#primaryimage\"},\"image\":{\"@id\":\"https:\\\/\\\/wein-werte.com\\\/de\\\/produkt\\\/charles-joguet-clos-du-chene-vert-monopole-2016-750ml\\\/#primaryimage\"},\"thumbnailUrl\":\"https:\\\/\\\/wein-werte.com\\\/wp-content\\\/uploads\\\/2026\\\/04\\\/Charles-Joguet-Clos-du-Chene-Vert-Monopole-2016-750ml.png\",\"datePublished\":\"2026-05-08T18:09:48+00:00\",\"description\":\"Kaufe Charles Joguet Clos du Ch\u00eane Vert Monopole 2016 (Cabernet Franc, trocken aus Loire, Frankreich) bei Wein Werte, Ihrem nachhaltigen Onlineshop.\",\"breadcrumb\":{\"@id\":\"https:\\\/\\\/wein-werte.com\\\/de\\\/produkt\\\/charles-joguet-clos-du-chene-vert-monopole-2016-750ml\\\/#breadcrumb\"},\"inLanguage\":\"de\",\"potentialAction\":[{\"@type\":\"ReadAction\",\"target\":[\"https:\\\/\\\/wein-werte.com\\\/de\\\/produkt\\\/charles-joguet-clos-du-chene-vert-monopole-2016-750ml\\\/\"]}]},{\"@type\":\"ImageObject\",\"inLanguage\":\"de\",\"@id\":\"https:\\\/\\\/wein-werte.com\\\/de\\\/produkt\\\/charles-joguet-clos-du-chene-vert-monopole-2016-750ml\\\/#primaryimage\",\"url\":\"https:\\\/\\\/wein-werte.com\\\/wp-content\\\/uploads\\\/2026\\\/04\\\/Charles-Joguet-Clos-du-Chene-Vert-Monopole-2016-750ml.png\",\"contentUrl\":\"https:\\\/\\\/wein-werte.com\\\/wp-content\\\/uploads\\\/2026\\\/04\\\/Charles-Joguet-Clos-du-Chene-Vert-Monopole-2016-750ml.png\",\"width\":299,\"height\":1200,\"caption\":\"Charles Joguet Clos du Ch\u00eane Vert, Monopole AOC 2016 750ml\"},{\"@type\":\"BreadcrumbList\",\"@id\":\"https:\\\/\\\/wein-werte.com\\\/de\\\/produkt\\\/charles-joguet-clos-du-chene-vert-monopole-2016-750ml\\\/#breadcrumb\",\"itemListElement\":[{\"@type\":\"ListItem\",\"position\":1,\"name\":\"Home\",\"item\":\"https:\\\/\\\/wein-werte.com\\\/de\\\/\"},{\"@type\":\"ListItem\",\"position\":2,\"name\":\"Shop\",\"item\":\"https:\\\/\\\/wein-werte.com\\\/de\\\/shop\\\/\"},{\"@type\":\"ListItem\",\"position\":3,\"name\":\"Charles Joguet | Loire | Clos du Ch\u00eane Vert, Monopole AOC | 2016 | 750ml | bio\"}]},{\"@type\":\"WebSite\",\"@id\":\"https:\\\/\\\/wein-werte.com\\\/de\\\/#website\",\"url\":\"https:\\\/\\\/wein-werte.com\\\/de\\\/\",\"name\":\"Wein Werte\",\"description\":\"\",\"publisher\":{\"@id\":\"https:\\\/\\\/wein-werte.com\\\/de\\\/#organization\"},\"potentialAction\":[{\"@type\":\"SearchAction\",\"target\":{\"@type\":\"EntryPoint\",\"urlTemplate\":\"https:\\\/\\\/wein-werte.com\\\/de\\\/?s={search_term_string}\"},\"query-input\":{\"@type\":\"PropertyValueSpecification\",\"valueRequired\":true,\"valueName\":\"search_term_string\"}}],\"inLanguage\":\"de\"},{\"@type\":\"Organization\",\"@id\":\"https:\\\/\\\/wein-werte.com\\\/de\\\/#organization\",\"name\":\"Vins Fins Thorrold\",\"url\":\"https:\\\/\\\/wein-werte.com\\\/de\\\/\",\"logo\":{\"@type\":\"ImageObject\",\"inLanguage\":\"de\",\"@id\":\"https:\\\/\\\/wein-werte.com\\\/de\\\/#\\\/schema\\\/logo\\\/image\\\/\",\"url\":\"https:\\\/\\\/wein-werte.com\\\/wp-content\\\/uploads\\\/2023\\\/07\\\/Wein_werte_Logo700-1.png\",\"contentUrl\":\"https:\\\/\\\/wein-werte.com\\\/wp-content\\\/uploads\\\/2023\\\/07\\\/Wein_werte_Logo700-1.png\",\"width\":700,\"height\":272,\"caption\":\"Vins Fins Thorrold\"},\"image\":{\"@id\":\"https:\\\/\\\/wein-werte.com\\\/de\\\/#\\\/schema\\\/logo\\\/image\\\/\"}}]}<\/script>\n<!-- \/ Yoast SEO plugin. -->","yoast_head_json":{"title":"Charles Joguet Clos du Ch\u00eane Vert Monopole 2016","description":"Kaufe Charles Joguet Clos du Ch\u00eane Vert Monopole 2016 (Cabernet Franc, trocken aus Loire, Frankreich) bei Wein Werte, Ihrem nachhaltigen Onlineshop.","robots":{"index":"index","follow":"follow","max-snippet":"max-snippet:-1","max-image-preview":"max-image-preview:large","max-video-preview":"max-video-preview:-1"},"canonical":"https:\/\/wein-werte.com\/de\/produkt\/charles-joguet-clos-du-chene-vert-monopole-2016-750ml\/","og_locale":"de_DE","og_type":"article","og_title":"Charles Joguet Clos du Ch\u00eane Vert Monopole 2016","og_description":"Kaufe Charles Joguet Clos du Ch\u00eane Vert Monopole 2016 (Cabernet Franc, trocken aus Loire, Frankreich) bei Wein Werte, Ihrem nachhaltigen Onlineshop.","og_url":"https:\/\/wein-werte.com\/de\/produkt\/charles-joguet-clos-du-chene-vert-monopole-2016-750ml\/","og_site_name":"Wein Werte","og_image":[{"width":299,"height":1200,"url":"https:\/\/wein-werte.com\/wp-content\/uploads\/2026\/04\/Charles-Joguet-Clos-du-Chene-Vert-Monopole-2016-750ml.png","type":"image\/png"}],"twitter_card":"summary_large_image","twitter_misc":{"Gesch\u00e4tzte Lesezeit":"2\u00a0Minuten"},"schema":{"@context":"https:\/\/schema.org","@graph":[{"@type":"WebPage","@id":"https:\/\/wein-werte.com\/de\/produkt\/charles-joguet-clos-du-chene-vert-monopole-2016-750ml\/","url":"https:\/\/wein-werte.com\/de\/produkt\/charles-joguet-clos-du-chene-vert-monopole-2016-750ml\/","name":"Charles Joguet Clos du Ch\u00eane Vert Monopole 2016","isPartOf":{"@id":"https:\/\/wein-werte.com\/de\/#website"},"primaryImageOfPage":{"@id":"https:\/\/wein-werte.com\/de\/produkt\/charles-joguet-clos-du-chene-vert-monopole-2016-750ml\/#primaryimage"},"image":{"@id":"https:\/\/wein-werte.com\/de\/produkt\/charles-joguet-clos-du-chene-vert-monopole-2016-750ml\/#primaryimage"},"thumbnailUrl":"https:\/\/wein-werte.com\/wp-content\/uploads\/2026\/04\/Charles-Joguet-Clos-du-Chene-Vert-Monopole-2016-750ml.png","datePublished":"2026-05-08T18:09:48+00:00","description":"Kaufe Charles Joguet Clos du Ch\u00eane Vert Monopole 2016 (Cabernet Franc, trocken aus Loire, Frankreich) bei Wein Werte, Ihrem nachhaltigen Onlineshop.","breadcrumb":{"@id":"https:\/\/wein-werte.com\/de\/produkt\/charles-joguet-clos-du-chene-vert-monopole-2016-750ml\/#breadcrumb"},"inLanguage":"de","potentialAction":[{"@type":"ReadAction","target":["https:\/\/wein-werte.com\/de\/produkt\/charles-joguet-clos-du-chene-vert-monopole-2016-750ml\/"]}]},{"@type":"ImageObject","inLanguage":"de","@id":"https:\/\/wein-werte.com\/de\/produkt\/charles-joguet-clos-du-chene-vert-monopole-2016-750ml\/#primaryimage","url":"https:\/\/wein-werte.com\/wp-content\/uploads\/2026\/04\/Charles-Joguet-Clos-du-Chene-Vert-Monopole-2016-750ml.png","contentUrl":"https:\/\/wein-werte.com\/wp-content\/uploads\/2026\/04\/Charles-Joguet-Clos-du-Chene-Vert-Monopole-2016-750ml.png","width":299,"height":1200,"caption":"Charles Joguet Clos du Ch\u00eane Vert, Monopole AOC 2016 750ml"},{"@type":"BreadcrumbList","@id":"https:\/\/wein-werte.com\/de\/produkt\/charles-joguet-clos-du-chene-vert-monopole-2016-750ml\/#breadcrumb","itemListElement":[{"@type":"ListItem","position":1,"name":"Home","item":"https:\/\/wein-werte.com\/de\/"},{"@type":"ListItem","position":2,"name":"Shop","item":"https:\/\/wein-werte.com\/de\/shop\/"},{"@type":"ListItem","position":3,"name":"Charles Joguet | Loire | Clos du Ch\u00eane Vert, Monopole AOC | 2016 | 750ml | bio"}]},{"@type":"WebSite","@id":"https:\/\/wein-werte.com\/de\/#website","url":"https:\/\/wein-werte.com\/de\/","name":"Wein Werte","description":"","publisher":{"@id":"https:\/\/wein-werte.com\/de\/#organization"},"potentialAction":[{"@type":"SearchAction","target":{"@type":"EntryPoint","urlTemplate":"https:\/\/wein-werte.com\/de\/?s={search_term_string}"},"query-input":{"@type":"PropertyValueSpecification","valueRequired":true,"valueName":"search_term_string"}}],"inLanguage":"de"},{"@type":"Organization","@id":"https:\/\/wein-werte.com\/de\/#organization","name":"Vins Fins Thorrold","url":"https:\/\/wein-werte.com\/de\/","logo":{"@type":"ImageObject","inLanguage":"de","@id":"https:\/\/wein-werte.com\/de\/#\/schema\/logo\/image\/","url":"https:\/\/wein-werte.com\/wp-content\/uploads\/2023\/07\/Wein_werte_Logo700-1.png","contentUrl":"https:\/\/wein-werte.com\/wp-content\/uploads\/2023\/07\/Wein_werte_Logo700-1.png","width":700,"height":272,"caption":"Vins Fins Thorrold"},"image":{"@id":"https:\/\/wein-werte.com\/de\/#\/schema\/logo\/image\/"}}]}},"_links":{"self":[{"href":"https:\/\/wein-werte.com\/de\/wp-json\/wp\/v2\/product\/1136090","targetHints":{"allow":["GET"]}}],"collection":[{"href":"https:\/\/wein-werte.com\/de\/wp-json\/wp\/v2\/product"}],"about":[{"href":"https:\/\/wein-werte.com\/de\/wp-json\/wp\/v2\/types\/product"}],"wp:featuredmedia":[{"embeddable":true,"href":"https:\/\/wein-werte.com\/de\/wp-json\/wp\/v2\/media\/1145906"}],"wp:attachment":[{"href":"https:\/\/wein-werte.com\/de\/wp-json\/wp\/v2\/media?parent=1136090"}],"wp:term":[{"taxonomy":"product_brand","embeddable":true,"href":"https:\/\/wein-werte.com\/de\/wp-json\/wp\/v2\/product_brand?post=1136090"},{"taxonomy":"product_cat","embeddable":true,"href":"https:\/\/wein-werte.com\/de\/wp-json\/wp\/v2\/product_cat?post=1136090"},{"taxonomy":"product_tag","embeddable":true,"href":"https:\/\/wein-werte.com\/de\/wp-json\/wp\/v2\/product_tag?post=1136090"}],"curies":[{"name":"wp","href":"https:\/\/api.w.org\/{rel}","templated":true}]}}