{"id":1136084,"date":"2026-05-05T18:34:46","date_gmt":"2026-05-05T16:34:46","guid":{"rendered":"https:\/\/wein-werte.com\/product\/charles-joguet-les-varennes-du-grand-clos-2011-750ml\/"},"modified":"2026-04-27T12:06:05","modified_gmt":"2026-04-27T10:06:05","slug":"charles-joguet-les-varennes-du-grand-clos-2011-750ml","status":"publish","type":"product","link":"https:\/\/wein-werte.com\/de\/produkt\/charles-joguet-les-varennes-du-grand-clos-2011-750ml\/","title":{"rendered":"Charles Joguet | Loire | Les Varennes du Grand Clos AOC | 2011 | 750ml"},"content":{"rendered":"<p>Produktbeschreibung f\u00fcr Charles Joguet Les Varennes du Grand Clos AOC 2011 <\/p>\n<p> Am Gaumen ist das ein saftiger Wein mit einem geschliffenen Tannin, in dem jahrgangstypisch ein paar gr\u00fcne Noten aufblitzen, die aber nicht st\u00f6ren. Nach elf Jahren Reife findet sich hier immer noch beeindruckend viel jung wirkender Gerbstoff. Die Frucht erinnert an Himbeeren, Kirschen und Brombeeren in Verbindung mit ein wenig Tomate und Paprika. <\/p>\n<h5>Informationen zum Wein<\/h5>\n<p> Les Varennes du Grand Clos ist ein Weinberg, der zwischen dem linken Ufer der Vienne und dem Clos de la Dioterie liegt. Der recht flache Weinberg ist teils sandig-lehmig, teils sandig-kiesig \u00fcber Kalkstein. Die Rebst\u00f6cke wurden zwischen 1962 und 1976 teils neu gepflanzt, ein Teil ist aber noch 40 Jahre \u00e4lter. Der Cabernet Franc aus Les Varennes du Grand Clos erh\u00e4lt f\u00fcr zehn Tage eine k\u00fchle Vorverg\u00e4rung bei 10 \u00b0C. Die Maischeg\u00e4rung in Holzbottichen dauert rund vier Wochen bei Temperaturen von h\u00f6chstens 21 \u00b0C. Sobald die alkoholische G\u00e4rung abgeschlossen ist, erfolgt die Assemblage der Vorlaufweine und der besten Pressweine f\u00fcr die malolaktische G\u00e4rung. Die F\u00e4sser aus franz\u00f6sischer Eiche werden jedes Jahr teilweise erneuert, sodass jeweils rund ein F\u00fcnftel der F\u00e4sser neu und ein- bis vierj\u00e4hrig ist. Die Jahrg\u00e4nge reifen danach 15 bis 16 Monate lang im Holz, ein weiteres halbes Jahr zur Harmonisierung im Tank und werden dann gef\u00fcllt. <\/p>\n<h5>Farbe<\/h5>\n<p> recht transparentes Granatrot mit leicht ziegelrotem Rand <\/p>\n<h5>Nase<\/h5>\n<p> Der Chinon zeigt sich im Duft subtil mit roter und gr\u00fcner Fruchtaromatik, etwas Tinte und Lakritze, Kr\u00e4utern und Lorbeer, leicht gegrillt wirkender gr\u00fcner und roter Paprika und einem Hauch von Blut und Zigarrenkiste. <\/p>\n<h5>Gaumen<\/h5>\n<p> Am Gaumen ist das ein saftiger Wein mit einem geschliffenen Tannin, in dem jahrgangstypisch ein paar gr\u00fcne Noten aufblitzen, die aber nicht st\u00f6ren. Nach elf Jahren Reife findet sich hier immer noch beeindruckend viel jung wirkender Gerbstoff. Die Frucht erinnert an Himbeeren, Kirschen und Brombeeren in Verbindung mit ein wenig Tomate und Paprika. Alles an diesem Les Varennes du Grand Clos wirkt ausgewogen, transparent und klar. Er ist nicht ganz so komplex wie der benachbarte Dioterie, aber wunderbar zu trinken.<\/p>\n<p>Copyright Vinaturel 2025<\/p>\n<p>Keywords: <a href=\"https:\/\/wein-werte.com\/de\/shop\/?swoof=1&#038;pa_producer=Charles-Joguet\">Charles Joguet<\/a> <a href=\"https:\/\/wein-werte.com\/de\/shop\/?swoof=1&#038;woof_text=Les Varennes du Grand Clos AOC\">Les Varennes du Grand Clos AOC<\/a> 2011  <a href=\"https:\/\/wein-werte.com\/de\/shop\/?swoof=1&#038;pa_region=Loire\">Loire<\/a> <a href=\"https:\/\/wein-werte.com\/de\/shop\/?swoof=1&#038;pa_country=Frankreich\">Frankreich<\/a><\/p>\n<h3>Vinous<\/h3>\n<p>Punkte: 91<\/p>\n<p>Tiefes Rubinrot mit schwarzem Kern. Verf\u00fchrerischer Duft nach gebackenen Pflaumen, Haseln\u00fcssen und Weihrauch. Samtig in der Textur und recht ausladend, ist dieser Wein eindeutig das Produkt eines warmen Jahrgangs. Am Gaumen pr\u00e4sentiert er ein reichhaltiges, s\u00fc\u00dfes Himbeeraroma und einen Hauch kandierter Rose. Er ist kompakt und fast monolithisch, mit w\u00fcrzigen Noten im konzentrierten, auffallend anhaltenden Abgang. \u2013 Joel B. Payne<br \/>Trinkfenster: <br \/>Bewertungsdatum: Dezember 2014<\/p>\n<p>Internetseite des Weinguts: <a href=\"https:\/\/www.charlesjoguet.com\/\" target=\"_blank\">https:\/\/www.charlesjoguet.com\/<\/a><\/p>\n","protected":false},"excerpt":{"rendered":"<p>Lieferzeit: 1 bis 2 Arbeitstage (DE), 2 bis 5 Arbeitstage (EU and CH)<\/p>\n","protected":false},"featured_media":1145902,"template":"","meta":[],"product_brand":[],"product_cat":[19],"product_tag":[],"class_list":{"0":"post-1136084","1":"product","2":"type-product","3":"status-publish","4":"has-post-thumbnail","6":"product_cat-unkategorisiert","7":"pa_alcohol-for-filter-13-5","8":"pa_certified-biodynamic-nein-de","9":"pa_certified-organic-nein-de","10":"pa_colour-rot","11":"pa_country-frankreich","12":"pa_grape-cabernet-franc","13":"pa_price-for-filter-10620","14":"pa_producer-charles-joguet","15":"pa_region-loire","16":"pa_size-ml-6584","17":"pa_sweetness-trocken-de","18":"pa_type-2-still-de","19":"pa_vinous-points-for-filter-20027","20":"pa_vintage-2011-de","21":"entry","22":"has-media","24":"first","25":"instock","26":"taxable","27":"shipping-taxable","28":"purchasable","29":"product-type-simple"},"yoast_head":"<!-- This site is optimized with the Yoast SEO plugin v27.5 - https:\/\/yoast.com\/product\/yoast-seo-wordpress\/ -->\n<title>Charles Joguet Les Varennes du Grand Clos 2011<\/title>\n<meta name=\"description\" content=\"Kaufe Charles Joguet Les Varennes du Grand Clos 2011 (Cabernet Franc, trocken aus Loire, Frankreich) bei Wein Werte, Ihrem nachhaltigen Onlineshop.\" \/>\n<meta name=\"robots\" content=\"index, follow, max-snippet:-1, max-image-preview:large, max-video-preview:-1\" \/>\n<link rel=\"canonical\" href=\"https:\/\/wein-werte.com\/de\/produkt\/charles-joguet-les-varennes-du-grand-clos-2011-750ml\/\" \/>\n<meta property=\"og:locale\" content=\"de_DE\" \/>\n<meta property=\"og:type\" content=\"article\" \/>\n<meta property=\"og:title\" content=\"Charles Joguet Les Varennes du Grand Clos 2011\" \/>\n<meta property=\"og:description\" content=\"Kaufe Charles Joguet Les Varennes du Grand Clos 2011 (Cabernet Franc, trocken aus Loire, Frankreich) bei Wein Werte, Ihrem nachhaltigen Onlineshop.\" \/>\n<meta property=\"og:url\" content=\"https:\/\/wein-werte.com\/de\/produkt\/charles-joguet-les-varennes-du-grand-clos-2011-750ml\/\" \/>\n<meta property=\"og:site_name\" content=\"Wein Werte\" \/>\n<meta property=\"og:image\" content=\"https:\/\/wein-werte.com\/wp-content\/uploads\/2026\/04\/Charles-Joguet-Les-Varennes-du-Grand-Clos-2011-750ml.png\" \/>\n\t<meta property=\"og:image:width\" content=\"323\" \/>\n\t<meta property=\"og:image:height\" content=\"1200\" \/>\n\t<meta property=\"og:image:type\" content=\"image\/png\" \/>\n<meta name=\"twitter:card\" content=\"summary_large_image\" \/>\n<meta name=\"twitter:label1\" content=\"Gesch\u00e4tzte Lesezeit\" \/>\n\t<meta name=\"twitter:data1\" content=\"2\u00a0Minuten\" \/>\n<script type=\"application\/ld+json\" class=\"yoast-schema-graph\">{\"@context\":\"https:\\\/\\\/schema.org\",\"@graph\":[{\"@type\":\"WebPage\",\"@id\":\"https:\\\/\\\/wein-werte.com\\\/de\\\/produkt\\\/charles-joguet-les-varennes-du-grand-clos-2011-750ml\\\/\",\"url\":\"https:\\\/\\\/wein-werte.com\\\/de\\\/produkt\\\/charles-joguet-les-varennes-du-grand-clos-2011-750ml\\\/\",\"name\":\"Charles Joguet Les Varennes du Grand Clos 2011\",\"isPartOf\":{\"@id\":\"https:\\\/\\\/wein-werte.com\\\/de\\\/#website\"},\"primaryImageOfPage\":{\"@id\":\"https:\\\/\\\/wein-werte.com\\\/de\\\/produkt\\\/charles-joguet-les-varennes-du-grand-clos-2011-750ml\\\/#primaryimage\"},\"image\":{\"@id\":\"https:\\\/\\\/wein-werte.com\\\/de\\\/produkt\\\/charles-joguet-les-varennes-du-grand-clos-2011-750ml\\\/#primaryimage\"},\"thumbnailUrl\":\"https:\\\/\\\/wein-werte.com\\\/wp-content\\\/uploads\\\/2026\\\/04\\\/Charles-Joguet-Les-Varennes-du-Grand-Clos-2011-750ml.png\",\"datePublished\":\"2026-05-05T16:34:46+00:00\",\"description\":\"Kaufe Charles Joguet Les Varennes du Grand Clos 2011 (Cabernet Franc, trocken aus Loire, Frankreich) bei Wein Werte, Ihrem nachhaltigen Onlineshop.\",\"breadcrumb\":{\"@id\":\"https:\\\/\\\/wein-werte.com\\\/de\\\/produkt\\\/charles-joguet-les-varennes-du-grand-clos-2011-750ml\\\/#breadcrumb\"},\"inLanguage\":\"de\",\"potentialAction\":[{\"@type\":\"ReadAction\",\"target\":[\"https:\\\/\\\/wein-werte.com\\\/de\\\/produkt\\\/charles-joguet-les-varennes-du-grand-clos-2011-750ml\\\/\"]}]},{\"@type\":\"ImageObject\",\"inLanguage\":\"de\",\"@id\":\"https:\\\/\\\/wein-werte.com\\\/de\\\/produkt\\\/charles-joguet-les-varennes-du-grand-clos-2011-750ml\\\/#primaryimage\",\"url\":\"https:\\\/\\\/wein-werte.com\\\/wp-content\\\/uploads\\\/2026\\\/04\\\/Charles-Joguet-Les-Varennes-du-Grand-Clos-2011-750ml.png\",\"contentUrl\":\"https:\\\/\\\/wein-werte.com\\\/wp-content\\\/uploads\\\/2026\\\/04\\\/Charles-Joguet-Les-Varennes-du-Grand-Clos-2011-750ml.png\",\"width\":323,\"height\":1200,\"caption\":\"Charles Joguet Les Varennes du Grand Clos AOC 2011 750ml\"},{\"@type\":\"BreadcrumbList\",\"@id\":\"https:\\\/\\\/wein-werte.com\\\/de\\\/produkt\\\/charles-joguet-les-varennes-du-grand-clos-2011-750ml\\\/#breadcrumb\",\"itemListElement\":[{\"@type\":\"ListItem\",\"position\":1,\"name\":\"Home\",\"item\":\"https:\\\/\\\/wein-werte.com\\\/de\\\/\"},{\"@type\":\"ListItem\",\"position\":2,\"name\":\"Shop\",\"item\":\"https:\\\/\\\/wein-werte.com\\\/de\\\/shop\\\/\"},{\"@type\":\"ListItem\",\"position\":3,\"name\":\"Charles Joguet | Loire | Les Varennes du Grand Clos AOC | 2011 | 750ml\"}]},{\"@type\":\"WebSite\",\"@id\":\"https:\\\/\\\/wein-werte.com\\\/de\\\/#website\",\"url\":\"https:\\\/\\\/wein-werte.com\\\/de\\\/\",\"name\":\"Wein Werte\",\"description\":\"\",\"publisher\":{\"@id\":\"https:\\\/\\\/wein-werte.com\\\/de\\\/#organization\"},\"potentialAction\":[{\"@type\":\"SearchAction\",\"target\":{\"@type\":\"EntryPoint\",\"urlTemplate\":\"https:\\\/\\\/wein-werte.com\\\/de\\\/?s={search_term_string}\"},\"query-input\":{\"@type\":\"PropertyValueSpecification\",\"valueRequired\":true,\"valueName\":\"search_term_string\"}}],\"inLanguage\":\"de\"},{\"@type\":\"Organization\",\"@id\":\"https:\\\/\\\/wein-werte.com\\\/de\\\/#organization\",\"name\":\"Vins Fins Thorrold\",\"url\":\"https:\\\/\\\/wein-werte.com\\\/de\\\/\",\"logo\":{\"@type\":\"ImageObject\",\"inLanguage\":\"de\",\"@id\":\"https:\\\/\\\/wein-werte.com\\\/de\\\/#\\\/schema\\\/logo\\\/image\\\/\",\"url\":\"https:\\\/\\\/wein-werte.com\\\/wp-content\\\/uploads\\\/2023\\\/07\\\/Wein_werte_Logo700-1.png\",\"contentUrl\":\"https:\\\/\\\/wein-werte.com\\\/wp-content\\\/uploads\\\/2023\\\/07\\\/Wein_werte_Logo700-1.png\",\"width\":700,\"height\":272,\"caption\":\"Vins Fins Thorrold\"},\"image\":{\"@id\":\"https:\\\/\\\/wein-werte.com\\\/de\\\/#\\\/schema\\\/logo\\\/image\\\/\"}}]}<\/script>\n<!-- \/ Yoast SEO plugin. -->","yoast_head_json":{"title":"Charles Joguet Les Varennes du Grand Clos 2011","description":"Kaufe Charles Joguet Les Varennes du Grand Clos 2011 (Cabernet Franc, trocken aus Loire, Frankreich) bei Wein Werte, Ihrem nachhaltigen Onlineshop.","robots":{"index":"index","follow":"follow","max-snippet":"max-snippet:-1","max-image-preview":"max-image-preview:large","max-video-preview":"max-video-preview:-1"},"canonical":"https:\/\/wein-werte.com\/de\/produkt\/charles-joguet-les-varennes-du-grand-clos-2011-750ml\/","og_locale":"de_DE","og_type":"article","og_title":"Charles Joguet Les Varennes du Grand Clos 2011","og_description":"Kaufe Charles Joguet Les Varennes du Grand Clos 2011 (Cabernet Franc, trocken aus Loire, Frankreich) bei Wein Werte, Ihrem nachhaltigen Onlineshop.","og_url":"https:\/\/wein-werte.com\/de\/produkt\/charles-joguet-les-varennes-du-grand-clos-2011-750ml\/","og_site_name":"Wein Werte","og_image":[{"width":323,"height":1200,"url":"https:\/\/wein-werte.com\/wp-content\/uploads\/2026\/04\/Charles-Joguet-Les-Varennes-du-Grand-Clos-2011-750ml.png","type":"image\/png"}],"twitter_card":"summary_large_image","twitter_misc":{"Gesch\u00e4tzte Lesezeit":"2\u00a0Minuten"},"schema":{"@context":"https:\/\/schema.org","@graph":[{"@type":"WebPage","@id":"https:\/\/wein-werte.com\/de\/produkt\/charles-joguet-les-varennes-du-grand-clos-2011-750ml\/","url":"https:\/\/wein-werte.com\/de\/produkt\/charles-joguet-les-varennes-du-grand-clos-2011-750ml\/","name":"Charles Joguet Les Varennes du Grand Clos 2011","isPartOf":{"@id":"https:\/\/wein-werte.com\/de\/#website"},"primaryImageOfPage":{"@id":"https:\/\/wein-werte.com\/de\/produkt\/charles-joguet-les-varennes-du-grand-clos-2011-750ml\/#primaryimage"},"image":{"@id":"https:\/\/wein-werte.com\/de\/produkt\/charles-joguet-les-varennes-du-grand-clos-2011-750ml\/#primaryimage"},"thumbnailUrl":"https:\/\/wein-werte.com\/wp-content\/uploads\/2026\/04\/Charles-Joguet-Les-Varennes-du-Grand-Clos-2011-750ml.png","datePublished":"2026-05-05T16:34:46+00:00","description":"Kaufe Charles Joguet Les Varennes du Grand Clos 2011 (Cabernet Franc, trocken aus Loire, Frankreich) bei Wein Werte, Ihrem nachhaltigen Onlineshop.","breadcrumb":{"@id":"https:\/\/wein-werte.com\/de\/produkt\/charles-joguet-les-varennes-du-grand-clos-2011-750ml\/#breadcrumb"},"inLanguage":"de","potentialAction":[{"@type":"ReadAction","target":["https:\/\/wein-werte.com\/de\/produkt\/charles-joguet-les-varennes-du-grand-clos-2011-750ml\/"]}]},{"@type":"ImageObject","inLanguage":"de","@id":"https:\/\/wein-werte.com\/de\/produkt\/charles-joguet-les-varennes-du-grand-clos-2011-750ml\/#primaryimage","url":"https:\/\/wein-werte.com\/wp-content\/uploads\/2026\/04\/Charles-Joguet-Les-Varennes-du-Grand-Clos-2011-750ml.png","contentUrl":"https:\/\/wein-werte.com\/wp-content\/uploads\/2026\/04\/Charles-Joguet-Les-Varennes-du-Grand-Clos-2011-750ml.png","width":323,"height":1200,"caption":"Charles Joguet Les Varennes du Grand Clos AOC 2011 750ml"},{"@type":"BreadcrumbList","@id":"https:\/\/wein-werte.com\/de\/produkt\/charles-joguet-les-varennes-du-grand-clos-2011-750ml\/#breadcrumb","itemListElement":[{"@type":"ListItem","position":1,"name":"Home","item":"https:\/\/wein-werte.com\/de\/"},{"@type":"ListItem","position":2,"name":"Shop","item":"https:\/\/wein-werte.com\/de\/shop\/"},{"@type":"ListItem","position":3,"name":"Charles Joguet | Loire | Les Varennes du Grand Clos AOC | 2011 | 750ml"}]},{"@type":"WebSite","@id":"https:\/\/wein-werte.com\/de\/#website","url":"https:\/\/wein-werte.com\/de\/","name":"Wein Werte","description":"","publisher":{"@id":"https:\/\/wein-werte.com\/de\/#organization"},"potentialAction":[{"@type":"SearchAction","target":{"@type":"EntryPoint","urlTemplate":"https:\/\/wein-werte.com\/de\/?s={search_term_string}"},"query-input":{"@type":"PropertyValueSpecification","valueRequired":true,"valueName":"search_term_string"}}],"inLanguage":"de"},{"@type":"Organization","@id":"https:\/\/wein-werte.com\/de\/#organization","name":"Vins Fins Thorrold","url":"https:\/\/wein-werte.com\/de\/","logo":{"@type":"ImageObject","inLanguage":"de","@id":"https:\/\/wein-werte.com\/de\/#\/schema\/logo\/image\/","url":"https:\/\/wein-werte.com\/wp-content\/uploads\/2023\/07\/Wein_werte_Logo700-1.png","contentUrl":"https:\/\/wein-werte.com\/wp-content\/uploads\/2023\/07\/Wein_werte_Logo700-1.png","width":700,"height":272,"caption":"Vins Fins Thorrold"},"image":{"@id":"https:\/\/wein-werte.com\/de\/#\/schema\/logo\/image\/"}}]}},"_links":{"self":[{"href":"https:\/\/wein-werte.com\/de\/wp-json\/wp\/v2\/product\/1136084","targetHints":{"allow":["GET"]}}],"collection":[{"href":"https:\/\/wein-werte.com\/de\/wp-json\/wp\/v2\/product"}],"about":[{"href":"https:\/\/wein-werte.com\/de\/wp-json\/wp\/v2\/types\/product"}],"wp:featuredmedia":[{"embeddable":true,"href":"https:\/\/wein-werte.com\/de\/wp-json\/wp\/v2\/media\/1145902"}],"wp:attachment":[{"href":"https:\/\/wein-werte.com\/de\/wp-json\/wp\/v2\/media?parent=1136084"}],"wp:term":[{"taxonomy":"product_brand","embeddable":true,"href":"https:\/\/wein-werte.com\/de\/wp-json\/wp\/v2\/product_brand?post=1136084"},{"taxonomy":"product_cat","embeddable":true,"href":"https:\/\/wein-werte.com\/de\/wp-json\/wp\/v2\/product_cat?post=1136084"},{"taxonomy":"product_tag","embeddable":true,"href":"https:\/\/wein-werte.com\/de\/wp-json\/wp\/v2\/product_tag?post=1136084"}],"curies":[{"name":"wp","href":"https:\/\/api.w.org\/{rel}","templated":true}]}}