{"id":1136075,"date":"2026-05-05T18:34:46","date_gmt":"2026-05-05T16:34:46","guid":{"rendered":"https:\/\/wein-werte.com\/product\/charles-joguet-les-charmes-rouge-2016-750ml\/"},"modified":"2026-04-27T12:06:03","modified_gmt":"2026-04-27T10:06:03","slug":"charles-joguet-les-charmes-rouge-2016-750ml","status":"publish","type":"product","link":"https:\/\/wein-werte.com\/de\/produkt\/charles-joguet-les-charmes-rouge-2016-750ml\/","title":{"rendered":"Charles Joguet | Loire | Les Charmes, rouge AOC | 2016 | 750ml | bio"},"content":{"rendered":"<p>Produktbeschreibung f\u00fcr Charles Joguet Les Charmes, rouge AOC 2016 (bio) <\/p>\n<h5>Informationen zum Wein<\/h5>\n<p> Les Charmes ist ein Weinberg am linken Ufer der Vienne auf den Anh\u00f6hen von Anch\u00e9, der Nachbargemeinde von Sazilly. Die Cabernet-Franc-Reben sind 35 Jahre alt, das Terroir ist ton- und kalkhaltig, der Weinberg nach Norden ausgerichtet. Der Cabernet Franc aus Les Charmes erh\u00e4lt f\u00fcr f\u00fcnf Tage eine k\u00fchle Vorverg\u00e4rung. Die Maischeg\u00e4rung in Holzbottichen dauert rund 15 Tage bei Temperaturen von 24 \u00b0C bis 26 \u00b0C. Der Vorlaufwein wird mit den besten Pressweinen verschnitten. Die malolaktische G\u00e4rung und der sechs- bis achtmonatige Ausbau finden im gro\u00dfen Holz statt. <\/p>\n<h5>Farbe<\/h5>\n<p> leuchtendes Granatrot mit einem Hauch von Ziegelrot am Rand <\/p>\n<h5>Nase<\/h5>\n<p> Der Cabernet Franc besticht durch jede Menge roter Beeren samt Str\u00fcnken, durch rote Paprika und Piment d\u2019Espelette, etwas Moschus und Gartenkr\u00e4uter. <\/p>\n<h5>Gaumen<\/h5>\n<p> Dass dieser Wein sechs Jahre gereift sein soll, merkt man ihm nur im direkten Vergleich mit einem 2019er an, bei dem die Tannine deutlicher hervortreten. Ansonsten ist der 2016er Les Charmes blutjung und urw\u00fcchsig. Am Gaumen beginnen die Tannine zu schmelzen. Saftig wirkt der Chinon und kraftvoll. Etwas Pyrazin findet sich noch in der roten Beerenfrucht und den Noten von Paprika und Tomaten. Der S\u00e4uredruck ist beeindruckend hoch, das Tannin pr\u00e4sent und auch das lange Finale \u00fcberaus saftig. Er hat viel Potential!<\/p>\n<p>Copyright Vinaturel 2025<\/p>\n<p>Keywords: <a href=\"https:\/\/wein-werte.com\/de\/shop\/?swoof=1&#038;pa_producer=Charles-Joguet\">Charles Joguet<\/a> <a href=\"https:\/\/wein-werte.com\/de\/shop\/?swoof=1&#038;woof_text=Les Charmes, rouge AOC\">Les Charmes, rouge AOC<\/a> 2016 bio <a href=\"https:\/\/wein-werte.com\/de\/shop\/?swoof=1&#038;pa_region=Loire\">Loire<\/a> <a href=\"https:\/\/wein-werte.com\/de\/shop\/?swoof=1&#038;pa_country=Frankreich\">Frankreich<\/a><\/p>\n<p>Internetseite des Weinguts: <a href=\"https:\/\/www.charlesjoguet.com\/\" target=\"_blank\">https:\/\/www.charlesjoguet.com\/<\/a><\/p>\n","protected":false},"excerpt":{"rendered":"<p>Lieferzeit: 1 bis 2 Arbeitstage (DE), 2 bis 5 Arbeitstage (EU and CH)<\/p>\n","protected":false},"featured_media":1145896,"template":"","meta":[],"product_brand":[],"product_cat":[19],"product_tag":[],"class_list":{"0":"post-1136075","1":"product","2":"type-product","3":"status-publish","4":"has-post-thumbnail","6":"product_cat-unkategorisiert","7":"pa_alcohol-for-filter-13-5","8":"pa_certified-biodynamic-nein-de","9":"pa_certified-organic-ja-de","10":"pa_colour-rot","11":"pa_country-frankreich","12":"pa_grape-cabernet-franc","13":"pa_price-for-filter-10611","14":"pa_producer-charles-joguet","15":"pa_region-loire","16":"pa_size-ml-6584","17":"pa_sweetness-trocken-de","18":"pa_type-2-still-de","19":"pa_vintage-2016-de","20":"entry","21":"has-media","23":"first","24":"instock","25":"taxable","26":"shipping-taxable","27":"purchasable","28":"product-type-simple"},"yoast_head":"<!-- This site is optimized with the Yoast SEO plugin v27.5 - https:\/\/yoast.com\/product\/yoast-seo-wordpress\/ -->\n<title>Charles Joguet Les Charmes rouge 2016<\/title>\n<meta name=\"description\" content=\"Kaufe Charles Joguet Les Charmes rouge 2016 (Cabernet Franc, trocken aus Loire, Frankreich) bei Wein Werte, Ihrem nachhaltigen Onlineshop.\" \/>\n<meta name=\"robots\" content=\"index, follow, max-snippet:-1, max-image-preview:large, max-video-preview:-1\" \/>\n<link rel=\"canonical\" href=\"https:\/\/wein-werte.com\/de\/produkt\/charles-joguet-les-charmes-rouge-2016-750ml\/\" \/>\n<meta property=\"og:locale\" content=\"de_DE\" \/>\n<meta property=\"og:type\" content=\"article\" \/>\n<meta property=\"og:title\" content=\"Charles Joguet Les Charmes rouge 2016\" \/>\n<meta property=\"og:description\" content=\"Kaufe Charles Joguet Les Charmes rouge 2016 (Cabernet Franc, trocken aus Loire, Frankreich) bei Wein Werte, Ihrem nachhaltigen Onlineshop.\" \/>\n<meta property=\"og:url\" content=\"https:\/\/wein-werte.com\/de\/produkt\/charles-joguet-les-charmes-rouge-2016-750ml\/\" \/>\n<meta property=\"og:site_name\" content=\"Wein Werte\" \/>\n<meta property=\"og:image\" content=\"https:\/\/wein-werte.com\/wp-content\/uploads\/2026\/04\/Charles-Joguet-Les-Charmes-rouge-2016-750ml.png\" \/>\n\t<meta property=\"og:image:width\" content=\"326\" \/>\n\t<meta property=\"og:image:height\" content=\"1200\" \/>\n\t<meta property=\"og:image:type\" content=\"image\/png\" \/>\n<meta name=\"twitter:card\" content=\"summary_large_image\" \/>\n<meta name=\"twitter:label1\" content=\"Gesch\u00e4tzte Lesezeit\" \/>\n\t<meta name=\"twitter:data1\" content=\"1\u00a0Minute\" \/>\n<script type=\"application\/ld+json\" class=\"yoast-schema-graph\">{\"@context\":\"https:\\\/\\\/schema.org\",\"@graph\":[{\"@type\":\"WebPage\",\"@id\":\"https:\\\/\\\/wein-werte.com\\\/de\\\/produkt\\\/charles-joguet-les-charmes-rouge-2016-750ml\\\/\",\"url\":\"https:\\\/\\\/wein-werte.com\\\/de\\\/produkt\\\/charles-joguet-les-charmes-rouge-2016-750ml\\\/\",\"name\":\"Charles Joguet Les Charmes rouge 2016\",\"isPartOf\":{\"@id\":\"https:\\\/\\\/wein-werte.com\\\/de\\\/#website\"},\"primaryImageOfPage\":{\"@id\":\"https:\\\/\\\/wein-werte.com\\\/de\\\/produkt\\\/charles-joguet-les-charmes-rouge-2016-750ml\\\/#primaryimage\"},\"image\":{\"@id\":\"https:\\\/\\\/wein-werte.com\\\/de\\\/produkt\\\/charles-joguet-les-charmes-rouge-2016-750ml\\\/#primaryimage\"},\"thumbnailUrl\":\"https:\\\/\\\/wein-werte.com\\\/wp-content\\\/uploads\\\/2026\\\/04\\\/Charles-Joguet-Les-Charmes-rouge-2016-750ml.png\",\"datePublished\":\"2026-05-05T16:34:46+00:00\",\"description\":\"Kaufe Charles Joguet Les Charmes rouge 2016 (Cabernet Franc, trocken aus Loire, Frankreich) bei Wein Werte, Ihrem nachhaltigen Onlineshop.\",\"breadcrumb\":{\"@id\":\"https:\\\/\\\/wein-werte.com\\\/de\\\/produkt\\\/charles-joguet-les-charmes-rouge-2016-750ml\\\/#breadcrumb\"},\"inLanguage\":\"de\",\"potentialAction\":[{\"@type\":\"ReadAction\",\"target\":[\"https:\\\/\\\/wein-werte.com\\\/de\\\/produkt\\\/charles-joguet-les-charmes-rouge-2016-750ml\\\/\"]}]},{\"@type\":\"ImageObject\",\"inLanguage\":\"de\",\"@id\":\"https:\\\/\\\/wein-werte.com\\\/de\\\/produkt\\\/charles-joguet-les-charmes-rouge-2016-750ml\\\/#primaryimage\",\"url\":\"https:\\\/\\\/wein-werte.com\\\/wp-content\\\/uploads\\\/2026\\\/04\\\/Charles-Joguet-Les-Charmes-rouge-2016-750ml.png\",\"contentUrl\":\"https:\\\/\\\/wein-werte.com\\\/wp-content\\\/uploads\\\/2026\\\/04\\\/Charles-Joguet-Les-Charmes-rouge-2016-750ml.png\",\"width\":326,\"height\":1200,\"caption\":\"Charles Joguet Les Charmes, rouge AOC 2016 750ml\"},{\"@type\":\"BreadcrumbList\",\"@id\":\"https:\\\/\\\/wein-werte.com\\\/de\\\/produkt\\\/charles-joguet-les-charmes-rouge-2016-750ml\\\/#breadcrumb\",\"itemListElement\":[{\"@type\":\"ListItem\",\"position\":1,\"name\":\"Home\",\"item\":\"https:\\\/\\\/wein-werte.com\\\/de\\\/\"},{\"@type\":\"ListItem\",\"position\":2,\"name\":\"Shop\",\"item\":\"https:\\\/\\\/wein-werte.com\\\/de\\\/shop\\\/\"},{\"@type\":\"ListItem\",\"position\":3,\"name\":\"Charles Joguet | Loire | Les Charmes, rouge AOC | 2016 | 750ml | bio\"}]},{\"@type\":\"WebSite\",\"@id\":\"https:\\\/\\\/wein-werte.com\\\/de\\\/#website\",\"url\":\"https:\\\/\\\/wein-werte.com\\\/de\\\/\",\"name\":\"Wein Werte\",\"description\":\"\",\"publisher\":{\"@id\":\"https:\\\/\\\/wein-werte.com\\\/de\\\/#organization\"},\"potentialAction\":[{\"@type\":\"SearchAction\",\"target\":{\"@type\":\"EntryPoint\",\"urlTemplate\":\"https:\\\/\\\/wein-werte.com\\\/de\\\/?s={search_term_string}\"},\"query-input\":{\"@type\":\"PropertyValueSpecification\",\"valueRequired\":true,\"valueName\":\"search_term_string\"}}],\"inLanguage\":\"de\"},{\"@type\":\"Organization\",\"@id\":\"https:\\\/\\\/wein-werte.com\\\/de\\\/#organization\",\"name\":\"Vins Fins Thorrold\",\"url\":\"https:\\\/\\\/wein-werte.com\\\/de\\\/\",\"logo\":{\"@type\":\"ImageObject\",\"inLanguage\":\"de\",\"@id\":\"https:\\\/\\\/wein-werte.com\\\/de\\\/#\\\/schema\\\/logo\\\/image\\\/\",\"url\":\"https:\\\/\\\/wein-werte.com\\\/wp-content\\\/uploads\\\/2023\\\/07\\\/Wein_werte_Logo700-1.png\",\"contentUrl\":\"https:\\\/\\\/wein-werte.com\\\/wp-content\\\/uploads\\\/2023\\\/07\\\/Wein_werte_Logo700-1.png\",\"width\":700,\"height\":272,\"caption\":\"Vins Fins Thorrold\"},\"image\":{\"@id\":\"https:\\\/\\\/wein-werte.com\\\/de\\\/#\\\/schema\\\/logo\\\/image\\\/\"}}]}<\/script>\n<!-- \/ Yoast SEO plugin. -->","yoast_head_json":{"title":"Charles Joguet Les Charmes rouge 2016","description":"Kaufe Charles Joguet Les Charmes rouge 2016 (Cabernet Franc, trocken aus Loire, Frankreich) bei Wein Werte, Ihrem nachhaltigen Onlineshop.","robots":{"index":"index","follow":"follow","max-snippet":"max-snippet:-1","max-image-preview":"max-image-preview:large","max-video-preview":"max-video-preview:-1"},"canonical":"https:\/\/wein-werte.com\/de\/produkt\/charles-joguet-les-charmes-rouge-2016-750ml\/","og_locale":"de_DE","og_type":"article","og_title":"Charles Joguet Les Charmes rouge 2016","og_description":"Kaufe Charles Joguet Les Charmes rouge 2016 (Cabernet Franc, trocken aus Loire, Frankreich) bei Wein Werte, Ihrem nachhaltigen Onlineshop.","og_url":"https:\/\/wein-werte.com\/de\/produkt\/charles-joguet-les-charmes-rouge-2016-750ml\/","og_site_name":"Wein Werte","og_image":[{"width":326,"height":1200,"url":"https:\/\/wein-werte.com\/wp-content\/uploads\/2026\/04\/Charles-Joguet-Les-Charmes-rouge-2016-750ml.png","type":"image\/png"}],"twitter_card":"summary_large_image","twitter_misc":{"Gesch\u00e4tzte Lesezeit":"1\u00a0Minute"},"schema":{"@context":"https:\/\/schema.org","@graph":[{"@type":"WebPage","@id":"https:\/\/wein-werte.com\/de\/produkt\/charles-joguet-les-charmes-rouge-2016-750ml\/","url":"https:\/\/wein-werte.com\/de\/produkt\/charles-joguet-les-charmes-rouge-2016-750ml\/","name":"Charles Joguet Les Charmes rouge 2016","isPartOf":{"@id":"https:\/\/wein-werte.com\/de\/#website"},"primaryImageOfPage":{"@id":"https:\/\/wein-werte.com\/de\/produkt\/charles-joguet-les-charmes-rouge-2016-750ml\/#primaryimage"},"image":{"@id":"https:\/\/wein-werte.com\/de\/produkt\/charles-joguet-les-charmes-rouge-2016-750ml\/#primaryimage"},"thumbnailUrl":"https:\/\/wein-werte.com\/wp-content\/uploads\/2026\/04\/Charles-Joguet-Les-Charmes-rouge-2016-750ml.png","datePublished":"2026-05-05T16:34:46+00:00","description":"Kaufe Charles Joguet Les Charmes rouge 2016 (Cabernet Franc, trocken aus Loire, Frankreich) bei Wein Werte, Ihrem nachhaltigen Onlineshop.","breadcrumb":{"@id":"https:\/\/wein-werte.com\/de\/produkt\/charles-joguet-les-charmes-rouge-2016-750ml\/#breadcrumb"},"inLanguage":"de","potentialAction":[{"@type":"ReadAction","target":["https:\/\/wein-werte.com\/de\/produkt\/charles-joguet-les-charmes-rouge-2016-750ml\/"]}]},{"@type":"ImageObject","inLanguage":"de","@id":"https:\/\/wein-werte.com\/de\/produkt\/charles-joguet-les-charmes-rouge-2016-750ml\/#primaryimage","url":"https:\/\/wein-werte.com\/wp-content\/uploads\/2026\/04\/Charles-Joguet-Les-Charmes-rouge-2016-750ml.png","contentUrl":"https:\/\/wein-werte.com\/wp-content\/uploads\/2026\/04\/Charles-Joguet-Les-Charmes-rouge-2016-750ml.png","width":326,"height":1200,"caption":"Charles Joguet Les Charmes, rouge AOC 2016 750ml"},{"@type":"BreadcrumbList","@id":"https:\/\/wein-werte.com\/de\/produkt\/charles-joguet-les-charmes-rouge-2016-750ml\/#breadcrumb","itemListElement":[{"@type":"ListItem","position":1,"name":"Home","item":"https:\/\/wein-werte.com\/de\/"},{"@type":"ListItem","position":2,"name":"Shop","item":"https:\/\/wein-werte.com\/de\/shop\/"},{"@type":"ListItem","position":3,"name":"Charles Joguet | Loire | Les Charmes, rouge AOC | 2016 | 750ml | bio"}]},{"@type":"WebSite","@id":"https:\/\/wein-werte.com\/de\/#website","url":"https:\/\/wein-werte.com\/de\/","name":"Wein Werte","description":"","publisher":{"@id":"https:\/\/wein-werte.com\/de\/#organization"},"potentialAction":[{"@type":"SearchAction","target":{"@type":"EntryPoint","urlTemplate":"https:\/\/wein-werte.com\/de\/?s={search_term_string}"},"query-input":{"@type":"PropertyValueSpecification","valueRequired":true,"valueName":"search_term_string"}}],"inLanguage":"de"},{"@type":"Organization","@id":"https:\/\/wein-werte.com\/de\/#organization","name":"Vins Fins Thorrold","url":"https:\/\/wein-werte.com\/de\/","logo":{"@type":"ImageObject","inLanguage":"de","@id":"https:\/\/wein-werte.com\/de\/#\/schema\/logo\/image\/","url":"https:\/\/wein-werte.com\/wp-content\/uploads\/2023\/07\/Wein_werte_Logo700-1.png","contentUrl":"https:\/\/wein-werte.com\/wp-content\/uploads\/2023\/07\/Wein_werte_Logo700-1.png","width":700,"height":272,"caption":"Vins Fins Thorrold"},"image":{"@id":"https:\/\/wein-werte.com\/de\/#\/schema\/logo\/image\/"}}]}},"_links":{"self":[{"href":"https:\/\/wein-werte.com\/de\/wp-json\/wp\/v2\/product\/1136075","targetHints":{"allow":["GET"]}}],"collection":[{"href":"https:\/\/wein-werte.com\/de\/wp-json\/wp\/v2\/product"}],"about":[{"href":"https:\/\/wein-werte.com\/de\/wp-json\/wp\/v2\/types\/product"}],"wp:featuredmedia":[{"embeddable":true,"href":"https:\/\/wein-werte.com\/de\/wp-json\/wp\/v2\/media\/1145896"}],"wp:attachment":[{"href":"https:\/\/wein-werte.com\/de\/wp-json\/wp\/v2\/media?parent=1136075"}],"wp:term":[{"taxonomy":"product_brand","embeddable":true,"href":"https:\/\/wein-werte.com\/de\/wp-json\/wp\/v2\/product_brand?post=1136075"},{"taxonomy":"product_cat","embeddable":true,"href":"https:\/\/wein-werte.com\/de\/wp-json\/wp\/v2\/product_cat?post=1136075"},{"taxonomy":"product_tag","embeddable":true,"href":"https:\/\/wein-werte.com\/de\/wp-json\/wp\/v2\/product_tag?post=1136075"}],"curies":[{"name":"wp","href":"https:\/\/api.w.org\/{rel}","templated":true}]}}