{"id":1136052,"date":"2026-05-01T19:58:38","date_gmt":"2026-05-01T17:58:38","guid":{"rendered":"https:\/\/wein-werte.com\/product\/grand-cotes-du-jura-cuvee-tradition-vin-de-voile-2021-750ml\/"},"modified":"2026-04-27T12:06:01","modified_gmt":"2026-04-27T10:06:01","slug":"grand-cotes-du-jura-cuvee-tradition-vin-de-voile-2021-750ml","status":"publish","type":"product","link":"https:\/\/wein-werte.com\/de\/produkt\/grand-cotes-du-jura-cuvee-tradition-vin-de-voile-2021-750ml\/","title":{"rendered":"Grand | Jura | C\u00f4tes du Jura, Cuv\u00e9e Tradition, Vin de Voile | 2021 | 750ml"},"content":{"rendered":"<p>Produktbeschreibung f\u00fcr Grand C\u00f4tes du Jura, Cuv\u00e9e Tradition, Vin de Voile 2021 <\/p>\n<h5>Information zum Wein<\/h5>\n<p> Auch wenn sich das Weingut bei der genauen Zusammensetzung der Cuv\u00e9e in Schweigen h\u00fcllt, so bildet die Basis dieses Weines offensichtlich eine Cuv\u00e9e Blanc Tradition, die meist aus einem Drittel Savagnin und zwei Dritteln Chardonnay besteht. Beide Sorten werden traditionell zusammen im Fass vergoren und ausgebaut. Es ist ein Vin de voile, er wird also w\u00e4hrend der Lagerung nicht mehr aufgef\u00fcllt. Allerdings wirkt der Wein deutlich weniger oxidativ als der 2021er Savagnin vin de voile. Insofern wurde vielleicht nur sporadisch das Auff\u00fcllen unterlassen, und es hat sich nur eine leichte Florschicht gebildet.  <\/p>\n<h5>Farbe<\/h5>\n<p> Goldgelb \u00a0 <\/p>\n<h5>Nase<\/h5>\n<p> Die Cuv\u00e9e Tradition 2021<\/p>\n<h5> <\/h5>\n<p>duftet nach Waln\u00fcssen, ged\u00f6rrten Feigen, Salzzitronen und Salzmandeln. Dazu kommen ein paar gelbe Pflaumen, gelbe und gr\u00fcne \u00c4pfel, Zitronen, Zesten und Salzzitronen sowie ein feiner Hauch von Nougat und Marzipan. Man merkt nat\u00fcrlich, dass es Vin de Voile ist, aber das Oxidative wirkt dezent. <\/p>\n<h5>\u00a0<\/h5>\n<h5>Gaumen<\/h5>\n<p> Am Gaumen bildet die Cuv\u00e9e Tradition eine delikate Balance zwischen dem rondeur des Savagnin und der Frische des Chardonnays, zwischen Saftigkeit und sanftem S\u00e4uredruck. Der Wein verf\u00fcgt \u00fcber einen feinen Gerbstoff, zeigt s\u00e4uerliche Noten von Zitrusfr\u00fcchten und gr\u00fcnem Apfel, erinnert ein wenig an Currybl\u00e4tter und Salzmandel und bietet einen dezenten Holzton mit R\u00f6stnote und Karamell. Hier finden sich Kraft und Eleganz, eine leichte, lebendige Bitterkeit und viel Umami.<\/p>\n<p>Copyright Vinaturel 2025<\/p>\n<p>Keywords: <a href=\"https:\/\/wein-werte.com\/de\/shop\/?swoof=1&#038;pa_producer=Grand\">Grand<\/a> <a href=\"https:\/\/wein-werte.com\/de\/shop\/?swoof=1&#038;woof_text=C\u00f4tes du Jura, Cuv\u00e9e Tradition, Vin de Voile\">C\u00f4tes du Jura, Cuv\u00e9e Tradition, Vin de Voile<\/a> 2021  <a href=\"https:\/\/wein-werte.com\/de\/shop\/?swoof=1&#038;pa_region=Jura\">Jura<\/a> <a href=\"https:\/\/wein-werte.com\/de\/shop\/?swoof=1&#038;pa_country=Frankreich\">Frankreich<\/a><\/p>\n<p>Internetseite des Weinguts: <a href=\"https:\/\/domaine-grand.plugwine.com\/?lg=en\" target=\"_blank\">https:\/\/domaine-grand.plugwine.com\/?lg=en<\/a><\/p>\n","protected":false},"excerpt":{"rendered":"<p>Lieferzeit: 1 bis 2 Arbeitstage (DE), 2 bis 5 Arbeitstage (EU and CH)<\/p>\n","protected":false},"featured_media":1145878,"template":"","meta":[],"product_brand":[],"product_cat":[19],"product_tag":[],"class_list":{"0":"post-1136052","1":"product","2":"type-product","3":"status-publish","4":"has-post-thumbnail","6":"product_cat-unkategorisiert","7":"pa_alcohol-for-filter-13-5","8":"pa_certified-biodynamic-nein-de","9":"pa_certified-organic-nein-de","10":"pa_colour-weiss","11":"pa_country-frankreich","12":"pa_grape-chardonnay-cuvee","13":"pa_price-for-filter-10599","14":"pa_producer-grand","15":"pa_region-jura","16":"pa_size-ml-6584","17":"pa_sweetness-trocken-de","18":"pa_type-2-still-de","19":"pa_vintage-2021-de","20":"entry","21":"has-media","23":"first","24":"instock","25":"taxable","26":"shipping-taxable","27":"purchasable","28":"product-type-simple"},"yoast_head":"<!-- This site is optimized with the Yoast SEO plugin v27.5 - https:\/\/yoast.com\/product\/yoast-seo-wordpress\/ -->\n<title>Grand C\u00f4tes du Jura Cuv\u00e9e Tradition Vin de Voile 2021<\/title>\n<meta name=\"description\" content=\"Kaufe Grand C\u00f4tes du Jura Cuv\u00e9e Tradition Vin de Voile 2021 (Chardonnay Cuv\u00e9e, trocken aus Jura, Frankreich) bei Wein Werte, Ihrem nachhaltigen Onlineshop.\" \/>\n<meta name=\"robots\" content=\"index, follow, max-snippet:-1, max-image-preview:large, max-video-preview:-1\" \/>\n<link rel=\"canonical\" href=\"https:\/\/wein-werte.com\/de\/produkt\/grand-cotes-du-jura-cuvee-tradition-vin-de-voile-2021-750ml\/\" \/>\n<meta property=\"og:locale\" content=\"de_DE\" \/>\n<meta property=\"og:type\" content=\"article\" \/>\n<meta property=\"og:title\" content=\"Grand C\u00f4tes du Jura Cuv\u00e9e Tradition Vin de Voile 2021\" \/>\n<meta property=\"og:description\" content=\"Kaufe Grand C\u00f4tes du Jura Cuv\u00e9e Tradition Vin de Voile 2021 (Chardonnay Cuv\u00e9e, trocken aus Jura, Frankreich) bei Wein Werte, Ihrem nachhaltigen Onlineshop.\" \/>\n<meta property=\"og:url\" content=\"https:\/\/wein-werte.com\/de\/produkt\/grand-cotes-du-jura-cuvee-tradition-vin-de-voile-2021-750ml\/\" \/>\n<meta property=\"og:site_name\" content=\"Wein Werte\" \/>\n<meta property=\"og:image\" content=\"https:\/\/wein-werte.com\/wp-content\/uploads\/2026\/04\/Grand-Cotes-du-Jura-Cuvee-Tradition-Vin-de-Voile-2021-750ml.png\" \/>\n\t<meta property=\"og:image:width\" content=\"335\" \/>\n\t<meta property=\"og:image:height\" content=\"1200\" \/>\n\t<meta property=\"og:image:type\" content=\"image\/png\" \/>\n<meta name=\"twitter:card\" content=\"summary_large_image\" \/>\n<meta name=\"twitter:label1\" content=\"Gesch\u00e4tzte Lesezeit\" \/>\n\t<meta name=\"twitter:data1\" content=\"1\u00a0Minute\" \/>\n<script type=\"application\/ld+json\" class=\"yoast-schema-graph\">{\"@context\":\"https:\\\/\\\/schema.org\",\"@graph\":[{\"@type\":\"WebPage\",\"@id\":\"https:\\\/\\\/wein-werte.com\\\/de\\\/produkt\\\/grand-cotes-du-jura-cuvee-tradition-vin-de-voile-2021-750ml\\\/\",\"url\":\"https:\\\/\\\/wein-werte.com\\\/de\\\/produkt\\\/grand-cotes-du-jura-cuvee-tradition-vin-de-voile-2021-750ml\\\/\",\"name\":\"Grand C\u00f4tes du Jura Cuv\u00e9e Tradition Vin de Voile 2021\",\"isPartOf\":{\"@id\":\"https:\\\/\\\/wein-werte.com\\\/de\\\/#website\"},\"primaryImageOfPage\":{\"@id\":\"https:\\\/\\\/wein-werte.com\\\/de\\\/produkt\\\/grand-cotes-du-jura-cuvee-tradition-vin-de-voile-2021-750ml\\\/#primaryimage\"},\"image\":{\"@id\":\"https:\\\/\\\/wein-werte.com\\\/de\\\/produkt\\\/grand-cotes-du-jura-cuvee-tradition-vin-de-voile-2021-750ml\\\/#primaryimage\"},\"thumbnailUrl\":\"https:\\\/\\\/wein-werte.com\\\/wp-content\\\/uploads\\\/2026\\\/04\\\/Grand-Cotes-du-Jura-Cuvee-Tradition-Vin-de-Voile-2021-750ml.png\",\"datePublished\":\"2026-05-01T17:58:38+00:00\",\"description\":\"Kaufe Grand C\u00f4tes du Jura Cuv\u00e9e Tradition Vin de Voile 2021 (Chardonnay Cuv\u00e9e, trocken aus Jura, Frankreich) bei Wein Werte, Ihrem nachhaltigen Onlineshop.\",\"breadcrumb\":{\"@id\":\"https:\\\/\\\/wein-werte.com\\\/de\\\/produkt\\\/grand-cotes-du-jura-cuvee-tradition-vin-de-voile-2021-750ml\\\/#breadcrumb\"},\"inLanguage\":\"de\",\"potentialAction\":[{\"@type\":\"ReadAction\",\"target\":[\"https:\\\/\\\/wein-werte.com\\\/de\\\/produkt\\\/grand-cotes-du-jura-cuvee-tradition-vin-de-voile-2021-750ml\\\/\"]}]},{\"@type\":\"ImageObject\",\"inLanguage\":\"de\",\"@id\":\"https:\\\/\\\/wein-werte.com\\\/de\\\/produkt\\\/grand-cotes-du-jura-cuvee-tradition-vin-de-voile-2021-750ml\\\/#primaryimage\",\"url\":\"https:\\\/\\\/wein-werte.com\\\/wp-content\\\/uploads\\\/2026\\\/04\\\/Grand-Cotes-du-Jura-Cuvee-Tradition-Vin-de-Voile-2021-750ml.png\",\"contentUrl\":\"https:\\\/\\\/wein-werte.com\\\/wp-content\\\/uploads\\\/2026\\\/04\\\/Grand-Cotes-du-Jura-Cuvee-Tradition-Vin-de-Voile-2021-750ml.png\",\"width\":335,\"height\":1200,\"caption\":\"Grand C\u00f4tes du Jura, Cuv\u00e9e Tradition, Vin de Voile 2021 750ml\"},{\"@type\":\"BreadcrumbList\",\"@id\":\"https:\\\/\\\/wein-werte.com\\\/de\\\/produkt\\\/grand-cotes-du-jura-cuvee-tradition-vin-de-voile-2021-750ml\\\/#breadcrumb\",\"itemListElement\":[{\"@type\":\"ListItem\",\"position\":1,\"name\":\"Home\",\"item\":\"https:\\\/\\\/wein-werte.com\\\/de\\\/\"},{\"@type\":\"ListItem\",\"position\":2,\"name\":\"Shop\",\"item\":\"https:\\\/\\\/wein-werte.com\\\/de\\\/shop\\\/\"},{\"@type\":\"ListItem\",\"position\":3,\"name\":\"Grand | Jura | C\u00f4tes du Jura, Cuv\u00e9e Tradition, Vin de Voile | 2021 | 750ml\"}]},{\"@type\":\"WebSite\",\"@id\":\"https:\\\/\\\/wein-werte.com\\\/de\\\/#website\",\"url\":\"https:\\\/\\\/wein-werte.com\\\/de\\\/\",\"name\":\"Wein Werte\",\"description\":\"\",\"publisher\":{\"@id\":\"https:\\\/\\\/wein-werte.com\\\/de\\\/#organization\"},\"potentialAction\":[{\"@type\":\"SearchAction\",\"target\":{\"@type\":\"EntryPoint\",\"urlTemplate\":\"https:\\\/\\\/wein-werte.com\\\/de\\\/?s={search_term_string}\"},\"query-input\":{\"@type\":\"PropertyValueSpecification\",\"valueRequired\":true,\"valueName\":\"search_term_string\"}}],\"inLanguage\":\"de\"},{\"@type\":\"Organization\",\"@id\":\"https:\\\/\\\/wein-werte.com\\\/de\\\/#organization\",\"name\":\"Vins Fins Thorrold\",\"url\":\"https:\\\/\\\/wein-werte.com\\\/de\\\/\",\"logo\":{\"@type\":\"ImageObject\",\"inLanguage\":\"de\",\"@id\":\"https:\\\/\\\/wein-werte.com\\\/de\\\/#\\\/schema\\\/logo\\\/image\\\/\",\"url\":\"https:\\\/\\\/wein-werte.com\\\/wp-content\\\/uploads\\\/2023\\\/07\\\/Wein_werte_Logo700-1.png\",\"contentUrl\":\"https:\\\/\\\/wein-werte.com\\\/wp-content\\\/uploads\\\/2023\\\/07\\\/Wein_werte_Logo700-1.png\",\"width\":700,\"height\":272,\"caption\":\"Vins Fins Thorrold\"},\"image\":{\"@id\":\"https:\\\/\\\/wein-werte.com\\\/de\\\/#\\\/schema\\\/logo\\\/image\\\/\"}}]}<\/script>\n<!-- \/ Yoast SEO plugin. -->","yoast_head_json":{"title":"Grand C\u00f4tes du Jura Cuv\u00e9e Tradition Vin de Voile 2021","description":"Kaufe Grand C\u00f4tes du Jura Cuv\u00e9e Tradition Vin de Voile 2021 (Chardonnay Cuv\u00e9e, trocken aus Jura, Frankreich) bei Wein Werte, Ihrem nachhaltigen Onlineshop.","robots":{"index":"index","follow":"follow","max-snippet":"max-snippet:-1","max-image-preview":"max-image-preview:large","max-video-preview":"max-video-preview:-1"},"canonical":"https:\/\/wein-werte.com\/de\/produkt\/grand-cotes-du-jura-cuvee-tradition-vin-de-voile-2021-750ml\/","og_locale":"de_DE","og_type":"article","og_title":"Grand C\u00f4tes du Jura Cuv\u00e9e Tradition Vin de Voile 2021","og_description":"Kaufe Grand C\u00f4tes du Jura Cuv\u00e9e Tradition Vin de Voile 2021 (Chardonnay Cuv\u00e9e, trocken aus Jura, Frankreich) bei Wein Werte, Ihrem nachhaltigen Onlineshop.","og_url":"https:\/\/wein-werte.com\/de\/produkt\/grand-cotes-du-jura-cuvee-tradition-vin-de-voile-2021-750ml\/","og_site_name":"Wein Werte","og_image":[{"width":335,"height":1200,"url":"https:\/\/wein-werte.com\/wp-content\/uploads\/2026\/04\/Grand-Cotes-du-Jura-Cuvee-Tradition-Vin-de-Voile-2021-750ml.png","type":"image\/png"}],"twitter_card":"summary_large_image","twitter_misc":{"Gesch\u00e4tzte Lesezeit":"1\u00a0Minute"},"schema":{"@context":"https:\/\/schema.org","@graph":[{"@type":"WebPage","@id":"https:\/\/wein-werte.com\/de\/produkt\/grand-cotes-du-jura-cuvee-tradition-vin-de-voile-2021-750ml\/","url":"https:\/\/wein-werte.com\/de\/produkt\/grand-cotes-du-jura-cuvee-tradition-vin-de-voile-2021-750ml\/","name":"Grand C\u00f4tes du Jura Cuv\u00e9e Tradition Vin de Voile 2021","isPartOf":{"@id":"https:\/\/wein-werte.com\/de\/#website"},"primaryImageOfPage":{"@id":"https:\/\/wein-werte.com\/de\/produkt\/grand-cotes-du-jura-cuvee-tradition-vin-de-voile-2021-750ml\/#primaryimage"},"image":{"@id":"https:\/\/wein-werte.com\/de\/produkt\/grand-cotes-du-jura-cuvee-tradition-vin-de-voile-2021-750ml\/#primaryimage"},"thumbnailUrl":"https:\/\/wein-werte.com\/wp-content\/uploads\/2026\/04\/Grand-Cotes-du-Jura-Cuvee-Tradition-Vin-de-Voile-2021-750ml.png","datePublished":"2026-05-01T17:58:38+00:00","description":"Kaufe Grand C\u00f4tes du Jura Cuv\u00e9e Tradition Vin de Voile 2021 (Chardonnay Cuv\u00e9e, trocken aus Jura, Frankreich) bei Wein Werte, Ihrem nachhaltigen Onlineshop.","breadcrumb":{"@id":"https:\/\/wein-werte.com\/de\/produkt\/grand-cotes-du-jura-cuvee-tradition-vin-de-voile-2021-750ml\/#breadcrumb"},"inLanguage":"de","potentialAction":[{"@type":"ReadAction","target":["https:\/\/wein-werte.com\/de\/produkt\/grand-cotes-du-jura-cuvee-tradition-vin-de-voile-2021-750ml\/"]}]},{"@type":"ImageObject","inLanguage":"de","@id":"https:\/\/wein-werte.com\/de\/produkt\/grand-cotes-du-jura-cuvee-tradition-vin-de-voile-2021-750ml\/#primaryimage","url":"https:\/\/wein-werte.com\/wp-content\/uploads\/2026\/04\/Grand-Cotes-du-Jura-Cuvee-Tradition-Vin-de-Voile-2021-750ml.png","contentUrl":"https:\/\/wein-werte.com\/wp-content\/uploads\/2026\/04\/Grand-Cotes-du-Jura-Cuvee-Tradition-Vin-de-Voile-2021-750ml.png","width":335,"height":1200,"caption":"Grand C\u00f4tes du Jura, Cuv\u00e9e Tradition, Vin de Voile 2021 750ml"},{"@type":"BreadcrumbList","@id":"https:\/\/wein-werte.com\/de\/produkt\/grand-cotes-du-jura-cuvee-tradition-vin-de-voile-2021-750ml\/#breadcrumb","itemListElement":[{"@type":"ListItem","position":1,"name":"Home","item":"https:\/\/wein-werte.com\/de\/"},{"@type":"ListItem","position":2,"name":"Shop","item":"https:\/\/wein-werte.com\/de\/shop\/"},{"@type":"ListItem","position":3,"name":"Grand | Jura | C\u00f4tes du Jura, Cuv\u00e9e Tradition, Vin de Voile | 2021 | 750ml"}]},{"@type":"WebSite","@id":"https:\/\/wein-werte.com\/de\/#website","url":"https:\/\/wein-werte.com\/de\/","name":"Wein Werte","description":"","publisher":{"@id":"https:\/\/wein-werte.com\/de\/#organization"},"potentialAction":[{"@type":"SearchAction","target":{"@type":"EntryPoint","urlTemplate":"https:\/\/wein-werte.com\/de\/?s={search_term_string}"},"query-input":{"@type":"PropertyValueSpecification","valueRequired":true,"valueName":"search_term_string"}}],"inLanguage":"de"},{"@type":"Organization","@id":"https:\/\/wein-werte.com\/de\/#organization","name":"Vins Fins Thorrold","url":"https:\/\/wein-werte.com\/de\/","logo":{"@type":"ImageObject","inLanguage":"de","@id":"https:\/\/wein-werte.com\/de\/#\/schema\/logo\/image\/","url":"https:\/\/wein-werte.com\/wp-content\/uploads\/2023\/07\/Wein_werte_Logo700-1.png","contentUrl":"https:\/\/wein-werte.com\/wp-content\/uploads\/2023\/07\/Wein_werte_Logo700-1.png","width":700,"height":272,"caption":"Vins Fins Thorrold"},"image":{"@id":"https:\/\/wein-werte.com\/de\/#\/schema\/logo\/image\/"}}]}},"_links":{"self":[{"href":"https:\/\/wein-werte.com\/de\/wp-json\/wp\/v2\/product\/1136052","targetHints":{"allow":["GET"]}}],"collection":[{"href":"https:\/\/wein-werte.com\/de\/wp-json\/wp\/v2\/product"}],"about":[{"href":"https:\/\/wein-werte.com\/de\/wp-json\/wp\/v2\/types\/product"}],"wp:featuredmedia":[{"embeddable":true,"href":"https:\/\/wein-werte.com\/de\/wp-json\/wp\/v2\/media\/1145878"}],"wp:attachment":[{"href":"https:\/\/wein-werte.com\/de\/wp-json\/wp\/v2\/media?parent=1136052"}],"wp:term":[{"taxonomy":"product_brand","embeddable":true,"href":"https:\/\/wein-werte.com\/de\/wp-json\/wp\/v2\/product_brand?post=1136052"},{"taxonomy":"product_cat","embeddable":true,"href":"https:\/\/wein-werte.com\/de\/wp-json\/wp\/v2\/product_cat?post=1136052"},{"taxonomy":"product_tag","embeddable":true,"href":"https:\/\/wein-werte.com\/de\/wp-json\/wp\/v2\/product_tag?post=1136052"}],"curies":[{"name":"wp","href":"https:\/\/api.w.org\/{rel}","templated":true}]}}