{"id":1135958,"date":"2026-05-08T20:09:40","date_gmt":"2026-05-08T18:09:40","guid":{"rendered":"https:\/\/wein-werte.com\/product\/du-bouchot-vin-orange-vin-de-maceration-2021-750ml\/"},"modified":"2026-04-27T12:05:48","modified_gmt":"2026-04-27T10:05:48","slug":"du-bouchot-vin-orange-vin-de-maceration-2021-750ml","status":"publish","type":"product","link":"https:\/\/wein-werte.com\/de\/produkt\/du-bouchot-vin-orange-vin-de-maceration-2021-750ml\/","title":{"rendered":"du Bouchot | Loire | Vin Orange, Vin de Mac\u00e9ration VdF | 2021 | 750ml | bio"},"content":{"rendered":"<p>Produktbeschreibung f\u00fcr du Bouchot Vin Orange, Vin de Mac\u00e9ration VdF 2021 (bio) <\/p>\n<h5>Informationen zum Wein<\/h5>\n<p> 100 % Sauvignon von 45 Jahre alten Rebst\u00f6cken, die biodynamisch bewirtschaftet werden und auf der kleinen Parzelle Les Co\u00fbtes du Bout gepflanzt sind, in der Caillottes vorherrschen, also Kalksteinb\u00f6den aus dem Oxfordium und Kimmeridge-Kalk. Vollst\u00e4ndige Weinbereitung im Holz mit f\u00fcnf Monaten Mazeration auf den Trauben, dann sanfte Pressung und weitere sechs Monate Ausbau in denselben F\u00e4ssern. Antoine Gouffier meint: \u201eWir machen keine Rotweine auf dem Weingut, also machen wir zum Spa\u00df eine Mazeration\u201c. <\/p>\n<h5>Farbe<\/h5>\n<p> erstaunlich helles Strohgelb f\u00fcr sechs Monate Mazeration <\/p>\n<h5>Nase<\/h5>\n<p> In der Nase zeigt der Vin de France sich geradlinig sowie fein und deutlich weniger gr\u00fcn-aromatisch als die typischen Sauvignon Blancs dieses Jahrgangs. Es duftet nach Pomelo und Ingwer, Apfel und Apfelschale mit einer angenehmen Bl\u00fctenduftigkeit. <\/p>\n<h5>Gaumen<\/h5>\n<p> Am Gaumen ist dieser Wein ein gro\u00dfer Genuss. Er ist ein klarer Vin de Mac\u00e9ration, wirkt jedoch keineswegs anstrengend. Lediglich der Extrakt, die Noten von S\u00fc\u00dfholz und eine leichte Bitterkeit der Schalen sorgen f\u00fcr einen gewichtigen Unterbau. Der Ausbau hat in dem k\u00fchlen Jahrgang die S\u00e4ure des Weins angenehm rund geschliffen. Die Caillottes sorgten f\u00fcr eine dichte mineralische Intensit\u00e4t, die auch in der Saftigkeit und Duftigkeit ihren klaren Ausdruck findet.<\/p>\n<p>Copyright Vinaturel 2025<\/p>\n<p>Keywords: <a href=\"https:\/\/wein-werte.com\/de\/shop\/?swoof=1&#038;pa_producer=du-Bouchot\">du Bouchot<\/a> <a href=\"https:\/\/wein-werte.com\/de\/shop\/?swoof=1&#038;woof_text=Vin Orange, Vin de Mac\u00e9ration VdF\">Vin Orange, Vin de Mac\u00e9ration VdF<\/a> 2021 bio <a href=\"https:\/\/wein-werte.com\/de\/shop\/?swoof=1&#038;pa_region=Loire\">Loire<\/a> <a href=\"https:\/\/wein-werte.com\/de\/shop\/?swoof=1&#038;pa_country=Frankreich\">Frankreich<\/a><\/p>\n<p>Internetseite des Weinguts: <a href=\"https:\/\/www.domaine-du-bouchot.com\/\" target=\"_blank\">https:\/\/www.domaine-du-bouchot.com\/<\/a><\/p>\n","protected":false},"excerpt":{"rendered":"<p>Lieferzeit: 1 bis 2 Arbeitstage (DE), 2 bis 5 Arbeitstage (EU and CH)<\/p>\n","protected":false},"featured_media":1145804,"template":"","meta":[],"product_brand":[],"product_cat":[19],"product_tag":[],"class_list":{"0":"post-1135958","1":"product","2":"type-product","3":"status-publish","4":"has-post-thumbnail","6":"product_cat-unkategorisiert","7":"pa_alcohol-for-filter-12-5","8":"pa_certified-biodynamic-nein-de","9":"pa_certified-organic-ja-de","10":"pa_colour-orange-de","11":"pa_country-frankreich","12":"pa_price-for-filter-10611","13":"pa_producer-du-bouchot","14":"pa_region-loire","15":"pa_size-ml-6584","16":"pa_sweetness-trocken-de","17":"pa_type-2-still-de","18":"pa_vintage-2021-de","19":"entry","20":"has-media","22":"first","23":"instock","24":"taxable","25":"shipping-taxable","26":"purchasable","27":"product-type-simple"},"yoast_head":"<!-- This site is optimized with the Yoast SEO plugin v27.5 - https:\/\/yoast.com\/product\/yoast-seo-wordpress\/ -->\n<title>du Bouchot Vin Orange Vin de Mac\u00e9ration 2021<\/title>\n<meta name=\"description\" content=\"Kaufe du Bouchot Vin Orange Vin de Mac\u00e9ration 2021 (, trocken Orange Wein aus Loire, Frankreich) bei Wein Werte, Ihrem nachhaltigen Onlineshop.\" \/>\n<meta name=\"robots\" content=\"index, follow, max-snippet:-1, max-image-preview:large, max-video-preview:-1\" \/>\n<link rel=\"canonical\" href=\"https:\/\/wein-werte.com\/de\/produkt\/du-bouchot-vin-orange-vin-de-maceration-2021-750ml\/\" \/>\n<meta property=\"og:locale\" content=\"de_DE\" \/>\n<meta property=\"og:type\" content=\"article\" \/>\n<meta property=\"og:title\" content=\"du Bouchot Vin Orange Vin de Mac\u00e9ration 2021\" \/>\n<meta property=\"og:description\" content=\"Kaufe du Bouchot Vin Orange Vin de Mac\u00e9ration 2021 (, trocken Orange Wein aus Loire, Frankreich) bei Wein Werte, Ihrem nachhaltigen Onlineshop.\" \/>\n<meta property=\"og:url\" content=\"https:\/\/wein-werte.com\/de\/produkt\/du-bouchot-vin-orange-vin-de-maceration-2021-750ml\/\" \/>\n<meta property=\"og:site_name\" content=\"Wein Werte\" \/>\n<meta property=\"og:image\" content=\"https:\/\/wein-werte.com\/wp-content\/uploads\/2026\/04\/du-Bouchot-Vin-Orange-Vin-de-Maceration-2021-750ml.png\" \/>\n\t<meta property=\"og:image:width\" content=\"330\" \/>\n\t<meta property=\"og:image:height\" content=\"1200\" \/>\n\t<meta property=\"og:image:type\" content=\"image\/png\" \/>\n<meta name=\"twitter:card\" content=\"summary_large_image\" \/>\n<meta name=\"twitter:label1\" content=\"Gesch\u00e4tzte Lesezeit\" \/>\n\t<meta name=\"twitter:data1\" content=\"1\u00a0Minute\" \/>\n<script type=\"application\/ld+json\" class=\"yoast-schema-graph\">{\"@context\":\"https:\\\/\\\/schema.org\",\"@graph\":[{\"@type\":\"WebPage\",\"@id\":\"https:\\\/\\\/wein-werte.com\\\/de\\\/produkt\\\/du-bouchot-vin-orange-vin-de-maceration-2021-750ml\\\/\",\"url\":\"https:\\\/\\\/wein-werte.com\\\/de\\\/produkt\\\/du-bouchot-vin-orange-vin-de-maceration-2021-750ml\\\/\",\"name\":\"du Bouchot Vin Orange Vin de Mac\u00e9ration 2021\",\"isPartOf\":{\"@id\":\"https:\\\/\\\/wein-werte.com\\\/de\\\/#website\"},\"primaryImageOfPage\":{\"@id\":\"https:\\\/\\\/wein-werte.com\\\/de\\\/produkt\\\/du-bouchot-vin-orange-vin-de-maceration-2021-750ml\\\/#primaryimage\"},\"image\":{\"@id\":\"https:\\\/\\\/wein-werte.com\\\/de\\\/produkt\\\/du-bouchot-vin-orange-vin-de-maceration-2021-750ml\\\/#primaryimage\"},\"thumbnailUrl\":\"https:\\\/\\\/wein-werte.com\\\/wp-content\\\/uploads\\\/2026\\\/04\\\/du-Bouchot-Vin-Orange-Vin-de-Maceration-2021-750ml.png\",\"datePublished\":\"2026-05-08T18:09:40+00:00\",\"description\":\"Kaufe du Bouchot Vin Orange Vin de Mac\u00e9ration 2021 (, trocken Orange Wein aus Loire, Frankreich) bei Wein Werte, Ihrem nachhaltigen Onlineshop.\",\"breadcrumb\":{\"@id\":\"https:\\\/\\\/wein-werte.com\\\/de\\\/produkt\\\/du-bouchot-vin-orange-vin-de-maceration-2021-750ml\\\/#breadcrumb\"},\"inLanguage\":\"de\",\"potentialAction\":[{\"@type\":\"ReadAction\",\"target\":[\"https:\\\/\\\/wein-werte.com\\\/de\\\/produkt\\\/du-bouchot-vin-orange-vin-de-maceration-2021-750ml\\\/\"]}]},{\"@type\":\"ImageObject\",\"inLanguage\":\"de\",\"@id\":\"https:\\\/\\\/wein-werte.com\\\/de\\\/produkt\\\/du-bouchot-vin-orange-vin-de-maceration-2021-750ml\\\/#primaryimage\",\"url\":\"https:\\\/\\\/wein-werte.com\\\/wp-content\\\/uploads\\\/2026\\\/04\\\/du-Bouchot-Vin-Orange-Vin-de-Maceration-2021-750ml.png\",\"contentUrl\":\"https:\\\/\\\/wein-werte.com\\\/wp-content\\\/uploads\\\/2026\\\/04\\\/du-Bouchot-Vin-Orange-Vin-de-Maceration-2021-750ml.png\",\"width\":330,\"height\":1200,\"caption\":\"du Bouchot Vin Orange, Vin de Mac\u00e9ration VdF 2021 750ml\"},{\"@type\":\"BreadcrumbList\",\"@id\":\"https:\\\/\\\/wein-werte.com\\\/de\\\/produkt\\\/du-bouchot-vin-orange-vin-de-maceration-2021-750ml\\\/#breadcrumb\",\"itemListElement\":[{\"@type\":\"ListItem\",\"position\":1,\"name\":\"Home\",\"item\":\"https:\\\/\\\/wein-werte.com\\\/de\\\/\"},{\"@type\":\"ListItem\",\"position\":2,\"name\":\"Shop\",\"item\":\"https:\\\/\\\/wein-werte.com\\\/de\\\/shop\\\/\"},{\"@type\":\"ListItem\",\"position\":3,\"name\":\"du Bouchot | Loire | Vin Orange, Vin de Mac\u00e9ration VdF | 2021 | 750ml | bio\"}]},{\"@type\":\"WebSite\",\"@id\":\"https:\\\/\\\/wein-werte.com\\\/de\\\/#website\",\"url\":\"https:\\\/\\\/wein-werte.com\\\/de\\\/\",\"name\":\"Wein Werte\",\"description\":\"\",\"publisher\":{\"@id\":\"https:\\\/\\\/wein-werte.com\\\/de\\\/#organization\"},\"potentialAction\":[{\"@type\":\"SearchAction\",\"target\":{\"@type\":\"EntryPoint\",\"urlTemplate\":\"https:\\\/\\\/wein-werte.com\\\/de\\\/?s={search_term_string}\"},\"query-input\":{\"@type\":\"PropertyValueSpecification\",\"valueRequired\":true,\"valueName\":\"search_term_string\"}}],\"inLanguage\":\"de\"},{\"@type\":\"Organization\",\"@id\":\"https:\\\/\\\/wein-werte.com\\\/de\\\/#organization\",\"name\":\"Vins Fins Thorrold\",\"url\":\"https:\\\/\\\/wein-werte.com\\\/de\\\/\",\"logo\":{\"@type\":\"ImageObject\",\"inLanguage\":\"de\",\"@id\":\"https:\\\/\\\/wein-werte.com\\\/de\\\/#\\\/schema\\\/logo\\\/image\\\/\",\"url\":\"https:\\\/\\\/wein-werte.com\\\/wp-content\\\/uploads\\\/2023\\\/07\\\/Wein_werte_Logo700-1.png\",\"contentUrl\":\"https:\\\/\\\/wein-werte.com\\\/wp-content\\\/uploads\\\/2023\\\/07\\\/Wein_werte_Logo700-1.png\",\"width\":700,\"height\":272,\"caption\":\"Vins Fins Thorrold\"},\"image\":{\"@id\":\"https:\\\/\\\/wein-werte.com\\\/de\\\/#\\\/schema\\\/logo\\\/image\\\/\"}}]}<\/script>\n<!-- \/ Yoast SEO plugin. -->","yoast_head_json":{"title":"du Bouchot Vin Orange Vin de Mac\u00e9ration 2021","description":"Kaufe du Bouchot Vin Orange Vin de Mac\u00e9ration 2021 (, trocken Orange Wein aus Loire, Frankreich) bei Wein Werte, Ihrem nachhaltigen Onlineshop.","robots":{"index":"index","follow":"follow","max-snippet":"max-snippet:-1","max-image-preview":"max-image-preview:large","max-video-preview":"max-video-preview:-1"},"canonical":"https:\/\/wein-werte.com\/de\/produkt\/du-bouchot-vin-orange-vin-de-maceration-2021-750ml\/","og_locale":"de_DE","og_type":"article","og_title":"du Bouchot Vin Orange Vin de Mac\u00e9ration 2021","og_description":"Kaufe du Bouchot Vin Orange Vin de Mac\u00e9ration 2021 (, trocken Orange Wein aus Loire, Frankreich) bei Wein Werte, Ihrem nachhaltigen Onlineshop.","og_url":"https:\/\/wein-werte.com\/de\/produkt\/du-bouchot-vin-orange-vin-de-maceration-2021-750ml\/","og_site_name":"Wein Werte","og_image":[{"width":330,"height":1200,"url":"https:\/\/wein-werte.com\/wp-content\/uploads\/2026\/04\/du-Bouchot-Vin-Orange-Vin-de-Maceration-2021-750ml.png","type":"image\/png"}],"twitter_card":"summary_large_image","twitter_misc":{"Gesch\u00e4tzte Lesezeit":"1\u00a0Minute"},"schema":{"@context":"https:\/\/schema.org","@graph":[{"@type":"WebPage","@id":"https:\/\/wein-werte.com\/de\/produkt\/du-bouchot-vin-orange-vin-de-maceration-2021-750ml\/","url":"https:\/\/wein-werte.com\/de\/produkt\/du-bouchot-vin-orange-vin-de-maceration-2021-750ml\/","name":"du Bouchot Vin Orange Vin de Mac\u00e9ration 2021","isPartOf":{"@id":"https:\/\/wein-werte.com\/de\/#website"},"primaryImageOfPage":{"@id":"https:\/\/wein-werte.com\/de\/produkt\/du-bouchot-vin-orange-vin-de-maceration-2021-750ml\/#primaryimage"},"image":{"@id":"https:\/\/wein-werte.com\/de\/produkt\/du-bouchot-vin-orange-vin-de-maceration-2021-750ml\/#primaryimage"},"thumbnailUrl":"https:\/\/wein-werte.com\/wp-content\/uploads\/2026\/04\/du-Bouchot-Vin-Orange-Vin-de-Maceration-2021-750ml.png","datePublished":"2026-05-08T18:09:40+00:00","description":"Kaufe du Bouchot Vin Orange Vin de Mac\u00e9ration 2021 (, trocken Orange Wein aus Loire, Frankreich) bei Wein Werte, Ihrem nachhaltigen Onlineshop.","breadcrumb":{"@id":"https:\/\/wein-werte.com\/de\/produkt\/du-bouchot-vin-orange-vin-de-maceration-2021-750ml\/#breadcrumb"},"inLanguage":"de","potentialAction":[{"@type":"ReadAction","target":["https:\/\/wein-werte.com\/de\/produkt\/du-bouchot-vin-orange-vin-de-maceration-2021-750ml\/"]}]},{"@type":"ImageObject","inLanguage":"de","@id":"https:\/\/wein-werte.com\/de\/produkt\/du-bouchot-vin-orange-vin-de-maceration-2021-750ml\/#primaryimage","url":"https:\/\/wein-werte.com\/wp-content\/uploads\/2026\/04\/du-Bouchot-Vin-Orange-Vin-de-Maceration-2021-750ml.png","contentUrl":"https:\/\/wein-werte.com\/wp-content\/uploads\/2026\/04\/du-Bouchot-Vin-Orange-Vin-de-Maceration-2021-750ml.png","width":330,"height":1200,"caption":"du Bouchot Vin Orange, Vin de Mac\u00e9ration VdF 2021 750ml"},{"@type":"BreadcrumbList","@id":"https:\/\/wein-werte.com\/de\/produkt\/du-bouchot-vin-orange-vin-de-maceration-2021-750ml\/#breadcrumb","itemListElement":[{"@type":"ListItem","position":1,"name":"Home","item":"https:\/\/wein-werte.com\/de\/"},{"@type":"ListItem","position":2,"name":"Shop","item":"https:\/\/wein-werte.com\/de\/shop\/"},{"@type":"ListItem","position":3,"name":"du Bouchot | Loire | Vin Orange, Vin de Mac\u00e9ration VdF | 2021 | 750ml | bio"}]},{"@type":"WebSite","@id":"https:\/\/wein-werte.com\/de\/#website","url":"https:\/\/wein-werte.com\/de\/","name":"Wein Werte","description":"","publisher":{"@id":"https:\/\/wein-werte.com\/de\/#organization"},"potentialAction":[{"@type":"SearchAction","target":{"@type":"EntryPoint","urlTemplate":"https:\/\/wein-werte.com\/de\/?s={search_term_string}"},"query-input":{"@type":"PropertyValueSpecification","valueRequired":true,"valueName":"search_term_string"}}],"inLanguage":"de"},{"@type":"Organization","@id":"https:\/\/wein-werte.com\/de\/#organization","name":"Vins Fins Thorrold","url":"https:\/\/wein-werte.com\/de\/","logo":{"@type":"ImageObject","inLanguage":"de","@id":"https:\/\/wein-werte.com\/de\/#\/schema\/logo\/image\/","url":"https:\/\/wein-werte.com\/wp-content\/uploads\/2023\/07\/Wein_werte_Logo700-1.png","contentUrl":"https:\/\/wein-werte.com\/wp-content\/uploads\/2023\/07\/Wein_werte_Logo700-1.png","width":700,"height":272,"caption":"Vins Fins Thorrold"},"image":{"@id":"https:\/\/wein-werte.com\/de\/#\/schema\/logo\/image\/"}}]}},"_links":{"self":[{"href":"https:\/\/wein-werte.com\/de\/wp-json\/wp\/v2\/product\/1135958","targetHints":{"allow":["GET"]}}],"collection":[{"href":"https:\/\/wein-werte.com\/de\/wp-json\/wp\/v2\/product"}],"about":[{"href":"https:\/\/wein-werte.com\/de\/wp-json\/wp\/v2\/types\/product"}],"wp:featuredmedia":[{"embeddable":true,"href":"https:\/\/wein-werte.com\/de\/wp-json\/wp\/v2\/media\/1145804"}],"wp:attachment":[{"href":"https:\/\/wein-werte.com\/de\/wp-json\/wp\/v2\/media?parent=1135958"}],"wp:term":[{"taxonomy":"product_brand","embeddable":true,"href":"https:\/\/wein-werte.com\/de\/wp-json\/wp\/v2\/product_brand?post=1135958"},{"taxonomy":"product_cat","embeddable":true,"href":"https:\/\/wein-werte.com\/de\/wp-json\/wp\/v2\/product_cat?post=1135958"},{"taxonomy":"product_tag","embeddable":true,"href":"https:\/\/wein-werte.com\/de\/wp-json\/wp\/v2\/product_tag?post=1135958"}],"curies":[{"name":"wp","href":"https:\/\/api.w.org\/{rel}","templated":true}]}}