{"id":1135928,"date":"2026-05-08T20:09:38","date_gmt":"2026-05-08T18:09:38","guid":{"rendered":"https:\/\/wein-werte.com\/product\/clau-de-nell-chenin-blanc-2021-750ml\/"},"modified":"2026-04-27T12:05:45","modified_gmt":"2026-04-27T10:05:45","slug":"clau-de-nell-chenin-blanc-2021-750ml","status":"publish","type":"product","link":"https:\/\/wein-werte.com\/de\/produkt\/clau-de-nell-chenin-blanc-2021-750ml\/","title":{"rendered":"Clau de Nell | Loire | Chenin blanc AOC | 2021 | 750ml | bio"},"content":{"rendered":"<p>Produktbeschreibung f\u00fcr Clau de Nell Chenin blanc AOC 2021 (bio)<\/p>\n<p> Im Jahr 2006 lernten Anne Claude und ihr Mann Christian die Besitzer des Weinguts Clau de Nell kennen. Die Dom\u00e4ne in Ambillou-Ch\u00e2teau an der Loire besa\u00df ein gro\u00dfes Potential mit B\u00f6den aus Ton, Feuerstein und Tuffstein und prachtvollen, alten Rebst\u00f6cken mit einem Durchschnittsalter von 60 Jahren, einige sogar \u00fcber hundert Jahre. Die acht Hektar der Domaine waren damals mit Cabernet Franc, Grolleau und Cabernet Sauvignon bestockt. Die Domaine wurde 2008 von Leflaives gekauft und die Rebfl\u00e4chen sukzessive erweitert. Kellermeister Sylvain Potin bewirtschaftet den Betrieb nach biodynamischen Richtlinien. Alle drei Kinder Anne-Claude Leflaives arbeiten auf der Domaine. Der Chenin blanc f\u00fcr diesen Wei\u00dfwein wurde 2012 gepflanzt, 2015 kam der erste Jahrgang auf den Markt. Gewachsen auf schluffig-tonigem Terroir aus Kiesel- und rotem Feuerstein auf einem Tuffsteinsockel. Die Rebanlagen werden nach dem Mondkalender mit biodynamischen Pr\u00e4paraten behandelt, der Ertrag betr\u00e4gt ca. 28hl\/ha. Handlese, sanftes Untertauchen des Tresterhutes und anschlie\u00dfend spontane Verg\u00e4rung in 228 Liter Burgunder-F\u00e4ssern in f\u00fcnfter Belegung. Tres Troglodyte! <\/p>\n<h5>Farbe<\/h5>\n<p> Altgold mit strahlenden Reflexen. <\/p>\n<h5>Nase<\/h5>\n<p> Die Nase des 2021 Chenin blanc von Clau de Nell ist wie aus dem Bilderbuch: oxidierte gelbe Birne, etwas nasse Wolle, Bienenwachs und ganz viel Quitte. Befeuert von jugendlicher Frucht wirken die Aromen balanciert doch sortentypisch, der Ausbau im gebrauchten Holz ist erkennbar doch keinesfalls dominierend. Dazu kommen deutlich mineralische Noten und eine gute Flocke Salzbutter auf\u2019s frische Popcorn. Ausgewogen und ruhig fliesst er in den Kelch des geneigten Zechers. <\/p>\n<h5>Mund<\/h5>\n<p> Die juvenil saftige Frucht wird angetrieben von der flirrender S\u00e4ure, die sich wie ein Zitteraal \u00fcber den Gaumen spannt. In perfekter Balance aus Extrakt, Ausbau, Frucht und Gerbstoff oszilliert die gelbe Frucht von salinen Eindr\u00fccken zur Gerbstoff gepr\u00e4gten Kontur am Zungensaum und zur\u00fcck. Ein h\u00f6chste energetischer, vitaler Wein mit guter Vibration und enormem Spa\u00dfpotential. <\/p>\n<p>Copyright Vinaturel 2025<\/p>\n<p>Keywords: <a href=\"https:\/\/wein-werte.com\/de\/shop\/?swoof=1&#038;pa_producer=Clau-de-Nell\">Clau de Nell<\/a> <a href=\"https:\/\/wein-werte.com\/de\/shop\/?swoof=1&#038;woof_text=Chenin blanc AOC\">Chenin blanc AOC<\/a> 2021 bio <a href=\"https:\/\/wein-werte.com\/de\/shop\/?swoof=1&#038;pa_region=Loire\">Loire<\/a> <a href=\"https:\/\/wein-werte.com\/de\/shop\/?swoof=1&#038;pa_country=Frankreich\">Frankreich<\/a><\/p>\n<h3>Wine Advocate<\/h3>\n<p>Punkte: 93<\/p>\n<p>Der Chenin Blanc 2021 stammt von Reben, die auf Lehm- und Tonb\u00f6den aus rotem Sandstein und Kalktuff gepflanzt sind. Er bietet Aromen von Gew\u00fcrzen, Karamell, Vanille, Zitrone und Blumen, vermischt mit zarten Eichennoten. Mittel- bis vollmundig, vollmundig und samtig, umh\u00fcllt er mit einem fleischigen Fruchtkern, lebendigen S\u00e4uren und einer zarten, gastronomischen Bitterkeit, die in einen mineralischen, langen Abgang \u00fcbergeht. Aus ganzen Trauben gekeltert, reifte er 12 Monate auf der Hefe in f\u00fcnf Jahre alten F\u00e4ssern. Ein gelungener Chenin Blanc.<br \/>Yohan Castaing<\/p>\n<p>Internetseite des Weinguts: <a href=\"https:\/\/claudenell.fr\/en\/home\/\" target=\"_blank\">https:\/\/claudenell.fr\/en\/home\/<\/a><\/p>\n","protected":false},"excerpt":{"rendered":"<p>Lieferzeit: 1 bis 2 Arbeitstage (DE), 2 bis 5 Arbeitstage (EU and CH)<\/p>\n","protected":false},"featured_media":1145784,"template":"","meta":[],"product_brand":[],"product_cat":[19],"product_tag":[],"class_list":{"0":"post-1135928","1":"product","2":"type-product","3":"status-publish","4":"has-post-thumbnail","6":"product_cat-unkategorisiert","7":"pa_alcohol-for-filter-12897","8":"pa_certified-biodynamic-ja-de","9":"pa_certified-organic-ja-de","10":"pa_colour-weiss","11":"pa_country-frankreich","12":"pa_grape-chenin-blanc","13":"pa_parker-points-for-filter-93-de-2","14":"pa_price-for-filter-10564","15":"pa_producer-clau-de-nell","16":"pa_region-loire","17":"pa_size-ml-6584","18":"pa_sweetness-trocken-de","19":"pa_type-2-still-de","20":"pa_vintage-2021-de","21":"entry","22":"has-media","24":"first","25":"instock","26":"taxable","27":"shipping-taxable","28":"purchasable","29":"product-type-simple"},"yoast_head":"<!-- This site is optimized with the Yoast SEO plugin v27.5 - https:\/\/yoast.com\/product\/yoast-seo-wordpress\/ -->\n<title>Clau de Nell Chenin blanc 2021<\/title>\n<meta name=\"description\" content=\"Kaufe Clau de Nell Chenin blanc 2021 (Chenin Blanc, trocken aus Loire, Frankreich) bei Wein Werte, Ihrem nachhaltigen Onlineshop.\" \/>\n<meta name=\"robots\" content=\"index, follow, max-snippet:-1, max-image-preview:large, max-video-preview:-1\" \/>\n<link rel=\"canonical\" href=\"https:\/\/wein-werte.com\/de\/produkt\/clau-de-nell-chenin-blanc-2021-750ml\/\" \/>\n<meta property=\"og:locale\" content=\"de_DE\" \/>\n<meta property=\"og:type\" content=\"article\" \/>\n<meta property=\"og:title\" content=\"Clau de Nell Chenin blanc 2021\" \/>\n<meta property=\"og:description\" content=\"Kaufe Clau de Nell Chenin blanc 2021 (Chenin Blanc, trocken aus Loire, Frankreich) bei Wein Werte, Ihrem nachhaltigen Onlineshop.\" \/>\n<meta property=\"og:url\" content=\"https:\/\/wein-werte.com\/de\/produkt\/clau-de-nell-chenin-blanc-2021-750ml\/\" \/>\n<meta property=\"og:site_name\" content=\"Wein Werte\" \/>\n<meta property=\"og:image\" content=\"https:\/\/wein-werte.com\/wp-content\/uploads\/2026\/04\/Clau-de-Nell-Chenin-blanc-2021-750ml.png\" \/>\n\t<meta property=\"og:image:width\" content=\"343\" \/>\n\t<meta property=\"og:image:height\" content=\"1200\" \/>\n\t<meta property=\"og:image:type\" content=\"image\/png\" \/>\n<meta name=\"twitter:card\" content=\"summary_large_image\" \/>\n<meta name=\"twitter:label1\" content=\"Gesch\u00e4tzte Lesezeit\" \/>\n\t<meta name=\"twitter:data1\" content=\"2\u00a0Minuten\" \/>\n<script type=\"application\/ld+json\" class=\"yoast-schema-graph\">{\"@context\":\"https:\\\/\\\/schema.org\",\"@graph\":[{\"@type\":\"WebPage\",\"@id\":\"https:\\\/\\\/wein-werte.com\\\/de\\\/produkt\\\/clau-de-nell-chenin-blanc-2021-750ml\\\/\",\"url\":\"https:\\\/\\\/wein-werte.com\\\/de\\\/produkt\\\/clau-de-nell-chenin-blanc-2021-750ml\\\/\",\"name\":\"Clau de Nell Chenin blanc 2021\",\"isPartOf\":{\"@id\":\"https:\\\/\\\/wein-werte.com\\\/de\\\/#website\"},\"primaryImageOfPage\":{\"@id\":\"https:\\\/\\\/wein-werte.com\\\/de\\\/produkt\\\/clau-de-nell-chenin-blanc-2021-750ml\\\/#primaryimage\"},\"image\":{\"@id\":\"https:\\\/\\\/wein-werte.com\\\/de\\\/produkt\\\/clau-de-nell-chenin-blanc-2021-750ml\\\/#primaryimage\"},\"thumbnailUrl\":\"https:\\\/\\\/wein-werte.com\\\/wp-content\\\/uploads\\\/2026\\\/04\\\/Clau-de-Nell-Chenin-blanc-2021-750ml.png\",\"datePublished\":\"2026-05-08T18:09:38+00:00\",\"description\":\"Kaufe Clau de Nell Chenin blanc 2021 (Chenin Blanc, trocken aus Loire, Frankreich) bei Wein Werte, Ihrem nachhaltigen Onlineshop.\",\"breadcrumb\":{\"@id\":\"https:\\\/\\\/wein-werte.com\\\/de\\\/produkt\\\/clau-de-nell-chenin-blanc-2021-750ml\\\/#breadcrumb\"},\"inLanguage\":\"de\",\"potentialAction\":[{\"@type\":\"ReadAction\",\"target\":[\"https:\\\/\\\/wein-werte.com\\\/de\\\/produkt\\\/clau-de-nell-chenin-blanc-2021-750ml\\\/\"]}]},{\"@type\":\"ImageObject\",\"inLanguage\":\"de\",\"@id\":\"https:\\\/\\\/wein-werte.com\\\/de\\\/produkt\\\/clau-de-nell-chenin-blanc-2021-750ml\\\/#primaryimage\",\"url\":\"https:\\\/\\\/wein-werte.com\\\/wp-content\\\/uploads\\\/2026\\\/04\\\/Clau-de-Nell-Chenin-blanc-2021-750ml.png\",\"contentUrl\":\"https:\\\/\\\/wein-werte.com\\\/wp-content\\\/uploads\\\/2026\\\/04\\\/Clau-de-Nell-Chenin-blanc-2021-750ml.png\",\"width\":343,\"height\":1200,\"caption\":\"Clau de Nell Chenin blanc AOC 2021 750ml\"},{\"@type\":\"BreadcrumbList\",\"@id\":\"https:\\\/\\\/wein-werte.com\\\/de\\\/produkt\\\/clau-de-nell-chenin-blanc-2021-750ml\\\/#breadcrumb\",\"itemListElement\":[{\"@type\":\"ListItem\",\"position\":1,\"name\":\"Home\",\"item\":\"https:\\\/\\\/wein-werte.com\\\/de\\\/\"},{\"@type\":\"ListItem\",\"position\":2,\"name\":\"Shop\",\"item\":\"https:\\\/\\\/wein-werte.com\\\/de\\\/shop\\\/\"},{\"@type\":\"ListItem\",\"position\":3,\"name\":\"Clau de Nell | Loire | Chenin blanc AOC | 2021 | 750ml | bio\"}]},{\"@type\":\"WebSite\",\"@id\":\"https:\\\/\\\/wein-werte.com\\\/de\\\/#website\",\"url\":\"https:\\\/\\\/wein-werte.com\\\/de\\\/\",\"name\":\"Wein Werte\",\"description\":\"\",\"publisher\":{\"@id\":\"https:\\\/\\\/wein-werte.com\\\/de\\\/#organization\"},\"potentialAction\":[{\"@type\":\"SearchAction\",\"target\":{\"@type\":\"EntryPoint\",\"urlTemplate\":\"https:\\\/\\\/wein-werte.com\\\/de\\\/?s={search_term_string}\"},\"query-input\":{\"@type\":\"PropertyValueSpecification\",\"valueRequired\":true,\"valueName\":\"search_term_string\"}}],\"inLanguage\":\"de\"},{\"@type\":\"Organization\",\"@id\":\"https:\\\/\\\/wein-werte.com\\\/de\\\/#organization\",\"name\":\"Vins Fins Thorrold\",\"url\":\"https:\\\/\\\/wein-werte.com\\\/de\\\/\",\"logo\":{\"@type\":\"ImageObject\",\"inLanguage\":\"de\",\"@id\":\"https:\\\/\\\/wein-werte.com\\\/de\\\/#\\\/schema\\\/logo\\\/image\\\/\",\"url\":\"https:\\\/\\\/wein-werte.com\\\/wp-content\\\/uploads\\\/2023\\\/07\\\/Wein_werte_Logo700-1.png\",\"contentUrl\":\"https:\\\/\\\/wein-werte.com\\\/wp-content\\\/uploads\\\/2023\\\/07\\\/Wein_werte_Logo700-1.png\",\"width\":700,\"height\":272,\"caption\":\"Vins Fins Thorrold\"},\"image\":{\"@id\":\"https:\\\/\\\/wein-werte.com\\\/de\\\/#\\\/schema\\\/logo\\\/image\\\/\"}}]}<\/script>\n<!-- \/ Yoast SEO plugin. -->","yoast_head_json":{"title":"Clau de Nell Chenin blanc 2021","description":"Kaufe Clau de Nell Chenin blanc 2021 (Chenin Blanc, trocken aus Loire, Frankreich) bei Wein Werte, Ihrem nachhaltigen Onlineshop.","robots":{"index":"index","follow":"follow","max-snippet":"max-snippet:-1","max-image-preview":"max-image-preview:large","max-video-preview":"max-video-preview:-1"},"canonical":"https:\/\/wein-werte.com\/de\/produkt\/clau-de-nell-chenin-blanc-2021-750ml\/","og_locale":"de_DE","og_type":"article","og_title":"Clau de Nell Chenin blanc 2021","og_description":"Kaufe Clau de Nell Chenin blanc 2021 (Chenin Blanc, trocken aus Loire, Frankreich) bei Wein Werte, Ihrem nachhaltigen Onlineshop.","og_url":"https:\/\/wein-werte.com\/de\/produkt\/clau-de-nell-chenin-blanc-2021-750ml\/","og_site_name":"Wein Werte","og_image":[{"width":343,"height":1200,"url":"https:\/\/wein-werte.com\/wp-content\/uploads\/2026\/04\/Clau-de-Nell-Chenin-blanc-2021-750ml.png","type":"image\/png"}],"twitter_card":"summary_large_image","twitter_misc":{"Gesch\u00e4tzte Lesezeit":"2\u00a0Minuten"},"schema":{"@context":"https:\/\/schema.org","@graph":[{"@type":"WebPage","@id":"https:\/\/wein-werte.com\/de\/produkt\/clau-de-nell-chenin-blanc-2021-750ml\/","url":"https:\/\/wein-werte.com\/de\/produkt\/clau-de-nell-chenin-blanc-2021-750ml\/","name":"Clau de Nell Chenin blanc 2021","isPartOf":{"@id":"https:\/\/wein-werte.com\/de\/#website"},"primaryImageOfPage":{"@id":"https:\/\/wein-werte.com\/de\/produkt\/clau-de-nell-chenin-blanc-2021-750ml\/#primaryimage"},"image":{"@id":"https:\/\/wein-werte.com\/de\/produkt\/clau-de-nell-chenin-blanc-2021-750ml\/#primaryimage"},"thumbnailUrl":"https:\/\/wein-werte.com\/wp-content\/uploads\/2026\/04\/Clau-de-Nell-Chenin-blanc-2021-750ml.png","datePublished":"2026-05-08T18:09:38+00:00","description":"Kaufe Clau de Nell Chenin blanc 2021 (Chenin Blanc, trocken aus Loire, Frankreich) bei Wein Werte, Ihrem nachhaltigen Onlineshop.","breadcrumb":{"@id":"https:\/\/wein-werte.com\/de\/produkt\/clau-de-nell-chenin-blanc-2021-750ml\/#breadcrumb"},"inLanguage":"de","potentialAction":[{"@type":"ReadAction","target":["https:\/\/wein-werte.com\/de\/produkt\/clau-de-nell-chenin-blanc-2021-750ml\/"]}]},{"@type":"ImageObject","inLanguage":"de","@id":"https:\/\/wein-werte.com\/de\/produkt\/clau-de-nell-chenin-blanc-2021-750ml\/#primaryimage","url":"https:\/\/wein-werte.com\/wp-content\/uploads\/2026\/04\/Clau-de-Nell-Chenin-blanc-2021-750ml.png","contentUrl":"https:\/\/wein-werte.com\/wp-content\/uploads\/2026\/04\/Clau-de-Nell-Chenin-blanc-2021-750ml.png","width":343,"height":1200,"caption":"Clau de Nell Chenin blanc AOC 2021 750ml"},{"@type":"BreadcrumbList","@id":"https:\/\/wein-werte.com\/de\/produkt\/clau-de-nell-chenin-blanc-2021-750ml\/#breadcrumb","itemListElement":[{"@type":"ListItem","position":1,"name":"Home","item":"https:\/\/wein-werte.com\/de\/"},{"@type":"ListItem","position":2,"name":"Shop","item":"https:\/\/wein-werte.com\/de\/shop\/"},{"@type":"ListItem","position":3,"name":"Clau de Nell | Loire | Chenin blanc AOC | 2021 | 750ml | bio"}]},{"@type":"WebSite","@id":"https:\/\/wein-werte.com\/de\/#website","url":"https:\/\/wein-werte.com\/de\/","name":"Wein Werte","description":"","publisher":{"@id":"https:\/\/wein-werte.com\/de\/#organization"},"potentialAction":[{"@type":"SearchAction","target":{"@type":"EntryPoint","urlTemplate":"https:\/\/wein-werte.com\/de\/?s={search_term_string}"},"query-input":{"@type":"PropertyValueSpecification","valueRequired":true,"valueName":"search_term_string"}}],"inLanguage":"de"},{"@type":"Organization","@id":"https:\/\/wein-werte.com\/de\/#organization","name":"Vins Fins Thorrold","url":"https:\/\/wein-werte.com\/de\/","logo":{"@type":"ImageObject","inLanguage":"de","@id":"https:\/\/wein-werte.com\/de\/#\/schema\/logo\/image\/","url":"https:\/\/wein-werte.com\/wp-content\/uploads\/2023\/07\/Wein_werte_Logo700-1.png","contentUrl":"https:\/\/wein-werte.com\/wp-content\/uploads\/2023\/07\/Wein_werte_Logo700-1.png","width":700,"height":272,"caption":"Vins Fins Thorrold"},"image":{"@id":"https:\/\/wein-werte.com\/de\/#\/schema\/logo\/image\/"}}]}},"_links":{"self":[{"href":"https:\/\/wein-werte.com\/de\/wp-json\/wp\/v2\/product\/1135928","targetHints":{"allow":["GET"]}}],"collection":[{"href":"https:\/\/wein-werte.com\/de\/wp-json\/wp\/v2\/product"}],"about":[{"href":"https:\/\/wein-werte.com\/de\/wp-json\/wp\/v2\/types\/product"}],"wp:featuredmedia":[{"embeddable":true,"href":"https:\/\/wein-werte.com\/de\/wp-json\/wp\/v2\/media\/1145784"}],"wp:attachment":[{"href":"https:\/\/wein-werte.com\/de\/wp-json\/wp\/v2\/media?parent=1135928"}],"wp:term":[{"taxonomy":"product_brand","embeddable":true,"href":"https:\/\/wein-werte.com\/de\/wp-json\/wp\/v2\/product_brand?post=1135928"},{"taxonomy":"product_cat","embeddable":true,"href":"https:\/\/wein-werte.com\/de\/wp-json\/wp\/v2\/product_cat?post=1135928"},{"taxonomy":"product_tag","embeddable":true,"href":"https:\/\/wein-werte.com\/de\/wp-json\/wp\/v2\/product_tag?post=1135928"}],"curies":[{"name":"wp","href":"https:\/\/api.w.org\/{rel}","templated":true}]}}