{"id":1135899,"date":"2026-05-12T15:59:06","date_gmt":"2026-05-12T13:59:06","guid":{"rendered":"https:\/\/wein-werte.com\/product\/clau-de-nell-cabernet-franc-2019-1500ml\/"},"modified":"2026-05-12T20:00:10","modified_gmt":"2026-05-12T18:00:10","slug":"clau-de-nell-cabernet-franc-2019-1500ml","status":"publish","type":"product","link":"https:\/\/wein-werte.com\/de\/produkt\/clau-de-nell-cabernet-franc-2019-1500ml\/","title":{"rendered":"Clau de Nell | Loire | Cabernet Franc AOC | 2019 | 1500ml | bio"},"content":{"rendered":"<p>Produktbeschreibung f\u00fcr Clau de Nell Cabernet Franc AOC 2019 (bio) <\/p>\n<h5>Information zum Wein, Christoph Raffelt 7.12.20<\/h5>\n<p> Die Rebst\u00f6cke des\u00a0Cabernet Franc\u00a0sind 45 bis 55 Jahre alt. Die Reben stehen in lehmig schluffigem Boden auf Sandstein sowie in rotem Feuerstein auf Tuffeau (Kalkstein). Der Ertrag liegt bei 40 hl\/ha. Die Trauben wurden von Hand in 12-Kilo-Kisten gelesen. Sie wurden entrappt und \u00fcber 30 Tage hinweg mit nur seltenem Umpumpen vergoren. Der Ausbau erfolgte dann \u00fcber zw\u00f6lf Monate auf der Feinhefe in burgundischen\u00a0Pi\u00e8ces\u00a0von f\u00fcnf bis sieben Jahren. Die Cuv\u00e9e reifte dann noch einmal f\u00fcr ein halbes Jahr im St\u00fcckfass. <\/p>\n<h5>Farbe<\/h5>\n<p> Dichter Purpur, violette Reflexe <\/p>\n<h5>Nase<\/h5>\n<p> Purer Cabernet Franc verbindet gelungen dunkle Frucht mit einer wilden W\u00fcrze und fleischigen Attributen. In der Nase streiten sich Maulbeeren, Cassis sowie Veilchen und Lakritz um die aromatische Vorherrschaft. Drumherum tummeln sich eine Vielzahl dunkler Beeren und Steinobst, wie Pflaumen, Brombeere, Heidelbeere und Zwetschge. Die Frucht wirkt dabei sehr dicht gewoben, ohne Schwere zu vermitteln \u2013 und das ist die hohe Kunst. Zimt, Nelke und Anis liefern eine ordentliche Portion aus dem Gew\u00fcrzschrank. Eine kleine Brise Liebst\u00f6ckel, Rosmarin und Thymian setzen den herbalen Schlussakkord unter eine gelungene Nase. <\/p>\n<h5>Gaumen<\/h5>\n<p> Hier kommt der 2019 Caberent Franc von Clau de Nell v\u00f6llig ohne Tannin daher. Dichte, dunkle Frucht am Gaumen, die wie in Seide geh\u00fcllt im Glas steht. K\u00fchl, voller Finesse und Eleganz. Er steht saftig im Glas und liefert eine geh\u00f6rige Portion Wein. Rote Paprika \u2013 gekocht und in rohem Zustand pr\u00e4gt den Nachhall deutlich. Auch die floralen Noten kommen nun erneut deutlich hervor. Bei aller Fruchtigkeit lebt er von einer packenden S\u00e4ure und dem k\u00fchlen Ger\u00fcst. Absolut fleischig und blutig zugleich im allerbesten Sinne.<\/p>\n<p>Copyright Vinaturel 2025<\/p>\n<p>Keywords: <a href=\"https:\/\/wein-werte.com\/de\/shop\/?swoof=1&#038;pa_producer=Clau-de-Nell\">Clau de Nell<\/a> <a href=\"https:\/\/wein-werte.com\/de\/shop\/?swoof=1&#038;woof_text=Cabernet Franc AOC\">Cabernet Franc AOC<\/a> 2019 bio <a href=\"https:\/\/wein-werte.com\/de\/shop\/?swoof=1&#038;pa_region=Loire\">Loire<\/a> <a href=\"https:\/\/wein-werte.com\/de\/shop\/?swoof=1&#038;pa_country=Frankreich\">Frankreich<\/a><\/p>\n<p>Internetseite des Weinguts: <a href=\"https:\/\/claudenell.fr\/en\/home\/\" target=\"_blank\">https:\/\/claudenell.fr\/en\/home\/<\/a><\/p>\n","protected":false},"excerpt":{"rendered":"<div style=\"font-size: 14px;\">\n<p>Lieferzeit: 1 bis 2 Arbeitstage (DE), 2 bis 5 Arbeitstage (EU und CH)<\/p>\n<p>Ungef\u00e4hrer Energiegehalt pro 125-ml-Glas: 105 kcal<\/p>\n<\/p><\/div>\n","protected":false},"featured_media":1145762,"template":"","meta":[],"product_brand":[],"product_cat":[19],"product_tag":[],"class_list":{"0":"post-1135899","1":"product","2":"type-product","3":"status-publish","4":"has-post-thumbnail","6":"product_cat-unkategorisiert","7":"pa_alcohol-for-filter-12897","8":"pa_certified-biodynamic-ja-de","9":"pa_certified-organic-ja-de","10":"pa_colour-rot","11":"pa_country-frankreich","12":"pa_grape-cabernet-franc","13":"pa_price-for-filter-10611","14":"pa_producer-clau-de-nell","15":"pa_region-loire","16":"pa_size-ml-6657","17":"pa_sweetness-trocken-de","18":"pa_type-2-still-de","19":"pa_vintage-2019-de","20":"entry","21":"has-media","23":"first","24":"instock","25":"taxable","26":"shipping-taxable","27":"purchasable","28":"product-type-simple"},"yoast_head":"<!-- This site is optimized with the Yoast SEO plugin v27.6 - https:\/\/yoast.com\/product\/yoast-seo-wordpress\/ -->\n<title>Clau de Nell Cabernet Franc 2019, 1500ml<\/title>\n<meta name=\"description\" content=\"Kaufe Clau de Nell Cabernet Franc 2019 (Cabernet Franc, trocken aus Loire, Frankreich) bei Wein Werte, Ihrem nachhaltigen Onlineshop.\" \/>\n<meta name=\"robots\" content=\"index, follow, max-snippet:-1, max-image-preview:large, max-video-preview:-1\" \/>\n<link rel=\"canonical\" href=\"https:\/\/wein-werte.com\/de\/produkt\/clau-de-nell-cabernet-franc-2019-1500ml\/\" \/>\n<meta property=\"og:locale\" content=\"de_DE\" \/>\n<meta property=\"og:type\" content=\"article\" \/>\n<meta property=\"og:title\" content=\"Clau de Nell Cabernet Franc 2019, 1500ml\" \/>\n<meta property=\"og:description\" content=\"Kaufe Clau de Nell Cabernet Franc 2019 (Cabernet Franc, trocken aus Loire, Frankreich) bei Wein Werte, Ihrem nachhaltigen Onlineshop.\" \/>\n<meta property=\"og:url\" content=\"https:\/\/wein-werte.com\/de\/produkt\/clau-de-nell-cabernet-franc-2019-1500ml\/\" \/>\n<meta property=\"og:site_name\" content=\"Wein Werte\" \/>\n<meta property=\"article:modified_time\" content=\"2026-05-12T18:00:10+00:00\" \/>\n<meta property=\"og:image\" content=\"https:\/\/wein-werte.com\/wp-content\/uploads\/2026\/04\/Clau-de-Nell-Cabernet-Franc-2019-1500ml.png\" \/>\n\t<meta property=\"og:image:width\" content=\"339\" \/>\n\t<meta property=\"og:image:height\" content=\"1200\" \/>\n\t<meta property=\"og:image:type\" content=\"image\/png\" \/>\n<meta name=\"twitter:card\" content=\"summary_large_image\" \/>\n<meta name=\"twitter:label1\" content=\"Gesch\u00e4tzte Lesezeit\" \/>\n\t<meta name=\"twitter:data1\" content=\"2\u00a0Minuten\" \/>\n<script type=\"application\/ld+json\" class=\"yoast-schema-graph\">{\"@context\":\"https:\\\/\\\/schema.org\",\"@graph\":[{\"@type\":\"WebPage\",\"@id\":\"https:\\\/\\\/wein-werte.com\\\/de\\\/produkt\\\/clau-de-nell-cabernet-franc-2019-1500ml\\\/\",\"url\":\"https:\\\/\\\/wein-werte.com\\\/de\\\/produkt\\\/clau-de-nell-cabernet-franc-2019-1500ml\\\/\",\"name\":\"Clau de Nell Cabernet Franc 2019, 1500ml\",\"isPartOf\":{\"@id\":\"https:\\\/\\\/wein-werte.com\\\/de\\\/#website\"},\"primaryImageOfPage\":{\"@id\":\"https:\\\/\\\/wein-werte.com\\\/de\\\/produkt\\\/clau-de-nell-cabernet-franc-2019-1500ml\\\/#primaryimage\"},\"image\":{\"@id\":\"https:\\\/\\\/wein-werte.com\\\/de\\\/produkt\\\/clau-de-nell-cabernet-franc-2019-1500ml\\\/#primaryimage\"},\"thumbnailUrl\":\"https:\\\/\\\/wein-werte.com\\\/wp-content\\\/uploads\\\/2026\\\/04\\\/Clau-de-Nell-Cabernet-Franc-2019-1500ml.png\",\"datePublished\":\"2026-05-12T13:59:06+00:00\",\"dateModified\":\"2026-05-12T18:00:10+00:00\",\"description\":\"Kaufe Clau de Nell Cabernet Franc 2019 (Cabernet Franc, trocken aus Loire, Frankreich) bei Wein Werte, Ihrem nachhaltigen Onlineshop.\",\"breadcrumb\":{\"@id\":\"https:\\\/\\\/wein-werte.com\\\/de\\\/produkt\\\/clau-de-nell-cabernet-franc-2019-1500ml\\\/#breadcrumb\"},\"inLanguage\":\"de\",\"potentialAction\":[{\"@type\":\"ReadAction\",\"target\":[\"https:\\\/\\\/wein-werte.com\\\/de\\\/produkt\\\/clau-de-nell-cabernet-franc-2019-1500ml\\\/\"]}]},{\"@type\":\"ImageObject\",\"inLanguage\":\"de\",\"@id\":\"https:\\\/\\\/wein-werte.com\\\/de\\\/produkt\\\/clau-de-nell-cabernet-franc-2019-1500ml\\\/#primaryimage\",\"url\":\"https:\\\/\\\/wein-werte.com\\\/wp-content\\\/uploads\\\/2026\\\/04\\\/Clau-de-Nell-Cabernet-Franc-2019-1500ml.png\",\"contentUrl\":\"https:\\\/\\\/wein-werte.com\\\/wp-content\\\/uploads\\\/2026\\\/04\\\/Clau-de-Nell-Cabernet-Franc-2019-1500ml.png\",\"width\":339,\"height\":1200,\"caption\":\"Clau de Nell Cabernet Franc AOC 2019 1500ml\"},{\"@type\":\"BreadcrumbList\",\"@id\":\"https:\\\/\\\/wein-werte.com\\\/de\\\/produkt\\\/clau-de-nell-cabernet-franc-2019-1500ml\\\/#breadcrumb\",\"itemListElement\":[{\"@type\":\"ListItem\",\"position\":1,\"name\":\"Home\",\"item\":\"https:\\\/\\\/wein-werte.com\\\/de\\\/\"},{\"@type\":\"ListItem\",\"position\":2,\"name\":\"Shop\",\"item\":\"https:\\\/\\\/wein-werte.com\\\/de\\\/shop\\\/\"},{\"@type\":\"ListItem\",\"position\":3,\"name\":\"Clau de Nell | Loire | Cabernet Franc AOC | 2019 | 1500ml | bio\"}]},{\"@type\":\"WebSite\",\"@id\":\"https:\\\/\\\/wein-werte.com\\\/de\\\/#website\",\"url\":\"https:\\\/\\\/wein-werte.com\\\/de\\\/\",\"name\":\"Wein Werte\",\"description\":\"\",\"publisher\":{\"@id\":\"https:\\\/\\\/wein-werte.com\\\/de\\\/#organization\"},\"potentialAction\":[{\"@type\":\"SearchAction\",\"target\":{\"@type\":\"EntryPoint\",\"urlTemplate\":\"https:\\\/\\\/wein-werte.com\\\/de\\\/?s={search_term_string}\"},\"query-input\":{\"@type\":\"PropertyValueSpecification\",\"valueRequired\":true,\"valueName\":\"search_term_string\"}}],\"inLanguage\":\"de\"},{\"@type\":\"Organization\",\"@id\":\"https:\\\/\\\/wein-werte.com\\\/de\\\/#organization\",\"name\":\"Vins Fins Thorrold\",\"url\":\"https:\\\/\\\/wein-werte.com\\\/de\\\/\",\"logo\":{\"@type\":\"ImageObject\",\"inLanguage\":\"de\",\"@id\":\"https:\\\/\\\/wein-werte.com\\\/de\\\/#\\\/schema\\\/logo\\\/image\\\/\",\"url\":\"https:\\\/\\\/wein-werte.com\\\/wp-content\\\/uploads\\\/2023\\\/07\\\/Wein_werte_Logo700-1.png\",\"contentUrl\":\"https:\\\/\\\/wein-werte.com\\\/wp-content\\\/uploads\\\/2023\\\/07\\\/Wein_werte_Logo700-1.png\",\"width\":700,\"height\":272,\"caption\":\"Vins Fins Thorrold\"},\"image\":{\"@id\":\"https:\\\/\\\/wein-werte.com\\\/de\\\/#\\\/schema\\\/logo\\\/image\\\/\"}}]}<\/script>\n<!-- \/ Yoast SEO plugin. -->","yoast_head_json":{"title":"Clau de Nell Cabernet Franc 2019, 1500ml","description":"Kaufe Clau de Nell Cabernet Franc 2019 (Cabernet Franc, trocken aus Loire, Frankreich) bei Wein Werte, Ihrem nachhaltigen Onlineshop.","robots":{"index":"index","follow":"follow","max-snippet":"max-snippet:-1","max-image-preview":"max-image-preview:large","max-video-preview":"max-video-preview:-1"},"canonical":"https:\/\/wein-werte.com\/de\/produkt\/clau-de-nell-cabernet-franc-2019-1500ml\/","og_locale":"de_DE","og_type":"article","og_title":"Clau de Nell Cabernet Franc 2019, 1500ml","og_description":"Kaufe Clau de Nell Cabernet Franc 2019 (Cabernet Franc, trocken aus Loire, Frankreich) bei Wein Werte, Ihrem nachhaltigen Onlineshop.","og_url":"https:\/\/wein-werte.com\/de\/produkt\/clau-de-nell-cabernet-franc-2019-1500ml\/","og_site_name":"Wein Werte","article_modified_time":"2026-05-12T18:00:10+00:00","og_image":[{"width":339,"height":1200,"url":"https:\/\/wein-werte.com\/wp-content\/uploads\/2026\/04\/Clau-de-Nell-Cabernet-Franc-2019-1500ml.png","type":"image\/png"}],"twitter_card":"summary_large_image","twitter_misc":{"Gesch\u00e4tzte Lesezeit":"2\u00a0Minuten"},"schema":{"@context":"https:\/\/schema.org","@graph":[{"@type":"WebPage","@id":"https:\/\/wein-werte.com\/de\/produkt\/clau-de-nell-cabernet-franc-2019-1500ml\/","url":"https:\/\/wein-werte.com\/de\/produkt\/clau-de-nell-cabernet-franc-2019-1500ml\/","name":"Clau de Nell Cabernet Franc 2019, 1500ml","isPartOf":{"@id":"https:\/\/wein-werte.com\/de\/#website"},"primaryImageOfPage":{"@id":"https:\/\/wein-werte.com\/de\/produkt\/clau-de-nell-cabernet-franc-2019-1500ml\/#primaryimage"},"image":{"@id":"https:\/\/wein-werte.com\/de\/produkt\/clau-de-nell-cabernet-franc-2019-1500ml\/#primaryimage"},"thumbnailUrl":"https:\/\/wein-werte.com\/wp-content\/uploads\/2026\/04\/Clau-de-Nell-Cabernet-Franc-2019-1500ml.png","datePublished":"2026-05-12T13:59:06+00:00","dateModified":"2026-05-12T18:00:10+00:00","description":"Kaufe Clau de Nell Cabernet Franc 2019 (Cabernet Franc, trocken aus Loire, Frankreich) bei Wein Werte, Ihrem nachhaltigen Onlineshop.","breadcrumb":{"@id":"https:\/\/wein-werte.com\/de\/produkt\/clau-de-nell-cabernet-franc-2019-1500ml\/#breadcrumb"},"inLanguage":"de","potentialAction":[{"@type":"ReadAction","target":["https:\/\/wein-werte.com\/de\/produkt\/clau-de-nell-cabernet-franc-2019-1500ml\/"]}]},{"@type":"ImageObject","inLanguage":"de","@id":"https:\/\/wein-werte.com\/de\/produkt\/clau-de-nell-cabernet-franc-2019-1500ml\/#primaryimage","url":"https:\/\/wein-werte.com\/wp-content\/uploads\/2026\/04\/Clau-de-Nell-Cabernet-Franc-2019-1500ml.png","contentUrl":"https:\/\/wein-werte.com\/wp-content\/uploads\/2026\/04\/Clau-de-Nell-Cabernet-Franc-2019-1500ml.png","width":339,"height":1200,"caption":"Clau de Nell Cabernet Franc AOC 2019 1500ml"},{"@type":"BreadcrumbList","@id":"https:\/\/wein-werte.com\/de\/produkt\/clau-de-nell-cabernet-franc-2019-1500ml\/#breadcrumb","itemListElement":[{"@type":"ListItem","position":1,"name":"Home","item":"https:\/\/wein-werte.com\/de\/"},{"@type":"ListItem","position":2,"name":"Shop","item":"https:\/\/wein-werte.com\/de\/shop\/"},{"@type":"ListItem","position":3,"name":"Clau de Nell | Loire | Cabernet Franc AOC | 2019 | 1500ml | bio"}]},{"@type":"WebSite","@id":"https:\/\/wein-werte.com\/de\/#website","url":"https:\/\/wein-werte.com\/de\/","name":"Wein Werte","description":"","publisher":{"@id":"https:\/\/wein-werte.com\/de\/#organization"},"potentialAction":[{"@type":"SearchAction","target":{"@type":"EntryPoint","urlTemplate":"https:\/\/wein-werte.com\/de\/?s={search_term_string}"},"query-input":{"@type":"PropertyValueSpecification","valueRequired":true,"valueName":"search_term_string"}}],"inLanguage":"de"},{"@type":"Organization","@id":"https:\/\/wein-werte.com\/de\/#organization","name":"Vins Fins Thorrold","url":"https:\/\/wein-werte.com\/de\/","logo":{"@type":"ImageObject","inLanguage":"de","@id":"https:\/\/wein-werte.com\/de\/#\/schema\/logo\/image\/","url":"https:\/\/wein-werte.com\/wp-content\/uploads\/2023\/07\/Wein_werte_Logo700-1.png","contentUrl":"https:\/\/wein-werte.com\/wp-content\/uploads\/2023\/07\/Wein_werte_Logo700-1.png","width":700,"height":272,"caption":"Vins Fins Thorrold"},"image":{"@id":"https:\/\/wein-werte.com\/de\/#\/schema\/logo\/image\/"}}]}},"_links":{"self":[{"href":"https:\/\/wein-werte.com\/de\/wp-json\/wp\/v2\/product\/1135899","targetHints":{"allow":["GET"]}}],"collection":[{"href":"https:\/\/wein-werte.com\/de\/wp-json\/wp\/v2\/product"}],"about":[{"href":"https:\/\/wein-werte.com\/de\/wp-json\/wp\/v2\/types\/product"}],"wp:featuredmedia":[{"embeddable":true,"href":"https:\/\/wein-werte.com\/de\/wp-json\/wp\/v2\/media\/1145762"}],"wp:attachment":[{"href":"https:\/\/wein-werte.com\/de\/wp-json\/wp\/v2\/media?parent=1135899"}],"wp:term":[{"taxonomy":"product_brand","embeddable":true,"href":"https:\/\/wein-werte.com\/de\/wp-json\/wp\/v2\/product_brand?post=1135899"},{"taxonomy":"product_cat","embeddable":true,"href":"https:\/\/wein-werte.com\/de\/wp-json\/wp\/v2\/product_cat?post=1135899"},{"taxonomy":"product_tag","embeddable":true,"href":"https:\/\/wein-werte.com\/de\/wp-json\/wp\/v2\/product_tag?post=1135899"}],"curies":[{"name":"wp","href":"https:\/\/api.w.org\/{rel}","templated":true}]}}