{"id":1135891,"date":"2026-05-08T20:09:36","date_gmt":"2026-05-08T18:09:36","guid":{"rendered":"https:\/\/wein-werte.com\/product\/clau-de-nell-grolleau-2018-750ml\/"},"modified":"2026-04-27T12:05:40","modified_gmt":"2026-04-27T10:05:40","slug":"clau-de-nell-grolleau-2018-750ml","status":"publish","type":"product","link":"https:\/\/wein-werte.com\/de\/produkt\/clau-de-nell-grolleau-2018-750ml\/","title":{"rendered":"Clau de Nell | Loire | Grolleau IGP | 2018 | 750ml | bio"},"content":{"rendered":"<p>Produktbeschreibung f\u00fcr Clau de Nell Grolleau IGP 2018 (bio) <\/p>\n<h5>Information zum Wein<\/h5>\n<p>Grolleau ist eine autochthone Loire-Rebsorte, die meist in rests\u00fc\u00dfem Ros\u00e9 d\u2019Anjou Verwendung findet. Reinsortig wurde die Sorte so gut wie nie ausgebaut, bevor Claude und Nelly, die Gr\u00fcnder der Domaine Clau de Nell, das machten und zeigten, dass daraus ein so urw\u00fcchsiger wie eleganter und alterungsw\u00fcrdiger Wein von gro\u00dfem Charakter entstehen kann. Die Rebst\u00f6cke dieses Grolleau sind rund 55 Jahre alt, es wurden aber in den letzten Jahren noch weitere gepflanzt. Sie stehen in lehmig schluffigem Boden auf Sandstein sowie in rotem Feuerstein auf Tuffeau (Kalkstein).<\/p>\n<p>\u00a0<\/p>\n<p>Der Ertrag liegt bei gerade einmal 25 hl\/ha. Die Trauben wurden von Hand in 12-Kilo-Kisten gelesen. Sie wurden entrappt und \u00fcber 30 Tage hinweg mit nur seltenem Umpumpen vergoren. Der Ausbau erfolgte dann f\u00fcr 30 % des Weines \u00fcber zw\u00f6lf Monate auf der Feinhefe in burgundischen <i>Pi\u00e8ces<\/i> von f\u00fcnf bis sieben Jahren, f\u00fcr weitere 70 % in gro\u00dfen Fudern. Die Cuv\u00e9e reifte dann noch einmal f\u00fcr ein halbes Jahr im Edelstahl.<\/p>\n<p>\u00a0<\/p>\n<h5>Farbe<\/h5>\n<p>Intensives Granatrot mit purpurfarbenen Reflexen.<\/p>\n<p>\u00a0<\/p>\n<h5>Nase<\/h5>\n<p>Der <i>2018er<\/i> <i>Grolleau<\/i> von <i>Clau de Nell <\/i>ist ein dunkelfruchtiger Wein mit einer fantastischen W\u00fcrze, die der Wein allerdings erst dann wirklich preisgibt, wenn man ihn dekantiert. Dann finden sich Noten von satt reifen Kirschen und Pflaumen, Walderdbeeren und Himbeeren in Verbindung mit Kr\u00e4utern, Pfeffer und feucht warmem Waldboden. Das wirkt insgesamt sowohl geerdet wie elegant.<\/p>\n<p>\u00a0<\/p>\n<h5>Gaumen<\/h5>\n<p>Am Gaumen zeigt sich der <i>2018er<\/i> <i>Grolleau<\/i> mal wieder als v\u00f6llig eigenst\u00e4ndiger Loire-Wein irgendwo zwischen Cabernet und Pinot, irgendwo zwischen Noblesse und Landleben. Die Frucht verbindet Walderdbeeren und Himbeeren mit Pflaumen und ein paar Kirschen, der Wein wirkt lebendig und frisch, gleichzeitig packt das noch feste Tannin kraftvoll zu. Dabei zeigt sich der <i>Grolleau<\/i> immer pr\u00e4zise und strukturiert, lang und komplex mit leichter Pfeffrigkeit im Finale. Der Wein verf\u00fcgt \u00fcber ein Alterungspotential von 15+ Jahren. Grolleau ist neben Pineau d\u2019Aunis eine der sch\u00f6nsten Entdeckungen, die man im Loiretal machen kann.<\/p>\n<p>Copyright Vinaturel 2025<\/p>\n<p>Keywords: <a href=\"https:\/\/wein-werte.com\/de\/shop\/?swoof=1&#038;pa_producer=Clau-de-Nell\">Clau de Nell<\/a> <a href=\"https:\/\/wein-werte.com\/de\/shop\/?swoof=1&#038;woof_text=Grolleau IGP\">Grolleau IGP<\/a> 2018 bio <a href=\"https:\/\/wein-werte.com\/de\/shop\/?swoof=1&#038;pa_region=Loire\">Loire<\/a> <a href=\"https:\/\/wein-werte.com\/de\/shop\/?swoof=1&#038;pa_country=Frankreich\">Frankreich<\/a><\/p>\n<h3>Wine Advocate<\/h3>\n<p>Punkte: 93<\/p>\n<p>Der Val de Loire Grolleau 2018 er\u00f6ffnet mit einer leichten Reduktion in der Nase, klar, frisch und w\u00fcrzig, mit Aromen von frischen Himbeeren, Brombeeren und eleganten Feuersteinen. Seidig, frisch und elegant am Gaumen, ist dieser Rotwein fleischig, s\u00fc\u00df, seidig strukturiert, aber gro\u00dfz\u00fcgig mit feinen Tanninen und einem eleganten, kristallinen und konzentrierten, herben Abgang. Er braucht etwas Zeit, ist aber ausgezeichnet und gro\u00dfz\u00fcgig. Verkostet im Juni 2021.<br \/>Stephan Reinhardt<\/p>\n<p>Internetseite des Weinguts: <a href=\"https:\/\/claudenell.fr\/en\/home\/\" target=\"_blank\">https:\/\/claudenell.fr\/en\/home\/<\/a><\/p>\n","protected":false},"excerpt":{"rendered":"<p>Lieferzeit: 1 bis 2 Arbeitstage (DE), 2 bis 5 Arbeitstage (EU and CH)<\/p>\n","protected":false},"featured_media":1147567,"template":"","meta":[],"product_brand":[],"product_cat":[19],"product_tag":[],"class_list":{"0":"post-1135891","1":"product","2":"type-product","3":"status-publish","4":"has-post-thumbnail","6":"product_cat-unkategorisiert","7":"pa_alcohol-for-filter-12893","8":"pa_certified-biodynamic-ja-de","9":"pa_certified-organic-ja-de","10":"pa_colour-rot","11":"pa_country-frankreich","12":"pa_grape-grolleau","13":"pa_parker-points-for-filter-93-de-2","14":"pa_price-for-filter-10599","15":"pa_producer-clau-de-nell","16":"pa_region-loire","17":"pa_size-ml-6584","18":"pa_sweetness-trocken-de","19":"pa_type-2-still-de","20":"pa_vintage-2018-de","21":"entry","22":"has-media","24":"first","25":"instock","26":"taxable","27":"shipping-taxable","28":"purchasable","29":"product-type-simple"},"yoast_head":"<!-- This site is optimized with the Yoast SEO plugin v27.5 - https:\/\/yoast.com\/product\/yoast-seo-wordpress\/ -->\n<title>Clau de Nell Grolleau 2018<\/title>\n<meta name=\"description\" content=\"Kaufe Clau de Nell Grolleau 2018 (Grolleau, trocken aus Loire, Frankreich) bei Wein Werte, Ihrem nachhaltigen Onlineshop.\" \/>\n<meta name=\"robots\" content=\"index, follow, max-snippet:-1, max-image-preview:large, max-video-preview:-1\" \/>\n<link rel=\"canonical\" href=\"https:\/\/wein-werte.com\/de\/produkt\/clau-de-nell-grolleau-2018-750ml\/\" \/>\n<meta property=\"og:locale\" content=\"de_DE\" \/>\n<meta property=\"og:type\" content=\"article\" \/>\n<meta property=\"og:title\" content=\"Clau de Nell Grolleau 2018\" \/>\n<meta property=\"og:description\" content=\"Kaufe Clau de Nell Grolleau 2018 (Grolleau, trocken aus Loire, Frankreich) bei Wein Werte, Ihrem nachhaltigen Onlineshop.\" \/>\n<meta property=\"og:url\" content=\"https:\/\/wein-werte.com\/de\/produkt\/clau-de-nell-grolleau-2018-750ml\/\" \/>\n<meta property=\"og:site_name\" content=\"Wein Werte\" \/>\n<meta property=\"og:image\" content=\"https:\/\/wein-werte.com\/wp-content\/uploads\/2026\/04\/Clau-de-Nell-Grolleau-2018-750-ml.png\" \/>\n\t<meta property=\"og:image:width\" content=\"148\" \/>\n\t<meta property=\"og:image:height\" content=\"499\" \/>\n\t<meta property=\"og:image:type\" content=\"image\/png\" \/>\n<meta name=\"twitter:card\" content=\"summary_large_image\" \/>\n<meta name=\"twitter:label1\" content=\"Gesch\u00e4tzte Lesezeit\" \/>\n\t<meta name=\"twitter:data1\" content=\"2\u00a0Minuten\" \/>\n<script type=\"application\/ld+json\" class=\"yoast-schema-graph\">{\"@context\":\"https:\\\/\\\/schema.org\",\"@graph\":[{\"@type\":\"WebPage\",\"@id\":\"https:\\\/\\\/wein-werte.com\\\/de\\\/produkt\\\/clau-de-nell-grolleau-2018-750ml\\\/\",\"url\":\"https:\\\/\\\/wein-werte.com\\\/de\\\/produkt\\\/clau-de-nell-grolleau-2018-750ml\\\/\",\"name\":\"Clau de Nell Grolleau 2018\",\"isPartOf\":{\"@id\":\"https:\\\/\\\/wein-werte.com\\\/de\\\/#website\"},\"primaryImageOfPage\":{\"@id\":\"https:\\\/\\\/wein-werte.com\\\/de\\\/produkt\\\/clau-de-nell-grolleau-2018-750ml\\\/#primaryimage\"},\"image\":{\"@id\":\"https:\\\/\\\/wein-werte.com\\\/de\\\/produkt\\\/clau-de-nell-grolleau-2018-750ml\\\/#primaryimage\"},\"thumbnailUrl\":\"https:\\\/\\\/wein-werte.com\\\/wp-content\\\/uploads\\\/2026\\\/04\\\/Clau-de-Nell-Grolleau-2018-750-ml.png\",\"datePublished\":\"2026-05-08T18:09:36+00:00\",\"description\":\"Kaufe Clau de Nell Grolleau 2018 (Grolleau, trocken aus Loire, Frankreich) bei Wein Werte, Ihrem nachhaltigen Onlineshop.\",\"breadcrumb\":{\"@id\":\"https:\\\/\\\/wein-werte.com\\\/de\\\/produkt\\\/clau-de-nell-grolleau-2018-750ml\\\/#breadcrumb\"},\"inLanguage\":\"de\",\"potentialAction\":[{\"@type\":\"ReadAction\",\"target\":[\"https:\\\/\\\/wein-werte.com\\\/de\\\/produkt\\\/clau-de-nell-grolleau-2018-750ml\\\/\"]}]},{\"@type\":\"ImageObject\",\"inLanguage\":\"de\",\"@id\":\"https:\\\/\\\/wein-werte.com\\\/de\\\/produkt\\\/clau-de-nell-grolleau-2018-750ml\\\/#primaryimage\",\"url\":\"https:\\\/\\\/wein-werte.com\\\/wp-content\\\/uploads\\\/2026\\\/04\\\/Clau-de-Nell-Grolleau-2018-750-ml.png\",\"contentUrl\":\"https:\\\/\\\/wein-werte.com\\\/wp-content\\\/uploads\\\/2026\\\/04\\\/Clau-de-Nell-Grolleau-2018-750-ml.png\",\"width\":148,\"height\":499},{\"@type\":\"BreadcrumbList\",\"@id\":\"https:\\\/\\\/wein-werte.com\\\/de\\\/produkt\\\/clau-de-nell-grolleau-2018-750ml\\\/#breadcrumb\",\"itemListElement\":[{\"@type\":\"ListItem\",\"position\":1,\"name\":\"Home\",\"item\":\"https:\\\/\\\/wein-werte.com\\\/de\\\/\"},{\"@type\":\"ListItem\",\"position\":2,\"name\":\"Shop\",\"item\":\"https:\\\/\\\/wein-werte.com\\\/de\\\/shop\\\/\"},{\"@type\":\"ListItem\",\"position\":3,\"name\":\"Clau de Nell | Loire | Grolleau IGP | 2018 | 750ml | bio\"}]},{\"@type\":\"WebSite\",\"@id\":\"https:\\\/\\\/wein-werte.com\\\/de\\\/#website\",\"url\":\"https:\\\/\\\/wein-werte.com\\\/de\\\/\",\"name\":\"Wein Werte\",\"description\":\"\",\"publisher\":{\"@id\":\"https:\\\/\\\/wein-werte.com\\\/de\\\/#organization\"},\"potentialAction\":[{\"@type\":\"SearchAction\",\"target\":{\"@type\":\"EntryPoint\",\"urlTemplate\":\"https:\\\/\\\/wein-werte.com\\\/de\\\/?s={search_term_string}\"},\"query-input\":{\"@type\":\"PropertyValueSpecification\",\"valueRequired\":true,\"valueName\":\"search_term_string\"}}],\"inLanguage\":\"de\"},{\"@type\":\"Organization\",\"@id\":\"https:\\\/\\\/wein-werte.com\\\/de\\\/#organization\",\"name\":\"Vins Fins Thorrold\",\"url\":\"https:\\\/\\\/wein-werte.com\\\/de\\\/\",\"logo\":{\"@type\":\"ImageObject\",\"inLanguage\":\"de\",\"@id\":\"https:\\\/\\\/wein-werte.com\\\/de\\\/#\\\/schema\\\/logo\\\/image\\\/\",\"url\":\"https:\\\/\\\/wein-werte.com\\\/wp-content\\\/uploads\\\/2023\\\/07\\\/Wein_werte_Logo700-1.png\",\"contentUrl\":\"https:\\\/\\\/wein-werte.com\\\/wp-content\\\/uploads\\\/2023\\\/07\\\/Wein_werte_Logo700-1.png\",\"width\":700,\"height\":272,\"caption\":\"Vins Fins Thorrold\"},\"image\":{\"@id\":\"https:\\\/\\\/wein-werte.com\\\/de\\\/#\\\/schema\\\/logo\\\/image\\\/\"}}]}<\/script>\n<!-- \/ Yoast SEO plugin. -->","yoast_head_json":{"title":"Clau de Nell Grolleau 2018","description":"Kaufe Clau de Nell Grolleau 2018 (Grolleau, trocken aus Loire, Frankreich) bei Wein Werte, Ihrem nachhaltigen Onlineshop.","robots":{"index":"index","follow":"follow","max-snippet":"max-snippet:-1","max-image-preview":"max-image-preview:large","max-video-preview":"max-video-preview:-1"},"canonical":"https:\/\/wein-werte.com\/de\/produkt\/clau-de-nell-grolleau-2018-750ml\/","og_locale":"de_DE","og_type":"article","og_title":"Clau de Nell Grolleau 2018","og_description":"Kaufe Clau de Nell Grolleau 2018 (Grolleau, trocken aus Loire, Frankreich) bei Wein Werte, Ihrem nachhaltigen Onlineshop.","og_url":"https:\/\/wein-werte.com\/de\/produkt\/clau-de-nell-grolleau-2018-750ml\/","og_site_name":"Wein Werte","og_image":[{"width":148,"height":499,"url":"https:\/\/wein-werte.com\/wp-content\/uploads\/2026\/04\/Clau-de-Nell-Grolleau-2018-750-ml.png","type":"image\/png"}],"twitter_card":"summary_large_image","twitter_misc":{"Gesch\u00e4tzte Lesezeit":"2\u00a0Minuten"},"schema":{"@context":"https:\/\/schema.org","@graph":[{"@type":"WebPage","@id":"https:\/\/wein-werte.com\/de\/produkt\/clau-de-nell-grolleau-2018-750ml\/","url":"https:\/\/wein-werte.com\/de\/produkt\/clau-de-nell-grolleau-2018-750ml\/","name":"Clau de Nell Grolleau 2018","isPartOf":{"@id":"https:\/\/wein-werte.com\/de\/#website"},"primaryImageOfPage":{"@id":"https:\/\/wein-werte.com\/de\/produkt\/clau-de-nell-grolleau-2018-750ml\/#primaryimage"},"image":{"@id":"https:\/\/wein-werte.com\/de\/produkt\/clau-de-nell-grolleau-2018-750ml\/#primaryimage"},"thumbnailUrl":"https:\/\/wein-werte.com\/wp-content\/uploads\/2026\/04\/Clau-de-Nell-Grolleau-2018-750-ml.png","datePublished":"2026-05-08T18:09:36+00:00","description":"Kaufe Clau de Nell Grolleau 2018 (Grolleau, trocken aus Loire, Frankreich) bei Wein Werte, Ihrem nachhaltigen Onlineshop.","breadcrumb":{"@id":"https:\/\/wein-werte.com\/de\/produkt\/clau-de-nell-grolleau-2018-750ml\/#breadcrumb"},"inLanguage":"de","potentialAction":[{"@type":"ReadAction","target":["https:\/\/wein-werte.com\/de\/produkt\/clau-de-nell-grolleau-2018-750ml\/"]}]},{"@type":"ImageObject","inLanguage":"de","@id":"https:\/\/wein-werte.com\/de\/produkt\/clau-de-nell-grolleau-2018-750ml\/#primaryimage","url":"https:\/\/wein-werte.com\/wp-content\/uploads\/2026\/04\/Clau-de-Nell-Grolleau-2018-750-ml.png","contentUrl":"https:\/\/wein-werte.com\/wp-content\/uploads\/2026\/04\/Clau-de-Nell-Grolleau-2018-750-ml.png","width":148,"height":499},{"@type":"BreadcrumbList","@id":"https:\/\/wein-werte.com\/de\/produkt\/clau-de-nell-grolleau-2018-750ml\/#breadcrumb","itemListElement":[{"@type":"ListItem","position":1,"name":"Home","item":"https:\/\/wein-werte.com\/de\/"},{"@type":"ListItem","position":2,"name":"Shop","item":"https:\/\/wein-werte.com\/de\/shop\/"},{"@type":"ListItem","position":3,"name":"Clau de Nell | Loire | Grolleau IGP | 2018 | 750ml | bio"}]},{"@type":"WebSite","@id":"https:\/\/wein-werte.com\/de\/#website","url":"https:\/\/wein-werte.com\/de\/","name":"Wein Werte","description":"","publisher":{"@id":"https:\/\/wein-werte.com\/de\/#organization"},"potentialAction":[{"@type":"SearchAction","target":{"@type":"EntryPoint","urlTemplate":"https:\/\/wein-werte.com\/de\/?s={search_term_string}"},"query-input":{"@type":"PropertyValueSpecification","valueRequired":true,"valueName":"search_term_string"}}],"inLanguage":"de"},{"@type":"Organization","@id":"https:\/\/wein-werte.com\/de\/#organization","name":"Vins Fins Thorrold","url":"https:\/\/wein-werte.com\/de\/","logo":{"@type":"ImageObject","inLanguage":"de","@id":"https:\/\/wein-werte.com\/de\/#\/schema\/logo\/image\/","url":"https:\/\/wein-werte.com\/wp-content\/uploads\/2023\/07\/Wein_werte_Logo700-1.png","contentUrl":"https:\/\/wein-werte.com\/wp-content\/uploads\/2023\/07\/Wein_werte_Logo700-1.png","width":700,"height":272,"caption":"Vins Fins Thorrold"},"image":{"@id":"https:\/\/wein-werte.com\/de\/#\/schema\/logo\/image\/"}}]}},"_links":{"self":[{"href":"https:\/\/wein-werte.com\/de\/wp-json\/wp\/v2\/product\/1135891","targetHints":{"allow":["GET"]}}],"collection":[{"href":"https:\/\/wein-werte.com\/de\/wp-json\/wp\/v2\/product"}],"about":[{"href":"https:\/\/wein-werte.com\/de\/wp-json\/wp\/v2\/types\/product"}],"wp:featuredmedia":[{"embeddable":true,"href":"https:\/\/wein-werte.com\/de\/wp-json\/wp\/v2\/media\/1147567"}],"wp:attachment":[{"href":"https:\/\/wein-werte.com\/de\/wp-json\/wp\/v2\/media?parent=1135891"}],"wp:term":[{"taxonomy":"product_brand","embeddable":true,"href":"https:\/\/wein-werte.com\/de\/wp-json\/wp\/v2\/product_brand?post=1135891"},{"taxonomy":"product_cat","embeddable":true,"href":"https:\/\/wein-werte.com\/de\/wp-json\/wp\/v2\/product_cat?post=1135891"},{"taxonomy":"product_tag","embeddable":true,"href":"https:\/\/wein-werte.com\/de\/wp-json\/wp\/v2\/product_tag?post=1135891"}],"curies":[{"name":"wp","href":"https:\/\/api.w.org\/{rel}","templated":true}]}}