{"id":1135846,"date":"2026-05-05T18:34:36","date_gmt":"2026-05-05T16:34:36","guid":{"rendered":"https:\/\/wein-werte.com\/product\/luneau-papin-gula-ana-2020-750ml\/"},"modified":"2026-04-27T12:05:34","modified_gmt":"2026-04-27T10:05:34","slug":"luneau-papin-gula-ana-2020-750ml","status":"publish","type":"product","link":"https:\/\/wein-werte.com\/de\/produkt\/luneau-papin-gula-ana-2020-750ml\/","title":{"rendered":"Luneau-Papin | Loire | Gula-Ana AOP | 2020 | 750ml | bio"},"content":{"rendered":"<p>Produktbeschreibung f\u00fcr Luneau-Papin Gula-Ana AOP 2020 (bio) <\/p>\n<h5>Information zum Wein<\/h5>\n<p> Dieser Muscadet aus der Sorte Melon de Bourgogne stammt vom Weinberg La Butte de la Roche im Dorf Le Loroux-Bottereau. Es handelt sich um 1974 gepflanzte Reben. Der Boden besteht aus dem grob kristallinen Peridotit sowie aus Serpentinit \u2013 einem metamorphen Gestein, das sich aus Peridotit entwickelt hat. Beide Gesteine sind magmatischen Ursprungs. Dieses Magma hat den Weinberg La Butte de la Roche geformt. Die rot-ockerfarbene Erde ist im Pays Nantais in dieser Form einzigartig und ber\u00fchmt. Fr\u00fcher besa\u00dfen Feudalherren ein Schloss auf dem R\u00fccken des H\u00fcgels. Die Parzellen geh\u00f6ren zum Cru Communal Goulaine. Diesen Cru gibt es im Nantais seit dem Ende der 1990er Jahre. Die Goulaine ist der Fluss, der durch die Weinberge flie\u00dft und in die Loire m\u00fcndet. Vom Aussichtspunkt auf dem La Butte de la Roche hat man einen Blick \u00fcber das Sumpfgebiet der Goulaine. Danach ist der Wein benannt: Gula steht f\u00fcr Schlund oder M\u00fcndung, Ana bedeutet auf Gallisch Sumpf. Die von Hand gelesenen Trauben wurden in einer pneumatischen Presse gepresst, wobei St\u00e4rke und Dauer der Pressung dem jeweiligen Jahrgang angepasst wurden. Es folgte die Spontanverg\u00e4rung mit nat\u00fcrlichen Hefen, danach die G\u00e4rung und Reifung auf der Hefe in unterirdischen, mit Glas ausgekleideten Zement-Cuves sowie in 600-Liter-F\u00e4ssern f\u00fcr 20 Monate. <\/p>\n<h5>Farbe<\/h5>\n<p> intensives Strohgelb <\/p>\n<h5>Nase<\/h5>\n<p> Der Muscadet Gula Ana zeigt eindrucksvoll, wie pr\u00e4zise und sch\u00f6n Pierre-Marie Luneau das besondere Terroir des La Butte de la Roche mit seiner Idee des Ausbaus im Zement und Holz verbinden kann. Der Muscadet wirkt elegant, komplex, frisch und saftig zugleich. Die helle Frucht strahlt nicht nur in der Farbe. Es duftet hell und einladend nach gelben \u00c4pfeln, Mirabellen und Kumquats mit einem Hauch von Lanolin, zersto\u00dfenem Stein und Salz. Gula Ana pr\u00e4sentiert sich pr\u00e4zise, klar und frisch mit einem Hauch von Atlantik in der saftigen Frucht. <\/p>\n<h5>Gaumen<\/h5>\n<p> Am Gaumen balanciert der Wein zwischen der Frucht, die sich hier ganz \u00e4hnlich zeigt wie in der Nase: hell, saftig und reif, aber knackig. Vor allem das Saftige steht hier im Vordergrund, zumal sich der Saft direkt mit einer eleganten S\u00e4ure, einer tiefen Mineralit\u00e4t und einer markanten Salzigkeit zu einem Wein verbindet, von dem man kaum lassen kann. Mit Luft zeigen sich zudem in der Frucht Spuren von Ingwer, etwas Tabak und Karamell, was den Muscadet noch komplexer und cremiger werden l\u00e4sst. So komplex, so tief und lang ist Muscadet in jungen Jahren nur selten. Aber die Entwicklung bei Luneau-Papin ist beeindruckend!<\/p>\n<p>Copyright Vinaturel 2025<\/p>\n<p>Keywords: <a href=\"https:\/\/wein-werte.com\/de\/shop\/?swoof=1&#038;pa_producer=Luneau-Papin\">Luneau-Papin<\/a> <a href=\"https:\/\/wein-werte.com\/de\/shop\/?swoof=1&#038;woof_text=Gula-Ana AOP\">Gula-Ana AOP<\/a> 2020 bio <a href=\"https:\/\/wein-werte.com\/de\/shop\/?swoof=1&#038;pa_region=Loire\">Loire<\/a> <a href=\"https:\/\/wein-werte.com\/de\/shop\/?swoof=1&#038;pa_country=Frankreich\">Frankreich<\/a><\/p>\n<h3>Wine Advocate<\/h3>\n<p>Punkte: 92<\/p>\n<p>Der Gula Ana 2020 reifte zwei Jahre im Tank und stammt von Reben vom Gipfel des H\u00fcgels Butte de la Roche. Er offenbart ein herrliches und komplexes Bouquet mit Aromen von Zitronen\u00f6l, Birne, wei\u00dfen Fr\u00fcchten, Gew\u00fcrzen und Menthol, gefolgt von einem energetischen mittleren Gaumen, einer fleischigen und runden Textur und einem mineralischen, salzigen Abgang. Er ist einer der ausdrucksst\u00e4rksten Muscadets der Luneau-Papin-Reihe.<br \/>Yohan Castaing<\/p>\n<p>Internetseite des Weinguts: <a href=\"https:\/\/www.domaineluneaupapin.com\/en\/\" target=\"_blank\">https:\/\/www.domaineluneaupapin.com\/en\/<\/a><\/p>\n","protected":false},"excerpt":{"rendered":"<p>Lieferzeit: 1 bis 2 Arbeitstage (DE), 2 bis 5 Arbeitstage (EU and CH)<\/p>\n","protected":false},"featured_media":1145718,"template":"","meta":[],"product_brand":[],"product_cat":[19],"product_tag":[],"class_list":{"0":"post-1135846","1":"product","2":"type-product","3":"status-publish","4":"has-post-thumbnail","6":"product_cat-unkategorisiert","7":"pa_alcohol-for-filter-12893","8":"pa_certified-biodynamic-ja-de","9":"pa_certified-organic-ja-de","10":"pa_colour-weiss","11":"pa_country-frankreich","12":"pa_grape-melon-de-bourgogne","13":"pa_parker-points-for-filter-92-de","14":"pa_price-for-filter-10599","15":"pa_producer-luneau-papin","16":"pa_region-loire","17":"pa_size-ml-6584","18":"pa_sweetness-trocken-de","19":"pa_type-2-still-de","20":"pa_vintage-2020-de","21":"entry","22":"has-media","24":"first","25":"instock","26":"taxable","27":"shipping-taxable","28":"purchasable","29":"product-type-simple"},"yoast_head":"<!-- This site is optimized with the Yoast SEO plugin v27.5 - https:\/\/yoast.com\/product\/yoast-seo-wordpress\/ -->\n<title>Luneau-Papin Gula-Ana 2020<\/title>\n<meta name=\"description\" content=\"Kaufe Luneau-Papin Gula-Ana 2020 (Melon de Bourgogne, trocken aus Loire, Frankreich) bei Wein Werte, Ihrem nachhaltigen Onlineshop.\" \/>\n<meta name=\"robots\" content=\"index, follow, max-snippet:-1, max-image-preview:large, max-video-preview:-1\" \/>\n<link rel=\"canonical\" href=\"https:\/\/wein-werte.com\/de\/produkt\/luneau-papin-gula-ana-2020-750ml\/\" \/>\n<meta property=\"og:locale\" content=\"de_DE\" \/>\n<meta property=\"og:type\" content=\"article\" \/>\n<meta property=\"og:title\" content=\"Luneau-Papin Gula-Ana 2020\" \/>\n<meta property=\"og:description\" content=\"Kaufe Luneau-Papin Gula-Ana 2020 (Melon de Bourgogne, trocken aus Loire, Frankreich) bei Wein Werte, Ihrem nachhaltigen Onlineshop.\" \/>\n<meta property=\"og:url\" content=\"https:\/\/wein-werte.com\/de\/produkt\/luneau-papin-gula-ana-2020-750ml\/\" \/>\n<meta property=\"og:site_name\" content=\"Wein Werte\" \/>\n<meta property=\"og:image\" content=\"https:\/\/wein-werte.com\/wp-content\/uploads\/2026\/04\/Luneau-Papin-Gula-Ana-2020-750ml.png\" \/>\n\t<meta property=\"og:image:width\" content=\"316\" \/>\n\t<meta property=\"og:image:height\" content=\"1200\" \/>\n\t<meta property=\"og:image:type\" content=\"image\/png\" \/>\n<meta name=\"twitter:card\" content=\"summary_large_image\" \/>\n<meta name=\"twitter:label1\" content=\"Gesch\u00e4tzte Lesezeit\" \/>\n\t<meta name=\"twitter:data1\" content=\"3\u00a0Minuten\" \/>\n<script type=\"application\/ld+json\" class=\"yoast-schema-graph\">{\"@context\":\"https:\\\/\\\/schema.org\",\"@graph\":[{\"@type\":\"WebPage\",\"@id\":\"https:\\\/\\\/wein-werte.com\\\/de\\\/produkt\\\/luneau-papin-gula-ana-2020-750ml\\\/\",\"url\":\"https:\\\/\\\/wein-werte.com\\\/de\\\/produkt\\\/luneau-papin-gula-ana-2020-750ml\\\/\",\"name\":\"Luneau-Papin Gula-Ana 2020\",\"isPartOf\":{\"@id\":\"https:\\\/\\\/wein-werte.com\\\/de\\\/#website\"},\"primaryImageOfPage\":{\"@id\":\"https:\\\/\\\/wein-werte.com\\\/de\\\/produkt\\\/luneau-papin-gula-ana-2020-750ml\\\/#primaryimage\"},\"image\":{\"@id\":\"https:\\\/\\\/wein-werte.com\\\/de\\\/produkt\\\/luneau-papin-gula-ana-2020-750ml\\\/#primaryimage\"},\"thumbnailUrl\":\"https:\\\/\\\/wein-werte.com\\\/wp-content\\\/uploads\\\/2026\\\/04\\\/Luneau-Papin-Gula-Ana-2020-750ml.png\",\"datePublished\":\"2026-05-05T16:34:36+00:00\",\"description\":\"Kaufe Luneau-Papin Gula-Ana 2020 (Melon de Bourgogne, trocken aus Loire, Frankreich) bei Wein Werte, Ihrem nachhaltigen Onlineshop.\",\"breadcrumb\":{\"@id\":\"https:\\\/\\\/wein-werte.com\\\/de\\\/produkt\\\/luneau-papin-gula-ana-2020-750ml\\\/#breadcrumb\"},\"inLanguage\":\"de\",\"potentialAction\":[{\"@type\":\"ReadAction\",\"target\":[\"https:\\\/\\\/wein-werte.com\\\/de\\\/produkt\\\/luneau-papin-gula-ana-2020-750ml\\\/\"]}]},{\"@type\":\"ImageObject\",\"inLanguage\":\"de\",\"@id\":\"https:\\\/\\\/wein-werte.com\\\/de\\\/produkt\\\/luneau-papin-gula-ana-2020-750ml\\\/#primaryimage\",\"url\":\"https:\\\/\\\/wein-werte.com\\\/wp-content\\\/uploads\\\/2026\\\/04\\\/Luneau-Papin-Gula-Ana-2020-750ml.png\",\"contentUrl\":\"https:\\\/\\\/wein-werte.com\\\/wp-content\\\/uploads\\\/2026\\\/04\\\/Luneau-Papin-Gula-Ana-2020-750ml.png\",\"width\":316,\"height\":1200,\"caption\":\"Luneau-Papin Gula-Ana AOP 2020 750ml\"},{\"@type\":\"BreadcrumbList\",\"@id\":\"https:\\\/\\\/wein-werte.com\\\/de\\\/produkt\\\/luneau-papin-gula-ana-2020-750ml\\\/#breadcrumb\",\"itemListElement\":[{\"@type\":\"ListItem\",\"position\":1,\"name\":\"Home\",\"item\":\"https:\\\/\\\/wein-werte.com\\\/de\\\/\"},{\"@type\":\"ListItem\",\"position\":2,\"name\":\"Shop\",\"item\":\"https:\\\/\\\/wein-werte.com\\\/de\\\/shop\\\/\"},{\"@type\":\"ListItem\",\"position\":3,\"name\":\"Luneau-Papin | Loire | Gula-Ana AOP | 2020 | 750ml | bio\"}]},{\"@type\":\"WebSite\",\"@id\":\"https:\\\/\\\/wein-werte.com\\\/de\\\/#website\",\"url\":\"https:\\\/\\\/wein-werte.com\\\/de\\\/\",\"name\":\"Wein Werte\",\"description\":\"\",\"publisher\":{\"@id\":\"https:\\\/\\\/wein-werte.com\\\/de\\\/#organization\"},\"potentialAction\":[{\"@type\":\"SearchAction\",\"target\":{\"@type\":\"EntryPoint\",\"urlTemplate\":\"https:\\\/\\\/wein-werte.com\\\/de\\\/?s={search_term_string}\"},\"query-input\":{\"@type\":\"PropertyValueSpecification\",\"valueRequired\":true,\"valueName\":\"search_term_string\"}}],\"inLanguage\":\"de\"},{\"@type\":\"Organization\",\"@id\":\"https:\\\/\\\/wein-werte.com\\\/de\\\/#organization\",\"name\":\"Vins Fins Thorrold\",\"url\":\"https:\\\/\\\/wein-werte.com\\\/de\\\/\",\"logo\":{\"@type\":\"ImageObject\",\"inLanguage\":\"de\",\"@id\":\"https:\\\/\\\/wein-werte.com\\\/de\\\/#\\\/schema\\\/logo\\\/image\\\/\",\"url\":\"https:\\\/\\\/wein-werte.com\\\/wp-content\\\/uploads\\\/2023\\\/07\\\/Wein_werte_Logo700-1.png\",\"contentUrl\":\"https:\\\/\\\/wein-werte.com\\\/wp-content\\\/uploads\\\/2023\\\/07\\\/Wein_werte_Logo700-1.png\",\"width\":700,\"height\":272,\"caption\":\"Vins Fins Thorrold\"},\"image\":{\"@id\":\"https:\\\/\\\/wein-werte.com\\\/de\\\/#\\\/schema\\\/logo\\\/image\\\/\"}}]}<\/script>\n<!-- \/ Yoast SEO plugin. -->","yoast_head_json":{"title":"Luneau-Papin Gula-Ana 2020","description":"Kaufe Luneau-Papin Gula-Ana 2020 (Melon de Bourgogne, trocken aus Loire, Frankreich) bei Wein Werte, Ihrem nachhaltigen Onlineshop.","robots":{"index":"index","follow":"follow","max-snippet":"max-snippet:-1","max-image-preview":"max-image-preview:large","max-video-preview":"max-video-preview:-1"},"canonical":"https:\/\/wein-werte.com\/de\/produkt\/luneau-papin-gula-ana-2020-750ml\/","og_locale":"de_DE","og_type":"article","og_title":"Luneau-Papin Gula-Ana 2020","og_description":"Kaufe Luneau-Papin Gula-Ana 2020 (Melon de Bourgogne, trocken aus Loire, Frankreich) bei Wein Werte, Ihrem nachhaltigen Onlineshop.","og_url":"https:\/\/wein-werte.com\/de\/produkt\/luneau-papin-gula-ana-2020-750ml\/","og_site_name":"Wein Werte","og_image":[{"width":316,"height":1200,"url":"https:\/\/wein-werte.com\/wp-content\/uploads\/2026\/04\/Luneau-Papin-Gula-Ana-2020-750ml.png","type":"image\/png"}],"twitter_card":"summary_large_image","twitter_misc":{"Gesch\u00e4tzte Lesezeit":"3\u00a0Minuten"},"schema":{"@context":"https:\/\/schema.org","@graph":[{"@type":"WebPage","@id":"https:\/\/wein-werte.com\/de\/produkt\/luneau-papin-gula-ana-2020-750ml\/","url":"https:\/\/wein-werte.com\/de\/produkt\/luneau-papin-gula-ana-2020-750ml\/","name":"Luneau-Papin Gula-Ana 2020","isPartOf":{"@id":"https:\/\/wein-werte.com\/de\/#website"},"primaryImageOfPage":{"@id":"https:\/\/wein-werte.com\/de\/produkt\/luneau-papin-gula-ana-2020-750ml\/#primaryimage"},"image":{"@id":"https:\/\/wein-werte.com\/de\/produkt\/luneau-papin-gula-ana-2020-750ml\/#primaryimage"},"thumbnailUrl":"https:\/\/wein-werte.com\/wp-content\/uploads\/2026\/04\/Luneau-Papin-Gula-Ana-2020-750ml.png","datePublished":"2026-05-05T16:34:36+00:00","description":"Kaufe Luneau-Papin Gula-Ana 2020 (Melon de Bourgogne, trocken aus Loire, Frankreich) bei Wein Werte, Ihrem nachhaltigen Onlineshop.","breadcrumb":{"@id":"https:\/\/wein-werte.com\/de\/produkt\/luneau-papin-gula-ana-2020-750ml\/#breadcrumb"},"inLanguage":"de","potentialAction":[{"@type":"ReadAction","target":["https:\/\/wein-werte.com\/de\/produkt\/luneau-papin-gula-ana-2020-750ml\/"]}]},{"@type":"ImageObject","inLanguage":"de","@id":"https:\/\/wein-werte.com\/de\/produkt\/luneau-papin-gula-ana-2020-750ml\/#primaryimage","url":"https:\/\/wein-werte.com\/wp-content\/uploads\/2026\/04\/Luneau-Papin-Gula-Ana-2020-750ml.png","contentUrl":"https:\/\/wein-werte.com\/wp-content\/uploads\/2026\/04\/Luneau-Papin-Gula-Ana-2020-750ml.png","width":316,"height":1200,"caption":"Luneau-Papin Gula-Ana AOP 2020 750ml"},{"@type":"BreadcrumbList","@id":"https:\/\/wein-werte.com\/de\/produkt\/luneau-papin-gula-ana-2020-750ml\/#breadcrumb","itemListElement":[{"@type":"ListItem","position":1,"name":"Home","item":"https:\/\/wein-werte.com\/de\/"},{"@type":"ListItem","position":2,"name":"Shop","item":"https:\/\/wein-werte.com\/de\/shop\/"},{"@type":"ListItem","position":3,"name":"Luneau-Papin | Loire | Gula-Ana AOP | 2020 | 750ml | bio"}]},{"@type":"WebSite","@id":"https:\/\/wein-werte.com\/de\/#website","url":"https:\/\/wein-werte.com\/de\/","name":"Wein Werte","description":"","publisher":{"@id":"https:\/\/wein-werte.com\/de\/#organization"},"potentialAction":[{"@type":"SearchAction","target":{"@type":"EntryPoint","urlTemplate":"https:\/\/wein-werte.com\/de\/?s={search_term_string}"},"query-input":{"@type":"PropertyValueSpecification","valueRequired":true,"valueName":"search_term_string"}}],"inLanguage":"de"},{"@type":"Organization","@id":"https:\/\/wein-werte.com\/de\/#organization","name":"Vins Fins Thorrold","url":"https:\/\/wein-werte.com\/de\/","logo":{"@type":"ImageObject","inLanguage":"de","@id":"https:\/\/wein-werte.com\/de\/#\/schema\/logo\/image\/","url":"https:\/\/wein-werte.com\/wp-content\/uploads\/2023\/07\/Wein_werte_Logo700-1.png","contentUrl":"https:\/\/wein-werte.com\/wp-content\/uploads\/2023\/07\/Wein_werte_Logo700-1.png","width":700,"height":272,"caption":"Vins Fins Thorrold"},"image":{"@id":"https:\/\/wein-werte.com\/de\/#\/schema\/logo\/image\/"}}]}},"_links":{"self":[{"href":"https:\/\/wein-werte.com\/de\/wp-json\/wp\/v2\/product\/1135846","targetHints":{"allow":["GET"]}}],"collection":[{"href":"https:\/\/wein-werte.com\/de\/wp-json\/wp\/v2\/product"}],"about":[{"href":"https:\/\/wein-werte.com\/de\/wp-json\/wp\/v2\/types\/product"}],"wp:featuredmedia":[{"embeddable":true,"href":"https:\/\/wein-werte.com\/de\/wp-json\/wp\/v2\/media\/1145718"}],"wp:attachment":[{"href":"https:\/\/wein-werte.com\/de\/wp-json\/wp\/v2\/media?parent=1135846"}],"wp:term":[{"taxonomy":"product_brand","embeddable":true,"href":"https:\/\/wein-werte.com\/de\/wp-json\/wp\/v2\/product_brand?post=1135846"},{"taxonomy":"product_cat","embeddable":true,"href":"https:\/\/wein-werte.com\/de\/wp-json\/wp\/v2\/product_cat?post=1135846"},{"taxonomy":"product_tag","embeddable":true,"href":"https:\/\/wein-werte.com\/de\/wp-json\/wp\/v2\/product_tag?post=1135846"}],"curies":[{"name":"wp","href":"https:\/\/api.w.org\/{rel}","templated":true}]}}