{"id":1135843,"date":"2026-05-08T20:09:34","date_gmt":"2026-05-08T18:09:34","guid":{"rendered":"https:\/\/wein-werte.com\/product\/luneau-papin-terre-de-pierre-2020-1500ml\/"},"modified":"2026-04-27T12:05:34","modified_gmt":"2026-04-27T10:05:34","slug":"luneau-papin-terre-de-pierre-2020-1500ml","status":"publish","type":"product","link":"https:\/\/wein-werte.com\/de\/produkt\/luneau-papin-terre-de-pierre-2020-1500ml\/","title":{"rendered":"Luneau-Papin | Loire | Terre de Pierre AOP | 2020 | 1500ml | bio"},"content":{"rendered":"<p>Produktbeschreibung f\u00fcr Luneau-Papin Terre de Pierre AOP 2020 (bio) <\/p>\n<h5>Farbe<\/h5>\n<p> Leuchtend helles Strohgelb, leicht gr\u00fcne Reflexe <\/p>\n<h5>Nase<\/h5>\n<p> Die Nase des 2020 Terre de Pierre mutet steinig und floral an. Er weist reichlich Noten von nassen Steinen sowie ein wenig Feuerstein auf. Wei\u00dfe Bl\u00fcten verleihen dazu bindenden, zarte Elemente. Akazie, Apfel- sowie Mandelbl\u00fcte. Gehackte Mandeln und ein Hauch Mandelzopf kommen mir direkt im Anschluss in den Sinn. Pfirsich, Litschi sowie Ananas und Mirabelle kommen zur\u00fcckhaltend zur Geltung, aber die zarte Frucht passt wunderbar zu diesem zur\u00fcckhaltenden Wein. Wiesenblumen und etwas Heu sowie M\u00fcrbeteig runden ihn ab. <\/p>\n<h5>Gaumen<\/h5>\n<p> Im Antrunk wirkt er dann, wie zu erwarten, k\u00fchl und klar. \u00c4hnlich eines Gebirgsbaches flie\u00dft er rein und zielstrebig voran. Steinig, mineralisch und pr\u00e4zise. Dabei weist er salzige Geschmacksbilder auf und lebt von einer feinen S\u00e4urestruktur. 2020 Terre de Pierre folgt absolut einem roten Faden. Die Frucht kommt nur sehr zart zur Geltung. Er profitiert von der Haptik, dem Mundgef\u00fchl und seinem glasklaren Ausdruck. Ein Wein mit viel Platz f\u00fcr seine Speisenbegleiter.<\/p>\n<p>Copyright Vinaturel 2025<\/p>\n<p>Keywords: <a href=\"https:\/\/wein-werte.com\/de\/shop\/?swoof=1&#038;pa_producer=Luneau-Papin\">Luneau-Papin<\/a> <a href=\"https:\/\/wein-werte.com\/de\/shop\/?swoof=1&#038;woof_text=Terre de Pierre AOP\">Terre de Pierre AOP<\/a> 2020 bio <a href=\"https:\/\/wein-werte.com\/de\/shop\/?swoof=1&#038;pa_region=Loire\">Loire<\/a> <a href=\"https:\/\/wein-werte.com\/de\/shop\/?swoof=1&#038;pa_country=Frankreich\">Frankreich<\/a><\/p>\n<h3>Wine Advocate<\/h3>\n<p>Punkte: 91<\/p>\n<p>Der Terre de Pierre 2020 wurde aus Reben in magmatischen Lehmb\u00f6den gekeltert. Er entfaltet Aromen von Akazie, Honig, Rauch, Birne und wei\u00dfen Fr\u00fcchten. Er ist mittelgewichtig, hat eine dichte, fleischige Textur und einen salzigen, mineralischen Abgang, trotz kalkhaltigem Griff und einem strengen Gaumen. Geben Sie ihm etwas Zeit, seine Reife zu verdauen, und er wird hervorragend schmecken.<br \/>Yohan Castaing<\/p>\n<h3>Vinous<\/h3>\n<p>Punkte: 92<\/p>\n<p>Der Terre de Pierre 2020 ist zun\u00e4chst verf\u00fchrerisch und w\u00fcrzig mit jugendlichen Apfelmusaromen und einem zarten, hefigen Charakter. Er ist sehr konzentriert, verstr\u00f6mt aber gleichzeitig eine angenehme Leichtigkeit und fruchtige Reinheit. Im Abgang pr\u00e4sentiert er sich mit einer feinen Textur und einem pr\u00e4zisen, spannungsgeladenen Finale. \u2013 Rebecca Gibb MW<br \/>Trinkzeitraum: 2021\u20132030<br \/>Testdatum: November 2021<\/p>\n<p>Internetseite des Weinguts: <a href=\"https:\/\/www.domaineluneaupapin.com\/en\/\" target=\"_blank\">https:\/\/www.domaineluneaupapin.com\/en\/<\/a><\/p>\n","protected":false},"excerpt":{"rendered":"<p>Lieferzeit: 1 bis 2 Arbeitstage (DE), 2 bis 5 Arbeitstage (EU and CH)<\/p>\n","protected":false},"featured_media":1145716,"template":"","meta":[],"product_brand":[],"product_cat":[19],"product_tag":[],"class_list":{"0":"post-1135843","1":"product","2":"type-product","3":"status-publish","4":"has-post-thumbnail","6":"product_cat-unkategorisiert","7":"pa_alcohol-for-filter-12-5","8":"pa_certified-biodynamic-ja-de","9":"pa_certified-organic-ja-de","10":"pa_colour-weiss","11":"pa_country-frankreich","12":"pa_grape-melon-de-bourgogne","13":"pa_parker-points-for-filter-91-de-2","14":"pa_price-for-filter-10589","15":"pa_producer-luneau-papin","16":"pa_region-loire","17":"pa_size-ml-6657","18":"pa_sweetness-trocken-de","19":"pa_type-2-still-de","20":"pa_vinous-points-for-filter-20029","21":"pa_vintage-2020-de","22":"entry","23":"has-media","25":"first","26":"instock","27":"taxable","28":"shipping-taxable","29":"purchasable","30":"product-type-simple"},"yoast_head":"<!-- This site is optimized with the Yoast SEO plugin v27.5 - https:\/\/yoast.com\/product\/yoast-seo-wordpress\/ -->\n<title>Luneau-Papin Terre de Pierre 2020, 1500ml<\/title>\n<meta name=\"description\" content=\"Kaufe Luneau-Papin Terre de Pierre 2020 (Melon de Bourgogne, trocken aus Loire, Frankreich) bei Wein Werte, Ihrem nachhaltigen Onlineshop.\" \/>\n<meta name=\"robots\" content=\"index, follow, max-snippet:-1, max-image-preview:large, max-video-preview:-1\" \/>\n<link rel=\"canonical\" href=\"https:\/\/wein-werte.com\/de\/produkt\/luneau-papin-terre-de-pierre-2020-1500ml\/\" \/>\n<meta property=\"og:locale\" content=\"de_DE\" \/>\n<meta property=\"og:type\" content=\"article\" \/>\n<meta property=\"og:title\" content=\"Luneau-Papin Terre de Pierre 2020, 1500ml\" \/>\n<meta property=\"og:description\" content=\"Kaufe Luneau-Papin Terre de Pierre 2020 (Melon de Bourgogne, trocken aus Loire, Frankreich) bei Wein Werte, Ihrem nachhaltigen Onlineshop.\" \/>\n<meta property=\"og:url\" content=\"https:\/\/wein-werte.com\/de\/produkt\/luneau-papin-terre-de-pierre-2020-1500ml\/\" \/>\n<meta property=\"og:site_name\" content=\"Wein Werte\" \/>\n<meta property=\"og:image\" content=\"https:\/\/wein-werte.com\/wp-content\/uploads\/2026\/04\/Luneau-Papin-Terre-de-Pierre-2020-1500ml.png\" \/>\n\t<meta property=\"og:image:width\" content=\"347\" \/>\n\t<meta property=\"og:image:height\" content=\"1200\" \/>\n\t<meta property=\"og:image:type\" content=\"image\/png\" \/>\n<meta name=\"twitter:card\" content=\"summary_large_image\" \/>\n<meta name=\"twitter:label1\" content=\"Gesch\u00e4tzte Lesezeit\" \/>\n\t<meta name=\"twitter:data1\" content=\"2\u00a0Minuten\" \/>\n<script type=\"application\/ld+json\" class=\"yoast-schema-graph\">{\"@context\":\"https:\\\/\\\/schema.org\",\"@graph\":[{\"@type\":\"WebPage\",\"@id\":\"https:\\\/\\\/wein-werte.com\\\/de\\\/produkt\\\/luneau-papin-terre-de-pierre-2020-1500ml\\\/\",\"url\":\"https:\\\/\\\/wein-werte.com\\\/de\\\/produkt\\\/luneau-papin-terre-de-pierre-2020-1500ml\\\/\",\"name\":\"Luneau-Papin Terre de Pierre 2020, 1500ml\",\"isPartOf\":{\"@id\":\"https:\\\/\\\/wein-werte.com\\\/de\\\/#website\"},\"primaryImageOfPage\":{\"@id\":\"https:\\\/\\\/wein-werte.com\\\/de\\\/produkt\\\/luneau-papin-terre-de-pierre-2020-1500ml\\\/#primaryimage\"},\"image\":{\"@id\":\"https:\\\/\\\/wein-werte.com\\\/de\\\/produkt\\\/luneau-papin-terre-de-pierre-2020-1500ml\\\/#primaryimage\"},\"thumbnailUrl\":\"https:\\\/\\\/wein-werte.com\\\/wp-content\\\/uploads\\\/2026\\\/04\\\/Luneau-Papin-Terre-de-Pierre-2020-1500ml.png\",\"datePublished\":\"2026-05-08T18:09:34+00:00\",\"description\":\"Kaufe Luneau-Papin Terre de Pierre 2020 (Melon de Bourgogne, trocken aus Loire, Frankreich) bei Wein Werte, Ihrem nachhaltigen Onlineshop.\",\"breadcrumb\":{\"@id\":\"https:\\\/\\\/wein-werte.com\\\/de\\\/produkt\\\/luneau-papin-terre-de-pierre-2020-1500ml\\\/#breadcrumb\"},\"inLanguage\":\"de\",\"potentialAction\":[{\"@type\":\"ReadAction\",\"target\":[\"https:\\\/\\\/wein-werte.com\\\/de\\\/produkt\\\/luneau-papin-terre-de-pierre-2020-1500ml\\\/\"]}]},{\"@type\":\"ImageObject\",\"inLanguage\":\"de\",\"@id\":\"https:\\\/\\\/wein-werte.com\\\/de\\\/produkt\\\/luneau-papin-terre-de-pierre-2020-1500ml\\\/#primaryimage\",\"url\":\"https:\\\/\\\/wein-werte.com\\\/wp-content\\\/uploads\\\/2026\\\/04\\\/Luneau-Papin-Terre-de-Pierre-2020-1500ml.png\",\"contentUrl\":\"https:\\\/\\\/wein-werte.com\\\/wp-content\\\/uploads\\\/2026\\\/04\\\/Luneau-Papin-Terre-de-Pierre-2020-1500ml.png\",\"width\":347,\"height\":1200,\"caption\":\"Luneau-Papin Terre de Pierre AOP 2020 1500ml\"},{\"@type\":\"BreadcrumbList\",\"@id\":\"https:\\\/\\\/wein-werte.com\\\/de\\\/produkt\\\/luneau-papin-terre-de-pierre-2020-1500ml\\\/#breadcrumb\",\"itemListElement\":[{\"@type\":\"ListItem\",\"position\":1,\"name\":\"Home\",\"item\":\"https:\\\/\\\/wein-werte.com\\\/de\\\/\"},{\"@type\":\"ListItem\",\"position\":2,\"name\":\"Shop\",\"item\":\"https:\\\/\\\/wein-werte.com\\\/de\\\/shop\\\/\"},{\"@type\":\"ListItem\",\"position\":3,\"name\":\"Luneau-Papin | Loire | Terre de Pierre AOP | 2020 | 1500ml | bio\"}]},{\"@type\":\"WebSite\",\"@id\":\"https:\\\/\\\/wein-werte.com\\\/de\\\/#website\",\"url\":\"https:\\\/\\\/wein-werte.com\\\/de\\\/\",\"name\":\"Wein Werte\",\"description\":\"\",\"publisher\":{\"@id\":\"https:\\\/\\\/wein-werte.com\\\/de\\\/#organization\"},\"potentialAction\":[{\"@type\":\"SearchAction\",\"target\":{\"@type\":\"EntryPoint\",\"urlTemplate\":\"https:\\\/\\\/wein-werte.com\\\/de\\\/?s={search_term_string}\"},\"query-input\":{\"@type\":\"PropertyValueSpecification\",\"valueRequired\":true,\"valueName\":\"search_term_string\"}}],\"inLanguage\":\"de\"},{\"@type\":\"Organization\",\"@id\":\"https:\\\/\\\/wein-werte.com\\\/de\\\/#organization\",\"name\":\"Vins Fins Thorrold\",\"url\":\"https:\\\/\\\/wein-werte.com\\\/de\\\/\",\"logo\":{\"@type\":\"ImageObject\",\"inLanguage\":\"de\",\"@id\":\"https:\\\/\\\/wein-werte.com\\\/de\\\/#\\\/schema\\\/logo\\\/image\\\/\",\"url\":\"https:\\\/\\\/wein-werte.com\\\/wp-content\\\/uploads\\\/2023\\\/07\\\/Wein_werte_Logo700-1.png\",\"contentUrl\":\"https:\\\/\\\/wein-werte.com\\\/wp-content\\\/uploads\\\/2023\\\/07\\\/Wein_werte_Logo700-1.png\",\"width\":700,\"height\":272,\"caption\":\"Vins Fins Thorrold\"},\"image\":{\"@id\":\"https:\\\/\\\/wein-werte.com\\\/de\\\/#\\\/schema\\\/logo\\\/image\\\/\"}}]}<\/script>\n<!-- \/ Yoast SEO plugin. -->","yoast_head_json":{"title":"Luneau-Papin Terre de Pierre 2020, 1500ml","description":"Kaufe Luneau-Papin Terre de Pierre 2020 (Melon de Bourgogne, trocken aus Loire, Frankreich) bei Wein Werte, Ihrem nachhaltigen Onlineshop.","robots":{"index":"index","follow":"follow","max-snippet":"max-snippet:-1","max-image-preview":"max-image-preview:large","max-video-preview":"max-video-preview:-1"},"canonical":"https:\/\/wein-werte.com\/de\/produkt\/luneau-papin-terre-de-pierre-2020-1500ml\/","og_locale":"de_DE","og_type":"article","og_title":"Luneau-Papin Terre de Pierre 2020, 1500ml","og_description":"Kaufe Luneau-Papin Terre de Pierre 2020 (Melon de Bourgogne, trocken aus Loire, Frankreich) bei Wein Werte, Ihrem nachhaltigen Onlineshop.","og_url":"https:\/\/wein-werte.com\/de\/produkt\/luneau-papin-terre-de-pierre-2020-1500ml\/","og_site_name":"Wein Werte","og_image":[{"width":347,"height":1200,"url":"https:\/\/wein-werte.com\/wp-content\/uploads\/2026\/04\/Luneau-Papin-Terre-de-Pierre-2020-1500ml.png","type":"image\/png"}],"twitter_card":"summary_large_image","twitter_misc":{"Gesch\u00e4tzte Lesezeit":"2\u00a0Minuten"},"schema":{"@context":"https:\/\/schema.org","@graph":[{"@type":"WebPage","@id":"https:\/\/wein-werte.com\/de\/produkt\/luneau-papin-terre-de-pierre-2020-1500ml\/","url":"https:\/\/wein-werte.com\/de\/produkt\/luneau-papin-terre-de-pierre-2020-1500ml\/","name":"Luneau-Papin Terre de Pierre 2020, 1500ml","isPartOf":{"@id":"https:\/\/wein-werte.com\/de\/#website"},"primaryImageOfPage":{"@id":"https:\/\/wein-werte.com\/de\/produkt\/luneau-papin-terre-de-pierre-2020-1500ml\/#primaryimage"},"image":{"@id":"https:\/\/wein-werte.com\/de\/produkt\/luneau-papin-terre-de-pierre-2020-1500ml\/#primaryimage"},"thumbnailUrl":"https:\/\/wein-werte.com\/wp-content\/uploads\/2026\/04\/Luneau-Papin-Terre-de-Pierre-2020-1500ml.png","datePublished":"2026-05-08T18:09:34+00:00","description":"Kaufe Luneau-Papin Terre de Pierre 2020 (Melon de Bourgogne, trocken aus Loire, Frankreich) bei Wein Werte, Ihrem nachhaltigen Onlineshop.","breadcrumb":{"@id":"https:\/\/wein-werte.com\/de\/produkt\/luneau-papin-terre-de-pierre-2020-1500ml\/#breadcrumb"},"inLanguage":"de","potentialAction":[{"@type":"ReadAction","target":["https:\/\/wein-werte.com\/de\/produkt\/luneau-papin-terre-de-pierre-2020-1500ml\/"]}]},{"@type":"ImageObject","inLanguage":"de","@id":"https:\/\/wein-werte.com\/de\/produkt\/luneau-papin-terre-de-pierre-2020-1500ml\/#primaryimage","url":"https:\/\/wein-werte.com\/wp-content\/uploads\/2026\/04\/Luneau-Papin-Terre-de-Pierre-2020-1500ml.png","contentUrl":"https:\/\/wein-werte.com\/wp-content\/uploads\/2026\/04\/Luneau-Papin-Terre-de-Pierre-2020-1500ml.png","width":347,"height":1200,"caption":"Luneau-Papin Terre de Pierre AOP 2020 1500ml"},{"@type":"BreadcrumbList","@id":"https:\/\/wein-werte.com\/de\/produkt\/luneau-papin-terre-de-pierre-2020-1500ml\/#breadcrumb","itemListElement":[{"@type":"ListItem","position":1,"name":"Home","item":"https:\/\/wein-werte.com\/de\/"},{"@type":"ListItem","position":2,"name":"Shop","item":"https:\/\/wein-werte.com\/de\/shop\/"},{"@type":"ListItem","position":3,"name":"Luneau-Papin | Loire | Terre de Pierre AOP | 2020 | 1500ml | bio"}]},{"@type":"WebSite","@id":"https:\/\/wein-werte.com\/de\/#website","url":"https:\/\/wein-werte.com\/de\/","name":"Wein Werte","description":"","publisher":{"@id":"https:\/\/wein-werte.com\/de\/#organization"},"potentialAction":[{"@type":"SearchAction","target":{"@type":"EntryPoint","urlTemplate":"https:\/\/wein-werte.com\/de\/?s={search_term_string}"},"query-input":{"@type":"PropertyValueSpecification","valueRequired":true,"valueName":"search_term_string"}}],"inLanguage":"de"},{"@type":"Organization","@id":"https:\/\/wein-werte.com\/de\/#organization","name":"Vins Fins Thorrold","url":"https:\/\/wein-werte.com\/de\/","logo":{"@type":"ImageObject","inLanguage":"de","@id":"https:\/\/wein-werte.com\/de\/#\/schema\/logo\/image\/","url":"https:\/\/wein-werte.com\/wp-content\/uploads\/2023\/07\/Wein_werte_Logo700-1.png","contentUrl":"https:\/\/wein-werte.com\/wp-content\/uploads\/2023\/07\/Wein_werte_Logo700-1.png","width":700,"height":272,"caption":"Vins Fins Thorrold"},"image":{"@id":"https:\/\/wein-werte.com\/de\/#\/schema\/logo\/image\/"}}]}},"_links":{"self":[{"href":"https:\/\/wein-werte.com\/de\/wp-json\/wp\/v2\/product\/1135843","targetHints":{"allow":["GET"]}}],"collection":[{"href":"https:\/\/wein-werte.com\/de\/wp-json\/wp\/v2\/product"}],"about":[{"href":"https:\/\/wein-werte.com\/de\/wp-json\/wp\/v2\/types\/product"}],"wp:featuredmedia":[{"embeddable":true,"href":"https:\/\/wein-werte.com\/de\/wp-json\/wp\/v2\/media\/1145716"}],"wp:attachment":[{"href":"https:\/\/wein-werte.com\/de\/wp-json\/wp\/v2\/media?parent=1135843"}],"wp:term":[{"taxonomy":"product_brand","embeddable":true,"href":"https:\/\/wein-werte.com\/de\/wp-json\/wp\/v2\/product_brand?post=1135843"},{"taxonomy":"product_cat","embeddable":true,"href":"https:\/\/wein-werte.com\/de\/wp-json\/wp\/v2\/product_cat?post=1135843"},{"taxonomy":"product_tag","embeddable":true,"href":"https:\/\/wein-werte.com\/de\/wp-json\/wp\/v2\/product_tag?post=1135843"}],"curies":[{"name":"wp","href":"https:\/\/api.w.org\/{rel}","templated":true}]}}