{"id":1135818,"date":"2026-05-05T18:34:35","date_gmt":"2026-05-05T16:34:35","guid":{"rendered":"https:\/\/wein-werte.com\/product\/huet-le-mont-demi-sec-2023-750ml\/"},"modified":"2026-04-27T12:05:31","modified_gmt":"2026-04-27T10:05:31","slug":"huet-le-mont-demi-sec-2023-750ml","status":"publish","type":"product","link":"https:\/\/wein-werte.com\/de\/produkt\/huet-le-mont-demi-sec-2023-750ml\/","title":{"rendered":"Huet | Loire | Le Mont demi-sec | 2023 | 750ml | bio"},"content":{"rendered":"<p>Produktbeschreibung f\u00fcr Huet Le Mont demi-sec 2023 (bio) <\/p>\n<h5>Informationen zum Wein<\/h5>\n<p> Der Weinberg Le Mont liegt oberhalb der Tuffsteinh\u00f6hlen und \u00f6stlich vom Weingut Huet auf dem ersten Plateau von Vouvray, der sogenannten Premi\u00e8re C\u00f4te, und er ist nach S\u00fcden ausgerichtet. Der Weinberg wurde bereits im 15. Jahrhundert erw\u00e4hnt, und er wird seit dieser Zeit sehr gesch\u00e4tzt. Wie die anderen Weinberge befindet sich Le Mont mit seinen neun Hektar im Alleinbesitz des Weinguts Huet und wurde von Gaston Huet 1957 als letzter der drei Weinberge erworben. Er hat einen mehrere Meter tiefen Oberboden mit einem kieseligen, teils faustgro\u00dfen Feuerstein, der dort Perron genannt wird, und tiefgr\u00fcnen Lehm. Die Basis bildet der \u00fcbliche turonische Tuff-Kalkstein. 2023 sind die Weing\u00e4rten in Vouvray in gro\u00dfem Ma\u00dfe von der drosophila suzukii, der Kirschessigfliege heimgesucht worden. Das erforderte ein rigoroses Qualit\u00e4tsmanagement. Es gibt ja eh schon diverse Leseg\u00e4nge pro Weinberg bei Huet f\u00fcr die einzelnen Varianten des Chenin Blancs. In diesem Jahr musste jede einzelne Beere angeschaut werden und mindestens 25% der Ernte wurden verworfen. Wie \u00fcblich wurden die Trauben innerhalb der vielen Lesedurchg\u00e4nge penibel sortiert, gepresst und spontan vergoren. Eine malolaktische G\u00e4rung erfolgte nur in Ausnahmef\u00e4llen und bei einzelnen F\u00e4ssern. Ausgebaut wurde der Wein in gebrauchten Demi-Muids. Demi-Sec 2023 hei\u00dft bei Huet: zwischen 20 Gramm Rests\u00fc\u00dfe. <\/p>\n<h5>Farbe<\/h5>\n<p> intensives Strohgelb <\/p>\n<h5>Nase<\/h5>\n<p> Der 2023er Le Mont Demi-Sec pr\u00e4sentiert sich in diesem Jahrgang auf wunderbare Weise zart und verf\u00fchrerisch. Er offeriert zwar, wie immer, die dunkelsten Noten, doch hat man gar nicht den Eindruck, dass man auf diesen Wein, so wie meist, noch warten m\u00fcsste \u2013 auch wenn es sich nat\u00fcrlich lohnt, ihn beiseitezulegen. Im Auftakt dominieren Bl\u00fcten und Bl\u00fctenhonig, gelbe \u00c4pfel, Quitten und Wei\u00dfe Johannisbeeren, etwas Karamell und Rauch, dann wieder Minze und Verbene. <\/p>\n<h5>Gaumen<\/h5>\n<p> Die 20 Gramm Restzucker des 2023er Le Mont Demi-Sec nimmt man, wie so oft, kaum wahr. Die Balance aus Rests\u00fc\u00dfe und S\u00e4ure, aus Tiefe und schwebender Leichtigkeit, aus dunkelw\u00fcrzigen Noten und wei\u00dfen Bl\u00fcten ist perfekt. Alles wirkt pr\u00e4zise, hat Spannung und Dichte und wirkt gleichzeitig unbeschwert und spielerisch, fast s\u00fcffig und mundw\u00e4ssernd salzig. Ein gro\u00dfartiger Demi-Sec! <\/p>\n<p>Copyright Vinaturel 2025<\/p>\n<p>Keywords: <a href=\"https:\/\/wein-werte.com\/de\/shop\/?swoof=1&#038;pa_producer=Huet\">Huet<\/a> <a href=\"https:\/\/wein-werte.com\/de\/shop\/?swoof=1&#038;woof_text=Le Mont demi-sec\">Le Mont demi-sec<\/a> 2023 bio <a href=\"https:\/\/wein-werte.com\/de\/shop\/?swoof=1&#038;pa_region=Loire\">Loire<\/a> <a href=\"https:\/\/wein-werte.com\/de\/shop\/?swoof=1&#038;pa_country=Frankreich\">Frankreich<\/a><\/p>\n<h3>Vinous<\/h3>\n<p>Punkte: 94<\/p>\n<p>Der Vouvray Demi-Sec Le Mont 2023 besticht durch seine Rests\u00fc\u00dfe (20 g\/l), die einem Terroir, das von Pr\u00e4zision und Spannung gepr\u00e4gt ist, Zartheit und F\u00fclle verleiht. Der Feuersteinanteil im Boden und die nat\u00fcrliche Frische des Jahrgangs 2023 sorgen f\u00fcr Nachhaltigkeit und Dynamik. Pur und zart, mit einem unverwechselbaren, k\u00fchlenden Geschmack nach gr\u00fcner Minze im langen Abgang. \u2013 Rebecca Gibb MW<br \/>Trinkfenster: 2024\u20132038<br \/>Testdatum: Juli 2024<\/p>\n<p>Internetseite des Weinguts: <a href=\"https:\/\/www.domainehuet.com\/\" target=\"_blank\">https:\/\/www.domainehuet.com\/<\/a><\/p>\n","protected":false},"excerpt":{"rendered":"<p>Lieferzeit: 1 bis 2 Arbeitstage (DE), 2 bis 5 Arbeitstage (EU and CH)<\/p>\n","protected":false},"featured_media":1145696,"template":"","meta":[],"product_brand":[],"product_cat":[19],"product_tag":[],"class_list":{"0":"post-1135818","1":"product","2":"type-product","3":"status-publish","4":"has-post-thumbnail","6":"product_cat-unkategorisiert","7":"pa_alcohol-for-filter-12897","8":"pa_certified-biodynamic-ja-de","9":"pa_certified-organic-ja-de","10":"pa_colour-weiss","11":"pa_country-frankreich","12":"pa_grape-chenin-blanc","13":"pa_price-for-filter-10628","14":"pa_producer-huet","15":"pa_region-loire","16":"pa_size-ml-6584","17":"pa_sweetness-halbtrocken","18":"pa_type-2-still-de","19":"pa_vinous-points-for-filter-20033","20":"pa_vintage-2023-de","21":"entry","22":"has-media","24":"first","25":"instock","26":"taxable","27":"shipping-taxable","28":"purchasable","29":"product-type-simple"},"yoast_head":"<!-- This site is optimized with the Yoast SEO plugin v27.5 - https:\/\/yoast.com\/product\/yoast-seo-wordpress\/ -->\n<title>Huet Le Mont demi-sec 2023<\/title>\n<meta name=\"description\" content=\"Kaufe Huet Le Mont demi-sec 2023 (Chenin Blanc, halbtrocken aus Loire, Frankreich) bei Wein Werte, Ihrem nachhaltigen Onlineshop.\" \/>\n<meta name=\"robots\" content=\"index, follow, max-snippet:-1, max-image-preview:large, max-video-preview:-1\" \/>\n<link rel=\"canonical\" href=\"https:\/\/wein-werte.com\/de\/produkt\/huet-le-mont-demi-sec-2023-750ml\/\" \/>\n<meta property=\"og:locale\" content=\"de_DE\" \/>\n<meta property=\"og:type\" content=\"article\" \/>\n<meta property=\"og:title\" content=\"Huet Le Mont demi-sec 2023\" \/>\n<meta property=\"og:description\" content=\"Kaufe Huet Le Mont demi-sec 2023 (Chenin Blanc, halbtrocken aus Loire, Frankreich) bei Wein Werte, Ihrem nachhaltigen Onlineshop.\" \/>\n<meta property=\"og:url\" content=\"https:\/\/wein-werte.com\/de\/produkt\/huet-le-mont-demi-sec-2023-750ml\/\" \/>\n<meta property=\"og:site_name\" content=\"Wein Werte\" \/>\n<meta property=\"og:image\" content=\"https:\/\/wein-werte.com\/wp-content\/uploads\/2026\/04\/Huet-Le-Mont-demi-sec-2023-750ml.png\" \/>\n\t<meta property=\"og:image:width\" content=\"347\" \/>\n\t<meta property=\"og:image:height\" content=\"1200\" \/>\n\t<meta property=\"og:image:type\" content=\"image\/png\" \/>\n<meta name=\"twitter:card\" content=\"summary_large_image\" \/>\n<meta name=\"twitter:label1\" content=\"Gesch\u00e4tzte Lesezeit\" \/>\n\t<meta name=\"twitter:data1\" content=\"2\u00a0Minuten\" \/>\n<script type=\"application\/ld+json\" class=\"yoast-schema-graph\">{\"@context\":\"https:\\\/\\\/schema.org\",\"@graph\":[{\"@type\":\"WebPage\",\"@id\":\"https:\\\/\\\/wein-werte.com\\\/de\\\/produkt\\\/huet-le-mont-demi-sec-2023-750ml\\\/\",\"url\":\"https:\\\/\\\/wein-werte.com\\\/de\\\/produkt\\\/huet-le-mont-demi-sec-2023-750ml\\\/\",\"name\":\"Huet Le Mont demi-sec 2023\",\"isPartOf\":{\"@id\":\"https:\\\/\\\/wein-werte.com\\\/de\\\/#website\"},\"primaryImageOfPage\":{\"@id\":\"https:\\\/\\\/wein-werte.com\\\/de\\\/produkt\\\/huet-le-mont-demi-sec-2023-750ml\\\/#primaryimage\"},\"image\":{\"@id\":\"https:\\\/\\\/wein-werte.com\\\/de\\\/produkt\\\/huet-le-mont-demi-sec-2023-750ml\\\/#primaryimage\"},\"thumbnailUrl\":\"https:\\\/\\\/wein-werte.com\\\/wp-content\\\/uploads\\\/2026\\\/04\\\/Huet-Le-Mont-demi-sec-2023-750ml.png\",\"datePublished\":\"2026-05-05T16:34:35+00:00\",\"description\":\"Kaufe Huet Le Mont demi-sec 2023 (Chenin Blanc, halbtrocken aus Loire, Frankreich) bei Wein Werte, Ihrem nachhaltigen Onlineshop.\",\"breadcrumb\":{\"@id\":\"https:\\\/\\\/wein-werte.com\\\/de\\\/produkt\\\/huet-le-mont-demi-sec-2023-750ml\\\/#breadcrumb\"},\"inLanguage\":\"de\",\"potentialAction\":[{\"@type\":\"ReadAction\",\"target\":[\"https:\\\/\\\/wein-werte.com\\\/de\\\/produkt\\\/huet-le-mont-demi-sec-2023-750ml\\\/\"]}]},{\"@type\":\"ImageObject\",\"inLanguage\":\"de\",\"@id\":\"https:\\\/\\\/wein-werte.com\\\/de\\\/produkt\\\/huet-le-mont-demi-sec-2023-750ml\\\/#primaryimage\",\"url\":\"https:\\\/\\\/wein-werte.com\\\/wp-content\\\/uploads\\\/2026\\\/04\\\/Huet-Le-Mont-demi-sec-2023-750ml.png\",\"contentUrl\":\"https:\\\/\\\/wein-werte.com\\\/wp-content\\\/uploads\\\/2026\\\/04\\\/Huet-Le-Mont-demi-sec-2023-750ml.png\",\"width\":347,\"height\":1200,\"caption\":\"Huet Le Mont demi-sec 2023 750ml\"},{\"@type\":\"BreadcrumbList\",\"@id\":\"https:\\\/\\\/wein-werte.com\\\/de\\\/produkt\\\/huet-le-mont-demi-sec-2023-750ml\\\/#breadcrumb\",\"itemListElement\":[{\"@type\":\"ListItem\",\"position\":1,\"name\":\"Home\",\"item\":\"https:\\\/\\\/wein-werte.com\\\/de\\\/\"},{\"@type\":\"ListItem\",\"position\":2,\"name\":\"Shop\",\"item\":\"https:\\\/\\\/wein-werte.com\\\/de\\\/shop\\\/\"},{\"@type\":\"ListItem\",\"position\":3,\"name\":\"Huet | Loire | Le Mont demi-sec | 2023 | 750ml | bio\"}]},{\"@type\":\"WebSite\",\"@id\":\"https:\\\/\\\/wein-werte.com\\\/de\\\/#website\",\"url\":\"https:\\\/\\\/wein-werte.com\\\/de\\\/\",\"name\":\"Wein Werte\",\"description\":\"\",\"publisher\":{\"@id\":\"https:\\\/\\\/wein-werte.com\\\/de\\\/#organization\"},\"potentialAction\":[{\"@type\":\"SearchAction\",\"target\":{\"@type\":\"EntryPoint\",\"urlTemplate\":\"https:\\\/\\\/wein-werte.com\\\/de\\\/?s={search_term_string}\"},\"query-input\":{\"@type\":\"PropertyValueSpecification\",\"valueRequired\":true,\"valueName\":\"search_term_string\"}}],\"inLanguage\":\"de\"},{\"@type\":\"Organization\",\"@id\":\"https:\\\/\\\/wein-werte.com\\\/de\\\/#organization\",\"name\":\"Vins Fins Thorrold\",\"url\":\"https:\\\/\\\/wein-werte.com\\\/de\\\/\",\"logo\":{\"@type\":\"ImageObject\",\"inLanguage\":\"de\",\"@id\":\"https:\\\/\\\/wein-werte.com\\\/de\\\/#\\\/schema\\\/logo\\\/image\\\/\",\"url\":\"https:\\\/\\\/wein-werte.com\\\/wp-content\\\/uploads\\\/2023\\\/07\\\/Wein_werte_Logo700-1.png\",\"contentUrl\":\"https:\\\/\\\/wein-werte.com\\\/wp-content\\\/uploads\\\/2023\\\/07\\\/Wein_werte_Logo700-1.png\",\"width\":700,\"height\":272,\"caption\":\"Vins Fins Thorrold\"},\"image\":{\"@id\":\"https:\\\/\\\/wein-werte.com\\\/de\\\/#\\\/schema\\\/logo\\\/image\\\/\"}}]}<\/script>\n<!-- \/ Yoast SEO plugin. -->","yoast_head_json":{"title":"Huet Le Mont demi-sec 2023","description":"Kaufe Huet Le Mont demi-sec 2023 (Chenin Blanc, halbtrocken aus Loire, Frankreich) bei Wein Werte, Ihrem nachhaltigen Onlineshop.","robots":{"index":"index","follow":"follow","max-snippet":"max-snippet:-1","max-image-preview":"max-image-preview:large","max-video-preview":"max-video-preview:-1"},"canonical":"https:\/\/wein-werte.com\/de\/produkt\/huet-le-mont-demi-sec-2023-750ml\/","og_locale":"de_DE","og_type":"article","og_title":"Huet Le Mont demi-sec 2023","og_description":"Kaufe Huet Le Mont demi-sec 2023 (Chenin Blanc, halbtrocken aus Loire, Frankreich) bei Wein Werte, Ihrem nachhaltigen Onlineshop.","og_url":"https:\/\/wein-werte.com\/de\/produkt\/huet-le-mont-demi-sec-2023-750ml\/","og_site_name":"Wein Werte","og_image":[{"width":347,"height":1200,"url":"https:\/\/wein-werte.com\/wp-content\/uploads\/2026\/04\/Huet-Le-Mont-demi-sec-2023-750ml.png","type":"image\/png"}],"twitter_card":"summary_large_image","twitter_misc":{"Gesch\u00e4tzte Lesezeit":"2\u00a0Minuten"},"schema":{"@context":"https:\/\/schema.org","@graph":[{"@type":"WebPage","@id":"https:\/\/wein-werte.com\/de\/produkt\/huet-le-mont-demi-sec-2023-750ml\/","url":"https:\/\/wein-werte.com\/de\/produkt\/huet-le-mont-demi-sec-2023-750ml\/","name":"Huet Le Mont demi-sec 2023","isPartOf":{"@id":"https:\/\/wein-werte.com\/de\/#website"},"primaryImageOfPage":{"@id":"https:\/\/wein-werte.com\/de\/produkt\/huet-le-mont-demi-sec-2023-750ml\/#primaryimage"},"image":{"@id":"https:\/\/wein-werte.com\/de\/produkt\/huet-le-mont-demi-sec-2023-750ml\/#primaryimage"},"thumbnailUrl":"https:\/\/wein-werte.com\/wp-content\/uploads\/2026\/04\/Huet-Le-Mont-demi-sec-2023-750ml.png","datePublished":"2026-05-05T16:34:35+00:00","description":"Kaufe Huet Le Mont demi-sec 2023 (Chenin Blanc, halbtrocken aus Loire, Frankreich) bei Wein Werte, Ihrem nachhaltigen Onlineshop.","breadcrumb":{"@id":"https:\/\/wein-werte.com\/de\/produkt\/huet-le-mont-demi-sec-2023-750ml\/#breadcrumb"},"inLanguage":"de","potentialAction":[{"@type":"ReadAction","target":["https:\/\/wein-werte.com\/de\/produkt\/huet-le-mont-demi-sec-2023-750ml\/"]}]},{"@type":"ImageObject","inLanguage":"de","@id":"https:\/\/wein-werte.com\/de\/produkt\/huet-le-mont-demi-sec-2023-750ml\/#primaryimage","url":"https:\/\/wein-werte.com\/wp-content\/uploads\/2026\/04\/Huet-Le-Mont-demi-sec-2023-750ml.png","contentUrl":"https:\/\/wein-werte.com\/wp-content\/uploads\/2026\/04\/Huet-Le-Mont-demi-sec-2023-750ml.png","width":347,"height":1200,"caption":"Huet Le Mont demi-sec 2023 750ml"},{"@type":"BreadcrumbList","@id":"https:\/\/wein-werte.com\/de\/produkt\/huet-le-mont-demi-sec-2023-750ml\/#breadcrumb","itemListElement":[{"@type":"ListItem","position":1,"name":"Home","item":"https:\/\/wein-werte.com\/de\/"},{"@type":"ListItem","position":2,"name":"Shop","item":"https:\/\/wein-werte.com\/de\/shop\/"},{"@type":"ListItem","position":3,"name":"Huet | Loire | Le Mont demi-sec | 2023 | 750ml | bio"}]},{"@type":"WebSite","@id":"https:\/\/wein-werte.com\/de\/#website","url":"https:\/\/wein-werte.com\/de\/","name":"Wein Werte","description":"","publisher":{"@id":"https:\/\/wein-werte.com\/de\/#organization"},"potentialAction":[{"@type":"SearchAction","target":{"@type":"EntryPoint","urlTemplate":"https:\/\/wein-werte.com\/de\/?s={search_term_string}"},"query-input":{"@type":"PropertyValueSpecification","valueRequired":true,"valueName":"search_term_string"}}],"inLanguage":"de"},{"@type":"Organization","@id":"https:\/\/wein-werte.com\/de\/#organization","name":"Vins Fins Thorrold","url":"https:\/\/wein-werte.com\/de\/","logo":{"@type":"ImageObject","inLanguage":"de","@id":"https:\/\/wein-werte.com\/de\/#\/schema\/logo\/image\/","url":"https:\/\/wein-werte.com\/wp-content\/uploads\/2023\/07\/Wein_werte_Logo700-1.png","contentUrl":"https:\/\/wein-werte.com\/wp-content\/uploads\/2023\/07\/Wein_werte_Logo700-1.png","width":700,"height":272,"caption":"Vins Fins Thorrold"},"image":{"@id":"https:\/\/wein-werte.com\/de\/#\/schema\/logo\/image\/"}}]}},"_links":{"self":[{"href":"https:\/\/wein-werte.com\/de\/wp-json\/wp\/v2\/product\/1135818","targetHints":{"allow":["GET"]}}],"collection":[{"href":"https:\/\/wein-werte.com\/de\/wp-json\/wp\/v2\/product"}],"about":[{"href":"https:\/\/wein-werte.com\/de\/wp-json\/wp\/v2\/types\/product"}],"wp:featuredmedia":[{"embeddable":true,"href":"https:\/\/wein-werte.com\/de\/wp-json\/wp\/v2\/media\/1145696"}],"wp:attachment":[{"href":"https:\/\/wein-werte.com\/de\/wp-json\/wp\/v2\/media?parent=1135818"}],"wp:term":[{"taxonomy":"product_brand","embeddable":true,"href":"https:\/\/wein-werte.com\/de\/wp-json\/wp\/v2\/product_brand?post=1135818"},{"taxonomy":"product_cat","embeddable":true,"href":"https:\/\/wein-werte.com\/de\/wp-json\/wp\/v2\/product_cat?post=1135818"},{"taxonomy":"product_tag","embeddable":true,"href":"https:\/\/wein-werte.com\/de\/wp-json\/wp\/v2\/product_tag?post=1135818"}],"curies":[{"name":"wp","href":"https:\/\/api.w.org\/{rel}","templated":true}]}}