{"id":1135808,"date":"2026-05-05T18:34:34","date_gmt":"2026-05-05T16:34:34","guid":{"rendered":"https:\/\/wein-werte.com\/product\/huet-clos-du-bourg-sec-2023-750ml\/"},"modified":"2026-04-27T12:05:30","modified_gmt":"2026-04-27T10:05:30","slug":"huet-clos-du-bourg-sec-2023-750ml","status":"publish","type":"product","link":"https:\/\/wein-werte.com\/de\/produkt\/huet-clos-du-bourg-sec-2023-750ml\/","title":{"rendered":"Huet | Loire | Clos du Bourg sec | 2023 | 750ml | bio"},"content":{"rendered":"<p>Produktbeschreibung f\u00fcr Huet Clos du Bourg sec 2023 (bio) <\/p>\n<h5>Informationen zum Wein<\/h5>\n<p> Der Clos du Bourg liegt oberhalb der Kirche von Vouvray und umfasst sechs Hektar, die von einer alten Steinmauer umgeben sind \u2013 daher \u201eClos\u201c. Es handelt sich um eine der \u00e4ltesten Grand-Cru-Parzellen Frankreichs. Sie wurde bereits im 7. Jahrhundert erw\u00e4hnt. Der flache Boden des Weingartens besteht aus Lehm mit Feuerstein- und Kreide-Einschl\u00fcssen. Er befindet sich auf einem typischen turonischen Tuffeau-Kalksteinfelsen. Hier erreichen die Reben den Tuffstein schon nach einem Meter. 2023 sind die Weing\u00e4rten in Vouvray in gro\u00dfem Ma\u00dfe von der drosophila suzukii, der Kirschessigfliege heimgesucht worden. Das erforderte ein rigoroses Qualit\u00e4tsmanagement. Es gibt ja eh schon diverse Leseg\u00e4nge pro Weinberg bei Huet f\u00fcr die einzelnen Varianten des Chenin Blancs. In diesem Jahr musste jede einzelne Beere angeschaut werden und mindestens 25% der Ernte wurden verworfen. Wie \u00fcblich wurden die Trauben innerhalb der vielen Lesedurchg\u00e4nge penibel sortiert, gepresst und spontan vergoren. Eine malolaktische G\u00e4rung erfolgte nur in Ausnahmef\u00e4llen und bei einzelnen F\u00e4ssern. Ausgebaut wurde der Wein in gebrauchten Demi-Muids. <\/p>\n<h5>Farbe<\/h5>\n<p> intensives Strohgelb <\/p>\n<h5>Nase<\/h5>\n<p> Der Clos du Bourg ist auch in 2023 wieder wunderbar gelungen. W\u00e4hrend 2022 einen ganz hellen Klang hatte, ist er in 2023 etwas voller und der Wein etwas gelbfruchtiger mit Ankl\u00e4ngen von reifer Quitte, Kumquat, Pekann\u00fcssen und etwas Bl\u00fctenhonig auf einer leicht gebutterten warmen Brioche. <\/p>\n<h5>\u00a0<\/h5>\n<h5>Gaumen<\/h5>\n<p> Am Gaumen wirkt der Vouvray ganz pr\u00e4zise und klar mit Spannung und Druck, gleichzeitig sinnlich und saftig mit einer eleganten, frischen S\u00e4ure. Neben Quitten, Birnen und gelben Pflaumen gibt es auch Noten vom Most herber \u00c4pfel, etwas Earl Grey und Gestein. Es ist ein komplexer, voller Chenin Blanc mit Kraft, aber auch mit einer t\u00e4nzelnden Leichtigkeit und Sinnlichkeit, zarter Textur und viel untergr\u00fcndiger Energie. <\/p>\n<p>Copyright Vinaturel 2025<\/p>\n<p>Keywords: <a href=\"https:\/\/wein-werte.com\/de\/shop\/?swoof=1&#038;pa_producer=Huet\">Huet<\/a> <a href=\"https:\/\/wein-werte.com\/de\/shop\/?swoof=1&#038;woof_text=Clos du Bourg sec\">Clos du Bourg sec<\/a> 2023 bio <a href=\"https:\/\/wein-werte.com\/de\/shop\/?swoof=1&#038;pa_region=Loire\">Loire<\/a> <a href=\"https:\/\/wein-werte.com\/de\/shop\/?swoof=1&#038;pa_country=Frankreich\">Frankreich<\/a><\/p>\n<h3>Vinous<\/h3>\n<p>Punkte: ?<\/p>\n<p>Der Vouvray Sec Clos du Bourg Sec 2023 ist zu diesem Zeitpunkt noch etwas verhalten, aber diese Verkostung findet erst drei Wochen nach der Abf\u00fcllung statt. Er ist am Gaumen verschlossen und braucht Zeit, um sich zu entfalten. Er ist nicht da, wo er sein sollte. Die Konzentration ist vorhanden, und die klassische F\u00fclle und die Kurven sind mit einer hervorragenden Linie und Struktur vorhanden, aber er muss den Flaschenschock erst noch \u00fcberwinden. Ich werde in ein paar Monaten wieder auf diesen Wein zur\u00fcckkommen. \u2013 Rebecca Gibb MW<br \/>Trinkzeitraum: 2025\u20132038<br \/>Bewertungsdatum: Juli 2024<\/p>\n<p>Internetseite des Weinguts: <a href=\"https:\/\/www.domainehuet.com\/\" target=\"_blank\">https:\/\/www.domainehuet.com\/<\/a><\/p>\n","protected":false},"excerpt":{"rendered":"<p>Lieferzeit: 1 bis 2 Arbeitstage (DE), 2 bis 5 Arbeitstage (EU and CH)<\/p>\n","protected":false},"featured_media":1145688,"template":"","meta":[],"product_brand":[],"product_cat":[19],"product_tag":[],"class_list":{"0":"post-1135808","1":"product","2":"type-product","3":"status-publish","4":"has-post-thumbnail","6":"product_cat-unkategorisiert","7":"pa_alcohol-for-filter-12897","8":"pa_certified-biodynamic-ja-de","9":"pa_certified-organic-ja-de","10":"pa_colour-weiss","11":"pa_country-frankreich","12":"pa_grape-chenin-blanc","13":"pa_price-for-filter-10605","14":"pa_producer-huet","15":"pa_region-loire","16":"pa_size-ml-6584","17":"pa_sweetness-trocken-de","18":"pa_type-2-still-de","19":"pa_vintage-2023-de","20":"entry","21":"has-media","23":"first","24":"instock","25":"taxable","26":"shipping-taxable","27":"purchasable","28":"product-type-simple"},"yoast_head":"<!-- This site is optimized with the Yoast SEO plugin v27.5 - https:\/\/yoast.com\/product\/yoast-seo-wordpress\/ -->\n<title>Huet Clos du Bourg sec 2023<\/title>\n<meta name=\"description\" content=\"Kaufe Huet Clos du Bourg sec 2023 (Chenin Blanc, trocken aus Loire, Frankreich) bei Wein Werte, Ihrem nachhaltigen Onlineshop.\" \/>\n<meta name=\"robots\" content=\"index, follow, max-snippet:-1, max-image-preview:large, max-video-preview:-1\" \/>\n<link rel=\"canonical\" href=\"https:\/\/wein-werte.com\/de\/produkt\/huet-clos-du-bourg-sec-2023-750ml\/\" \/>\n<meta property=\"og:locale\" content=\"de_DE\" \/>\n<meta property=\"og:type\" content=\"article\" \/>\n<meta property=\"og:title\" content=\"Huet Clos du Bourg sec 2023\" \/>\n<meta property=\"og:description\" content=\"Kaufe Huet Clos du Bourg sec 2023 (Chenin Blanc, trocken aus Loire, Frankreich) bei Wein Werte, Ihrem nachhaltigen Onlineshop.\" \/>\n<meta property=\"og:url\" content=\"https:\/\/wein-werte.com\/de\/produkt\/huet-clos-du-bourg-sec-2023-750ml\/\" \/>\n<meta property=\"og:site_name\" content=\"Wein Werte\" \/>\n<meta property=\"og:image\" content=\"https:\/\/wein-werte.com\/wp-content\/uploads\/2026\/04\/Huet-Clos-du-Bourg-sec-2023-750ml.png\" \/>\n\t<meta property=\"og:image:width\" content=\"345\" \/>\n\t<meta property=\"og:image:height\" content=\"1200\" \/>\n\t<meta property=\"og:image:type\" content=\"image\/png\" \/>\n<meta name=\"twitter:card\" content=\"summary_large_image\" \/>\n<meta name=\"twitter:label1\" content=\"Gesch\u00e4tzte Lesezeit\" \/>\n\t<meta name=\"twitter:data1\" content=\"2\u00a0Minuten\" \/>\n<script type=\"application\/ld+json\" class=\"yoast-schema-graph\">{\"@context\":\"https:\\\/\\\/schema.org\",\"@graph\":[{\"@type\":\"WebPage\",\"@id\":\"https:\\\/\\\/wein-werte.com\\\/de\\\/produkt\\\/huet-clos-du-bourg-sec-2023-750ml\\\/\",\"url\":\"https:\\\/\\\/wein-werte.com\\\/de\\\/produkt\\\/huet-clos-du-bourg-sec-2023-750ml\\\/\",\"name\":\"Huet Clos du Bourg sec 2023\",\"isPartOf\":{\"@id\":\"https:\\\/\\\/wein-werte.com\\\/de\\\/#website\"},\"primaryImageOfPage\":{\"@id\":\"https:\\\/\\\/wein-werte.com\\\/de\\\/produkt\\\/huet-clos-du-bourg-sec-2023-750ml\\\/#primaryimage\"},\"image\":{\"@id\":\"https:\\\/\\\/wein-werte.com\\\/de\\\/produkt\\\/huet-clos-du-bourg-sec-2023-750ml\\\/#primaryimage\"},\"thumbnailUrl\":\"https:\\\/\\\/wein-werte.com\\\/wp-content\\\/uploads\\\/2026\\\/04\\\/Huet-Clos-du-Bourg-sec-2023-750ml.png\",\"datePublished\":\"2026-05-05T16:34:34+00:00\",\"description\":\"Kaufe Huet Clos du Bourg sec 2023 (Chenin Blanc, trocken aus Loire, Frankreich) bei Wein Werte, Ihrem nachhaltigen Onlineshop.\",\"breadcrumb\":{\"@id\":\"https:\\\/\\\/wein-werte.com\\\/de\\\/produkt\\\/huet-clos-du-bourg-sec-2023-750ml\\\/#breadcrumb\"},\"inLanguage\":\"de\",\"potentialAction\":[{\"@type\":\"ReadAction\",\"target\":[\"https:\\\/\\\/wein-werte.com\\\/de\\\/produkt\\\/huet-clos-du-bourg-sec-2023-750ml\\\/\"]}]},{\"@type\":\"ImageObject\",\"inLanguage\":\"de\",\"@id\":\"https:\\\/\\\/wein-werte.com\\\/de\\\/produkt\\\/huet-clos-du-bourg-sec-2023-750ml\\\/#primaryimage\",\"url\":\"https:\\\/\\\/wein-werte.com\\\/wp-content\\\/uploads\\\/2026\\\/04\\\/Huet-Clos-du-Bourg-sec-2023-750ml.png\",\"contentUrl\":\"https:\\\/\\\/wein-werte.com\\\/wp-content\\\/uploads\\\/2026\\\/04\\\/Huet-Clos-du-Bourg-sec-2023-750ml.png\",\"width\":345,\"height\":1200,\"caption\":\"Huet Clos du Bourg sec 2023 750ml\"},{\"@type\":\"BreadcrumbList\",\"@id\":\"https:\\\/\\\/wein-werte.com\\\/de\\\/produkt\\\/huet-clos-du-bourg-sec-2023-750ml\\\/#breadcrumb\",\"itemListElement\":[{\"@type\":\"ListItem\",\"position\":1,\"name\":\"Home\",\"item\":\"https:\\\/\\\/wein-werte.com\\\/de\\\/\"},{\"@type\":\"ListItem\",\"position\":2,\"name\":\"Shop\",\"item\":\"https:\\\/\\\/wein-werte.com\\\/de\\\/shop\\\/\"},{\"@type\":\"ListItem\",\"position\":3,\"name\":\"Huet | Loire | Clos du Bourg sec | 2023 | 750ml | bio\"}]},{\"@type\":\"WebSite\",\"@id\":\"https:\\\/\\\/wein-werte.com\\\/de\\\/#website\",\"url\":\"https:\\\/\\\/wein-werte.com\\\/de\\\/\",\"name\":\"Wein Werte\",\"description\":\"\",\"publisher\":{\"@id\":\"https:\\\/\\\/wein-werte.com\\\/de\\\/#organization\"},\"potentialAction\":[{\"@type\":\"SearchAction\",\"target\":{\"@type\":\"EntryPoint\",\"urlTemplate\":\"https:\\\/\\\/wein-werte.com\\\/de\\\/?s={search_term_string}\"},\"query-input\":{\"@type\":\"PropertyValueSpecification\",\"valueRequired\":true,\"valueName\":\"search_term_string\"}}],\"inLanguage\":\"de\"},{\"@type\":\"Organization\",\"@id\":\"https:\\\/\\\/wein-werte.com\\\/de\\\/#organization\",\"name\":\"Vins Fins Thorrold\",\"url\":\"https:\\\/\\\/wein-werte.com\\\/de\\\/\",\"logo\":{\"@type\":\"ImageObject\",\"inLanguage\":\"de\",\"@id\":\"https:\\\/\\\/wein-werte.com\\\/de\\\/#\\\/schema\\\/logo\\\/image\\\/\",\"url\":\"https:\\\/\\\/wein-werte.com\\\/wp-content\\\/uploads\\\/2023\\\/07\\\/Wein_werte_Logo700-1.png\",\"contentUrl\":\"https:\\\/\\\/wein-werte.com\\\/wp-content\\\/uploads\\\/2023\\\/07\\\/Wein_werte_Logo700-1.png\",\"width\":700,\"height\":272,\"caption\":\"Vins Fins Thorrold\"},\"image\":{\"@id\":\"https:\\\/\\\/wein-werte.com\\\/de\\\/#\\\/schema\\\/logo\\\/image\\\/\"}}]}<\/script>\n<!-- \/ Yoast SEO plugin. -->","yoast_head_json":{"title":"Huet Clos du Bourg sec 2023","description":"Kaufe Huet Clos du Bourg sec 2023 (Chenin Blanc, trocken aus Loire, Frankreich) bei Wein Werte, Ihrem nachhaltigen Onlineshop.","robots":{"index":"index","follow":"follow","max-snippet":"max-snippet:-1","max-image-preview":"max-image-preview:large","max-video-preview":"max-video-preview:-1"},"canonical":"https:\/\/wein-werte.com\/de\/produkt\/huet-clos-du-bourg-sec-2023-750ml\/","og_locale":"de_DE","og_type":"article","og_title":"Huet Clos du Bourg sec 2023","og_description":"Kaufe Huet Clos du Bourg sec 2023 (Chenin Blanc, trocken aus Loire, Frankreich) bei Wein Werte, Ihrem nachhaltigen Onlineshop.","og_url":"https:\/\/wein-werte.com\/de\/produkt\/huet-clos-du-bourg-sec-2023-750ml\/","og_site_name":"Wein Werte","og_image":[{"width":345,"height":1200,"url":"https:\/\/wein-werte.com\/wp-content\/uploads\/2026\/04\/Huet-Clos-du-Bourg-sec-2023-750ml.png","type":"image\/png"}],"twitter_card":"summary_large_image","twitter_misc":{"Gesch\u00e4tzte Lesezeit":"2\u00a0Minuten"},"schema":{"@context":"https:\/\/schema.org","@graph":[{"@type":"WebPage","@id":"https:\/\/wein-werte.com\/de\/produkt\/huet-clos-du-bourg-sec-2023-750ml\/","url":"https:\/\/wein-werte.com\/de\/produkt\/huet-clos-du-bourg-sec-2023-750ml\/","name":"Huet Clos du Bourg sec 2023","isPartOf":{"@id":"https:\/\/wein-werte.com\/de\/#website"},"primaryImageOfPage":{"@id":"https:\/\/wein-werte.com\/de\/produkt\/huet-clos-du-bourg-sec-2023-750ml\/#primaryimage"},"image":{"@id":"https:\/\/wein-werte.com\/de\/produkt\/huet-clos-du-bourg-sec-2023-750ml\/#primaryimage"},"thumbnailUrl":"https:\/\/wein-werte.com\/wp-content\/uploads\/2026\/04\/Huet-Clos-du-Bourg-sec-2023-750ml.png","datePublished":"2026-05-05T16:34:34+00:00","description":"Kaufe Huet Clos du Bourg sec 2023 (Chenin Blanc, trocken aus Loire, Frankreich) bei Wein Werte, Ihrem nachhaltigen Onlineshop.","breadcrumb":{"@id":"https:\/\/wein-werte.com\/de\/produkt\/huet-clos-du-bourg-sec-2023-750ml\/#breadcrumb"},"inLanguage":"de","potentialAction":[{"@type":"ReadAction","target":["https:\/\/wein-werte.com\/de\/produkt\/huet-clos-du-bourg-sec-2023-750ml\/"]}]},{"@type":"ImageObject","inLanguage":"de","@id":"https:\/\/wein-werte.com\/de\/produkt\/huet-clos-du-bourg-sec-2023-750ml\/#primaryimage","url":"https:\/\/wein-werte.com\/wp-content\/uploads\/2026\/04\/Huet-Clos-du-Bourg-sec-2023-750ml.png","contentUrl":"https:\/\/wein-werte.com\/wp-content\/uploads\/2026\/04\/Huet-Clos-du-Bourg-sec-2023-750ml.png","width":345,"height":1200,"caption":"Huet Clos du Bourg sec 2023 750ml"},{"@type":"BreadcrumbList","@id":"https:\/\/wein-werte.com\/de\/produkt\/huet-clos-du-bourg-sec-2023-750ml\/#breadcrumb","itemListElement":[{"@type":"ListItem","position":1,"name":"Home","item":"https:\/\/wein-werte.com\/de\/"},{"@type":"ListItem","position":2,"name":"Shop","item":"https:\/\/wein-werte.com\/de\/shop\/"},{"@type":"ListItem","position":3,"name":"Huet | Loire | Clos du Bourg sec | 2023 | 750ml | bio"}]},{"@type":"WebSite","@id":"https:\/\/wein-werte.com\/de\/#website","url":"https:\/\/wein-werte.com\/de\/","name":"Wein Werte","description":"","publisher":{"@id":"https:\/\/wein-werte.com\/de\/#organization"},"potentialAction":[{"@type":"SearchAction","target":{"@type":"EntryPoint","urlTemplate":"https:\/\/wein-werte.com\/de\/?s={search_term_string}"},"query-input":{"@type":"PropertyValueSpecification","valueRequired":true,"valueName":"search_term_string"}}],"inLanguage":"de"},{"@type":"Organization","@id":"https:\/\/wein-werte.com\/de\/#organization","name":"Vins Fins Thorrold","url":"https:\/\/wein-werte.com\/de\/","logo":{"@type":"ImageObject","inLanguage":"de","@id":"https:\/\/wein-werte.com\/de\/#\/schema\/logo\/image\/","url":"https:\/\/wein-werte.com\/wp-content\/uploads\/2023\/07\/Wein_werte_Logo700-1.png","contentUrl":"https:\/\/wein-werte.com\/wp-content\/uploads\/2023\/07\/Wein_werte_Logo700-1.png","width":700,"height":272,"caption":"Vins Fins Thorrold"},"image":{"@id":"https:\/\/wein-werte.com\/de\/#\/schema\/logo\/image\/"}}]}},"_links":{"self":[{"href":"https:\/\/wein-werte.com\/de\/wp-json\/wp\/v2\/product\/1135808","targetHints":{"allow":["GET"]}}],"collection":[{"href":"https:\/\/wein-werte.com\/de\/wp-json\/wp\/v2\/product"}],"about":[{"href":"https:\/\/wein-werte.com\/de\/wp-json\/wp\/v2\/types\/product"}],"wp:featuredmedia":[{"embeddable":true,"href":"https:\/\/wein-werte.com\/de\/wp-json\/wp\/v2\/media\/1145688"}],"wp:attachment":[{"href":"https:\/\/wein-werte.com\/de\/wp-json\/wp\/v2\/media?parent=1135808"}],"wp:term":[{"taxonomy":"product_brand","embeddable":true,"href":"https:\/\/wein-werte.com\/de\/wp-json\/wp\/v2\/product_brand?post=1135808"},{"taxonomy":"product_cat","embeddable":true,"href":"https:\/\/wein-werte.com\/de\/wp-json\/wp\/v2\/product_cat?post=1135808"},{"taxonomy":"product_tag","embeddable":true,"href":"https:\/\/wein-werte.com\/de\/wp-json\/wp\/v2\/product_tag?post=1135808"}],"curies":[{"name":"wp","href":"https:\/\/api.w.org\/{rel}","templated":true}]}}