{"id":1135795,"date":"2026-05-05T18:34:34","date_gmt":"2026-05-05T16:34:34","guid":{"rendered":"https:\/\/wein-werte.com\/product\/huet-le-haut-lieu-moelleux-1ere-trie-2003-750ml\/"},"modified":"2026-04-27T12:05:29","modified_gmt":"2026-04-27T10:05:29","slug":"huet-le-haut-lieu-moelleux-1ere-trie-2003-750ml","status":"publish","type":"product","link":"https:\/\/wein-werte.com\/de\/produkt\/huet-le-haut-lieu-moelleux-1ere-trie-2003-750ml\/","title":{"rendered":"Huet | Loire | Le Haut Lieu Moelleux 1\u00e8re Trie | 2003 | 750ml | bio"},"content":{"rendered":"<p>Produktbeschreibung f\u00fcr Huet Le Haut Lieu Moelleux 1\u00e8re Trie 2003 (bio) <\/p>\n<h5>Informationen zum Wein<\/h5>\n<p> Der Haut-Lieu ist der Weinberg, der den Ursprung des Weinguts Huet bildet. Die Familie Huet besuchte das Dorf Vouvray erstmals 1928 und war von dem Anwesen, das heute das Weingut bildet, samt dem f\u00fcnf Hektar umfassenden Weinberg Le Haut-Lieu so begeistert, dass sie beide erwarb und das Weingut Huet gr\u00fcndete. Le Haut-Lieu liegt auf dem Plateau von Vouvray und ist gepr\u00e4gt von tiefbraunem Lehm mit ein wenig Feuerstein und Kreide im Oberboden. Den Oberboden nennt man \u00f6rtlich aubuis. Das Grundgestein besteht aus gelbem Tuffeau-Kalkstein liegt vier Meter tief. Der 2003er kommt als 20-years-after-Release direkt aus der Schatzkammer des Weingutes. <\/p>\n<h5>Farbe<\/h5>\n<p> Dunkles, leicht braunes Goldgelb <\/p>\n<h5>Nase<\/h5>\n<p> Der Le Haut Lieu Moelleux \u00bbPremi\u00e8re Trie\u00ab 2003 bietet von Beginn ein beeindruckendes Volumen und eine breitgef\u00e4chertes Aroma von kandierten Orangen und Orangenschalen, Grapefruits, Quitten, Datteln und Feigen, etwas Ingwer und einer bedeutenden Menge Mokka, Salzkaramell und Kardamom. <\/p>\n<h5>Gaumen<\/h5>\n<p> Am Gaumen wird schnell klar, dass der Wein aus einem warmen, konzentrierten und sonnigen Jahrgang stammt. Der Le Haut Lieu Moelleux \u00bbPremi\u00e8re Trie\u00ab 2003 wirkt hier noch dichter und \u00fcppiger als im Duft. Dabei f\u00fcllt er den Gaumen wunderbar mit seiner Frucht und seiner fast schon sirupartigen Konsistenz aus. Auch hier verbindet sich das Aroma der Frucht mit viel Mokka, wei\u00dfem Nougat und Karamell. Und doch schafft es der Wein, dass er nicht ins Pappige kippt sondern auf der frischen, saftigen Seite bleibt und man mit gro\u00dfer Wonne den n\u00e4chsten und \u00fcbern\u00e4chsten Schluck kaum erwarten kann.<\/p>\n<p>Copyright Vinaturel 2025<\/p>\n<p>Keywords: <a href=\"https:\/\/wein-werte.com\/de\/shop\/?swoof=1&#038;pa_producer=Huet\">Huet<\/a> <a href=\"https:\/\/wein-werte.com\/de\/shop\/?swoof=1&#038;woof_text=Le Haut Lieu Moelleux 1\u00e8re Trie\">Le Haut Lieu Moelleux 1\u00e8re Trie<\/a> 2003 bio <a href=\"https:\/\/wein-werte.com\/de\/shop\/?swoof=1&#038;pa_region=Loire\">Loire<\/a> <a href=\"https:\/\/wein-werte.com\/de\/shop\/?swoof=1&#038;pa_country=Frankreich\">Frankreich<\/a><\/p>\n<p>Internetseite des Weinguts: <a href=\"https:\/\/www.domainehuet.com\/\" target=\"_blank\">https:\/\/www.domainehuet.com\/<\/a><\/p>\n","protected":false},"excerpt":{"rendered":"<p>Lieferzeit: 1 bis 2 Arbeitstage (DE), 2 bis 5 Arbeitstage (EU and CH)<\/p>\n","protected":false},"featured_media":1145678,"template":"","meta":[],"product_brand":[],"product_cat":[19],"product_tag":[],"class_list":{"0":"post-1135795","1":"product","2":"type-product","3":"status-publish","4":"has-post-thumbnail","6":"product_cat-unkategorisiert","7":"pa_alcohol-for-filter-12-5","8":"pa_certified-biodynamic-ja-de","9":"pa_certified-organic-ja-de","10":"pa_colour-weiss","11":"pa_country-frankreich","12":"pa_grape-chenin-blanc","13":"pa_price-for-filter-10653","14":"pa_producer-huet","15":"pa_region-loire","16":"pa_size-ml-6584","17":"pa_sweetness-lieblich-de-2","18":"pa_type-2-still-de","19":"pa_vintage-2003-de","20":"entry","21":"has-media","23":"first","24":"instock","25":"taxable","26":"shipping-taxable","27":"purchasable","28":"product-type-simple"},"yoast_head":"<!-- This site is optimized with the Yoast SEO plugin v27.5 - https:\/\/yoast.com\/product\/yoast-seo-wordpress\/ -->\n<title>Huet Le Haut Lieu Moelleux 1\u00e8re Trie 2003<\/title>\n<meta name=\"description\" content=\"Kaufe Huet Le Haut Lieu Moelleux 1\u00e8re Trie 2003 (Chenin Blanc, lieblich aus Loire, Frankreich) bei Wein Werte, Ihrem nachhaltigen Onlineshop.\" \/>\n<meta name=\"robots\" content=\"index, follow, max-snippet:-1, max-image-preview:large, max-video-preview:-1\" \/>\n<link rel=\"canonical\" href=\"https:\/\/wein-werte.com\/de\/produkt\/huet-le-haut-lieu-moelleux-1ere-trie-2003-750ml\/\" \/>\n<meta property=\"og:locale\" content=\"de_DE\" \/>\n<meta property=\"og:type\" content=\"article\" \/>\n<meta property=\"og:title\" content=\"Huet Le Haut Lieu Moelleux 1\u00e8re Trie 2003\" \/>\n<meta property=\"og:description\" content=\"Kaufe Huet Le Haut Lieu Moelleux 1\u00e8re Trie 2003 (Chenin Blanc, lieblich aus Loire, Frankreich) bei Wein Werte, Ihrem nachhaltigen Onlineshop.\" \/>\n<meta property=\"og:url\" content=\"https:\/\/wein-werte.com\/de\/produkt\/huet-le-haut-lieu-moelleux-1ere-trie-2003-750ml\/\" \/>\n<meta property=\"og:site_name\" content=\"Wein Werte\" \/>\n<meta property=\"og:image\" content=\"https:\/\/wein-werte.com\/wp-content\/uploads\/2026\/04\/Huet-Le-Haut-Lieu-Moelleux-1ere-Trie-2003-750ml.png\" \/>\n\t<meta property=\"og:image:width\" content=\"348\" \/>\n\t<meta property=\"og:image:height\" content=\"1200\" \/>\n\t<meta property=\"og:image:type\" content=\"image\/png\" \/>\n<meta name=\"twitter:card\" content=\"summary_large_image\" \/>\n<meta name=\"twitter:label1\" content=\"Gesch\u00e4tzte Lesezeit\" \/>\n\t<meta name=\"twitter:data1\" content=\"1\u00a0Minute\" \/>\n<script type=\"application\/ld+json\" class=\"yoast-schema-graph\">{\"@context\":\"https:\\\/\\\/schema.org\",\"@graph\":[{\"@type\":\"WebPage\",\"@id\":\"https:\\\/\\\/wein-werte.com\\\/de\\\/produkt\\\/huet-le-haut-lieu-moelleux-1ere-trie-2003-750ml\\\/\",\"url\":\"https:\\\/\\\/wein-werte.com\\\/de\\\/produkt\\\/huet-le-haut-lieu-moelleux-1ere-trie-2003-750ml\\\/\",\"name\":\"Huet Le Haut Lieu Moelleux 1\u00e8re Trie 2003\",\"isPartOf\":{\"@id\":\"https:\\\/\\\/wein-werte.com\\\/de\\\/#website\"},\"primaryImageOfPage\":{\"@id\":\"https:\\\/\\\/wein-werte.com\\\/de\\\/produkt\\\/huet-le-haut-lieu-moelleux-1ere-trie-2003-750ml\\\/#primaryimage\"},\"image\":{\"@id\":\"https:\\\/\\\/wein-werte.com\\\/de\\\/produkt\\\/huet-le-haut-lieu-moelleux-1ere-trie-2003-750ml\\\/#primaryimage\"},\"thumbnailUrl\":\"https:\\\/\\\/wein-werte.com\\\/wp-content\\\/uploads\\\/2026\\\/04\\\/Huet-Le-Haut-Lieu-Moelleux-1ere-Trie-2003-750ml.png\",\"datePublished\":\"2026-05-05T16:34:34+00:00\",\"description\":\"Kaufe Huet Le Haut Lieu Moelleux 1\u00e8re Trie 2003 (Chenin Blanc, lieblich aus Loire, Frankreich) bei Wein Werte, Ihrem nachhaltigen Onlineshop.\",\"breadcrumb\":{\"@id\":\"https:\\\/\\\/wein-werte.com\\\/de\\\/produkt\\\/huet-le-haut-lieu-moelleux-1ere-trie-2003-750ml\\\/#breadcrumb\"},\"inLanguage\":\"de\",\"potentialAction\":[{\"@type\":\"ReadAction\",\"target\":[\"https:\\\/\\\/wein-werte.com\\\/de\\\/produkt\\\/huet-le-haut-lieu-moelleux-1ere-trie-2003-750ml\\\/\"]}]},{\"@type\":\"ImageObject\",\"inLanguage\":\"de\",\"@id\":\"https:\\\/\\\/wein-werte.com\\\/de\\\/produkt\\\/huet-le-haut-lieu-moelleux-1ere-trie-2003-750ml\\\/#primaryimage\",\"url\":\"https:\\\/\\\/wein-werte.com\\\/wp-content\\\/uploads\\\/2026\\\/04\\\/Huet-Le-Haut-Lieu-Moelleux-1ere-Trie-2003-750ml.png\",\"contentUrl\":\"https:\\\/\\\/wein-werte.com\\\/wp-content\\\/uploads\\\/2026\\\/04\\\/Huet-Le-Haut-Lieu-Moelleux-1ere-Trie-2003-750ml.png\",\"width\":348,\"height\":1200,\"caption\":\"Huet Le Haut Lieu Moelleux 1\u00e8re Trie 2003 750ml\"},{\"@type\":\"BreadcrumbList\",\"@id\":\"https:\\\/\\\/wein-werte.com\\\/de\\\/produkt\\\/huet-le-haut-lieu-moelleux-1ere-trie-2003-750ml\\\/#breadcrumb\",\"itemListElement\":[{\"@type\":\"ListItem\",\"position\":1,\"name\":\"Home\",\"item\":\"https:\\\/\\\/wein-werte.com\\\/de\\\/\"},{\"@type\":\"ListItem\",\"position\":2,\"name\":\"Shop\",\"item\":\"https:\\\/\\\/wein-werte.com\\\/de\\\/shop\\\/\"},{\"@type\":\"ListItem\",\"position\":3,\"name\":\"Huet | Loire | Le Haut Lieu Moelleux 1\u00e8re Trie | 2003 | 750ml | bio\"}]},{\"@type\":\"WebSite\",\"@id\":\"https:\\\/\\\/wein-werte.com\\\/de\\\/#website\",\"url\":\"https:\\\/\\\/wein-werte.com\\\/de\\\/\",\"name\":\"Wein Werte\",\"description\":\"\",\"publisher\":{\"@id\":\"https:\\\/\\\/wein-werte.com\\\/de\\\/#organization\"},\"potentialAction\":[{\"@type\":\"SearchAction\",\"target\":{\"@type\":\"EntryPoint\",\"urlTemplate\":\"https:\\\/\\\/wein-werte.com\\\/de\\\/?s={search_term_string}\"},\"query-input\":{\"@type\":\"PropertyValueSpecification\",\"valueRequired\":true,\"valueName\":\"search_term_string\"}}],\"inLanguage\":\"de\"},{\"@type\":\"Organization\",\"@id\":\"https:\\\/\\\/wein-werte.com\\\/de\\\/#organization\",\"name\":\"Vins Fins Thorrold\",\"url\":\"https:\\\/\\\/wein-werte.com\\\/de\\\/\",\"logo\":{\"@type\":\"ImageObject\",\"inLanguage\":\"de\",\"@id\":\"https:\\\/\\\/wein-werte.com\\\/de\\\/#\\\/schema\\\/logo\\\/image\\\/\",\"url\":\"https:\\\/\\\/wein-werte.com\\\/wp-content\\\/uploads\\\/2023\\\/07\\\/Wein_werte_Logo700-1.png\",\"contentUrl\":\"https:\\\/\\\/wein-werte.com\\\/wp-content\\\/uploads\\\/2023\\\/07\\\/Wein_werte_Logo700-1.png\",\"width\":700,\"height\":272,\"caption\":\"Vins Fins Thorrold\"},\"image\":{\"@id\":\"https:\\\/\\\/wein-werte.com\\\/de\\\/#\\\/schema\\\/logo\\\/image\\\/\"}}]}<\/script>\n<!-- \/ Yoast SEO plugin. -->","yoast_head_json":{"title":"Huet Le Haut Lieu Moelleux 1\u00e8re Trie 2003","description":"Kaufe Huet Le Haut Lieu Moelleux 1\u00e8re Trie 2003 (Chenin Blanc, lieblich aus Loire, Frankreich) bei Wein Werte, Ihrem nachhaltigen Onlineshop.","robots":{"index":"index","follow":"follow","max-snippet":"max-snippet:-1","max-image-preview":"max-image-preview:large","max-video-preview":"max-video-preview:-1"},"canonical":"https:\/\/wein-werte.com\/de\/produkt\/huet-le-haut-lieu-moelleux-1ere-trie-2003-750ml\/","og_locale":"de_DE","og_type":"article","og_title":"Huet Le Haut Lieu Moelleux 1\u00e8re Trie 2003","og_description":"Kaufe Huet Le Haut Lieu Moelleux 1\u00e8re Trie 2003 (Chenin Blanc, lieblich aus Loire, Frankreich) bei Wein Werte, Ihrem nachhaltigen Onlineshop.","og_url":"https:\/\/wein-werte.com\/de\/produkt\/huet-le-haut-lieu-moelleux-1ere-trie-2003-750ml\/","og_site_name":"Wein Werte","og_image":[{"width":348,"height":1200,"url":"https:\/\/wein-werte.com\/wp-content\/uploads\/2026\/04\/Huet-Le-Haut-Lieu-Moelleux-1ere-Trie-2003-750ml.png","type":"image\/png"}],"twitter_card":"summary_large_image","twitter_misc":{"Gesch\u00e4tzte Lesezeit":"1\u00a0Minute"},"schema":{"@context":"https:\/\/schema.org","@graph":[{"@type":"WebPage","@id":"https:\/\/wein-werte.com\/de\/produkt\/huet-le-haut-lieu-moelleux-1ere-trie-2003-750ml\/","url":"https:\/\/wein-werte.com\/de\/produkt\/huet-le-haut-lieu-moelleux-1ere-trie-2003-750ml\/","name":"Huet Le Haut Lieu Moelleux 1\u00e8re Trie 2003","isPartOf":{"@id":"https:\/\/wein-werte.com\/de\/#website"},"primaryImageOfPage":{"@id":"https:\/\/wein-werte.com\/de\/produkt\/huet-le-haut-lieu-moelleux-1ere-trie-2003-750ml\/#primaryimage"},"image":{"@id":"https:\/\/wein-werte.com\/de\/produkt\/huet-le-haut-lieu-moelleux-1ere-trie-2003-750ml\/#primaryimage"},"thumbnailUrl":"https:\/\/wein-werte.com\/wp-content\/uploads\/2026\/04\/Huet-Le-Haut-Lieu-Moelleux-1ere-Trie-2003-750ml.png","datePublished":"2026-05-05T16:34:34+00:00","description":"Kaufe Huet Le Haut Lieu Moelleux 1\u00e8re Trie 2003 (Chenin Blanc, lieblich aus Loire, Frankreich) bei Wein Werte, Ihrem nachhaltigen Onlineshop.","breadcrumb":{"@id":"https:\/\/wein-werte.com\/de\/produkt\/huet-le-haut-lieu-moelleux-1ere-trie-2003-750ml\/#breadcrumb"},"inLanguage":"de","potentialAction":[{"@type":"ReadAction","target":["https:\/\/wein-werte.com\/de\/produkt\/huet-le-haut-lieu-moelleux-1ere-trie-2003-750ml\/"]}]},{"@type":"ImageObject","inLanguage":"de","@id":"https:\/\/wein-werte.com\/de\/produkt\/huet-le-haut-lieu-moelleux-1ere-trie-2003-750ml\/#primaryimage","url":"https:\/\/wein-werte.com\/wp-content\/uploads\/2026\/04\/Huet-Le-Haut-Lieu-Moelleux-1ere-Trie-2003-750ml.png","contentUrl":"https:\/\/wein-werte.com\/wp-content\/uploads\/2026\/04\/Huet-Le-Haut-Lieu-Moelleux-1ere-Trie-2003-750ml.png","width":348,"height":1200,"caption":"Huet Le Haut Lieu Moelleux 1\u00e8re Trie 2003 750ml"},{"@type":"BreadcrumbList","@id":"https:\/\/wein-werte.com\/de\/produkt\/huet-le-haut-lieu-moelleux-1ere-trie-2003-750ml\/#breadcrumb","itemListElement":[{"@type":"ListItem","position":1,"name":"Home","item":"https:\/\/wein-werte.com\/de\/"},{"@type":"ListItem","position":2,"name":"Shop","item":"https:\/\/wein-werte.com\/de\/shop\/"},{"@type":"ListItem","position":3,"name":"Huet | Loire | Le Haut Lieu Moelleux 1\u00e8re Trie | 2003 | 750ml | bio"}]},{"@type":"WebSite","@id":"https:\/\/wein-werte.com\/de\/#website","url":"https:\/\/wein-werte.com\/de\/","name":"Wein Werte","description":"","publisher":{"@id":"https:\/\/wein-werte.com\/de\/#organization"},"potentialAction":[{"@type":"SearchAction","target":{"@type":"EntryPoint","urlTemplate":"https:\/\/wein-werte.com\/de\/?s={search_term_string}"},"query-input":{"@type":"PropertyValueSpecification","valueRequired":true,"valueName":"search_term_string"}}],"inLanguage":"de"},{"@type":"Organization","@id":"https:\/\/wein-werte.com\/de\/#organization","name":"Vins Fins Thorrold","url":"https:\/\/wein-werte.com\/de\/","logo":{"@type":"ImageObject","inLanguage":"de","@id":"https:\/\/wein-werte.com\/de\/#\/schema\/logo\/image\/","url":"https:\/\/wein-werte.com\/wp-content\/uploads\/2023\/07\/Wein_werte_Logo700-1.png","contentUrl":"https:\/\/wein-werte.com\/wp-content\/uploads\/2023\/07\/Wein_werte_Logo700-1.png","width":700,"height":272,"caption":"Vins Fins Thorrold"},"image":{"@id":"https:\/\/wein-werte.com\/de\/#\/schema\/logo\/image\/"}}]}},"_links":{"self":[{"href":"https:\/\/wein-werte.com\/de\/wp-json\/wp\/v2\/product\/1135795","targetHints":{"allow":["GET"]}}],"collection":[{"href":"https:\/\/wein-werte.com\/de\/wp-json\/wp\/v2\/product"}],"about":[{"href":"https:\/\/wein-werte.com\/de\/wp-json\/wp\/v2\/types\/product"}],"wp:featuredmedia":[{"embeddable":true,"href":"https:\/\/wein-werte.com\/de\/wp-json\/wp\/v2\/media\/1145678"}],"wp:attachment":[{"href":"https:\/\/wein-werte.com\/de\/wp-json\/wp\/v2\/media?parent=1135795"}],"wp:term":[{"taxonomy":"product_brand","embeddable":true,"href":"https:\/\/wein-werte.com\/de\/wp-json\/wp\/v2\/product_brand?post=1135795"},{"taxonomy":"product_cat","embeddable":true,"href":"https:\/\/wein-werte.com\/de\/wp-json\/wp\/v2\/product_cat?post=1135795"},{"taxonomy":"product_tag","embeddable":true,"href":"https:\/\/wein-werte.com\/de\/wp-json\/wp\/v2\/product_tag?post=1135795"}],"curies":[{"name":"wp","href":"https:\/\/api.w.org\/{rel}","templated":true}]}}