{"id":1135785,"date":"2026-05-08T20:09:29","date_gmt":"2026-05-08T18:09:29","guid":{"rendered":"https:\/\/wein-werte.com\/product\/huet-le-mont-moelleux-1ere-trie-2022-750ml\/"},"modified":"2026-04-27T12:05:27","modified_gmt":"2026-04-27T10:05:27","slug":"huet-le-mont-moelleux-1ere-trie-2022-750ml","status":"publish","type":"product","link":"https:\/\/wein-werte.com\/de\/produkt\/huet-le-mont-moelleux-1ere-trie-2022-750ml\/","title":{"rendered":"Huet | Loire | Le Mont Moelleux 1\u00e8re Trie | 2022 | 750ml | bio"},"content":{"rendered":"<p>Produktbeschreibung f\u00fcr Huet Le Mont Moelleux 1\u00e8re Trie 2022 (bio) <\/p>\n<h5>Informationen zum Wein<\/h5>\n<p>Le Mont liegt oberhalb der Tuffsteinh\u00f6hlen und \u00f6stlich des Weinguts Huet auf dem ersten Plateau von Vouvray, der sogenannten <i>Premi\u00e8re C\u00f4te<\/i>, und ist nach S\u00fcden ausgerichtet. Er wird bereits im 15. Jahrhundert erw\u00e4hnt und seit dieser Zeit sehr gesch\u00e4tzt. Wie die anderen beiden Weinlagen befindet sich Le Mont mit seinen neun Hektar im Alleinbesitz des Weinguts Huet und wurde von Gaston Huet 1957 als letzte der drei Weinberge erworben. \u00a0Er ist vom mehrere Meter tiefen Oberboden gepr\u00e4gt, und zwar von einem kieseligen, teils faustgro\u00dfen Feuerstein, der dort <i>perron<\/i> genannt wird, in tiefgr\u00fcnem Lehm. Die Basis bildet der \u00fcbliche turonische Tuff-Kalkstein.<\/p>\n<p>\u00a0<\/p>\n<p>Die Lese begann in 2022 am 8. September (der zweitfr\u00fcheste Zeitpunkt in der Weingutsgeschichte) und endete sechs Wochen sp\u00e4ter (so lange haben die Erntehelfer, in diesem Jahr waren es 24, noch nie gelesen. Da Hitzewellen und Trockenheit zu einem sehr heterogen reifendem Traubenmaterial gef\u00fchrt haben, konnten alle Varianten des Chenin Blanc vom Grundwein f\u00fcr P\u00e9tillants bis zu 1er Trie erzeugt werden. Wie \u00fcblich wurden die Trauben innerhalb der vielen Lesedurchg\u00e4nge penibel sortiert, gepresst und spontan vergoren. Eine malolaktische G\u00e4rung erfolgte nur in Ausnahmef\u00e4llen und bei einzelnen F\u00e4ssern. Ausgebaut wurde der Wein in gebrauchten Demi-Muids.<\/p>\n<p>\u00a0<\/p>\n<p>Beim <i>Le Mont <\/i><i>Moelleux \u00bbPremi\u00e8re Trie\u00ab<\/i> handelt es sich um einen rests\u00fc\u00dfen Wein, in den die ersten mit Botrytis behafteten Trauben Eingang gefunden haben. Rests\u00fc\u00dfe hei\u00dft in diesem Fall 100 g\/l.<\/p>\n<p>\u00a0<\/p>\n<h5>Farbe<\/h5>\n<p>intensives Goldgelb<\/p>\n<p>\u00a0<\/p>\n<h5>Nase<\/h5>\n<p>Der <i>Le Mont Moelleux \u00bbPremi\u00e8re Trie\u00ab 2022 <\/i>wirkt fein und elegant, ja fast zart. So duftig und schwebend habe ich den <i>Premi\u00e8re Trie<\/i> aus dieser Lage bisher selten erlebt. Das eigentlich Faszinierende ist, das sich unterhalb dieser zarten Seite mit Luft auch die eher dunkle, w\u00fcrzige, steinige Seite offenbart und der Wein von Minute zu Minute immer tiefer und intensiver wird. Er \u00f6ffnet sich mit Noten von Ginster und Jasmin, Apfelbl\u00fcten, Asche und Gestein. Dann zeigt sich frisches und m\u00fcrbes Kernobst samt Schalen sowie Grapefruits und Kumquats samt Zesten. Schlie\u00dflich finde man Aspekte von N\u00fcssen, Tabak, Kr\u00e4utern und Gestein.<\/p>\n<p>\u00a0<\/p>\n<h5>Gaumen<\/h5>\n<p>Am Gaumen wirkt der <i>Le Mont Moelleux \u00bbPremi\u00e8re Trie\u00ab <\/i>voll und intensiv mit einer festen, s\u00fc\u00dfen und herben Frucht. In manchen Jahrg\u00e4ngen wirkt dieser Wein wie ein eigener Dessert-Gang. Nicht so in 2022. Alles ist dicht verwoben, w\u00fcrzig, saftig und rauchig, aber nicht schwer. Der Wein besitzt zwar keine druckvolle S\u00e4ure, daf\u00fcr aber eine prickelnde Mineralit\u00e4t. Es ist ein <i>Vouvray<\/i>, der jetzt schon extrem stimmig wirkt, sich aber \u00fcber Jahrzehnte weiterentwickeln wird.<\/p>\n<p>Copyright Vinaturel 2025<\/p>\n<p>Keywords: <a href=\"https:\/\/wein-werte.com\/de\/shop\/?swoof=1&#038;pa_producer=Huet\">Huet<\/a> <a href=\"https:\/\/wein-werte.com\/de\/shop\/?swoof=1&#038;woof_text=Le Mont Moelleux 1\u00e8re Trie\">Le Mont Moelleux 1\u00e8re Trie<\/a> 2022 bio <a href=\"https:\/\/wein-werte.com\/de\/shop\/?swoof=1&#038;pa_region=Loire\">Loire<\/a> <a href=\"https:\/\/wein-werte.com\/de\/shop\/?swoof=1&#038;pa_country=Frankreich\">Frankreich<\/a><\/p>\n<p>Internetseite des Weinguts: <a href=\"https:\/\/www.domainehuet.com\/\" target=\"_blank\">https:\/\/www.domainehuet.com\/<\/a><\/p>\n","protected":false},"excerpt":{"rendered":"<p>Lieferzeit: 1 bis 2 Arbeitstage (DE), 2 bis 5 Arbeitstage (EU and CH)<\/p>\n","protected":false},"featured_media":1145670,"template":"","meta":[],"product_brand":[],"product_cat":[19],"product_tag":[],"class_list":{"0":"post-1135785","1":"product","2":"type-product","3":"status-publish","4":"has-post-thumbnail","6":"product_cat-unkategorisiert","7":"pa_alcohol-for-filter-11-5","8":"pa_certified-biodynamic-ja-de","9":"pa_certified-organic-ja-de","10":"pa_colour-weiss","11":"pa_country-frankreich","12":"pa_grape-chenin-blanc","13":"pa_price-for-filter-10571","14":"pa_producer-huet","15":"pa_region-loire","16":"pa_size-ml-6584","17":"pa_sweetness-suess-de","18":"pa_type-2-still-de","19":"pa_vintage-2022-de","20":"entry","21":"has-media","23":"first","24":"instock","25":"taxable","26":"shipping-taxable","27":"purchasable","28":"product-type-simple"},"yoast_head":"<!-- This site is optimized with the Yoast SEO plugin v27.5 - https:\/\/yoast.com\/product\/yoast-seo-wordpress\/ -->\n<title>Huet Le Mont Moelleux 1\u00e8re Trie 2022<\/title>\n<meta name=\"description\" content=\"Kaufe Huet Le Mont Moelleux 1\u00e8re Trie 2022 (Chenin Blanc, s\u00fc\u00df aus Loire, Frankreich) bei Wein Werte, Ihrem nachhaltigen Onlineshop.\" \/>\n<meta name=\"robots\" content=\"index, follow, max-snippet:-1, max-image-preview:large, max-video-preview:-1\" \/>\n<link rel=\"canonical\" href=\"https:\/\/wein-werte.com\/de\/produkt\/huet-le-mont-moelleux-1ere-trie-2022-750ml\/\" \/>\n<meta property=\"og:locale\" content=\"de_DE\" \/>\n<meta property=\"og:type\" content=\"article\" \/>\n<meta property=\"og:title\" content=\"Huet Le Mont Moelleux 1\u00e8re Trie 2022\" \/>\n<meta property=\"og:description\" content=\"Kaufe Huet Le Mont Moelleux 1\u00e8re Trie 2022 (Chenin Blanc, s\u00fc\u00df aus Loire, Frankreich) bei Wein Werte, Ihrem nachhaltigen Onlineshop.\" \/>\n<meta property=\"og:url\" content=\"https:\/\/wein-werte.com\/de\/produkt\/huet-le-mont-moelleux-1ere-trie-2022-750ml\/\" \/>\n<meta property=\"og:site_name\" content=\"Wein Werte\" \/>\n<meta property=\"og:image\" content=\"https:\/\/wein-werte.com\/wp-content\/uploads\/2026\/04\/Huet-Le-Mont-Moelleux-1ere-Trie-2022-750ml.png\" \/>\n\t<meta property=\"og:image:width\" content=\"345\" \/>\n\t<meta property=\"og:image:height\" content=\"1200\" \/>\n\t<meta property=\"og:image:type\" content=\"image\/png\" \/>\n<meta name=\"twitter:card\" content=\"summary_large_image\" \/>\n<meta name=\"twitter:label1\" content=\"Gesch\u00e4tzte Lesezeit\" \/>\n\t<meta name=\"twitter:data1\" content=\"2\u00a0Minuten\" \/>\n<script type=\"application\/ld+json\" class=\"yoast-schema-graph\">{\"@context\":\"https:\\\/\\\/schema.org\",\"@graph\":[{\"@type\":\"WebPage\",\"@id\":\"https:\\\/\\\/wein-werte.com\\\/de\\\/produkt\\\/huet-le-mont-moelleux-1ere-trie-2022-750ml\\\/\",\"url\":\"https:\\\/\\\/wein-werte.com\\\/de\\\/produkt\\\/huet-le-mont-moelleux-1ere-trie-2022-750ml\\\/\",\"name\":\"Huet Le Mont Moelleux 1\u00e8re Trie 2022\",\"isPartOf\":{\"@id\":\"https:\\\/\\\/wein-werte.com\\\/de\\\/#website\"},\"primaryImageOfPage\":{\"@id\":\"https:\\\/\\\/wein-werte.com\\\/de\\\/produkt\\\/huet-le-mont-moelleux-1ere-trie-2022-750ml\\\/#primaryimage\"},\"image\":{\"@id\":\"https:\\\/\\\/wein-werte.com\\\/de\\\/produkt\\\/huet-le-mont-moelleux-1ere-trie-2022-750ml\\\/#primaryimage\"},\"thumbnailUrl\":\"https:\\\/\\\/wein-werte.com\\\/wp-content\\\/uploads\\\/2026\\\/04\\\/Huet-Le-Mont-Moelleux-1ere-Trie-2022-750ml.png\",\"datePublished\":\"2026-05-08T18:09:29+00:00\",\"description\":\"Kaufe Huet Le Mont Moelleux 1\u00e8re Trie 2022 (Chenin Blanc, s\u00fc\u00df aus Loire, Frankreich) bei Wein Werte, Ihrem nachhaltigen Onlineshop.\",\"breadcrumb\":{\"@id\":\"https:\\\/\\\/wein-werte.com\\\/de\\\/produkt\\\/huet-le-mont-moelleux-1ere-trie-2022-750ml\\\/#breadcrumb\"},\"inLanguage\":\"de\",\"potentialAction\":[{\"@type\":\"ReadAction\",\"target\":[\"https:\\\/\\\/wein-werte.com\\\/de\\\/produkt\\\/huet-le-mont-moelleux-1ere-trie-2022-750ml\\\/\"]}]},{\"@type\":\"ImageObject\",\"inLanguage\":\"de\",\"@id\":\"https:\\\/\\\/wein-werte.com\\\/de\\\/produkt\\\/huet-le-mont-moelleux-1ere-trie-2022-750ml\\\/#primaryimage\",\"url\":\"https:\\\/\\\/wein-werte.com\\\/wp-content\\\/uploads\\\/2026\\\/04\\\/Huet-Le-Mont-Moelleux-1ere-Trie-2022-750ml.png\",\"contentUrl\":\"https:\\\/\\\/wein-werte.com\\\/wp-content\\\/uploads\\\/2026\\\/04\\\/Huet-Le-Mont-Moelleux-1ere-Trie-2022-750ml.png\",\"width\":345,\"height\":1200,\"caption\":\"Huet Le Mont Moelleux 1\u00e8re Trie 2022 750ml\"},{\"@type\":\"BreadcrumbList\",\"@id\":\"https:\\\/\\\/wein-werte.com\\\/de\\\/produkt\\\/huet-le-mont-moelleux-1ere-trie-2022-750ml\\\/#breadcrumb\",\"itemListElement\":[{\"@type\":\"ListItem\",\"position\":1,\"name\":\"Home\",\"item\":\"https:\\\/\\\/wein-werte.com\\\/de\\\/\"},{\"@type\":\"ListItem\",\"position\":2,\"name\":\"Shop\",\"item\":\"https:\\\/\\\/wein-werte.com\\\/de\\\/shop\\\/\"},{\"@type\":\"ListItem\",\"position\":3,\"name\":\"Huet | Loire | Le Mont Moelleux 1\u00e8re Trie | 2022 | 750ml | bio\"}]},{\"@type\":\"WebSite\",\"@id\":\"https:\\\/\\\/wein-werte.com\\\/de\\\/#website\",\"url\":\"https:\\\/\\\/wein-werte.com\\\/de\\\/\",\"name\":\"Wein Werte\",\"description\":\"\",\"publisher\":{\"@id\":\"https:\\\/\\\/wein-werte.com\\\/de\\\/#organization\"},\"potentialAction\":[{\"@type\":\"SearchAction\",\"target\":{\"@type\":\"EntryPoint\",\"urlTemplate\":\"https:\\\/\\\/wein-werte.com\\\/de\\\/?s={search_term_string}\"},\"query-input\":{\"@type\":\"PropertyValueSpecification\",\"valueRequired\":true,\"valueName\":\"search_term_string\"}}],\"inLanguage\":\"de\"},{\"@type\":\"Organization\",\"@id\":\"https:\\\/\\\/wein-werte.com\\\/de\\\/#organization\",\"name\":\"Vins Fins Thorrold\",\"url\":\"https:\\\/\\\/wein-werte.com\\\/de\\\/\",\"logo\":{\"@type\":\"ImageObject\",\"inLanguage\":\"de\",\"@id\":\"https:\\\/\\\/wein-werte.com\\\/de\\\/#\\\/schema\\\/logo\\\/image\\\/\",\"url\":\"https:\\\/\\\/wein-werte.com\\\/wp-content\\\/uploads\\\/2023\\\/07\\\/Wein_werte_Logo700-1.png\",\"contentUrl\":\"https:\\\/\\\/wein-werte.com\\\/wp-content\\\/uploads\\\/2023\\\/07\\\/Wein_werte_Logo700-1.png\",\"width\":700,\"height\":272,\"caption\":\"Vins Fins Thorrold\"},\"image\":{\"@id\":\"https:\\\/\\\/wein-werte.com\\\/de\\\/#\\\/schema\\\/logo\\\/image\\\/\"}}]}<\/script>\n<!-- \/ Yoast SEO plugin. -->","yoast_head_json":{"title":"Huet Le Mont Moelleux 1\u00e8re Trie 2022","description":"Kaufe Huet Le Mont Moelleux 1\u00e8re Trie 2022 (Chenin Blanc, s\u00fc\u00df aus Loire, Frankreich) bei Wein Werte, Ihrem nachhaltigen Onlineshop.","robots":{"index":"index","follow":"follow","max-snippet":"max-snippet:-1","max-image-preview":"max-image-preview:large","max-video-preview":"max-video-preview:-1"},"canonical":"https:\/\/wein-werte.com\/de\/produkt\/huet-le-mont-moelleux-1ere-trie-2022-750ml\/","og_locale":"de_DE","og_type":"article","og_title":"Huet Le Mont Moelleux 1\u00e8re Trie 2022","og_description":"Kaufe Huet Le Mont Moelleux 1\u00e8re Trie 2022 (Chenin Blanc, s\u00fc\u00df aus Loire, Frankreich) bei Wein Werte, Ihrem nachhaltigen Onlineshop.","og_url":"https:\/\/wein-werte.com\/de\/produkt\/huet-le-mont-moelleux-1ere-trie-2022-750ml\/","og_site_name":"Wein Werte","og_image":[{"width":345,"height":1200,"url":"https:\/\/wein-werte.com\/wp-content\/uploads\/2026\/04\/Huet-Le-Mont-Moelleux-1ere-Trie-2022-750ml.png","type":"image\/png"}],"twitter_card":"summary_large_image","twitter_misc":{"Gesch\u00e4tzte Lesezeit":"2\u00a0Minuten"},"schema":{"@context":"https:\/\/schema.org","@graph":[{"@type":"WebPage","@id":"https:\/\/wein-werte.com\/de\/produkt\/huet-le-mont-moelleux-1ere-trie-2022-750ml\/","url":"https:\/\/wein-werte.com\/de\/produkt\/huet-le-mont-moelleux-1ere-trie-2022-750ml\/","name":"Huet Le Mont Moelleux 1\u00e8re Trie 2022","isPartOf":{"@id":"https:\/\/wein-werte.com\/de\/#website"},"primaryImageOfPage":{"@id":"https:\/\/wein-werte.com\/de\/produkt\/huet-le-mont-moelleux-1ere-trie-2022-750ml\/#primaryimage"},"image":{"@id":"https:\/\/wein-werte.com\/de\/produkt\/huet-le-mont-moelleux-1ere-trie-2022-750ml\/#primaryimage"},"thumbnailUrl":"https:\/\/wein-werte.com\/wp-content\/uploads\/2026\/04\/Huet-Le-Mont-Moelleux-1ere-Trie-2022-750ml.png","datePublished":"2026-05-08T18:09:29+00:00","description":"Kaufe Huet Le Mont Moelleux 1\u00e8re Trie 2022 (Chenin Blanc, s\u00fc\u00df aus Loire, Frankreich) bei Wein Werte, Ihrem nachhaltigen Onlineshop.","breadcrumb":{"@id":"https:\/\/wein-werte.com\/de\/produkt\/huet-le-mont-moelleux-1ere-trie-2022-750ml\/#breadcrumb"},"inLanguage":"de","potentialAction":[{"@type":"ReadAction","target":["https:\/\/wein-werte.com\/de\/produkt\/huet-le-mont-moelleux-1ere-trie-2022-750ml\/"]}]},{"@type":"ImageObject","inLanguage":"de","@id":"https:\/\/wein-werte.com\/de\/produkt\/huet-le-mont-moelleux-1ere-trie-2022-750ml\/#primaryimage","url":"https:\/\/wein-werte.com\/wp-content\/uploads\/2026\/04\/Huet-Le-Mont-Moelleux-1ere-Trie-2022-750ml.png","contentUrl":"https:\/\/wein-werte.com\/wp-content\/uploads\/2026\/04\/Huet-Le-Mont-Moelleux-1ere-Trie-2022-750ml.png","width":345,"height":1200,"caption":"Huet Le Mont Moelleux 1\u00e8re Trie 2022 750ml"},{"@type":"BreadcrumbList","@id":"https:\/\/wein-werte.com\/de\/produkt\/huet-le-mont-moelleux-1ere-trie-2022-750ml\/#breadcrumb","itemListElement":[{"@type":"ListItem","position":1,"name":"Home","item":"https:\/\/wein-werte.com\/de\/"},{"@type":"ListItem","position":2,"name":"Shop","item":"https:\/\/wein-werte.com\/de\/shop\/"},{"@type":"ListItem","position":3,"name":"Huet | Loire | Le Mont Moelleux 1\u00e8re Trie | 2022 | 750ml | bio"}]},{"@type":"WebSite","@id":"https:\/\/wein-werte.com\/de\/#website","url":"https:\/\/wein-werte.com\/de\/","name":"Wein Werte","description":"","publisher":{"@id":"https:\/\/wein-werte.com\/de\/#organization"},"potentialAction":[{"@type":"SearchAction","target":{"@type":"EntryPoint","urlTemplate":"https:\/\/wein-werte.com\/de\/?s={search_term_string}"},"query-input":{"@type":"PropertyValueSpecification","valueRequired":true,"valueName":"search_term_string"}}],"inLanguage":"de"},{"@type":"Organization","@id":"https:\/\/wein-werte.com\/de\/#organization","name":"Vins Fins Thorrold","url":"https:\/\/wein-werte.com\/de\/","logo":{"@type":"ImageObject","inLanguage":"de","@id":"https:\/\/wein-werte.com\/de\/#\/schema\/logo\/image\/","url":"https:\/\/wein-werte.com\/wp-content\/uploads\/2023\/07\/Wein_werte_Logo700-1.png","contentUrl":"https:\/\/wein-werte.com\/wp-content\/uploads\/2023\/07\/Wein_werte_Logo700-1.png","width":700,"height":272,"caption":"Vins Fins Thorrold"},"image":{"@id":"https:\/\/wein-werte.com\/de\/#\/schema\/logo\/image\/"}}]}},"_links":{"self":[{"href":"https:\/\/wein-werte.com\/de\/wp-json\/wp\/v2\/product\/1135785","targetHints":{"allow":["GET"]}}],"collection":[{"href":"https:\/\/wein-werte.com\/de\/wp-json\/wp\/v2\/product"}],"about":[{"href":"https:\/\/wein-werte.com\/de\/wp-json\/wp\/v2\/types\/product"}],"wp:featuredmedia":[{"embeddable":true,"href":"https:\/\/wein-werte.com\/de\/wp-json\/wp\/v2\/media\/1145670"}],"wp:attachment":[{"href":"https:\/\/wein-werte.com\/de\/wp-json\/wp\/v2\/media?parent=1135785"}],"wp:term":[{"taxonomy":"product_brand","embeddable":true,"href":"https:\/\/wein-werte.com\/de\/wp-json\/wp\/v2\/product_brand?post=1135785"},{"taxonomy":"product_cat","embeddable":true,"href":"https:\/\/wein-werte.com\/de\/wp-json\/wp\/v2\/product_cat?post=1135785"},{"taxonomy":"product_tag","embeddable":true,"href":"https:\/\/wein-werte.com\/de\/wp-json\/wp\/v2\/product_tag?post=1135785"}],"curies":[{"name":"wp","href":"https:\/\/api.w.org\/{rel}","templated":true}]}}