{"id":1135775,"date":"2026-05-05T18:34:33","date_gmt":"2026-05-05T16:34:33","guid":{"rendered":"https:\/\/wein-werte.com\/product\/huet-le-mont-moelleux-2022-750ml\/"},"modified":"2026-04-27T12:05:26","modified_gmt":"2026-04-27T10:05:26","slug":"huet-le-mont-moelleux-2022-750ml","status":"publish","type":"product","link":"https:\/\/wein-werte.com\/de\/produkt\/huet-le-mont-moelleux-2022-750ml\/","title":{"rendered":"Huet | Loire | Le Mont Moelleux | 2022 | 750ml | bio"},"content":{"rendered":"<p>Produktbeschreibung f\u00fcr Huet Le Mont Moelleux 2022 (bio)<\/p>\n<p> Christoph Raffelt:Am Gaumen ist der 2017er Le Mont Moelleux schon jetzt beeindruckend komplex. Die 53 Gramm S\u00fc\u00dfe wirken hier keinesfalls aufdringlich, eher im Gegenteil fragt man sich, wo er die \u00fcberhaupt versteckt hat, so klar wird die S\u00fc\u00dfe von den 4,9 Gramm S\u00e4ure balanciert. Der Wein ist \u00fcberaus stimmig und pr\u00e4zise. Vor allem die S\u00e4urestruktur und die vitale Mineralit\u00e4t begeistern, ebenso die feinen Noten indischer Gew\u00fcrze, herber Orangen und steiniger Komponenten. Im langen Finale dann erscheint die an Honig erinnernde S\u00fc\u00dfe, gepaart mit Salzmandeln, in einem furiosen, langen Finale. Was f\u00fcr ein stimmiger Wein und was f\u00fcr ein Potential! <\/p>\n<h5>Informationen zum Wein<\/h5>\n<p> Le Mont liegt oberhalb der Tuffsteinh\u00f6hlen und \u00f6stlich des Weinguts Huet auf dem ersten Plateau von Vouvray, der sogenannten Premi\u00e8re C\u00f4te, und ist nach S\u00fcden ausgerichtet. Er wird bereits im 15. Jahrhundert erw\u00e4hnt und seit dieser Zeit sehr gesch\u00e4tzt. Wie die anderen beiden Weinlagen befindet sich Le Mont mit seinen neun Hektar im Alleinbesitz des Weinguts Huet und wurde von Gaston Huet 1957 als letzte der drei Weinlagen erworben. Er ist vom mehrere Meter tiefen Oberboden gepr\u00e4gt von einem kieseligen, teils faustgro\u00dfen Feuerstein, der dort perron genannt wird, in tiefgr\u00fcnem Lehm. Die Basis bildet der \u00fcbliche turonische Tuff-Kalkstein. Die Lese begann in 2022 am 8. September (der zweitfr\u00fcheste Zeitpunkt in der Weingutsgeschichte) und endete sechs Wochen sp\u00e4ter (so lange haben die Erntehelfer, in diesem Jahr waren es 24, noch nie gelesen. Da Hitzewellen und Trockenheit zu einem sehr heterogen reifendem Traubenmaterial gef\u00fchrt haben, konnten alle Varianten des Chenin Blanc vom Grundwein f\u00fcr P\u00e9tillants bis zu 1er Trie erzeugt werden. Wie \u00fcblich wurden die Trauben innerhalb der vielen Lesedurchg\u00e4nge penibel sortiert, gepresst und spontan vergoren. Eine malolaktische G\u00e4rung erfolgte nur in Ausnahmef\u00e4llen und bei einzelnen F\u00e4ssern. Ausgebaut wurde der Wein in gebrauchten Demi-Muids. Moelleux hei\u00dft bei Huet: zwischen 45 und 55 Gramm Rests\u00fc\u00dfe. In diesem Fall sind es 51 Gramm. <\/p>\n<h5>Farbe<\/h5>\n<p> beginnendes Goldgelb <\/p>\n<h5>Nase<\/h5>\n<p> Der 2022er Le Mont Moelleux erinnert schon in der Nase ganz deutlich an den 2022er Le Mont Demi-Sec, nur, dass es von allem mehr gibt und alles dichter verwoben ist. Auch hier dominiert das Steinige und Rauchige, das Dunkle und fast Mystische dieser Lage. Hier und da blitzen Aspekte von Kumquats, \u00c4pfeln und angereiften Ananas auf. Hinzu kommen Noten von Currybl\u00e4ttern und Apfelschalen. Dar\u00fcber liegt der f\u00fcr Le Mont so typische Duft von zersto\u00dfenem Quarzgestein. <\/p>\n<h5>Gaumen<\/h5>\n<p> Auch am Gaumen pr\u00e4sentiert der 2022er Le Mont Moelleux all das Gro\u00dfartige des Demi-Sec, nur in konzentrierterer Form. Und obwohl er mit 51 Gramm fast doppelt so viel Restzucker wie das leichtere Geschwister besitzt, sp\u00fcrt man diesen auch hier nur bedingt, weil er von S\u00e4ure und Mineralit\u00e4t so hervorragend in Balance gebracht wird. Der Moelleux besitzt viel Grip und eine klare Phenolik, dazu viel reife Frucht, und herbe Noten von Grapefruits und Bitterorangen, Tabak und Gestein. Im Finale zeigt der Wein eine faszinierende Mischung aus Feuerstein und Salz. Der Wein steht nat\u00fcrlich erst am Anfang seiner Entwicklung, die locker zwei Jahrzehnte anhalten wird. Aber diese Balance von Frucht und Stein mitsamt den herben und pikanten Aspekten n\u00f6tigt einem jetzt schon sehr viel Respekt ab.<\/p>\n<p>Copyright Vinaturel 2025<\/p>\n<p>Keywords: <a href=\"https:\/\/wein-werte.com\/de\/shop\/?swoof=1&#038;pa_producer=Huet\">Huet<\/a> <a href=\"https:\/\/wein-werte.com\/de\/shop\/?swoof=1&#038;woof_text=Le Mont Moelleux\">Le Mont Moelleux<\/a> 2022 bio <a href=\"https:\/\/wein-werte.com\/de\/shop\/?swoof=1&#038;pa_region=Loire\">Loire<\/a> <a href=\"https:\/\/wein-werte.com\/de\/shop\/?swoof=1&#038;pa_country=Frankreich\">Frankreich<\/a><\/p>\n<h3>Vinous<\/h3>\n<p>Punkte: 94<\/p>\n<p>Der Le Mont Moelleux 2022 ist ein mittellieblicher, zarter Wein, der einfach einladend und ansprechend ist. Er ist der ruhige Typ, der nicht protzt. Er bietet F\u00fclle ohne Schwere, was ich an den Huet-Weinen immer sch\u00e4tze \u2013 sie schweben wie Chenin-Wolken \u00fcber den Gaumen. Ein feiner blumiger und fruchtiger Duft, der an Flieder, Birne und Ananas erinnert, verweilt im ruhigen Abgang. Obwohl die S\u00e4ure im 2022er etwas sanft ist, hat sie dennoch gen\u00fcgend Spannung, um den Wein zu tragen und zusammenzuhalten. Etwas mehr L\u00e4nge und Linie w\u00fcrden ihn noch weiter aufwerten. (51 g\/l RS, falls Sie interessiert sind). \u2013 Rebecca Gibb MW<br \/>Trinkfenster: 2023\u20132040<br \/>Bewertungsdatum: Oktober 2023<\/p>\n<p>Internetseite des Weinguts: <a href=\"https:\/\/www.domainehuet.com\/\" target=\"_blank\">https:\/\/www.domainehuet.com\/<\/a><\/p>\n","protected":false},"excerpt":{"rendered":"<p>Lieferzeit: 1 bis 2 Arbeitstage (DE), 2 bis 5 Arbeitstage (EU and CH)<\/p>\n","protected":false},"featured_media":1145662,"template":"","meta":[],"product_brand":[],"product_cat":[19],"product_tag":[],"class_list":{"0":"post-1135775","1":"product","2":"type-product","3":"status-publish","4":"has-post-thumbnail","6":"product_cat-unkategorisiert","7":"pa_alcohol-for-filter-12893","8":"pa_certified-biodynamic-ja-de","9":"pa_certified-organic-ja-de","10":"pa_colour-weiss","11":"pa_country-frankreich","12":"pa_grape-chenin-blanc","13":"pa_price-for-filter-10626","14":"pa_producer-huet","15":"pa_region-loire","16":"pa_size-ml-6584","17":"pa_sweetness-suess-de","18":"pa_type-2-still-de","19":"pa_vinous-points-for-filter-20033","20":"pa_vintage-2022-de","21":"entry","22":"has-media","24":"first","25":"instock","26":"taxable","27":"shipping-taxable","28":"purchasable","29":"product-type-simple"},"yoast_head":"<!-- This site is optimized with the Yoast SEO plugin v27.5 - https:\/\/yoast.com\/product\/yoast-seo-wordpress\/ -->\n<title>Huet Le Mont Moelleux 2022<\/title>\n<meta name=\"description\" content=\"Kaufe Huet Le Mont Moelleux 2022 (Chenin Blanc, s\u00fc\u00df aus Loire, Frankreich) bei Wein Werte, Ihrem nachhaltigen Onlineshop.\" \/>\n<meta name=\"robots\" content=\"index, follow, max-snippet:-1, max-image-preview:large, max-video-preview:-1\" \/>\n<link rel=\"canonical\" href=\"https:\/\/wein-werte.com\/de\/produkt\/huet-le-mont-moelleux-2022-750ml\/\" \/>\n<meta property=\"og:locale\" content=\"de_DE\" \/>\n<meta property=\"og:type\" content=\"article\" \/>\n<meta property=\"og:title\" content=\"Huet Le Mont Moelleux 2022\" \/>\n<meta property=\"og:description\" content=\"Kaufe Huet Le Mont Moelleux 2022 (Chenin Blanc, s\u00fc\u00df aus Loire, Frankreich) bei Wein Werte, Ihrem nachhaltigen Onlineshop.\" \/>\n<meta property=\"og:url\" content=\"https:\/\/wein-werte.com\/de\/produkt\/huet-le-mont-moelleux-2022-750ml\/\" \/>\n<meta property=\"og:site_name\" content=\"Wein Werte\" \/>\n<meta property=\"og:image\" content=\"https:\/\/wein-werte.com\/wp-content\/uploads\/2026\/04\/Huet-Le-Mont-Moelleux-2022-750ml.png\" \/>\n\t<meta property=\"og:image:width\" content=\"348\" \/>\n\t<meta property=\"og:image:height\" content=\"1200\" \/>\n\t<meta property=\"og:image:type\" content=\"image\/png\" \/>\n<meta name=\"twitter:card\" content=\"summary_large_image\" \/>\n<meta name=\"twitter:label1\" content=\"Gesch\u00e4tzte Lesezeit\" \/>\n\t<meta name=\"twitter:data1\" content=\"3\u00a0Minuten\" \/>\n<script type=\"application\/ld+json\" class=\"yoast-schema-graph\">{\"@context\":\"https:\\\/\\\/schema.org\",\"@graph\":[{\"@type\":\"WebPage\",\"@id\":\"https:\\\/\\\/wein-werte.com\\\/de\\\/produkt\\\/huet-le-mont-moelleux-2022-750ml\\\/\",\"url\":\"https:\\\/\\\/wein-werte.com\\\/de\\\/produkt\\\/huet-le-mont-moelleux-2022-750ml\\\/\",\"name\":\"Huet Le Mont Moelleux 2022\",\"isPartOf\":{\"@id\":\"https:\\\/\\\/wein-werte.com\\\/de\\\/#website\"},\"primaryImageOfPage\":{\"@id\":\"https:\\\/\\\/wein-werte.com\\\/de\\\/produkt\\\/huet-le-mont-moelleux-2022-750ml\\\/#primaryimage\"},\"image\":{\"@id\":\"https:\\\/\\\/wein-werte.com\\\/de\\\/produkt\\\/huet-le-mont-moelleux-2022-750ml\\\/#primaryimage\"},\"thumbnailUrl\":\"https:\\\/\\\/wein-werte.com\\\/wp-content\\\/uploads\\\/2026\\\/04\\\/Huet-Le-Mont-Moelleux-2022-750ml.png\",\"datePublished\":\"2026-05-05T16:34:33+00:00\",\"description\":\"Kaufe Huet Le Mont Moelleux 2022 (Chenin Blanc, s\u00fc\u00df aus Loire, Frankreich) bei Wein Werte, Ihrem nachhaltigen Onlineshop.\",\"breadcrumb\":{\"@id\":\"https:\\\/\\\/wein-werte.com\\\/de\\\/produkt\\\/huet-le-mont-moelleux-2022-750ml\\\/#breadcrumb\"},\"inLanguage\":\"de\",\"potentialAction\":[{\"@type\":\"ReadAction\",\"target\":[\"https:\\\/\\\/wein-werte.com\\\/de\\\/produkt\\\/huet-le-mont-moelleux-2022-750ml\\\/\"]}]},{\"@type\":\"ImageObject\",\"inLanguage\":\"de\",\"@id\":\"https:\\\/\\\/wein-werte.com\\\/de\\\/produkt\\\/huet-le-mont-moelleux-2022-750ml\\\/#primaryimage\",\"url\":\"https:\\\/\\\/wein-werte.com\\\/wp-content\\\/uploads\\\/2026\\\/04\\\/Huet-Le-Mont-Moelleux-2022-750ml.png\",\"contentUrl\":\"https:\\\/\\\/wein-werte.com\\\/wp-content\\\/uploads\\\/2026\\\/04\\\/Huet-Le-Mont-Moelleux-2022-750ml.png\",\"width\":348,\"height\":1200,\"caption\":\"Huet Le Mont Moelleux 2022 750ml\"},{\"@type\":\"BreadcrumbList\",\"@id\":\"https:\\\/\\\/wein-werte.com\\\/de\\\/produkt\\\/huet-le-mont-moelleux-2022-750ml\\\/#breadcrumb\",\"itemListElement\":[{\"@type\":\"ListItem\",\"position\":1,\"name\":\"Home\",\"item\":\"https:\\\/\\\/wein-werte.com\\\/de\\\/\"},{\"@type\":\"ListItem\",\"position\":2,\"name\":\"Shop\",\"item\":\"https:\\\/\\\/wein-werte.com\\\/de\\\/shop\\\/\"},{\"@type\":\"ListItem\",\"position\":3,\"name\":\"Huet | Loire | Le Mont Moelleux | 2022 | 750ml | bio\"}]},{\"@type\":\"WebSite\",\"@id\":\"https:\\\/\\\/wein-werte.com\\\/de\\\/#website\",\"url\":\"https:\\\/\\\/wein-werte.com\\\/de\\\/\",\"name\":\"Wein Werte\",\"description\":\"\",\"publisher\":{\"@id\":\"https:\\\/\\\/wein-werte.com\\\/de\\\/#organization\"},\"potentialAction\":[{\"@type\":\"SearchAction\",\"target\":{\"@type\":\"EntryPoint\",\"urlTemplate\":\"https:\\\/\\\/wein-werte.com\\\/de\\\/?s={search_term_string}\"},\"query-input\":{\"@type\":\"PropertyValueSpecification\",\"valueRequired\":true,\"valueName\":\"search_term_string\"}}],\"inLanguage\":\"de\"},{\"@type\":\"Organization\",\"@id\":\"https:\\\/\\\/wein-werte.com\\\/de\\\/#organization\",\"name\":\"Vins Fins Thorrold\",\"url\":\"https:\\\/\\\/wein-werte.com\\\/de\\\/\",\"logo\":{\"@type\":\"ImageObject\",\"inLanguage\":\"de\",\"@id\":\"https:\\\/\\\/wein-werte.com\\\/de\\\/#\\\/schema\\\/logo\\\/image\\\/\",\"url\":\"https:\\\/\\\/wein-werte.com\\\/wp-content\\\/uploads\\\/2023\\\/07\\\/Wein_werte_Logo700-1.png\",\"contentUrl\":\"https:\\\/\\\/wein-werte.com\\\/wp-content\\\/uploads\\\/2023\\\/07\\\/Wein_werte_Logo700-1.png\",\"width\":700,\"height\":272,\"caption\":\"Vins Fins Thorrold\"},\"image\":{\"@id\":\"https:\\\/\\\/wein-werte.com\\\/de\\\/#\\\/schema\\\/logo\\\/image\\\/\"}}]}<\/script>\n<!-- \/ Yoast SEO plugin. -->","yoast_head_json":{"title":"Huet Le Mont Moelleux 2022","description":"Kaufe Huet Le Mont Moelleux 2022 (Chenin Blanc, s\u00fc\u00df aus Loire, Frankreich) bei Wein Werte, Ihrem nachhaltigen Onlineshop.","robots":{"index":"index","follow":"follow","max-snippet":"max-snippet:-1","max-image-preview":"max-image-preview:large","max-video-preview":"max-video-preview:-1"},"canonical":"https:\/\/wein-werte.com\/de\/produkt\/huet-le-mont-moelleux-2022-750ml\/","og_locale":"de_DE","og_type":"article","og_title":"Huet Le Mont Moelleux 2022","og_description":"Kaufe Huet Le Mont Moelleux 2022 (Chenin Blanc, s\u00fc\u00df aus Loire, Frankreich) bei Wein Werte, Ihrem nachhaltigen Onlineshop.","og_url":"https:\/\/wein-werte.com\/de\/produkt\/huet-le-mont-moelleux-2022-750ml\/","og_site_name":"Wein Werte","og_image":[{"width":348,"height":1200,"url":"https:\/\/wein-werte.com\/wp-content\/uploads\/2026\/04\/Huet-Le-Mont-Moelleux-2022-750ml.png","type":"image\/png"}],"twitter_card":"summary_large_image","twitter_misc":{"Gesch\u00e4tzte Lesezeit":"3\u00a0Minuten"},"schema":{"@context":"https:\/\/schema.org","@graph":[{"@type":"WebPage","@id":"https:\/\/wein-werte.com\/de\/produkt\/huet-le-mont-moelleux-2022-750ml\/","url":"https:\/\/wein-werte.com\/de\/produkt\/huet-le-mont-moelleux-2022-750ml\/","name":"Huet Le Mont Moelleux 2022","isPartOf":{"@id":"https:\/\/wein-werte.com\/de\/#website"},"primaryImageOfPage":{"@id":"https:\/\/wein-werte.com\/de\/produkt\/huet-le-mont-moelleux-2022-750ml\/#primaryimage"},"image":{"@id":"https:\/\/wein-werte.com\/de\/produkt\/huet-le-mont-moelleux-2022-750ml\/#primaryimage"},"thumbnailUrl":"https:\/\/wein-werte.com\/wp-content\/uploads\/2026\/04\/Huet-Le-Mont-Moelleux-2022-750ml.png","datePublished":"2026-05-05T16:34:33+00:00","description":"Kaufe Huet Le Mont Moelleux 2022 (Chenin Blanc, s\u00fc\u00df aus Loire, Frankreich) bei Wein Werte, Ihrem nachhaltigen Onlineshop.","breadcrumb":{"@id":"https:\/\/wein-werte.com\/de\/produkt\/huet-le-mont-moelleux-2022-750ml\/#breadcrumb"},"inLanguage":"de","potentialAction":[{"@type":"ReadAction","target":["https:\/\/wein-werte.com\/de\/produkt\/huet-le-mont-moelleux-2022-750ml\/"]}]},{"@type":"ImageObject","inLanguage":"de","@id":"https:\/\/wein-werte.com\/de\/produkt\/huet-le-mont-moelleux-2022-750ml\/#primaryimage","url":"https:\/\/wein-werte.com\/wp-content\/uploads\/2026\/04\/Huet-Le-Mont-Moelleux-2022-750ml.png","contentUrl":"https:\/\/wein-werte.com\/wp-content\/uploads\/2026\/04\/Huet-Le-Mont-Moelleux-2022-750ml.png","width":348,"height":1200,"caption":"Huet Le Mont Moelleux 2022 750ml"},{"@type":"BreadcrumbList","@id":"https:\/\/wein-werte.com\/de\/produkt\/huet-le-mont-moelleux-2022-750ml\/#breadcrumb","itemListElement":[{"@type":"ListItem","position":1,"name":"Home","item":"https:\/\/wein-werte.com\/de\/"},{"@type":"ListItem","position":2,"name":"Shop","item":"https:\/\/wein-werte.com\/de\/shop\/"},{"@type":"ListItem","position":3,"name":"Huet | Loire | Le Mont Moelleux | 2022 | 750ml | bio"}]},{"@type":"WebSite","@id":"https:\/\/wein-werte.com\/de\/#website","url":"https:\/\/wein-werte.com\/de\/","name":"Wein Werte","description":"","publisher":{"@id":"https:\/\/wein-werte.com\/de\/#organization"},"potentialAction":[{"@type":"SearchAction","target":{"@type":"EntryPoint","urlTemplate":"https:\/\/wein-werte.com\/de\/?s={search_term_string}"},"query-input":{"@type":"PropertyValueSpecification","valueRequired":true,"valueName":"search_term_string"}}],"inLanguage":"de"},{"@type":"Organization","@id":"https:\/\/wein-werte.com\/de\/#organization","name":"Vins Fins Thorrold","url":"https:\/\/wein-werte.com\/de\/","logo":{"@type":"ImageObject","inLanguage":"de","@id":"https:\/\/wein-werte.com\/de\/#\/schema\/logo\/image\/","url":"https:\/\/wein-werte.com\/wp-content\/uploads\/2023\/07\/Wein_werte_Logo700-1.png","contentUrl":"https:\/\/wein-werte.com\/wp-content\/uploads\/2023\/07\/Wein_werte_Logo700-1.png","width":700,"height":272,"caption":"Vins Fins Thorrold"},"image":{"@id":"https:\/\/wein-werte.com\/de\/#\/schema\/logo\/image\/"}}]}},"_links":{"self":[{"href":"https:\/\/wein-werte.com\/de\/wp-json\/wp\/v2\/product\/1135775","targetHints":{"allow":["GET"]}}],"collection":[{"href":"https:\/\/wein-werte.com\/de\/wp-json\/wp\/v2\/product"}],"about":[{"href":"https:\/\/wein-werte.com\/de\/wp-json\/wp\/v2\/types\/product"}],"wp:featuredmedia":[{"embeddable":true,"href":"https:\/\/wein-werte.com\/de\/wp-json\/wp\/v2\/media\/1145662"}],"wp:attachment":[{"href":"https:\/\/wein-werte.com\/de\/wp-json\/wp\/v2\/media?parent=1135775"}],"wp:term":[{"taxonomy":"product_brand","embeddable":true,"href":"https:\/\/wein-werte.com\/de\/wp-json\/wp\/v2\/product_brand?post=1135775"},{"taxonomy":"product_cat","embeddable":true,"href":"https:\/\/wein-werte.com\/de\/wp-json\/wp\/v2\/product_cat?post=1135775"},{"taxonomy":"product_tag","embeddable":true,"href":"https:\/\/wein-werte.com\/de\/wp-json\/wp\/v2\/product_tag?post=1135775"}],"curies":[{"name":"wp","href":"https:\/\/api.w.org\/{rel}","templated":true}]}}