{"id":1135770,"date":"2026-05-08T20:09:27","date_gmt":"2026-05-08T18:09:27","guid":{"rendered":"https:\/\/wein-werte.com\/product\/huet-le-haut-lieu-moelleux-2022-750ml\/"},"modified":"2026-04-27T12:05:25","modified_gmt":"2026-04-27T10:05:25","slug":"huet-le-haut-lieu-moelleux-2022-750ml","status":"publish","type":"product","link":"https:\/\/wein-werte.com\/de\/produkt\/huet-le-haut-lieu-moelleux-2022-750ml\/","title":{"rendered":"Huet | Loire | Le Haut Lieu Moelleux | 2022 | 750ml | bio"},"content":{"rendered":"<p>Produktbeschreibung f\u00fcr Huet Le Haut Lieu Moelleux 2022 (bio) <\/p>\n<h5>Informationen zum Wein<\/h5>\n<p> Der Haut-Lieu ist der Weinberg, der den Ursprung des Weinguts Huet bildet. Die Familie Huet besuchte das Dorf Vouvray erstmals 1928 und war von dem Anwesen, das heute das Weingut bildet, und dem f\u00fcnf Hektar umfassenden Weinberg Le Haut-Lieu so begeistert, dass sie beide erwarb und das Weingut Huet gr\u00fcndete. Le Haut-Lieu liegt auf dem Plateau von Vouvray und ist gepr\u00e4gt von tiefbraunem Lehm mit ein wenig Feuerstein und Kreide im Oberboden. Den Oberboden nennt man \u00f6rtlich aubuis. Das Grundgestein besteht aus gelbem Tuffeau-Kalkstein, und der liegt vier Meter tief. Die Lese begann in 2022 am 8. September (der zweitfr\u00fcheste Zeitpunkt in der Weingutsgeschichte) und endete sechs Wochen sp\u00e4ter (so lange haben die Erntehelfer, in diesem Jahr waren es 24, noch nie gelesen. Da Hitzewellen und Trockenheit zu sehr heterogen reifendem Traubenmaterial gef\u00fchrt haben, konnten alle Varianten des Chenin Blanc vom Grundwein f\u00fcr P\u00e9tillants bis zu 1er Trie erzeugt werden. Wie \u00fcblich wurden die Trauben innerhalb der vielen Lesedurchg\u00e4nge penibel sortiert, gepresst und spontan vergoren. Eine malolaktische G\u00e4rung erfolgte nur in Ausnahmef\u00e4llen und bei einzelnen F\u00e4ssern. Ausgebaut wurde der Wein in gebrauchten Demi-Muids. Moelleux 2022 hei\u00dft bei Huet: 48 Gramm Rests\u00fc\u00dfe. <\/p>\n<h5>Farbe<\/h5>\n<p> helles Goldgelb <\/p>\n<h5>Nase<\/h5>\n<p> Der Le Haut-Lieu Moelleux duftet nach herber Bitterorange, nimmt aber auch ein wenig die S\u00fc\u00dfe von Bitterorangenmarmelade mit auf. Zudem erinnert der Wein an reifes, saftiges Steinobst mit einer k\u00fchlen Note von Vanilleeis. Wie man es von einem Chenin Blanc erwartet, sind aber auch Ankl\u00e4nge von Lanolin, Birnen, \u00c4pfeln und vor allem Apfelschalen vorhanden. Im Hintergrund findet sich eine ganz leicht rauchige, steinige Note. <\/p>\n<h5>Gaumen<\/h5>\n<p> Der Schl\u00fcsselbegriff f\u00fcr die Vouvrays des Weinguts Huet ist Balance. Balance ist alles, vor allem bei den rests\u00fc\u00dfen Weinen. Der 2022er Le Haut-Lieu Moelleux verf\u00fcgt \u00fcber 48 Gramm Restzucker aber gleichzeitig \u00fcber so viel S\u00e4ure, dass sich eine gro\u00dfe Harmonie einstellt. Der Wein wirkt rund, seidig, s\u00fcffig und zeitlos. Der Gerbstoff schmiegt sich ganz zart an den Gaumen. Die Das W\u00fcrzig-Pikante von Kr\u00e4utern, blondem Tabak und Zesten zeigt sich erst im ellenlangen Finale, wo es sich mit einer leichten Salzigkeit vermischt. Nat\u00fcrlich sp\u00fcrt man die S\u00fc\u00dfe des Moelleux, doch ist sie komplett eingebunden in die Frische, in die klare S\u00e4ure und die anregende Mineralit\u00e4t. Hier findet sich viel Energie und eine wunderbare Spannung, die sich erst in den Anf\u00e4ngen zeigt und sich in den n\u00e4chsten Jahren oder Jahrzehnten noch weiter entwickeln wird.<\/p>\n<p>Copyright Vinaturel 2025<\/p>\n<p>Keywords: <a href=\"https:\/\/wein-werte.com\/de\/shop\/?swoof=1&#038;pa_producer=Huet\">Huet<\/a> <a href=\"https:\/\/wein-werte.com\/de\/shop\/?swoof=1&#038;woof_text=Le Haut Lieu Moelleux\">Le Haut Lieu Moelleux<\/a> 2022 bio <a href=\"https:\/\/wein-werte.com\/de\/shop\/?swoof=1&#038;pa_region=Loire\">Loire<\/a> <a href=\"https:\/\/wein-werte.com\/de\/shop\/?swoof=1&#038;pa_country=Frankreich\">Frankreich<\/a><\/p>\n<h3>Vinous<\/h3>\n<p>Punkte: 93<\/p>\n<p>Der Le Haut-Lieu Moelleux 2022 ist ein geschmeidiger, zarter Wein. Er ist zart am Gaumen, saftig und mittellieblich, was eine beachtliche Leistung ist. Weltweit werden Sie kaum einen Produzenten finden, der diese Balance erreicht. Er duftet fein und zart nach Apfel, Birne und sogar einem Hauch Sellerie. Der Abgang ist sanft, mit einer feinen Textur, die den Gaumen leicht umh\u00fcllt. Etwas k\u00fcrzer als ich es mir w\u00fcnsche, aber trotzdem ein super Wein. (47 g\/L RS) \u2013 Rebecca Gibb MW<br \/>Trinkfenster: 2023\u20132043<br \/>Testdatum: Oktober 2023<\/p>\n<p>Internetseite des Weinguts: <a href=\"https:\/\/www.domainehuet.com\/\" target=\"_blank\">https:\/\/www.domainehuet.com\/<\/a><\/p>\n","protected":false},"excerpt":{"rendered":"<p>Lieferzeit: 1 bis 2 Arbeitstage (DE), 2 bis 5 Arbeitstage (EU and CH)<\/p>\n","protected":false},"featured_media":1145658,"template":"","meta":[],"product_brand":[],"product_cat":[19],"product_tag":[],"class_list":{"0":"post-1135770","1":"product","2":"type-product","3":"status-publish","4":"has-post-thumbnail","6":"product_cat-unkategorisiert","7":"pa_alcohol-for-filter-12-5","8":"pa_certified-biodynamic-ja-de","9":"pa_certified-organic-ja-de","10":"pa_colour-weiss","11":"pa_country-frankreich","12":"pa_grape-chenin-blanc","13":"pa_price-for-filter-10585","14":"pa_producer-huet","15":"pa_region-loire","16":"pa_size-ml-6584","17":"pa_sweetness-suess-de","18":"pa_type-2-still-de","19":"pa_vinous-points-for-filter-20031","20":"pa_vintage-2022-de","21":"entry","22":"has-media","24":"first","25":"instock","26":"taxable","27":"shipping-taxable","28":"purchasable","29":"product-type-simple"},"yoast_head":"<!-- This site is optimized with the Yoast SEO plugin v27.5 - https:\/\/yoast.com\/product\/yoast-seo-wordpress\/ -->\n<title>Huet Le Haut Lieu Moelleux 2022<\/title>\n<meta name=\"description\" content=\"Kaufe Huet Le Haut Lieu Moelleux 2022 (Chenin Blanc, s\u00fc\u00df aus Loire, Frankreich) bei Wein Werte, Ihrem nachhaltigen Onlineshop.\" \/>\n<meta name=\"robots\" content=\"index, follow, max-snippet:-1, max-image-preview:large, max-video-preview:-1\" \/>\n<link rel=\"canonical\" href=\"https:\/\/wein-werte.com\/de\/produkt\/huet-le-haut-lieu-moelleux-2022-750ml\/\" \/>\n<meta property=\"og:locale\" content=\"de_DE\" \/>\n<meta property=\"og:type\" content=\"article\" \/>\n<meta property=\"og:title\" content=\"Huet Le Haut Lieu Moelleux 2022\" \/>\n<meta property=\"og:description\" content=\"Kaufe Huet Le Haut Lieu Moelleux 2022 (Chenin Blanc, s\u00fc\u00df aus Loire, Frankreich) bei Wein Werte, Ihrem nachhaltigen Onlineshop.\" \/>\n<meta property=\"og:url\" content=\"https:\/\/wein-werte.com\/de\/produkt\/huet-le-haut-lieu-moelleux-2022-750ml\/\" \/>\n<meta property=\"og:site_name\" content=\"Wein Werte\" \/>\n<meta property=\"og:image\" content=\"https:\/\/wein-werte.com\/wp-content\/uploads\/2026\/04\/Huet-Le-Haut-Lieu-Moelleux-2022-750ml.png\" \/>\n\t<meta property=\"og:image:width\" content=\"349\" \/>\n\t<meta property=\"og:image:height\" content=\"1200\" \/>\n\t<meta property=\"og:image:type\" content=\"image\/png\" \/>\n<meta name=\"twitter:card\" content=\"summary_large_image\" \/>\n<meta name=\"twitter:label1\" content=\"Gesch\u00e4tzte Lesezeit\" \/>\n\t<meta name=\"twitter:data1\" content=\"3\u00a0Minuten\" \/>\n<script type=\"application\/ld+json\" class=\"yoast-schema-graph\">{\"@context\":\"https:\\\/\\\/schema.org\",\"@graph\":[{\"@type\":\"WebPage\",\"@id\":\"https:\\\/\\\/wein-werte.com\\\/de\\\/produkt\\\/huet-le-haut-lieu-moelleux-2022-750ml\\\/\",\"url\":\"https:\\\/\\\/wein-werte.com\\\/de\\\/produkt\\\/huet-le-haut-lieu-moelleux-2022-750ml\\\/\",\"name\":\"Huet Le Haut Lieu Moelleux 2022\",\"isPartOf\":{\"@id\":\"https:\\\/\\\/wein-werte.com\\\/de\\\/#website\"},\"primaryImageOfPage\":{\"@id\":\"https:\\\/\\\/wein-werte.com\\\/de\\\/produkt\\\/huet-le-haut-lieu-moelleux-2022-750ml\\\/#primaryimage\"},\"image\":{\"@id\":\"https:\\\/\\\/wein-werte.com\\\/de\\\/produkt\\\/huet-le-haut-lieu-moelleux-2022-750ml\\\/#primaryimage\"},\"thumbnailUrl\":\"https:\\\/\\\/wein-werte.com\\\/wp-content\\\/uploads\\\/2026\\\/04\\\/Huet-Le-Haut-Lieu-Moelleux-2022-750ml.png\",\"datePublished\":\"2026-05-08T18:09:27+00:00\",\"description\":\"Kaufe Huet Le Haut Lieu Moelleux 2022 (Chenin Blanc, s\u00fc\u00df aus Loire, Frankreich) bei Wein Werte, Ihrem nachhaltigen Onlineshop.\",\"breadcrumb\":{\"@id\":\"https:\\\/\\\/wein-werte.com\\\/de\\\/produkt\\\/huet-le-haut-lieu-moelleux-2022-750ml\\\/#breadcrumb\"},\"inLanguage\":\"de\",\"potentialAction\":[{\"@type\":\"ReadAction\",\"target\":[\"https:\\\/\\\/wein-werte.com\\\/de\\\/produkt\\\/huet-le-haut-lieu-moelleux-2022-750ml\\\/\"]}]},{\"@type\":\"ImageObject\",\"inLanguage\":\"de\",\"@id\":\"https:\\\/\\\/wein-werte.com\\\/de\\\/produkt\\\/huet-le-haut-lieu-moelleux-2022-750ml\\\/#primaryimage\",\"url\":\"https:\\\/\\\/wein-werte.com\\\/wp-content\\\/uploads\\\/2026\\\/04\\\/Huet-Le-Haut-Lieu-Moelleux-2022-750ml.png\",\"contentUrl\":\"https:\\\/\\\/wein-werte.com\\\/wp-content\\\/uploads\\\/2026\\\/04\\\/Huet-Le-Haut-Lieu-Moelleux-2022-750ml.png\",\"width\":349,\"height\":1200,\"caption\":\"Huet Le Haut Lieu Moelleux 2022 750ml\"},{\"@type\":\"BreadcrumbList\",\"@id\":\"https:\\\/\\\/wein-werte.com\\\/de\\\/produkt\\\/huet-le-haut-lieu-moelleux-2022-750ml\\\/#breadcrumb\",\"itemListElement\":[{\"@type\":\"ListItem\",\"position\":1,\"name\":\"Home\",\"item\":\"https:\\\/\\\/wein-werte.com\\\/de\\\/\"},{\"@type\":\"ListItem\",\"position\":2,\"name\":\"Shop\",\"item\":\"https:\\\/\\\/wein-werte.com\\\/de\\\/shop\\\/\"},{\"@type\":\"ListItem\",\"position\":3,\"name\":\"Huet | Loire | Le Haut Lieu Moelleux | 2022 | 750ml | bio\"}]},{\"@type\":\"WebSite\",\"@id\":\"https:\\\/\\\/wein-werte.com\\\/de\\\/#website\",\"url\":\"https:\\\/\\\/wein-werte.com\\\/de\\\/\",\"name\":\"Wein Werte\",\"description\":\"\",\"publisher\":{\"@id\":\"https:\\\/\\\/wein-werte.com\\\/de\\\/#organization\"},\"potentialAction\":[{\"@type\":\"SearchAction\",\"target\":{\"@type\":\"EntryPoint\",\"urlTemplate\":\"https:\\\/\\\/wein-werte.com\\\/de\\\/?s={search_term_string}\"},\"query-input\":{\"@type\":\"PropertyValueSpecification\",\"valueRequired\":true,\"valueName\":\"search_term_string\"}}],\"inLanguage\":\"de\"},{\"@type\":\"Organization\",\"@id\":\"https:\\\/\\\/wein-werte.com\\\/de\\\/#organization\",\"name\":\"Vins Fins Thorrold\",\"url\":\"https:\\\/\\\/wein-werte.com\\\/de\\\/\",\"logo\":{\"@type\":\"ImageObject\",\"inLanguage\":\"de\",\"@id\":\"https:\\\/\\\/wein-werte.com\\\/de\\\/#\\\/schema\\\/logo\\\/image\\\/\",\"url\":\"https:\\\/\\\/wein-werte.com\\\/wp-content\\\/uploads\\\/2023\\\/07\\\/Wein_werte_Logo700-1.png\",\"contentUrl\":\"https:\\\/\\\/wein-werte.com\\\/wp-content\\\/uploads\\\/2023\\\/07\\\/Wein_werte_Logo700-1.png\",\"width\":700,\"height\":272,\"caption\":\"Vins Fins Thorrold\"},\"image\":{\"@id\":\"https:\\\/\\\/wein-werte.com\\\/de\\\/#\\\/schema\\\/logo\\\/image\\\/\"}}]}<\/script>\n<!-- \/ Yoast SEO plugin. -->","yoast_head_json":{"title":"Huet Le Haut Lieu Moelleux 2022","description":"Kaufe Huet Le Haut Lieu Moelleux 2022 (Chenin Blanc, s\u00fc\u00df aus Loire, Frankreich) bei Wein Werte, Ihrem nachhaltigen Onlineshop.","robots":{"index":"index","follow":"follow","max-snippet":"max-snippet:-1","max-image-preview":"max-image-preview:large","max-video-preview":"max-video-preview:-1"},"canonical":"https:\/\/wein-werte.com\/de\/produkt\/huet-le-haut-lieu-moelleux-2022-750ml\/","og_locale":"de_DE","og_type":"article","og_title":"Huet Le Haut Lieu Moelleux 2022","og_description":"Kaufe Huet Le Haut Lieu Moelleux 2022 (Chenin Blanc, s\u00fc\u00df aus Loire, Frankreich) bei Wein Werte, Ihrem nachhaltigen Onlineshop.","og_url":"https:\/\/wein-werte.com\/de\/produkt\/huet-le-haut-lieu-moelleux-2022-750ml\/","og_site_name":"Wein Werte","og_image":[{"width":349,"height":1200,"url":"https:\/\/wein-werte.com\/wp-content\/uploads\/2026\/04\/Huet-Le-Haut-Lieu-Moelleux-2022-750ml.png","type":"image\/png"}],"twitter_card":"summary_large_image","twitter_misc":{"Gesch\u00e4tzte Lesezeit":"3\u00a0Minuten"},"schema":{"@context":"https:\/\/schema.org","@graph":[{"@type":"WebPage","@id":"https:\/\/wein-werte.com\/de\/produkt\/huet-le-haut-lieu-moelleux-2022-750ml\/","url":"https:\/\/wein-werte.com\/de\/produkt\/huet-le-haut-lieu-moelleux-2022-750ml\/","name":"Huet Le Haut Lieu Moelleux 2022","isPartOf":{"@id":"https:\/\/wein-werte.com\/de\/#website"},"primaryImageOfPage":{"@id":"https:\/\/wein-werte.com\/de\/produkt\/huet-le-haut-lieu-moelleux-2022-750ml\/#primaryimage"},"image":{"@id":"https:\/\/wein-werte.com\/de\/produkt\/huet-le-haut-lieu-moelleux-2022-750ml\/#primaryimage"},"thumbnailUrl":"https:\/\/wein-werte.com\/wp-content\/uploads\/2026\/04\/Huet-Le-Haut-Lieu-Moelleux-2022-750ml.png","datePublished":"2026-05-08T18:09:27+00:00","description":"Kaufe Huet Le Haut Lieu Moelleux 2022 (Chenin Blanc, s\u00fc\u00df aus Loire, Frankreich) bei Wein Werte, Ihrem nachhaltigen Onlineshop.","breadcrumb":{"@id":"https:\/\/wein-werte.com\/de\/produkt\/huet-le-haut-lieu-moelleux-2022-750ml\/#breadcrumb"},"inLanguage":"de","potentialAction":[{"@type":"ReadAction","target":["https:\/\/wein-werte.com\/de\/produkt\/huet-le-haut-lieu-moelleux-2022-750ml\/"]}]},{"@type":"ImageObject","inLanguage":"de","@id":"https:\/\/wein-werte.com\/de\/produkt\/huet-le-haut-lieu-moelleux-2022-750ml\/#primaryimage","url":"https:\/\/wein-werte.com\/wp-content\/uploads\/2026\/04\/Huet-Le-Haut-Lieu-Moelleux-2022-750ml.png","contentUrl":"https:\/\/wein-werte.com\/wp-content\/uploads\/2026\/04\/Huet-Le-Haut-Lieu-Moelleux-2022-750ml.png","width":349,"height":1200,"caption":"Huet Le Haut Lieu Moelleux 2022 750ml"},{"@type":"BreadcrumbList","@id":"https:\/\/wein-werte.com\/de\/produkt\/huet-le-haut-lieu-moelleux-2022-750ml\/#breadcrumb","itemListElement":[{"@type":"ListItem","position":1,"name":"Home","item":"https:\/\/wein-werte.com\/de\/"},{"@type":"ListItem","position":2,"name":"Shop","item":"https:\/\/wein-werte.com\/de\/shop\/"},{"@type":"ListItem","position":3,"name":"Huet | Loire | Le Haut Lieu Moelleux | 2022 | 750ml | bio"}]},{"@type":"WebSite","@id":"https:\/\/wein-werte.com\/de\/#website","url":"https:\/\/wein-werte.com\/de\/","name":"Wein Werte","description":"","publisher":{"@id":"https:\/\/wein-werte.com\/de\/#organization"},"potentialAction":[{"@type":"SearchAction","target":{"@type":"EntryPoint","urlTemplate":"https:\/\/wein-werte.com\/de\/?s={search_term_string}"},"query-input":{"@type":"PropertyValueSpecification","valueRequired":true,"valueName":"search_term_string"}}],"inLanguage":"de"},{"@type":"Organization","@id":"https:\/\/wein-werte.com\/de\/#organization","name":"Vins Fins Thorrold","url":"https:\/\/wein-werte.com\/de\/","logo":{"@type":"ImageObject","inLanguage":"de","@id":"https:\/\/wein-werte.com\/de\/#\/schema\/logo\/image\/","url":"https:\/\/wein-werte.com\/wp-content\/uploads\/2023\/07\/Wein_werte_Logo700-1.png","contentUrl":"https:\/\/wein-werte.com\/wp-content\/uploads\/2023\/07\/Wein_werte_Logo700-1.png","width":700,"height":272,"caption":"Vins Fins Thorrold"},"image":{"@id":"https:\/\/wein-werte.com\/de\/#\/schema\/logo\/image\/"}}]}},"_links":{"self":[{"href":"https:\/\/wein-werte.com\/de\/wp-json\/wp\/v2\/product\/1135770","targetHints":{"allow":["GET"]}}],"collection":[{"href":"https:\/\/wein-werte.com\/de\/wp-json\/wp\/v2\/product"}],"about":[{"href":"https:\/\/wein-werte.com\/de\/wp-json\/wp\/v2\/types\/product"}],"wp:featuredmedia":[{"embeddable":true,"href":"https:\/\/wein-werte.com\/de\/wp-json\/wp\/v2\/media\/1145658"}],"wp:attachment":[{"href":"https:\/\/wein-werte.com\/de\/wp-json\/wp\/v2\/media?parent=1135770"}],"wp:term":[{"taxonomy":"product_brand","embeddable":true,"href":"https:\/\/wein-werte.com\/de\/wp-json\/wp\/v2\/product_brand?post=1135770"},{"taxonomy":"product_cat","embeddable":true,"href":"https:\/\/wein-werte.com\/de\/wp-json\/wp\/v2\/product_cat?post=1135770"},{"taxonomy":"product_tag","embeddable":true,"href":"https:\/\/wein-werte.com\/de\/wp-json\/wp\/v2\/product_tag?post=1135770"}],"curies":[{"name":"wp","href":"https:\/\/api.w.org\/{rel}","templated":true}]}}