{"id":1135760,"date":"2026-05-05T18:34:32","date_gmt":"2026-05-05T16:34:32","guid":{"rendered":"https:\/\/wein-werte.com\/product\/huet-clos-du-bourg-demi-sec-2022-375ml\/"},"modified":"2026-04-27T12:05:24","modified_gmt":"2026-04-27T10:05:24","slug":"huet-clos-du-bourg-demi-sec-2022-375ml","status":"publish","type":"product","link":"https:\/\/wein-werte.com\/de\/produkt\/huet-clos-du-bourg-demi-sec-2022-375ml\/","title":{"rendered":"Huet | Loire | Clos du Bourg demi-sec | 2022 | 375ml | bio"},"content":{"rendered":"<p>Produktbeschreibung f\u00fcr Huet Clos du Bourg demi-sec 2022 (bio) <\/p>\n<h5>Informationen zum Wein<\/h5>\n<p> Der Clos du Bourg liegt oberhalb der Kirche von Vouvray und umfasst sechs Hektar Weinlagen, die von einer alten Steinmauer umgeben sind \u2013 daher \u201eClos\u201c. Es handelt sich um eine der \u00e4ltesten Grand-Cru-Parzellen Frankreichs. Sie wird bereits im 7. Jahrhundert erw\u00e4hnt. Der flache Boden des Weingartens besteht aus Lehm mit Feuerstein und Kreide-Einschl\u00fcssen. Er befindet sich auf einem typischen turonischen Tuffeau-Kalksteinfelsen. Hier erreichen die Reben den Tuffstein schon nach einem Meter. Die Lese begann in 2022 am 8. September (der zweitfr\u00fcheste Zeitpunkt in der Weingutsgeschichte) und endete sechs Wochen sp\u00e4ter (so lange haben die Erntehelfer, in diesem Jahr waren es 24, noch nie gelesen. Da Hitzewellen und Trockenheit zu sehr heterogen reifendem Traubenmaterial gef\u00fchrt haben, konnten alle Varianten des Chenin Blanc vom Grundwein f\u00fcr P\u00e9tillants bis zu 1er Trie erzeugt werden. Wie \u00fcblich wurden die Trauben innerhalb der vielen Lesedurchg\u00e4nge penibel sortiert, gepresst und spontan vergoren. Eine malolaktische G\u00e4rung erfolgte nur in Ausnahmef\u00e4llen und bei einzelnen F\u00e4ssern. Ausgebaut wurde der Wein in gebrauchten Demi-Muids. Der Clos du Bourg Demi-Sec 2022 verf\u00fcgt \u00fcber 18 Gramm Rests\u00fc\u00dfe. <\/p>\n<h5>Farbe<\/h5>\n<p> mittleres Strohgelb <\/p>\n<h5>Nase<\/h5>\n<p> Der 2022er Clos du Bourg Demi-Sec wirkt saftig, cremig und seidig mit einer vollen Frucht, die an reife, teils knackige, teils m\u00fcrbe \u00c4pfel, Birnen und Quitten erinnert. Dazu kommen saftige und auch leicht herbe Noten von Kumquats. Ein wenig Rauch und wei\u00dfe Bl\u00fcten runden das Gesamtbild ab. <\/p>\n<h5>Gaumen<\/h5>\n<p> Am Gaumen sorgt der Vouvray f\u00fcr einen vollen, runden, satten und tiefen Auftakt mit viel gelber Frucht von \u00c4pfeln und Birnen. Die Frucht wirkt reif und sch\u00f6n. Die Saftigkeit ist enorm und es ist klar, dass das alles in den n\u00e4chsten Jahren noch weiter auff\u00e4chert und tiefer wird. Aber schon jetzt ist das ein wundersch\u00f6ner Wein mit einem tragenden S\u00e4urebogen und einer herrlichen Mischung aus Tiefe und Leichtigkeit. Das wirkt \u00fcberaus verf\u00fchrerisch, und wie so oft in den letzten Jahren wei\u00df man gar nicht, wie man sich dazu zwingen kann, diesem Wein noch mehrere Jahre Flaschenreife zu g\u00f6nnen und sich gleichzeitig dieses Vergn\u00fcgen so lange zu versagen.<\/p>\n<p>Copyright Vinaturel 2025<\/p>\n<p>Keywords: <a href=\"https:\/\/wein-werte.com\/de\/shop\/?swoof=1&#038;pa_producer=Huet\">Huet<\/a> <a href=\"https:\/\/wein-werte.com\/de\/shop\/?swoof=1&#038;woof_text=Clos du Bourg demi-sec\">Clos du Bourg demi-sec<\/a> 2022 bio <a href=\"https:\/\/wein-werte.com\/de\/shop\/?swoof=1&#038;pa_region=Loire\">Loire<\/a> <a href=\"https:\/\/wein-werte.com\/de\/shop\/?swoof=1&#038;pa_country=Frankreich\">Frankreich<\/a><\/p>\n<h3>Vinous<\/h3>\n<p>Punkte: 94<\/p>\n<p>Der Clos du Bourg Demi-Sec 2022 ist rund und ansprechend, wie ein gem\u00fctlicher Abend in Hausschuhen; er ist fleischig und saftig, beh\u00e4lt aber seine Form und ein Gef\u00fchl von Leichtigkeit an den F\u00fc\u00dfen. Die Reife des wei\u00dfen Steinobstes erinnert an Nektarine, und ein berauschender, blumiger Charakter erinnert an Gei\u00dfblatt, ja sogar an Jasmin. Dennoch zeigt er seine Herkunft in seiner feinen Textur und Linie. (RS 17,5 g\/L) \u2013 Rebecca Gibb MW<br \/>Trinkfenster: 2023\u20132038<br \/>Testdatum: Oktober 2023<\/p>\n<p>Internetseite des Weinguts: <a href=\"https:\/\/www.domainehuet.com\/\" target=\"_blank\">https:\/\/www.domainehuet.com\/<\/a><\/p>\n","protected":false},"excerpt":{"rendered":"<p>Lieferzeit: 1 bis 2 Arbeitstage (DE), 2 bis 5 Arbeitstage (EU and CH)<\/p>\n","protected":false},"featured_media":1145650,"template":"","meta":[],"product_brand":[],"product_cat":[19],"product_tag":[],"class_list":{"0":"post-1135760","1":"product","2":"type-product","3":"status-publish","4":"has-post-thumbnail","6":"product_cat-unkategorisiert","7":"pa_alcohol-for-filter-12897","8":"pa_certified-biodynamic-ja-de","9":"pa_certified-organic-ja-de","10":"pa_colour-weiss","11":"pa_country-frankreich","12":"pa_grape-chenin-blanc","13":"pa_price-for-filter-10661","14":"pa_producer-huet","15":"pa_region-loire","16":"pa_size-ml-6721","17":"pa_sweetness-halbtrocken","18":"pa_type-2-still-de","19":"pa_vinous-points-for-filter-20033","20":"pa_vintage-2022-de","21":"entry","22":"has-media","24":"first","25":"instock","26":"taxable","27":"shipping-taxable","28":"purchasable","29":"product-type-simple"},"yoast_head":"<!-- This site is optimized with the Yoast SEO plugin v27.5 - https:\/\/yoast.com\/product\/yoast-seo-wordpress\/ -->\n<title>Huet Clos du Bourg demi-sec 2022, 375ml<\/title>\n<meta name=\"description\" content=\"Kaufe Huet Clos du Bourg demi-sec 2022 (Chenin Blanc, halbtrocken aus Loire, Frankreich) bei Wein Werte, Ihrem nachhaltigen Onlineshop.\" \/>\n<meta name=\"robots\" content=\"index, follow, max-snippet:-1, max-image-preview:large, max-video-preview:-1\" \/>\n<link rel=\"canonical\" href=\"https:\/\/wein-werte.com\/de\/produkt\/huet-clos-du-bourg-demi-sec-2022-375ml\/\" \/>\n<meta property=\"og:locale\" content=\"de_DE\" \/>\n<meta property=\"og:type\" content=\"article\" \/>\n<meta property=\"og:title\" content=\"Huet Clos du Bourg demi-sec 2022, 375ml\" \/>\n<meta property=\"og:description\" content=\"Kaufe Huet Clos du Bourg demi-sec 2022 (Chenin Blanc, halbtrocken aus Loire, Frankreich) bei Wein Werte, Ihrem nachhaltigen Onlineshop.\" \/>\n<meta property=\"og:url\" content=\"https:\/\/wein-werte.com\/de\/produkt\/huet-clos-du-bourg-demi-sec-2022-375ml\/\" \/>\n<meta property=\"og:site_name\" content=\"Wein Werte\" \/>\n<meta property=\"og:image\" content=\"https:\/\/wein-werte.com\/wp-content\/uploads\/2026\/04\/Huet-Clos-du-Bourg-demi-sec-2022-375ml.png\" \/>\n\t<meta property=\"og:image:width\" content=\"312\" \/>\n\t<meta property=\"og:image:height\" content=\"1200\" \/>\n\t<meta property=\"og:image:type\" content=\"image\/png\" \/>\n<meta name=\"twitter:card\" content=\"summary_large_image\" \/>\n<meta name=\"twitter:label1\" content=\"Gesch\u00e4tzte Lesezeit\" \/>\n\t<meta name=\"twitter:data1\" content=\"2\u00a0Minuten\" \/>\n<script type=\"application\/ld+json\" class=\"yoast-schema-graph\">{\"@context\":\"https:\\\/\\\/schema.org\",\"@graph\":[{\"@type\":\"WebPage\",\"@id\":\"https:\\\/\\\/wein-werte.com\\\/de\\\/produkt\\\/huet-clos-du-bourg-demi-sec-2022-375ml\\\/\",\"url\":\"https:\\\/\\\/wein-werte.com\\\/de\\\/produkt\\\/huet-clos-du-bourg-demi-sec-2022-375ml\\\/\",\"name\":\"Huet Clos du Bourg demi-sec 2022, 375ml\",\"isPartOf\":{\"@id\":\"https:\\\/\\\/wein-werte.com\\\/de\\\/#website\"},\"primaryImageOfPage\":{\"@id\":\"https:\\\/\\\/wein-werte.com\\\/de\\\/produkt\\\/huet-clos-du-bourg-demi-sec-2022-375ml\\\/#primaryimage\"},\"image\":{\"@id\":\"https:\\\/\\\/wein-werte.com\\\/de\\\/produkt\\\/huet-clos-du-bourg-demi-sec-2022-375ml\\\/#primaryimage\"},\"thumbnailUrl\":\"https:\\\/\\\/wein-werte.com\\\/wp-content\\\/uploads\\\/2026\\\/04\\\/Huet-Clos-du-Bourg-demi-sec-2022-375ml.png\",\"datePublished\":\"2026-05-05T16:34:32+00:00\",\"description\":\"Kaufe Huet Clos du Bourg demi-sec 2022 (Chenin Blanc, halbtrocken aus Loire, Frankreich) bei Wein Werte, Ihrem nachhaltigen Onlineshop.\",\"breadcrumb\":{\"@id\":\"https:\\\/\\\/wein-werte.com\\\/de\\\/produkt\\\/huet-clos-du-bourg-demi-sec-2022-375ml\\\/#breadcrumb\"},\"inLanguage\":\"de\",\"potentialAction\":[{\"@type\":\"ReadAction\",\"target\":[\"https:\\\/\\\/wein-werte.com\\\/de\\\/produkt\\\/huet-clos-du-bourg-demi-sec-2022-375ml\\\/\"]}]},{\"@type\":\"ImageObject\",\"inLanguage\":\"de\",\"@id\":\"https:\\\/\\\/wein-werte.com\\\/de\\\/produkt\\\/huet-clos-du-bourg-demi-sec-2022-375ml\\\/#primaryimage\",\"url\":\"https:\\\/\\\/wein-werte.com\\\/wp-content\\\/uploads\\\/2026\\\/04\\\/Huet-Clos-du-Bourg-demi-sec-2022-375ml.png\",\"contentUrl\":\"https:\\\/\\\/wein-werte.com\\\/wp-content\\\/uploads\\\/2026\\\/04\\\/Huet-Clos-du-Bourg-demi-sec-2022-375ml.png\",\"width\":312,\"height\":1200,\"caption\":\"Huet Clos du Bourg demi-sec 2022 375ml\"},{\"@type\":\"BreadcrumbList\",\"@id\":\"https:\\\/\\\/wein-werte.com\\\/de\\\/produkt\\\/huet-clos-du-bourg-demi-sec-2022-375ml\\\/#breadcrumb\",\"itemListElement\":[{\"@type\":\"ListItem\",\"position\":1,\"name\":\"Home\",\"item\":\"https:\\\/\\\/wein-werte.com\\\/de\\\/\"},{\"@type\":\"ListItem\",\"position\":2,\"name\":\"Shop\",\"item\":\"https:\\\/\\\/wein-werte.com\\\/de\\\/shop\\\/\"},{\"@type\":\"ListItem\",\"position\":3,\"name\":\"Huet | Loire | Clos du Bourg demi-sec | 2022 | 375ml | bio\"}]},{\"@type\":\"WebSite\",\"@id\":\"https:\\\/\\\/wein-werte.com\\\/de\\\/#website\",\"url\":\"https:\\\/\\\/wein-werte.com\\\/de\\\/\",\"name\":\"Wein Werte\",\"description\":\"\",\"publisher\":{\"@id\":\"https:\\\/\\\/wein-werte.com\\\/de\\\/#organization\"},\"potentialAction\":[{\"@type\":\"SearchAction\",\"target\":{\"@type\":\"EntryPoint\",\"urlTemplate\":\"https:\\\/\\\/wein-werte.com\\\/de\\\/?s={search_term_string}\"},\"query-input\":{\"@type\":\"PropertyValueSpecification\",\"valueRequired\":true,\"valueName\":\"search_term_string\"}}],\"inLanguage\":\"de\"},{\"@type\":\"Organization\",\"@id\":\"https:\\\/\\\/wein-werte.com\\\/de\\\/#organization\",\"name\":\"Vins Fins Thorrold\",\"url\":\"https:\\\/\\\/wein-werte.com\\\/de\\\/\",\"logo\":{\"@type\":\"ImageObject\",\"inLanguage\":\"de\",\"@id\":\"https:\\\/\\\/wein-werte.com\\\/de\\\/#\\\/schema\\\/logo\\\/image\\\/\",\"url\":\"https:\\\/\\\/wein-werte.com\\\/wp-content\\\/uploads\\\/2023\\\/07\\\/Wein_werte_Logo700-1.png\",\"contentUrl\":\"https:\\\/\\\/wein-werte.com\\\/wp-content\\\/uploads\\\/2023\\\/07\\\/Wein_werte_Logo700-1.png\",\"width\":700,\"height\":272,\"caption\":\"Vins Fins Thorrold\"},\"image\":{\"@id\":\"https:\\\/\\\/wein-werte.com\\\/de\\\/#\\\/schema\\\/logo\\\/image\\\/\"}}]}<\/script>\n<!-- \/ Yoast SEO plugin. -->","yoast_head_json":{"title":"Huet Clos du Bourg demi-sec 2022, 375ml","description":"Kaufe Huet Clos du Bourg demi-sec 2022 (Chenin Blanc, halbtrocken aus Loire, Frankreich) bei Wein Werte, Ihrem nachhaltigen Onlineshop.","robots":{"index":"index","follow":"follow","max-snippet":"max-snippet:-1","max-image-preview":"max-image-preview:large","max-video-preview":"max-video-preview:-1"},"canonical":"https:\/\/wein-werte.com\/de\/produkt\/huet-clos-du-bourg-demi-sec-2022-375ml\/","og_locale":"de_DE","og_type":"article","og_title":"Huet Clos du Bourg demi-sec 2022, 375ml","og_description":"Kaufe Huet Clos du Bourg demi-sec 2022 (Chenin Blanc, halbtrocken aus Loire, Frankreich) bei Wein Werte, Ihrem nachhaltigen Onlineshop.","og_url":"https:\/\/wein-werte.com\/de\/produkt\/huet-clos-du-bourg-demi-sec-2022-375ml\/","og_site_name":"Wein Werte","og_image":[{"width":312,"height":1200,"url":"https:\/\/wein-werte.com\/wp-content\/uploads\/2026\/04\/Huet-Clos-du-Bourg-demi-sec-2022-375ml.png","type":"image\/png"}],"twitter_card":"summary_large_image","twitter_misc":{"Gesch\u00e4tzte Lesezeit":"2\u00a0Minuten"},"schema":{"@context":"https:\/\/schema.org","@graph":[{"@type":"WebPage","@id":"https:\/\/wein-werte.com\/de\/produkt\/huet-clos-du-bourg-demi-sec-2022-375ml\/","url":"https:\/\/wein-werte.com\/de\/produkt\/huet-clos-du-bourg-demi-sec-2022-375ml\/","name":"Huet Clos du Bourg demi-sec 2022, 375ml","isPartOf":{"@id":"https:\/\/wein-werte.com\/de\/#website"},"primaryImageOfPage":{"@id":"https:\/\/wein-werte.com\/de\/produkt\/huet-clos-du-bourg-demi-sec-2022-375ml\/#primaryimage"},"image":{"@id":"https:\/\/wein-werte.com\/de\/produkt\/huet-clos-du-bourg-demi-sec-2022-375ml\/#primaryimage"},"thumbnailUrl":"https:\/\/wein-werte.com\/wp-content\/uploads\/2026\/04\/Huet-Clos-du-Bourg-demi-sec-2022-375ml.png","datePublished":"2026-05-05T16:34:32+00:00","description":"Kaufe Huet Clos du Bourg demi-sec 2022 (Chenin Blanc, halbtrocken aus Loire, Frankreich) bei Wein Werte, Ihrem nachhaltigen Onlineshop.","breadcrumb":{"@id":"https:\/\/wein-werte.com\/de\/produkt\/huet-clos-du-bourg-demi-sec-2022-375ml\/#breadcrumb"},"inLanguage":"de","potentialAction":[{"@type":"ReadAction","target":["https:\/\/wein-werte.com\/de\/produkt\/huet-clos-du-bourg-demi-sec-2022-375ml\/"]}]},{"@type":"ImageObject","inLanguage":"de","@id":"https:\/\/wein-werte.com\/de\/produkt\/huet-clos-du-bourg-demi-sec-2022-375ml\/#primaryimage","url":"https:\/\/wein-werte.com\/wp-content\/uploads\/2026\/04\/Huet-Clos-du-Bourg-demi-sec-2022-375ml.png","contentUrl":"https:\/\/wein-werte.com\/wp-content\/uploads\/2026\/04\/Huet-Clos-du-Bourg-demi-sec-2022-375ml.png","width":312,"height":1200,"caption":"Huet Clos du Bourg demi-sec 2022 375ml"},{"@type":"BreadcrumbList","@id":"https:\/\/wein-werte.com\/de\/produkt\/huet-clos-du-bourg-demi-sec-2022-375ml\/#breadcrumb","itemListElement":[{"@type":"ListItem","position":1,"name":"Home","item":"https:\/\/wein-werte.com\/de\/"},{"@type":"ListItem","position":2,"name":"Shop","item":"https:\/\/wein-werte.com\/de\/shop\/"},{"@type":"ListItem","position":3,"name":"Huet | Loire | Clos du Bourg demi-sec | 2022 | 375ml | bio"}]},{"@type":"WebSite","@id":"https:\/\/wein-werte.com\/de\/#website","url":"https:\/\/wein-werte.com\/de\/","name":"Wein Werte","description":"","publisher":{"@id":"https:\/\/wein-werte.com\/de\/#organization"},"potentialAction":[{"@type":"SearchAction","target":{"@type":"EntryPoint","urlTemplate":"https:\/\/wein-werte.com\/de\/?s={search_term_string}"},"query-input":{"@type":"PropertyValueSpecification","valueRequired":true,"valueName":"search_term_string"}}],"inLanguage":"de"},{"@type":"Organization","@id":"https:\/\/wein-werte.com\/de\/#organization","name":"Vins Fins Thorrold","url":"https:\/\/wein-werte.com\/de\/","logo":{"@type":"ImageObject","inLanguage":"de","@id":"https:\/\/wein-werte.com\/de\/#\/schema\/logo\/image\/","url":"https:\/\/wein-werte.com\/wp-content\/uploads\/2023\/07\/Wein_werte_Logo700-1.png","contentUrl":"https:\/\/wein-werte.com\/wp-content\/uploads\/2023\/07\/Wein_werte_Logo700-1.png","width":700,"height":272,"caption":"Vins Fins Thorrold"},"image":{"@id":"https:\/\/wein-werte.com\/de\/#\/schema\/logo\/image\/"}}]}},"_links":{"self":[{"href":"https:\/\/wein-werte.com\/de\/wp-json\/wp\/v2\/product\/1135760","targetHints":{"allow":["GET"]}}],"collection":[{"href":"https:\/\/wein-werte.com\/de\/wp-json\/wp\/v2\/product"}],"about":[{"href":"https:\/\/wein-werte.com\/de\/wp-json\/wp\/v2\/types\/product"}],"wp:featuredmedia":[{"embeddable":true,"href":"https:\/\/wein-werte.com\/de\/wp-json\/wp\/v2\/media\/1145650"}],"wp:attachment":[{"href":"https:\/\/wein-werte.com\/de\/wp-json\/wp\/v2\/media?parent=1135760"}],"wp:term":[{"taxonomy":"product_brand","embeddable":true,"href":"https:\/\/wein-werte.com\/de\/wp-json\/wp\/v2\/product_brand?post=1135760"},{"taxonomy":"product_cat","embeddable":true,"href":"https:\/\/wein-werte.com\/de\/wp-json\/wp\/v2\/product_cat?post=1135760"},{"taxonomy":"product_tag","embeddable":true,"href":"https:\/\/wein-werte.com\/de\/wp-json\/wp\/v2\/product_tag?post=1135760"}],"curies":[{"name":"wp","href":"https:\/\/api.w.org\/{rel}","templated":true}]}}