{"id":1135734,"date":"2026-05-05T18:34:31","date_gmt":"2026-05-05T16:34:31","guid":{"rendered":"https:\/\/wein-werte.com\/product\/huet-le-mont-demi-sec-2008-1500ml\/"},"modified":"2026-04-27T12:05:21","modified_gmt":"2026-04-27T10:05:21","slug":"huet-le-mont-demi-sec-2008-1500ml","status":"publish","type":"product","link":"https:\/\/wein-werte.com\/de\/produkt\/huet-le-mont-demi-sec-2008-1500ml\/","title":{"rendered":"Huet | Loire | Le Mont demi-sec | 2008 | 1500ml"},"content":{"rendered":"<p>Produktbeschreibung f\u00fcr Huet Le Mont demi-sec 2008 <\/p>\n<p>Christina Hilker: Am Gaumen pr\u00e4sentiert er sich sehr charmant mit feiner S\u00fc\u00dfe. Die mineralischen Noten der Nase kommen hier noch st\u00e4rker zum Tragen und regen angenehm an. Untermalt ist das Ganze von einer frischen S\u00e4ure und einer feinen Gerbstoffnote. Der Wein hat Gripp und Tiefe. Im langen Nachhall treffen wir auf Eindr\u00fccke, die geschmacklich an Bitterorangenkonfit\u00fcre und Orangenzesten erinnern. Ein \u00fcberaus spannender Wei\u00dfwein, der erst am Beginn seiner Entwicklung steht und der sich in den n\u00e4chsten Jahren wundersch\u00f6n entwickeln wird. Unbedingt dekantieren und nicht zu kalt aus gro\u00dfen Gl\u00e4sern genie\u00dfen. <\/p>\n<h5>Info<\/h5>\n<p> Im Unterschied zu den anderen beiden Lagen der Domaine Huet, Le Haut-Lieu und Clos de Bourg, bietet der Le Mont Feuerstein als Unterlage. Die lehmige Auflage eint die drei Lagen dann wieder. Le Mont ist nach S\u00fcden exponiert und erstreckt sich \u00fcber 9 Hektar. Feuerstein, auch als Silex bezeichnet, ist eines der Alleinstellungsmerkmale der Loire, und bietet sowohl Chenin blanc als auch Sauvignon blanc herausragende Bedingungen. <\/p>\n<h5>Farbe<\/h5>\n<p> Leuchtendes Gold, helle Reflexe <\/p>\n<h5>Nase<\/h5>\n<p> WOW! Herzlich willkommen in Alba, Ende November. Welch ph\u00e4nomenale Nase. Wei\u00dfer Tr\u00fcffel pur. G\u00f6nnt man dem Wein ein paar Minuten Zeit, hat er die M\u00f6glichkeit, die anderen Aromen freizusetzen. So er\u00f6ffnen sich neben dem pr\u00e4sent pilzigen Ton, der den Vergleich ins Piemont provoziert, auch Nuancen von eingemachtem Steinobst. Auch vegetabile Noten, wie Fenchel und Pastinake, kommen zur Geltung. Ebenso ein wenig Kardamom und Kurkuma. <\/p>\n<h5>Gaumen<\/h5>\n<p> Adstringierend macht er einen unerwartet schlanken Eindruck. Farbe und Nase haben einen \u00fcppigeren Typus vermuten lassen. Umso besser! Delikat f\u00fcgt sich das Puzzle zusammen. Den sehr gut eingebundenen Restzucker von 27 g\/l w\u00fcrde man deutlich niedriger einsch\u00e4tzen. In Einklang schreiten S\u00e4ure und S\u00fc\u00dfe gemeinsam daher. Das dadurch entstehende Mundgef\u00fchl ist \u00e4u\u00dferst harmonisch und ansprechend. Der steinige Untergrund unterstreicht dieses sensorische Spektakel in Reinheit und mit einer k\u00fchlen Dunkelheit. Sowohl das s\u00fc\u00dfliche Steinobst als auch die fern\u00f6stlichen Gew\u00fcrze finden wieder ihren Platz. Der anfangs so pr\u00e4sente Tr\u00fcffel hat sich verfl\u00fcchtigt. Im Nachhall wirkt der Le Mont wieder tropischer und zeigt doch noch einen Hauch des wei\u00dfen Goldes aus Alba.<\/p>\n<p>Copyright Vinaturel 2025<\/p>\n<p>Keywords: <a href=\"https:\/\/wein-werte.com\/de\/shop\/?swoof=1&#038;pa_producer=Huet\">Huet<\/a> <a href=\"https:\/\/wein-werte.com\/de\/shop\/?swoof=1&#038;woof_text=Le Mont demi-sec\">Le Mont demi-sec<\/a> 2008  <a href=\"https:\/\/wein-werte.com\/de\/shop\/?swoof=1&#038;pa_region=Loire\">Loire<\/a> <a href=\"https:\/\/wein-werte.com\/de\/shop\/?swoof=1&#038;pa_country=Frankreich\">Frankreich<\/a><\/p>\n<h3>Wine Advocate<\/h3>\n<p>Punkte: 94<\/p>\n<p>Der fast 15 Jahre alte, goldgelbe Vouvray Le Mont Demi-Sec 2008 er\u00f6ffnet mit einem klaren und eleganten, wunderbar aromatischen und fruchtigen Bouquet von reifen und ged\u00fcnsteten gelbfleischigen Steinfr\u00fcchten, vermischt mit zarten Honig- und Feuersteinnoten. Am Gaumen vollmundig, reichhaltig und zugleich herzhaft, mit einer herrlichen Konzentration von getrockneten Aprikosen und einer sehr feinen S\u00e4ure, ist dies ein mundf\u00fcllender, sehr eleganter, raffinierter und charmanter, dichter und spannungsgeladener Le Mont mit feinen, aber festen Tanninen und einer deutlich salzigen, kristallinen S\u00e4ure, die gleichzeitig Halt und Vibration verleiht. Der Abgang ist lang, dicht und aromatisch und anregend bitter. Der 2008er ist weder jung noch schon richtig gereift, vereint aber die Vitalit\u00e4t eines jungen Weines mit der Textur eines gereiften Chenin. Ich w\u00fcrde ihn lieber noch 10+ Jahre aufbewahren, bevor ich ihn heute serviere. Aus dem leeren Glas str\u00f6men Noten von wei\u00dfem Tr\u00fcffel und Stroh sowie Aromen von getrockneter Aprikose, wei\u00dfer Schokolade und Nougat. 13,5 % Alkoholgehalt. Naturkorken. Verkostet im M\u00e4rz 2023.<br \/>David Schildknecht<\/p>\n<h3>Vinous<\/h3>\n<p>Punkte: 96<\/p>\n<p>Im Jahr 2008 \u00fcberflutete ein Sturm Ende Mai \u2013 zur Bl\u00fctezeit \u2013 das Dorf, wodurch die potenzielle Ernte halbiert wurde. Mit seinen 14 Jahren beh\u00e4lt er seine leuchtend zitronengelbe Farbe. Er ist immer noch spritzig und entwickelt Noten von Limettenmarmelade auf Toast sowie Tr\u00fcffelnoten. Die rassige S\u00e4ure des Le Mont verleiht ihm einen aufmerksamen und straffen Charakter. Er ist hervorragend konzentriert und gleichzeitig rund und fokussiert. Obwohl er sich noch in der Entwicklung befindet, ist er noch jung, lebendig und hat Jahre, ja sogar Jahrzehnte, in sich. \u2013 Rebecca Gibb MW<br \/>Trinkfenster: 2022\u20132038<br \/>Bewertungsdatum: September 2022<\/p>\n<p>Internetseite des Weinguts: <a href=\"https:\/\/www.domainehuet.com\/\" target=\"_blank\">https:\/\/www.domainehuet.com\/<\/a><\/p>\n","protected":false},"excerpt":{"rendered":"<p>Lieferzeit: 1 bis 2 Arbeitstage (DE), 2 bis 5 Arbeitstage (EU and CH)<\/p>\n","protected":false},"featured_media":1145630,"template":"","meta":[],"product_brand":[],"product_cat":[19],"product_tag":[],"class_list":{"0":"post-1135734","1":"product","2":"type-product","3":"status-publish","4":"has-post-thumbnail","6":"product_cat-unkategorisiert","7":"pa_alcohol-for-filter-13-5","8":"pa_certified-biodynamic-nein-de","9":"pa_certified-organic-nein-de","10":"pa_colour-weiss","11":"pa_country-frankreich","12":"pa_grape-chenin-blanc","13":"pa_parker-points-for-filter-94-de-2","14":"pa_price-for-filter-10646","15":"pa_producer-huet","16":"pa_region-loire","17":"pa_size-ml-6657","18":"pa_sweetness-halbtrocken","19":"pa_type-2-still-de","20":"pa_vinous-points-for-filter-20037","21":"pa_vintage-2008-de","22":"entry","23":"has-media","25":"first","26":"instock","27":"taxable","28":"shipping-taxable","29":"purchasable","30":"product-type-simple"},"yoast_head":"<!-- This site is optimized with the Yoast SEO plugin v27.5 - https:\/\/yoast.com\/product\/yoast-seo-wordpress\/ -->\n<title>Huet Le Mont demi-sec 2008, 1500ml<\/title>\n<meta name=\"description\" content=\"Kaufe Huet Le Mont demi-sec 2008 (Chenin Blanc, halbtrocken aus Loire, Frankreich) bei Wein Werte, Ihrem nachhaltigen Onlineshop.\" \/>\n<meta name=\"robots\" content=\"index, follow, max-snippet:-1, max-image-preview:large, max-video-preview:-1\" \/>\n<link rel=\"canonical\" href=\"https:\/\/wein-werte.com\/de\/produkt\/huet-le-mont-demi-sec-2008-1500ml\/\" \/>\n<meta property=\"og:locale\" content=\"de_DE\" \/>\n<meta property=\"og:type\" content=\"article\" \/>\n<meta property=\"og:title\" content=\"Huet Le Mont demi-sec 2008, 1500ml\" \/>\n<meta property=\"og:description\" content=\"Kaufe Huet Le Mont demi-sec 2008 (Chenin Blanc, halbtrocken aus Loire, Frankreich) bei Wein Werte, Ihrem nachhaltigen Onlineshop.\" \/>\n<meta property=\"og:url\" content=\"https:\/\/wein-werte.com\/de\/produkt\/huet-le-mont-demi-sec-2008-1500ml\/\" \/>\n<meta property=\"og:site_name\" content=\"Wein Werte\" \/>\n<meta property=\"og:image\" content=\"https:\/\/wein-werte.com\/wp-content\/uploads\/2026\/04\/Huet-Le-Mont-demi-sec-2008-1500ml.png\" \/>\n\t<meta property=\"og:image:width\" content=\"354\" \/>\n\t<meta property=\"og:image:height\" content=\"1200\" \/>\n\t<meta property=\"og:image:type\" content=\"image\/png\" \/>\n<meta name=\"twitter:card\" content=\"summary_large_image\" \/>\n<meta name=\"twitter:label1\" content=\"Gesch\u00e4tzte Lesezeit\" \/>\n\t<meta name=\"twitter:data1\" content=\"3\u00a0Minuten\" \/>\n<script type=\"application\/ld+json\" class=\"yoast-schema-graph\">{\"@context\":\"https:\\\/\\\/schema.org\",\"@graph\":[{\"@type\":\"WebPage\",\"@id\":\"https:\\\/\\\/wein-werte.com\\\/de\\\/produkt\\\/huet-le-mont-demi-sec-2008-1500ml\\\/\",\"url\":\"https:\\\/\\\/wein-werte.com\\\/de\\\/produkt\\\/huet-le-mont-demi-sec-2008-1500ml\\\/\",\"name\":\"Huet Le Mont demi-sec 2008, 1500ml\",\"isPartOf\":{\"@id\":\"https:\\\/\\\/wein-werte.com\\\/de\\\/#website\"},\"primaryImageOfPage\":{\"@id\":\"https:\\\/\\\/wein-werte.com\\\/de\\\/produkt\\\/huet-le-mont-demi-sec-2008-1500ml\\\/#primaryimage\"},\"image\":{\"@id\":\"https:\\\/\\\/wein-werte.com\\\/de\\\/produkt\\\/huet-le-mont-demi-sec-2008-1500ml\\\/#primaryimage\"},\"thumbnailUrl\":\"https:\\\/\\\/wein-werte.com\\\/wp-content\\\/uploads\\\/2026\\\/04\\\/Huet-Le-Mont-demi-sec-2008-1500ml.png\",\"datePublished\":\"2026-05-05T16:34:31+00:00\",\"description\":\"Kaufe Huet Le Mont demi-sec 2008 (Chenin Blanc, halbtrocken aus Loire, Frankreich) bei Wein Werte, Ihrem nachhaltigen Onlineshop.\",\"breadcrumb\":{\"@id\":\"https:\\\/\\\/wein-werte.com\\\/de\\\/produkt\\\/huet-le-mont-demi-sec-2008-1500ml\\\/#breadcrumb\"},\"inLanguage\":\"de\",\"potentialAction\":[{\"@type\":\"ReadAction\",\"target\":[\"https:\\\/\\\/wein-werte.com\\\/de\\\/produkt\\\/huet-le-mont-demi-sec-2008-1500ml\\\/\"]}]},{\"@type\":\"ImageObject\",\"inLanguage\":\"de\",\"@id\":\"https:\\\/\\\/wein-werte.com\\\/de\\\/produkt\\\/huet-le-mont-demi-sec-2008-1500ml\\\/#primaryimage\",\"url\":\"https:\\\/\\\/wein-werte.com\\\/wp-content\\\/uploads\\\/2026\\\/04\\\/Huet-Le-Mont-demi-sec-2008-1500ml.png\",\"contentUrl\":\"https:\\\/\\\/wein-werte.com\\\/wp-content\\\/uploads\\\/2026\\\/04\\\/Huet-Le-Mont-demi-sec-2008-1500ml.png\",\"width\":354,\"height\":1200,\"caption\":\"Huet Le Mont demi-sec 2008 1500ml\"},{\"@type\":\"BreadcrumbList\",\"@id\":\"https:\\\/\\\/wein-werte.com\\\/de\\\/produkt\\\/huet-le-mont-demi-sec-2008-1500ml\\\/#breadcrumb\",\"itemListElement\":[{\"@type\":\"ListItem\",\"position\":1,\"name\":\"Home\",\"item\":\"https:\\\/\\\/wein-werte.com\\\/de\\\/\"},{\"@type\":\"ListItem\",\"position\":2,\"name\":\"Shop\",\"item\":\"https:\\\/\\\/wein-werte.com\\\/de\\\/shop\\\/\"},{\"@type\":\"ListItem\",\"position\":3,\"name\":\"Huet | Loire | Le Mont demi-sec | 2008 | 1500ml\"}]},{\"@type\":\"WebSite\",\"@id\":\"https:\\\/\\\/wein-werte.com\\\/de\\\/#website\",\"url\":\"https:\\\/\\\/wein-werte.com\\\/de\\\/\",\"name\":\"Wein Werte\",\"description\":\"\",\"publisher\":{\"@id\":\"https:\\\/\\\/wein-werte.com\\\/de\\\/#organization\"},\"potentialAction\":[{\"@type\":\"SearchAction\",\"target\":{\"@type\":\"EntryPoint\",\"urlTemplate\":\"https:\\\/\\\/wein-werte.com\\\/de\\\/?s={search_term_string}\"},\"query-input\":{\"@type\":\"PropertyValueSpecification\",\"valueRequired\":true,\"valueName\":\"search_term_string\"}}],\"inLanguage\":\"de\"},{\"@type\":\"Organization\",\"@id\":\"https:\\\/\\\/wein-werte.com\\\/de\\\/#organization\",\"name\":\"Vins Fins Thorrold\",\"url\":\"https:\\\/\\\/wein-werte.com\\\/de\\\/\",\"logo\":{\"@type\":\"ImageObject\",\"inLanguage\":\"de\",\"@id\":\"https:\\\/\\\/wein-werte.com\\\/de\\\/#\\\/schema\\\/logo\\\/image\\\/\",\"url\":\"https:\\\/\\\/wein-werte.com\\\/wp-content\\\/uploads\\\/2023\\\/07\\\/Wein_werte_Logo700-1.png\",\"contentUrl\":\"https:\\\/\\\/wein-werte.com\\\/wp-content\\\/uploads\\\/2023\\\/07\\\/Wein_werte_Logo700-1.png\",\"width\":700,\"height\":272,\"caption\":\"Vins Fins Thorrold\"},\"image\":{\"@id\":\"https:\\\/\\\/wein-werte.com\\\/de\\\/#\\\/schema\\\/logo\\\/image\\\/\"}}]}<\/script>\n<!-- \/ Yoast SEO plugin. -->","yoast_head_json":{"title":"Huet Le Mont demi-sec 2008, 1500ml","description":"Kaufe Huet Le Mont demi-sec 2008 (Chenin Blanc, halbtrocken aus Loire, Frankreich) bei Wein Werte, Ihrem nachhaltigen Onlineshop.","robots":{"index":"index","follow":"follow","max-snippet":"max-snippet:-1","max-image-preview":"max-image-preview:large","max-video-preview":"max-video-preview:-1"},"canonical":"https:\/\/wein-werte.com\/de\/produkt\/huet-le-mont-demi-sec-2008-1500ml\/","og_locale":"de_DE","og_type":"article","og_title":"Huet Le Mont demi-sec 2008, 1500ml","og_description":"Kaufe Huet Le Mont demi-sec 2008 (Chenin Blanc, halbtrocken aus Loire, Frankreich) bei Wein Werte, Ihrem nachhaltigen Onlineshop.","og_url":"https:\/\/wein-werte.com\/de\/produkt\/huet-le-mont-demi-sec-2008-1500ml\/","og_site_name":"Wein Werte","og_image":[{"width":354,"height":1200,"url":"https:\/\/wein-werte.com\/wp-content\/uploads\/2026\/04\/Huet-Le-Mont-demi-sec-2008-1500ml.png","type":"image\/png"}],"twitter_card":"summary_large_image","twitter_misc":{"Gesch\u00e4tzte Lesezeit":"3\u00a0Minuten"},"schema":{"@context":"https:\/\/schema.org","@graph":[{"@type":"WebPage","@id":"https:\/\/wein-werte.com\/de\/produkt\/huet-le-mont-demi-sec-2008-1500ml\/","url":"https:\/\/wein-werte.com\/de\/produkt\/huet-le-mont-demi-sec-2008-1500ml\/","name":"Huet Le Mont demi-sec 2008, 1500ml","isPartOf":{"@id":"https:\/\/wein-werte.com\/de\/#website"},"primaryImageOfPage":{"@id":"https:\/\/wein-werte.com\/de\/produkt\/huet-le-mont-demi-sec-2008-1500ml\/#primaryimage"},"image":{"@id":"https:\/\/wein-werte.com\/de\/produkt\/huet-le-mont-demi-sec-2008-1500ml\/#primaryimage"},"thumbnailUrl":"https:\/\/wein-werte.com\/wp-content\/uploads\/2026\/04\/Huet-Le-Mont-demi-sec-2008-1500ml.png","datePublished":"2026-05-05T16:34:31+00:00","description":"Kaufe Huet Le Mont demi-sec 2008 (Chenin Blanc, halbtrocken aus Loire, Frankreich) bei Wein Werte, Ihrem nachhaltigen Onlineshop.","breadcrumb":{"@id":"https:\/\/wein-werte.com\/de\/produkt\/huet-le-mont-demi-sec-2008-1500ml\/#breadcrumb"},"inLanguage":"de","potentialAction":[{"@type":"ReadAction","target":["https:\/\/wein-werte.com\/de\/produkt\/huet-le-mont-demi-sec-2008-1500ml\/"]}]},{"@type":"ImageObject","inLanguage":"de","@id":"https:\/\/wein-werte.com\/de\/produkt\/huet-le-mont-demi-sec-2008-1500ml\/#primaryimage","url":"https:\/\/wein-werte.com\/wp-content\/uploads\/2026\/04\/Huet-Le-Mont-demi-sec-2008-1500ml.png","contentUrl":"https:\/\/wein-werte.com\/wp-content\/uploads\/2026\/04\/Huet-Le-Mont-demi-sec-2008-1500ml.png","width":354,"height":1200,"caption":"Huet Le Mont demi-sec 2008 1500ml"},{"@type":"BreadcrumbList","@id":"https:\/\/wein-werte.com\/de\/produkt\/huet-le-mont-demi-sec-2008-1500ml\/#breadcrumb","itemListElement":[{"@type":"ListItem","position":1,"name":"Home","item":"https:\/\/wein-werte.com\/de\/"},{"@type":"ListItem","position":2,"name":"Shop","item":"https:\/\/wein-werte.com\/de\/shop\/"},{"@type":"ListItem","position":3,"name":"Huet | Loire | Le Mont demi-sec | 2008 | 1500ml"}]},{"@type":"WebSite","@id":"https:\/\/wein-werte.com\/de\/#website","url":"https:\/\/wein-werte.com\/de\/","name":"Wein Werte","description":"","publisher":{"@id":"https:\/\/wein-werte.com\/de\/#organization"},"potentialAction":[{"@type":"SearchAction","target":{"@type":"EntryPoint","urlTemplate":"https:\/\/wein-werte.com\/de\/?s={search_term_string}"},"query-input":{"@type":"PropertyValueSpecification","valueRequired":true,"valueName":"search_term_string"}}],"inLanguage":"de"},{"@type":"Organization","@id":"https:\/\/wein-werte.com\/de\/#organization","name":"Vins Fins Thorrold","url":"https:\/\/wein-werte.com\/de\/","logo":{"@type":"ImageObject","inLanguage":"de","@id":"https:\/\/wein-werte.com\/de\/#\/schema\/logo\/image\/","url":"https:\/\/wein-werte.com\/wp-content\/uploads\/2023\/07\/Wein_werte_Logo700-1.png","contentUrl":"https:\/\/wein-werte.com\/wp-content\/uploads\/2023\/07\/Wein_werte_Logo700-1.png","width":700,"height":272,"caption":"Vins Fins Thorrold"},"image":{"@id":"https:\/\/wein-werte.com\/de\/#\/schema\/logo\/image\/"}}]}},"_links":{"self":[{"href":"https:\/\/wein-werte.com\/de\/wp-json\/wp\/v2\/product\/1135734","targetHints":{"allow":["GET"]}}],"collection":[{"href":"https:\/\/wein-werte.com\/de\/wp-json\/wp\/v2\/product"}],"about":[{"href":"https:\/\/wein-werte.com\/de\/wp-json\/wp\/v2\/types\/product"}],"wp:featuredmedia":[{"embeddable":true,"href":"https:\/\/wein-werte.com\/de\/wp-json\/wp\/v2\/media\/1145630"}],"wp:attachment":[{"href":"https:\/\/wein-werte.com\/de\/wp-json\/wp\/v2\/media?parent=1135734"}],"wp:term":[{"taxonomy":"product_brand","embeddable":true,"href":"https:\/\/wein-werte.com\/de\/wp-json\/wp\/v2\/product_brand?post=1135734"},{"taxonomy":"product_cat","embeddable":true,"href":"https:\/\/wein-werte.com\/de\/wp-json\/wp\/v2\/product_cat?post=1135734"},{"taxonomy":"product_tag","embeddable":true,"href":"https:\/\/wein-werte.com\/de\/wp-json\/wp\/v2\/product_tag?post=1135734"}],"curies":[{"name":"wp","href":"https:\/\/api.w.org\/{rel}","templated":true}]}}