{"id":1135716,"date":"2026-05-05T18:34:30","date_gmt":"2026-05-05T16:34:30","guid":{"rendered":"https:\/\/wein-werte.com\/product\/huet-le-haut-lieu-moelleux-1ere-trie-2020-750ml\/"},"modified":"2026-04-27T12:05:19","modified_gmt":"2026-04-27T10:05:19","slug":"huet-le-haut-lieu-moelleux-1ere-trie-2020-750ml","status":"publish","type":"product","link":"https:\/\/wein-werte.com\/de\/produkt\/huet-le-haut-lieu-moelleux-1ere-trie-2020-750ml\/","title":{"rendered":"Huet | Loire | Le Haut Lieu Moelleux 1\u00e8re Trie | 2020 | 750ml | bio"},"content":{"rendered":"<p>Produktbeschreibung f\u00fcr Huet Le Haut Lieu Moelleux 1\u00e8re Trie 2020 (bio) <\/p>\n<h5>Informationen zum Wein<\/h5>\n<p> Der Haut-Lieu ist der Weinberg, der den Ursprung des Weinguts Huet bildet. Die Familie Huet besuchte das Dorf Vouvray erstmals 1928 und war vom dem Anwesen, das heute das Weingut bildet, und dem f\u00fcnf Hektar umfassenden Weinberg Le Haut-Lieu so begeistert, dass sie beide erwarb und das Weingut Huet gr\u00fcndete. Le Haut-Lieu liegt auf dem Plateau von Vouvray und ist gepr\u00e4gt von tiefbraunem Lehm mit ein wenig Feuerstein und Kreide im Oberboden. Den Oberboden nennt man \u00f6rtlich\u00a0aubuis. Das Grundgestein besteht aus gelbem Tuffeau-Kalkstein, und der liegt vier Meter tief. Die Lese der Trauben f\u00fcr den\u00a0Le Haut-Lieu\u00a0Moelleux \u00bbPremi\u00e8re Trie\u00ab\u00a0erfolgte in 2020 zwischen dem 7. September (der fr\u00fcheste Zeitpunkt in der Weingutsgeschichte) und dem 25. September. Da der Jahrgang stark von Sonne und W\u00e4rme gepr\u00e4gt war, sind vor allem rests\u00fc\u00dfe Weine entstanden. Wie \u00fcblich wurden die Trauben penibel sortiert, gepresst und spontan vergoren. Eine malolaktische G\u00e4rung erfolgte nur in Ausnahmef\u00e4llen und bei einzelnen F\u00e4ssern. Ausgebaut wurde der Wein in gebrauchten Demi-Muids. Beim\u00a0Le Haut-Lieu\u00a0Moelleux \u00bbPremi\u00e8re Trie\u00ab\u00a0handelt es sich um einen rests\u00fc\u00dfen Wein, in den die ersten mit Botrytis behafteten Trauben Eingang gefunden haben. Rests\u00fc\u00dfe hei\u00dft in diesem Fall 71 g\/l. <\/p>\n<h5>Farbe<\/h5>\n<p> helles Goldgelb <\/p>\n<h5>Nase<\/h5>\n<p> Der\u00a0Le Haut-Lieu\u00a0Moelleux\u00a0\u00bbPremi\u00e8re Trie\u00ab\u00a0aus der Lage Le Haut-Lieu hebt sich vom\u00a0Moelleux\u00a0aus der selben Lage durch eine h\u00f6here S\u00fc\u00dfe und einen h\u00f6heren Anteil an perfekt sortierten Botrytis-Beeren ab. Daraus ergibt sich ein Duft, der zwar weiterhin das Moselanische dieser Lage mit ihrer Lebhaftigkeit bietet, aber auch eine etwas mostigere Note von Birnen und \u00c4pfeln hat, ja sogar von Quitten und zudem von ein wenig Pilz. Der immer leichtf\u00fc\u00dfige\u00a0Le Haut-Lieu\u00a0wirkt hier etwas konzentrierter und dichter, zeigt Noten von Orangen, Kr\u00e4utern und von ein wenig hellem Tabak, von Kreide und Kaki. <\/p>\n<h5>Gaumen<\/h5>\n<p> Am Gaumen breitet der\u00a0Le Haut-Lieu\u00a0Moelleux\u00a0\u00bbPremi\u00e8re Trie\u00ab\u00a0sich vollfl\u00e4chig aus und wirkt seidig, ruhig und sinnlich, schmeichelnd und zun\u00e4chst durchaus opulent. Doch dann schie\u00dft die S\u00e4ure in die reife gelbe Frucht und die W\u00fcrze, sie liefert die notwendige Frische, macht den Chenin Blanc saftig wie auch lebendig und l\u00e4sst einem gerade in Kombination mit Noten von Salzmandeln und Salzzitronen so richtig das Wasser im Mund zusammenlaufen. So findet man in diesem\u00a0Le Haut-Lieu\u00a0Moelleux\u00bbPremi\u00e8re Trie\u00ab\u00a0wieder die ganze Le-Haut-Lieu-Typizit\u00e4t und so viel S\u00e4ure wie auch Konzentration, dass man sich um die lange Zukunft dieses Weines keine Sorgen machen muss.\u00a0<\/p>\n<p>Copyright Vinaturel 2025<\/p>\n<p>Keywords: <a href=\"https:\/\/wein-werte.com\/de\/shop\/?swoof=1&#038;pa_producer=Huet\">Huet<\/a> <a href=\"https:\/\/wein-werte.com\/de\/shop\/?swoof=1&#038;woof_text=Le Haut Lieu Moelleux 1\u00e8re Trie\">Le Haut Lieu Moelleux 1\u00e8re Trie<\/a> 2020 bio <a href=\"https:\/\/wein-werte.com\/de\/shop\/?swoof=1&#038;pa_region=Loire\">Loire<\/a> <a href=\"https:\/\/wein-werte.com\/de\/shop\/?swoof=1&#038;pa_country=Frankreich\">Frankreich<\/a><\/p>\n<p>Internetseite des Weinguts: <a href=\"https:\/\/www.domainehuet.com\/\" target=\"_blank\">https:\/\/www.domainehuet.com\/<\/a><\/p>\n","protected":false},"excerpt":{"rendered":"<p>Lieferzeit: 1 bis 2 Arbeitstage (DE), 2 bis 5 Arbeitstage (EU and CH)<\/p>\n","protected":false},"featured_media":1145616,"template":"","meta":[],"product_brand":[],"product_cat":[19],"product_tag":[],"class_list":{"0":"post-1135716","1":"product","2":"type-product","3":"status-publish","4":"has-post-thumbnail","6":"product_cat-unkategorisiert","7":"pa_alcohol-for-filter-12-5","8":"pa_certified-biodynamic-ja-de","9":"pa_certified-organic-ja-de","10":"pa_colour-weiss","11":"pa_country-frankreich","12":"pa_grape-chenin-blanc","13":"pa_price-for-filter-10615","14":"pa_producer-huet","15":"pa_region-loire","16":"pa_size-ml-6584","17":"pa_sweetness-suess-de","18":"pa_type-2-still-de","19":"pa_vintage-2020-de","20":"entry","21":"has-media","23":"first","24":"instock","25":"taxable","26":"shipping-taxable","27":"purchasable","28":"product-type-simple"},"yoast_head":"<!-- This site is optimized with the Yoast SEO plugin v27.5 - https:\/\/yoast.com\/product\/yoast-seo-wordpress\/ -->\n<title>Huet Le Haut Lieu Moelleux 1\u00e8re Trie 2020<\/title>\n<meta name=\"description\" content=\"Kaufe Huet Le Haut Lieu Moelleux 1\u00e8re Trie 2020 (Chenin Blanc, s\u00fc\u00df aus Loire, Frankreich) bei Wein Werte, Ihrem nachhaltigen Onlineshop.\" \/>\n<meta name=\"robots\" content=\"index, follow, max-snippet:-1, max-image-preview:large, max-video-preview:-1\" \/>\n<link rel=\"canonical\" href=\"https:\/\/wein-werte.com\/de\/produkt\/huet-le-haut-lieu-moelleux-1ere-trie-2020-750ml\/\" \/>\n<meta property=\"og:locale\" content=\"de_DE\" \/>\n<meta property=\"og:type\" content=\"article\" \/>\n<meta property=\"og:title\" content=\"Huet Le Haut Lieu Moelleux 1\u00e8re Trie 2020\" \/>\n<meta property=\"og:description\" content=\"Kaufe Huet Le Haut Lieu Moelleux 1\u00e8re Trie 2020 (Chenin Blanc, s\u00fc\u00df aus Loire, Frankreich) bei Wein Werte, Ihrem nachhaltigen Onlineshop.\" \/>\n<meta property=\"og:url\" content=\"https:\/\/wein-werte.com\/de\/produkt\/huet-le-haut-lieu-moelleux-1ere-trie-2020-750ml\/\" \/>\n<meta property=\"og:site_name\" content=\"Wein Werte\" \/>\n<meta property=\"og:image\" content=\"https:\/\/wein-werte.com\/wp-content\/uploads\/2026\/04\/Huet-Le-Haut-Lieu-Moelleux-1ere-Trie-2020-750ml.png\" \/>\n\t<meta property=\"og:image:width\" content=\"345\" \/>\n\t<meta property=\"og:image:height\" content=\"1200\" \/>\n\t<meta property=\"og:image:type\" content=\"image\/png\" \/>\n<meta name=\"twitter:card\" content=\"summary_large_image\" \/>\n<meta name=\"twitter:label1\" content=\"Gesch\u00e4tzte Lesezeit\" \/>\n\t<meta name=\"twitter:data1\" content=\"2\u00a0Minuten\" \/>\n<script type=\"application\/ld+json\" class=\"yoast-schema-graph\">{\"@context\":\"https:\\\/\\\/schema.org\",\"@graph\":[{\"@type\":\"WebPage\",\"@id\":\"https:\\\/\\\/wein-werte.com\\\/de\\\/produkt\\\/huet-le-haut-lieu-moelleux-1ere-trie-2020-750ml\\\/\",\"url\":\"https:\\\/\\\/wein-werte.com\\\/de\\\/produkt\\\/huet-le-haut-lieu-moelleux-1ere-trie-2020-750ml\\\/\",\"name\":\"Huet Le Haut Lieu Moelleux 1\u00e8re Trie 2020\",\"isPartOf\":{\"@id\":\"https:\\\/\\\/wein-werte.com\\\/de\\\/#website\"},\"primaryImageOfPage\":{\"@id\":\"https:\\\/\\\/wein-werte.com\\\/de\\\/produkt\\\/huet-le-haut-lieu-moelleux-1ere-trie-2020-750ml\\\/#primaryimage\"},\"image\":{\"@id\":\"https:\\\/\\\/wein-werte.com\\\/de\\\/produkt\\\/huet-le-haut-lieu-moelleux-1ere-trie-2020-750ml\\\/#primaryimage\"},\"thumbnailUrl\":\"https:\\\/\\\/wein-werte.com\\\/wp-content\\\/uploads\\\/2026\\\/04\\\/Huet-Le-Haut-Lieu-Moelleux-1ere-Trie-2020-750ml.png\",\"datePublished\":\"2026-05-05T16:34:30+00:00\",\"description\":\"Kaufe Huet Le Haut Lieu Moelleux 1\u00e8re Trie 2020 (Chenin Blanc, s\u00fc\u00df aus Loire, Frankreich) bei Wein Werte, Ihrem nachhaltigen Onlineshop.\",\"breadcrumb\":{\"@id\":\"https:\\\/\\\/wein-werte.com\\\/de\\\/produkt\\\/huet-le-haut-lieu-moelleux-1ere-trie-2020-750ml\\\/#breadcrumb\"},\"inLanguage\":\"de\",\"potentialAction\":[{\"@type\":\"ReadAction\",\"target\":[\"https:\\\/\\\/wein-werte.com\\\/de\\\/produkt\\\/huet-le-haut-lieu-moelleux-1ere-trie-2020-750ml\\\/\"]}]},{\"@type\":\"ImageObject\",\"inLanguage\":\"de\",\"@id\":\"https:\\\/\\\/wein-werte.com\\\/de\\\/produkt\\\/huet-le-haut-lieu-moelleux-1ere-trie-2020-750ml\\\/#primaryimage\",\"url\":\"https:\\\/\\\/wein-werte.com\\\/wp-content\\\/uploads\\\/2026\\\/04\\\/Huet-Le-Haut-Lieu-Moelleux-1ere-Trie-2020-750ml.png\",\"contentUrl\":\"https:\\\/\\\/wein-werte.com\\\/wp-content\\\/uploads\\\/2026\\\/04\\\/Huet-Le-Haut-Lieu-Moelleux-1ere-Trie-2020-750ml.png\",\"width\":345,\"height\":1200,\"caption\":\"Huet Le Haut Lieu Moelleux 1\u00e8re Trie 2020 750ml\"},{\"@type\":\"BreadcrumbList\",\"@id\":\"https:\\\/\\\/wein-werte.com\\\/de\\\/produkt\\\/huet-le-haut-lieu-moelleux-1ere-trie-2020-750ml\\\/#breadcrumb\",\"itemListElement\":[{\"@type\":\"ListItem\",\"position\":1,\"name\":\"Home\",\"item\":\"https:\\\/\\\/wein-werte.com\\\/de\\\/\"},{\"@type\":\"ListItem\",\"position\":2,\"name\":\"Shop\",\"item\":\"https:\\\/\\\/wein-werte.com\\\/de\\\/shop\\\/\"},{\"@type\":\"ListItem\",\"position\":3,\"name\":\"Huet | Loire | Le Haut Lieu Moelleux 1\u00e8re Trie | 2020 | 750ml | bio\"}]},{\"@type\":\"WebSite\",\"@id\":\"https:\\\/\\\/wein-werte.com\\\/de\\\/#website\",\"url\":\"https:\\\/\\\/wein-werte.com\\\/de\\\/\",\"name\":\"Wein Werte\",\"description\":\"\",\"publisher\":{\"@id\":\"https:\\\/\\\/wein-werte.com\\\/de\\\/#organization\"},\"potentialAction\":[{\"@type\":\"SearchAction\",\"target\":{\"@type\":\"EntryPoint\",\"urlTemplate\":\"https:\\\/\\\/wein-werte.com\\\/de\\\/?s={search_term_string}\"},\"query-input\":{\"@type\":\"PropertyValueSpecification\",\"valueRequired\":true,\"valueName\":\"search_term_string\"}}],\"inLanguage\":\"de\"},{\"@type\":\"Organization\",\"@id\":\"https:\\\/\\\/wein-werte.com\\\/de\\\/#organization\",\"name\":\"Vins Fins Thorrold\",\"url\":\"https:\\\/\\\/wein-werte.com\\\/de\\\/\",\"logo\":{\"@type\":\"ImageObject\",\"inLanguage\":\"de\",\"@id\":\"https:\\\/\\\/wein-werte.com\\\/de\\\/#\\\/schema\\\/logo\\\/image\\\/\",\"url\":\"https:\\\/\\\/wein-werte.com\\\/wp-content\\\/uploads\\\/2023\\\/07\\\/Wein_werte_Logo700-1.png\",\"contentUrl\":\"https:\\\/\\\/wein-werte.com\\\/wp-content\\\/uploads\\\/2023\\\/07\\\/Wein_werte_Logo700-1.png\",\"width\":700,\"height\":272,\"caption\":\"Vins Fins Thorrold\"},\"image\":{\"@id\":\"https:\\\/\\\/wein-werte.com\\\/de\\\/#\\\/schema\\\/logo\\\/image\\\/\"}}]}<\/script>\n<!-- \/ Yoast SEO plugin. -->","yoast_head_json":{"title":"Huet Le Haut Lieu Moelleux 1\u00e8re Trie 2020","description":"Kaufe Huet Le Haut Lieu Moelleux 1\u00e8re Trie 2020 (Chenin Blanc, s\u00fc\u00df aus Loire, Frankreich) bei Wein Werte, Ihrem nachhaltigen Onlineshop.","robots":{"index":"index","follow":"follow","max-snippet":"max-snippet:-1","max-image-preview":"max-image-preview:large","max-video-preview":"max-video-preview:-1"},"canonical":"https:\/\/wein-werte.com\/de\/produkt\/huet-le-haut-lieu-moelleux-1ere-trie-2020-750ml\/","og_locale":"de_DE","og_type":"article","og_title":"Huet Le Haut Lieu Moelleux 1\u00e8re Trie 2020","og_description":"Kaufe Huet Le Haut Lieu Moelleux 1\u00e8re Trie 2020 (Chenin Blanc, s\u00fc\u00df aus Loire, Frankreich) bei Wein Werte, Ihrem nachhaltigen Onlineshop.","og_url":"https:\/\/wein-werte.com\/de\/produkt\/huet-le-haut-lieu-moelleux-1ere-trie-2020-750ml\/","og_site_name":"Wein Werte","og_image":[{"width":345,"height":1200,"url":"https:\/\/wein-werte.com\/wp-content\/uploads\/2026\/04\/Huet-Le-Haut-Lieu-Moelleux-1ere-Trie-2020-750ml.png","type":"image\/png"}],"twitter_card":"summary_large_image","twitter_misc":{"Gesch\u00e4tzte Lesezeit":"2\u00a0Minuten"},"schema":{"@context":"https:\/\/schema.org","@graph":[{"@type":"WebPage","@id":"https:\/\/wein-werte.com\/de\/produkt\/huet-le-haut-lieu-moelleux-1ere-trie-2020-750ml\/","url":"https:\/\/wein-werte.com\/de\/produkt\/huet-le-haut-lieu-moelleux-1ere-trie-2020-750ml\/","name":"Huet Le Haut Lieu Moelleux 1\u00e8re Trie 2020","isPartOf":{"@id":"https:\/\/wein-werte.com\/de\/#website"},"primaryImageOfPage":{"@id":"https:\/\/wein-werte.com\/de\/produkt\/huet-le-haut-lieu-moelleux-1ere-trie-2020-750ml\/#primaryimage"},"image":{"@id":"https:\/\/wein-werte.com\/de\/produkt\/huet-le-haut-lieu-moelleux-1ere-trie-2020-750ml\/#primaryimage"},"thumbnailUrl":"https:\/\/wein-werte.com\/wp-content\/uploads\/2026\/04\/Huet-Le-Haut-Lieu-Moelleux-1ere-Trie-2020-750ml.png","datePublished":"2026-05-05T16:34:30+00:00","description":"Kaufe Huet Le Haut Lieu Moelleux 1\u00e8re Trie 2020 (Chenin Blanc, s\u00fc\u00df aus Loire, Frankreich) bei Wein Werte, Ihrem nachhaltigen Onlineshop.","breadcrumb":{"@id":"https:\/\/wein-werte.com\/de\/produkt\/huet-le-haut-lieu-moelleux-1ere-trie-2020-750ml\/#breadcrumb"},"inLanguage":"de","potentialAction":[{"@type":"ReadAction","target":["https:\/\/wein-werte.com\/de\/produkt\/huet-le-haut-lieu-moelleux-1ere-trie-2020-750ml\/"]}]},{"@type":"ImageObject","inLanguage":"de","@id":"https:\/\/wein-werte.com\/de\/produkt\/huet-le-haut-lieu-moelleux-1ere-trie-2020-750ml\/#primaryimage","url":"https:\/\/wein-werte.com\/wp-content\/uploads\/2026\/04\/Huet-Le-Haut-Lieu-Moelleux-1ere-Trie-2020-750ml.png","contentUrl":"https:\/\/wein-werte.com\/wp-content\/uploads\/2026\/04\/Huet-Le-Haut-Lieu-Moelleux-1ere-Trie-2020-750ml.png","width":345,"height":1200,"caption":"Huet Le Haut Lieu Moelleux 1\u00e8re Trie 2020 750ml"},{"@type":"BreadcrumbList","@id":"https:\/\/wein-werte.com\/de\/produkt\/huet-le-haut-lieu-moelleux-1ere-trie-2020-750ml\/#breadcrumb","itemListElement":[{"@type":"ListItem","position":1,"name":"Home","item":"https:\/\/wein-werte.com\/de\/"},{"@type":"ListItem","position":2,"name":"Shop","item":"https:\/\/wein-werte.com\/de\/shop\/"},{"@type":"ListItem","position":3,"name":"Huet | Loire | Le Haut Lieu Moelleux 1\u00e8re Trie | 2020 | 750ml | bio"}]},{"@type":"WebSite","@id":"https:\/\/wein-werte.com\/de\/#website","url":"https:\/\/wein-werte.com\/de\/","name":"Wein Werte","description":"","publisher":{"@id":"https:\/\/wein-werte.com\/de\/#organization"},"potentialAction":[{"@type":"SearchAction","target":{"@type":"EntryPoint","urlTemplate":"https:\/\/wein-werte.com\/de\/?s={search_term_string}"},"query-input":{"@type":"PropertyValueSpecification","valueRequired":true,"valueName":"search_term_string"}}],"inLanguage":"de"},{"@type":"Organization","@id":"https:\/\/wein-werte.com\/de\/#organization","name":"Vins Fins Thorrold","url":"https:\/\/wein-werte.com\/de\/","logo":{"@type":"ImageObject","inLanguage":"de","@id":"https:\/\/wein-werte.com\/de\/#\/schema\/logo\/image\/","url":"https:\/\/wein-werte.com\/wp-content\/uploads\/2023\/07\/Wein_werte_Logo700-1.png","contentUrl":"https:\/\/wein-werte.com\/wp-content\/uploads\/2023\/07\/Wein_werte_Logo700-1.png","width":700,"height":272,"caption":"Vins Fins Thorrold"},"image":{"@id":"https:\/\/wein-werte.com\/de\/#\/schema\/logo\/image\/"}}]}},"_links":{"self":[{"href":"https:\/\/wein-werte.com\/de\/wp-json\/wp\/v2\/product\/1135716","targetHints":{"allow":["GET"]}}],"collection":[{"href":"https:\/\/wein-werte.com\/de\/wp-json\/wp\/v2\/product"}],"about":[{"href":"https:\/\/wein-werte.com\/de\/wp-json\/wp\/v2\/types\/product"}],"wp:featuredmedia":[{"embeddable":true,"href":"https:\/\/wein-werte.com\/de\/wp-json\/wp\/v2\/media\/1145616"}],"wp:attachment":[{"href":"https:\/\/wein-werte.com\/de\/wp-json\/wp\/v2\/media?parent=1135716"}],"wp:term":[{"taxonomy":"product_brand","embeddable":true,"href":"https:\/\/wein-werte.com\/de\/wp-json\/wp\/v2\/product_brand?post=1135716"},{"taxonomy":"product_cat","embeddable":true,"href":"https:\/\/wein-werte.com\/de\/wp-json\/wp\/v2\/product_cat?post=1135716"},{"taxonomy":"product_tag","embeddable":true,"href":"https:\/\/wein-werte.com\/de\/wp-json\/wp\/v2\/product_tag?post=1135716"}],"curies":[{"name":"wp","href":"https:\/\/api.w.org\/{rel}","templated":true}]}}