{"id":1135711,"date":"2026-05-05T18:34:30","date_gmt":"2026-05-05T16:34:30","guid":{"rendered":"https:\/\/wein-werte.com\/product\/huet-clos-du-bourg-demi-sec-2020-750ml\/"},"modified":"2026-04-27T12:05:18","modified_gmt":"2026-04-27T10:05:18","slug":"huet-clos-du-bourg-demi-sec-2020-750ml","status":"publish","type":"product","link":"https:\/\/wein-werte.com\/de\/produkt\/huet-clos-du-bourg-demi-sec-2020-750ml\/","title":{"rendered":"Huet | Loire | Clos du Bourg demi-sec | 2020 | 750ml | bio"},"content":{"rendered":"<p>Produktbeschreibung f\u00fcr Huet Clos du Bourg demi-sec 2020 (bio) <\/p>\n<h5>Informationen zum Wein<\/h5>\n<p> Der Clos du Bourg liegt oberhalb der Kirche von Vouvray und umfasst sechs Hektar Weinlagen, die von einer alten Steinmauer umgeben sind \u2013 daher \u201eClos\u201c. Es handelt sich um eine der \u00e4ltesten Grand-Cru-Parzellen Frankreichs. Sie wird bereits im 7. Jahrhundert erw\u00e4hnt. Der flache Boden des Weingartens besteht aus Lehm mit Feuerstein und Kreide-Einschl\u00fcssen. Er befindet sich auf einem typischen turonischen Tuffeau-Kalksteinfelsen. Hier erreichen die Reben den Tuffstein schon nach einem Meter. Die Lese erfolgte in 2020 zwischen dem 7. September (der fr\u00fcheste Zeitpunkt der in Weingutsgeschichte) und dem 25. September. Da der Jahrgang stark von Sonne und W\u00e4rme gepr\u00e4gt war, sind vor allem rests\u00fc\u00dfe Weine entstanden. Wie \u00fcblich wurden die Trauben penibel sortiert, gepresst und spontan vergoren. Eine malolaktische G\u00e4rung erfolgte nur in Ausnahmef\u00e4llen und bei einzelnen F\u00e4ssern. Ausgebaut wurde der Wein in gebrauchten Demi-Muids.\u00a0Demi-Sec\u00a0hei\u00dft bei Huet: zwischen 15 und 25 Gramm Rests\u00fc\u00dfe. In diesem Fall sind es 20 Gramm. <\/p>\n<h5>Farbe<\/h5>\n<p> mittleres Strohgelb <\/p>\n<h5>Nase<\/h5>\n<p> Der 2020er\u00a0Clos du Bourg Demi-Sec\u00a0ist in diesem Jahrgang im Auftakt durchaus nahe verwandt mit dem\u00a0Le Haut-Lieu Demi-Sec. Beide besitzen eine moselanisch wirkende spielerische Leichtigkeit in Verbindung mit einer reifen Frucht und einer hellen Stein- und Kr\u00e4uteraromatik. Der\u00a0Clos du Bourg\u00a0ist aber standesgem\u00e4\u00df etwas kreidiger, etwas fester und eine Spur dunkler. Gelbe Zitrusfr\u00fcchte samt Abrieb treffen auf knackige \u00c4pfel und Birnen, Trockenkr\u00e4uter und blonden Tabak, schlie\u00dflich frischer Apfelmost. Ein wenig Rauch und Feuerstein sind ebenfalls mit im Spiel. <\/p>\n<h5>Gaumen<\/h5>\n<p> Am Gaumen beginnt der Wein seidig und warm oder, wie Rebecca Gibb MW es auf\u00a0Vinous\u00a0schreibt: \u201eDen 2020er\u00a0Clos du Bourg Demi-Sec\u00a0zu trinken ist, als w\u00fcrde man nach einem langen Wandertag die Schuhe ausziehen und die F\u00fc\u00dfe in warmes Wasser tauchen: Zufriedenheit und Entspannung pur.\u201c Der\u00a0Le\u00a0Clos du Bourg\u00a0bietet zu Beginn fast s\u00fcffig wirkendes Kernobst, Steinobst und einige Zitrusfr\u00fcchte, zeigt sich hier in geradezu saftiger Art. Die S\u00fc\u00dfe liegt vor allem auf der Zungenspitze, hinter der sich f\u00fcr eine kurze Zeit die W\u00fcrze und die S\u00e4ure verbergen. Dann aber treten beide deutlich hervor, und pl\u00f6tzlich verwirbeln die Aromen in einem Strudel von Frische und Salzigkeit. Der Chenin Blanc besitzt Volumen und Konzentration, die aber nie zu schwer werden. Eher im Gegenteil. Der Wein t\u00e4nzelt trotz der Kraft, trotz der 13,5 Vol-% und trotz der leicht dunkel anmutenden W\u00fcrze \u00fcber die Zunge. Das wirkt \u00fcberaus verf\u00fchrerisch, und wie so oft in den letzten Jahren wei\u00df man gar nicht, wie man sich dazu zwingen kann, diesem Wein noch mehrere Jahre Flaschenreife zu g\u00f6nnen und sich gleichzeitig dieses Vergn\u00fcgen so lange zu versagen. Und doch wird sich dieser Wein noch \u00fcber die Zeit wunderbar entwickeln.\u00a0<\/p>\n<p>Copyright Vinaturel 2025<\/p>\n<p>Keywords: <a href=\"https:\/\/wein-werte.com\/de\/shop\/?swoof=1&#038;pa_producer=Huet\">Huet<\/a> <a href=\"https:\/\/wein-werte.com\/de\/shop\/?swoof=1&#038;woof_text=Clos du Bourg demi-sec\">Clos du Bourg demi-sec<\/a> 2020 bio <a href=\"https:\/\/wein-werte.com\/de\/shop\/?swoof=1&#038;pa_region=Loire\">Loire<\/a> <a href=\"https:\/\/wein-werte.com\/de\/shop\/?swoof=1&#038;pa_country=Frankreich\">Frankreich<\/a><\/p>\n<h3>Wine Advocate<\/h3>\n<p>Punkte: 95<\/p>\n<p>Der 2020er Vouvray Clos du Bourg Demi-Sec ist konzentriert, tiefgr\u00fcndig und noch etwas ungez\u00e4hmt in der klaren, frischen und zitronenfruchtigen, aber im Vergleich zum Haut-Lieu dunkleren Nase. Rund und raffiniert, aber dennoch mit einer recht festen Tanninstruktur, ist dies ein reichhaltiger und kraftvoller, aber dennoch eleganter und anhaltend salziger Chenin mit Spannung, Grip und einem nachhaltigen, vielversprechenden Abgang. Der 2020er Clos du Bourg vereint Saftigkeit mit Finesse und Reinheit mit Komplexit\u00e4t. Verkostet als Tankprobe kurz vor der Abf\u00fcllung im April 2021.<br \/>Stephan Reinhardt<\/p>\n<h3>Vinous<\/h3>\n<p>Punkte: 94<\/p>\n<p>Der Clos du Bourg Demi-Sec 2020 l\u00e4sst seine ersten Tage als Jungwein hinter sich, hat aber noch ein langes Leben vor sich. Er gleicht einer Chenin-Wolke und erf\u00fcllt den Gaumen mit reinen Aromen, die an frisch ged\u00fcnstete \u00c4pfel und Veilchen erinnern. Die Textur ist fein verwoben, und die S\u00e4ure verleiht dem Wein durch den ausgewogenen Restzucker seine besondere Note. \u2013 Rebecca Gibb MW<br \/>Trinkfenster: 2022\u20132040<br \/>Testdatum: September 2022<\/p>\n<p>Internetseite des Weinguts: <a href=\"https:\/\/www.domainehuet.com\/\" target=\"_blank\">https:\/\/www.domainehuet.com\/<\/a><\/p>\n","protected":false},"excerpt":{"rendered":"<p>Lieferzeit: 1 bis 2 Arbeitstage (DE), 2 bis 5 Arbeitstage (EU and CH)<\/p>\n","protected":false},"featured_media":1145612,"template":"","meta":[],"product_brand":[],"product_cat":[19],"product_tag":[],"class_list":{"0":"post-1135711","1":"product","2":"type-product","3":"status-publish","4":"has-post-thumbnail","6":"product_cat-unkategorisiert","7":"pa_alcohol-for-filter-13-5","8":"pa_certified-biodynamic-ja-de","9":"pa_certified-organic-ja-de","10":"pa_colour-weiss","11":"pa_country-frankreich","12":"pa_grape-chenin-blanc","13":"pa_parker-points-for-filter-95-de","14":"pa_price-for-filter-10628","15":"pa_producer-huet","16":"pa_region-loire","17":"pa_size-ml-6584","18":"pa_sweetness-halbtrocken","19":"pa_type-2-still-de","20":"pa_vinous-points-for-filter-20033","21":"pa_vintage-2020-de","22":"entry","23":"has-media","25":"first","26":"instock","27":"taxable","28":"shipping-taxable","29":"purchasable","30":"product-type-simple"},"yoast_head":"<!-- This site is optimized with the Yoast SEO plugin v27.5 - https:\/\/yoast.com\/product\/yoast-seo-wordpress\/ -->\n<title>Huet Clos du Bourg demi-sec 2020<\/title>\n<meta name=\"description\" content=\"Kaufe Huet Clos du Bourg demi-sec 2020 (Chenin Blanc, halbtrocken aus Loire, Frankreich) bei Wein Werte, Ihrem nachhaltigen Onlineshop.\" \/>\n<meta name=\"robots\" content=\"index, follow, max-snippet:-1, max-image-preview:large, max-video-preview:-1\" \/>\n<link rel=\"canonical\" href=\"https:\/\/wein-werte.com\/de\/produkt\/huet-clos-du-bourg-demi-sec-2020-750ml\/\" \/>\n<meta property=\"og:locale\" content=\"de_DE\" \/>\n<meta property=\"og:type\" content=\"article\" \/>\n<meta property=\"og:title\" content=\"Huet Clos du Bourg demi-sec 2020\" \/>\n<meta property=\"og:description\" content=\"Kaufe Huet Clos du Bourg demi-sec 2020 (Chenin Blanc, halbtrocken aus Loire, Frankreich) bei Wein Werte, Ihrem nachhaltigen Onlineshop.\" \/>\n<meta property=\"og:url\" content=\"https:\/\/wein-werte.com\/de\/produkt\/huet-clos-du-bourg-demi-sec-2020-750ml\/\" \/>\n<meta property=\"og:site_name\" content=\"Wein Werte\" \/>\n<meta property=\"og:image\" content=\"https:\/\/wein-werte.com\/wp-content\/uploads\/2026\/04\/Huet-Clos-du-Bourg-demi-sec-2020-750ml.png\" \/>\n\t<meta property=\"og:image:width\" content=\"346\" \/>\n\t<meta property=\"og:image:height\" content=\"1200\" \/>\n\t<meta property=\"og:image:type\" content=\"image\/png\" \/>\n<meta name=\"twitter:card\" content=\"summary_large_image\" \/>\n<meta name=\"twitter:label1\" content=\"Gesch\u00e4tzte Lesezeit\" \/>\n\t<meta name=\"twitter:data1\" content=\"3\u00a0Minuten\" \/>\n<script type=\"application\/ld+json\" class=\"yoast-schema-graph\">{\"@context\":\"https:\\\/\\\/schema.org\",\"@graph\":[{\"@type\":\"WebPage\",\"@id\":\"https:\\\/\\\/wein-werte.com\\\/de\\\/produkt\\\/huet-clos-du-bourg-demi-sec-2020-750ml\\\/\",\"url\":\"https:\\\/\\\/wein-werte.com\\\/de\\\/produkt\\\/huet-clos-du-bourg-demi-sec-2020-750ml\\\/\",\"name\":\"Huet Clos du Bourg demi-sec 2020\",\"isPartOf\":{\"@id\":\"https:\\\/\\\/wein-werte.com\\\/de\\\/#website\"},\"primaryImageOfPage\":{\"@id\":\"https:\\\/\\\/wein-werte.com\\\/de\\\/produkt\\\/huet-clos-du-bourg-demi-sec-2020-750ml\\\/#primaryimage\"},\"image\":{\"@id\":\"https:\\\/\\\/wein-werte.com\\\/de\\\/produkt\\\/huet-clos-du-bourg-demi-sec-2020-750ml\\\/#primaryimage\"},\"thumbnailUrl\":\"https:\\\/\\\/wein-werte.com\\\/wp-content\\\/uploads\\\/2026\\\/04\\\/Huet-Clos-du-Bourg-demi-sec-2020-750ml.png\",\"datePublished\":\"2026-05-05T16:34:30+00:00\",\"description\":\"Kaufe Huet Clos du Bourg demi-sec 2020 (Chenin Blanc, halbtrocken aus Loire, Frankreich) bei Wein Werte, Ihrem nachhaltigen Onlineshop.\",\"breadcrumb\":{\"@id\":\"https:\\\/\\\/wein-werte.com\\\/de\\\/produkt\\\/huet-clos-du-bourg-demi-sec-2020-750ml\\\/#breadcrumb\"},\"inLanguage\":\"de\",\"potentialAction\":[{\"@type\":\"ReadAction\",\"target\":[\"https:\\\/\\\/wein-werte.com\\\/de\\\/produkt\\\/huet-clos-du-bourg-demi-sec-2020-750ml\\\/\"]}]},{\"@type\":\"ImageObject\",\"inLanguage\":\"de\",\"@id\":\"https:\\\/\\\/wein-werte.com\\\/de\\\/produkt\\\/huet-clos-du-bourg-demi-sec-2020-750ml\\\/#primaryimage\",\"url\":\"https:\\\/\\\/wein-werte.com\\\/wp-content\\\/uploads\\\/2026\\\/04\\\/Huet-Clos-du-Bourg-demi-sec-2020-750ml.png\",\"contentUrl\":\"https:\\\/\\\/wein-werte.com\\\/wp-content\\\/uploads\\\/2026\\\/04\\\/Huet-Clos-du-Bourg-demi-sec-2020-750ml.png\",\"width\":346,\"height\":1200,\"caption\":\"Huet Clos du Bourg demi-sec 2020 750ml\"},{\"@type\":\"BreadcrumbList\",\"@id\":\"https:\\\/\\\/wein-werte.com\\\/de\\\/produkt\\\/huet-clos-du-bourg-demi-sec-2020-750ml\\\/#breadcrumb\",\"itemListElement\":[{\"@type\":\"ListItem\",\"position\":1,\"name\":\"Home\",\"item\":\"https:\\\/\\\/wein-werte.com\\\/de\\\/\"},{\"@type\":\"ListItem\",\"position\":2,\"name\":\"Shop\",\"item\":\"https:\\\/\\\/wein-werte.com\\\/de\\\/shop\\\/\"},{\"@type\":\"ListItem\",\"position\":3,\"name\":\"Huet | Loire | Clos du Bourg demi-sec | 2020 | 750ml | bio\"}]},{\"@type\":\"WebSite\",\"@id\":\"https:\\\/\\\/wein-werte.com\\\/de\\\/#website\",\"url\":\"https:\\\/\\\/wein-werte.com\\\/de\\\/\",\"name\":\"Wein Werte\",\"description\":\"\",\"publisher\":{\"@id\":\"https:\\\/\\\/wein-werte.com\\\/de\\\/#organization\"},\"potentialAction\":[{\"@type\":\"SearchAction\",\"target\":{\"@type\":\"EntryPoint\",\"urlTemplate\":\"https:\\\/\\\/wein-werte.com\\\/de\\\/?s={search_term_string}\"},\"query-input\":{\"@type\":\"PropertyValueSpecification\",\"valueRequired\":true,\"valueName\":\"search_term_string\"}}],\"inLanguage\":\"de\"},{\"@type\":\"Organization\",\"@id\":\"https:\\\/\\\/wein-werte.com\\\/de\\\/#organization\",\"name\":\"Vins Fins Thorrold\",\"url\":\"https:\\\/\\\/wein-werte.com\\\/de\\\/\",\"logo\":{\"@type\":\"ImageObject\",\"inLanguage\":\"de\",\"@id\":\"https:\\\/\\\/wein-werte.com\\\/de\\\/#\\\/schema\\\/logo\\\/image\\\/\",\"url\":\"https:\\\/\\\/wein-werte.com\\\/wp-content\\\/uploads\\\/2023\\\/07\\\/Wein_werte_Logo700-1.png\",\"contentUrl\":\"https:\\\/\\\/wein-werte.com\\\/wp-content\\\/uploads\\\/2023\\\/07\\\/Wein_werte_Logo700-1.png\",\"width\":700,\"height\":272,\"caption\":\"Vins Fins Thorrold\"},\"image\":{\"@id\":\"https:\\\/\\\/wein-werte.com\\\/de\\\/#\\\/schema\\\/logo\\\/image\\\/\"}}]}<\/script>\n<!-- \/ Yoast SEO plugin. -->","yoast_head_json":{"title":"Huet Clos du Bourg demi-sec 2020","description":"Kaufe Huet Clos du Bourg demi-sec 2020 (Chenin Blanc, halbtrocken aus Loire, Frankreich) bei Wein Werte, Ihrem nachhaltigen Onlineshop.","robots":{"index":"index","follow":"follow","max-snippet":"max-snippet:-1","max-image-preview":"max-image-preview:large","max-video-preview":"max-video-preview:-1"},"canonical":"https:\/\/wein-werte.com\/de\/produkt\/huet-clos-du-bourg-demi-sec-2020-750ml\/","og_locale":"de_DE","og_type":"article","og_title":"Huet Clos du Bourg demi-sec 2020","og_description":"Kaufe Huet Clos du Bourg demi-sec 2020 (Chenin Blanc, halbtrocken aus Loire, Frankreich) bei Wein Werte, Ihrem nachhaltigen Onlineshop.","og_url":"https:\/\/wein-werte.com\/de\/produkt\/huet-clos-du-bourg-demi-sec-2020-750ml\/","og_site_name":"Wein Werte","og_image":[{"width":346,"height":1200,"url":"https:\/\/wein-werte.com\/wp-content\/uploads\/2026\/04\/Huet-Clos-du-Bourg-demi-sec-2020-750ml.png","type":"image\/png"}],"twitter_card":"summary_large_image","twitter_misc":{"Gesch\u00e4tzte Lesezeit":"3\u00a0Minuten"},"schema":{"@context":"https:\/\/schema.org","@graph":[{"@type":"WebPage","@id":"https:\/\/wein-werte.com\/de\/produkt\/huet-clos-du-bourg-demi-sec-2020-750ml\/","url":"https:\/\/wein-werte.com\/de\/produkt\/huet-clos-du-bourg-demi-sec-2020-750ml\/","name":"Huet Clos du Bourg demi-sec 2020","isPartOf":{"@id":"https:\/\/wein-werte.com\/de\/#website"},"primaryImageOfPage":{"@id":"https:\/\/wein-werte.com\/de\/produkt\/huet-clos-du-bourg-demi-sec-2020-750ml\/#primaryimage"},"image":{"@id":"https:\/\/wein-werte.com\/de\/produkt\/huet-clos-du-bourg-demi-sec-2020-750ml\/#primaryimage"},"thumbnailUrl":"https:\/\/wein-werte.com\/wp-content\/uploads\/2026\/04\/Huet-Clos-du-Bourg-demi-sec-2020-750ml.png","datePublished":"2026-05-05T16:34:30+00:00","description":"Kaufe Huet Clos du Bourg demi-sec 2020 (Chenin Blanc, halbtrocken aus Loire, Frankreich) bei Wein Werte, Ihrem nachhaltigen Onlineshop.","breadcrumb":{"@id":"https:\/\/wein-werte.com\/de\/produkt\/huet-clos-du-bourg-demi-sec-2020-750ml\/#breadcrumb"},"inLanguage":"de","potentialAction":[{"@type":"ReadAction","target":["https:\/\/wein-werte.com\/de\/produkt\/huet-clos-du-bourg-demi-sec-2020-750ml\/"]}]},{"@type":"ImageObject","inLanguage":"de","@id":"https:\/\/wein-werte.com\/de\/produkt\/huet-clos-du-bourg-demi-sec-2020-750ml\/#primaryimage","url":"https:\/\/wein-werte.com\/wp-content\/uploads\/2026\/04\/Huet-Clos-du-Bourg-demi-sec-2020-750ml.png","contentUrl":"https:\/\/wein-werte.com\/wp-content\/uploads\/2026\/04\/Huet-Clos-du-Bourg-demi-sec-2020-750ml.png","width":346,"height":1200,"caption":"Huet Clos du Bourg demi-sec 2020 750ml"},{"@type":"BreadcrumbList","@id":"https:\/\/wein-werte.com\/de\/produkt\/huet-clos-du-bourg-demi-sec-2020-750ml\/#breadcrumb","itemListElement":[{"@type":"ListItem","position":1,"name":"Home","item":"https:\/\/wein-werte.com\/de\/"},{"@type":"ListItem","position":2,"name":"Shop","item":"https:\/\/wein-werte.com\/de\/shop\/"},{"@type":"ListItem","position":3,"name":"Huet | Loire | Clos du Bourg demi-sec | 2020 | 750ml | bio"}]},{"@type":"WebSite","@id":"https:\/\/wein-werte.com\/de\/#website","url":"https:\/\/wein-werte.com\/de\/","name":"Wein Werte","description":"","publisher":{"@id":"https:\/\/wein-werte.com\/de\/#organization"},"potentialAction":[{"@type":"SearchAction","target":{"@type":"EntryPoint","urlTemplate":"https:\/\/wein-werte.com\/de\/?s={search_term_string}"},"query-input":{"@type":"PropertyValueSpecification","valueRequired":true,"valueName":"search_term_string"}}],"inLanguage":"de"},{"@type":"Organization","@id":"https:\/\/wein-werte.com\/de\/#organization","name":"Vins Fins Thorrold","url":"https:\/\/wein-werte.com\/de\/","logo":{"@type":"ImageObject","inLanguage":"de","@id":"https:\/\/wein-werte.com\/de\/#\/schema\/logo\/image\/","url":"https:\/\/wein-werte.com\/wp-content\/uploads\/2023\/07\/Wein_werte_Logo700-1.png","contentUrl":"https:\/\/wein-werte.com\/wp-content\/uploads\/2023\/07\/Wein_werte_Logo700-1.png","width":700,"height":272,"caption":"Vins Fins Thorrold"},"image":{"@id":"https:\/\/wein-werte.com\/de\/#\/schema\/logo\/image\/"}}]}},"_links":{"self":[{"href":"https:\/\/wein-werte.com\/de\/wp-json\/wp\/v2\/product\/1135711","targetHints":{"allow":["GET"]}}],"collection":[{"href":"https:\/\/wein-werte.com\/de\/wp-json\/wp\/v2\/product"}],"about":[{"href":"https:\/\/wein-werte.com\/de\/wp-json\/wp\/v2\/types\/product"}],"wp:featuredmedia":[{"embeddable":true,"href":"https:\/\/wein-werte.com\/de\/wp-json\/wp\/v2\/media\/1145612"}],"wp:attachment":[{"href":"https:\/\/wein-werte.com\/de\/wp-json\/wp\/v2\/media?parent=1135711"}],"wp:term":[{"taxonomy":"product_brand","embeddable":true,"href":"https:\/\/wein-werte.com\/de\/wp-json\/wp\/v2\/product_brand?post=1135711"},{"taxonomy":"product_cat","embeddable":true,"href":"https:\/\/wein-werte.com\/de\/wp-json\/wp\/v2\/product_cat?post=1135711"},{"taxonomy":"product_tag","embeddable":true,"href":"https:\/\/wein-werte.com\/de\/wp-json\/wp\/v2\/product_tag?post=1135711"}],"curies":[{"name":"wp","href":"https:\/\/api.w.org\/{rel}","templated":true}]}}