{"id":1135706,"date":"2026-05-05T18:34:30","date_gmt":"2026-05-05T16:34:30","guid":{"rendered":"https:\/\/wein-werte.com\/product\/huet-le-haut-lieu-demi-sec-2020-750ml\/"},"modified":"2026-04-27T12:05:17","modified_gmt":"2026-04-27T10:05:17","slug":"huet-le-haut-lieu-demi-sec-2020-750ml","status":"publish","type":"product","link":"https:\/\/wein-werte.com\/de\/produkt\/huet-le-haut-lieu-demi-sec-2020-750ml\/","title":{"rendered":"Huet | Loire | Le Haut-Lieu demi-sec | 2020 | 750ml | bio"},"content":{"rendered":"<p>Produktbeschreibung f\u00fcr Huet Le Haut-Lieu demi-sec 2020 (bio)<\/p>\n<p> Christoph Raffelt: Am Gaumen zeigt sich, dass die rund 18 Gramm S\u00fc\u00dfe exzellent von der S\u00e4ure gepuffert werden. Der Wein wirkt trotz der 13,5 % Alc. fast so schwebend wie ein Kabinett, und das ist faszinierend. Der Demi-sec ist so saftig, so cremig und gleichzeitig so elegant mit fein ziselierter S\u00e4ure und einer frischen Mineralit\u00e4t, die wie alle Komponenten in den Weinen von Huet zun\u00e4chst gar nicht als einzelner Bestandteil auff\u00e4llt, sondern nur in der stets stimmigen Gesamtkomposition. Auch hier ist man gewillt, immer weiter einzuschenken und einen etwaigen Vorrat schnell zunichte zu machen, auch wenn der Wein nat\u00fcrlich ein gro\u00dfes Zukunftspotential besitzt. <\/p>\n<h5>Informationen zum Wein<\/h5>\n<p> Der Haut-Lieu ist der Weinberg, der den Ursprung des Weinguts Huet bildet. Die Familie Huet besuchte das Dorf Vouvray erstmals 1928 und war von dem Anwesen, das heute das Weingut bildet, samt dem f\u00fcnf Hektar umfassenden Weinberg Le Haut-Lieu so begeistert, dass sie beide erwarb und das Weingut Huet gr\u00fcndete. Le Haut-Lieu liegt auf dem Plateau von Vouvray und ist gepr\u00e4gt von tiefbraunem Lehm mit ein wenig Feuerstein und Kreide im Oberboden. Den Oberboden nennt man \u00f6rtlich\u00a0aubuis. Das Grundgestein besteht aus gelbem Tuffeau-Kalkstein liegt vier Meter tief. Die Lese erfolgte in 2020 zwischen dem 7. September (der fr\u00fcheste Zeitpunkt der in Weingutsgeschichte) und dem 25. September. Da der Jahrgang stark von Sonne und W\u00e4rme gepr\u00e4gt war, sind vor allem rests\u00fc\u00dfe Weine entstanden. Wie \u00fcblich wurden die Trauben penibel sortiert, gepresst und spontan vergoren. Eine malolaktische G\u00e4rung erfolgte nur in Ausnahmef\u00e4llen und bei einzelnen F\u00e4ssern. Ausgebaut wurde der Wein in gebrauchten Demi-Muids.\u00a0Demi-Sec\u00a0hei\u00dft bei Huet: zwischen 15 und 25 Gramm Rests\u00fc\u00dfe. In diesem Fall sind es 20 Gramm. <\/p>\n<h5>Farbe<\/h5>\n<p> mittleres Strohgelb <\/p>\n<h5>Nase<\/h5>\n<p> Der\u00a0Le Haut-Lieu Demi-Sec\u00a0ein offener, heller, duftiger und frischer Wein, dessen Aromen an wei\u00dfe und gelbe Bl\u00fcten, Nashi-Birnen, gelbe\u00a0\u00c4pfel und frischen Apfelmost erinnern. Hinzu kommen Noten von feuchtem Stein und Kr\u00e4utern. Unter den drei Lagen wirkt der\u00a0Le Haut-Lieu\u00a0immer ein wenig moselanisch, so auch in diesem Jahrgang. Trotz einer antizipierten F\u00fclle an Aromen besitzt der Wein nichts Schweres oder \u00dcppiges, sondern wirkt t\u00e4nzelnd und leicht, zugleich ist er aber charaktervoll und ernsthaft. <\/p>\n<h5>Gaumen<\/h5>\n<p> Am Gaumen zeigt sich schnell die wunderbare Balance aus S\u00fc\u00dfe und S\u00e4ure, und obwohl der Chenin Blanc \u00fcber 13,5 Vol-% verf\u00fcgt, wirkt er auch am Gaumen fast so leichtf\u00fc\u00dfig wie ein Kabinett. Der\u00a0Demi-Sec\u00a0besitzt eine gelb- und wei\u00dffleischige runde Frucht, die saftig und cremig ist und von einer eleganten und fein ziselierten S\u00e4ure und einer frischen Mineralit\u00e4t getragen wird. Hier zeigen sich Spannung und Pr\u00e4zision, Intensit\u00e4t wie auch Dichte, und trotzdem bleibt noch die schon erw\u00e4hnte t\u00e4nzelnde Leichtf\u00fc\u00dfigkeit bei gleichzeitig pr\u00e4senter S\u00fc\u00dfe.<\/p>\n<p>Copyright Vinaturel 2025<\/p>\n<p>Keywords: <a href=\"https:\/\/wein-werte.com\/de\/shop\/?swoof=1&#038;pa_producer=Huet\">Huet<\/a> <a href=\"https:\/\/wein-werte.com\/de\/shop\/?swoof=1&#038;woof_text=Le Haut-Lieu demi-sec\">Le Haut-Lieu demi-sec<\/a> 2020 bio <a href=\"https:\/\/wein-werte.com\/de\/shop\/?swoof=1&#038;pa_region=Loire\">Loire<\/a> <a href=\"https:\/\/wein-werte.com\/de\/shop\/?swoof=1&#038;pa_country=Frankreich\">Frankreich<\/a><\/p>\n<h3>Wine Advocate<\/h3>\n<p>Punkte: (95-96)<\/p>\n<p>Der Vouvray Le Haut-Lieu Demi-Sec 2020 ist klar, rein, subtil, tiefgr\u00fcndig und frisch, mit hochraffinierten kalkig-sandigen Zitronenaromen. Reichhaltig und intensiv, aber dennoch seidig strukturiert und raffiniert am konzentrierten Gaumen, ist dies ein saftiger, hocheleganter, perfekt ausgewogener, anhaltend salziger und mundf\u00fcllender Haut-Lieu mit sehr feinen Tanninen und einem langen, festen und recht kraftvollen, aber eleganten und komplexen Abgang. Zu Beginn noch strenger als der Le Mont Demi-Sec, aber nach der Bel\u00fcftung ist dies nicht nur ein sehr raffinierter Chenin, sondern einer der feinsten Haut-Lieu-Weine, die ich von Huet verkostet habe. Verkostet als Tankprobe im April 2021.<br \/>Stephan Reinhardt<\/p>\n<h3>Vinous<\/h3>\n<p>Punkte: 93<\/p>\n<p>Der Haut Lieu Demi-Sec 2020 bietet einen Hauch saftiger S\u00fc\u00dfe im prallen Gaumen, ohne jedoch schwer zu sein. Seine herrliche Textur l\u00e4sst Sie im Abgang Ihre Lippen und Ihren Mund lecken und verleiht ihm einen fast schon gourmandigen Charakter. Duftend, blumig und fruchtig mit Ananas, Nektarine und floralen Noten. Fein, frisch und langanhaltend im Abgang. \u2013 Rebecca Gibb MW<br \/>Trinkfenster: 2022\u20132040<br \/>Testdatum: September 2022<\/p>\n<p>Internetseite des Weinguts: <a href=\"https:\/\/www.domainehuet.com\/\" target=\"_blank\">https:\/\/www.domainehuet.com\/<\/a><\/p>\n","protected":false},"excerpt":{"rendered":"<p>Lieferzeit: 1 bis 2 Arbeitstage (DE), 2 bis 5 Arbeitstage (EU and CH)<\/p>\n","protected":false},"featured_media":1145608,"template":"","meta":[],"product_brand":[],"product_cat":[19],"product_tag":[],"class_list":{"0":"post-1135706","1":"product","2":"type-product","3":"status-publish","4":"has-post-thumbnail","6":"product_cat-unkategorisiert","7":"pa_alcohol-for-filter-13-5","8":"pa_certified-biodynamic-ja-de","9":"pa_certified-organic-ja-de","10":"pa_colour-weiss","11":"pa_country-frankreich","12":"pa_grape-chenin-blanc","13":"pa_parker-points-for-filter-95-de","14":"pa_price-for-filter-10625","15":"pa_producer-huet","16":"pa_region-loire","17":"pa_size-ml-6584","18":"pa_sweetness-halbtrocken","19":"pa_type-2-still-de","20":"pa_vinous-points-for-filter-20031","21":"pa_vintage-2020-de","22":"entry","23":"has-media","25":"first","26":"instock","27":"taxable","28":"shipping-taxable","29":"purchasable","30":"product-type-simple"},"yoast_head":"<!-- This site is optimized with the Yoast SEO plugin v27.5 - https:\/\/yoast.com\/product\/yoast-seo-wordpress\/ -->\n<title>Huet Le Haut-Lieu demi-sec 2020<\/title>\n<meta name=\"description\" content=\"Kaufe Huet Le Haut-Lieu demi-sec 2020 (Chenin Blanc, halbtrocken aus Loire, Frankreich) bei Wein Werte, Ihrem nachhaltigen Onlineshop.\" \/>\n<meta name=\"robots\" content=\"index, follow, max-snippet:-1, max-image-preview:large, max-video-preview:-1\" \/>\n<link rel=\"canonical\" href=\"https:\/\/wein-werte.com\/de\/produkt\/huet-le-haut-lieu-demi-sec-2020-750ml\/\" \/>\n<meta property=\"og:locale\" content=\"de_DE\" \/>\n<meta property=\"og:type\" content=\"article\" \/>\n<meta property=\"og:title\" content=\"Huet Le Haut-Lieu demi-sec 2020\" \/>\n<meta property=\"og:description\" content=\"Kaufe Huet Le Haut-Lieu demi-sec 2020 (Chenin Blanc, halbtrocken aus Loire, Frankreich) bei Wein Werte, Ihrem nachhaltigen Onlineshop.\" \/>\n<meta property=\"og:url\" content=\"https:\/\/wein-werte.com\/de\/produkt\/huet-le-haut-lieu-demi-sec-2020-750ml\/\" \/>\n<meta property=\"og:site_name\" content=\"Wein Werte\" \/>\n<meta property=\"og:image\" content=\"https:\/\/wein-werte.com\/wp-content\/uploads\/2026\/04\/Huet-Le-Haut-Lieu-demi-sec-2020-750ml.png\" \/>\n\t<meta property=\"og:image:width\" content=\"344\" \/>\n\t<meta property=\"og:image:height\" content=\"1200\" \/>\n\t<meta property=\"og:image:type\" content=\"image\/png\" \/>\n<meta name=\"twitter:card\" content=\"summary_large_image\" \/>\n<meta name=\"twitter:label1\" content=\"Gesch\u00e4tzte Lesezeit\" \/>\n\t<meta name=\"twitter:data1\" content=\"3\u00a0Minuten\" \/>\n<script type=\"application\/ld+json\" class=\"yoast-schema-graph\">{\"@context\":\"https:\\\/\\\/schema.org\",\"@graph\":[{\"@type\":\"WebPage\",\"@id\":\"https:\\\/\\\/wein-werte.com\\\/de\\\/produkt\\\/huet-le-haut-lieu-demi-sec-2020-750ml\\\/\",\"url\":\"https:\\\/\\\/wein-werte.com\\\/de\\\/produkt\\\/huet-le-haut-lieu-demi-sec-2020-750ml\\\/\",\"name\":\"Huet Le Haut-Lieu demi-sec 2020\",\"isPartOf\":{\"@id\":\"https:\\\/\\\/wein-werte.com\\\/de\\\/#website\"},\"primaryImageOfPage\":{\"@id\":\"https:\\\/\\\/wein-werte.com\\\/de\\\/produkt\\\/huet-le-haut-lieu-demi-sec-2020-750ml\\\/#primaryimage\"},\"image\":{\"@id\":\"https:\\\/\\\/wein-werte.com\\\/de\\\/produkt\\\/huet-le-haut-lieu-demi-sec-2020-750ml\\\/#primaryimage\"},\"thumbnailUrl\":\"https:\\\/\\\/wein-werte.com\\\/wp-content\\\/uploads\\\/2026\\\/04\\\/Huet-Le-Haut-Lieu-demi-sec-2020-750ml.png\",\"datePublished\":\"2026-05-05T16:34:30+00:00\",\"description\":\"Kaufe Huet Le Haut-Lieu demi-sec 2020 (Chenin Blanc, halbtrocken aus Loire, Frankreich) bei Wein Werte, Ihrem nachhaltigen Onlineshop.\",\"breadcrumb\":{\"@id\":\"https:\\\/\\\/wein-werte.com\\\/de\\\/produkt\\\/huet-le-haut-lieu-demi-sec-2020-750ml\\\/#breadcrumb\"},\"inLanguage\":\"de\",\"potentialAction\":[{\"@type\":\"ReadAction\",\"target\":[\"https:\\\/\\\/wein-werte.com\\\/de\\\/produkt\\\/huet-le-haut-lieu-demi-sec-2020-750ml\\\/\"]}]},{\"@type\":\"ImageObject\",\"inLanguage\":\"de\",\"@id\":\"https:\\\/\\\/wein-werte.com\\\/de\\\/produkt\\\/huet-le-haut-lieu-demi-sec-2020-750ml\\\/#primaryimage\",\"url\":\"https:\\\/\\\/wein-werte.com\\\/wp-content\\\/uploads\\\/2026\\\/04\\\/Huet-Le-Haut-Lieu-demi-sec-2020-750ml.png\",\"contentUrl\":\"https:\\\/\\\/wein-werte.com\\\/wp-content\\\/uploads\\\/2026\\\/04\\\/Huet-Le-Haut-Lieu-demi-sec-2020-750ml.png\",\"width\":344,\"height\":1200,\"caption\":\"Huet Le Haut-Lieu demi-sec 2020 750ml\"},{\"@type\":\"BreadcrumbList\",\"@id\":\"https:\\\/\\\/wein-werte.com\\\/de\\\/produkt\\\/huet-le-haut-lieu-demi-sec-2020-750ml\\\/#breadcrumb\",\"itemListElement\":[{\"@type\":\"ListItem\",\"position\":1,\"name\":\"Home\",\"item\":\"https:\\\/\\\/wein-werte.com\\\/de\\\/\"},{\"@type\":\"ListItem\",\"position\":2,\"name\":\"Shop\",\"item\":\"https:\\\/\\\/wein-werte.com\\\/de\\\/shop\\\/\"},{\"@type\":\"ListItem\",\"position\":3,\"name\":\"Huet | Loire | Le Haut-Lieu demi-sec | 2020 | 750ml | bio\"}]},{\"@type\":\"WebSite\",\"@id\":\"https:\\\/\\\/wein-werte.com\\\/de\\\/#website\",\"url\":\"https:\\\/\\\/wein-werte.com\\\/de\\\/\",\"name\":\"Wein Werte\",\"description\":\"\",\"publisher\":{\"@id\":\"https:\\\/\\\/wein-werte.com\\\/de\\\/#organization\"},\"potentialAction\":[{\"@type\":\"SearchAction\",\"target\":{\"@type\":\"EntryPoint\",\"urlTemplate\":\"https:\\\/\\\/wein-werte.com\\\/de\\\/?s={search_term_string}\"},\"query-input\":{\"@type\":\"PropertyValueSpecification\",\"valueRequired\":true,\"valueName\":\"search_term_string\"}}],\"inLanguage\":\"de\"},{\"@type\":\"Organization\",\"@id\":\"https:\\\/\\\/wein-werte.com\\\/de\\\/#organization\",\"name\":\"Vins Fins Thorrold\",\"url\":\"https:\\\/\\\/wein-werte.com\\\/de\\\/\",\"logo\":{\"@type\":\"ImageObject\",\"inLanguage\":\"de\",\"@id\":\"https:\\\/\\\/wein-werte.com\\\/de\\\/#\\\/schema\\\/logo\\\/image\\\/\",\"url\":\"https:\\\/\\\/wein-werte.com\\\/wp-content\\\/uploads\\\/2023\\\/07\\\/Wein_werte_Logo700-1.png\",\"contentUrl\":\"https:\\\/\\\/wein-werte.com\\\/wp-content\\\/uploads\\\/2023\\\/07\\\/Wein_werte_Logo700-1.png\",\"width\":700,\"height\":272,\"caption\":\"Vins Fins Thorrold\"},\"image\":{\"@id\":\"https:\\\/\\\/wein-werte.com\\\/de\\\/#\\\/schema\\\/logo\\\/image\\\/\"}}]}<\/script>\n<!-- \/ Yoast SEO plugin. -->","yoast_head_json":{"title":"Huet Le Haut-Lieu demi-sec 2020","description":"Kaufe Huet Le Haut-Lieu demi-sec 2020 (Chenin Blanc, halbtrocken aus Loire, Frankreich) bei Wein Werte, Ihrem nachhaltigen Onlineshop.","robots":{"index":"index","follow":"follow","max-snippet":"max-snippet:-1","max-image-preview":"max-image-preview:large","max-video-preview":"max-video-preview:-1"},"canonical":"https:\/\/wein-werte.com\/de\/produkt\/huet-le-haut-lieu-demi-sec-2020-750ml\/","og_locale":"de_DE","og_type":"article","og_title":"Huet Le Haut-Lieu demi-sec 2020","og_description":"Kaufe Huet Le Haut-Lieu demi-sec 2020 (Chenin Blanc, halbtrocken aus Loire, Frankreich) bei Wein Werte, Ihrem nachhaltigen Onlineshop.","og_url":"https:\/\/wein-werte.com\/de\/produkt\/huet-le-haut-lieu-demi-sec-2020-750ml\/","og_site_name":"Wein Werte","og_image":[{"width":344,"height":1200,"url":"https:\/\/wein-werte.com\/wp-content\/uploads\/2026\/04\/Huet-Le-Haut-Lieu-demi-sec-2020-750ml.png","type":"image\/png"}],"twitter_card":"summary_large_image","twitter_misc":{"Gesch\u00e4tzte Lesezeit":"3\u00a0Minuten"},"schema":{"@context":"https:\/\/schema.org","@graph":[{"@type":"WebPage","@id":"https:\/\/wein-werte.com\/de\/produkt\/huet-le-haut-lieu-demi-sec-2020-750ml\/","url":"https:\/\/wein-werte.com\/de\/produkt\/huet-le-haut-lieu-demi-sec-2020-750ml\/","name":"Huet Le Haut-Lieu demi-sec 2020","isPartOf":{"@id":"https:\/\/wein-werte.com\/de\/#website"},"primaryImageOfPage":{"@id":"https:\/\/wein-werte.com\/de\/produkt\/huet-le-haut-lieu-demi-sec-2020-750ml\/#primaryimage"},"image":{"@id":"https:\/\/wein-werte.com\/de\/produkt\/huet-le-haut-lieu-demi-sec-2020-750ml\/#primaryimage"},"thumbnailUrl":"https:\/\/wein-werte.com\/wp-content\/uploads\/2026\/04\/Huet-Le-Haut-Lieu-demi-sec-2020-750ml.png","datePublished":"2026-05-05T16:34:30+00:00","description":"Kaufe Huet Le Haut-Lieu demi-sec 2020 (Chenin Blanc, halbtrocken aus Loire, Frankreich) bei Wein Werte, Ihrem nachhaltigen Onlineshop.","breadcrumb":{"@id":"https:\/\/wein-werte.com\/de\/produkt\/huet-le-haut-lieu-demi-sec-2020-750ml\/#breadcrumb"},"inLanguage":"de","potentialAction":[{"@type":"ReadAction","target":["https:\/\/wein-werte.com\/de\/produkt\/huet-le-haut-lieu-demi-sec-2020-750ml\/"]}]},{"@type":"ImageObject","inLanguage":"de","@id":"https:\/\/wein-werte.com\/de\/produkt\/huet-le-haut-lieu-demi-sec-2020-750ml\/#primaryimage","url":"https:\/\/wein-werte.com\/wp-content\/uploads\/2026\/04\/Huet-Le-Haut-Lieu-demi-sec-2020-750ml.png","contentUrl":"https:\/\/wein-werte.com\/wp-content\/uploads\/2026\/04\/Huet-Le-Haut-Lieu-demi-sec-2020-750ml.png","width":344,"height":1200,"caption":"Huet Le Haut-Lieu demi-sec 2020 750ml"},{"@type":"BreadcrumbList","@id":"https:\/\/wein-werte.com\/de\/produkt\/huet-le-haut-lieu-demi-sec-2020-750ml\/#breadcrumb","itemListElement":[{"@type":"ListItem","position":1,"name":"Home","item":"https:\/\/wein-werte.com\/de\/"},{"@type":"ListItem","position":2,"name":"Shop","item":"https:\/\/wein-werte.com\/de\/shop\/"},{"@type":"ListItem","position":3,"name":"Huet | Loire | Le Haut-Lieu demi-sec | 2020 | 750ml | bio"}]},{"@type":"WebSite","@id":"https:\/\/wein-werte.com\/de\/#website","url":"https:\/\/wein-werte.com\/de\/","name":"Wein Werte","description":"","publisher":{"@id":"https:\/\/wein-werte.com\/de\/#organization"},"potentialAction":[{"@type":"SearchAction","target":{"@type":"EntryPoint","urlTemplate":"https:\/\/wein-werte.com\/de\/?s={search_term_string}"},"query-input":{"@type":"PropertyValueSpecification","valueRequired":true,"valueName":"search_term_string"}}],"inLanguage":"de"},{"@type":"Organization","@id":"https:\/\/wein-werte.com\/de\/#organization","name":"Vins Fins Thorrold","url":"https:\/\/wein-werte.com\/de\/","logo":{"@type":"ImageObject","inLanguage":"de","@id":"https:\/\/wein-werte.com\/de\/#\/schema\/logo\/image\/","url":"https:\/\/wein-werte.com\/wp-content\/uploads\/2023\/07\/Wein_werte_Logo700-1.png","contentUrl":"https:\/\/wein-werte.com\/wp-content\/uploads\/2023\/07\/Wein_werte_Logo700-1.png","width":700,"height":272,"caption":"Vins Fins Thorrold"},"image":{"@id":"https:\/\/wein-werte.com\/de\/#\/schema\/logo\/image\/"}}]}},"_links":{"self":[{"href":"https:\/\/wein-werte.com\/de\/wp-json\/wp\/v2\/product\/1135706","targetHints":{"allow":["GET"]}}],"collection":[{"href":"https:\/\/wein-werte.com\/de\/wp-json\/wp\/v2\/product"}],"about":[{"href":"https:\/\/wein-werte.com\/de\/wp-json\/wp\/v2\/types\/product"}],"wp:featuredmedia":[{"embeddable":true,"href":"https:\/\/wein-werte.com\/de\/wp-json\/wp\/v2\/media\/1145608"}],"wp:attachment":[{"href":"https:\/\/wein-werte.com\/de\/wp-json\/wp\/v2\/media?parent=1135706"}],"wp:term":[{"taxonomy":"product_brand","embeddable":true,"href":"https:\/\/wein-werte.com\/de\/wp-json\/wp\/v2\/product_brand?post=1135706"},{"taxonomy":"product_cat","embeddable":true,"href":"https:\/\/wein-werte.com\/de\/wp-json\/wp\/v2\/product_cat?post=1135706"},{"taxonomy":"product_tag","embeddable":true,"href":"https:\/\/wein-werte.com\/de\/wp-json\/wp\/v2\/product_tag?post=1135706"}],"curies":[{"name":"wp","href":"https:\/\/api.w.org\/{rel}","templated":true}]}}