{"id":1135698,"date":"2026-05-12T15:58:47","date_gmt":"2026-05-12T13:58:47","guid":{"rendered":"https:\/\/wein-werte.com\/product\/huet-cuvee-constance-2016-500ml\/"},"modified":"2026-05-12T19:59:57","modified_gmt":"2026-05-12T17:59:57","slug":"huet-cuvee-constance-2016-500ml","status":"publish","type":"product","link":"https:\/\/wein-werte.com\/de\/produkt\/huet-cuvee-constance-2016-500ml\/","title":{"rendered":"Huet | Loire | Cuv\u00e9e Constance | 2016 | 500ml | bio"},"content":{"rendered":"<p>Produktbeschreibung f\u00fcr Huet Cuv\u00e9e Constance 2016 (bio) <\/p>\n<h5>Farbe<\/h5>\n<p>Leuchtender und g\u00fcldener Bernstein.<\/p>\n<p>\u00a0<\/p>\n<h5>Nase<\/h5>\n<p>Im Jahr 2016 bet\u00f6rt die Cuv\u00e9e Constance mit satter Honignote, kandierter Orange, s\u00fc\u00dfem Cassis, Rhabarber und Passionsfrucht. Mit jedem Atemzug changiert das komplexe und faszinierende Aroma und es kommen Noten von Earl Grey Tee, Kardamom und Galgant hinzu. Zugleich er\u00f6ffnen sich reizvolle frische Ankl\u00e4nge von Zitronenmelisse, Brennnessel und Cassis-Blatt. Ein wahres Feuerwerk steckt in dieser Rarit\u00e4t!<\/p>\n<p>\u00a0<\/p>\n<h5>Gaumen<\/h5>\n<p>\u00d6lig und komplex ergie\u00dft sich dieser edle Tropfen auf der Zunge, mit bet\u00f6render Frische eingebettet in die fulminante S\u00fc\u00dfe. Druckvoll und mineralisch salzig ist der Mittelbau, der Trinkfluss durch die S\u00e4ure und den feinen Gerbstoff \u00fcberaus anregend, der Nachhall lang und animierend. Fantastisches Elixier mit gro\u00dfartigem Reifepotential, das aber auch unmittelbar zum Tr\u00e4umen und Schwelgen \u2013 und zu kreativer K\u00fcche einl\u00e4dt.<\/p>\n<p>Copyright Vinaturel 2025<\/p>\n<p>Keywords: <a href=\"https:\/\/wein-werte.com\/de\/shop\/?swoof=1&#038;pa_producer=Huet\">Huet<\/a> <a href=\"https:\/\/wein-werte.com\/de\/shop\/?swoof=1&#038;woof_text=Cuv\u00e9e Constance\">Cuv\u00e9e Constance<\/a> 2016 bio <a href=\"https:\/\/wein-werte.com\/de\/shop\/?swoof=1&#038;pa_region=Loire\">Loire<\/a> <a href=\"https:\/\/wein-werte.com\/de\/shop\/?swoof=1&#038;pa_country=Frankreich\">Frankreich<\/a><\/p>\n<h3>Wine Advocate<\/h3>\n<p>Punkte: 95<\/p>\n<p>Die orange-bernsteinfarbene Huet 2016 Vouvray Cuv\u00e9e Constance er\u00f6ffnet mit wunderbar intensiven, aber zugleich raffinierten Fruchtnoten, die an reine Rosinen und hochreife Steinfr\u00fcchte erinnern. Karamellnoten verflechten sich mit erfrischenden Zitrusfr\u00fcchten und zarten pfeffrig-w\u00fcrzigen Aromen. Seidig, rund und hochfein am Gaumen, pr\u00e4sentiert sich dieser Chenin mit seiner intensiven, dichten Textur und dennoch lebendig-frischen, salzigen und w\u00fcrzigen Aromen. Feink\u00f6rnige Tannine und anregende Zitronenbitternoten pr\u00e4gen den langen, nachhaltigen Abgang. Auch der 2016er ist eine wundersch\u00f6ne Cuv\u00e9e Constance, die nur in den allerbesten Jahrg\u00e4ngen f\u00fcr edels\u00fc\u00dfe Weine produziert wird. 11,5 % Alkoholgehalt. 500-ml-Flasche. Naturkorken. Verkostet im April 2023.<br \/>Stephan Reinhardt<\/p>\n<p>Internetseite des Weinguts: <a href=\"https:\/\/www.domainehuet.com\/\" target=\"_blank\">https:\/\/www.domainehuet.com\/<\/a><\/p>\n","protected":false},"excerpt":{"rendered":"<div style=\"font-size: 14px;\">\n<p>Lieferzeit: 1 bis 2 Arbeitstage (DE), 2 bis 5 Arbeitstage (EU und CH)<\/p>\n<p>Ungef\u00e4hrer Energiegehalt pro 125-ml-Glas: 180 kcal<\/p>\n<\/p><\/div>\n","protected":false},"featured_media":1145602,"template":"","meta":[],"product_brand":[],"product_cat":[19],"product_tag":[],"class_list":{"0":"post-1135698","1":"product","2":"type-product","3":"status-publish","4":"has-post-thumbnail","6":"product_cat-unkategorisiert","7":"pa_alcohol-for-filter-11-5","8":"pa_certified-biodynamic-ja-de","9":"pa_certified-organic-ja-de","10":"pa_colour-weiss","11":"pa_country-frankreich","12":"pa_grape-chenin-blanc","13":"pa_parker-points-for-filter-95-de","14":"pa_price-for-filter-10596","15":"pa_producer-huet","16":"pa_region-loire","17":"pa_size-ml-7001","18":"pa_sweetness-suess-de","19":"pa_type-2-still-de","20":"pa_vintage-2016-de","21":"entry","22":"has-media","24":"first","25":"instock","26":"taxable","27":"shipping-taxable","28":"purchasable","29":"product-type-simple"},"yoast_head":"<!-- This site is optimized with the Yoast SEO plugin v27.6 - https:\/\/yoast.com\/product\/yoast-seo-wordpress\/ -->\n<title>Huet Cuv\u00e9e Constance 2016, 500ml<\/title>\n<meta name=\"description\" content=\"Kaufe Huet Cuv\u00e9e Constance 2016 (Chenin Blanc, s\u00fc\u00df aus Loire, Frankreich) bei Wein Werte, Ihrem nachhaltigen Onlineshop.\" \/>\n<meta name=\"robots\" content=\"index, follow, max-snippet:-1, max-image-preview:large, max-video-preview:-1\" \/>\n<link rel=\"canonical\" href=\"https:\/\/wein-werte.com\/de\/produkt\/huet-cuvee-constance-2016-500ml\/\" \/>\n<meta property=\"og:locale\" content=\"de_DE\" \/>\n<meta property=\"og:type\" content=\"article\" \/>\n<meta property=\"og:title\" content=\"Huet Cuv\u00e9e Constance 2016, 500ml\" \/>\n<meta property=\"og:description\" content=\"Kaufe Huet Cuv\u00e9e Constance 2016 (Chenin Blanc, s\u00fc\u00df aus Loire, Frankreich) bei Wein Werte, Ihrem nachhaltigen Onlineshop.\" \/>\n<meta property=\"og:url\" content=\"https:\/\/wein-werte.com\/de\/produkt\/huet-cuvee-constance-2016-500ml\/\" \/>\n<meta property=\"og:site_name\" content=\"Wein Werte\" \/>\n<meta property=\"article:modified_time\" content=\"2026-05-12T17:59:57+00:00\" \/>\n<meta property=\"og:image\" content=\"https:\/\/wein-werte.com\/wp-content\/uploads\/2026\/04\/Huet-Cuvee-Constance-2016-500ml.png\" \/>\n\t<meta property=\"og:image:width\" content=\"262\" \/>\n\t<meta property=\"og:image:height\" content=\"1200\" \/>\n\t<meta property=\"og:image:type\" content=\"image\/png\" \/>\n<meta name=\"twitter:card\" content=\"summary_large_image\" \/>\n<meta name=\"twitter:label1\" content=\"Gesch\u00e4tzte Lesezeit\" \/>\n\t<meta name=\"twitter:data1\" content=\"1\u00a0Minute\" \/>\n<script type=\"application\/ld+json\" class=\"yoast-schema-graph\">{\"@context\":\"https:\\\/\\\/schema.org\",\"@graph\":[{\"@type\":\"WebPage\",\"@id\":\"https:\\\/\\\/wein-werte.com\\\/de\\\/produkt\\\/huet-cuvee-constance-2016-500ml\\\/\",\"url\":\"https:\\\/\\\/wein-werte.com\\\/de\\\/produkt\\\/huet-cuvee-constance-2016-500ml\\\/\",\"name\":\"Huet Cuv\u00e9e Constance 2016, 500ml\",\"isPartOf\":{\"@id\":\"https:\\\/\\\/wein-werte.com\\\/de\\\/#website\"},\"primaryImageOfPage\":{\"@id\":\"https:\\\/\\\/wein-werte.com\\\/de\\\/produkt\\\/huet-cuvee-constance-2016-500ml\\\/#primaryimage\"},\"image\":{\"@id\":\"https:\\\/\\\/wein-werte.com\\\/de\\\/produkt\\\/huet-cuvee-constance-2016-500ml\\\/#primaryimage\"},\"thumbnailUrl\":\"https:\\\/\\\/wein-werte.com\\\/wp-content\\\/uploads\\\/2026\\\/04\\\/Huet-Cuvee-Constance-2016-500ml.png\",\"datePublished\":\"2026-05-12T13:58:47+00:00\",\"dateModified\":\"2026-05-12T17:59:57+00:00\",\"description\":\"Kaufe Huet Cuv\u00e9e Constance 2016 (Chenin Blanc, s\u00fc\u00df aus Loire, Frankreich) bei Wein Werte, Ihrem nachhaltigen Onlineshop.\",\"breadcrumb\":{\"@id\":\"https:\\\/\\\/wein-werte.com\\\/de\\\/produkt\\\/huet-cuvee-constance-2016-500ml\\\/#breadcrumb\"},\"inLanguage\":\"de\",\"potentialAction\":[{\"@type\":\"ReadAction\",\"target\":[\"https:\\\/\\\/wein-werte.com\\\/de\\\/produkt\\\/huet-cuvee-constance-2016-500ml\\\/\"]}]},{\"@type\":\"ImageObject\",\"inLanguage\":\"de\",\"@id\":\"https:\\\/\\\/wein-werte.com\\\/de\\\/produkt\\\/huet-cuvee-constance-2016-500ml\\\/#primaryimage\",\"url\":\"https:\\\/\\\/wein-werte.com\\\/wp-content\\\/uploads\\\/2026\\\/04\\\/Huet-Cuvee-Constance-2016-500ml.png\",\"contentUrl\":\"https:\\\/\\\/wein-werte.com\\\/wp-content\\\/uploads\\\/2026\\\/04\\\/Huet-Cuvee-Constance-2016-500ml.png\",\"width\":262,\"height\":1200,\"caption\":\"Huet Cuv\u00e9e Constance 2016 500ml\"},{\"@type\":\"BreadcrumbList\",\"@id\":\"https:\\\/\\\/wein-werte.com\\\/de\\\/produkt\\\/huet-cuvee-constance-2016-500ml\\\/#breadcrumb\",\"itemListElement\":[{\"@type\":\"ListItem\",\"position\":1,\"name\":\"Home\",\"item\":\"https:\\\/\\\/wein-werte.com\\\/de\\\/\"},{\"@type\":\"ListItem\",\"position\":2,\"name\":\"Shop\",\"item\":\"https:\\\/\\\/wein-werte.com\\\/de\\\/shop\\\/\"},{\"@type\":\"ListItem\",\"position\":3,\"name\":\"Huet | Loire | Cuv\u00e9e Constance | 2016 | 500ml | bio\"}]},{\"@type\":\"WebSite\",\"@id\":\"https:\\\/\\\/wein-werte.com\\\/de\\\/#website\",\"url\":\"https:\\\/\\\/wein-werte.com\\\/de\\\/\",\"name\":\"Wein Werte\",\"description\":\"\",\"publisher\":{\"@id\":\"https:\\\/\\\/wein-werte.com\\\/de\\\/#organization\"},\"potentialAction\":[{\"@type\":\"SearchAction\",\"target\":{\"@type\":\"EntryPoint\",\"urlTemplate\":\"https:\\\/\\\/wein-werte.com\\\/de\\\/?s={search_term_string}\"},\"query-input\":{\"@type\":\"PropertyValueSpecification\",\"valueRequired\":true,\"valueName\":\"search_term_string\"}}],\"inLanguage\":\"de\"},{\"@type\":\"Organization\",\"@id\":\"https:\\\/\\\/wein-werte.com\\\/de\\\/#organization\",\"name\":\"Vins Fins Thorrold\",\"url\":\"https:\\\/\\\/wein-werte.com\\\/de\\\/\",\"logo\":{\"@type\":\"ImageObject\",\"inLanguage\":\"de\",\"@id\":\"https:\\\/\\\/wein-werte.com\\\/de\\\/#\\\/schema\\\/logo\\\/image\\\/\",\"url\":\"https:\\\/\\\/wein-werte.com\\\/wp-content\\\/uploads\\\/2023\\\/07\\\/Wein_werte_Logo700-1.png\",\"contentUrl\":\"https:\\\/\\\/wein-werte.com\\\/wp-content\\\/uploads\\\/2023\\\/07\\\/Wein_werte_Logo700-1.png\",\"width\":700,\"height\":272,\"caption\":\"Vins Fins Thorrold\"},\"image\":{\"@id\":\"https:\\\/\\\/wein-werte.com\\\/de\\\/#\\\/schema\\\/logo\\\/image\\\/\"}}]}<\/script>\n<!-- \/ Yoast SEO plugin. -->","yoast_head_json":{"title":"Huet Cuv\u00e9e Constance 2016, 500ml","description":"Kaufe Huet Cuv\u00e9e Constance 2016 (Chenin Blanc, s\u00fc\u00df aus Loire, Frankreich) bei Wein Werte, Ihrem nachhaltigen Onlineshop.","robots":{"index":"index","follow":"follow","max-snippet":"max-snippet:-1","max-image-preview":"max-image-preview:large","max-video-preview":"max-video-preview:-1"},"canonical":"https:\/\/wein-werte.com\/de\/produkt\/huet-cuvee-constance-2016-500ml\/","og_locale":"de_DE","og_type":"article","og_title":"Huet Cuv\u00e9e Constance 2016, 500ml","og_description":"Kaufe Huet Cuv\u00e9e Constance 2016 (Chenin Blanc, s\u00fc\u00df aus Loire, Frankreich) bei Wein Werte, Ihrem nachhaltigen Onlineshop.","og_url":"https:\/\/wein-werte.com\/de\/produkt\/huet-cuvee-constance-2016-500ml\/","og_site_name":"Wein Werte","article_modified_time":"2026-05-12T17:59:57+00:00","og_image":[{"width":262,"height":1200,"url":"https:\/\/wein-werte.com\/wp-content\/uploads\/2026\/04\/Huet-Cuvee-Constance-2016-500ml.png","type":"image\/png"}],"twitter_card":"summary_large_image","twitter_misc":{"Gesch\u00e4tzte Lesezeit":"1\u00a0Minute"},"schema":{"@context":"https:\/\/schema.org","@graph":[{"@type":"WebPage","@id":"https:\/\/wein-werte.com\/de\/produkt\/huet-cuvee-constance-2016-500ml\/","url":"https:\/\/wein-werte.com\/de\/produkt\/huet-cuvee-constance-2016-500ml\/","name":"Huet Cuv\u00e9e Constance 2016, 500ml","isPartOf":{"@id":"https:\/\/wein-werte.com\/de\/#website"},"primaryImageOfPage":{"@id":"https:\/\/wein-werte.com\/de\/produkt\/huet-cuvee-constance-2016-500ml\/#primaryimage"},"image":{"@id":"https:\/\/wein-werte.com\/de\/produkt\/huet-cuvee-constance-2016-500ml\/#primaryimage"},"thumbnailUrl":"https:\/\/wein-werte.com\/wp-content\/uploads\/2026\/04\/Huet-Cuvee-Constance-2016-500ml.png","datePublished":"2026-05-12T13:58:47+00:00","dateModified":"2026-05-12T17:59:57+00:00","description":"Kaufe Huet Cuv\u00e9e Constance 2016 (Chenin Blanc, s\u00fc\u00df aus Loire, Frankreich) bei Wein Werte, Ihrem nachhaltigen Onlineshop.","breadcrumb":{"@id":"https:\/\/wein-werte.com\/de\/produkt\/huet-cuvee-constance-2016-500ml\/#breadcrumb"},"inLanguage":"de","potentialAction":[{"@type":"ReadAction","target":["https:\/\/wein-werte.com\/de\/produkt\/huet-cuvee-constance-2016-500ml\/"]}]},{"@type":"ImageObject","inLanguage":"de","@id":"https:\/\/wein-werte.com\/de\/produkt\/huet-cuvee-constance-2016-500ml\/#primaryimage","url":"https:\/\/wein-werte.com\/wp-content\/uploads\/2026\/04\/Huet-Cuvee-Constance-2016-500ml.png","contentUrl":"https:\/\/wein-werte.com\/wp-content\/uploads\/2026\/04\/Huet-Cuvee-Constance-2016-500ml.png","width":262,"height":1200,"caption":"Huet Cuv\u00e9e Constance 2016 500ml"},{"@type":"BreadcrumbList","@id":"https:\/\/wein-werte.com\/de\/produkt\/huet-cuvee-constance-2016-500ml\/#breadcrumb","itemListElement":[{"@type":"ListItem","position":1,"name":"Home","item":"https:\/\/wein-werte.com\/de\/"},{"@type":"ListItem","position":2,"name":"Shop","item":"https:\/\/wein-werte.com\/de\/shop\/"},{"@type":"ListItem","position":3,"name":"Huet | Loire | Cuv\u00e9e Constance | 2016 | 500ml | bio"}]},{"@type":"WebSite","@id":"https:\/\/wein-werte.com\/de\/#website","url":"https:\/\/wein-werte.com\/de\/","name":"Wein Werte","description":"","publisher":{"@id":"https:\/\/wein-werte.com\/de\/#organization"},"potentialAction":[{"@type":"SearchAction","target":{"@type":"EntryPoint","urlTemplate":"https:\/\/wein-werte.com\/de\/?s={search_term_string}"},"query-input":{"@type":"PropertyValueSpecification","valueRequired":true,"valueName":"search_term_string"}}],"inLanguage":"de"},{"@type":"Organization","@id":"https:\/\/wein-werte.com\/de\/#organization","name":"Vins Fins Thorrold","url":"https:\/\/wein-werte.com\/de\/","logo":{"@type":"ImageObject","inLanguage":"de","@id":"https:\/\/wein-werte.com\/de\/#\/schema\/logo\/image\/","url":"https:\/\/wein-werte.com\/wp-content\/uploads\/2023\/07\/Wein_werte_Logo700-1.png","contentUrl":"https:\/\/wein-werte.com\/wp-content\/uploads\/2023\/07\/Wein_werte_Logo700-1.png","width":700,"height":272,"caption":"Vins Fins Thorrold"},"image":{"@id":"https:\/\/wein-werte.com\/de\/#\/schema\/logo\/image\/"}}]}},"_links":{"self":[{"href":"https:\/\/wein-werte.com\/de\/wp-json\/wp\/v2\/product\/1135698","targetHints":{"allow":["GET"]}}],"collection":[{"href":"https:\/\/wein-werte.com\/de\/wp-json\/wp\/v2\/product"}],"about":[{"href":"https:\/\/wein-werte.com\/de\/wp-json\/wp\/v2\/types\/product"}],"wp:featuredmedia":[{"embeddable":true,"href":"https:\/\/wein-werte.com\/de\/wp-json\/wp\/v2\/media\/1145602"}],"wp:attachment":[{"href":"https:\/\/wein-werte.com\/de\/wp-json\/wp\/v2\/media?parent=1135698"}],"wp:term":[{"taxonomy":"product_brand","embeddable":true,"href":"https:\/\/wein-werte.com\/de\/wp-json\/wp\/v2\/product_brand?post=1135698"},{"taxonomy":"product_cat","embeddable":true,"href":"https:\/\/wein-werte.com\/de\/wp-json\/wp\/v2\/product_cat?post=1135698"},{"taxonomy":"product_tag","embeddable":true,"href":"https:\/\/wein-werte.com\/de\/wp-json\/wp\/v2\/product_tag?post=1135698"}],"curies":[{"name":"wp","href":"https:\/\/api.w.org\/{rel}","templated":true}]}}