{"id":1135690,"date":"2026-05-05T18:34:28","date_gmt":"2026-05-05T16:34:28","guid":{"rendered":"https:\/\/wein-werte.com\/product\/huet-clos-du-bourg-moelleux-1ere-trie-2018-750ml\/"},"modified":"2026-04-27T12:05:14","modified_gmt":"2026-04-27T10:05:14","slug":"huet-clos-du-bourg-moelleux-1ere-trie-2018-750ml","status":"publish","type":"product","link":"https:\/\/wein-werte.com\/de\/produkt\/huet-clos-du-bourg-moelleux-1ere-trie-2018-750ml\/","title":{"rendered":"Huet | Loire | Clos du Bourg Moelleux 1\u00e8re Trie  | 2018 | 750ml | bio"},"content":{"rendered":"<p>Produktbeschreibung f\u00fcr Huet Clos du Bourg Moelleux 1\u00e8re Trie  2018 (bio) <\/p>\n<h5>Info zur Lage<\/h5>\n<p>Der Clos du Bourg ist eine der \u00e4ltesten Grand Cru-Parzellen in Frankreich, bestehend aus flachem Tonboden, im Untergrund Kalkstein. Der flie\u00dfende Fluss Loire versorgt die Reben sanft mit Morgentau und die S\u00fcdlage hilft ihnen strahlendes Sonnenlicht einzufangen, was f\u00fcr die Reife von Chenin sehr wichtig ist.<\/p>\n<p>\u00a0<\/p>\n<h5>Farbe<\/h5>\n<p>Funkelndes, dichtes Goldgelb.<\/p>\n<p>\u00a0<\/p>\n<h5>Nase<\/h5>\n<p>Der 2018 Vouvray Le Clos de Bourg 1\u00e8re Trie Moelleux ist von einer eindrucksvollen und dichten Mineralit\u00e4t gepr\u00e4gt und wirkt dadurch noch ein wenig verschlossen. Nach l\u00e4ngerer \u00d6ffnung str\u00f6men Aromen von Quitte, Quittengelee, Orange, Orangenzeste, Bratapfel, Akazienhonig und Karamell hervor, begleitet von Noten, die an Zimt und wei\u00dfe Schokolade erinnern. Zarte Ankl\u00e4nge von frischem Ingwer, Akazien und Holunderbl\u00fcten sind ebenfalls zu erkennen und runden das komplexe Aromenspiel wundersch\u00f6n ab.<\/p>\n<p>\u00a0<\/p>\n<h5>Gaumen<\/h5>\n<p>Seidig und s\u00fc\u00df gleitet er \u00fcber die Zunge. Seine S\u00e4ure verleiht ihm einen erfrischenden Anstrich, sein feiner Gerbstoff und die salzigen Ankl\u00e4nge steuern unwahrscheinliche Pr\u00e4zision bei, es kommt ein Geschmack von frisch gekochtem Apfelmus hinzu. Er wirkt zu keinem Zeitpunkt s\u00e4ttigend oder gar s\u00fc\u00df, sondern anregend und verf\u00fchrerisch, ja unglaublich belebend. Er steht ganz am Anfang seiner Entwicklung und wird sich in den n\u00e4chsten Jahren noch hervorragend entfalten. Wer ihn zum jetzigen Zeitpunkt genie\u00dfen m\u00f6chte, sollte ihn wenn m\u00f6glich dekantieren und nicht zu k\u00fchl aus einem gr\u00f6\u00dferen Glas trinken.<\/p>\n<p>Copyright Vinaturel 2025<\/p>\n<p>Keywords: <a href=\"https:\/\/wein-werte.com\/de\/shop\/?swoof=1&#038;pa_producer=Huet\">Huet<\/a> <a href=\"https:\/\/wein-werte.com\/de\/shop\/?swoof=1&#038;woof_text=Clos du Bourg Moelleux 1\u00e8re Trie \">Clos du Bourg Moelleux 1\u00e8re Trie <\/a> 2018 bio <a href=\"https:\/\/wein-werte.com\/de\/shop\/?swoof=1&#038;pa_region=Loire\">Loire<\/a> <a href=\"https:\/\/wein-werte.com\/de\/shop\/?swoof=1&#038;pa_country=Frankreich\">Frankreich<\/a><\/p>\n<h3>Vinous<\/h3>\n<p>Punkte: 96<\/p>\n<p>Der 2018er Moelleux 1\u00e9re Trie Clos du Bourg ist gro\u00dfartig. Klar, mineralisch und zugleich reichhaltig \u2013 der 2018er besticht durch Harmonie. Unterschwellige Salznoten rahmen den Geschmack von Orangenmarmelade, Passionsfrucht, Aprikose und Kamille perfekt ein. Trotz seiner offensichtlichen F\u00fclle beh\u00e4lt der Clos du Bourg seine Sch\u00e4rfe und Energie. Wow! \u2013 Antonio Galloni<br \/>Trinkfenster: 2020\u20132030<br \/>Testdatum: Oktober 2020<\/p>\n<p>Internetseite des Weinguts: <a href=\"https:\/\/www.domainehuet.com\/\" target=\"_blank\">https:\/\/www.domainehuet.com\/<\/a><\/p>\n","protected":false},"excerpt":{"rendered":"<p>Lieferzeit: 1 bis 2 Arbeitstage (DE), 2 bis 5 Arbeitstage (EU and CH)<\/p>\n","protected":false},"featured_media":1145596,"template":"","meta":[],"product_brand":[],"product_cat":[19],"product_tag":[],"class_list":{"0":"post-1135690","1":"product","2":"type-product","3":"status-publish","4":"has-post-thumbnail","6":"product_cat-unkategorisiert","7":"pa_alcohol-for-filter-12-5","8":"pa_certified-biodynamic-ja-de","9":"pa_certified-organic-ja-de","10":"pa_colour-weiss","11":"pa_country-frankreich","12":"pa_grape-chenin-blanc","13":"pa_price-for-filter-10571","14":"pa_producer-huet","15":"pa_region-loire","16":"pa_size-ml-6584","17":"pa_sweetness-suess-de","18":"pa_type-2-still-de","19":"pa_vinous-points-for-filter-20037","20":"pa_vintage-2018-de","21":"entry","22":"has-media","24":"first","25":"instock","26":"taxable","27":"shipping-taxable","28":"purchasable","29":"product-type-simple"},"yoast_head":"<!-- This site is optimized with the Yoast SEO plugin v27.5 - https:\/\/yoast.com\/product\/yoast-seo-wordpress\/ -->\n<title>Huet Clos du Bourg Moelleux 1\u00e8re Trie 2018<\/title>\n<meta name=\"description\" content=\"Kaufe Huet Clos du Bourg Moelleux 1\u00e8re Trie 2018 (Chenin Blanc, s\u00fc\u00df aus Loire, Frankreich) bei Wein Werte, Ihrem nachhaltigen Onlineshop.\" \/>\n<meta name=\"robots\" content=\"index, follow, max-snippet:-1, max-image-preview:large, max-video-preview:-1\" \/>\n<link rel=\"canonical\" href=\"https:\/\/wein-werte.com\/de\/produkt\/huet-clos-du-bourg-moelleux-1ere-trie-2018-750ml\/\" \/>\n<meta property=\"og:locale\" content=\"de_DE\" \/>\n<meta property=\"og:type\" content=\"article\" \/>\n<meta property=\"og:title\" content=\"Huet Clos du Bourg Moelleux 1\u00e8re Trie 2018\" \/>\n<meta property=\"og:description\" content=\"Kaufe Huet Clos du Bourg Moelleux 1\u00e8re Trie 2018 (Chenin Blanc, s\u00fc\u00df aus Loire, Frankreich) bei Wein Werte, Ihrem nachhaltigen Onlineshop.\" \/>\n<meta property=\"og:url\" content=\"https:\/\/wein-werte.com\/de\/produkt\/huet-clos-du-bourg-moelleux-1ere-trie-2018-750ml\/\" \/>\n<meta property=\"og:site_name\" content=\"Wein Werte\" \/>\n<meta property=\"og:image\" content=\"https:\/\/wein-werte.com\/wp-content\/uploads\/2026\/04\/Huet-Clos-du-Bourg-Moelleux-1ere-Trie-2018-750ml.png\" \/>\n\t<meta property=\"og:image:width\" content=\"343\" \/>\n\t<meta property=\"og:image:height\" content=\"1200\" \/>\n\t<meta property=\"og:image:type\" content=\"image\/png\" \/>\n<meta name=\"twitter:card\" content=\"summary_large_image\" \/>\n<meta name=\"twitter:label1\" content=\"Gesch\u00e4tzte Lesezeit\" \/>\n\t<meta name=\"twitter:data1\" content=\"2\u00a0Minuten\" \/>\n<script type=\"application\/ld+json\" class=\"yoast-schema-graph\">{\"@context\":\"https:\\\/\\\/schema.org\",\"@graph\":[{\"@type\":\"WebPage\",\"@id\":\"https:\\\/\\\/wein-werte.com\\\/de\\\/produkt\\\/huet-clos-du-bourg-moelleux-1ere-trie-2018-750ml\\\/\",\"url\":\"https:\\\/\\\/wein-werte.com\\\/de\\\/produkt\\\/huet-clos-du-bourg-moelleux-1ere-trie-2018-750ml\\\/\",\"name\":\"Huet Clos du Bourg Moelleux 1\u00e8re Trie 2018\",\"isPartOf\":{\"@id\":\"https:\\\/\\\/wein-werte.com\\\/de\\\/#website\"},\"primaryImageOfPage\":{\"@id\":\"https:\\\/\\\/wein-werte.com\\\/de\\\/produkt\\\/huet-clos-du-bourg-moelleux-1ere-trie-2018-750ml\\\/#primaryimage\"},\"image\":{\"@id\":\"https:\\\/\\\/wein-werte.com\\\/de\\\/produkt\\\/huet-clos-du-bourg-moelleux-1ere-trie-2018-750ml\\\/#primaryimage\"},\"thumbnailUrl\":\"https:\\\/\\\/wein-werte.com\\\/wp-content\\\/uploads\\\/2026\\\/04\\\/Huet-Clos-du-Bourg-Moelleux-1ere-Trie-2018-750ml.png\",\"datePublished\":\"2026-05-05T16:34:28+00:00\",\"description\":\"Kaufe Huet Clos du Bourg Moelleux 1\u00e8re Trie 2018 (Chenin Blanc, s\u00fc\u00df aus Loire, Frankreich) bei Wein Werte, Ihrem nachhaltigen Onlineshop.\",\"breadcrumb\":{\"@id\":\"https:\\\/\\\/wein-werte.com\\\/de\\\/produkt\\\/huet-clos-du-bourg-moelleux-1ere-trie-2018-750ml\\\/#breadcrumb\"},\"inLanguage\":\"de\",\"potentialAction\":[{\"@type\":\"ReadAction\",\"target\":[\"https:\\\/\\\/wein-werte.com\\\/de\\\/produkt\\\/huet-clos-du-bourg-moelleux-1ere-trie-2018-750ml\\\/\"]}]},{\"@type\":\"ImageObject\",\"inLanguage\":\"de\",\"@id\":\"https:\\\/\\\/wein-werte.com\\\/de\\\/produkt\\\/huet-clos-du-bourg-moelleux-1ere-trie-2018-750ml\\\/#primaryimage\",\"url\":\"https:\\\/\\\/wein-werte.com\\\/wp-content\\\/uploads\\\/2026\\\/04\\\/Huet-Clos-du-Bourg-Moelleux-1ere-Trie-2018-750ml.png\",\"contentUrl\":\"https:\\\/\\\/wein-werte.com\\\/wp-content\\\/uploads\\\/2026\\\/04\\\/Huet-Clos-du-Bourg-Moelleux-1ere-Trie-2018-750ml.png\",\"width\":343,\"height\":1200,\"caption\":\"Huet Clos du Bourg Moelleux 1\u00e8re Trie 2018 750ml\"},{\"@type\":\"BreadcrumbList\",\"@id\":\"https:\\\/\\\/wein-werte.com\\\/de\\\/produkt\\\/huet-clos-du-bourg-moelleux-1ere-trie-2018-750ml\\\/#breadcrumb\",\"itemListElement\":[{\"@type\":\"ListItem\",\"position\":1,\"name\":\"Home\",\"item\":\"https:\\\/\\\/wein-werte.com\\\/de\\\/\"},{\"@type\":\"ListItem\",\"position\":2,\"name\":\"Shop\",\"item\":\"https:\\\/\\\/wein-werte.com\\\/de\\\/shop\\\/\"},{\"@type\":\"ListItem\",\"position\":3,\"name\":\"Huet | Loire | Clos du Bourg Moelleux 1\u00e8re Trie | 2018 | 750ml | bio\"}]},{\"@type\":\"WebSite\",\"@id\":\"https:\\\/\\\/wein-werte.com\\\/de\\\/#website\",\"url\":\"https:\\\/\\\/wein-werte.com\\\/de\\\/\",\"name\":\"Wein Werte\",\"description\":\"\",\"publisher\":{\"@id\":\"https:\\\/\\\/wein-werte.com\\\/de\\\/#organization\"},\"potentialAction\":[{\"@type\":\"SearchAction\",\"target\":{\"@type\":\"EntryPoint\",\"urlTemplate\":\"https:\\\/\\\/wein-werte.com\\\/de\\\/?s={search_term_string}\"},\"query-input\":{\"@type\":\"PropertyValueSpecification\",\"valueRequired\":true,\"valueName\":\"search_term_string\"}}],\"inLanguage\":\"de\"},{\"@type\":\"Organization\",\"@id\":\"https:\\\/\\\/wein-werte.com\\\/de\\\/#organization\",\"name\":\"Vins Fins Thorrold\",\"url\":\"https:\\\/\\\/wein-werte.com\\\/de\\\/\",\"logo\":{\"@type\":\"ImageObject\",\"inLanguage\":\"de\",\"@id\":\"https:\\\/\\\/wein-werte.com\\\/de\\\/#\\\/schema\\\/logo\\\/image\\\/\",\"url\":\"https:\\\/\\\/wein-werte.com\\\/wp-content\\\/uploads\\\/2023\\\/07\\\/Wein_werte_Logo700-1.png\",\"contentUrl\":\"https:\\\/\\\/wein-werte.com\\\/wp-content\\\/uploads\\\/2023\\\/07\\\/Wein_werte_Logo700-1.png\",\"width\":700,\"height\":272,\"caption\":\"Vins Fins Thorrold\"},\"image\":{\"@id\":\"https:\\\/\\\/wein-werte.com\\\/de\\\/#\\\/schema\\\/logo\\\/image\\\/\"}}]}<\/script>\n<!-- \/ Yoast SEO plugin. -->","yoast_head_json":{"title":"Huet Clos du Bourg Moelleux 1\u00e8re Trie 2018","description":"Kaufe Huet Clos du Bourg Moelleux 1\u00e8re Trie 2018 (Chenin Blanc, s\u00fc\u00df aus Loire, Frankreich) bei Wein Werte, Ihrem nachhaltigen Onlineshop.","robots":{"index":"index","follow":"follow","max-snippet":"max-snippet:-1","max-image-preview":"max-image-preview:large","max-video-preview":"max-video-preview:-1"},"canonical":"https:\/\/wein-werte.com\/de\/produkt\/huet-clos-du-bourg-moelleux-1ere-trie-2018-750ml\/","og_locale":"de_DE","og_type":"article","og_title":"Huet Clos du Bourg Moelleux 1\u00e8re Trie 2018","og_description":"Kaufe Huet Clos du Bourg Moelleux 1\u00e8re Trie 2018 (Chenin Blanc, s\u00fc\u00df aus Loire, Frankreich) bei Wein Werte, Ihrem nachhaltigen Onlineshop.","og_url":"https:\/\/wein-werte.com\/de\/produkt\/huet-clos-du-bourg-moelleux-1ere-trie-2018-750ml\/","og_site_name":"Wein Werte","og_image":[{"width":343,"height":1200,"url":"https:\/\/wein-werte.com\/wp-content\/uploads\/2026\/04\/Huet-Clos-du-Bourg-Moelleux-1ere-Trie-2018-750ml.png","type":"image\/png"}],"twitter_card":"summary_large_image","twitter_misc":{"Gesch\u00e4tzte Lesezeit":"2\u00a0Minuten"},"schema":{"@context":"https:\/\/schema.org","@graph":[{"@type":"WebPage","@id":"https:\/\/wein-werte.com\/de\/produkt\/huet-clos-du-bourg-moelleux-1ere-trie-2018-750ml\/","url":"https:\/\/wein-werte.com\/de\/produkt\/huet-clos-du-bourg-moelleux-1ere-trie-2018-750ml\/","name":"Huet Clos du Bourg Moelleux 1\u00e8re Trie 2018","isPartOf":{"@id":"https:\/\/wein-werte.com\/de\/#website"},"primaryImageOfPage":{"@id":"https:\/\/wein-werte.com\/de\/produkt\/huet-clos-du-bourg-moelleux-1ere-trie-2018-750ml\/#primaryimage"},"image":{"@id":"https:\/\/wein-werte.com\/de\/produkt\/huet-clos-du-bourg-moelleux-1ere-trie-2018-750ml\/#primaryimage"},"thumbnailUrl":"https:\/\/wein-werte.com\/wp-content\/uploads\/2026\/04\/Huet-Clos-du-Bourg-Moelleux-1ere-Trie-2018-750ml.png","datePublished":"2026-05-05T16:34:28+00:00","description":"Kaufe Huet Clos du Bourg Moelleux 1\u00e8re Trie 2018 (Chenin Blanc, s\u00fc\u00df aus Loire, Frankreich) bei Wein Werte, Ihrem nachhaltigen Onlineshop.","breadcrumb":{"@id":"https:\/\/wein-werte.com\/de\/produkt\/huet-clos-du-bourg-moelleux-1ere-trie-2018-750ml\/#breadcrumb"},"inLanguage":"de","potentialAction":[{"@type":"ReadAction","target":["https:\/\/wein-werte.com\/de\/produkt\/huet-clos-du-bourg-moelleux-1ere-trie-2018-750ml\/"]}]},{"@type":"ImageObject","inLanguage":"de","@id":"https:\/\/wein-werte.com\/de\/produkt\/huet-clos-du-bourg-moelleux-1ere-trie-2018-750ml\/#primaryimage","url":"https:\/\/wein-werte.com\/wp-content\/uploads\/2026\/04\/Huet-Clos-du-Bourg-Moelleux-1ere-Trie-2018-750ml.png","contentUrl":"https:\/\/wein-werte.com\/wp-content\/uploads\/2026\/04\/Huet-Clos-du-Bourg-Moelleux-1ere-Trie-2018-750ml.png","width":343,"height":1200,"caption":"Huet Clos du Bourg Moelleux 1\u00e8re Trie 2018 750ml"},{"@type":"BreadcrumbList","@id":"https:\/\/wein-werte.com\/de\/produkt\/huet-clos-du-bourg-moelleux-1ere-trie-2018-750ml\/#breadcrumb","itemListElement":[{"@type":"ListItem","position":1,"name":"Home","item":"https:\/\/wein-werte.com\/de\/"},{"@type":"ListItem","position":2,"name":"Shop","item":"https:\/\/wein-werte.com\/de\/shop\/"},{"@type":"ListItem","position":3,"name":"Huet | Loire | Clos du Bourg Moelleux 1\u00e8re Trie | 2018 | 750ml | bio"}]},{"@type":"WebSite","@id":"https:\/\/wein-werte.com\/de\/#website","url":"https:\/\/wein-werte.com\/de\/","name":"Wein Werte","description":"","publisher":{"@id":"https:\/\/wein-werte.com\/de\/#organization"},"potentialAction":[{"@type":"SearchAction","target":{"@type":"EntryPoint","urlTemplate":"https:\/\/wein-werte.com\/de\/?s={search_term_string}"},"query-input":{"@type":"PropertyValueSpecification","valueRequired":true,"valueName":"search_term_string"}}],"inLanguage":"de"},{"@type":"Organization","@id":"https:\/\/wein-werte.com\/de\/#organization","name":"Vins Fins Thorrold","url":"https:\/\/wein-werte.com\/de\/","logo":{"@type":"ImageObject","inLanguage":"de","@id":"https:\/\/wein-werte.com\/de\/#\/schema\/logo\/image\/","url":"https:\/\/wein-werte.com\/wp-content\/uploads\/2023\/07\/Wein_werte_Logo700-1.png","contentUrl":"https:\/\/wein-werte.com\/wp-content\/uploads\/2023\/07\/Wein_werte_Logo700-1.png","width":700,"height":272,"caption":"Vins Fins Thorrold"},"image":{"@id":"https:\/\/wein-werte.com\/de\/#\/schema\/logo\/image\/"}}]}},"_links":{"self":[{"href":"https:\/\/wein-werte.com\/de\/wp-json\/wp\/v2\/product\/1135690","targetHints":{"allow":["GET"]}}],"collection":[{"href":"https:\/\/wein-werte.com\/de\/wp-json\/wp\/v2\/product"}],"about":[{"href":"https:\/\/wein-werte.com\/de\/wp-json\/wp\/v2\/types\/product"}],"wp:featuredmedia":[{"embeddable":true,"href":"https:\/\/wein-werte.com\/de\/wp-json\/wp\/v2\/media\/1145596"}],"wp:attachment":[{"href":"https:\/\/wein-werte.com\/de\/wp-json\/wp\/v2\/media?parent=1135690"}],"wp:term":[{"taxonomy":"product_brand","embeddable":true,"href":"https:\/\/wein-werte.com\/de\/wp-json\/wp\/v2\/product_brand?post=1135690"},{"taxonomy":"product_cat","embeddable":true,"href":"https:\/\/wein-werte.com\/de\/wp-json\/wp\/v2\/product_cat?post=1135690"},{"taxonomy":"product_tag","embeddable":true,"href":"https:\/\/wein-werte.com\/de\/wp-json\/wp\/v2\/product_tag?post=1135690"}],"curies":[{"name":"wp","href":"https:\/\/api.w.org\/{rel}","templated":true}]}}