{"id":1135684,"date":"2026-05-08T20:09:21","date_gmt":"2026-05-08T18:09:21","guid":{"rendered":"https:\/\/wein-werte.com\/product\/huet-le-mont-moelleux-2018-750ml\/"},"modified":"2026-04-27T12:05:13","modified_gmt":"2026-04-27T10:05:13","slug":"huet-le-mont-moelleux-2018-750ml","status":"publish","type":"product","link":"https:\/\/wein-werte.com\/de\/produkt\/huet-le-mont-moelleux-2018-750ml\/","title":{"rendered":"Huet | Loire | Le Mont Moelleux | 2018 | 750ml | bio"},"content":{"rendered":"<p>Produktbeschreibung f\u00fcr Huet Le Mont Moelleux 2018 (bio)<\/p>\n<p> Christoph Raffelt:Am Gaumen ist der 2017er Le Mont Moelleux schon jetzt beeindruckend komplex. Die 53 Gramm S\u00fc\u00dfe wirken hier keinesfalls aufdringlich, eher im Gegenteil fragt man sich, wo er die \u00fcberhaupt versteckt hat, so klar wird die S\u00fc\u00dfe von den 4,9 Gramm S\u00e4ure balanciert. Der Wein ist \u00fcberaus stimmig und pr\u00e4zise. Vor allem die S\u00e4urestruktur und die vitale Mineralit\u00e4t begeistern, ebenso die feinen Noten indischer Gew\u00fcrze, herber Orangen und steiniger Komponenten. Im langen Finale dann erscheint die an Honig erinnernde S\u00fc\u00dfe, gepaart mit Salzmandeln, in einem furiosen, langen Finale. Was f\u00fcr ein stimmiger Wein und was f\u00fcr ein Potential! <\/p>\n<h5>Info zum Wein<\/h5>\n<p> Oberhalb der Tuffeau-H\u00f6hlen des Anwesens auf dem ersten Vouvray-Plateau in S\u00fcdlage befindet sich Le Mont, einer der am meisten gesch\u00e4tzten Weinberge in der Appellation, bekannt f\u00fcr seine Historie und langlebige Weine. <\/p>\n<h5>Info zur Lage<\/h5>\n<p> Neun Hektar kieseliger Feuersteinboden und tiefgr\u00fcner Ton sorgen f\u00fcr einen einzigartigen Ausdruck der Sorte Chenin Blanc. Sein Terroir bringt Intensit\u00e4t und Mineralit\u00e4t sowie eine raffinierte Struktur, unterst\u00fctzt von einer sch\u00f6nen S\u00e4ure, hervor. <\/p>\n<h5>Farbe<\/h5>\n<p> Mittleres Goldgelb. <\/p>\n<h5>Nase<\/h5>\n<p> Der 2018er Vouvray Le Mont Moulleux zeigt sich lebendig, kraftvoll und frisch mit Quitte, Birne, Apfel und Honigmelone. Reif, aber nicht s\u00fc\u00df, daf\u00fcr belebend und duftig. Ein femininer und bet\u00f6render Tropfen mit Tiefgang, immer noch jugendlich verschlossen, also ab in die Karaffe damit. <\/p>\n<h5>Gaumen<\/h5>\n<p> Cremige Frucht und S\u00fc\u00dfe im Auftakt, feine Salzigkeit und belebende S\u00e4ure, zitrisch, kr\u00e4utrig und t\u00e4nzerisch. Mit Sauerstoff gesellen sich Eindr\u00fccke von kandiertem Ingwer, Zimt und subtil Gew\u00fcrznelke hinzu. Man neigt dazu ihn zu trinken, ja auszutrinken \u2013 aber die Reise, die er vor sich hat, ist lang. Er bringt sehr gutes Potential mit. Unbedingt dekantieren und nicht zu kalt aus gro\u00dfen Gl\u00e4sern genie\u00dfen.<\/p>\n<p>Copyright Vinaturel 2025<\/p>\n<p>Keywords: <a href=\"https:\/\/wein-werte.com\/de\/shop\/?swoof=1&#038;pa_producer=Huet\">Huet<\/a> <a href=\"https:\/\/wein-werte.com\/de\/shop\/?swoof=1&#038;woof_text=Le Mont Moelleux\">Le Mont Moelleux<\/a> 2018 bio <a href=\"https:\/\/wein-werte.com\/de\/shop\/?swoof=1&#038;pa_region=Loire\">Loire<\/a> <a href=\"https:\/\/wein-werte.com\/de\/shop\/?swoof=1&#038;pa_country=Frankreich\">Frankreich<\/a><\/p>\n<h3>Wine Advocate<\/h3>\n<p>Punkte: 95<\/p>\n<p>Der Vouvray Le Mont Moelleux 2018 pr\u00e4sentiert sich klar, tief, rein und feuersteinartig in der intensiven, aber feinen und k\u00fchl-mineralischen Nase. Sehr markant! \u00dcppig und intensiv, aber auch rein, vital und gespannt am Gaumen, bietet dieser elegante und verf\u00fchrerische Le Mont einen geradlinigen Schwung und einen hochkomplexen und energiegeladenen Abgang mit Biss und gro\u00dfer mineralischer Spannung. Ein wundersch\u00f6ner, kristalliner, anhaltend salziger und dicht gewobener Chenin mit gro\u00dfer Komplexit\u00e4t und Energie. Schon heute sehr ansprechend! Verkostet im Mai 2019.<br \/>Stephan Reinhardt<\/p>\n<h3>Vinous<\/h3>\n<p>Punkte: 94<\/p>\n<p>Der Moelleux Le Mont 2018 ist ein besonders gehaltvoller Wein. Aprikose, Orangenconfit, Gew\u00fcrze und Minze verleihen dem 2018er eine F\u00fclle von Nuancen, die zu seinem viskosen, strukturierten Charakter passen. Die Zeit im Glas bringt die nat\u00fcrliche \u00dcppigkeit des Weins zur Geltung. Le Mont wird vor allem Leser ansprechen, die gehaltvollere Vouvrays sch\u00e4tzen. \u2013 Antonio Galloni<br \/>Trinkfenster: 2020\u20132030<br \/>Testdatum: Oktober 2020<\/p>\n<p>Internetseite des Weinguts: <a href=\"https:\/\/www.domainehuet.com\/\" target=\"_blank\">https:\/\/www.domainehuet.com\/<\/a><\/p>\n","protected":false},"excerpt":{"rendered":"<p>Lieferzeit: 1 bis 2 Arbeitstage (DE), 2 bis 5 Arbeitstage (EU and CH)<\/p>\n","protected":false},"featured_media":1145592,"template":"","meta":[],"product_brand":[],"product_cat":[19],"product_tag":[],"class_list":{"0":"post-1135684","1":"product","2":"type-product","3":"status-publish","4":"has-post-thumbnail","6":"product_cat-unkategorisiert","7":"pa_alcohol-for-filter-12897","8":"pa_certified-biodynamic-ja-de","9":"pa_certified-organic-ja-de","10":"pa_colour-weiss","11":"pa_country-frankreich","12":"pa_grape-chenin-blanc","13":"pa_parker-points-for-filter-95-de","14":"pa_price-for-filter-10626","15":"pa_producer-huet","16":"pa_region-loire","17":"pa_size-ml-6584","18":"pa_sweetness-suess-de","19":"pa_type-2-still-de","20":"pa_vinous-points-for-filter-20033","21":"pa_vintage-2018-de","22":"entry","23":"has-media","25":"first","26":"instock","27":"taxable","28":"shipping-taxable","29":"purchasable","30":"product-type-simple"},"yoast_head":"<!-- This site is optimized with the Yoast SEO plugin v27.5 - https:\/\/yoast.com\/product\/yoast-seo-wordpress\/ -->\n<title>Huet Le Mont Moelleux 2018<\/title>\n<meta name=\"description\" content=\"Kaufe Huet Le Mont Moelleux 2018 (Chenin Blanc, s\u00fc\u00df aus Loire, Frankreich) bei Wein Werte, Ihrem nachhaltigen Onlineshop.\" \/>\n<meta name=\"robots\" content=\"index, follow, max-snippet:-1, max-image-preview:large, max-video-preview:-1\" \/>\n<link rel=\"canonical\" href=\"https:\/\/wein-werte.com\/de\/produkt\/huet-le-mont-moelleux-2018-750ml\/\" \/>\n<meta property=\"og:locale\" content=\"de_DE\" \/>\n<meta property=\"og:type\" content=\"article\" \/>\n<meta property=\"og:title\" content=\"Huet Le Mont Moelleux 2018\" \/>\n<meta property=\"og:description\" content=\"Kaufe Huet Le Mont Moelleux 2018 (Chenin Blanc, s\u00fc\u00df aus Loire, Frankreich) bei Wein Werte, Ihrem nachhaltigen Onlineshop.\" \/>\n<meta property=\"og:url\" content=\"https:\/\/wein-werte.com\/de\/produkt\/huet-le-mont-moelleux-2018-750ml\/\" \/>\n<meta property=\"og:site_name\" content=\"Wein Werte\" \/>\n<meta property=\"og:image\" content=\"https:\/\/wein-werte.com\/wp-content\/uploads\/2026\/04\/Huet-Le-Mont-Moelleux-2018-750ml.png\" \/>\n\t<meta property=\"og:image:width\" content=\"342\" \/>\n\t<meta property=\"og:image:height\" content=\"1200\" \/>\n\t<meta property=\"og:image:type\" content=\"image\/png\" \/>\n<meta name=\"twitter:card\" content=\"summary_large_image\" \/>\n<meta name=\"twitter:label1\" content=\"Gesch\u00e4tzte Lesezeit\" \/>\n\t<meta name=\"twitter:data1\" content=\"2\u00a0Minuten\" \/>\n<script type=\"application\/ld+json\" class=\"yoast-schema-graph\">{\"@context\":\"https:\\\/\\\/schema.org\",\"@graph\":[{\"@type\":\"WebPage\",\"@id\":\"https:\\\/\\\/wein-werte.com\\\/de\\\/produkt\\\/huet-le-mont-moelleux-2018-750ml\\\/\",\"url\":\"https:\\\/\\\/wein-werte.com\\\/de\\\/produkt\\\/huet-le-mont-moelleux-2018-750ml\\\/\",\"name\":\"Huet Le Mont Moelleux 2018\",\"isPartOf\":{\"@id\":\"https:\\\/\\\/wein-werte.com\\\/de\\\/#website\"},\"primaryImageOfPage\":{\"@id\":\"https:\\\/\\\/wein-werte.com\\\/de\\\/produkt\\\/huet-le-mont-moelleux-2018-750ml\\\/#primaryimage\"},\"image\":{\"@id\":\"https:\\\/\\\/wein-werte.com\\\/de\\\/produkt\\\/huet-le-mont-moelleux-2018-750ml\\\/#primaryimage\"},\"thumbnailUrl\":\"https:\\\/\\\/wein-werte.com\\\/wp-content\\\/uploads\\\/2026\\\/04\\\/Huet-Le-Mont-Moelleux-2018-750ml.png\",\"datePublished\":\"2026-05-08T18:09:21+00:00\",\"description\":\"Kaufe Huet Le Mont Moelleux 2018 (Chenin Blanc, s\u00fc\u00df aus Loire, Frankreich) bei Wein Werte, Ihrem nachhaltigen Onlineshop.\",\"breadcrumb\":{\"@id\":\"https:\\\/\\\/wein-werte.com\\\/de\\\/produkt\\\/huet-le-mont-moelleux-2018-750ml\\\/#breadcrumb\"},\"inLanguage\":\"de\",\"potentialAction\":[{\"@type\":\"ReadAction\",\"target\":[\"https:\\\/\\\/wein-werte.com\\\/de\\\/produkt\\\/huet-le-mont-moelleux-2018-750ml\\\/\"]}]},{\"@type\":\"ImageObject\",\"inLanguage\":\"de\",\"@id\":\"https:\\\/\\\/wein-werte.com\\\/de\\\/produkt\\\/huet-le-mont-moelleux-2018-750ml\\\/#primaryimage\",\"url\":\"https:\\\/\\\/wein-werte.com\\\/wp-content\\\/uploads\\\/2026\\\/04\\\/Huet-Le-Mont-Moelleux-2018-750ml.png\",\"contentUrl\":\"https:\\\/\\\/wein-werte.com\\\/wp-content\\\/uploads\\\/2026\\\/04\\\/Huet-Le-Mont-Moelleux-2018-750ml.png\",\"width\":342,\"height\":1200,\"caption\":\"Huet Le Mont Moelleux 2018 750ml\"},{\"@type\":\"BreadcrumbList\",\"@id\":\"https:\\\/\\\/wein-werte.com\\\/de\\\/produkt\\\/huet-le-mont-moelleux-2018-750ml\\\/#breadcrumb\",\"itemListElement\":[{\"@type\":\"ListItem\",\"position\":1,\"name\":\"Home\",\"item\":\"https:\\\/\\\/wein-werte.com\\\/de\\\/\"},{\"@type\":\"ListItem\",\"position\":2,\"name\":\"Shop\",\"item\":\"https:\\\/\\\/wein-werte.com\\\/de\\\/shop\\\/\"},{\"@type\":\"ListItem\",\"position\":3,\"name\":\"Huet | Loire | Le Mont Moelleux | 2018 | 750ml | bio\"}]},{\"@type\":\"WebSite\",\"@id\":\"https:\\\/\\\/wein-werte.com\\\/de\\\/#website\",\"url\":\"https:\\\/\\\/wein-werte.com\\\/de\\\/\",\"name\":\"Wein Werte\",\"description\":\"\",\"publisher\":{\"@id\":\"https:\\\/\\\/wein-werte.com\\\/de\\\/#organization\"},\"potentialAction\":[{\"@type\":\"SearchAction\",\"target\":{\"@type\":\"EntryPoint\",\"urlTemplate\":\"https:\\\/\\\/wein-werte.com\\\/de\\\/?s={search_term_string}\"},\"query-input\":{\"@type\":\"PropertyValueSpecification\",\"valueRequired\":true,\"valueName\":\"search_term_string\"}}],\"inLanguage\":\"de\"},{\"@type\":\"Organization\",\"@id\":\"https:\\\/\\\/wein-werte.com\\\/de\\\/#organization\",\"name\":\"Vins Fins Thorrold\",\"url\":\"https:\\\/\\\/wein-werte.com\\\/de\\\/\",\"logo\":{\"@type\":\"ImageObject\",\"inLanguage\":\"de\",\"@id\":\"https:\\\/\\\/wein-werte.com\\\/de\\\/#\\\/schema\\\/logo\\\/image\\\/\",\"url\":\"https:\\\/\\\/wein-werte.com\\\/wp-content\\\/uploads\\\/2023\\\/07\\\/Wein_werte_Logo700-1.png\",\"contentUrl\":\"https:\\\/\\\/wein-werte.com\\\/wp-content\\\/uploads\\\/2023\\\/07\\\/Wein_werte_Logo700-1.png\",\"width\":700,\"height\":272,\"caption\":\"Vins Fins Thorrold\"},\"image\":{\"@id\":\"https:\\\/\\\/wein-werte.com\\\/de\\\/#\\\/schema\\\/logo\\\/image\\\/\"}}]}<\/script>\n<!-- \/ Yoast SEO plugin. -->","yoast_head_json":{"title":"Huet Le Mont Moelleux 2018","description":"Kaufe Huet Le Mont Moelleux 2018 (Chenin Blanc, s\u00fc\u00df aus Loire, Frankreich) bei Wein Werte, Ihrem nachhaltigen Onlineshop.","robots":{"index":"index","follow":"follow","max-snippet":"max-snippet:-1","max-image-preview":"max-image-preview:large","max-video-preview":"max-video-preview:-1"},"canonical":"https:\/\/wein-werte.com\/de\/produkt\/huet-le-mont-moelleux-2018-750ml\/","og_locale":"de_DE","og_type":"article","og_title":"Huet Le Mont Moelleux 2018","og_description":"Kaufe Huet Le Mont Moelleux 2018 (Chenin Blanc, s\u00fc\u00df aus Loire, Frankreich) bei Wein Werte, Ihrem nachhaltigen Onlineshop.","og_url":"https:\/\/wein-werte.com\/de\/produkt\/huet-le-mont-moelleux-2018-750ml\/","og_site_name":"Wein Werte","og_image":[{"width":342,"height":1200,"url":"https:\/\/wein-werte.com\/wp-content\/uploads\/2026\/04\/Huet-Le-Mont-Moelleux-2018-750ml.png","type":"image\/png"}],"twitter_card":"summary_large_image","twitter_misc":{"Gesch\u00e4tzte Lesezeit":"2\u00a0Minuten"},"schema":{"@context":"https:\/\/schema.org","@graph":[{"@type":"WebPage","@id":"https:\/\/wein-werte.com\/de\/produkt\/huet-le-mont-moelleux-2018-750ml\/","url":"https:\/\/wein-werte.com\/de\/produkt\/huet-le-mont-moelleux-2018-750ml\/","name":"Huet Le Mont Moelleux 2018","isPartOf":{"@id":"https:\/\/wein-werte.com\/de\/#website"},"primaryImageOfPage":{"@id":"https:\/\/wein-werte.com\/de\/produkt\/huet-le-mont-moelleux-2018-750ml\/#primaryimage"},"image":{"@id":"https:\/\/wein-werte.com\/de\/produkt\/huet-le-mont-moelleux-2018-750ml\/#primaryimage"},"thumbnailUrl":"https:\/\/wein-werte.com\/wp-content\/uploads\/2026\/04\/Huet-Le-Mont-Moelleux-2018-750ml.png","datePublished":"2026-05-08T18:09:21+00:00","description":"Kaufe Huet Le Mont Moelleux 2018 (Chenin Blanc, s\u00fc\u00df aus Loire, Frankreich) bei Wein Werte, Ihrem nachhaltigen Onlineshop.","breadcrumb":{"@id":"https:\/\/wein-werte.com\/de\/produkt\/huet-le-mont-moelleux-2018-750ml\/#breadcrumb"},"inLanguage":"de","potentialAction":[{"@type":"ReadAction","target":["https:\/\/wein-werte.com\/de\/produkt\/huet-le-mont-moelleux-2018-750ml\/"]}]},{"@type":"ImageObject","inLanguage":"de","@id":"https:\/\/wein-werte.com\/de\/produkt\/huet-le-mont-moelleux-2018-750ml\/#primaryimage","url":"https:\/\/wein-werte.com\/wp-content\/uploads\/2026\/04\/Huet-Le-Mont-Moelleux-2018-750ml.png","contentUrl":"https:\/\/wein-werte.com\/wp-content\/uploads\/2026\/04\/Huet-Le-Mont-Moelleux-2018-750ml.png","width":342,"height":1200,"caption":"Huet Le Mont Moelleux 2018 750ml"},{"@type":"BreadcrumbList","@id":"https:\/\/wein-werte.com\/de\/produkt\/huet-le-mont-moelleux-2018-750ml\/#breadcrumb","itemListElement":[{"@type":"ListItem","position":1,"name":"Home","item":"https:\/\/wein-werte.com\/de\/"},{"@type":"ListItem","position":2,"name":"Shop","item":"https:\/\/wein-werte.com\/de\/shop\/"},{"@type":"ListItem","position":3,"name":"Huet | Loire | Le Mont Moelleux | 2018 | 750ml | bio"}]},{"@type":"WebSite","@id":"https:\/\/wein-werte.com\/de\/#website","url":"https:\/\/wein-werte.com\/de\/","name":"Wein Werte","description":"","publisher":{"@id":"https:\/\/wein-werte.com\/de\/#organization"},"potentialAction":[{"@type":"SearchAction","target":{"@type":"EntryPoint","urlTemplate":"https:\/\/wein-werte.com\/de\/?s={search_term_string}"},"query-input":{"@type":"PropertyValueSpecification","valueRequired":true,"valueName":"search_term_string"}}],"inLanguage":"de"},{"@type":"Organization","@id":"https:\/\/wein-werte.com\/de\/#organization","name":"Vins Fins Thorrold","url":"https:\/\/wein-werte.com\/de\/","logo":{"@type":"ImageObject","inLanguage":"de","@id":"https:\/\/wein-werte.com\/de\/#\/schema\/logo\/image\/","url":"https:\/\/wein-werte.com\/wp-content\/uploads\/2023\/07\/Wein_werte_Logo700-1.png","contentUrl":"https:\/\/wein-werte.com\/wp-content\/uploads\/2023\/07\/Wein_werte_Logo700-1.png","width":700,"height":272,"caption":"Vins Fins Thorrold"},"image":{"@id":"https:\/\/wein-werte.com\/de\/#\/schema\/logo\/image\/"}}]}},"_links":{"self":[{"href":"https:\/\/wein-werte.com\/de\/wp-json\/wp\/v2\/product\/1135684","targetHints":{"allow":["GET"]}}],"collection":[{"href":"https:\/\/wein-werte.com\/de\/wp-json\/wp\/v2\/product"}],"about":[{"href":"https:\/\/wein-werte.com\/de\/wp-json\/wp\/v2\/types\/product"}],"wp:featuredmedia":[{"embeddable":true,"href":"https:\/\/wein-werte.com\/de\/wp-json\/wp\/v2\/media\/1145592"}],"wp:attachment":[{"href":"https:\/\/wein-werte.com\/de\/wp-json\/wp\/v2\/media?parent=1135684"}],"wp:term":[{"taxonomy":"product_brand","embeddable":true,"href":"https:\/\/wein-werte.com\/de\/wp-json\/wp\/v2\/product_brand?post=1135684"},{"taxonomy":"product_cat","embeddable":true,"href":"https:\/\/wein-werte.com\/de\/wp-json\/wp\/v2\/product_cat?post=1135684"},{"taxonomy":"product_tag","embeddable":true,"href":"https:\/\/wein-werte.com\/de\/wp-json\/wp\/v2\/product_tag?post=1135684"}],"curies":[{"name":"wp","href":"https:\/\/api.w.org\/{rel}","templated":true}]}}