{"id":1135673,"date":"2026-05-12T15:58:44","date_gmt":"2026-05-12T13:58:44","guid":{"rendered":"https:\/\/wein-werte.com\/product\/huet-le-haut-lieu-demi-sec-2018-750ml\/"},"modified":"2026-05-12T19:59:56","modified_gmt":"2026-05-12T17:59:56","slug":"huet-le-haut-lieu-demi-sec-2018-750ml","status":"publish","type":"product","link":"https:\/\/wein-werte.com\/de\/produkt\/huet-le-haut-lieu-demi-sec-2018-750ml\/","title":{"rendered":"Huet | Loire | Le Haut-Lieu demi-sec | 2018 | 750ml | bio"},"content":{"rendered":"<p>Produktbeschreibung f\u00fcr Huet Le Haut-Lieu demi-sec 2018 (bio)<\/p>\n<p> Christoph Raffelt: Am Gaumen zeigt sich, dass die rund 18 Gramm S\u00fc\u00dfe exzellent von der S\u00e4ure gepuffert werden. Der Wein wirkt trotz der 13,5 % Alc. fast so schwebend wie ein Kabinett, und das ist faszinierend. Der Demi-sec ist so saftig, so cremig und gleichzeitig so elegant mit fein ziselierter S\u00e4ure und einer frischen Mineralit\u00e4t, die wie alle Komponenten in den Weinen von Huet zun\u00e4chst gar nicht als einzelner Bestandteil auff\u00e4llt, sondern nur in der stets stimmigen Gesamtkomposition. Auch hier ist man gewillt, immer weiter einzuschenken und einen etwaigen Vorrat schnell zunichte zu machen, auch wenn der Wein nat\u00fcrlich ein gro\u00dfes Zukunftspotential besitzt. <\/p>\n<h5>Info zum Wein<\/h5>\n<p> Bei einem Besuch im Dorf Vouvray im Jahr 1928 verliebte sich die Familie Huet in den Charme dieses Grundst\u00fccks, zu dem ein f\u00fcnf Hektar gro\u00dfes Weingut geh\u00f6rte. Im selben Jahr gekauft, stellt es den Ursprung der Domaine dar. <\/p>\n<h5>Info zur Lage<\/h5>\n<p> Heute besteht der Weinberg aus f\u00fcnfzehn Hektar oberhalb des Vouvray-Plateaus. Der tiefbraune Ton von Haut-Lieu sorgt f\u00fcr Fruchtigkeit und Frische in den Weinen. <\/p>\n<h5>Farbe<\/h5>\n<p> Funkelndes Goldgelb. <\/p>\n<h5>Nase<\/h5>\n<p> Der 2018er Vouvray Le Haut-Lieu Demi Sec pr\u00e4sentiert sich \u00e4u\u00dferst charmant in der Nase. Er duftet hellfruchtig nach Honigmelone, reifer Ananas, Quittenkompott und frischer Grapefruit. Bet\u00f6rend wirken der florale Duft, der an Akazie, Holunderbl\u00fcte und Flieder erinnert, und die s\u00fc\u00dflichen Noten von Bl\u00fctenhonig und Zitronat. Durch seine tiefgr\u00fcndige Mineralit\u00e4t und Ankl\u00e4nge von frischem Ingwer und Koriander entsteht ein jugendlicher und \u00e4u\u00dferst erfrischender Anstrich. <\/p>\n<h5>Gaumen<\/h5>\n<p> Frisch und jugendlich zeigt er sich auf der Zunge. Die elegante S\u00fc\u00dfe wird von einer anregenden, verspielten S\u00e4ure und einer herben Grapefruitnote begleitet \u2013 ein salzig anmutender und halbtrockener Wein, der sich erst am Beginn seiner Trinkreife befindet und der sich in den n\u00e4chsten Jahren noch hervorragend entwickeln wird. Wer ihn zum jetzigen Zeitpunkt genie\u00dfen m\u00f6chte, sollte ihn wenn m\u00f6glich dekantieren und nicht zu k\u00fchl aus einem gr\u00f6\u00dferen Glas genie\u00dfen.<\/p>\n<p>Copyright Vinaturel 2025<\/p>\n<p>Keywords: <a href=\"https:\/\/wein-werte.com\/de\/shop\/?swoof=1&#038;pa_producer=Huet\">Huet<\/a> <a href=\"https:\/\/wein-werte.com\/de\/shop\/?swoof=1&#038;woof_text=Le Haut-Lieu demi-sec\">Le Haut-Lieu demi-sec<\/a> 2018 bio <a href=\"https:\/\/wein-werte.com\/de\/shop\/?swoof=1&#038;pa_region=Loire\">Loire<\/a> <a href=\"https:\/\/wein-werte.com\/de\/shop\/?swoof=1&#038;pa_country=Frankreich\">Frankreich<\/a><\/p>\n<h3>Wine Advocate<\/h3>\n<p>Punkte: 93<\/p>\n<p>Der Vouvray Le Haut-Lieu Demi-Sec 2018 pr\u00e4sentiert sich klar, hell und frisch in der kalkig-w\u00fcrzigen Nase. Rund und \u00fcppig am Gaumen pr\u00e4sentiert sich der 2018er als dichter, raffinierter und charmant s\u00fc\u00dfer Haut-Lieu mit zug\u00e4nglicher Frucht und einem anregend salzigen Abgang, der sehr feine Tannine und eine sch\u00f6ne Textur auf der Haut offenbart. Ein k\u00f6stlicher Chenin aus Vouvray, aber noch jung. Verkostet im Mai 2019.<br \/>Stephan Reinhardt<\/p>\n<h3>Vinous<\/h3>\n<p>Punkte: 93<\/p>\n<p>Der Demi-Sec Le Haut-Lieu 2018 bietet eine bet\u00f6rende Mischung aus kandierter Zitronenschale, Passionsfrucht, Jasmin, Ingwer und Marzipan. Mittelkr\u00e4ftig und intensiv parf\u00fcmiert, ist der Demi-Sec \u00e4u\u00dferst harmonisch. Helle Salznoten bilden einen sch\u00f6nen Kontrapunkt zur nat\u00fcrlichen F\u00fclle des Weines. \u2013 Antonio Galloni<br \/>Trinkfenster: 2020\u20132028<br \/>Testdatum: Oktober 2020<\/p>\n<p>Internetseite des Weinguts: <a href=\"https:\/\/www.domainehuet.com\/\" target=\"_blank\">https:\/\/www.domainehuet.com\/<\/a><\/p>\n","protected":false},"excerpt":{"rendered":"<div style=\"font-size: 14px;\">\n<p>Lieferzeit: 1 bis 2 Arbeitstage (DE), 2 bis 5 Arbeitstage (EU und CH)<\/p>\n<p>Ungef\u00e4hrer Energiegehalt pro 125-ml-Glas: 115 kcal<\/p>\n<\/p><\/div>\n","protected":false},"featured_media":1147563,"template":"","meta":[],"product_brand":[],"product_cat":[19],"product_tag":[],"class_list":{"0":"post-1135673","1":"product","2":"type-product","3":"status-publish","4":"has-post-thumbnail","6":"product_cat-unkategorisiert","7":"pa_alcohol-for-filter-13-5","8":"pa_certified-biodynamic-ja-de","9":"pa_certified-organic-ja-de","10":"pa_colour-weiss","11":"pa_country-frankreich","12":"pa_grape-chenin-blanc","13":"pa_parker-points-for-filter-93-de-2","14":"pa_price-for-filter-10625","15":"pa_producer-huet","16":"pa_region-loire","17":"pa_size-ml-6584","18":"pa_sweetness-halbtrocken","19":"pa_type-2-still-de","20":"pa_vinous-points-for-filter-20031","21":"pa_vintage-2018-de","22":"entry","23":"has-media","25":"first","26":"instock","27":"taxable","28":"shipping-taxable","29":"purchasable","30":"product-type-simple"},"yoast_head":"<!-- This site is optimized with the Yoast SEO plugin v27.6 - https:\/\/yoast.com\/product\/yoast-seo-wordpress\/ -->\n<title>Huet Le Haut-Lieu demi-sec 2018<\/title>\n<meta name=\"description\" content=\"Kaufe Huet Le Haut-Lieu demi-sec 2018 (Chenin Blanc, halbtrocken aus Loire, Frankreich) bei Wein Werte, Ihrem nachhaltigen Onlineshop.\" \/>\n<meta name=\"robots\" content=\"index, follow, max-snippet:-1, max-image-preview:large, max-video-preview:-1\" \/>\n<link rel=\"canonical\" href=\"https:\/\/wein-werte.com\/de\/produkt\/huet-le-haut-lieu-demi-sec-2018-750ml\/\" \/>\n<meta property=\"og:locale\" content=\"de_DE\" \/>\n<meta property=\"og:type\" content=\"article\" \/>\n<meta property=\"og:title\" content=\"Huet Le Haut-Lieu demi-sec 2018\" \/>\n<meta property=\"og:description\" content=\"Kaufe Huet Le Haut-Lieu demi-sec 2018 (Chenin Blanc, halbtrocken aus Loire, Frankreich) bei Wein Werte, Ihrem nachhaltigen Onlineshop.\" \/>\n<meta property=\"og:url\" content=\"https:\/\/wein-werte.com\/de\/produkt\/huet-le-haut-lieu-demi-sec-2018-750ml\/\" \/>\n<meta property=\"og:site_name\" content=\"Wein Werte\" \/>\n<meta property=\"article:modified_time\" content=\"2026-05-12T17:59:56+00:00\" \/>\n<meta property=\"og:image\" content=\"https:\/\/wein-werte.com\/wp-content\/uploads\/2026\/04\/Huet-Le-Haut-Lieu-demi-sec-2018-750-ml.png\" \/>\n\t<meta property=\"og:image:width\" content=\"143\" \/>\n\t<meta property=\"og:image:height\" content=\"499\" \/>\n\t<meta property=\"og:image:type\" content=\"image\/png\" \/>\n<meta name=\"twitter:card\" content=\"summary_large_image\" \/>\n<meta name=\"twitter:label1\" content=\"Gesch\u00e4tzte Lesezeit\" \/>\n\t<meta name=\"twitter:data1\" content=\"2\u00a0Minuten\" \/>\n<script type=\"application\/ld+json\" class=\"yoast-schema-graph\">{\"@context\":\"https:\\\/\\\/schema.org\",\"@graph\":[{\"@type\":\"WebPage\",\"@id\":\"https:\\\/\\\/wein-werte.com\\\/de\\\/produkt\\\/huet-le-haut-lieu-demi-sec-2018-750ml\\\/\",\"url\":\"https:\\\/\\\/wein-werte.com\\\/de\\\/produkt\\\/huet-le-haut-lieu-demi-sec-2018-750ml\\\/\",\"name\":\"Huet Le Haut-Lieu demi-sec 2018\",\"isPartOf\":{\"@id\":\"https:\\\/\\\/wein-werte.com\\\/de\\\/#website\"},\"primaryImageOfPage\":{\"@id\":\"https:\\\/\\\/wein-werte.com\\\/de\\\/produkt\\\/huet-le-haut-lieu-demi-sec-2018-750ml\\\/#primaryimage\"},\"image\":{\"@id\":\"https:\\\/\\\/wein-werte.com\\\/de\\\/produkt\\\/huet-le-haut-lieu-demi-sec-2018-750ml\\\/#primaryimage\"},\"thumbnailUrl\":\"https:\\\/\\\/wein-werte.com\\\/wp-content\\\/uploads\\\/2026\\\/04\\\/Huet-Le-Haut-Lieu-demi-sec-2018-750-ml.png\",\"datePublished\":\"2026-05-12T13:58:44+00:00\",\"dateModified\":\"2026-05-12T17:59:56+00:00\",\"description\":\"Kaufe Huet Le Haut-Lieu demi-sec 2018 (Chenin Blanc, halbtrocken aus Loire, Frankreich) bei Wein Werte, Ihrem nachhaltigen Onlineshop.\",\"breadcrumb\":{\"@id\":\"https:\\\/\\\/wein-werte.com\\\/de\\\/produkt\\\/huet-le-haut-lieu-demi-sec-2018-750ml\\\/#breadcrumb\"},\"inLanguage\":\"de\",\"potentialAction\":[{\"@type\":\"ReadAction\",\"target\":[\"https:\\\/\\\/wein-werte.com\\\/de\\\/produkt\\\/huet-le-haut-lieu-demi-sec-2018-750ml\\\/\"]}]},{\"@type\":\"ImageObject\",\"inLanguage\":\"de\",\"@id\":\"https:\\\/\\\/wein-werte.com\\\/de\\\/produkt\\\/huet-le-haut-lieu-demi-sec-2018-750ml\\\/#primaryimage\",\"url\":\"https:\\\/\\\/wein-werte.com\\\/wp-content\\\/uploads\\\/2026\\\/04\\\/Huet-Le-Haut-Lieu-demi-sec-2018-750-ml.png\",\"contentUrl\":\"https:\\\/\\\/wein-werte.com\\\/wp-content\\\/uploads\\\/2026\\\/04\\\/Huet-Le-Haut-Lieu-demi-sec-2018-750-ml.png\",\"width\":143,\"height\":499},{\"@type\":\"BreadcrumbList\",\"@id\":\"https:\\\/\\\/wein-werte.com\\\/de\\\/produkt\\\/huet-le-haut-lieu-demi-sec-2018-750ml\\\/#breadcrumb\",\"itemListElement\":[{\"@type\":\"ListItem\",\"position\":1,\"name\":\"Home\",\"item\":\"https:\\\/\\\/wein-werte.com\\\/de\\\/\"},{\"@type\":\"ListItem\",\"position\":2,\"name\":\"Shop\",\"item\":\"https:\\\/\\\/wein-werte.com\\\/de\\\/shop\\\/\"},{\"@type\":\"ListItem\",\"position\":3,\"name\":\"Huet | Loire | Le Haut-Lieu demi-sec | 2018 | 750ml | bio\"}]},{\"@type\":\"WebSite\",\"@id\":\"https:\\\/\\\/wein-werte.com\\\/de\\\/#website\",\"url\":\"https:\\\/\\\/wein-werte.com\\\/de\\\/\",\"name\":\"Wein Werte\",\"description\":\"\",\"publisher\":{\"@id\":\"https:\\\/\\\/wein-werte.com\\\/de\\\/#organization\"},\"potentialAction\":[{\"@type\":\"SearchAction\",\"target\":{\"@type\":\"EntryPoint\",\"urlTemplate\":\"https:\\\/\\\/wein-werte.com\\\/de\\\/?s={search_term_string}\"},\"query-input\":{\"@type\":\"PropertyValueSpecification\",\"valueRequired\":true,\"valueName\":\"search_term_string\"}}],\"inLanguage\":\"de\"},{\"@type\":\"Organization\",\"@id\":\"https:\\\/\\\/wein-werte.com\\\/de\\\/#organization\",\"name\":\"Vins Fins Thorrold\",\"url\":\"https:\\\/\\\/wein-werte.com\\\/de\\\/\",\"logo\":{\"@type\":\"ImageObject\",\"inLanguage\":\"de\",\"@id\":\"https:\\\/\\\/wein-werte.com\\\/de\\\/#\\\/schema\\\/logo\\\/image\\\/\",\"url\":\"https:\\\/\\\/wein-werte.com\\\/wp-content\\\/uploads\\\/2023\\\/07\\\/Wein_werte_Logo700-1.png\",\"contentUrl\":\"https:\\\/\\\/wein-werte.com\\\/wp-content\\\/uploads\\\/2023\\\/07\\\/Wein_werte_Logo700-1.png\",\"width\":700,\"height\":272,\"caption\":\"Vins Fins Thorrold\"},\"image\":{\"@id\":\"https:\\\/\\\/wein-werte.com\\\/de\\\/#\\\/schema\\\/logo\\\/image\\\/\"}}]}<\/script>\n<!-- \/ Yoast SEO plugin. -->","yoast_head_json":{"title":"Huet Le Haut-Lieu demi-sec 2018","description":"Kaufe Huet Le Haut-Lieu demi-sec 2018 (Chenin Blanc, halbtrocken aus Loire, Frankreich) bei Wein Werte, Ihrem nachhaltigen Onlineshop.","robots":{"index":"index","follow":"follow","max-snippet":"max-snippet:-1","max-image-preview":"max-image-preview:large","max-video-preview":"max-video-preview:-1"},"canonical":"https:\/\/wein-werte.com\/de\/produkt\/huet-le-haut-lieu-demi-sec-2018-750ml\/","og_locale":"de_DE","og_type":"article","og_title":"Huet Le Haut-Lieu demi-sec 2018","og_description":"Kaufe Huet Le Haut-Lieu demi-sec 2018 (Chenin Blanc, halbtrocken aus Loire, Frankreich) bei Wein Werte, Ihrem nachhaltigen Onlineshop.","og_url":"https:\/\/wein-werte.com\/de\/produkt\/huet-le-haut-lieu-demi-sec-2018-750ml\/","og_site_name":"Wein Werte","article_modified_time":"2026-05-12T17:59:56+00:00","og_image":[{"width":143,"height":499,"url":"https:\/\/wein-werte.com\/wp-content\/uploads\/2026\/04\/Huet-Le-Haut-Lieu-demi-sec-2018-750-ml.png","type":"image\/png"}],"twitter_card":"summary_large_image","twitter_misc":{"Gesch\u00e4tzte Lesezeit":"2\u00a0Minuten"},"schema":{"@context":"https:\/\/schema.org","@graph":[{"@type":"WebPage","@id":"https:\/\/wein-werte.com\/de\/produkt\/huet-le-haut-lieu-demi-sec-2018-750ml\/","url":"https:\/\/wein-werte.com\/de\/produkt\/huet-le-haut-lieu-demi-sec-2018-750ml\/","name":"Huet Le Haut-Lieu demi-sec 2018","isPartOf":{"@id":"https:\/\/wein-werte.com\/de\/#website"},"primaryImageOfPage":{"@id":"https:\/\/wein-werte.com\/de\/produkt\/huet-le-haut-lieu-demi-sec-2018-750ml\/#primaryimage"},"image":{"@id":"https:\/\/wein-werte.com\/de\/produkt\/huet-le-haut-lieu-demi-sec-2018-750ml\/#primaryimage"},"thumbnailUrl":"https:\/\/wein-werte.com\/wp-content\/uploads\/2026\/04\/Huet-Le-Haut-Lieu-demi-sec-2018-750-ml.png","datePublished":"2026-05-12T13:58:44+00:00","dateModified":"2026-05-12T17:59:56+00:00","description":"Kaufe Huet Le Haut-Lieu demi-sec 2018 (Chenin Blanc, halbtrocken aus Loire, Frankreich) bei Wein Werte, Ihrem nachhaltigen Onlineshop.","breadcrumb":{"@id":"https:\/\/wein-werte.com\/de\/produkt\/huet-le-haut-lieu-demi-sec-2018-750ml\/#breadcrumb"},"inLanguage":"de","potentialAction":[{"@type":"ReadAction","target":["https:\/\/wein-werte.com\/de\/produkt\/huet-le-haut-lieu-demi-sec-2018-750ml\/"]}]},{"@type":"ImageObject","inLanguage":"de","@id":"https:\/\/wein-werte.com\/de\/produkt\/huet-le-haut-lieu-demi-sec-2018-750ml\/#primaryimage","url":"https:\/\/wein-werte.com\/wp-content\/uploads\/2026\/04\/Huet-Le-Haut-Lieu-demi-sec-2018-750-ml.png","contentUrl":"https:\/\/wein-werte.com\/wp-content\/uploads\/2026\/04\/Huet-Le-Haut-Lieu-demi-sec-2018-750-ml.png","width":143,"height":499},{"@type":"BreadcrumbList","@id":"https:\/\/wein-werte.com\/de\/produkt\/huet-le-haut-lieu-demi-sec-2018-750ml\/#breadcrumb","itemListElement":[{"@type":"ListItem","position":1,"name":"Home","item":"https:\/\/wein-werte.com\/de\/"},{"@type":"ListItem","position":2,"name":"Shop","item":"https:\/\/wein-werte.com\/de\/shop\/"},{"@type":"ListItem","position":3,"name":"Huet | Loire | Le Haut-Lieu demi-sec | 2018 | 750ml | bio"}]},{"@type":"WebSite","@id":"https:\/\/wein-werte.com\/de\/#website","url":"https:\/\/wein-werte.com\/de\/","name":"Wein Werte","description":"","publisher":{"@id":"https:\/\/wein-werte.com\/de\/#organization"},"potentialAction":[{"@type":"SearchAction","target":{"@type":"EntryPoint","urlTemplate":"https:\/\/wein-werte.com\/de\/?s={search_term_string}"},"query-input":{"@type":"PropertyValueSpecification","valueRequired":true,"valueName":"search_term_string"}}],"inLanguage":"de"},{"@type":"Organization","@id":"https:\/\/wein-werte.com\/de\/#organization","name":"Vins Fins Thorrold","url":"https:\/\/wein-werte.com\/de\/","logo":{"@type":"ImageObject","inLanguage":"de","@id":"https:\/\/wein-werte.com\/de\/#\/schema\/logo\/image\/","url":"https:\/\/wein-werte.com\/wp-content\/uploads\/2023\/07\/Wein_werte_Logo700-1.png","contentUrl":"https:\/\/wein-werte.com\/wp-content\/uploads\/2023\/07\/Wein_werte_Logo700-1.png","width":700,"height":272,"caption":"Vins Fins Thorrold"},"image":{"@id":"https:\/\/wein-werte.com\/de\/#\/schema\/logo\/image\/"}}]}},"_links":{"self":[{"href":"https:\/\/wein-werte.com\/de\/wp-json\/wp\/v2\/product\/1135673","targetHints":{"allow":["GET"]}}],"collection":[{"href":"https:\/\/wein-werte.com\/de\/wp-json\/wp\/v2\/product"}],"about":[{"href":"https:\/\/wein-werte.com\/de\/wp-json\/wp\/v2\/types\/product"}],"wp:featuredmedia":[{"embeddable":true,"href":"https:\/\/wein-werte.com\/de\/wp-json\/wp\/v2\/media\/1147563"}],"wp:attachment":[{"href":"https:\/\/wein-werte.com\/de\/wp-json\/wp\/v2\/media?parent=1135673"}],"wp:term":[{"taxonomy":"product_brand","embeddable":true,"href":"https:\/\/wein-werte.com\/de\/wp-json\/wp\/v2\/product_brand?post=1135673"},{"taxonomy":"product_cat","embeddable":true,"href":"https:\/\/wein-werte.com\/de\/wp-json\/wp\/v2\/product_cat?post=1135673"},{"taxonomy":"product_tag","embeddable":true,"href":"https:\/\/wein-werte.com\/de\/wp-json\/wp\/v2\/product_tag?post=1135673"}],"curies":[{"name":"wp","href":"https:\/\/api.w.org\/{rel}","templated":true}]}}