{"id":1135667,"date":"2026-05-12T15:58:43","date_gmt":"2026-05-12T13:58:43","guid":{"rendered":"https:\/\/wein-werte.com\/product\/huet-le-mont-moelleux-2017-750ml\/"},"modified":"2026-05-12T19:59:55","modified_gmt":"2026-05-12T17:59:55","slug":"huet-le-mont-moelleux-2017-750ml","status":"publish","type":"product","link":"https:\/\/wein-werte.com\/de\/produkt\/huet-le-mont-moelleux-2017-750ml\/","title":{"rendered":"Huet | Loire | Le Mont Moelleux | 2017 | 750ml | bio"},"content":{"rendered":"<p>Produktbeschreibung f\u00fcr Huet Le Mont Moelleux 2017 (bio)<\/p>\n<p> Christoph Raffelt:Am Gaumen ist der 2017er Le Mont Moelleux schon jetzt beeindruckend komplex. Die 53 Gramm S\u00fc\u00dfe wirken hier keinesfalls aufdringlich, eher im Gegenteil fragt man sich, wo er die \u00fcberhaupt versteckt hat, so klar wird die S\u00fc\u00dfe von den 4,9 Gramm S\u00e4ure balanciert. Der Wein ist \u00fcberaus stimmig und pr\u00e4zise. Vor allem die S\u00e4urestruktur und die vitale Mineralit\u00e4t begeistern, ebenso die feinen Noten indischer Gew\u00fcrze, herber Orangen und steiniger Komponenten. Im langen Finale dann erscheint die an Honig erinnernde S\u00fc\u00dfe, gepaart mit Salzmandeln, in einem furiosen, langen Finale. Was f\u00fcr ein stimmiger Wein und was f\u00fcr ein Potential! <\/p>\n<h5>Farbe<\/h5>\n<p> helles Goldgelb <\/p>\n<h5>Nase<\/h5>\n<p> Der Le Mont Moelleux pr\u00e4sentiert sich im Jahr 2017 begeisternd frisch und klar, ja geradezu zeitlos. Schon im Duft wirkt er lebendig und kraftvoll, leicht rauchig, wie es die Art ist beim Le Mont, insgesamt aber recht hell und offener als der sec aus gleicher Lage. Gelbe und gr\u00fcne \u00c4pfel bilden hier den Auftakt, eine Ananas an der Schwelle zur Reife kommt hinzu, dazu Currybl\u00e4tter, Safran, gemahlener Stein und der f\u00fcr Chenin typische Hauch von Quitten und Honigwachs. <\/p>\n<h5>Gaumen<\/h5>\n<p> Am Gaumen ist der 2017er Le Mont Moelleux schon jetzt beeindruckend komplex. Die 53 Gramm S\u00fc\u00dfe wirken hier keinesfalls aufdringlich, eher im Gegenteil fragt man sich, wo er die \u00fcberhaupt versteckt hat, so klar wird die S\u00fc\u00dfe von den 4,9 Gramm S\u00e4ure balanciert. Der Wein ist \u00fcberaus stimmig und pr\u00e4zise. Vor allem die S\u00e4urestruktur und die vitale Mineralit\u00e4t begeistern, ebenso die feinen Noten indischer Gew\u00fcrze, herber Orangen und steiniger Komponenten. Im langen Finale dann erscheint die an Honig erinnernde S\u00fc\u00dfe, gepaart mit Salzmandeln, in einem furiosen, langen Finale. Was f\u00fcr ein stimmiger Wein und was f\u00fcr ein Potential! <\/p>\n<p>Copyright Vinaturel 2025<\/p>\n<p>Keywords: <a href=\"https:\/\/wein-werte.com\/de\/shop\/?swoof=1&#038;pa_producer=Huet\">Huet<\/a> <a href=\"https:\/\/wein-werte.com\/de\/shop\/?swoof=1&#038;woof_text=Le Mont Moelleux\">Le Mont Moelleux<\/a> 2017 bio <a href=\"https:\/\/wein-werte.com\/de\/shop\/?swoof=1&#038;pa_region=Loire\">Loire<\/a> <a href=\"https:\/\/wein-werte.com\/de\/shop\/?swoof=1&#038;pa_country=Frankreich\">Frankreich<\/a><\/p>\n<h3>Wine Advocate<\/h3>\n<p>Punkte: 94<\/p>\n<p>Der gold-aprikosenfarbene Vouvray Le Mont Moelleux 2017 pr\u00e4sentiert sich in der intensiven, aber raffinierten Nase perfekt reif und elegant. Aromen von Steinobst und sehr feinen Rosinen verflechten sich mit Hefenoten. Am Gaumen pr\u00e4sentiert sich dieser gro\u00dfz\u00fcgige, hochelegante, finessenreiche und saftige Vouvray mit feinem Tanningriff, salzig-pikanter S\u00e4ure und einer guten Konzentration von getrockneten und ged\u00fcnsteten Steinfr\u00fcchten. Der Wein ist kompakt und straff, aber dennoch vital und voller Energie und Reifepotenzial. Sehr straff, fest und salzig, mit guter Spannung und Ausdruck, aber viel zu jung, um in den n\u00e4chsten f\u00fcnf Jahren genossen zu werden. Verkostet im M\u00e4rz 2019.<br \/>Stephan Reinhardt<\/p>\n<p>Internetseite des Weinguts: <a href=\"https:\/\/www.domainehuet.com\/\" target=\"_blank\">https:\/\/www.domainehuet.com\/<\/a><\/p>\n","protected":false},"excerpt":{"rendered":"<div style=\"font-size: 14px;\">\n<p>Lieferzeit: 1 bis 2 Arbeitstage (DE), 2 bis 5 Arbeitstage (EU und CH)<\/p>\n<p>Ungef\u00e4hrer Energiegehalt pro 125-ml-Glas: 120 kcal<\/p>\n<\/p><\/div>\n","protected":false},"featured_media":1145580,"template":"","meta":[],"product_brand":[],"product_cat":[19],"product_tag":[],"class_list":{"0":"post-1135667","1":"product","2":"type-product","3":"status-publish","4":"has-post-thumbnail","6":"product_cat-unkategorisiert","7":"pa_alcohol-for-filter-12893","8":"pa_certified-biodynamic-ja-de","9":"pa_certified-organic-ja-de","10":"pa_colour-weiss","11":"pa_country-frankreich","12":"pa_grape-chenin-blanc","13":"pa_parker-points-for-filter-94-de-2","14":"pa_price-for-filter-10626","15":"pa_producer-huet","16":"pa_region-loire","17":"pa_size-ml-6584","18":"pa_sweetness-suess-de","19":"pa_type-2-still-de","20":"pa_vintage-2017-de","21":"entry","22":"has-media","24":"first","25":"instock","26":"taxable","27":"shipping-taxable","28":"purchasable","29":"product-type-simple"},"yoast_head":"<!-- This site is optimized with the Yoast SEO plugin v27.6 - https:\/\/yoast.com\/product\/yoast-seo-wordpress\/ -->\n<title>Huet Le Mont Moelleux 2017<\/title>\n<meta name=\"description\" content=\"Kaufe Huet Le Mont Moelleux 2017 (Chenin Blanc, s\u00fc\u00df aus Loire, Frankreich) bei Wein Werte, Ihrem nachhaltigen Onlineshop.\" \/>\n<meta name=\"robots\" content=\"index, follow, max-snippet:-1, max-image-preview:large, max-video-preview:-1\" \/>\n<link rel=\"canonical\" href=\"https:\/\/wein-werte.com\/de\/produkt\/huet-le-mont-moelleux-2017-750ml\/\" \/>\n<meta property=\"og:locale\" content=\"de_DE\" \/>\n<meta property=\"og:type\" content=\"article\" \/>\n<meta property=\"og:title\" content=\"Huet Le Mont Moelleux 2017\" \/>\n<meta property=\"og:description\" content=\"Kaufe Huet Le Mont Moelleux 2017 (Chenin Blanc, s\u00fc\u00df aus Loire, Frankreich) bei Wein Werte, Ihrem nachhaltigen Onlineshop.\" \/>\n<meta property=\"og:url\" content=\"https:\/\/wein-werte.com\/de\/produkt\/huet-le-mont-moelleux-2017-750ml\/\" \/>\n<meta property=\"og:site_name\" content=\"Wein Werte\" \/>\n<meta property=\"article:modified_time\" content=\"2026-05-12T17:59:55+00:00\" \/>\n<meta property=\"og:image\" content=\"https:\/\/wein-werte.com\/wp-content\/uploads\/2026\/04\/Huet-Le-Mont-Moelleux-2017-750ml.png\" \/>\n\t<meta property=\"og:image:width\" content=\"344\" \/>\n\t<meta property=\"og:image:height\" content=\"1200\" \/>\n\t<meta property=\"og:image:type\" content=\"image\/png\" \/>\n<meta name=\"twitter:card\" content=\"summary_large_image\" \/>\n<meta name=\"twitter:label1\" content=\"Gesch\u00e4tzte Lesezeit\" \/>\n\t<meta name=\"twitter:data1\" content=\"2\u00a0Minuten\" \/>\n<script type=\"application\/ld+json\" class=\"yoast-schema-graph\">{\"@context\":\"https:\\\/\\\/schema.org\",\"@graph\":[{\"@type\":\"WebPage\",\"@id\":\"https:\\\/\\\/wein-werte.com\\\/de\\\/produkt\\\/huet-le-mont-moelleux-2017-750ml\\\/\",\"url\":\"https:\\\/\\\/wein-werte.com\\\/de\\\/produkt\\\/huet-le-mont-moelleux-2017-750ml\\\/\",\"name\":\"Huet Le Mont Moelleux 2017\",\"isPartOf\":{\"@id\":\"https:\\\/\\\/wein-werte.com\\\/de\\\/#website\"},\"primaryImageOfPage\":{\"@id\":\"https:\\\/\\\/wein-werte.com\\\/de\\\/produkt\\\/huet-le-mont-moelleux-2017-750ml\\\/#primaryimage\"},\"image\":{\"@id\":\"https:\\\/\\\/wein-werte.com\\\/de\\\/produkt\\\/huet-le-mont-moelleux-2017-750ml\\\/#primaryimage\"},\"thumbnailUrl\":\"https:\\\/\\\/wein-werte.com\\\/wp-content\\\/uploads\\\/2026\\\/04\\\/Huet-Le-Mont-Moelleux-2017-750ml.png\",\"datePublished\":\"2026-05-12T13:58:43+00:00\",\"dateModified\":\"2026-05-12T17:59:55+00:00\",\"description\":\"Kaufe Huet Le Mont Moelleux 2017 (Chenin Blanc, s\u00fc\u00df aus Loire, Frankreich) bei Wein Werte, Ihrem nachhaltigen Onlineshop.\",\"breadcrumb\":{\"@id\":\"https:\\\/\\\/wein-werte.com\\\/de\\\/produkt\\\/huet-le-mont-moelleux-2017-750ml\\\/#breadcrumb\"},\"inLanguage\":\"de\",\"potentialAction\":[{\"@type\":\"ReadAction\",\"target\":[\"https:\\\/\\\/wein-werte.com\\\/de\\\/produkt\\\/huet-le-mont-moelleux-2017-750ml\\\/\"]}]},{\"@type\":\"ImageObject\",\"inLanguage\":\"de\",\"@id\":\"https:\\\/\\\/wein-werte.com\\\/de\\\/produkt\\\/huet-le-mont-moelleux-2017-750ml\\\/#primaryimage\",\"url\":\"https:\\\/\\\/wein-werte.com\\\/wp-content\\\/uploads\\\/2026\\\/04\\\/Huet-Le-Mont-Moelleux-2017-750ml.png\",\"contentUrl\":\"https:\\\/\\\/wein-werte.com\\\/wp-content\\\/uploads\\\/2026\\\/04\\\/Huet-Le-Mont-Moelleux-2017-750ml.png\",\"width\":344,\"height\":1200,\"caption\":\"Huet Le Mont Moelleux 2017 750ml\"},{\"@type\":\"BreadcrumbList\",\"@id\":\"https:\\\/\\\/wein-werte.com\\\/de\\\/produkt\\\/huet-le-mont-moelleux-2017-750ml\\\/#breadcrumb\",\"itemListElement\":[{\"@type\":\"ListItem\",\"position\":1,\"name\":\"Home\",\"item\":\"https:\\\/\\\/wein-werte.com\\\/de\\\/\"},{\"@type\":\"ListItem\",\"position\":2,\"name\":\"Shop\",\"item\":\"https:\\\/\\\/wein-werte.com\\\/de\\\/shop\\\/\"},{\"@type\":\"ListItem\",\"position\":3,\"name\":\"Huet | Loire | Le Mont Moelleux | 2017 | 750ml | bio\"}]},{\"@type\":\"WebSite\",\"@id\":\"https:\\\/\\\/wein-werte.com\\\/de\\\/#website\",\"url\":\"https:\\\/\\\/wein-werte.com\\\/de\\\/\",\"name\":\"Wein Werte\",\"description\":\"\",\"publisher\":{\"@id\":\"https:\\\/\\\/wein-werte.com\\\/de\\\/#organization\"},\"potentialAction\":[{\"@type\":\"SearchAction\",\"target\":{\"@type\":\"EntryPoint\",\"urlTemplate\":\"https:\\\/\\\/wein-werte.com\\\/de\\\/?s={search_term_string}\"},\"query-input\":{\"@type\":\"PropertyValueSpecification\",\"valueRequired\":true,\"valueName\":\"search_term_string\"}}],\"inLanguage\":\"de\"},{\"@type\":\"Organization\",\"@id\":\"https:\\\/\\\/wein-werte.com\\\/de\\\/#organization\",\"name\":\"Vins Fins Thorrold\",\"url\":\"https:\\\/\\\/wein-werte.com\\\/de\\\/\",\"logo\":{\"@type\":\"ImageObject\",\"inLanguage\":\"de\",\"@id\":\"https:\\\/\\\/wein-werte.com\\\/de\\\/#\\\/schema\\\/logo\\\/image\\\/\",\"url\":\"https:\\\/\\\/wein-werte.com\\\/wp-content\\\/uploads\\\/2023\\\/07\\\/Wein_werte_Logo700-1.png\",\"contentUrl\":\"https:\\\/\\\/wein-werte.com\\\/wp-content\\\/uploads\\\/2023\\\/07\\\/Wein_werte_Logo700-1.png\",\"width\":700,\"height\":272,\"caption\":\"Vins Fins Thorrold\"},\"image\":{\"@id\":\"https:\\\/\\\/wein-werte.com\\\/de\\\/#\\\/schema\\\/logo\\\/image\\\/\"}}]}<\/script>\n<!-- \/ Yoast SEO plugin. -->","yoast_head_json":{"title":"Huet Le Mont Moelleux 2017","description":"Kaufe Huet Le Mont Moelleux 2017 (Chenin Blanc, s\u00fc\u00df aus Loire, Frankreich) bei Wein Werte, Ihrem nachhaltigen Onlineshop.","robots":{"index":"index","follow":"follow","max-snippet":"max-snippet:-1","max-image-preview":"max-image-preview:large","max-video-preview":"max-video-preview:-1"},"canonical":"https:\/\/wein-werte.com\/de\/produkt\/huet-le-mont-moelleux-2017-750ml\/","og_locale":"de_DE","og_type":"article","og_title":"Huet Le Mont Moelleux 2017","og_description":"Kaufe Huet Le Mont Moelleux 2017 (Chenin Blanc, s\u00fc\u00df aus Loire, Frankreich) bei Wein Werte, Ihrem nachhaltigen Onlineshop.","og_url":"https:\/\/wein-werte.com\/de\/produkt\/huet-le-mont-moelleux-2017-750ml\/","og_site_name":"Wein Werte","article_modified_time":"2026-05-12T17:59:55+00:00","og_image":[{"width":344,"height":1200,"url":"https:\/\/wein-werte.com\/wp-content\/uploads\/2026\/04\/Huet-Le-Mont-Moelleux-2017-750ml.png","type":"image\/png"}],"twitter_card":"summary_large_image","twitter_misc":{"Gesch\u00e4tzte Lesezeit":"2\u00a0Minuten"},"schema":{"@context":"https:\/\/schema.org","@graph":[{"@type":"WebPage","@id":"https:\/\/wein-werte.com\/de\/produkt\/huet-le-mont-moelleux-2017-750ml\/","url":"https:\/\/wein-werte.com\/de\/produkt\/huet-le-mont-moelleux-2017-750ml\/","name":"Huet Le Mont Moelleux 2017","isPartOf":{"@id":"https:\/\/wein-werte.com\/de\/#website"},"primaryImageOfPage":{"@id":"https:\/\/wein-werte.com\/de\/produkt\/huet-le-mont-moelleux-2017-750ml\/#primaryimage"},"image":{"@id":"https:\/\/wein-werte.com\/de\/produkt\/huet-le-mont-moelleux-2017-750ml\/#primaryimage"},"thumbnailUrl":"https:\/\/wein-werte.com\/wp-content\/uploads\/2026\/04\/Huet-Le-Mont-Moelleux-2017-750ml.png","datePublished":"2026-05-12T13:58:43+00:00","dateModified":"2026-05-12T17:59:55+00:00","description":"Kaufe Huet Le Mont Moelleux 2017 (Chenin Blanc, s\u00fc\u00df aus Loire, Frankreich) bei Wein Werte, Ihrem nachhaltigen Onlineshop.","breadcrumb":{"@id":"https:\/\/wein-werte.com\/de\/produkt\/huet-le-mont-moelleux-2017-750ml\/#breadcrumb"},"inLanguage":"de","potentialAction":[{"@type":"ReadAction","target":["https:\/\/wein-werte.com\/de\/produkt\/huet-le-mont-moelleux-2017-750ml\/"]}]},{"@type":"ImageObject","inLanguage":"de","@id":"https:\/\/wein-werte.com\/de\/produkt\/huet-le-mont-moelleux-2017-750ml\/#primaryimage","url":"https:\/\/wein-werte.com\/wp-content\/uploads\/2026\/04\/Huet-Le-Mont-Moelleux-2017-750ml.png","contentUrl":"https:\/\/wein-werte.com\/wp-content\/uploads\/2026\/04\/Huet-Le-Mont-Moelleux-2017-750ml.png","width":344,"height":1200,"caption":"Huet Le Mont Moelleux 2017 750ml"},{"@type":"BreadcrumbList","@id":"https:\/\/wein-werte.com\/de\/produkt\/huet-le-mont-moelleux-2017-750ml\/#breadcrumb","itemListElement":[{"@type":"ListItem","position":1,"name":"Home","item":"https:\/\/wein-werte.com\/de\/"},{"@type":"ListItem","position":2,"name":"Shop","item":"https:\/\/wein-werte.com\/de\/shop\/"},{"@type":"ListItem","position":3,"name":"Huet | Loire | Le Mont Moelleux | 2017 | 750ml | bio"}]},{"@type":"WebSite","@id":"https:\/\/wein-werte.com\/de\/#website","url":"https:\/\/wein-werte.com\/de\/","name":"Wein Werte","description":"","publisher":{"@id":"https:\/\/wein-werte.com\/de\/#organization"},"potentialAction":[{"@type":"SearchAction","target":{"@type":"EntryPoint","urlTemplate":"https:\/\/wein-werte.com\/de\/?s={search_term_string}"},"query-input":{"@type":"PropertyValueSpecification","valueRequired":true,"valueName":"search_term_string"}}],"inLanguage":"de"},{"@type":"Organization","@id":"https:\/\/wein-werte.com\/de\/#organization","name":"Vins Fins Thorrold","url":"https:\/\/wein-werte.com\/de\/","logo":{"@type":"ImageObject","inLanguage":"de","@id":"https:\/\/wein-werte.com\/de\/#\/schema\/logo\/image\/","url":"https:\/\/wein-werte.com\/wp-content\/uploads\/2023\/07\/Wein_werte_Logo700-1.png","contentUrl":"https:\/\/wein-werte.com\/wp-content\/uploads\/2023\/07\/Wein_werte_Logo700-1.png","width":700,"height":272,"caption":"Vins Fins Thorrold"},"image":{"@id":"https:\/\/wein-werte.com\/de\/#\/schema\/logo\/image\/"}}]}},"_links":{"self":[{"href":"https:\/\/wein-werte.com\/de\/wp-json\/wp\/v2\/product\/1135667","targetHints":{"allow":["GET"]}}],"collection":[{"href":"https:\/\/wein-werte.com\/de\/wp-json\/wp\/v2\/product"}],"about":[{"href":"https:\/\/wein-werte.com\/de\/wp-json\/wp\/v2\/types\/product"}],"wp:featuredmedia":[{"embeddable":true,"href":"https:\/\/wein-werte.com\/de\/wp-json\/wp\/v2\/media\/1145580"}],"wp:attachment":[{"href":"https:\/\/wein-werte.com\/de\/wp-json\/wp\/v2\/media?parent=1135667"}],"wp:term":[{"taxonomy":"product_brand","embeddable":true,"href":"https:\/\/wein-werte.com\/de\/wp-json\/wp\/v2\/product_brand?post=1135667"},{"taxonomy":"product_cat","embeddable":true,"href":"https:\/\/wein-werte.com\/de\/wp-json\/wp\/v2\/product_cat?post=1135667"},{"taxonomy":"product_tag","embeddable":true,"href":"https:\/\/wein-werte.com\/de\/wp-json\/wp\/v2\/product_tag?post=1135667"}],"curies":[{"name":"wp","href":"https:\/\/api.w.org\/{rel}","templated":true}]}}