{"id":1135649,"date":"2026-05-05T18:34:25","date_gmt":"2026-05-05T16:34:25","guid":{"rendered":"https:\/\/wein-werte.com\/product\/huet-cuvee-constance-2015-500ml\/"},"modified":"2026-04-27T12:05:07","modified_gmt":"2026-04-27T10:05:07","slug":"huet-cuvee-constance-2015-500ml","status":"publish","type":"product","link":"https:\/\/wein-werte.com\/de\/produkt\/huet-cuvee-constance-2015-500ml\/","title":{"rendered":"Huet | Loire | Cuv\u00e9e Constance | 2015 | 500ml"},"content":{"rendered":"<p>Produktbeschreibung f\u00fcr Huet Cuv\u00e9e Constance 2015  <\/p>\n<h5>Farbe<\/h5>\n<p>In purem leuchtendem Gold mit dezent \u00f6liger Textur zeigt sich der Wein klar und gl\u00e4nzend im Glas.<\/p>\n<p>\u00a0<\/p>\n<h5>Nase<\/h5>\n<p>Die Nase geht auf fantastische Urlaubsreise und will nicht mehr vom Glas weichen. Pro Atemzug schie\u00dft eine F\u00fclle von assoziativen Bildern in den Kopf. Frisch gebackene Rhabarber-Baiser-Torte mit krossem Bl\u00e4tterteig. Tarte Tatin. Mit Akazienhonig kandierte Feigen und ger\u00f6stete Pinienkerne. Montelimar Nougat mit Datteln im Brioche. Dieser Vouvray steckt voller Intensit\u00e4t und Vitalit\u00e4t und strahlt doch eine in sich gekehrte Ruhe aus.<\/p>\n<p>\u00a0<\/p>\n<h5>Gaumen<\/h5>\n<p>Das fl\u00fcssige Gold des 2015 Cuv\u00e9e Constance der Domaine Huet entschleiert sich am Gaumen um all seine Finesse zu offenbaren. Dicht, f\u00fcllig und mit aromenpr\u00e4chtiger Strahlkraft gleitet der Wein den Rachen hinab. Hauchzarte S\u00e4ure gibt der ausgepr\u00e4gten S\u00fc\u00dfe freudigen Schwung. Im nicht enden wollenden Nachhall werden per Perspektivwechsel s\u00e4mtliche Aromen erneut von allen Seiten beleuchtet und klingen im Kanon langsam aus.<\/p>\n<p>Copyright Vinaturel 2025<\/p>\n<p>Keywords: <a href=\"https:\/\/wein-werte.com\/de\/shop\/?swoof=1&#038;pa_producer=Huet\">Huet<\/a> <a href=\"https:\/\/wein-werte.com\/de\/shop\/?swoof=1&#038;woof_text=Cuv\u00e9e Constance\">Cuv\u00e9e Constance<\/a> 2015  <a href=\"https:\/\/wein-werte.com\/de\/shop\/?swoof=1&#038;pa_region=Loire\">Loire<\/a> <a href=\"https:\/\/wein-werte.com\/de\/shop\/?swoof=1&#038;pa_country=Frankreich\">Frankreich<\/a><\/p>\n<h3>Wine Advocate<\/h3>\n<p>Punkte: 98<\/p>\n<p>Die orangefarbene Vouvray Cuv\u00e9e Constance 2015 pr\u00e4sentiert ein klares, frisches, reines und konzentriertes Bouquet von getrockneten Aprikosen, Quitten, Pumpernickel, Honig, gr\u00fcnem Feigen-Chutney, Orangentee, schwarzer Schokolade mit Bitterorange und roten Pfefferbeeren. Am Gaumen pr\u00e4sentiert sich dieser Wein vital, frisch, geradlinig, rein, dicht gewoben und salzig edels\u00fc\u00df mit gro\u00dfer, fast elektrisierender Spannung, Finesse und Vitalit\u00e4t. Die Frucht ist \u00fcppig und dicht, doch der mineralische Griff und die S\u00e4ure sind atemberaubend. Dieser Wein wird noch viele Jahre von seinem H\u00f6hepunkt entfernt sein, aber er ist eine weitere faszinierende Cuv\u00e9e de Constance. Verkostet im M\u00e4rz 2019.<br \/>Stephan Reinhardt<\/p>\n<p>Internetseite des Weinguts: <a href=\"https:\/\/www.domainehuet.com\/\" target=\"_blank\">https:\/\/www.domainehuet.com\/<\/a><\/p>\n","protected":false},"excerpt":{"rendered":"<p>Lieferzeit: 1 bis 2 Arbeitstage (DE), 2 bis 5 Arbeitstage (EU and CH)<\/p>\n","protected":false},"featured_media":1145568,"template":"","meta":[],"product_brand":[],"product_cat":[19],"product_tag":[],"class_list":{"0":"post-1135649","1":"product","2":"type-product","3":"status-publish","4":"has-post-thumbnail","6":"product_cat-unkategorisiert","7":"pa_alcohol-for-filter-11-5","8":"pa_certified-biodynamic-nein-de","9":"pa_certified-organic-nein-de","10":"pa_colour-weiss","11":"pa_country-frankreich","12":"pa_grape-chenin-blanc","13":"pa_parker-points-for-filter-98-de-2","14":"pa_price-for-filter-10596","15":"pa_producer-huet","16":"pa_region-loire","17":"pa_size-ml-7001","18":"pa_sweetness-suess-de","19":"pa_type-2-still-de","20":"pa_vintage-2015-de","21":"entry","22":"has-media","24":"first","25":"instock","26":"taxable","27":"shipping-taxable","28":"purchasable","29":"product-type-simple"},"yoast_head":"<!-- This site is optimized with the Yoast SEO plugin v27.5 - https:\/\/yoast.com\/product\/yoast-seo-wordpress\/ -->\n<title>Huet Cuv\u00e9e Constance 2015, 500ml<\/title>\n<meta name=\"description\" content=\"Kaufe Huet Cuv\u00e9e Constance 2015 (Chenin Blanc, s\u00fc\u00df aus Loire, Frankreich) bei Wein Werte, Ihrem nachhaltigen Onlineshop.\" \/>\n<meta name=\"robots\" content=\"index, follow, max-snippet:-1, max-image-preview:large, max-video-preview:-1\" \/>\n<link rel=\"canonical\" href=\"https:\/\/wein-werte.com\/de\/produkt\/huet-cuvee-constance-2015-500ml\/\" \/>\n<meta property=\"og:locale\" content=\"de_DE\" \/>\n<meta property=\"og:type\" content=\"article\" \/>\n<meta property=\"og:title\" content=\"Huet Cuv\u00e9e Constance 2015, 500ml\" \/>\n<meta property=\"og:description\" content=\"Kaufe Huet Cuv\u00e9e Constance 2015 (Chenin Blanc, s\u00fc\u00df aus Loire, Frankreich) bei Wein Werte, Ihrem nachhaltigen Onlineshop.\" \/>\n<meta property=\"og:url\" content=\"https:\/\/wein-werte.com\/de\/produkt\/huet-cuvee-constance-2015-500ml\/\" \/>\n<meta property=\"og:site_name\" content=\"Wein Werte\" \/>\n<meta property=\"og:image\" content=\"https:\/\/wein-werte.com\/wp-content\/uploads\/2026\/04\/Huet-Cuvee-Constance-2015-500ml.png\" \/>\n\t<meta property=\"og:image:width\" content=\"262\" \/>\n\t<meta property=\"og:image:height\" content=\"1200\" \/>\n\t<meta property=\"og:image:type\" content=\"image\/png\" \/>\n<meta name=\"twitter:card\" content=\"summary_large_image\" \/>\n<meta name=\"twitter:label1\" content=\"Gesch\u00e4tzte Lesezeit\" \/>\n\t<meta name=\"twitter:data1\" content=\"1\u00a0Minute\" \/>\n<script type=\"application\/ld+json\" class=\"yoast-schema-graph\">{\"@context\":\"https:\\\/\\\/schema.org\",\"@graph\":[{\"@type\":\"WebPage\",\"@id\":\"https:\\\/\\\/wein-werte.com\\\/de\\\/produkt\\\/huet-cuvee-constance-2015-500ml\\\/\",\"url\":\"https:\\\/\\\/wein-werte.com\\\/de\\\/produkt\\\/huet-cuvee-constance-2015-500ml\\\/\",\"name\":\"Huet Cuv\u00e9e Constance 2015, 500ml\",\"isPartOf\":{\"@id\":\"https:\\\/\\\/wein-werte.com\\\/de\\\/#website\"},\"primaryImageOfPage\":{\"@id\":\"https:\\\/\\\/wein-werte.com\\\/de\\\/produkt\\\/huet-cuvee-constance-2015-500ml\\\/#primaryimage\"},\"image\":{\"@id\":\"https:\\\/\\\/wein-werte.com\\\/de\\\/produkt\\\/huet-cuvee-constance-2015-500ml\\\/#primaryimage\"},\"thumbnailUrl\":\"https:\\\/\\\/wein-werte.com\\\/wp-content\\\/uploads\\\/2026\\\/04\\\/Huet-Cuvee-Constance-2015-500ml.png\",\"datePublished\":\"2026-05-05T16:34:25+00:00\",\"description\":\"Kaufe Huet Cuv\u00e9e Constance 2015 (Chenin Blanc, s\u00fc\u00df aus Loire, Frankreich) bei Wein Werte, Ihrem nachhaltigen Onlineshop.\",\"breadcrumb\":{\"@id\":\"https:\\\/\\\/wein-werte.com\\\/de\\\/produkt\\\/huet-cuvee-constance-2015-500ml\\\/#breadcrumb\"},\"inLanguage\":\"de\",\"potentialAction\":[{\"@type\":\"ReadAction\",\"target\":[\"https:\\\/\\\/wein-werte.com\\\/de\\\/produkt\\\/huet-cuvee-constance-2015-500ml\\\/\"]}]},{\"@type\":\"ImageObject\",\"inLanguage\":\"de\",\"@id\":\"https:\\\/\\\/wein-werte.com\\\/de\\\/produkt\\\/huet-cuvee-constance-2015-500ml\\\/#primaryimage\",\"url\":\"https:\\\/\\\/wein-werte.com\\\/wp-content\\\/uploads\\\/2026\\\/04\\\/Huet-Cuvee-Constance-2015-500ml.png\",\"contentUrl\":\"https:\\\/\\\/wein-werte.com\\\/wp-content\\\/uploads\\\/2026\\\/04\\\/Huet-Cuvee-Constance-2015-500ml.png\",\"width\":262,\"height\":1200,\"caption\":\"Huet Cuv\u00e9e Constance 2015 500ml\"},{\"@type\":\"BreadcrumbList\",\"@id\":\"https:\\\/\\\/wein-werte.com\\\/de\\\/produkt\\\/huet-cuvee-constance-2015-500ml\\\/#breadcrumb\",\"itemListElement\":[{\"@type\":\"ListItem\",\"position\":1,\"name\":\"Home\",\"item\":\"https:\\\/\\\/wein-werte.com\\\/de\\\/\"},{\"@type\":\"ListItem\",\"position\":2,\"name\":\"Shop\",\"item\":\"https:\\\/\\\/wein-werte.com\\\/de\\\/shop\\\/\"},{\"@type\":\"ListItem\",\"position\":3,\"name\":\"Huet | Loire | Cuv\u00e9e Constance | 2015 | 500ml\"}]},{\"@type\":\"WebSite\",\"@id\":\"https:\\\/\\\/wein-werte.com\\\/de\\\/#website\",\"url\":\"https:\\\/\\\/wein-werte.com\\\/de\\\/\",\"name\":\"Wein Werte\",\"description\":\"\",\"publisher\":{\"@id\":\"https:\\\/\\\/wein-werte.com\\\/de\\\/#organization\"},\"potentialAction\":[{\"@type\":\"SearchAction\",\"target\":{\"@type\":\"EntryPoint\",\"urlTemplate\":\"https:\\\/\\\/wein-werte.com\\\/de\\\/?s={search_term_string}\"},\"query-input\":{\"@type\":\"PropertyValueSpecification\",\"valueRequired\":true,\"valueName\":\"search_term_string\"}}],\"inLanguage\":\"de\"},{\"@type\":\"Organization\",\"@id\":\"https:\\\/\\\/wein-werte.com\\\/de\\\/#organization\",\"name\":\"Vins Fins Thorrold\",\"url\":\"https:\\\/\\\/wein-werte.com\\\/de\\\/\",\"logo\":{\"@type\":\"ImageObject\",\"inLanguage\":\"de\",\"@id\":\"https:\\\/\\\/wein-werte.com\\\/de\\\/#\\\/schema\\\/logo\\\/image\\\/\",\"url\":\"https:\\\/\\\/wein-werte.com\\\/wp-content\\\/uploads\\\/2023\\\/07\\\/Wein_werte_Logo700-1.png\",\"contentUrl\":\"https:\\\/\\\/wein-werte.com\\\/wp-content\\\/uploads\\\/2023\\\/07\\\/Wein_werte_Logo700-1.png\",\"width\":700,\"height\":272,\"caption\":\"Vins Fins Thorrold\"},\"image\":{\"@id\":\"https:\\\/\\\/wein-werte.com\\\/de\\\/#\\\/schema\\\/logo\\\/image\\\/\"}}]}<\/script>\n<!-- \/ Yoast SEO plugin. -->","yoast_head_json":{"title":"Huet Cuv\u00e9e Constance 2015, 500ml","description":"Kaufe Huet Cuv\u00e9e Constance 2015 (Chenin Blanc, s\u00fc\u00df aus Loire, Frankreich) bei Wein Werte, Ihrem nachhaltigen Onlineshop.","robots":{"index":"index","follow":"follow","max-snippet":"max-snippet:-1","max-image-preview":"max-image-preview:large","max-video-preview":"max-video-preview:-1"},"canonical":"https:\/\/wein-werte.com\/de\/produkt\/huet-cuvee-constance-2015-500ml\/","og_locale":"de_DE","og_type":"article","og_title":"Huet Cuv\u00e9e Constance 2015, 500ml","og_description":"Kaufe Huet Cuv\u00e9e Constance 2015 (Chenin Blanc, s\u00fc\u00df aus Loire, Frankreich) bei Wein Werte, Ihrem nachhaltigen Onlineshop.","og_url":"https:\/\/wein-werte.com\/de\/produkt\/huet-cuvee-constance-2015-500ml\/","og_site_name":"Wein Werte","og_image":[{"width":262,"height":1200,"url":"https:\/\/wein-werte.com\/wp-content\/uploads\/2026\/04\/Huet-Cuvee-Constance-2015-500ml.png","type":"image\/png"}],"twitter_card":"summary_large_image","twitter_misc":{"Gesch\u00e4tzte Lesezeit":"1\u00a0Minute"},"schema":{"@context":"https:\/\/schema.org","@graph":[{"@type":"WebPage","@id":"https:\/\/wein-werte.com\/de\/produkt\/huet-cuvee-constance-2015-500ml\/","url":"https:\/\/wein-werte.com\/de\/produkt\/huet-cuvee-constance-2015-500ml\/","name":"Huet Cuv\u00e9e Constance 2015, 500ml","isPartOf":{"@id":"https:\/\/wein-werte.com\/de\/#website"},"primaryImageOfPage":{"@id":"https:\/\/wein-werte.com\/de\/produkt\/huet-cuvee-constance-2015-500ml\/#primaryimage"},"image":{"@id":"https:\/\/wein-werte.com\/de\/produkt\/huet-cuvee-constance-2015-500ml\/#primaryimage"},"thumbnailUrl":"https:\/\/wein-werte.com\/wp-content\/uploads\/2026\/04\/Huet-Cuvee-Constance-2015-500ml.png","datePublished":"2026-05-05T16:34:25+00:00","description":"Kaufe Huet Cuv\u00e9e Constance 2015 (Chenin Blanc, s\u00fc\u00df aus Loire, Frankreich) bei Wein Werte, Ihrem nachhaltigen Onlineshop.","breadcrumb":{"@id":"https:\/\/wein-werte.com\/de\/produkt\/huet-cuvee-constance-2015-500ml\/#breadcrumb"},"inLanguage":"de","potentialAction":[{"@type":"ReadAction","target":["https:\/\/wein-werte.com\/de\/produkt\/huet-cuvee-constance-2015-500ml\/"]}]},{"@type":"ImageObject","inLanguage":"de","@id":"https:\/\/wein-werte.com\/de\/produkt\/huet-cuvee-constance-2015-500ml\/#primaryimage","url":"https:\/\/wein-werte.com\/wp-content\/uploads\/2026\/04\/Huet-Cuvee-Constance-2015-500ml.png","contentUrl":"https:\/\/wein-werte.com\/wp-content\/uploads\/2026\/04\/Huet-Cuvee-Constance-2015-500ml.png","width":262,"height":1200,"caption":"Huet Cuv\u00e9e Constance 2015 500ml"},{"@type":"BreadcrumbList","@id":"https:\/\/wein-werte.com\/de\/produkt\/huet-cuvee-constance-2015-500ml\/#breadcrumb","itemListElement":[{"@type":"ListItem","position":1,"name":"Home","item":"https:\/\/wein-werte.com\/de\/"},{"@type":"ListItem","position":2,"name":"Shop","item":"https:\/\/wein-werte.com\/de\/shop\/"},{"@type":"ListItem","position":3,"name":"Huet | Loire | Cuv\u00e9e Constance | 2015 | 500ml"}]},{"@type":"WebSite","@id":"https:\/\/wein-werte.com\/de\/#website","url":"https:\/\/wein-werte.com\/de\/","name":"Wein Werte","description":"","publisher":{"@id":"https:\/\/wein-werte.com\/de\/#organization"},"potentialAction":[{"@type":"SearchAction","target":{"@type":"EntryPoint","urlTemplate":"https:\/\/wein-werte.com\/de\/?s={search_term_string}"},"query-input":{"@type":"PropertyValueSpecification","valueRequired":true,"valueName":"search_term_string"}}],"inLanguage":"de"},{"@type":"Organization","@id":"https:\/\/wein-werte.com\/de\/#organization","name":"Vins Fins Thorrold","url":"https:\/\/wein-werte.com\/de\/","logo":{"@type":"ImageObject","inLanguage":"de","@id":"https:\/\/wein-werte.com\/de\/#\/schema\/logo\/image\/","url":"https:\/\/wein-werte.com\/wp-content\/uploads\/2023\/07\/Wein_werte_Logo700-1.png","contentUrl":"https:\/\/wein-werte.com\/wp-content\/uploads\/2023\/07\/Wein_werte_Logo700-1.png","width":700,"height":272,"caption":"Vins Fins Thorrold"},"image":{"@id":"https:\/\/wein-werte.com\/de\/#\/schema\/logo\/image\/"}}]}},"_links":{"self":[{"href":"https:\/\/wein-werte.com\/de\/wp-json\/wp\/v2\/product\/1135649","targetHints":{"allow":["GET"]}}],"collection":[{"href":"https:\/\/wein-werte.com\/de\/wp-json\/wp\/v2\/product"}],"about":[{"href":"https:\/\/wein-werte.com\/de\/wp-json\/wp\/v2\/types\/product"}],"wp:featuredmedia":[{"embeddable":true,"href":"https:\/\/wein-werte.com\/de\/wp-json\/wp\/v2\/media\/1145568"}],"wp:attachment":[{"href":"https:\/\/wein-werte.com\/de\/wp-json\/wp\/v2\/media?parent=1135649"}],"wp:term":[{"taxonomy":"product_brand","embeddable":true,"href":"https:\/\/wein-werte.com\/de\/wp-json\/wp\/v2\/product_brand?post=1135649"},{"taxonomy":"product_cat","embeddable":true,"href":"https:\/\/wein-werte.com\/de\/wp-json\/wp\/v2\/product_cat?post=1135649"},{"taxonomy":"product_tag","embeddable":true,"href":"https:\/\/wein-werte.com\/de\/wp-json\/wp\/v2\/product_tag?post=1135649"}],"curies":[{"name":"wp","href":"https:\/\/api.w.org\/{rel}","templated":true}]}}