{"id":1135640,"date":"2026-05-05T18:34:25","date_gmt":"2026-05-05T16:34:25","guid":{"rendered":"https:\/\/wein-werte.com\/product\/huet-le-mont-moelleux-1995-750ml\/"},"modified":"2026-04-27T12:05:05","modified_gmt":"2026-04-27T10:05:05","slug":"huet-le-mont-moelleux-1995-750ml","status":"publish","type":"product","link":"https:\/\/wein-werte.com\/de\/produkt\/huet-le-mont-moelleux-1995-750ml\/","title":{"rendered":"Huet | Loire | Le Mont Moelleux | 1995 | 750ml | bio"},"content":{"rendered":"<p>Produktbeschreibung f\u00fcr Huet Le Mont Moelleux 1995 (bio)<\/p>\n<p> Christoph Raffelt:Am Gaumen ist der 2017er Le Mont Moelleux schon jetzt beeindruckend komplex. Die 53 Gramm S\u00fc\u00dfe wirken hier keinesfalls aufdringlich, eher im Gegenteil fragt man sich, wo er die \u00fcberhaupt versteckt hat, so klar wird die S\u00fc\u00dfe von den 4,9 Gramm S\u00e4ure balanciert. Der Wein ist \u00fcberaus stimmig und pr\u00e4zise. Vor allem die S\u00e4urestruktur und die vitale Mineralit\u00e4t begeistern, ebenso die feinen Noten indischer Gew\u00fcrze, herber Orangen und steiniger Komponenten. Im langen Finale dann erscheint die an Honig erinnernde S\u00fc\u00dfe, gepaart mit Salzmandeln, in einem furiosen, langen Finale. Was f\u00fcr ein stimmiger Wein und was f\u00fcr ein Potential! <\/p>\n<h5>Farbe<\/h5>\n<p> Goldgelb mit leuchtenden Reflexen, strahlend und klar. <\/p>\n<h5>Nase<\/h5>\n<p> Der 1995 Le Mont Moelleux von der Domaine Huet \u00fcberw\u00e4ltigt einen f\u00f6rmlich mit seinen komplexen Aromen, die wie ein Laser aus dem Kelche strahlen: Die tiefe, gelbfruchtige Nase erscheint einem zun\u00e4chst h\u00f6chst komplex, fast bolide, bis sie sich fein parzelliert wie ein Kaleidoskop das stets neue Muster schafft. In der Kopfnote zarte florale Aromen nach Orangenzesten und Akazienbl\u00fcte, in der Herznote gelbe Fr\u00fcchte wie Quitten, vollreife Birnen und gelbes D\u00f6rrobst. Die fruchtig opulenten Aromen werden erg\u00e4nzt durch dezent w\u00fcrzige, \u00e4therische Noten nach Rosmarin, Kerbel, etwas englischem Sellerie sowie einer Handvoll Currybl\u00e4ttern nebst Honigwabe und Salzkaramell. <\/p>\n<h5>Mund<\/h5>\n<p> Am Gaumen strahlt der Wein minimalistisch frisch mit erstaunlich schlanker Statur. Die Opulenz der Nase verstrafft sich mit jedem Schluck zu einem druckvoll-mineralischem Trunk, der durch pr\u00e4zise gezeichnete Kontur das Glas unerbittlich nachf\u00fcllen l\u00e4sst. Ein zarte Phenolik gibt ihm Schliff und konturiert ihn im Schlund, die reife und unglaublich lange S\u00e4ure sorgt f\u00fcr Spannung und immense L\u00e4nge. Der Wein hat eine dramatische Grundvibration die sich schlecht in Worte, aber sehr wohl in Gl\u00e4ser fassen l\u00e4sst. \u00c4therisch k\u00fchler Nachhall mit fettem Bass.<\/p>\n<p>Copyright Vinaturel 2025<\/p>\n<p>Keywords: <a href=\"https:\/\/wein-werte.com\/de\/shop\/?swoof=1&#038;pa_producer=Huet\">Huet<\/a> <a href=\"https:\/\/wein-werte.com\/de\/shop\/?swoof=1&#038;woof_text=Le Mont Moelleux\">Le Mont Moelleux<\/a> 1995 bio <a href=\"https:\/\/wein-werte.com\/de\/shop\/?swoof=1&#038;pa_region=Loire\">Loire<\/a> <a href=\"https:\/\/wein-werte.com\/de\/shop\/?swoof=1&#038;pa_country=Frankreich\">Frankreich<\/a><\/p>\n<h3>Wine Advocate<\/h3>\n<p>Punkte: 94+?<\/p>\n<p>Der gelbgoldene 1995er Vouvray le Mont Moelleux ist superklar und pikant in der w\u00fcrzig-pfeffrigen Nase mit seiner perfekt reifen und eleganten, perfekt ausgewogenen Frucht. Am Gaumen zeigt er die gleiche Balance, die die reiche S\u00fc\u00dfe und das pikante und unendlich salzige Le Mont-Terroir ausdr\u00fcckt. Abgesehen vom Scharzhofberg und anderen Wiltinger Terroirs mit rotem Schiefer kenne ich kein Terroir, das die S\u00fc\u00dfe so gut absorbiert wie der Mont. F\u00fcgt man Alkohol, F\u00fclle und Tannine, charmantere Steinfr\u00fcchte und Herbst statt Fr\u00fchling hinzu, kommt man dem Chenin aus Vouvrays Le Mont-Terroir n\u00e4her als dem Riesling aus dem gr\u00f6\u00dften Terroir der Saar. Eleganz und Balance sowie Vitalit\u00e4t und Spannung sind hier gro\u00dfartig. Das weitere Alterungspotenzial d\u00fcrfte 20, wahrscheinlich sogar mehr Jahre betragen. Allerdings habe ich nicht den besten Korken gezogen. Oben war es schwarz und auch unten drinnen war es sehr feucht.<br \/>Stephan Reinhardt<\/p>\n<p>Internetseite des Weinguts: <a href=\"https:\/\/www.domainehuet.com\/\" target=\"_blank\">https:\/\/www.domainehuet.com\/<\/a><\/p>\n","protected":false},"excerpt":{"rendered":"<p>Lieferzeit: 1 bis 2 Arbeitstage (DE), 2 bis 5 Arbeitstage (EU and CH)<\/p>\n","protected":false},"featured_media":1145562,"template":"","meta":[],"product_brand":[],"product_cat":[19],"product_tag":[],"class_list":{"0":"post-1135640","1":"product","2":"type-product","3":"status-publish","4":"has-post-thumbnail","6":"product_cat-unkategorisiert","7":"pa_alcohol-for-filter-12893","8":"pa_certified-biodynamic-ja-de","9":"pa_certified-organic-ja-de","10":"pa_colour-weiss","11":"pa_country-frankreich","12":"pa_grape-chenin-blanc","13":"pa_parker-points-for-filter-94-de-2","14":"pa_price-for-filter-10690","15":"pa_producer-huet","16":"pa_region-loire","17":"pa_size-ml-6584","18":"pa_sweetness-lieblich-de-2","19":"pa_type-2-still-de","20":"pa_vintage-1995-de","21":"entry","22":"has-media","24":"first","25":"instock","26":"taxable","27":"shipping-taxable","28":"purchasable","29":"product-type-simple"},"yoast_head":"<!-- This site is optimized with the Yoast SEO plugin v27.5 - https:\/\/yoast.com\/product\/yoast-seo-wordpress\/ -->\n<title>Huet Le Mont Moelleux 1995<\/title>\n<meta name=\"description\" content=\"Kaufe Huet Le Mont Moelleux 1995 (Chenin Blanc, lieblich aus Loire, Frankreich) bei Wein Werte, Ihrem nachhaltigen Onlineshop.\" \/>\n<meta name=\"robots\" content=\"index, follow, max-snippet:-1, max-image-preview:large, max-video-preview:-1\" \/>\n<link rel=\"canonical\" href=\"https:\/\/wein-werte.com\/de\/produkt\/huet-le-mont-moelleux-1995-750ml\/\" \/>\n<meta property=\"og:locale\" content=\"de_DE\" \/>\n<meta property=\"og:type\" content=\"article\" \/>\n<meta property=\"og:title\" content=\"Huet Le Mont Moelleux 1995\" \/>\n<meta property=\"og:description\" content=\"Kaufe Huet Le Mont Moelleux 1995 (Chenin Blanc, lieblich aus Loire, Frankreich) bei Wein Werte, Ihrem nachhaltigen Onlineshop.\" \/>\n<meta property=\"og:url\" content=\"https:\/\/wein-werte.com\/de\/produkt\/huet-le-mont-moelleux-1995-750ml\/\" \/>\n<meta property=\"og:site_name\" content=\"Wein Werte\" \/>\n<meta property=\"og:image\" content=\"https:\/\/wein-werte.com\/wp-content\/uploads\/2026\/04\/Huet-Le-Mont-Moelleux-1995-750ml.png\" \/>\n\t<meta property=\"og:image:width\" content=\"346\" \/>\n\t<meta property=\"og:image:height\" content=\"1200\" \/>\n\t<meta property=\"og:image:type\" content=\"image\/png\" \/>\n<meta name=\"twitter:card\" content=\"summary_large_image\" \/>\n<meta name=\"twitter:label1\" content=\"Gesch\u00e4tzte Lesezeit\" \/>\n\t<meta name=\"twitter:data1\" content=\"2\u00a0Minuten\" \/>\n<script type=\"application\/ld+json\" class=\"yoast-schema-graph\">{\"@context\":\"https:\\\/\\\/schema.org\",\"@graph\":[{\"@type\":\"WebPage\",\"@id\":\"https:\\\/\\\/wein-werte.com\\\/de\\\/produkt\\\/huet-le-mont-moelleux-1995-750ml\\\/\",\"url\":\"https:\\\/\\\/wein-werte.com\\\/de\\\/produkt\\\/huet-le-mont-moelleux-1995-750ml\\\/\",\"name\":\"Huet Le Mont Moelleux 1995\",\"isPartOf\":{\"@id\":\"https:\\\/\\\/wein-werte.com\\\/de\\\/#website\"},\"primaryImageOfPage\":{\"@id\":\"https:\\\/\\\/wein-werte.com\\\/de\\\/produkt\\\/huet-le-mont-moelleux-1995-750ml\\\/#primaryimage\"},\"image\":{\"@id\":\"https:\\\/\\\/wein-werte.com\\\/de\\\/produkt\\\/huet-le-mont-moelleux-1995-750ml\\\/#primaryimage\"},\"thumbnailUrl\":\"https:\\\/\\\/wein-werte.com\\\/wp-content\\\/uploads\\\/2026\\\/04\\\/Huet-Le-Mont-Moelleux-1995-750ml.png\",\"datePublished\":\"2026-05-05T16:34:25+00:00\",\"description\":\"Kaufe Huet Le Mont Moelleux 1995 (Chenin Blanc, lieblich aus Loire, Frankreich) bei Wein Werte, Ihrem nachhaltigen Onlineshop.\",\"breadcrumb\":{\"@id\":\"https:\\\/\\\/wein-werte.com\\\/de\\\/produkt\\\/huet-le-mont-moelleux-1995-750ml\\\/#breadcrumb\"},\"inLanguage\":\"de\",\"potentialAction\":[{\"@type\":\"ReadAction\",\"target\":[\"https:\\\/\\\/wein-werte.com\\\/de\\\/produkt\\\/huet-le-mont-moelleux-1995-750ml\\\/\"]}]},{\"@type\":\"ImageObject\",\"inLanguage\":\"de\",\"@id\":\"https:\\\/\\\/wein-werte.com\\\/de\\\/produkt\\\/huet-le-mont-moelleux-1995-750ml\\\/#primaryimage\",\"url\":\"https:\\\/\\\/wein-werte.com\\\/wp-content\\\/uploads\\\/2026\\\/04\\\/Huet-Le-Mont-Moelleux-1995-750ml.png\",\"contentUrl\":\"https:\\\/\\\/wein-werte.com\\\/wp-content\\\/uploads\\\/2026\\\/04\\\/Huet-Le-Mont-Moelleux-1995-750ml.png\",\"width\":346,\"height\":1200,\"caption\":\"Huet Le Mont Moelleux 1995 750ml\"},{\"@type\":\"BreadcrumbList\",\"@id\":\"https:\\\/\\\/wein-werte.com\\\/de\\\/produkt\\\/huet-le-mont-moelleux-1995-750ml\\\/#breadcrumb\",\"itemListElement\":[{\"@type\":\"ListItem\",\"position\":1,\"name\":\"Home\",\"item\":\"https:\\\/\\\/wein-werte.com\\\/de\\\/\"},{\"@type\":\"ListItem\",\"position\":2,\"name\":\"Shop\",\"item\":\"https:\\\/\\\/wein-werte.com\\\/de\\\/shop\\\/\"},{\"@type\":\"ListItem\",\"position\":3,\"name\":\"Huet | Loire | Le Mont Moelleux | 1995 | 750ml | bio\"}]},{\"@type\":\"WebSite\",\"@id\":\"https:\\\/\\\/wein-werte.com\\\/de\\\/#website\",\"url\":\"https:\\\/\\\/wein-werte.com\\\/de\\\/\",\"name\":\"Wein Werte\",\"description\":\"\",\"publisher\":{\"@id\":\"https:\\\/\\\/wein-werte.com\\\/de\\\/#organization\"},\"potentialAction\":[{\"@type\":\"SearchAction\",\"target\":{\"@type\":\"EntryPoint\",\"urlTemplate\":\"https:\\\/\\\/wein-werte.com\\\/de\\\/?s={search_term_string}\"},\"query-input\":{\"@type\":\"PropertyValueSpecification\",\"valueRequired\":true,\"valueName\":\"search_term_string\"}}],\"inLanguage\":\"de\"},{\"@type\":\"Organization\",\"@id\":\"https:\\\/\\\/wein-werte.com\\\/de\\\/#organization\",\"name\":\"Vins Fins Thorrold\",\"url\":\"https:\\\/\\\/wein-werte.com\\\/de\\\/\",\"logo\":{\"@type\":\"ImageObject\",\"inLanguage\":\"de\",\"@id\":\"https:\\\/\\\/wein-werte.com\\\/de\\\/#\\\/schema\\\/logo\\\/image\\\/\",\"url\":\"https:\\\/\\\/wein-werte.com\\\/wp-content\\\/uploads\\\/2023\\\/07\\\/Wein_werte_Logo700-1.png\",\"contentUrl\":\"https:\\\/\\\/wein-werte.com\\\/wp-content\\\/uploads\\\/2023\\\/07\\\/Wein_werte_Logo700-1.png\",\"width\":700,\"height\":272,\"caption\":\"Vins Fins Thorrold\"},\"image\":{\"@id\":\"https:\\\/\\\/wein-werte.com\\\/de\\\/#\\\/schema\\\/logo\\\/image\\\/\"}}]}<\/script>\n<!-- \/ Yoast SEO plugin. -->","yoast_head_json":{"title":"Huet Le Mont Moelleux 1995","description":"Kaufe Huet Le Mont Moelleux 1995 (Chenin Blanc, lieblich aus Loire, Frankreich) bei Wein Werte, Ihrem nachhaltigen Onlineshop.","robots":{"index":"index","follow":"follow","max-snippet":"max-snippet:-1","max-image-preview":"max-image-preview:large","max-video-preview":"max-video-preview:-1"},"canonical":"https:\/\/wein-werte.com\/de\/produkt\/huet-le-mont-moelleux-1995-750ml\/","og_locale":"de_DE","og_type":"article","og_title":"Huet Le Mont Moelleux 1995","og_description":"Kaufe Huet Le Mont Moelleux 1995 (Chenin Blanc, lieblich aus Loire, Frankreich) bei Wein Werte, Ihrem nachhaltigen Onlineshop.","og_url":"https:\/\/wein-werte.com\/de\/produkt\/huet-le-mont-moelleux-1995-750ml\/","og_site_name":"Wein Werte","og_image":[{"width":346,"height":1200,"url":"https:\/\/wein-werte.com\/wp-content\/uploads\/2026\/04\/Huet-Le-Mont-Moelleux-1995-750ml.png","type":"image\/png"}],"twitter_card":"summary_large_image","twitter_misc":{"Gesch\u00e4tzte Lesezeit":"2\u00a0Minuten"},"schema":{"@context":"https:\/\/schema.org","@graph":[{"@type":"WebPage","@id":"https:\/\/wein-werte.com\/de\/produkt\/huet-le-mont-moelleux-1995-750ml\/","url":"https:\/\/wein-werte.com\/de\/produkt\/huet-le-mont-moelleux-1995-750ml\/","name":"Huet Le Mont Moelleux 1995","isPartOf":{"@id":"https:\/\/wein-werte.com\/de\/#website"},"primaryImageOfPage":{"@id":"https:\/\/wein-werte.com\/de\/produkt\/huet-le-mont-moelleux-1995-750ml\/#primaryimage"},"image":{"@id":"https:\/\/wein-werte.com\/de\/produkt\/huet-le-mont-moelleux-1995-750ml\/#primaryimage"},"thumbnailUrl":"https:\/\/wein-werte.com\/wp-content\/uploads\/2026\/04\/Huet-Le-Mont-Moelleux-1995-750ml.png","datePublished":"2026-05-05T16:34:25+00:00","description":"Kaufe Huet Le Mont Moelleux 1995 (Chenin Blanc, lieblich aus Loire, Frankreich) bei Wein Werte, Ihrem nachhaltigen Onlineshop.","breadcrumb":{"@id":"https:\/\/wein-werte.com\/de\/produkt\/huet-le-mont-moelleux-1995-750ml\/#breadcrumb"},"inLanguage":"de","potentialAction":[{"@type":"ReadAction","target":["https:\/\/wein-werte.com\/de\/produkt\/huet-le-mont-moelleux-1995-750ml\/"]}]},{"@type":"ImageObject","inLanguage":"de","@id":"https:\/\/wein-werte.com\/de\/produkt\/huet-le-mont-moelleux-1995-750ml\/#primaryimage","url":"https:\/\/wein-werte.com\/wp-content\/uploads\/2026\/04\/Huet-Le-Mont-Moelleux-1995-750ml.png","contentUrl":"https:\/\/wein-werte.com\/wp-content\/uploads\/2026\/04\/Huet-Le-Mont-Moelleux-1995-750ml.png","width":346,"height":1200,"caption":"Huet Le Mont Moelleux 1995 750ml"},{"@type":"BreadcrumbList","@id":"https:\/\/wein-werte.com\/de\/produkt\/huet-le-mont-moelleux-1995-750ml\/#breadcrumb","itemListElement":[{"@type":"ListItem","position":1,"name":"Home","item":"https:\/\/wein-werte.com\/de\/"},{"@type":"ListItem","position":2,"name":"Shop","item":"https:\/\/wein-werte.com\/de\/shop\/"},{"@type":"ListItem","position":3,"name":"Huet | Loire | Le Mont Moelleux | 1995 | 750ml | bio"}]},{"@type":"WebSite","@id":"https:\/\/wein-werte.com\/de\/#website","url":"https:\/\/wein-werte.com\/de\/","name":"Wein Werte","description":"","publisher":{"@id":"https:\/\/wein-werte.com\/de\/#organization"},"potentialAction":[{"@type":"SearchAction","target":{"@type":"EntryPoint","urlTemplate":"https:\/\/wein-werte.com\/de\/?s={search_term_string}"},"query-input":{"@type":"PropertyValueSpecification","valueRequired":true,"valueName":"search_term_string"}}],"inLanguage":"de"},{"@type":"Organization","@id":"https:\/\/wein-werte.com\/de\/#organization","name":"Vins Fins Thorrold","url":"https:\/\/wein-werte.com\/de\/","logo":{"@type":"ImageObject","inLanguage":"de","@id":"https:\/\/wein-werte.com\/de\/#\/schema\/logo\/image\/","url":"https:\/\/wein-werte.com\/wp-content\/uploads\/2023\/07\/Wein_werte_Logo700-1.png","contentUrl":"https:\/\/wein-werte.com\/wp-content\/uploads\/2023\/07\/Wein_werte_Logo700-1.png","width":700,"height":272,"caption":"Vins Fins Thorrold"},"image":{"@id":"https:\/\/wein-werte.com\/de\/#\/schema\/logo\/image\/"}}]}},"_links":{"self":[{"href":"https:\/\/wein-werte.com\/de\/wp-json\/wp\/v2\/product\/1135640","targetHints":{"allow":["GET"]}}],"collection":[{"href":"https:\/\/wein-werte.com\/de\/wp-json\/wp\/v2\/product"}],"about":[{"href":"https:\/\/wein-werte.com\/de\/wp-json\/wp\/v2\/types\/product"}],"wp:featuredmedia":[{"embeddable":true,"href":"https:\/\/wein-werte.com\/de\/wp-json\/wp\/v2\/media\/1145562"}],"wp:attachment":[{"href":"https:\/\/wein-werte.com\/de\/wp-json\/wp\/v2\/media?parent=1135640"}],"wp:term":[{"taxonomy":"product_brand","embeddable":true,"href":"https:\/\/wein-werte.com\/de\/wp-json\/wp\/v2\/product_brand?post=1135640"},{"taxonomy":"product_cat","embeddable":true,"href":"https:\/\/wein-werte.com\/de\/wp-json\/wp\/v2\/product_cat?post=1135640"},{"taxonomy":"product_tag","embeddable":true,"href":"https:\/\/wein-werte.com\/de\/wp-json\/wp\/v2\/product_tag?post=1135640"}],"curies":[{"name":"wp","href":"https:\/\/api.w.org\/{rel}","templated":true}]}}