{"id":1135634,"date":"2026-05-05T18:32:39","date_gmt":"2026-05-05T16:32:39","guid":{"rendered":"https:\/\/wein-werte.com\/product\/huet-le-clos-du-bourg-moelleux-1ere-trie-1997-750ml\/"},"modified":"2026-04-27T12:05:04","modified_gmt":"2026-04-27T10:05:04","slug":"huet-le-clos-du-bourg-moelleux-1ere-trie-1997-750ml","status":"publish","type":"product","link":"https:\/\/wein-werte.com\/de\/produkt\/huet-le-clos-du-bourg-moelleux-1ere-trie-1997-750ml\/","title":{"rendered":"Huet | Loire | Le Clos du Bourg Moelleux 1\u00e8re Trie  | 1997 | 750ml | bio"},"content":{"rendered":"<p>Produktbeschreibung f\u00fcr Huet Le Clos du Bourg Moelleux 1\u00e8re Trie  1997 (bio)<\/p>\n<p> Die Weine des Hauses Huet sind sowohl in ihrer Qualit\u00e4t, wie auch in ihrer Stilistik einzig-artig. Waren seine Weine schon lange die Aush\u00e4ngeschilder des Vouvray, so bescheini-gen ihnen Kenner seit der konsequenten Umstellung auf Biodynamie noch mehr Finesse und Eleganz. Die unglaubliche, nahezu messer-scharfe Pr\u00e4zision der Huet-Weine \u00fcberzeugt Genie\u00dfer rund um den Globus, auch nach Jahren der Reife. Gerade Chenin Blanc eignet sich hierf\u00fcr bestens, hat sie doch eine \u00e4hnliche Struktur, Rasse und Alterungsf\u00e4higkeit wie der Riesling. Auf der Domaine Huet wird in den drei Lagen Le Haut-Lieu, Le Clos du Bourg und Le Mont ausschlie\u00dflich Chenin Blanc in verschiedenen Variationen angebaut: Sec, Demi Sec, Mouelleux sowie Cr\u00e9mants unterschiedli-cher Stilrichtung. Hier zeigt diese Traubensorte ihr ganzes Potenzial, die wahrlich keinen Vergleich mit gro\u00dfen Rieslingen scheuen muss. <\/p>\n<p>Copyright Vinaturel 2025<\/p>\n<p>Keywords: <a href=\"https:\/\/wein-werte.com\/de\/shop\/?swoof=1&#038;pa_producer=Huet\">Huet<\/a> <a href=\"https:\/\/wein-werte.com\/de\/shop\/?swoof=1&#038;woof_text=Le Clos du Bourg Moelleux 1\u00e8re Trie \">Le Clos du Bourg Moelleux 1\u00e8re Trie <\/a> 1997 bio <a href=\"https:\/\/wein-werte.com\/de\/shop\/?swoof=1&#038;pa_region=Loire\">Loire<\/a> <a href=\"https:\/\/wein-werte.com\/de\/shop\/?swoof=1&#038;pa_country=Frankreich\">Frankreich<\/a><\/p>\n<p>Internetseite des Weinguts: <a href=\"https:\/\/www.domainehuet.com\/\" target=\"_blank\">https:\/\/www.domainehuet.com\/<\/a><\/p>\n","protected":false},"excerpt":{"rendered":"<p>Lieferzeit: 1 bis 2 Arbeitstage (DE), 2 bis 5 Arbeitstage (EU and CH)<\/p>\n","protected":false},"featured_media":1145558,"template":"","meta":[],"product_brand":[],"product_cat":[19],"product_tag":[],"class_list":{"0":"post-1135634","1":"product","2":"type-product","3":"status-publish","4":"has-post-thumbnail","6":"product_cat-unkategorisiert","7":"pa_alcohol-for-filter-12-5","8":"pa_certified-biodynamic-ja-de","9":"pa_certified-organic-ja-de","10":"pa_colour-weiss","11":"pa_country-frankreich","12":"pa_grape-chenin-blanc","13":"pa_price-for-filter-10700","14":"pa_producer-huet","15":"pa_region-loire","16":"pa_size-ml-6584","17":"pa_sweetness-suess-de","18":"pa_type-2-still-de","19":"pa_vintage-1997-de","20":"entry","21":"has-media","23":"first","24":"instock","25":"taxable","26":"shipping-taxable","27":"purchasable","28":"product-type-simple"},"yoast_head":"<!-- This site is optimized with the Yoast SEO plugin v27.5 - https:\/\/yoast.com\/product\/yoast-seo-wordpress\/ -->\n<title>Huet Le Clos du Bourg Moelleux 1\u00e8re Trie 1997<\/title>\n<meta name=\"description\" content=\"Kaufe Huet Le Clos du Bourg Moelleux 1\u00e8re Trie 1997 (Chenin Blanc, s\u00fc\u00df aus Loire, Frankreich) bei Wein Werte, Ihrem nachhaltigen Onlineshop.\" \/>\n<meta name=\"robots\" content=\"index, follow, max-snippet:-1, max-image-preview:large, max-video-preview:-1\" \/>\n<link rel=\"canonical\" href=\"https:\/\/wein-werte.com\/de\/produkt\/huet-le-clos-du-bourg-moelleux-1ere-trie-1997-750ml\/\" \/>\n<meta property=\"og:locale\" content=\"de_DE\" \/>\n<meta property=\"og:type\" content=\"article\" \/>\n<meta property=\"og:title\" content=\"Huet Le Clos du Bourg Moelleux 1\u00e8re Trie 1997\" \/>\n<meta property=\"og:description\" content=\"Kaufe Huet Le Clos du Bourg Moelleux 1\u00e8re Trie 1997 (Chenin Blanc, s\u00fc\u00df aus Loire, Frankreich) bei Wein Werte, Ihrem nachhaltigen Onlineshop.\" \/>\n<meta property=\"og:url\" content=\"https:\/\/wein-werte.com\/de\/produkt\/huet-le-clos-du-bourg-moelleux-1ere-trie-1997-750ml\/\" \/>\n<meta property=\"og:site_name\" content=\"Wein Werte\" \/>\n<meta property=\"og:image\" content=\"https:\/\/wein-werte.com\/wp-content\/uploads\/2026\/04\/Huet-Le-Clos-du-Bourg-Moelleux-1ere-Trie-1997-750ml.png\" \/>\n\t<meta property=\"og:image:width\" content=\"344\" \/>\n\t<meta property=\"og:image:height\" content=\"1200\" \/>\n\t<meta property=\"og:image:type\" content=\"image\/png\" \/>\n<meta name=\"twitter:card\" content=\"summary_large_image\" \/>\n<meta name=\"twitter:label1\" content=\"Gesch\u00e4tzte Lesezeit\" \/>\n\t<meta name=\"twitter:data1\" content=\"1\u00a0Minute\" \/>\n<script type=\"application\/ld+json\" class=\"yoast-schema-graph\">{\"@context\":\"https:\\\/\\\/schema.org\",\"@graph\":[{\"@type\":\"WebPage\",\"@id\":\"https:\\\/\\\/wein-werte.com\\\/de\\\/produkt\\\/huet-le-clos-du-bourg-moelleux-1ere-trie-1997-750ml\\\/\",\"url\":\"https:\\\/\\\/wein-werte.com\\\/de\\\/produkt\\\/huet-le-clos-du-bourg-moelleux-1ere-trie-1997-750ml\\\/\",\"name\":\"Huet Le Clos du Bourg Moelleux 1\u00e8re Trie 1997\",\"isPartOf\":{\"@id\":\"https:\\\/\\\/wein-werte.com\\\/de\\\/#website\"},\"primaryImageOfPage\":{\"@id\":\"https:\\\/\\\/wein-werte.com\\\/de\\\/produkt\\\/huet-le-clos-du-bourg-moelleux-1ere-trie-1997-750ml\\\/#primaryimage\"},\"image\":{\"@id\":\"https:\\\/\\\/wein-werte.com\\\/de\\\/produkt\\\/huet-le-clos-du-bourg-moelleux-1ere-trie-1997-750ml\\\/#primaryimage\"},\"thumbnailUrl\":\"https:\\\/\\\/wein-werte.com\\\/wp-content\\\/uploads\\\/2026\\\/04\\\/Huet-Le-Clos-du-Bourg-Moelleux-1ere-Trie-1997-750ml.png\",\"datePublished\":\"2026-05-05T16:32:39+00:00\",\"description\":\"Kaufe Huet Le Clos du Bourg Moelleux 1\u00e8re Trie 1997 (Chenin Blanc, s\u00fc\u00df aus Loire, Frankreich) bei Wein Werte, Ihrem nachhaltigen Onlineshop.\",\"breadcrumb\":{\"@id\":\"https:\\\/\\\/wein-werte.com\\\/de\\\/produkt\\\/huet-le-clos-du-bourg-moelleux-1ere-trie-1997-750ml\\\/#breadcrumb\"},\"inLanguage\":\"de\",\"potentialAction\":[{\"@type\":\"ReadAction\",\"target\":[\"https:\\\/\\\/wein-werte.com\\\/de\\\/produkt\\\/huet-le-clos-du-bourg-moelleux-1ere-trie-1997-750ml\\\/\"]}]},{\"@type\":\"ImageObject\",\"inLanguage\":\"de\",\"@id\":\"https:\\\/\\\/wein-werte.com\\\/de\\\/produkt\\\/huet-le-clos-du-bourg-moelleux-1ere-trie-1997-750ml\\\/#primaryimage\",\"url\":\"https:\\\/\\\/wein-werte.com\\\/wp-content\\\/uploads\\\/2026\\\/04\\\/Huet-Le-Clos-du-Bourg-Moelleux-1ere-Trie-1997-750ml.png\",\"contentUrl\":\"https:\\\/\\\/wein-werte.com\\\/wp-content\\\/uploads\\\/2026\\\/04\\\/Huet-Le-Clos-du-Bourg-Moelleux-1ere-Trie-1997-750ml.png\",\"width\":344,\"height\":1200,\"caption\":\"Huet Le Clos du Bourg Moelleux 1\u00e8re Trie 1997 750ml\"},{\"@type\":\"BreadcrumbList\",\"@id\":\"https:\\\/\\\/wein-werte.com\\\/de\\\/produkt\\\/huet-le-clos-du-bourg-moelleux-1ere-trie-1997-750ml\\\/#breadcrumb\",\"itemListElement\":[{\"@type\":\"ListItem\",\"position\":1,\"name\":\"Home\",\"item\":\"https:\\\/\\\/wein-werte.com\\\/de\\\/\"},{\"@type\":\"ListItem\",\"position\":2,\"name\":\"Shop\",\"item\":\"https:\\\/\\\/wein-werte.com\\\/de\\\/shop\\\/\"},{\"@type\":\"ListItem\",\"position\":3,\"name\":\"Huet | Loire | Le Clos du Bourg Moelleux 1\u00e8re Trie | 1997 | 750ml | bio\"}]},{\"@type\":\"WebSite\",\"@id\":\"https:\\\/\\\/wein-werte.com\\\/de\\\/#website\",\"url\":\"https:\\\/\\\/wein-werte.com\\\/de\\\/\",\"name\":\"Wein Werte\",\"description\":\"\",\"publisher\":{\"@id\":\"https:\\\/\\\/wein-werte.com\\\/de\\\/#organization\"},\"potentialAction\":[{\"@type\":\"SearchAction\",\"target\":{\"@type\":\"EntryPoint\",\"urlTemplate\":\"https:\\\/\\\/wein-werte.com\\\/de\\\/?s={search_term_string}\"},\"query-input\":{\"@type\":\"PropertyValueSpecification\",\"valueRequired\":true,\"valueName\":\"search_term_string\"}}],\"inLanguage\":\"de\"},{\"@type\":\"Organization\",\"@id\":\"https:\\\/\\\/wein-werte.com\\\/de\\\/#organization\",\"name\":\"Vins Fins Thorrold\",\"url\":\"https:\\\/\\\/wein-werte.com\\\/de\\\/\",\"logo\":{\"@type\":\"ImageObject\",\"inLanguage\":\"de\",\"@id\":\"https:\\\/\\\/wein-werte.com\\\/de\\\/#\\\/schema\\\/logo\\\/image\\\/\",\"url\":\"https:\\\/\\\/wein-werte.com\\\/wp-content\\\/uploads\\\/2023\\\/07\\\/Wein_werte_Logo700-1.png\",\"contentUrl\":\"https:\\\/\\\/wein-werte.com\\\/wp-content\\\/uploads\\\/2023\\\/07\\\/Wein_werte_Logo700-1.png\",\"width\":700,\"height\":272,\"caption\":\"Vins Fins Thorrold\"},\"image\":{\"@id\":\"https:\\\/\\\/wein-werte.com\\\/de\\\/#\\\/schema\\\/logo\\\/image\\\/\"}}]}<\/script>\n<!-- \/ Yoast SEO plugin. -->","yoast_head_json":{"title":"Huet Le Clos du Bourg Moelleux 1\u00e8re Trie 1997","description":"Kaufe Huet Le Clos du Bourg Moelleux 1\u00e8re Trie 1997 (Chenin Blanc, s\u00fc\u00df aus Loire, Frankreich) bei Wein Werte, Ihrem nachhaltigen Onlineshop.","robots":{"index":"index","follow":"follow","max-snippet":"max-snippet:-1","max-image-preview":"max-image-preview:large","max-video-preview":"max-video-preview:-1"},"canonical":"https:\/\/wein-werte.com\/de\/produkt\/huet-le-clos-du-bourg-moelleux-1ere-trie-1997-750ml\/","og_locale":"de_DE","og_type":"article","og_title":"Huet Le Clos du Bourg Moelleux 1\u00e8re Trie 1997","og_description":"Kaufe Huet Le Clos du Bourg Moelleux 1\u00e8re Trie 1997 (Chenin Blanc, s\u00fc\u00df aus Loire, Frankreich) bei Wein Werte, Ihrem nachhaltigen Onlineshop.","og_url":"https:\/\/wein-werte.com\/de\/produkt\/huet-le-clos-du-bourg-moelleux-1ere-trie-1997-750ml\/","og_site_name":"Wein Werte","og_image":[{"width":344,"height":1200,"url":"https:\/\/wein-werte.com\/wp-content\/uploads\/2026\/04\/Huet-Le-Clos-du-Bourg-Moelleux-1ere-Trie-1997-750ml.png","type":"image\/png"}],"twitter_card":"summary_large_image","twitter_misc":{"Gesch\u00e4tzte Lesezeit":"1\u00a0Minute"},"schema":{"@context":"https:\/\/schema.org","@graph":[{"@type":"WebPage","@id":"https:\/\/wein-werte.com\/de\/produkt\/huet-le-clos-du-bourg-moelleux-1ere-trie-1997-750ml\/","url":"https:\/\/wein-werte.com\/de\/produkt\/huet-le-clos-du-bourg-moelleux-1ere-trie-1997-750ml\/","name":"Huet Le Clos du Bourg Moelleux 1\u00e8re Trie 1997","isPartOf":{"@id":"https:\/\/wein-werte.com\/de\/#website"},"primaryImageOfPage":{"@id":"https:\/\/wein-werte.com\/de\/produkt\/huet-le-clos-du-bourg-moelleux-1ere-trie-1997-750ml\/#primaryimage"},"image":{"@id":"https:\/\/wein-werte.com\/de\/produkt\/huet-le-clos-du-bourg-moelleux-1ere-trie-1997-750ml\/#primaryimage"},"thumbnailUrl":"https:\/\/wein-werte.com\/wp-content\/uploads\/2026\/04\/Huet-Le-Clos-du-Bourg-Moelleux-1ere-Trie-1997-750ml.png","datePublished":"2026-05-05T16:32:39+00:00","description":"Kaufe Huet Le Clos du Bourg Moelleux 1\u00e8re Trie 1997 (Chenin Blanc, s\u00fc\u00df aus Loire, Frankreich) bei Wein Werte, Ihrem nachhaltigen Onlineshop.","breadcrumb":{"@id":"https:\/\/wein-werte.com\/de\/produkt\/huet-le-clos-du-bourg-moelleux-1ere-trie-1997-750ml\/#breadcrumb"},"inLanguage":"de","potentialAction":[{"@type":"ReadAction","target":["https:\/\/wein-werte.com\/de\/produkt\/huet-le-clos-du-bourg-moelleux-1ere-trie-1997-750ml\/"]}]},{"@type":"ImageObject","inLanguage":"de","@id":"https:\/\/wein-werte.com\/de\/produkt\/huet-le-clos-du-bourg-moelleux-1ere-trie-1997-750ml\/#primaryimage","url":"https:\/\/wein-werte.com\/wp-content\/uploads\/2026\/04\/Huet-Le-Clos-du-Bourg-Moelleux-1ere-Trie-1997-750ml.png","contentUrl":"https:\/\/wein-werte.com\/wp-content\/uploads\/2026\/04\/Huet-Le-Clos-du-Bourg-Moelleux-1ere-Trie-1997-750ml.png","width":344,"height":1200,"caption":"Huet Le Clos du Bourg Moelleux 1\u00e8re Trie 1997 750ml"},{"@type":"BreadcrumbList","@id":"https:\/\/wein-werte.com\/de\/produkt\/huet-le-clos-du-bourg-moelleux-1ere-trie-1997-750ml\/#breadcrumb","itemListElement":[{"@type":"ListItem","position":1,"name":"Home","item":"https:\/\/wein-werte.com\/de\/"},{"@type":"ListItem","position":2,"name":"Shop","item":"https:\/\/wein-werte.com\/de\/shop\/"},{"@type":"ListItem","position":3,"name":"Huet | Loire | Le Clos du Bourg Moelleux 1\u00e8re Trie | 1997 | 750ml | bio"}]},{"@type":"WebSite","@id":"https:\/\/wein-werte.com\/de\/#website","url":"https:\/\/wein-werte.com\/de\/","name":"Wein Werte","description":"","publisher":{"@id":"https:\/\/wein-werte.com\/de\/#organization"},"potentialAction":[{"@type":"SearchAction","target":{"@type":"EntryPoint","urlTemplate":"https:\/\/wein-werte.com\/de\/?s={search_term_string}"},"query-input":{"@type":"PropertyValueSpecification","valueRequired":true,"valueName":"search_term_string"}}],"inLanguage":"de"},{"@type":"Organization","@id":"https:\/\/wein-werte.com\/de\/#organization","name":"Vins Fins Thorrold","url":"https:\/\/wein-werte.com\/de\/","logo":{"@type":"ImageObject","inLanguage":"de","@id":"https:\/\/wein-werte.com\/de\/#\/schema\/logo\/image\/","url":"https:\/\/wein-werte.com\/wp-content\/uploads\/2023\/07\/Wein_werte_Logo700-1.png","contentUrl":"https:\/\/wein-werte.com\/wp-content\/uploads\/2023\/07\/Wein_werte_Logo700-1.png","width":700,"height":272,"caption":"Vins Fins Thorrold"},"image":{"@id":"https:\/\/wein-werte.com\/de\/#\/schema\/logo\/image\/"}}]}},"_links":{"self":[{"href":"https:\/\/wein-werte.com\/de\/wp-json\/wp\/v2\/product\/1135634","targetHints":{"allow":["GET"]}}],"collection":[{"href":"https:\/\/wein-werte.com\/de\/wp-json\/wp\/v2\/product"}],"about":[{"href":"https:\/\/wein-werte.com\/de\/wp-json\/wp\/v2\/types\/product"}],"wp:featuredmedia":[{"embeddable":true,"href":"https:\/\/wein-werte.com\/de\/wp-json\/wp\/v2\/media\/1145558"}],"wp:attachment":[{"href":"https:\/\/wein-werte.com\/de\/wp-json\/wp\/v2\/media?parent=1135634"}],"wp:term":[{"taxonomy":"product_brand","embeddable":true,"href":"https:\/\/wein-werte.com\/de\/wp-json\/wp\/v2\/product_brand?post=1135634"},{"taxonomy":"product_cat","embeddable":true,"href":"https:\/\/wein-werte.com\/de\/wp-json\/wp\/v2\/product_cat?post=1135634"},{"taxonomy":"product_tag","embeddable":true,"href":"https:\/\/wein-werte.com\/de\/wp-json\/wp\/v2\/product_tag?post=1135634"}],"curies":[{"name":"wp","href":"https:\/\/api.w.org\/{rel}","templated":true}]}}