{"id":1135621,"date":"2026-05-05T18:32:39","date_gmt":"2026-05-05T16:32:39","guid":{"rendered":"https:\/\/wein-werte.com\/product\/trapet-alsace-riesling-schoenenbourg-grand-cru-sel-2021-750ml\/"},"modified":"2026-04-27T12:05:02","modified_gmt":"2026-04-27T10:05:02","slug":"trapet-alsace-riesling-schoenenbourg-grand-cru-sel-2021-750ml","status":"publish","type":"product","link":"https:\/\/wein-werte.com\/de\/produkt\/trapet-alsace-riesling-schoenenbourg-grand-cru-sel-2021-750ml\/","title":{"rendered":"Trapet Alsace | Elsass | Riesling Schoenenbourg Grand Cru &#8220;SEL&#8221; | 2021 | 750ml | bio"},"content":{"rendered":"<p>Produktbeschreibung f\u00fcr Trapet Alsace Riesling Schoenenbourg Grand Cru &#8220;SEL&#8221; 2021 (bio) <\/p>\n<h5>Info zum Wein<\/h5>\n<p> Der n\u00f6rdlich von Riquewihr gelegene Weinberg verl\u00e4uft entlang der eher steilen S\u00fcd- und S\u00fcdostflanken des Schoenenbourg-H\u00fcgels auf einer H\u00f6he von 265 bis 380 Metern \u00fcber eine Fl\u00e4che von \u00fcber 50ha. Die Cuv\u00e9e \u201cSel\u201d liegt im mittleren Teil des Schoenenbourg, der Boden stammt aus dem Zeitalter des Trias und ist von Keuper und Mergel gepr\u00e4gt, enth\u00e4lt aber keinen Gips. <\/p>\n<h5>Farbe<\/h5>\n<p> Helles Goldgelb. <\/p>\n<h5>Nase<\/h5>\n<p> Der 2021er Schoenenbourg Riesling Grand Cru \u201cSel\u201d zeigt sich mit wundersch\u00f6ner Frucht von Grapefruit, Pfirsich, Zitronat und Nektarine. Mit Sauerstoffkontakt treten Aromen von Engelwurz, Eisenkraut kandiertem Ingwer und Baumbl\u00fcte hinzu. Ein sehr vielschichtiger Duft, der die Karaffe einfordert. <\/p>\n<h5>Gaumen<\/h5>\n<p> Am Gaumen, zeigt er sich mit k\u00fchler Frische, vielen Kr\u00e4utern und belebender S\u00e4ure, die sehr sch\u00f6n in den Fruchtschmelz eingebettet ist. Die betonte Salzigkeit und der feine Gerbstoff fassen ihn markant ein und regen zu einem weiteren Schluck an. Gerichte mit fruchtigen und Einfl\u00fcssen und Kr\u00e4utern sind hier Trumpf, gerne mit cremigen Saucen <\/p>\n<p>Copyright Vinaturel 2025<\/p>\n<p>Keywords: <a href=\"https:\/\/wein-werte.com\/de\/shop\/?swoof=1&#038;pa_producer=Trapet-Alsace\">Trapet Alsace<\/a> <a href=\"https:\/\/wein-werte.com\/de\/shop\/?swoof=1&#038;woof_text=Riesling Schoenenbourg Grand Cru \"SEL\"\">Riesling Schoenenbourg Grand Cru &#8220;SEL&#8221;<\/a> 2021 bio <a href=\"https:\/\/wein-werte.com\/de\/shop\/?swoof=1&#038;pa_region=Elsass\">Elsass<\/a> <a href=\"https:\/\/wein-werte.com\/de\/shop\/?swoof=1&#038;pa_country=Frankreich\">Frankreich<\/a><\/p>\n<h3>Wine Advocate<\/h3>\n<p>Punkte: 96+<\/p>\n<p>Der Schoenenbourg Riesling Sel 2021 stammt aus dem mittleren Teil der Lage und wurde vollst\u00e4ndig auf Keuper angebaut. Er er\u00f6ffnet mit einem sehr intensiven, aber reinen, jodhaltigen Duft, der perfekt reife und konzentrierte Frucht- und Kr\u00e4uternoten erkennen l\u00e4sst und den k\u00fchlen Charakter von Jahrgang und Lage widerspiegelt. Dieser Riesling ist lebendig und finessenreich, am Gaumen recht intensiv und kraftvoll und im Abgang subtil konzentriert und salzig, zugleich w\u00fcrzig und wieder verj\u00fcngend. Faszinierend. Naturkork. Verkostung im April 2024 auf dem Weingut.<br \/>Stephan Reinhardt<\/p>\n<h3>Vinous<\/h3>\n<p>Punkte: 94<\/p>\n<p>Der Riesling Cuv\u00e9e Sel Schoenenbourg Grand Cru 2021 ist der zentrale Teil des Schoenenbourg auf Mergel. Die Nase ist cremig und sanft mit einem gelben Apfel, der gerade reif, saftig und doch zart ist. Am Gaumen ist er ebenso cremig, hat aber eine kristallklare S\u00e4ure, eine glockenartige, sonore Helligkeit, die eher durch S\u00e4ure als durch Klang zu vibrieren scheint. Dennoch ist alles ged\u00e4mpft und geschmeidig. Reine Claude Plum lockt schon von Weitem. Geben Sie ihm Zeit. Das ist Sanftheit in Flaschen. (Knochentrocken) \u2013 Anne Krebiehl MW<br \/>Trinkfenster: 2026\u20132055<br \/>Testdatum: April 2024<\/p>\n<p>Internetseite des Weinguts: <a href=\"http:\/\/www.domaine-trapet.fr\/alsace\/passions-quand-tu-nous-tiens.html\" target=\"_blank\">http:\/\/www.domaine-trapet.fr\/alsace\/passions-quand-tu-nous-tiens.html<\/a><\/p>\n","protected":false},"excerpt":{"rendered":"<p>Lieferzeit: 1 bis 2 Arbeitstage (DE), 2 bis 5 Arbeitstage (EU and CH)<\/p>\n","protected":false},"featured_media":1145548,"template":"","meta":[],"product_brand":[],"product_cat":[19],"product_tag":[],"class_list":{"0":"post-1135621","1":"product","2":"type-product","3":"status-publish","4":"has-post-thumbnail","6":"product_cat-unkategorisiert","7":"pa_alcohol-for-filter-13-5","8":"pa_certified-biodynamic-nein-de","9":"pa_certified-organic-ja-de","10":"pa_colour-weiss","11":"pa_country-frankreich","12":"pa_grape-riesling","13":"pa_parker-points-for-filter-96-de-2","14":"pa_price-for-filter-10565","15":"pa_producer-trapet-alsace","16":"pa_region-elsass","17":"pa_size-ml-6584","18":"pa_sweetness-trocken-de","19":"pa_type-2-still-de","20":"pa_vinous-points-for-filter-20033","21":"pa_vintage-2021-de","22":"entry","23":"has-media","25":"first","26":"instock","27":"taxable","28":"shipping-taxable","29":"purchasable","30":"product-type-simple"},"yoast_head":"<!-- This site is optimized with the Yoast SEO plugin v27.5 - https:\/\/yoast.com\/product\/yoast-seo-wordpress\/ -->\n<title>Trapet Alsace Riesling Schoenenbourg Grand Cru &quot;SEL&quot; 2021<\/title>\n<meta name=\"description\" content=\"Kaufe Trapet Alsace Riesling Schoenenbourg Grand Cru &quot;SEL&quot; 2021 (Riesling, trocken aus Elsass, Frankreich) bei Wein Werte, Ihrem nachhaltigen Onlineshop.\" \/>\n<meta name=\"robots\" content=\"index, follow, max-snippet:-1, max-image-preview:large, max-video-preview:-1\" \/>\n<link rel=\"canonical\" href=\"https:\/\/wein-werte.com\/de\/produkt\/trapet-alsace-riesling-schoenenbourg-grand-cru-sel-2021-750ml\/\" \/>\n<meta property=\"og:locale\" content=\"de_DE\" \/>\n<meta property=\"og:type\" content=\"article\" \/>\n<meta property=\"og:title\" content=\"Trapet Alsace Riesling Schoenenbourg Grand Cru &quot;SEL&quot; 2021\" \/>\n<meta property=\"og:description\" content=\"Kaufe Trapet Alsace Riesling Schoenenbourg Grand Cru &quot;SEL&quot; 2021 (Riesling, trocken aus Elsass, Frankreich) bei Wein Werte, Ihrem nachhaltigen Onlineshop.\" \/>\n<meta property=\"og:url\" content=\"https:\/\/wein-werte.com\/de\/produkt\/trapet-alsace-riesling-schoenenbourg-grand-cru-sel-2021-750ml\/\" \/>\n<meta property=\"og:site_name\" content=\"Wein Werte\" \/>\n<meta property=\"og:image\" content=\"https:\/\/wein-werte.com\/wp-content\/uploads\/2026\/04\/Trapet-Alsace-Riesling-Schoenenbourg-Grand-Cru-SEL-2021-750ml.png\" \/>\n\t<meta property=\"og:image:width\" content=\"270\" \/>\n\t<meta property=\"og:image:height\" content=\"1200\" \/>\n\t<meta property=\"og:image:type\" content=\"image\/png\" \/>\n<meta name=\"twitter:card\" content=\"summary_large_image\" \/>\n<meta name=\"twitter:label1\" content=\"Gesch\u00e4tzte Lesezeit\" \/>\n\t<meta name=\"twitter:data1\" content=\"2\u00a0Minuten\" \/>\n<script type=\"application\/ld+json\" class=\"yoast-schema-graph\">{\"@context\":\"https:\\\/\\\/schema.org\",\"@graph\":[{\"@type\":\"WebPage\",\"@id\":\"https:\\\/\\\/wein-werte.com\\\/de\\\/produkt\\\/trapet-alsace-riesling-schoenenbourg-grand-cru-sel-2021-750ml\\\/\",\"url\":\"https:\\\/\\\/wein-werte.com\\\/de\\\/produkt\\\/trapet-alsace-riesling-schoenenbourg-grand-cru-sel-2021-750ml\\\/\",\"name\":\"Trapet Alsace Riesling Schoenenbourg Grand Cru \\\"SEL\\\" 2021\",\"isPartOf\":{\"@id\":\"https:\\\/\\\/wein-werte.com\\\/de\\\/#website\"},\"primaryImageOfPage\":{\"@id\":\"https:\\\/\\\/wein-werte.com\\\/de\\\/produkt\\\/trapet-alsace-riesling-schoenenbourg-grand-cru-sel-2021-750ml\\\/#primaryimage\"},\"image\":{\"@id\":\"https:\\\/\\\/wein-werte.com\\\/de\\\/produkt\\\/trapet-alsace-riesling-schoenenbourg-grand-cru-sel-2021-750ml\\\/#primaryimage\"},\"thumbnailUrl\":\"https:\\\/\\\/wein-werte.com\\\/wp-content\\\/uploads\\\/2026\\\/04\\\/Trapet-Alsace-Riesling-Schoenenbourg-Grand-Cru-SEL-2021-750ml.png\",\"datePublished\":\"2026-05-05T16:32:39+00:00\",\"description\":\"Kaufe Trapet Alsace Riesling Schoenenbourg Grand Cru \\\"SEL\\\" 2021 (Riesling, trocken aus Elsass, Frankreich) bei Wein Werte, Ihrem nachhaltigen Onlineshop.\",\"breadcrumb\":{\"@id\":\"https:\\\/\\\/wein-werte.com\\\/de\\\/produkt\\\/trapet-alsace-riesling-schoenenbourg-grand-cru-sel-2021-750ml\\\/#breadcrumb\"},\"inLanguage\":\"de\",\"potentialAction\":[{\"@type\":\"ReadAction\",\"target\":[\"https:\\\/\\\/wein-werte.com\\\/de\\\/produkt\\\/trapet-alsace-riesling-schoenenbourg-grand-cru-sel-2021-750ml\\\/\"]}]},{\"@type\":\"ImageObject\",\"inLanguage\":\"de\",\"@id\":\"https:\\\/\\\/wein-werte.com\\\/de\\\/produkt\\\/trapet-alsace-riesling-schoenenbourg-grand-cru-sel-2021-750ml\\\/#primaryimage\",\"url\":\"https:\\\/\\\/wein-werte.com\\\/wp-content\\\/uploads\\\/2026\\\/04\\\/Trapet-Alsace-Riesling-Schoenenbourg-Grand-Cru-SEL-2021-750ml.png\",\"contentUrl\":\"https:\\\/\\\/wein-werte.com\\\/wp-content\\\/uploads\\\/2026\\\/04\\\/Trapet-Alsace-Riesling-Schoenenbourg-Grand-Cru-SEL-2021-750ml.png\",\"width\":270,\"height\":1200,\"caption\":\"Trapet Alsace Riesling Schoenenbourg Grand Cru \\\"SEL\\\" 2021 750ml\"},{\"@type\":\"BreadcrumbList\",\"@id\":\"https:\\\/\\\/wein-werte.com\\\/de\\\/produkt\\\/trapet-alsace-riesling-schoenenbourg-grand-cru-sel-2021-750ml\\\/#breadcrumb\",\"itemListElement\":[{\"@type\":\"ListItem\",\"position\":1,\"name\":\"Home\",\"item\":\"https:\\\/\\\/wein-werte.com\\\/de\\\/\"},{\"@type\":\"ListItem\",\"position\":2,\"name\":\"Shop\",\"item\":\"https:\\\/\\\/wein-werte.com\\\/de\\\/shop\\\/\"},{\"@type\":\"ListItem\",\"position\":3,\"name\":\"Trapet Alsace | Elsass | Riesling Schoenenbourg Grand Cru &#8220;SEL&#8221; | 2021 | 750ml | bio\"}]},{\"@type\":\"WebSite\",\"@id\":\"https:\\\/\\\/wein-werte.com\\\/de\\\/#website\",\"url\":\"https:\\\/\\\/wein-werte.com\\\/de\\\/\",\"name\":\"Wein Werte\",\"description\":\"\",\"publisher\":{\"@id\":\"https:\\\/\\\/wein-werte.com\\\/de\\\/#organization\"},\"potentialAction\":[{\"@type\":\"SearchAction\",\"target\":{\"@type\":\"EntryPoint\",\"urlTemplate\":\"https:\\\/\\\/wein-werte.com\\\/de\\\/?s={search_term_string}\"},\"query-input\":{\"@type\":\"PropertyValueSpecification\",\"valueRequired\":true,\"valueName\":\"search_term_string\"}}],\"inLanguage\":\"de\"},{\"@type\":\"Organization\",\"@id\":\"https:\\\/\\\/wein-werte.com\\\/de\\\/#organization\",\"name\":\"Vins Fins Thorrold\",\"url\":\"https:\\\/\\\/wein-werte.com\\\/de\\\/\",\"logo\":{\"@type\":\"ImageObject\",\"inLanguage\":\"de\",\"@id\":\"https:\\\/\\\/wein-werte.com\\\/de\\\/#\\\/schema\\\/logo\\\/image\\\/\",\"url\":\"https:\\\/\\\/wein-werte.com\\\/wp-content\\\/uploads\\\/2023\\\/07\\\/Wein_werte_Logo700-1.png\",\"contentUrl\":\"https:\\\/\\\/wein-werte.com\\\/wp-content\\\/uploads\\\/2023\\\/07\\\/Wein_werte_Logo700-1.png\",\"width\":700,\"height\":272,\"caption\":\"Vins Fins Thorrold\"},\"image\":{\"@id\":\"https:\\\/\\\/wein-werte.com\\\/de\\\/#\\\/schema\\\/logo\\\/image\\\/\"}}]}<\/script>\n<!-- \/ Yoast SEO plugin. -->","yoast_head_json":{"title":"Trapet Alsace Riesling Schoenenbourg Grand Cru \"SEL\" 2021","description":"Kaufe Trapet Alsace Riesling Schoenenbourg Grand Cru \"SEL\" 2021 (Riesling, trocken aus Elsass, Frankreich) bei Wein Werte, Ihrem nachhaltigen Onlineshop.","robots":{"index":"index","follow":"follow","max-snippet":"max-snippet:-1","max-image-preview":"max-image-preview:large","max-video-preview":"max-video-preview:-1"},"canonical":"https:\/\/wein-werte.com\/de\/produkt\/trapet-alsace-riesling-schoenenbourg-grand-cru-sel-2021-750ml\/","og_locale":"de_DE","og_type":"article","og_title":"Trapet Alsace Riesling Schoenenbourg Grand Cru \"SEL\" 2021","og_description":"Kaufe Trapet Alsace Riesling Schoenenbourg Grand Cru \"SEL\" 2021 (Riesling, trocken aus Elsass, Frankreich) bei Wein Werte, Ihrem nachhaltigen Onlineshop.","og_url":"https:\/\/wein-werte.com\/de\/produkt\/trapet-alsace-riesling-schoenenbourg-grand-cru-sel-2021-750ml\/","og_site_name":"Wein Werte","og_image":[{"width":270,"height":1200,"url":"https:\/\/wein-werte.com\/wp-content\/uploads\/2026\/04\/Trapet-Alsace-Riesling-Schoenenbourg-Grand-Cru-SEL-2021-750ml.png","type":"image\/png"}],"twitter_card":"summary_large_image","twitter_misc":{"Gesch\u00e4tzte Lesezeit":"2\u00a0Minuten"},"schema":{"@context":"https:\/\/schema.org","@graph":[{"@type":"WebPage","@id":"https:\/\/wein-werte.com\/de\/produkt\/trapet-alsace-riesling-schoenenbourg-grand-cru-sel-2021-750ml\/","url":"https:\/\/wein-werte.com\/de\/produkt\/trapet-alsace-riesling-schoenenbourg-grand-cru-sel-2021-750ml\/","name":"Trapet Alsace Riesling Schoenenbourg Grand Cru \"SEL\" 2021","isPartOf":{"@id":"https:\/\/wein-werte.com\/de\/#website"},"primaryImageOfPage":{"@id":"https:\/\/wein-werte.com\/de\/produkt\/trapet-alsace-riesling-schoenenbourg-grand-cru-sel-2021-750ml\/#primaryimage"},"image":{"@id":"https:\/\/wein-werte.com\/de\/produkt\/trapet-alsace-riesling-schoenenbourg-grand-cru-sel-2021-750ml\/#primaryimage"},"thumbnailUrl":"https:\/\/wein-werte.com\/wp-content\/uploads\/2026\/04\/Trapet-Alsace-Riesling-Schoenenbourg-Grand-Cru-SEL-2021-750ml.png","datePublished":"2026-05-05T16:32:39+00:00","description":"Kaufe Trapet Alsace Riesling Schoenenbourg Grand Cru \"SEL\" 2021 (Riesling, trocken aus Elsass, Frankreich) bei Wein Werte, Ihrem nachhaltigen Onlineshop.","breadcrumb":{"@id":"https:\/\/wein-werte.com\/de\/produkt\/trapet-alsace-riesling-schoenenbourg-grand-cru-sel-2021-750ml\/#breadcrumb"},"inLanguage":"de","potentialAction":[{"@type":"ReadAction","target":["https:\/\/wein-werte.com\/de\/produkt\/trapet-alsace-riesling-schoenenbourg-grand-cru-sel-2021-750ml\/"]}]},{"@type":"ImageObject","inLanguage":"de","@id":"https:\/\/wein-werte.com\/de\/produkt\/trapet-alsace-riesling-schoenenbourg-grand-cru-sel-2021-750ml\/#primaryimage","url":"https:\/\/wein-werte.com\/wp-content\/uploads\/2026\/04\/Trapet-Alsace-Riesling-Schoenenbourg-Grand-Cru-SEL-2021-750ml.png","contentUrl":"https:\/\/wein-werte.com\/wp-content\/uploads\/2026\/04\/Trapet-Alsace-Riesling-Schoenenbourg-Grand-Cru-SEL-2021-750ml.png","width":270,"height":1200,"caption":"Trapet Alsace Riesling Schoenenbourg Grand Cru \"SEL\" 2021 750ml"},{"@type":"BreadcrumbList","@id":"https:\/\/wein-werte.com\/de\/produkt\/trapet-alsace-riesling-schoenenbourg-grand-cru-sel-2021-750ml\/#breadcrumb","itemListElement":[{"@type":"ListItem","position":1,"name":"Home","item":"https:\/\/wein-werte.com\/de\/"},{"@type":"ListItem","position":2,"name":"Shop","item":"https:\/\/wein-werte.com\/de\/shop\/"},{"@type":"ListItem","position":3,"name":"Trapet Alsace | Elsass | Riesling Schoenenbourg Grand Cru &#8220;SEL&#8221; | 2021 | 750ml | bio"}]},{"@type":"WebSite","@id":"https:\/\/wein-werte.com\/de\/#website","url":"https:\/\/wein-werte.com\/de\/","name":"Wein Werte","description":"","publisher":{"@id":"https:\/\/wein-werte.com\/de\/#organization"},"potentialAction":[{"@type":"SearchAction","target":{"@type":"EntryPoint","urlTemplate":"https:\/\/wein-werte.com\/de\/?s={search_term_string}"},"query-input":{"@type":"PropertyValueSpecification","valueRequired":true,"valueName":"search_term_string"}}],"inLanguage":"de"},{"@type":"Organization","@id":"https:\/\/wein-werte.com\/de\/#organization","name":"Vins Fins Thorrold","url":"https:\/\/wein-werte.com\/de\/","logo":{"@type":"ImageObject","inLanguage":"de","@id":"https:\/\/wein-werte.com\/de\/#\/schema\/logo\/image\/","url":"https:\/\/wein-werte.com\/wp-content\/uploads\/2023\/07\/Wein_werte_Logo700-1.png","contentUrl":"https:\/\/wein-werte.com\/wp-content\/uploads\/2023\/07\/Wein_werte_Logo700-1.png","width":700,"height":272,"caption":"Vins Fins Thorrold"},"image":{"@id":"https:\/\/wein-werte.com\/de\/#\/schema\/logo\/image\/"}}]}},"_links":{"self":[{"href":"https:\/\/wein-werte.com\/de\/wp-json\/wp\/v2\/product\/1135621","targetHints":{"allow":["GET"]}}],"collection":[{"href":"https:\/\/wein-werte.com\/de\/wp-json\/wp\/v2\/product"}],"about":[{"href":"https:\/\/wein-werte.com\/de\/wp-json\/wp\/v2\/types\/product"}],"wp:featuredmedia":[{"embeddable":true,"href":"https:\/\/wein-werte.com\/de\/wp-json\/wp\/v2\/media\/1145548"}],"wp:attachment":[{"href":"https:\/\/wein-werte.com\/de\/wp-json\/wp\/v2\/media?parent=1135621"}],"wp:term":[{"taxonomy":"product_brand","embeddable":true,"href":"https:\/\/wein-werte.com\/de\/wp-json\/wp\/v2\/product_brand?post=1135621"},{"taxonomy":"product_cat","embeddable":true,"href":"https:\/\/wein-werte.com\/de\/wp-json\/wp\/v2\/product_cat?post=1135621"},{"taxonomy":"product_tag","embeddable":true,"href":"https:\/\/wein-werte.com\/de\/wp-json\/wp\/v2\/product_tag?post=1135621"}],"curies":[{"name":"wp","href":"https:\/\/api.w.org\/{rel}","templated":true}]}}