{"id":1135605,"date":"2026-04-27T13:34:01","date_gmt":"2026-04-27T11:34:01","guid":{"rendered":"https:\/\/wein-werte.com\/product\/trapet-alsace-ambre-jaune-riesling-macere-2021-750ml\/"},"modified":"2026-04-27T12:05:00","modified_gmt":"2026-04-27T10:05:00","slug":"trapet-alsace-ambre-jaune-riesling-macere-2021-750ml","status":"publish","type":"product","link":"https:\/\/wein-werte.com\/de\/produkt\/trapet-alsace-ambre-jaune-riesling-macere-2021-750ml\/","title":{"rendered":"Trapet Alsace | Elsass | Ambre Jaune Riesling Macere | 2021 | 750ml | bio"},"content":{"rendered":"<p>Produktbeschreibung f\u00fcr Trapet Alsace Ambre Jaune Riesling Macere 2021 (bio) <\/p>\n<h5>Information zum Wein<\/h5>\n<p> Der Ambre Jaune 2021 ist ein Orangewein aus Riesling mit etwas Wei\u00dfburgunder aus Riquewihr und Beblenheim, der etwa zwei Wochen lang auf den Schalen mazeriert und dann im gebrauchten Demi-muid und im Piece ausgebaut wurde. <\/p>\n<h5>Farbe<\/h5>\n<p> intensives, klares Goldgelb <\/p>\n<h5>Nase<\/h5>\n<p> Obwohl der Wein farblich so tief zu sein scheint, wirkt die Nase des Ambre Jaune geradezu subtil. Es duftet nach Vanille, Zitrone und Zitronenschale, etwas Apfel samt Apfelschale, Efeu und Safran. Man erahnt aber eine gewisse Tiefe und F\u00fclle, und mit Luft und W\u00e4rme er\u00f6ffnen sich Noten von schwarzem Tee und Wachs. <\/p>\n<h5>Gaumen<\/h5>\n<p> Am Gaumen entfaltet der Ambre Jaune ein wunderbares Parfum. Tats\u00e4chlich pr\u00e4sentiert der Wein eine gewisse Opulenz, die den Mund ausf\u00fcllt. Die Phenolik sorgt zudem f\u00fcr eine markante, aber feine Textur. Dabei bleibt der Wein auf einer lebendigen, immer noch frischen Seite. Er besticht durch eine Aromatik, die in ihrer Expressivit\u00e4t durchaus ein wenig an Gew\u00fcrztraminer erinnert. Doch der K\u00f6rper bleibt eher schlank, und die Balance, die der Ambre Jaune zwischen der Frucht und W\u00fcrze, der Textur und der reifen S\u00e4urestruktur herstellt, ist faszinierend.<\/p>\n<p>Copyright Vinaturel 2025<\/p>\n<p>Keywords: <a href=\"https:\/\/wein-werte.com\/de\/shop\/?swoof=1&#038;pa_producer=Trapet-Alsace\">Trapet Alsace<\/a> <a href=\"https:\/\/wein-werte.com\/de\/shop\/?swoof=1&#038;woof_text=Ambre Jaune Riesling Macere\">Ambre Jaune Riesling Macere<\/a> 2021 bio <a href=\"https:\/\/wein-werte.com\/de\/shop\/?swoof=1&#038;pa_region=Elsass\">Elsass<\/a> <a href=\"https:\/\/wein-werte.com\/de\/shop\/?swoof=1&#038;pa_country=Frankreich\">Frankreich<\/a><\/p>\n<p>Internetseite des Weinguts: <a href=\"http:\/\/www.domaine-trapet.fr\/alsace\/passions-quand-tu-nous-tiens.html\" target=\"_blank\">http:\/\/www.domaine-trapet.fr\/alsace\/passions-quand-tu-nous-tiens.html<\/a><\/p>\n","protected":false},"excerpt":{"rendered":"<p>Lieferzeit: 1 bis 2 Arbeitstage (DE), 2 bis 5 Arbeitstage (EU and CH)<\/p>\n","protected":false},"featured_media":1145536,"template":"","meta":[],"product_brand":[],"product_cat":[19],"product_tag":[],"class_list":{"0":"post-1135605","1":"product","2":"type-product","3":"status-publish","4":"has-post-thumbnail","6":"product_cat-unkategorisiert","7":"pa_alcohol-for-filter-12897","8":"pa_certified-biodynamic-nein-de","9":"pa_certified-organic-ja-de","10":"pa_colour-orange-de","11":"pa_country-frankreich","12":"pa_grape-riesling","13":"pa_price-for-filter-10584","14":"pa_producer-trapet-alsace","15":"pa_region-elsass","16":"pa_size-ml-6584","17":"pa_sweetness-trocken-de","18":"pa_type-2-still-de","19":"pa_vintage-2021-de","20":"entry","21":"has-media","23":"first","24":"instock","25":"taxable","26":"shipping-taxable","27":"purchasable","28":"product-type-simple"},"yoast_head":"<!-- This site is optimized with the Yoast SEO plugin v27.5 - https:\/\/yoast.com\/product\/yoast-seo-wordpress\/ -->\n<title>Trapet Alsace Ambre Jaune Riesling Macere 2021<\/title>\n<meta name=\"description\" content=\"Kaufe Trapet Alsace Ambre Jaune Riesling Macere 2021 (Riesling, trocken Orange Wein aus Elsass, Frankreich) bei Wein Werte, Ihrem nachhaltigen Onlineshop.\" \/>\n<meta name=\"robots\" content=\"index, follow, max-snippet:-1, max-image-preview:large, max-video-preview:-1\" \/>\n<link rel=\"canonical\" href=\"https:\/\/wein-werte.com\/de\/produkt\/trapet-alsace-ambre-jaune-riesling-macere-2021-750ml\/\" \/>\n<meta property=\"og:locale\" content=\"de_DE\" \/>\n<meta property=\"og:type\" content=\"article\" \/>\n<meta property=\"og:title\" content=\"Trapet Alsace Ambre Jaune Riesling Macere 2021\" \/>\n<meta property=\"og:description\" content=\"Kaufe Trapet Alsace Ambre Jaune Riesling Macere 2021 (Riesling, trocken Orange Wein aus Elsass, Frankreich) bei Wein Werte, Ihrem nachhaltigen Onlineshop.\" \/>\n<meta property=\"og:url\" content=\"https:\/\/wein-werte.com\/de\/produkt\/trapet-alsace-ambre-jaune-riesling-macere-2021-750ml\/\" \/>\n<meta property=\"og:site_name\" content=\"Wein Werte\" \/>\n<meta property=\"og:image\" content=\"https:\/\/wein-werte.com\/wp-content\/uploads\/2026\/04\/Trapet-Alsace-Ambre-Jaune-Riesling-Macere-2021-750ml.png\" \/>\n\t<meta property=\"og:image:width\" content=\"355\" \/>\n\t<meta property=\"og:image:height\" content=\"1200\" \/>\n\t<meta property=\"og:image:type\" content=\"image\/png\" \/>\n<meta name=\"twitter:card\" content=\"summary_large_image\" \/>\n<meta name=\"twitter:label1\" content=\"Gesch\u00e4tzte Lesezeit\" \/>\n\t<meta name=\"twitter:data1\" content=\"1\u00a0Minute\" \/>\n<script type=\"application\/ld+json\" class=\"yoast-schema-graph\">{\"@context\":\"https:\\\/\\\/schema.org\",\"@graph\":[{\"@type\":\"WebPage\",\"@id\":\"https:\\\/\\\/wein-werte.com\\\/de\\\/produkt\\\/trapet-alsace-ambre-jaune-riesling-macere-2021-750ml\\\/\",\"url\":\"https:\\\/\\\/wein-werte.com\\\/de\\\/produkt\\\/trapet-alsace-ambre-jaune-riesling-macere-2021-750ml\\\/\",\"name\":\"Trapet Alsace Ambre Jaune Riesling Macere 2021\",\"isPartOf\":{\"@id\":\"https:\\\/\\\/wein-werte.com\\\/de\\\/#website\"},\"primaryImageOfPage\":{\"@id\":\"https:\\\/\\\/wein-werte.com\\\/de\\\/produkt\\\/trapet-alsace-ambre-jaune-riesling-macere-2021-750ml\\\/#primaryimage\"},\"image\":{\"@id\":\"https:\\\/\\\/wein-werte.com\\\/de\\\/produkt\\\/trapet-alsace-ambre-jaune-riesling-macere-2021-750ml\\\/#primaryimage\"},\"thumbnailUrl\":\"https:\\\/\\\/wein-werte.com\\\/wp-content\\\/uploads\\\/2026\\\/04\\\/Trapet-Alsace-Ambre-Jaune-Riesling-Macere-2021-750ml.png\",\"datePublished\":\"2026-04-27T11:34:01+00:00\",\"description\":\"Kaufe Trapet Alsace Ambre Jaune Riesling Macere 2021 (Riesling, trocken Orange Wein aus Elsass, Frankreich) bei Wein Werte, Ihrem nachhaltigen Onlineshop.\",\"breadcrumb\":{\"@id\":\"https:\\\/\\\/wein-werte.com\\\/de\\\/produkt\\\/trapet-alsace-ambre-jaune-riesling-macere-2021-750ml\\\/#breadcrumb\"},\"inLanguage\":\"de\",\"potentialAction\":[{\"@type\":\"ReadAction\",\"target\":[\"https:\\\/\\\/wein-werte.com\\\/de\\\/produkt\\\/trapet-alsace-ambre-jaune-riesling-macere-2021-750ml\\\/\"]}]},{\"@type\":\"ImageObject\",\"inLanguage\":\"de\",\"@id\":\"https:\\\/\\\/wein-werte.com\\\/de\\\/produkt\\\/trapet-alsace-ambre-jaune-riesling-macere-2021-750ml\\\/#primaryimage\",\"url\":\"https:\\\/\\\/wein-werte.com\\\/wp-content\\\/uploads\\\/2026\\\/04\\\/Trapet-Alsace-Ambre-Jaune-Riesling-Macere-2021-750ml.png\",\"contentUrl\":\"https:\\\/\\\/wein-werte.com\\\/wp-content\\\/uploads\\\/2026\\\/04\\\/Trapet-Alsace-Ambre-Jaune-Riesling-Macere-2021-750ml.png\",\"width\":355,\"height\":1200,\"caption\":\"Trapet Alsace Ambre Jaune Riesling Macere 2021 750ml\"},{\"@type\":\"BreadcrumbList\",\"@id\":\"https:\\\/\\\/wein-werte.com\\\/de\\\/produkt\\\/trapet-alsace-ambre-jaune-riesling-macere-2021-750ml\\\/#breadcrumb\",\"itemListElement\":[{\"@type\":\"ListItem\",\"position\":1,\"name\":\"Home\",\"item\":\"https:\\\/\\\/wein-werte.com\\\/de\\\/\"},{\"@type\":\"ListItem\",\"position\":2,\"name\":\"Shop\",\"item\":\"https:\\\/\\\/wein-werte.com\\\/de\\\/shop\\\/\"},{\"@type\":\"ListItem\",\"position\":3,\"name\":\"Trapet Alsace | Elsass | Ambre Jaune Riesling Macere | 2021 | 750ml | bio\"}]},{\"@type\":\"WebSite\",\"@id\":\"https:\\\/\\\/wein-werte.com\\\/de\\\/#website\",\"url\":\"https:\\\/\\\/wein-werte.com\\\/de\\\/\",\"name\":\"Wein Werte\",\"description\":\"\",\"publisher\":{\"@id\":\"https:\\\/\\\/wein-werte.com\\\/de\\\/#organization\"},\"potentialAction\":[{\"@type\":\"SearchAction\",\"target\":{\"@type\":\"EntryPoint\",\"urlTemplate\":\"https:\\\/\\\/wein-werte.com\\\/de\\\/?s={search_term_string}\"},\"query-input\":{\"@type\":\"PropertyValueSpecification\",\"valueRequired\":true,\"valueName\":\"search_term_string\"}}],\"inLanguage\":\"de\"},{\"@type\":\"Organization\",\"@id\":\"https:\\\/\\\/wein-werte.com\\\/de\\\/#organization\",\"name\":\"Vins Fins Thorrold\",\"url\":\"https:\\\/\\\/wein-werte.com\\\/de\\\/\",\"logo\":{\"@type\":\"ImageObject\",\"inLanguage\":\"de\",\"@id\":\"https:\\\/\\\/wein-werte.com\\\/de\\\/#\\\/schema\\\/logo\\\/image\\\/\",\"url\":\"https:\\\/\\\/wein-werte.com\\\/wp-content\\\/uploads\\\/2023\\\/07\\\/Wein_werte_Logo700-1.png\",\"contentUrl\":\"https:\\\/\\\/wein-werte.com\\\/wp-content\\\/uploads\\\/2023\\\/07\\\/Wein_werte_Logo700-1.png\",\"width\":700,\"height\":272,\"caption\":\"Vins Fins Thorrold\"},\"image\":{\"@id\":\"https:\\\/\\\/wein-werte.com\\\/de\\\/#\\\/schema\\\/logo\\\/image\\\/\"}}]}<\/script>\n<!-- \/ Yoast SEO plugin. -->","yoast_head_json":{"title":"Trapet Alsace Ambre Jaune Riesling Macere 2021","description":"Kaufe Trapet Alsace Ambre Jaune Riesling Macere 2021 (Riesling, trocken Orange Wein aus Elsass, Frankreich) bei Wein Werte, Ihrem nachhaltigen Onlineshop.","robots":{"index":"index","follow":"follow","max-snippet":"max-snippet:-1","max-image-preview":"max-image-preview:large","max-video-preview":"max-video-preview:-1"},"canonical":"https:\/\/wein-werte.com\/de\/produkt\/trapet-alsace-ambre-jaune-riesling-macere-2021-750ml\/","og_locale":"de_DE","og_type":"article","og_title":"Trapet Alsace Ambre Jaune Riesling Macere 2021","og_description":"Kaufe Trapet Alsace Ambre Jaune Riesling Macere 2021 (Riesling, trocken Orange Wein aus Elsass, Frankreich) bei Wein Werte, Ihrem nachhaltigen Onlineshop.","og_url":"https:\/\/wein-werte.com\/de\/produkt\/trapet-alsace-ambre-jaune-riesling-macere-2021-750ml\/","og_site_name":"Wein Werte","og_image":[{"width":355,"height":1200,"url":"https:\/\/wein-werte.com\/wp-content\/uploads\/2026\/04\/Trapet-Alsace-Ambre-Jaune-Riesling-Macere-2021-750ml.png","type":"image\/png"}],"twitter_card":"summary_large_image","twitter_misc":{"Gesch\u00e4tzte Lesezeit":"1\u00a0Minute"},"schema":{"@context":"https:\/\/schema.org","@graph":[{"@type":"WebPage","@id":"https:\/\/wein-werte.com\/de\/produkt\/trapet-alsace-ambre-jaune-riesling-macere-2021-750ml\/","url":"https:\/\/wein-werte.com\/de\/produkt\/trapet-alsace-ambre-jaune-riesling-macere-2021-750ml\/","name":"Trapet Alsace Ambre Jaune Riesling Macere 2021","isPartOf":{"@id":"https:\/\/wein-werte.com\/de\/#website"},"primaryImageOfPage":{"@id":"https:\/\/wein-werte.com\/de\/produkt\/trapet-alsace-ambre-jaune-riesling-macere-2021-750ml\/#primaryimage"},"image":{"@id":"https:\/\/wein-werte.com\/de\/produkt\/trapet-alsace-ambre-jaune-riesling-macere-2021-750ml\/#primaryimage"},"thumbnailUrl":"https:\/\/wein-werte.com\/wp-content\/uploads\/2026\/04\/Trapet-Alsace-Ambre-Jaune-Riesling-Macere-2021-750ml.png","datePublished":"2026-04-27T11:34:01+00:00","description":"Kaufe Trapet Alsace Ambre Jaune Riesling Macere 2021 (Riesling, trocken Orange Wein aus Elsass, Frankreich) bei Wein Werte, Ihrem nachhaltigen Onlineshop.","breadcrumb":{"@id":"https:\/\/wein-werte.com\/de\/produkt\/trapet-alsace-ambre-jaune-riesling-macere-2021-750ml\/#breadcrumb"},"inLanguage":"de","potentialAction":[{"@type":"ReadAction","target":["https:\/\/wein-werte.com\/de\/produkt\/trapet-alsace-ambre-jaune-riesling-macere-2021-750ml\/"]}]},{"@type":"ImageObject","inLanguage":"de","@id":"https:\/\/wein-werte.com\/de\/produkt\/trapet-alsace-ambre-jaune-riesling-macere-2021-750ml\/#primaryimage","url":"https:\/\/wein-werte.com\/wp-content\/uploads\/2026\/04\/Trapet-Alsace-Ambre-Jaune-Riesling-Macere-2021-750ml.png","contentUrl":"https:\/\/wein-werte.com\/wp-content\/uploads\/2026\/04\/Trapet-Alsace-Ambre-Jaune-Riesling-Macere-2021-750ml.png","width":355,"height":1200,"caption":"Trapet Alsace Ambre Jaune Riesling Macere 2021 750ml"},{"@type":"BreadcrumbList","@id":"https:\/\/wein-werte.com\/de\/produkt\/trapet-alsace-ambre-jaune-riesling-macere-2021-750ml\/#breadcrumb","itemListElement":[{"@type":"ListItem","position":1,"name":"Home","item":"https:\/\/wein-werte.com\/de\/"},{"@type":"ListItem","position":2,"name":"Shop","item":"https:\/\/wein-werte.com\/de\/shop\/"},{"@type":"ListItem","position":3,"name":"Trapet Alsace | Elsass | Ambre Jaune Riesling Macere | 2021 | 750ml | bio"}]},{"@type":"WebSite","@id":"https:\/\/wein-werte.com\/de\/#website","url":"https:\/\/wein-werte.com\/de\/","name":"Wein Werte","description":"","publisher":{"@id":"https:\/\/wein-werte.com\/de\/#organization"},"potentialAction":[{"@type":"SearchAction","target":{"@type":"EntryPoint","urlTemplate":"https:\/\/wein-werte.com\/de\/?s={search_term_string}"},"query-input":{"@type":"PropertyValueSpecification","valueRequired":true,"valueName":"search_term_string"}}],"inLanguage":"de"},{"@type":"Organization","@id":"https:\/\/wein-werte.com\/de\/#organization","name":"Vins Fins Thorrold","url":"https:\/\/wein-werte.com\/de\/","logo":{"@type":"ImageObject","inLanguage":"de","@id":"https:\/\/wein-werte.com\/de\/#\/schema\/logo\/image\/","url":"https:\/\/wein-werte.com\/wp-content\/uploads\/2023\/07\/Wein_werte_Logo700-1.png","contentUrl":"https:\/\/wein-werte.com\/wp-content\/uploads\/2023\/07\/Wein_werte_Logo700-1.png","width":700,"height":272,"caption":"Vins Fins Thorrold"},"image":{"@id":"https:\/\/wein-werte.com\/de\/#\/schema\/logo\/image\/"}}]}},"_links":{"self":[{"href":"https:\/\/wein-werte.com\/de\/wp-json\/wp\/v2\/product\/1135605","targetHints":{"allow":["GET"]}}],"collection":[{"href":"https:\/\/wein-werte.com\/de\/wp-json\/wp\/v2\/product"}],"about":[{"href":"https:\/\/wein-werte.com\/de\/wp-json\/wp\/v2\/types\/product"}],"wp:featuredmedia":[{"embeddable":true,"href":"https:\/\/wein-werte.com\/de\/wp-json\/wp\/v2\/media\/1145536"}],"wp:attachment":[{"href":"https:\/\/wein-werte.com\/de\/wp-json\/wp\/v2\/media?parent=1135605"}],"wp:term":[{"taxonomy":"product_brand","embeddable":true,"href":"https:\/\/wein-werte.com\/de\/wp-json\/wp\/v2\/product_brand?post=1135605"},{"taxonomy":"product_cat","embeddable":true,"href":"https:\/\/wein-werte.com\/de\/wp-json\/wp\/v2\/product_cat?post=1135605"},{"taxonomy":"product_tag","embeddable":true,"href":"https:\/\/wein-werte.com\/de\/wp-json\/wp\/v2\/product_tag?post=1135605"}],"curies":[{"name":"wp","href":"https:\/\/api.w.org\/{rel}","templated":true}]}}