{"id":1135587,"date":"2026-05-05T18:32:36","date_gmt":"2026-05-05T16:32:36","guid":{"rendered":"https:\/\/wein-werte.com\/product\/trapet-alsace-gewurztraminer-sonnenglanz-grand-cru-2018-750ml\/"},"modified":"2026-04-27T12:04:57","modified_gmt":"2026-04-27T10:04:57","slug":"trapet-alsace-gewurztraminer-sonnenglanz-grand-cru-2018-750ml","status":"publish","type":"product","link":"https:\/\/wein-werte.com\/de\/produkt\/trapet-alsace-gewurztraminer-sonnenglanz-grand-cru-2018-750ml\/","title":{"rendered":"Trapet Alsace | Elsass | Gew\u00fcrztraminer Sonnenglanz Grand Cru | 2018 | 750ml | bio"},"content":{"rendered":"<p>Produktbeschreibung f\u00fcr Trapet Alsace Gew\u00fcrztraminer Sonnenglanz Grand Cru 2018 (bio)<\/p>\n<p> Seit sechs Generationen betreibt die Familie Trapet in Gevrey-Chambertin Weinbau. Jean-Louis Trapet \u00fcbernahm 1992 die Geschicke des Weingutes von seinem Vater und f\u00fchrte es Qualitativ zu neuen H\u00f6hen. Um den gr\u00f6\u00dftm\u00f6glichen Ausdruck der Herkunft zu erreichen wurden die Ertr\u00e4ge reduziert und die Bewirtschaftung umgestellt. Auf gut 14 Hektar betreibt Trapet seit 1997 Weinbau nach biodynamischen Richtlinien, und auch im Keller werden auf Sch\u00f6nung und Filtration verzichtet. Die Domaine besitzt Lagen in den besten Grand und Premier Crus in Gevrey-Chambertin.<\/p>\n<p>\u00a0<\/p>\n<p>Mit der Heirat von Jean-Louis und der geb\u00fcrtigen Els\u00e4sserin Andr\u00e9e kamen die Lagen und die Dependance in Riquewihr mit in die Ehe. Da Andr\u00e9e als heimatverbundene Winzertochter ebenso an den B\u00f6den ihrer Heimat h\u00e4ngt wie ihr Gatte, gab es kein Entweder-oder, sondern nur ein sowohl als auch. So entstand aus der Domaine von Jean-Pierre and H\u00e9l\u00e8ne Graye die Domaine Trapet und bietet dem Paar seither die rare M\u00f6glichkeit, mit zweierlei historischen Terroirs zu arbeiten. Die Fl\u00e4chen werden ebenfalls nach biodynamischen Richtlinien bewirtschaftet.<\/p>\n<p>\u00a0<\/p>\n<p>N\u00f6rdlich am Ortsausgang von Beblenheim Richtung Zellenberg liegt die Grand Cru Sonnenglanz in s\u00fcd\u00f6stlicher Ausrichtung auf 220-270 Metern Meeresh\u00f6he. Die Lage ist \u00fcberwiegend mit Grauburgunder und Gew\u00fcrztraminer bestockt und umfasst eine Gesamtgr\u00f6\u00dfe von 32,80 Hektar. Die homogenen B\u00f6den bestehen aus terti\u00e4rem Grenzkonglomerat des Rheingrabenkalkes und dazwischen liegenden Mergeln eo-oligoz\u00e4nen Alters, die in Summe einen schweren, gut strukturierten und steinigen Kalkboden bilden.<\/p>\n<p>\u00a0<\/p>\n<h5>Farbe<\/h5>\n<p>Helles Goldgelb mit leuchtenden Reflexen, strahlend und klar.<\/p>\n<p>\u00a0<\/p>\n<h5>Nase<\/h5>\n<p>Der 2018 Sonnenglanz Gew\u00fcrztraminer Grand Cru der Domaine Trapet zieht alle Register der Rebsorte, tut dies jedoch mit angenehmem Understatement. Wei\u00dfer Pfirsich und Lindenbl\u00fcten er\u00f6ffnen zaghaft die Ouvert\u00fcre bevor Orangenzesten und gr\u00fcne Mandarinen das Orchester bereichern. Es folgen eine Handvoll rosa Rosenbl\u00e4tter und eine honigtriefende Bienenwabe, das alles geerdet durch den profunden Beat auf nassem Kalkstein. Im B\u00fchnengraben lauert die Karaffe.<\/p>\n<p>\u00a0<\/p>\n<h5>Mund<\/h5>\n<p>Beeindruckend straff mit feiner Mineralik und cremigem Schmelz bettet sich dieses Hochleistungs-Gew\u00fcrz in des Connaisseurs Gaumen. Mit sahniger Textur wird er flankiert von zitrischen Aromen auf mineralisch salinem Fundament. Nichts \u00dcberbordendes oder Ausladendes schm\u00fcckt ihn, sondern er besticht durch Pr\u00e4zision und enorme Disziplin am Gaumen. Geschliffen und klar ist die S\u00fc\u00dfe bestens gebettet in die kompakte Struktur des Weines, der einem wie alles gro\u00dfe Gew\u00fcrz entsprechende Reife danken werden.<\/p>\n<p>Copyright Vinaturel 2025<\/p>\n<p>Keywords: <a href=\"https:\/\/wein-werte.com\/de\/shop\/?swoof=1&#038;pa_producer=Trapet-Alsace\">Trapet Alsace<\/a> <a href=\"https:\/\/wein-werte.com\/de\/shop\/?swoof=1&#038;woof_text=Gew\u00fcrztraminer Sonnenglanz Grand Cru\">Gew\u00fcrztraminer Sonnenglanz Grand Cru<\/a> 2018 bio <a href=\"https:\/\/wein-werte.com\/de\/shop\/?swoof=1&#038;pa_region=Elsass\">Elsass<\/a> <a href=\"https:\/\/wein-werte.com\/de\/shop\/?swoof=1&#038;pa_country=Frankreich\">Frankreich<\/a><\/p>\n<h3>Wine Advocate<\/h3>\n<p>Punkte: 93<\/p>\n<p>Der Sonnenglanz Gew\u00fcrztraminer 2018 ist ein Klassiker im Werden. Er ist ein klarer, heller, aromatischer und vollmundiger Gew\u00fcrztraminer mit einer tiefen und recht komplexen Nase, mit klaren und konzentrierten Aromen tropischer Fr\u00fcchte und w\u00fcrzigen sowie steinigen\/feuersteinigen und auch phenolischen Noten. Rund und recht s\u00fc\u00df am Gaumen, ist dieser vollmundige, reichhaltige und elegante, vitale und salzige Gew\u00fcrztraminer mit einem langen, volumin\u00f6sen und salzigen Abgang. Die Tannine greifen gut, um die S\u00fc\u00dfe auszugleichen, die auf dem R\u00fcckenetikett leicht als Liquoreux bezeichnet wird und am Gaumen eher hedonistisch wirkt. Es scheint, als experimentierten die Trapets noch mit dem Stil ihres Grand Cru, wenn man die f\u00fcr diesen Bericht verkosteten Jahrg\u00e4nge betrachtet. 13,5 % Alkoholgehalt. Naturkorken. Verkostet im Januar 2023.<br \/>Stephan Reinhardt<\/p>\n<p>Internetseite des Weinguts: <a href=\"http:\/\/www.domaine-trapet.fr\/alsace\/passions-quand-tu-nous-tiens.html\" target=\"_blank\">http:\/\/www.domaine-trapet.fr\/alsace\/passions-quand-tu-nous-tiens.html<\/a><\/p>\n","protected":false},"excerpt":{"rendered":"<p>Lieferzeit: 1 bis 2 Arbeitstage (DE), 2 bis 5 Arbeitstage (EU and CH)<\/p>\n","protected":false},"featured_media":1145522,"template":"","meta":[],"product_brand":[],"product_cat":[19],"product_tag":[],"class_list":{"0":"post-1135587","1":"product","2":"type-product","3":"status-publish","4":"has-post-thumbnail","6":"product_cat-unkategorisiert","7":"pa_alcohol-for-filter-13-5","8":"pa_certified-biodynamic-nein-de","9":"pa_certified-organic-ja-de","10":"pa_colour-weiss","11":"pa_country-frankreich","12":"pa_grape-gewurztraminer","13":"pa_parker-points-for-filter-93-de-2","14":"pa_price-for-filter-10605","15":"pa_producer-trapet-alsace","16":"pa_region-elsass","17":"pa_size-ml-6584","18":"pa_sweetness-lieblich-de-2","19":"pa_type-2-still-de","20":"pa_vintage-2018-de","21":"entry","22":"has-media","24":"first","25":"instock","26":"taxable","27":"shipping-taxable","28":"purchasable","29":"product-type-simple"},"yoast_head":"<!-- This site is optimized with the Yoast SEO plugin v27.5 - https:\/\/yoast.com\/product\/yoast-seo-wordpress\/ -->\n<title>Trapet Alsace Gew\u00fcrztraminer Sonnenglanz Grand Cru 2018<\/title>\n<meta name=\"description\" content=\"Kaufe Trapet Alsace Gew\u00fcrztraminer Sonnenglanz Grand Cru 2018 (Gew\u00fcrztraminer, lieblich aus Elsass, Frankreich) bei Wein Werte, Ihrem nachhaltigen Onlineshop.\" \/>\n<meta name=\"robots\" content=\"index, follow, max-snippet:-1, max-image-preview:large, max-video-preview:-1\" \/>\n<link rel=\"canonical\" href=\"https:\/\/wein-werte.com\/de\/produkt\/trapet-alsace-gewurztraminer-sonnenglanz-grand-cru-2018-750ml\/\" \/>\n<meta property=\"og:locale\" content=\"de_DE\" \/>\n<meta property=\"og:type\" content=\"article\" \/>\n<meta property=\"og:title\" content=\"Trapet Alsace Gew\u00fcrztraminer Sonnenglanz Grand Cru 2018\" \/>\n<meta property=\"og:description\" content=\"Kaufe Trapet Alsace Gew\u00fcrztraminer Sonnenglanz Grand Cru 2018 (Gew\u00fcrztraminer, lieblich aus Elsass, Frankreich) bei Wein Werte, Ihrem nachhaltigen Onlineshop.\" \/>\n<meta property=\"og:url\" content=\"https:\/\/wein-werte.com\/de\/produkt\/trapet-alsace-gewurztraminer-sonnenglanz-grand-cru-2018-750ml\/\" \/>\n<meta property=\"og:site_name\" content=\"Wein Werte\" \/>\n<meta property=\"og:image\" content=\"https:\/\/wein-werte.com\/wp-content\/uploads\/2026\/04\/Trapet-Alsace-Gewurztraminer-Sonnenglanz-Grand-Cru-2018-750ml.png\" \/>\n\t<meta property=\"og:image:width\" content=\"270\" \/>\n\t<meta property=\"og:image:height\" content=\"1200\" \/>\n\t<meta property=\"og:image:type\" content=\"image\/png\" \/>\n<meta name=\"twitter:card\" content=\"summary_large_image\" \/>\n<meta name=\"twitter:label1\" content=\"Gesch\u00e4tzte Lesezeit\" \/>\n\t<meta name=\"twitter:data1\" content=\"3\u00a0Minuten\" \/>\n<script type=\"application\/ld+json\" class=\"yoast-schema-graph\">{\"@context\":\"https:\\\/\\\/schema.org\",\"@graph\":[{\"@type\":\"WebPage\",\"@id\":\"https:\\\/\\\/wein-werte.com\\\/de\\\/produkt\\\/trapet-alsace-gewurztraminer-sonnenglanz-grand-cru-2018-750ml\\\/\",\"url\":\"https:\\\/\\\/wein-werte.com\\\/de\\\/produkt\\\/trapet-alsace-gewurztraminer-sonnenglanz-grand-cru-2018-750ml\\\/\",\"name\":\"Trapet Alsace Gew\u00fcrztraminer Sonnenglanz Grand Cru 2018\",\"isPartOf\":{\"@id\":\"https:\\\/\\\/wein-werte.com\\\/de\\\/#website\"},\"primaryImageOfPage\":{\"@id\":\"https:\\\/\\\/wein-werte.com\\\/de\\\/produkt\\\/trapet-alsace-gewurztraminer-sonnenglanz-grand-cru-2018-750ml\\\/#primaryimage\"},\"image\":{\"@id\":\"https:\\\/\\\/wein-werte.com\\\/de\\\/produkt\\\/trapet-alsace-gewurztraminer-sonnenglanz-grand-cru-2018-750ml\\\/#primaryimage\"},\"thumbnailUrl\":\"https:\\\/\\\/wein-werte.com\\\/wp-content\\\/uploads\\\/2026\\\/04\\\/Trapet-Alsace-Gewurztraminer-Sonnenglanz-Grand-Cru-2018-750ml.png\",\"datePublished\":\"2026-05-05T16:32:36+00:00\",\"description\":\"Kaufe Trapet Alsace Gew\u00fcrztraminer Sonnenglanz Grand Cru 2018 (Gew\u00fcrztraminer, lieblich aus Elsass, Frankreich) bei Wein Werte, Ihrem nachhaltigen Onlineshop.\",\"breadcrumb\":{\"@id\":\"https:\\\/\\\/wein-werte.com\\\/de\\\/produkt\\\/trapet-alsace-gewurztraminer-sonnenglanz-grand-cru-2018-750ml\\\/#breadcrumb\"},\"inLanguage\":\"de\",\"potentialAction\":[{\"@type\":\"ReadAction\",\"target\":[\"https:\\\/\\\/wein-werte.com\\\/de\\\/produkt\\\/trapet-alsace-gewurztraminer-sonnenglanz-grand-cru-2018-750ml\\\/\"]}]},{\"@type\":\"ImageObject\",\"inLanguage\":\"de\",\"@id\":\"https:\\\/\\\/wein-werte.com\\\/de\\\/produkt\\\/trapet-alsace-gewurztraminer-sonnenglanz-grand-cru-2018-750ml\\\/#primaryimage\",\"url\":\"https:\\\/\\\/wein-werte.com\\\/wp-content\\\/uploads\\\/2026\\\/04\\\/Trapet-Alsace-Gewurztraminer-Sonnenglanz-Grand-Cru-2018-750ml.png\",\"contentUrl\":\"https:\\\/\\\/wein-werte.com\\\/wp-content\\\/uploads\\\/2026\\\/04\\\/Trapet-Alsace-Gewurztraminer-Sonnenglanz-Grand-Cru-2018-750ml.png\",\"width\":270,\"height\":1200,\"caption\":\"Trapet Alsace Gew\u00fcrztraminer Sonnenglanz Grand Cru 2018 750ml\"},{\"@type\":\"BreadcrumbList\",\"@id\":\"https:\\\/\\\/wein-werte.com\\\/de\\\/produkt\\\/trapet-alsace-gewurztraminer-sonnenglanz-grand-cru-2018-750ml\\\/#breadcrumb\",\"itemListElement\":[{\"@type\":\"ListItem\",\"position\":1,\"name\":\"Home\",\"item\":\"https:\\\/\\\/wein-werte.com\\\/de\\\/\"},{\"@type\":\"ListItem\",\"position\":2,\"name\":\"Shop\",\"item\":\"https:\\\/\\\/wein-werte.com\\\/de\\\/shop\\\/\"},{\"@type\":\"ListItem\",\"position\":3,\"name\":\"Trapet Alsace | Elsass | Gew\u00fcrztraminer Sonnenglanz Grand Cru | 2018 | 750ml | bio\"}]},{\"@type\":\"WebSite\",\"@id\":\"https:\\\/\\\/wein-werte.com\\\/de\\\/#website\",\"url\":\"https:\\\/\\\/wein-werte.com\\\/de\\\/\",\"name\":\"Wein Werte\",\"description\":\"\",\"publisher\":{\"@id\":\"https:\\\/\\\/wein-werte.com\\\/de\\\/#organization\"},\"potentialAction\":[{\"@type\":\"SearchAction\",\"target\":{\"@type\":\"EntryPoint\",\"urlTemplate\":\"https:\\\/\\\/wein-werte.com\\\/de\\\/?s={search_term_string}\"},\"query-input\":{\"@type\":\"PropertyValueSpecification\",\"valueRequired\":true,\"valueName\":\"search_term_string\"}}],\"inLanguage\":\"de\"},{\"@type\":\"Organization\",\"@id\":\"https:\\\/\\\/wein-werte.com\\\/de\\\/#organization\",\"name\":\"Vins Fins Thorrold\",\"url\":\"https:\\\/\\\/wein-werte.com\\\/de\\\/\",\"logo\":{\"@type\":\"ImageObject\",\"inLanguage\":\"de\",\"@id\":\"https:\\\/\\\/wein-werte.com\\\/de\\\/#\\\/schema\\\/logo\\\/image\\\/\",\"url\":\"https:\\\/\\\/wein-werte.com\\\/wp-content\\\/uploads\\\/2023\\\/07\\\/Wein_werte_Logo700-1.png\",\"contentUrl\":\"https:\\\/\\\/wein-werte.com\\\/wp-content\\\/uploads\\\/2023\\\/07\\\/Wein_werte_Logo700-1.png\",\"width\":700,\"height\":272,\"caption\":\"Vins Fins Thorrold\"},\"image\":{\"@id\":\"https:\\\/\\\/wein-werte.com\\\/de\\\/#\\\/schema\\\/logo\\\/image\\\/\"}}]}<\/script>\n<!-- \/ Yoast SEO plugin. -->","yoast_head_json":{"title":"Trapet Alsace Gew\u00fcrztraminer Sonnenglanz Grand Cru 2018","description":"Kaufe Trapet Alsace Gew\u00fcrztraminer Sonnenglanz Grand Cru 2018 (Gew\u00fcrztraminer, lieblich aus Elsass, Frankreich) bei Wein Werte, Ihrem nachhaltigen Onlineshop.","robots":{"index":"index","follow":"follow","max-snippet":"max-snippet:-1","max-image-preview":"max-image-preview:large","max-video-preview":"max-video-preview:-1"},"canonical":"https:\/\/wein-werte.com\/de\/produkt\/trapet-alsace-gewurztraminer-sonnenglanz-grand-cru-2018-750ml\/","og_locale":"de_DE","og_type":"article","og_title":"Trapet Alsace Gew\u00fcrztraminer Sonnenglanz Grand Cru 2018","og_description":"Kaufe Trapet Alsace Gew\u00fcrztraminer Sonnenglanz Grand Cru 2018 (Gew\u00fcrztraminer, lieblich aus Elsass, Frankreich) bei Wein Werte, Ihrem nachhaltigen Onlineshop.","og_url":"https:\/\/wein-werte.com\/de\/produkt\/trapet-alsace-gewurztraminer-sonnenglanz-grand-cru-2018-750ml\/","og_site_name":"Wein Werte","og_image":[{"width":270,"height":1200,"url":"https:\/\/wein-werte.com\/wp-content\/uploads\/2026\/04\/Trapet-Alsace-Gewurztraminer-Sonnenglanz-Grand-Cru-2018-750ml.png","type":"image\/png"}],"twitter_card":"summary_large_image","twitter_misc":{"Gesch\u00e4tzte Lesezeit":"3\u00a0Minuten"},"schema":{"@context":"https:\/\/schema.org","@graph":[{"@type":"WebPage","@id":"https:\/\/wein-werte.com\/de\/produkt\/trapet-alsace-gewurztraminer-sonnenglanz-grand-cru-2018-750ml\/","url":"https:\/\/wein-werte.com\/de\/produkt\/trapet-alsace-gewurztraminer-sonnenglanz-grand-cru-2018-750ml\/","name":"Trapet Alsace Gew\u00fcrztraminer Sonnenglanz Grand Cru 2018","isPartOf":{"@id":"https:\/\/wein-werte.com\/de\/#website"},"primaryImageOfPage":{"@id":"https:\/\/wein-werte.com\/de\/produkt\/trapet-alsace-gewurztraminer-sonnenglanz-grand-cru-2018-750ml\/#primaryimage"},"image":{"@id":"https:\/\/wein-werte.com\/de\/produkt\/trapet-alsace-gewurztraminer-sonnenglanz-grand-cru-2018-750ml\/#primaryimage"},"thumbnailUrl":"https:\/\/wein-werte.com\/wp-content\/uploads\/2026\/04\/Trapet-Alsace-Gewurztraminer-Sonnenglanz-Grand-Cru-2018-750ml.png","datePublished":"2026-05-05T16:32:36+00:00","description":"Kaufe Trapet Alsace Gew\u00fcrztraminer Sonnenglanz Grand Cru 2018 (Gew\u00fcrztraminer, lieblich aus Elsass, Frankreich) bei Wein Werte, Ihrem nachhaltigen Onlineshop.","breadcrumb":{"@id":"https:\/\/wein-werte.com\/de\/produkt\/trapet-alsace-gewurztraminer-sonnenglanz-grand-cru-2018-750ml\/#breadcrumb"},"inLanguage":"de","potentialAction":[{"@type":"ReadAction","target":["https:\/\/wein-werte.com\/de\/produkt\/trapet-alsace-gewurztraminer-sonnenglanz-grand-cru-2018-750ml\/"]}]},{"@type":"ImageObject","inLanguage":"de","@id":"https:\/\/wein-werte.com\/de\/produkt\/trapet-alsace-gewurztraminer-sonnenglanz-grand-cru-2018-750ml\/#primaryimage","url":"https:\/\/wein-werte.com\/wp-content\/uploads\/2026\/04\/Trapet-Alsace-Gewurztraminer-Sonnenglanz-Grand-Cru-2018-750ml.png","contentUrl":"https:\/\/wein-werte.com\/wp-content\/uploads\/2026\/04\/Trapet-Alsace-Gewurztraminer-Sonnenglanz-Grand-Cru-2018-750ml.png","width":270,"height":1200,"caption":"Trapet Alsace Gew\u00fcrztraminer Sonnenglanz Grand Cru 2018 750ml"},{"@type":"BreadcrumbList","@id":"https:\/\/wein-werte.com\/de\/produkt\/trapet-alsace-gewurztraminer-sonnenglanz-grand-cru-2018-750ml\/#breadcrumb","itemListElement":[{"@type":"ListItem","position":1,"name":"Home","item":"https:\/\/wein-werte.com\/de\/"},{"@type":"ListItem","position":2,"name":"Shop","item":"https:\/\/wein-werte.com\/de\/shop\/"},{"@type":"ListItem","position":3,"name":"Trapet Alsace | Elsass | Gew\u00fcrztraminer Sonnenglanz Grand Cru | 2018 | 750ml | bio"}]},{"@type":"WebSite","@id":"https:\/\/wein-werte.com\/de\/#website","url":"https:\/\/wein-werte.com\/de\/","name":"Wein Werte","description":"","publisher":{"@id":"https:\/\/wein-werte.com\/de\/#organization"},"potentialAction":[{"@type":"SearchAction","target":{"@type":"EntryPoint","urlTemplate":"https:\/\/wein-werte.com\/de\/?s={search_term_string}"},"query-input":{"@type":"PropertyValueSpecification","valueRequired":true,"valueName":"search_term_string"}}],"inLanguage":"de"},{"@type":"Organization","@id":"https:\/\/wein-werte.com\/de\/#organization","name":"Vins Fins Thorrold","url":"https:\/\/wein-werte.com\/de\/","logo":{"@type":"ImageObject","inLanguage":"de","@id":"https:\/\/wein-werte.com\/de\/#\/schema\/logo\/image\/","url":"https:\/\/wein-werte.com\/wp-content\/uploads\/2023\/07\/Wein_werte_Logo700-1.png","contentUrl":"https:\/\/wein-werte.com\/wp-content\/uploads\/2023\/07\/Wein_werte_Logo700-1.png","width":700,"height":272,"caption":"Vins Fins Thorrold"},"image":{"@id":"https:\/\/wein-werte.com\/de\/#\/schema\/logo\/image\/"}}]}},"_links":{"self":[{"href":"https:\/\/wein-werte.com\/de\/wp-json\/wp\/v2\/product\/1135587","targetHints":{"allow":["GET"]}}],"collection":[{"href":"https:\/\/wein-werte.com\/de\/wp-json\/wp\/v2\/product"}],"about":[{"href":"https:\/\/wein-werte.com\/de\/wp-json\/wp\/v2\/types\/product"}],"wp:featuredmedia":[{"embeddable":true,"href":"https:\/\/wein-werte.com\/de\/wp-json\/wp\/v2\/media\/1145522"}],"wp:attachment":[{"href":"https:\/\/wein-werte.com\/de\/wp-json\/wp\/v2\/media?parent=1135587"}],"wp:term":[{"taxonomy":"product_brand","embeddable":true,"href":"https:\/\/wein-werte.com\/de\/wp-json\/wp\/v2\/product_brand?post=1135587"},{"taxonomy":"product_cat","embeddable":true,"href":"https:\/\/wein-werte.com\/de\/wp-json\/wp\/v2\/product_cat?post=1135587"},{"taxonomy":"product_tag","embeddable":true,"href":"https:\/\/wein-werte.com\/de\/wp-json\/wp\/v2\/product_tag?post=1135587"}],"curies":[{"name":"wp","href":"https:\/\/api.w.org\/{rel}","templated":true}]}}