{"id":1135564,"date":"2026-04-27T13:33:56","date_gmt":"2026-04-27T11:33:56","guid":{"rendered":"https:\/\/wein-werte.com\/product\/trapet-alsace-riesling-schlossberg-grand-cru-2017-750ml\/"},"modified":"2026-04-27T12:04:55","modified_gmt":"2026-04-27T10:04:55","slug":"trapet-alsace-riesling-schlossberg-grand-cru-2017-750ml","status":"publish","type":"product","link":"https:\/\/wein-werte.com\/de\/produkt\/trapet-alsace-riesling-schlossberg-grand-cru-2017-750ml\/","title":{"rendered":"Trapet Alsace | Elsass | Riesling Schlossberg Grand Cru | 2017 | 750ml"},"content":{"rendered":"<p>Produktbeschreibung f\u00fcr Trapet Alsace Riesling Schlossberg Grand Cru 2017  <\/p>\n<h5>Info zur Lage<\/h5>\n<p> Der Riesling stammt aus der Grand Cru-Lage Schlossberg n\u00f6rdlich von Kientzheim und Kayserberg. Die Lage erstreckt sich auf 230 bis 350 Metern H\u00f6he. Dabei ist der Schlossberg so steil, dass er terrassiert wurde. Der Boden des Schlossbergs ist vor allem von Granit und einem Gemisch aus Grauwacke und Sandstein gepr\u00e4gt. Der n\u00f6rdliche Teil wird vom Thannenkirch-Granit beeinflusst. Die B\u00f6den sind ausgesprochen mineralreich. <\/p>\n<h5>Farbe<\/h5>\n<p> Helles Goldgelb mit silbrigen Reflexen. <\/p>\n<h5>Nase<\/h5>\n<p> Im Aroma zeigt sich der 2017er Schlossberg Riesling Grand Cru mit reifer Frucht, die an Orange, Orangenzeste und Apfel erinnert. Honig und der Duft einer Bl\u00fctenwiese geben ihm Charme. Rauchige und pr\u00e4gnante Mineralit\u00e4t verleihen ihm bereits in der Nase Struktur und Tiefgang. <\/p>\n<h5>Gaumen<\/h5>\n<p> Sein Auftritt auf der Zunge ist pr\u00e4gnant, seine gestochen scharfe S\u00e4ure perfekt integriert in Frucht und Schmelz im Mittelbau, sein Nachhall lang und von Salzigkeit und anregendem Gerbstoff bestimmt \u2013 ein Wein mit Mega-Zukunft und ein wunderbarer Essensbegleiter, falls man ihn in seinem jugendlichen Stadium bereits \u00f6ffnen m\u00f6chte. Gro\u00dfe Gl\u00e4ser und die Karaffe lassen ihn zus\u00e4tzlich gewinnen.<\/p>\n<p>Copyright Vinaturel 2025<\/p>\n<p>Keywords: <a href=\"https:\/\/wein-werte.com\/de\/shop\/?swoof=1&#038;pa_producer=Trapet-Alsace\">Trapet Alsace<\/a> <a href=\"https:\/\/wein-werte.com\/de\/shop\/?swoof=1&#038;woof_text=Riesling Schlossberg Grand Cru\">Riesling Schlossberg Grand Cru<\/a> 2017  <a href=\"https:\/\/wein-werte.com\/de\/shop\/?swoof=1&#038;pa_region=Elsass\">Elsass<\/a> <a href=\"https:\/\/wein-werte.com\/de\/shop\/?swoof=1&#038;pa_country=Frankreich\">Frankreich<\/a><\/p>\n<h3>Wine Advocate<\/h3>\n<p>Punkte: 90<\/p>\n<p>Der Schlossberg Riesling 2017 bietet ein reines, intensives und w\u00fcrzig-phenolisches Bouquet von zersto\u00dfenen Granitsteinen und Jod. Am Gaumen pr\u00e4sentiert er sich vollmundig, dicht und hefig strukturiert, kristallklar und vital mit festem Tanningriff und einigen Gramm Restzucker. Noch nicht singend, etwas s\u00e4ttigend und im Abgang trocken, segelt der 2017er derzeit etwas im Nirgendwo. 13 % Alkoholgehalt. Naturkorken. Verkostet im Januar 2023.<br \/>Stephan Reinhardt<\/p>\n<p>Internetseite des Weinguts: <a href=\"http:\/\/www.domaine-trapet.fr\/alsace\/passions-quand-tu-nous-tiens.html\" target=\"_blank\">http:\/\/www.domaine-trapet.fr\/alsace\/passions-quand-tu-nous-tiens.html<\/a><\/p>\n","protected":false},"excerpt":{"rendered":"<p>Lieferzeit: 1 bis 2 Arbeitstage (DE), 2 bis 5 Arbeitstage (EU and CH)<\/p>\n","protected":false},"featured_media":1145504,"template":"","meta":[],"product_brand":[],"product_cat":[19],"product_tag":[],"class_list":{"0":"post-1135564","1":"product","2":"type-product","3":"status-publish","4":"has-post-thumbnail","6":"product_cat-unkategorisiert","7":"pa_alcohol-for-filter-12897","8":"pa_certified-biodynamic-nein-de","9":"pa_certified-organic-nein-de","10":"pa_colour-weiss","11":"pa_country-frankreich","12":"pa_grape-riesling","13":"pa_parker-points-for-filter-90-de-2","14":"pa_price-for-filter-10610","15":"pa_producer-trapet-alsace","16":"pa_region-elsass","17":"pa_size-ml-6584","18":"pa_sweetness-halbtrocken","19":"pa_type-2-still-de","20":"pa_vintage-2017-de","21":"entry","22":"has-media","24":"first","25":"instock","26":"taxable","27":"shipping-taxable","28":"purchasable","29":"product-type-simple"},"yoast_head":"<!-- This site is optimized with the Yoast SEO plugin v27.5 - https:\/\/yoast.com\/product\/yoast-seo-wordpress\/ -->\n<title>Trapet Alsace Riesling Schlossberg Grand Cru 2017<\/title>\n<meta name=\"description\" content=\"Kaufe Trapet Alsace Riesling Schlossberg Grand Cru 2017 (Riesling, halbtrocken aus Elsass, Frankreich) bei Wein Werte, Ihrem nachhaltigen Onlineshop.\" \/>\n<meta name=\"robots\" content=\"index, follow, max-snippet:-1, max-image-preview:large, max-video-preview:-1\" \/>\n<link rel=\"canonical\" href=\"https:\/\/wein-werte.com\/de\/produkt\/trapet-alsace-riesling-schlossberg-grand-cru-2017-750ml\/\" \/>\n<meta property=\"og:locale\" content=\"de_DE\" \/>\n<meta property=\"og:type\" content=\"article\" \/>\n<meta property=\"og:title\" content=\"Trapet Alsace Riesling Schlossberg Grand Cru 2017\" \/>\n<meta property=\"og:description\" content=\"Kaufe Trapet Alsace Riesling Schlossberg Grand Cru 2017 (Riesling, halbtrocken aus Elsass, Frankreich) bei Wein Werte, Ihrem nachhaltigen Onlineshop.\" \/>\n<meta property=\"og:url\" content=\"https:\/\/wein-werte.com\/de\/produkt\/trapet-alsace-riesling-schlossberg-grand-cru-2017-750ml\/\" \/>\n<meta property=\"og:site_name\" content=\"Wein Werte\" \/>\n<meta property=\"og:image\" content=\"https:\/\/wein-werte.com\/wp-content\/uploads\/2026\/04\/Trapet-Alsace-Riesling-Schlossberg-Grand-Cru-2017-750ml.png\" \/>\n\t<meta property=\"og:image:width\" content=\"267\" \/>\n\t<meta property=\"og:image:height\" content=\"1200\" \/>\n\t<meta property=\"og:image:type\" content=\"image\/png\" \/>\n<meta name=\"twitter:card\" content=\"summary_large_image\" \/>\n<meta name=\"twitter:label1\" content=\"Gesch\u00e4tzte Lesezeit\" \/>\n\t<meta name=\"twitter:data1\" content=\"1\u00a0Minute\" \/>\n<script type=\"application\/ld+json\" class=\"yoast-schema-graph\">{\"@context\":\"https:\\\/\\\/schema.org\",\"@graph\":[{\"@type\":\"WebPage\",\"@id\":\"https:\\\/\\\/wein-werte.com\\\/de\\\/produkt\\\/trapet-alsace-riesling-schlossberg-grand-cru-2017-750ml\\\/\",\"url\":\"https:\\\/\\\/wein-werte.com\\\/de\\\/produkt\\\/trapet-alsace-riesling-schlossberg-grand-cru-2017-750ml\\\/\",\"name\":\"Trapet Alsace Riesling Schlossberg Grand Cru 2017\",\"isPartOf\":{\"@id\":\"https:\\\/\\\/wein-werte.com\\\/de\\\/#website\"},\"primaryImageOfPage\":{\"@id\":\"https:\\\/\\\/wein-werte.com\\\/de\\\/produkt\\\/trapet-alsace-riesling-schlossberg-grand-cru-2017-750ml\\\/#primaryimage\"},\"image\":{\"@id\":\"https:\\\/\\\/wein-werte.com\\\/de\\\/produkt\\\/trapet-alsace-riesling-schlossberg-grand-cru-2017-750ml\\\/#primaryimage\"},\"thumbnailUrl\":\"https:\\\/\\\/wein-werte.com\\\/wp-content\\\/uploads\\\/2026\\\/04\\\/Trapet-Alsace-Riesling-Schlossberg-Grand-Cru-2017-750ml.png\",\"datePublished\":\"2026-04-27T11:33:56+00:00\",\"description\":\"Kaufe Trapet Alsace Riesling Schlossberg Grand Cru 2017 (Riesling, halbtrocken aus Elsass, Frankreich) bei Wein Werte, Ihrem nachhaltigen Onlineshop.\",\"breadcrumb\":{\"@id\":\"https:\\\/\\\/wein-werte.com\\\/de\\\/produkt\\\/trapet-alsace-riesling-schlossberg-grand-cru-2017-750ml\\\/#breadcrumb\"},\"inLanguage\":\"de\",\"potentialAction\":[{\"@type\":\"ReadAction\",\"target\":[\"https:\\\/\\\/wein-werte.com\\\/de\\\/produkt\\\/trapet-alsace-riesling-schlossberg-grand-cru-2017-750ml\\\/\"]}]},{\"@type\":\"ImageObject\",\"inLanguage\":\"de\",\"@id\":\"https:\\\/\\\/wein-werte.com\\\/de\\\/produkt\\\/trapet-alsace-riesling-schlossberg-grand-cru-2017-750ml\\\/#primaryimage\",\"url\":\"https:\\\/\\\/wein-werte.com\\\/wp-content\\\/uploads\\\/2026\\\/04\\\/Trapet-Alsace-Riesling-Schlossberg-Grand-Cru-2017-750ml.png\",\"contentUrl\":\"https:\\\/\\\/wein-werte.com\\\/wp-content\\\/uploads\\\/2026\\\/04\\\/Trapet-Alsace-Riesling-Schlossberg-Grand-Cru-2017-750ml.png\",\"width\":267,\"height\":1200,\"caption\":\"Trapet Alsace Riesling Schlossberg Grand Cru 2017 750ml\"},{\"@type\":\"BreadcrumbList\",\"@id\":\"https:\\\/\\\/wein-werte.com\\\/de\\\/produkt\\\/trapet-alsace-riesling-schlossberg-grand-cru-2017-750ml\\\/#breadcrumb\",\"itemListElement\":[{\"@type\":\"ListItem\",\"position\":1,\"name\":\"Home\",\"item\":\"https:\\\/\\\/wein-werte.com\\\/de\\\/\"},{\"@type\":\"ListItem\",\"position\":2,\"name\":\"Shop\",\"item\":\"https:\\\/\\\/wein-werte.com\\\/de\\\/shop\\\/\"},{\"@type\":\"ListItem\",\"position\":3,\"name\":\"Trapet Alsace | Elsass | Riesling Schlossberg Grand Cru | 2017 | 750ml\"}]},{\"@type\":\"WebSite\",\"@id\":\"https:\\\/\\\/wein-werte.com\\\/de\\\/#website\",\"url\":\"https:\\\/\\\/wein-werte.com\\\/de\\\/\",\"name\":\"Wein Werte\",\"description\":\"\",\"publisher\":{\"@id\":\"https:\\\/\\\/wein-werte.com\\\/de\\\/#organization\"},\"potentialAction\":[{\"@type\":\"SearchAction\",\"target\":{\"@type\":\"EntryPoint\",\"urlTemplate\":\"https:\\\/\\\/wein-werte.com\\\/de\\\/?s={search_term_string}\"},\"query-input\":{\"@type\":\"PropertyValueSpecification\",\"valueRequired\":true,\"valueName\":\"search_term_string\"}}],\"inLanguage\":\"de\"},{\"@type\":\"Organization\",\"@id\":\"https:\\\/\\\/wein-werte.com\\\/de\\\/#organization\",\"name\":\"Vins Fins Thorrold\",\"url\":\"https:\\\/\\\/wein-werte.com\\\/de\\\/\",\"logo\":{\"@type\":\"ImageObject\",\"inLanguage\":\"de\",\"@id\":\"https:\\\/\\\/wein-werte.com\\\/de\\\/#\\\/schema\\\/logo\\\/image\\\/\",\"url\":\"https:\\\/\\\/wein-werte.com\\\/wp-content\\\/uploads\\\/2023\\\/07\\\/Wein_werte_Logo700-1.png\",\"contentUrl\":\"https:\\\/\\\/wein-werte.com\\\/wp-content\\\/uploads\\\/2023\\\/07\\\/Wein_werte_Logo700-1.png\",\"width\":700,\"height\":272,\"caption\":\"Vins Fins Thorrold\"},\"image\":{\"@id\":\"https:\\\/\\\/wein-werte.com\\\/de\\\/#\\\/schema\\\/logo\\\/image\\\/\"}}]}<\/script>\n<!-- \/ Yoast SEO plugin. -->","yoast_head_json":{"title":"Trapet Alsace Riesling Schlossberg Grand Cru 2017","description":"Kaufe Trapet Alsace Riesling Schlossberg Grand Cru 2017 (Riesling, halbtrocken aus Elsass, Frankreich) bei Wein Werte, Ihrem nachhaltigen Onlineshop.","robots":{"index":"index","follow":"follow","max-snippet":"max-snippet:-1","max-image-preview":"max-image-preview:large","max-video-preview":"max-video-preview:-1"},"canonical":"https:\/\/wein-werte.com\/de\/produkt\/trapet-alsace-riesling-schlossberg-grand-cru-2017-750ml\/","og_locale":"de_DE","og_type":"article","og_title":"Trapet Alsace Riesling Schlossberg Grand Cru 2017","og_description":"Kaufe Trapet Alsace Riesling Schlossberg Grand Cru 2017 (Riesling, halbtrocken aus Elsass, Frankreich) bei Wein Werte, Ihrem nachhaltigen Onlineshop.","og_url":"https:\/\/wein-werte.com\/de\/produkt\/trapet-alsace-riesling-schlossberg-grand-cru-2017-750ml\/","og_site_name":"Wein Werte","og_image":[{"width":267,"height":1200,"url":"https:\/\/wein-werte.com\/wp-content\/uploads\/2026\/04\/Trapet-Alsace-Riesling-Schlossberg-Grand-Cru-2017-750ml.png","type":"image\/png"}],"twitter_card":"summary_large_image","twitter_misc":{"Gesch\u00e4tzte Lesezeit":"1\u00a0Minute"},"schema":{"@context":"https:\/\/schema.org","@graph":[{"@type":"WebPage","@id":"https:\/\/wein-werte.com\/de\/produkt\/trapet-alsace-riesling-schlossberg-grand-cru-2017-750ml\/","url":"https:\/\/wein-werte.com\/de\/produkt\/trapet-alsace-riesling-schlossberg-grand-cru-2017-750ml\/","name":"Trapet Alsace Riesling Schlossberg Grand Cru 2017","isPartOf":{"@id":"https:\/\/wein-werte.com\/de\/#website"},"primaryImageOfPage":{"@id":"https:\/\/wein-werte.com\/de\/produkt\/trapet-alsace-riesling-schlossberg-grand-cru-2017-750ml\/#primaryimage"},"image":{"@id":"https:\/\/wein-werte.com\/de\/produkt\/trapet-alsace-riesling-schlossberg-grand-cru-2017-750ml\/#primaryimage"},"thumbnailUrl":"https:\/\/wein-werte.com\/wp-content\/uploads\/2026\/04\/Trapet-Alsace-Riesling-Schlossberg-Grand-Cru-2017-750ml.png","datePublished":"2026-04-27T11:33:56+00:00","description":"Kaufe Trapet Alsace Riesling Schlossberg Grand Cru 2017 (Riesling, halbtrocken aus Elsass, Frankreich) bei Wein Werte, Ihrem nachhaltigen Onlineshop.","breadcrumb":{"@id":"https:\/\/wein-werte.com\/de\/produkt\/trapet-alsace-riesling-schlossberg-grand-cru-2017-750ml\/#breadcrumb"},"inLanguage":"de","potentialAction":[{"@type":"ReadAction","target":["https:\/\/wein-werte.com\/de\/produkt\/trapet-alsace-riesling-schlossberg-grand-cru-2017-750ml\/"]}]},{"@type":"ImageObject","inLanguage":"de","@id":"https:\/\/wein-werte.com\/de\/produkt\/trapet-alsace-riesling-schlossberg-grand-cru-2017-750ml\/#primaryimage","url":"https:\/\/wein-werte.com\/wp-content\/uploads\/2026\/04\/Trapet-Alsace-Riesling-Schlossberg-Grand-Cru-2017-750ml.png","contentUrl":"https:\/\/wein-werte.com\/wp-content\/uploads\/2026\/04\/Trapet-Alsace-Riesling-Schlossberg-Grand-Cru-2017-750ml.png","width":267,"height":1200,"caption":"Trapet Alsace Riesling Schlossberg Grand Cru 2017 750ml"},{"@type":"BreadcrumbList","@id":"https:\/\/wein-werte.com\/de\/produkt\/trapet-alsace-riesling-schlossberg-grand-cru-2017-750ml\/#breadcrumb","itemListElement":[{"@type":"ListItem","position":1,"name":"Home","item":"https:\/\/wein-werte.com\/de\/"},{"@type":"ListItem","position":2,"name":"Shop","item":"https:\/\/wein-werte.com\/de\/shop\/"},{"@type":"ListItem","position":3,"name":"Trapet Alsace | Elsass | Riesling Schlossberg Grand Cru | 2017 | 750ml"}]},{"@type":"WebSite","@id":"https:\/\/wein-werte.com\/de\/#website","url":"https:\/\/wein-werte.com\/de\/","name":"Wein Werte","description":"","publisher":{"@id":"https:\/\/wein-werte.com\/de\/#organization"},"potentialAction":[{"@type":"SearchAction","target":{"@type":"EntryPoint","urlTemplate":"https:\/\/wein-werte.com\/de\/?s={search_term_string}"},"query-input":{"@type":"PropertyValueSpecification","valueRequired":true,"valueName":"search_term_string"}}],"inLanguage":"de"},{"@type":"Organization","@id":"https:\/\/wein-werte.com\/de\/#organization","name":"Vins Fins Thorrold","url":"https:\/\/wein-werte.com\/de\/","logo":{"@type":"ImageObject","inLanguage":"de","@id":"https:\/\/wein-werte.com\/de\/#\/schema\/logo\/image\/","url":"https:\/\/wein-werte.com\/wp-content\/uploads\/2023\/07\/Wein_werte_Logo700-1.png","contentUrl":"https:\/\/wein-werte.com\/wp-content\/uploads\/2023\/07\/Wein_werte_Logo700-1.png","width":700,"height":272,"caption":"Vins Fins Thorrold"},"image":{"@id":"https:\/\/wein-werte.com\/de\/#\/schema\/logo\/image\/"}}]}},"_links":{"self":[{"href":"https:\/\/wein-werte.com\/de\/wp-json\/wp\/v2\/product\/1135564","targetHints":{"allow":["GET"]}}],"collection":[{"href":"https:\/\/wein-werte.com\/de\/wp-json\/wp\/v2\/product"}],"about":[{"href":"https:\/\/wein-werte.com\/de\/wp-json\/wp\/v2\/types\/product"}],"wp:featuredmedia":[{"embeddable":true,"href":"https:\/\/wein-werte.com\/de\/wp-json\/wp\/v2\/media\/1145504"}],"wp:attachment":[{"href":"https:\/\/wein-werte.com\/de\/wp-json\/wp\/v2\/media?parent=1135564"}],"wp:term":[{"taxonomy":"product_brand","embeddable":true,"href":"https:\/\/wein-werte.com\/de\/wp-json\/wp\/v2\/product_brand?post=1135564"},{"taxonomy":"product_cat","embeddable":true,"href":"https:\/\/wein-werte.com\/de\/wp-json\/wp\/v2\/product_cat?post=1135564"},{"taxonomy":"product_tag","embeddable":true,"href":"https:\/\/wein-werte.com\/de\/wp-json\/wp\/v2\/product_tag?post=1135564"}],"curies":[{"name":"wp","href":"https:\/\/api.w.org\/{rel}","templated":true}]}}