{"id":1135411,"date":"2026-05-05T18:32:24","date_gmt":"2026-05-05T16:32:24","guid":{"rendered":"https:\/\/wein-werte.com\/product\/zind-humbrecht-riesling-hengst-grand-cru-2022-750ml\/"},"modified":"2026-04-27T12:04:36","modified_gmt":"2026-04-27T10:04:36","slug":"zind-humbrecht-riesling-hengst-grand-cru-2022-750ml","status":"publish","type":"product","link":"https:\/\/wein-werte.com\/de\/produkt\/zind-humbrecht-riesling-hengst-grand-cru-2022-750ml\/","title":{"rendered":"Zind-Humbrecht | Elsass | Riesling Hengst Grand Cru | 2022 | 750ml | bio"},"content":{"rendered":"<p>Produktbeschreibung f\u00fcr Zind-Humbrecht Riesling Hengst Grand Cru 2022 (bio) <\/p>\n<h5>Info zum Wein<\/h5>\n<h5>Olivier Humbrecht<\/h5>\n<p> Der Grand Cru Hengst befindet sich auf dem s\u00fcd\u00f6stlichen Teil des Rotenbergs in Wintzenheim. Die Geologie des roten Mergelkalkes hat schon immer (und auch heute noch) gro\u00dfe Gew\u00fcrztraminer-Weine hervorgebracht. Trotz des warmen und fr\u00fchzeitigen Mikroklimas braucht der Hengst einige Zeit, um seine Zuckerreife zu erlangen, da die Mergelb\u00f6den mehr Sonnenenergie ben\u00f6tigen, um sich zu erw\u00e4rmen. Das eisenhaltige Muttergestein beg\u00fcnstigt auch eine gute Tanninreife, einer der Gr\u00fcnde, warum der Hengst vor kurzem auch den Status eines Grand Cru f\u00fcr Rotweine erhalten hat. In j\u00fcngster Zeit hat der Klimawandel dazu gef\u00fchrt, dass in diesem Grand Cru immer mehr Riesling angebaut wird. Als wir also beschlossen, einige Gew\u00fcrztraminer zu ersetzen, die auf dem k\u00fchleren \u00f6stlichen Teil des Hengst gepflanzt worden waren, war Riesling eine naheliegende Wahl (Pinot Noir w\u00e4re es auch gewesen!). Die kleine Ernte im Jahr 2022 (etwas Hagel im Juni), die langsame und perfekte Reife erm\u00f6glichten die Produktion eines gro\u00dfartigen trockenen Rieslings. <\/p>\n<h5>Farbe<\/h5>\n<p> Strahlendes Goldgelb. <\/p>\n<h5>Nase<\/h5>\n<p> Der 2022er Riesling Hengst zeigt sich mit purer Lebendigkeit in der Nase, duftige Bl\u00fcten paaren sich mit Zitrone, Pfirsich, gr\u00fcner Apfel und frischem Ingwer. Zugleich deutet sich seine Saftigkeit und wundersch\u00f6n dichte Struktur an. Man m\u00f6chte Eintauchen in diese Fruchtf\u00fclle und Exotik. <\/p>\n<h5>Gaumen<\/h5>\n<p> Auf der Zunge prescht der Hengst nach vorne wie ein sehniges und kraftvolles Rennpferd, er explodiert f\u00f6rmlich mit saftiger und exotischer Frucht, die von einer belebenden S\u00e4ure begleitet wird. Seine lebendige Frische und feine Gerbstoffstruktur verleiht ihm ein wundersch\u00f6nes Ger\u00fcst. Power without weight lautet hier das Credo, in ein paar Jahren wird er sich in seiner ganzen Sch\u00f6nheit offenbaren. Mehrere Tage der \u00d6ffnung lassen ihn gewinnen. Sehr gutes Lagerpotential. Unbedingt dekantieren und nicht zu kalt aus einem gr\u00f6\u00dferen Glas genie\u00dfen.<\/p>\n<p>Copyright Vinaturel 2025<\/p>\n<p>Keywords: <a href=\"https:\/\/wein-werte.com\/de\/shop\/?swoof=1&#038;pa_producer=Zind-Humbrecht\">Zind-Humbrecht<\/a> <a href=\"https:\/\/wein-werte.com\/de\/shop\/?swoof=1&#038;woof_text=Riesling Hengst Grand Cru\">Riesling Hengst Grand Cru<\/a> 2022 bio <a href=\"https:\/\/wein-werte.com\/de\/shop\/?swoof=1&#038;pa_region=Elsass\">Elsass<\/a> <a href=\"https:\/\/wein-werte.com\/de\/shop\/?swoof=1&#038;pa_country=Frankreich\">Frankreich<\/a><\/p>\n<h3>Wine Advocate<\/h3>\n<p>Punkte: 95<\/p>\n<p>Aus einem k\u00fchleren, h\u00f6her gelegenen Teil des Grand Cru, der nach Ost-S\u00fcdost ausgerichtet ist und auf felsigen, r\u00f6tlichen B\u00f6den liegt, er\u00f6ffnet der Hengst Wintzenheim Riesling 2022 mit einem sehr tiefen und k\u00fchlen, intensiven und komplexen, aber dennoch raffinierten und eleganten, terroirbetonten Bouquet mit frischem Apfelmus und w\u00fcrzigen und salzigen Terroirnoten. Vollmundig, sehr elegant und nicht zu reichhaltig, ist dies ein dichter und ausgewogener, weniger rassiger Riesling als der Clos H\u00e4userer, aber mit einem langen, intensiven und fein tanninhaltigen Abgang. Nach 500 Litern des ersten Jahrgangs 2021 wurden im Januar 2024 3.200 Flaschen und 170 Magnumflaschen des Jahrgangs 2022 abgef\u00fcllt. Der Weinberg wurde 2016 mit eigenen Selektionen mit einer Dichte von 9.000 Rebst\u00f6cken pro Hektar bepflanzt, was im Jahr 2022 einen Ertrag von 28 Hektolitern pro Hektar brachte. 12,83 % Alkoholgehalt. Naturkorken. Verkostung im April 2024 auf dem Weingut.<br \/>Stephan Reinhardt<\/p>\n<h3>Vinous<\/h3>\n<p>Punkte: 94<\/p>\n<p>Der Riesling Grand Cru Hengst 2022 wird auf der Ostseite des Hengst geerntet. Die Parzelle wurde 2016 mit hoher Dichte bepflanzt, und der erste Jahrgang des Weines war der 2021er. Herrlich rauchiger Feuerstein geht subtilen floralen Noten und Mandarinenschalen voraus. Die Saftigkeit am Gaumen ist allumfassend und entfaltet wunderbar reife, frische Mirabellenfr\u00fcchte, durchzogen von feinen, mandarinenartigen, reifen Zitrusnoten. Der 2022er ist ruhig, hell und sonnig, mit einem langen, spritzigen Nachgeschmack. (Knochentrocken) \u2013 Anne Krebiehl MW<br \/>Trinkfenster: 2026\u20132050<br \/>Bewertungsdatum: April 2024<\/p>\n<p>Internetseite des Weinguts: <a href=\"http:\/\/www.zindhumbrecht.fr\/\" target=\"_blank\">http:\/\/www.zindhumbrecht.fr\/<\/a><\/p>\n","protected":false},"excerpt":{"rendered":"<p>Lieferzeit: 1 bis 2 Arbeitstage (DE), 2 bis 5 Arbeitstage (EU and CH)<\/p>\n","protected":false},"featured_media":1145382,"template":"","meta":[],"product_brand":[],"product_cat":[19],"product_tag":[],"class_list":{"0":"post-1135411","1":"product","2":"type-product","3":"status-publish","4":"has-post-thumbnail","6":"product_cat-unkategorisiert","7":"pa_alcohol-for-filter-12897","8":"pa_certified-biodynamic-ja-de","9":"pa_certified-organic-ja-de","10":"pa_colour-weiss","11":"pa_country-frankreich","12":"pa_grape-riesling","13":"pa_parker-points-for-filter-95-de","14":"pa_price-for-filter-10623","15":"pa_producer-zind-humbrecht","16":"pa_region-elsass","17":"pa_size-ml-6584","18":"pa_sweetness-trocken-de","19":"pa_type-2-still-de","20":"pa_vinous-points-for-filter-20033","21":"pa_vintage-2022-de","22":"entry","23":"has-media","25":"first","26":"instock","27":"taxable","28":"shipping-taxable","29":"purchasable","30":"product-type-simple"},"yoast_head":"<!-- This site is optimized with the Yoast SEO plugin v27.5 - https:\/\/yoast.com\/product\/yoast-seo-wordpress\/ -->\n<title>Zind-Humbrecht Riesling Hengst Grand Cru 2022<\/title>\n<meta name=\"description\" content=\"Kaufe Zind-Humbrecht Riesling Hengst Grand Cru 2022 (Riesling, trocken aus Elsass, Frankreich) bei Wein Werte, Ihrem nachhaltigen Onlineshop.\" \/>\n<meta name=\"robots\" content=\"index, follow, max-snippet:-1, max-image-preview:large, max-video-preview:-1\" \/>\n<link rel=\"canonical\" href=\"https:\/\/wein-werte.com\/de\/produkt\/zind-humbrecht-riesling-hengst-grand-cru-2022-750ml\/\" \/>\n<meta property=\"og:locale\" content=\"de_DE\" \/>\n<meta property=\"og:type\" content=\"article\" \/>\n<meta property=\"og:title\" content=\"Zind-Humbrecht Riesling Hengst Grand Cru 2022\" \/>\n<meta property=\"og:description\" content=\"Kaufe Zind-Humbrecht Riesling Hengst Grand Cru 2022 (Riesling, trocken aus Elsass, Frankreich) bei Wein Werte, Ihrem nachhaltigen Onlineshop.\" \/>\n<meta property=\"og:url\" content=\"https:\/\/wein-werte.com\/de\/produkt\/zind-humbrecht-riesling-hengst-grand-cru-2022-750ml\/\" \/>\n<meta property=\"og:site_name\" content=\"Wein Werte\" \/>\n<meta property=\"og:image\" content=\"https:\/\/wein-werte.com\/wp-content\/uploads\/2026\/04\/Zind-Humbrecht-Riesling-Hengst-Grand-Cru-2022-750ml.png\" \/>\n\t<meta property=\"og:image:width\" content=\"272\" \/>\n\t<meta property=\"og:image:height\" content=\"1200\" \/>\n\t<meta property=\"og:image:type\" content=\"image\/png\" \/>\n<meta name=\"twitter:card\" content=\"summary_large_image\" \/>\n<meta name=\"twitter:label1\" content=\"Gesch\u00e4tzte Lesezeit\" \/>\n\t<meta name=\"twitter:data1\" content=\"3\u00a0Minuten\" \/>\n<script type=\"application\/ld+json\" class=\"yoast-schema-graph\">{\"@context\":\"https:\\\/\\\/schema.org\",\"@graph\":[{\"@type\":\"WebPage\",\"@id\":\"https:\\\/\\\/wein-werte.com\\\/de\\\/produkt\\\/zind-humbrecht-riesling-hengst-grand-cru-2022-750ml\\\/\",\"url\":\"https:\\\/\\\/wein-werte.com\\\/de\\\/produkt\\\/zind-humbrecht-riesling-hengst-grand-cru-2022-750ml\\\/\",\"name\":\"Zind-Humbrecht Riesling Hengst Grand Cru 2022\",\"isPartOf\":{\"@id\":\"https:\\\/\\\/wein-werte.com\\\/de\\\/#website\"},\"primaryImageOfPage\":{\"@id\":\"https:\\\/\\\/wein-werte.com\\\/de\\\/produkt\\\/zind-humbrecht-riesling-hengst-grand-cru-2022-750ml\\\/#primaryimage\"},\"image\":{\"@id\":\"https:\\\/\\\/wein-werte.com\\\/de\\\/produkt\\\/zind-humbrecht-riesling-hengst-grand-cru-2022-750ml\\\/#primaryimage\"},\"thumbnailUrl\":\"https:\\\/\\\/wein-werte.com\\\/wp-content\\\/uploads\\\/2026\\\/04\\\/Zind-Humbrecht-Riesling-Hengst-Grand-Cru-2022-750ml.png\",\"datePublished\":\"2026-05-05T16:32:24+00:00\",\"description\":\"Kaufe Zind-Humbrecht Riesling Hengst Grand Cru 2022 (Riesling, trocken aus Elsass, Frankreich) bei Wein Werte, Ihrem nachhaltigen Onlineshop.\",\"breadcrumb\":{\"@id\":\"https:\\\/\\\/wein-werte.com\\\/de\\\/produkt\\\/zind-humbrecht-riesling-hengst-grand-cru-2022-750ml\\\/#breadcrumb\"},\"inLanguage\":\"de\",\"potentialAction\":[{\"@type\":\"ReadAction\",\"target\":[\"https:\\\/\\\/wein-werte.com\\\/de\\\/produkt\\\/zind-humbrecht-riesling-hengst-grand-cru-2022-750ml\\\/\"]}]},{\"@type\":\"ImageObject\",\"inLanguage\":\"de\",\"@id\":\"https:\\\/\\\/wein-werte.com\\\/de\\\/produkt\\\/zind-humbrecht-riesling-hengst-grand-cru-2022-750ml\\\/#primaryimage\",\"url\":\"https:\\\/\\\/wein-werte.com\\\/wp-content\\\/uploads\\\/2026\\\/04\\\/Zind-Humbrecht-Riesling-Hengst-Grand-Cru-2022-750ml.png\",\"contentUrl\":\"https:\\\/\\\/wein-werte.com\\\/wp-content\\\/uploads\\\/2026\\\/04\\\/Zind-Humbrecht-Riesling-Hengst-Grand-Cru-2022-750ml.png\",\"width\":272,\"height\":1200,\"caption\":\"Zind-Humbrecht Riesling Hengst Grand Cru 2022 750ml\"},{\"@type\":\"BreadcrumbList\",\"@id\":\"https:\\\/\\\/wein-werte.com\\\/de\\\/produkt\\\/zind-humbrecht-riesling-hengst-grand-cru-2022-750ml\\\/#breadcrumb\",\"itemListElement\":[{\"@type\":\"ListItem\",\"position\":1,\"name\":\"Home\",\"item\":\"https:\\\/\\\/wein-werte.com\\\/de\\\/\"},{\"@type\":\"ListItem\",\"position\":2,\"name\":\"Shop\",\"item\":\"https:\\\/\\\/wein-werte.com\\\/de\\\/shop\\\/\"},{\"@type\":\"ListItem\",\"position\":3,\"name\":\"Zind-Humbrecht | Elsass | Riesling Hengst Grand Cru | 2022 | 750ml | bio\"}]},{\"@type\":\"WebSite\",\"@id\":\"https:\\\/\\\/wein-werte.com\\\/de\\\/#website\",\"url\":\"https:\\\/\\\/wein-werte.com\\\/de\\\/\",\"name\":\"Wein Werte\",\"description\":\"\",\"publisher\":{\"@id\":\"https:\\\/\\\/wein-werte.com\\\/de\\\/#organization\"},\"potentialAction\":[{\"@type\":\"SearchAction\",\"target\":{\"@type\":\"EntryPoint\",\"urlTemplate\":\"https:\\\/\\\/wein-werte.com\\\/de\\\/?s={search_term_string}\"},\"query-input\":{\"@type\":\"PropertyValueSpecification\",\"valueRequired\":true,\"valueName\":\"search_term_string\"}}],\"inLanguage\":\"de\"},{\"@type\":\"Organization\",\"@id\":\"https:\\\/\\\/wein-werte.com\\\/de\\\/#organization\",\"name\":\"Vins Fins Thorrold\",\"url\":\"https:\\\/\\\/wein-werte.com\\\/de\\\/\",\"logo\":{\"@type\":\"ImageObject\",\"inLanguage\":\"de\",\"@id\":\"https:\\\/\\\/wein-werte.com\\\/de\\\/#\\\/schema\\\/logo\\\/image\\\/\",\"url\":\"https:\\\/\\\/wein-werte.com\\\/wp-content\\\/uploads\\\/2023\\\/07\\\/Wein_werte_Logo700-1.png\",\"contentUrl\":\"https:\\\/\\\/wein-werte.com\\\/wp-content\\\/uploads\\\/2023\\\/07\\\/Wein_werte_Logo700-1.png\",\"width\":700,\"height\":272,\"caption\":\"Vins Fins Thorrold\"},\"image\":{\"@id\":\"https:\\\/\\\/wein-werte.com\\\/de\\\/#\\\/schema\\\/logo\\\/image\\\/\"}}]}<\/script>\n<!-- \/ Yoast SEO plugin. -->","yoast_head_json":{"title":"Zind-Humbrecht Riesling Hengst Grand Cru 2022","description":"Kaufe Zind-Humbrecht Riesling Hengst Grand Cru 2022 (Riesling, trocken aus Elsass, Frankreich) bei Wein Werte, Ihrem nachhaltigen Onlineshop.","robots":{"index":"index","follow":"follow","max-snippet":"max-snippet:-1","max-image-preview":"max-image-preview:large","max-video-preview":"max-video-preview:-1"},"canonical":"https:\/\/wein-werte.com\/de\/produkt\/zind-humbrecht-riesling-hengst-grand-cru-2022-750ml\/","og_locale":"de_DE","og_type":"article","og_title":"Zind-Humbrecht Riesling Hengst Grand Cru 2022","og_description":"Kaufe Zind-Humbrecht Riesling Hengst Grand Cru 2022 (Riesling, trocken aus Elsass, Frankreich) bei Wein Werte, Ihrem nachhaltigen Onlineshop.","og_url":"https:\/\/wein-werte.com\/de\/produkt\/zind-humbrecht-riesling-hengst-grand-cru-2022-750ml\/","og_site_name":"Wein Werte","og_image":[{"width":272,"height":1200,"url":"https:\/\/wein-werte.com\/wp-content\/uploads\/2026\/04\/Zind-Humbrecht-Riesling-Hengst-Grand-Cru-2022-750ml.png","type":"image\/png"}],"twitter_card":"summary_large_image","twitter_misc":{"Gesch\u00e4tzte Lesezeit":"3\u00a0Minuten"},"schema":{"@context":"https:\/\/schema.org","@graph":[{"@type":"WebPage","@id":"https:\/\/wein-werte.com\/de\/produkt\/zind-humbrecht-riesling-hengst-grand-cru-2022-750ml\/","url":"https:\/\/wein-werte.com\/de\/produkt\/zind-humbrecht-riesling-hengst-grand-cru-2022-750ml\/","name":"Zind-Humbrecht Riesling Hengst Grand Cru 2022","isPartOf":{"@id":"https:\/\/wein-werte.com\/de\/#website"},"primaryImageOfPage":{"@id":"https:\/\/wein-werte.com\/de\/produkt\/zind-humbrecht-riesling-hengst-grand-cru-2022-750ml\/#primaryimage"},"image":{"@id":"https:\/\/wein-werte.com\/de\/produkt\/zind-humbrecht-riesling-hengst-grand-cru-2022-750ml\/#primaryimage"},"thumbnailUrl":"https:\/\/wein-werte.com\/wp-content\/uploads\/2026\/04\/Zind-Humbrecht-Riesling-Hengst-Grand-Cru-2022-750ml.png","datePublished":"2026-05-05T16:32:24+00:00","description":"Kaufe Zind-Humbrecht Riesling Hengst Grand Cru 2022 (Riesling, trocken aus Elsass, Frankreich) bei Wein Werte, Ihrem nachhaltigen Onlineshop.","breadcrumb":{"@id":"https:\/\/wein-werte.com\/de\/produkt\/zind-humbrecht-riesling-hengst-grand-cru-2022-750ml\/#breadcrumb"},"inLanguage":"de","potentialAction":[{"@type":"ReadAction","target":["https:\/\/wein-werte.com\/de\/produkt\/zind-humbrecht-riesling-hengst-grand-cru-2022-750ml\/"]}]},{"@type":"ImageObject","inLanguage":"de","@id":"https:\/\/wein-werte.com\/de\/produkt\/zind-humbrecht-riesling-hengst-grand-cru-2022-750ml\/#primaryimage","url":"https:\/\/wein-werte.com\/wp-content\/uploads\/2026\/04\/Zind-Humbrecht-Riesling-Hengst-Grand-Cru-2022-750ml.png","contentUrl":"https:\/\/wein-werte.com\/wp-content\/uploads\/2026\/04\/Zind-Humbrecht-Riesling-Hengst-Grand-Cru-2022-750ml.png","width":272,"height":1200,"caption":"Zind-Humbrecht Riesling Hengst Grand Cru 2022 750ml"},{"@type":"BreadcrumbList","@id":"https:\/\/wein-werte.com\/de\/produkt\/zind-humbrecht-riesling-hengst-grand-cru-2022-750ml\/#breadcrumb","itemListElement":[{"@type":"ListItem","position":1,"name":"Home","item":"https:\/\/wein-werte.com\/de\/"},{"@type":"ListItem","position":2,"name":"Shop","item":"https:\/\/wein-werte.com\/de\/shop\/"},{"@type":"ListItem","position":3,"name":"Zind-Humbrecht | Elsass | Riesling Hengst Grand Cru | 2022 | 750ml | bio"}]},{"@type":"WebSite","@id":"https:\/\/wein-werte.com\/de\/#website","url":"https:\/\/wein-werte.com\/de\/","name":"Wein Werte","description":"","publisher":{"@id":"https:\/\/wein-werte.com\/de\/#organization"},"potentialAction":[{"@type":"SearchAction","target":{"@type":"EntryPoint","urlTemplate":"https:\/\/wein-werte.com\/de\/?s={search_term_string}"},"query-input":{"@type":"PropertyValueSpecification","valueRequired":true,"valueName":"search_term_string"}}],"inLanguage":"de"},{"@type":"Organization","@id":"https:\/\/wein-werte.com\/de\/#organization","name":"Vins Fins Thorrold","url":"https:\/\/wein-werte.com\/de\/","logo":{"@type":"ImageObject","inLanguage":"de","@id":"https:\/\/wein-werte.com\/de\/#\/schema\/logo\/image\/","url":"https:\/\/wein-werte.com\/wp-content\/uploads\/2023\/07\/Wein_werte_Logo700-1.png","contentUrl":"https:\/\/wein-werte.com\/wp-content\/uploads\/2023\/07\/Wein_werte_Logo700-1.png","width":700,"height":272,"caption":"Vins Fins Thorrold"},"image":{"@id":"https:\/\/wein-werte.com\/de\/#\/schema\/logo\/image\/"}}]}},"_links":{"self":[{"href":"https:\/\/wein-werte.com\/de\/wp-json\/wp\/v2\/product\/1135411","targetHints":{"allow":["GET"]}}],"collection":[{"href":"https:\/\/wein-werte.com\/de\/wp-json\/wp\/v2\/product"}],"about":[{"href":"https:\/\/wein-werte.com\/de\/wp-json\/wp\/v2\/types\/product"}],"wp:featuredmedia":[{"embeddable":true,"href":"https:\/\/wein-werte.com\/de\/wp-json\/wp\/v2\/media\/1145382"}],"wp:attachment":[{"href":"https:\/\/wein-werte.com\/de\/wp-json\/wp\/v2\/media?parent=1135411"}],"wp:term":[{"taxonomy":"product_brand","embeddable":true,"href":"https:\/\/wein-werte.com\/de\/wp-json\/wp\/v2\/product_brand?post=1135411"},{"taxonomy":"product_cat","embeddable":true,"href":"https:\/\/wein-werte.com\/de\/wp-json\/wp\/v2\/product_cat?post=1135411"},{"taxonomy":"product_tag","embeddable":true,"href":"https:\/\/wein-werte.com\/de\/wp-json\/wp\/v2\/product_tag?post=1135411"}],"curies":[{"name":"wp","href":"https:\/\/api.w.org\/{rel}","templated":true}]}}