{"id":1135401,"date":"2026-05-08T20:09:03","date_gmt":"2026-05-08T18:09:03","guid":{"rendered":"https:\/\/wein-werte.com\/product\/zind-humbrecht-riesling-clos-hauserer-2022-750ml\/"},"modified":"2026-04-27T12:04:36","modified_gmt":"2026-04-27T10:04:36","slug":"zind-humbrecht-riesling-clos-hauserer-2022-750ml","status":"publish","type":"product","link":"https:\/\/wein-werte.com\/de\/produkt\/zind-humbrecht-riesling-clos-hauserer-2022-750ml\/","title":{"rendered":"Zind-Humbrecht | Elsass | Riesling Clos H\u00e4userer | 2022 | 750ml | bio"},"content":{"rendered":"<p>Produktbeschreibung f\u00fcr Zind-Humbrecht Riesling Clos H\u00e4userer 2022 (bio) <\/p>\n<h5>Info zum Wein<\/h5>\n<h5>Olivier Humbrecht<\/h5>\n<p> Der Clos H\u00e4userer ist ein kleiner Monopolweinberg, der sich unterhalb des Grand Cru Hengst in der Gemeinde Wintzenheim befindet. Seine 1,2 ha wurden 1973 von meinem Vater L\u00e9onard Humbrecht zu 100% mit Riesling bepflanzt. Er liegt auf einem kalkhaltigen Muttergestein aus der Oligoz\u00e4nzeit. Der Boden besteht aus der Erosion der \u00e4lteren Kalksteine (Oolithikum), die sich in der zweiten Epoche auf den Vogesen befanden. Diese Kalksteinkiesel wurden dann in einem eisenreichen Sandstein zementiert, der auch einige Mengen Mergel enth\u00e4lt. Wir nennen sie Konglomeratkalksteine oder K\u00fcstenkalksteine (es ist das Meer, das diese Felsen erodiert hat). Diese B\u00f6den sind sehr interessant, weil sie einen hohen Anteil an Gesteinselementen (Kalkstein, Sandstein&#8230;) und feinere Elemente wie Mergel enthalten, die sie sehr trockenheitsresistent machen. Sie haben auch eine reiche mineralische Zusammensetzung. Der Clos H\u00e4userer liegt am Fu\u00dfe des H\u00fcgels und verf\u00fcgt \u00fcber einen besonders reichen Oberboden mit einem etwas h\u00f6heren Mergelanteil. Dies macht sich in den Weinen bemerkbar, da der Tonanteil auch einem Wein, der in den ersten Jahren fantastisch sein kann, eine gewisse Rundheit und einen gewissen Genuss verleiht. <\/p>\n<h5>Farbe<\/h5>\n<p> Strahlendes Goldgelb. <\/p>\n<h5>Nase<\/h5>\n<p> Der 2022er Riesling Clos H\u00e4userer pr\u00e4sentiert sich schlank und verspielt in der Nase, deutliche Aromen von Zitrone, Limette, Grapefruit und gr\u00fcnem Apfel verbinden sich mit k\u00fchler und kalkiger Note. Die Bel\u00fcftung in der Karaffe katapultiert den Duft nach Ingwer, Anis und Trockengeb\u00e4ck nach vorne, sowie Muschelschalen und Seetang. <\/p>\n<h5>Gaumen<\/h5>\n<p> Faszinierend ist diese lebendige Frische am Gaumen, die S\u00e4ure zeigt sich brillant, erneut in Kombination mit den Zitrusfr\u00fcchten der Nase und einer salzigen Spur. Sein R\u00fcckgrat ist saftig und lang anhaltend , seine feine Bitterkeit in Kombination mit der salzigen Zitrusfrische regt im langen Nachhall den Appetit auf Gerichte mit frischen Komponenten und konzentrierten Saucen an. Wer ihn zum jetzigen Zeitpunkt schon genie\u00dfen m\u00f6chte, sollte ihn unbedingt \u00fcber mehrere Stunden dekantieren und in einem ausreichend gro\u00dfen Glas servieren. Einige Tage der \u00d6ffnung lassen ihn an Ausdruck gewinnen.<\/p>\n<p>Copyright Vinaturel 2025<\/p>\n<p>Keywords: <a href=\"https:\/\/wein-werte.com\/de\/shop\/?swoof=1&#038;pa_producer=Zind-Humbrecht\">Zind-Humbrecht<\/a> <a href=\"https:\/\/wein-werte.com\/de\/shop\/?swoof=1&#038;woof_text=Riesling Clos H\u00e4userer\">Riesling Clos H\u00e4userer<\/a> 2022 bio <a href=\"https:\/\/wein-werte.com\/de\/shop\/?swoof=1&#038;pa_region=Elsass\">Elsass<\/a> <a href=\"https:\/\/wein-werte.com\/de\/shop\/?swoof=1&#038;pa_country=Frankreich\">Frankreich<\/a><\/p>\n<h3>Wine Advocate<\/h3>\n<p>Punkte: 94<\/p>\n<p>Der 2022er Clos H\u00e4userer Wintzenheim Riesling stammt aus einem sanft abfallenden, nach Osten ausgerichteten Weinberg, der 1973 gepflanzt wurde. Bei meiner Verkostung im April 2024 auf dem Weingut wirkte er noch etwas reduktiv, war aber dennoch klar und rein sowie aromatisch in der steinigen Nase, in der sich reife und konzentrierte Fr\u00fcchte mit den w\u00fcrzigen Noten des kalkhaltigen Mergel-Terroirs vermischten. Am Gaumen \u00fcppig, aber dennoch fein und elegant, ist dies ein dichter und intensiver, dicht strukturierter Riesling mit einem langen und intensiv mineralischen Abgang. Der 2022er wurde vollst\u00e4ndig trocken auf ein Gramm Restzucker pro Liter vergoren und kommt mit 13,4 % Alkohol. Naturkorken.<br \/>Stephan Reinhardt<\/p>\n<h3>Vinous<\/h3>\n<p>Punkte: 92<\/p>\n<p>Der Riesling Clos H\u00e4userer 2022 wird am Fu\u00dfe des Grand Cru Hengst geerntet, auf tiefen Mergelb\u00f6den mit Lehm, auf denen sich alle feinen Elemente der Zersetzung des Hengst abgelagert haben. Reife, saftige Birnennoten leuchten in der Nase, umrahmt von feiner Zitronenschale. Am Gaumen ist er saftig, voller Mirabellen- und Zitronennoten. Je l\u00e4nger er im Mund verweilt, desto intensiver wird er. Der Abgang ist dennoch relativ mild und geschmeidig, aber durchdrungen von einer herrlichen Grapefruitnote. (Knochentrocken) \u2013 Anne Krebiehl MW<br \/>Trinkfenster: 2024\u20132045<br \/>Bewertungsdatum: April 2024<\/p>\n<p>Internetseite des Weinguts: <a href=\"http:\/\/www.zindhumbrecht.fr\/\" target=\"_blank\">http:\/\/www.zindhumbrecht.fr\/<\/a><\/p>\n","protected":false},"excerpt":{"rendered":"<p>Lieferzeit: 1 bis 2 Arbeitstage (DE), 2 bis 5 Arbeitstage (EU and CH)<\/p>\n","protected":false},"featured_media":1145374,"template":"","meta":[],"product_brand":[],"product_cat":[19],"product_tag":[],"class_list":{"0":"post-1135401","1":"product","2":"type-product","3":"status-publish","4":"has-post-thumbnail","6":"product_cat-unkategorisiert","7":"pa_alcohol-for-filter-13-5","8":"pa_certified-biodynamic-ja-de","9":"pa_certified-organic-ja-de","10":"pa_colour-weiss","11":"pa_country-frankreich","12":"pa_grape-riesling","13":"pa_parker-points-for-filter-94-de-2","14":"pa_price-for-filter-10576","15":"pa_producer-zind-humbrecht","16":"pa_region-elsass","17":"pa_size-ml-6584","18":"pa_sweetness-trocken-de","19":"pa_type-2-still-de","20":"pa_vinous-points-for-filter-20029","21":"pa_vintage-2022-de","22":"entry","23":"has-media","25":"first","26":"instock","27":"taxable","28":"shipping-taxable","29":"purchasable","30":"product-type-simple"},"yoast_head":"<!-- This site is optimized with the Yoast SEO plugin v27.5 - https:\/\/yoast.com\/product\/yoast-seo-wordpress\/ -->\n<title>Zind-Humbrecht Riesling Clos H\u00e4userer 2022<\/title>\n<meta name=\"description\" content=\"Kaufe Zind-Humbrecht Riesling Clos H\u00e4userer 2022 (Riesling, trocken aus Elsass, Frankreich) bei Wein Werte, Ihrem nachhaltigen Onlineshop.\" \/>\n<meta name=\"robots\" content=\"index, follow, max-snippet:-1, max-image-preview:large, max-video-preview:-1\" \/>\n<link rel=\"canonical\" href=\"https:\/\/wein-werte.com\/de\/produkt\/zind-humbrecht-riesling-clos-hauserer-2022-750ml\/\" \/>\n<meta property=\"og:locale\" content=\"de_DE\" \/>\n<meta property=\"og:type\" content=\"article\" \/>\n<meta property=\"og:title\" content=\"Zind-Humbrecht Riesling Clos H\u00e4userer 2022\" \/>\n<meta property=\"og:description\" content=\"Kaufe Zind-Humbrecht Riesling Clos H\u00e4userer 2022 (Riesling, trocken aus Elsass, Frankreich) bei Wein Werte, Ihrem nachhaltigen Onlineshop.\" \/>\n<meta property=\"og:url\" content=\"https:\/\/wein-werte.com\/de\/produkt\/zind-humbrecht-riesling-clos-hauserer-2022-750ml\/\" \/>\n<meta property=\"og:site_name\" content=\"Wein Werte\" \/>\n<meta property=\"og:image\" content=\"https:\/\/wein-werte.com\/wp-content\/uploads\/2026\/04\/Zind-Humbrecht-Riesling-Clos-Hauserer-2022-750ml.png\" \/>\n\t<meta property=\"og:image:width\" content=\"272\" \/>\n\t<meta property=\"og:image:height\" content=\"1200\" \/>\n\t<meta property=\"og:image:type\" content=\"image\/png\" \/>\n<meta name=\"twitter:card\" content=\"summary_large_image\" \/>\n<meta name=\"twitter:label1\" content=\"Gesch\u00e4tzte Lesezeit\" \/>\n\t<meta name=\"twitter:data1\" content=\"3\u00a0Minuten\" \/>\n<script type=\"application\/ld+json\" class=\"yoast-schema-graph\">{\"@context\":\"https:\\\/\\\/schema.org\",\"@graph\":[{\"@type\":\"WebPage\",\"@id\":\"https:\\\/\\\/wein-werte.com\\\/de\\\/produkt\\\/zind-humbrecht-riesling-clos-hauserer-2022-750ml\\\/\",\"url\":\"https:\\\/\\\/wein-werte.com\\\/de\\\/produkt\\\/zind-humbrecht-riesling-clos-hauserer-2022-750ml\\\/\",\"name\":\"Zind-Humbrecht Riesling Clos H\u00e4userer 2022\",\"isPartOf\":{\"@id\":\"https:\\\/\\\/wein-werte.com\\\/de\\\/#website\"},\"primaryImageOfPage\":{\"@id\":\"https:\\\/\\\/wein-werte.com\\\/de\\\/produkt\\\/zind-humbrecht-riesling-clos-hauserer-2022-750ml\\\/#primaryimage\"},\"image\":{\"@id\":\"https:\\\/\\\/wein-werte.com\\\/de\\\/produkt\\\/zind-humbrecht-riesling-clos-hauserer-2022-750ml\\\/#primaryimage\"},\"thumbnailUrl\":\"https:\\\/\\\/wein-werte.com\\\/wp-content\\\/uploads\\\/2026\\\/04\\\/Zind-Humbrecht-Riesling-Clos-Hauserer-2022-750ml.png\",\"datePublished\":\"2026-05-08T18:09:03+00:00\",\"description\":\"Kaufe Zind-Humbrecht Riesling Clos H\u00e4userer 2022 (Riesling, trocken aus Elsass, Frankreich) bei Wein Werte, Ihrem nachhaltigen Onlineshop.\",\"breadcrumb\":{\"@id\":\"https:\\\/\\\/wein-werte.com\\\/de\\\/produkt\\\/zind-humbrecht-riesling-clos-hauserer-2022-750ml\\\/#breadcrumb\"},\"inLanguage\":\"de\",\"potentialAction\":[{\"@type\":\"ReadAction\",\"target\":[\"https:\\\/\\\/wein-werte.com\\\/de\\\/produkt\\\/zind-humbrecht-riesling-clos-hauserer-2022-750ml\\\/\"]}]},{\"@type\":\"ImageObject\",\"inLanguage\":\"de\",\"@id\":\"https:\\\/\\\/wein-werte.com\\\/de\\\/produkt\\\/zind-humbrecht-riesling-clos-hauserer-2022-750ml\\\/#primaryimage\",\"url\":\"https:\\\/\\\/wein-werte.com\\\/wp-content\\\/uploads\\\/2026\\\/04\\\/Zind-Humbrecht-Riesling-Clos-Hauserer-2022-750ml.png\",\"contentUrl\":\"https:\\\/\\\/wein-werte.com\\\/wp-content\\\/uploads\\\/2026\\\/04\\\/Zind-Humbrecht-Riesling-Clos-Hauserer-2022-750ml.png\",\"width\":272,\"height\":1200,\"caption\":\"Zind-Humbrecht Riesling Clos H\u00e4userer 2022 750ml\"},{\"@type\":\"BreadcrumbList\",\"@id\":\"https:\\\/\\\/wein-werte.com\\\/de\\\/produkt\\\/zind-humbrecht-riesling-clos-hauserer-2022-750ml\\\/#breadcrumb\",\"itemListElement\":[{\"@type\":\"ListItem\",\"position\":1,\"name\":\"Home\",\"item\":\"https:\\\/\\\/wein-werte.com\\\/de\\\/\"},{\"@type\":\"ListItem\",\"position\":2,\"name\":\"Shop\",\"item\":\"https:\\\/\\\/wein-werte.com\\\/de\\\/shop\\\/\"},{\"@type\":\"ListItem\",\"position\":3,\"name\":\"Zind-Humbrecht | Elsass | Riesling Clos H\u00e4userer | 2022 | 750ml | bio\"}]},{\"@type\":\"WebSite\",\"@id\":\"https:\\\/\\\/wein-werte.com\\\/de\\\/#website\",\"url\":\"https:\\\/\\\/wein-werte.com\\\/de\\\/\",\"name\":\"Wein Werte\",\"description\":\"\",\"publisher\":{\"@id\":\"https:\\\/\\\/wein-werte.com\\\/de\\\/#organization\"},\"potentialAction\":[{\"@type\":\"SearchAction\",\"target\":{\"@type\":\"EntryPoint\",\"urlTemplate\":\"https:\\\/\\\/wein-werte.com\\\/de\\\/?s={search_term_string}\"},\"query-input\":{\"@type\":\"PropertyValueSpecification\",\"valueRequired\":true,\"valueName\":\"search_term_string\"}}],\"inLanguage\":\"de\"},{\"@type\":\"Organization\",\"@id\":\"https:\\\/\\\/wein-werte.com\\\/de\\\/#organization\",\"name\":\"Vins Fins Thorrold\",\"url\":\"https:\\\/\\\/wein-werte.com\\\/de\\\/\",\"logo\":{\"@type\":\"ImageObject\",\"inLanguage\":\"de\",\"@id\":\"https:\\\/\\\/wein-werte.com\\\/de\\\/#\\\/schema\\\/logo\\\/image\\\/\",\"url\":\"https:\\\/\\\/wein-werte.com\\\/wp-content\\\/uploads\\\/2023\\\/07\\\/Wein_werte_Logo700-1.png\",\"contentUrl\":\"https:\\\/\\\/wein-werte.com\\\/wp-content\\\/uploads\\\/2023\\\/07\\\/Wein_werte_Logo700-1.png\",\"width\":700,\"height\":272,\"caption\":\"Vins Fins Thorrold\"},\"image\":{\"@id\":\"https:\\\/\\\/wein-werte.com\\\/de\\\/#\\\/schema\\\/logo\\\/image\\\/\"}}]}<\/script>\n<!-- \/ Yoast SEO plugin. -->","yoast_head_json":{"title":"Zind-Humbrecht Riesling Clos H\u00e4userer 2022","description":"Kaufe Zind-Humbrecht Riesling Clos H\u00e4userer 2022 (Riesling, trocken aus Elsass, Frankreich) bei Wein Werte, Ihrem nachhaltigen Onlineshop.","robots":{"index":"index","follow":"follow","max-snippet":"max-snippet:-1","max-image-preview":"max-image-preview:large","max-video-preview":"max-video-preview:-1"},"canonical":"https:\/\/wein-werte.com\/de\/produkt\/zind-humbrecht-riesling-clos-hauserer-2022-750ml\/","og_locale":"de_DE","og_type":"article","og_title":"Zind-Humbrecht Riesling Clos H\u00e4userer 2022","og_description":"Kaufe Zind-Humbrecht Riesling Clos H\u00e4userer 2022 (Riesling, trocken aus Elsass, Frankreich) bei Wein Werte, Ihrem nachhaltigen Onlineshop.","og_url":"https:\/\/wein-werte.com\/de\/produkt\/zind-humbrecht-riesling-clos-hauserer-2022-750ml\/","og_site_name":"Wein Werte","og_image":[{"width":272,"height":1200,"url":"https:\/\/wein-werte.com\/wp-content\/uploads\/2026\/04\/Zind-Humbrecht-Riesling-Clos-Hauserer-2022-750ml.png","type":"image\/png"}],"twitter_card":"summary_large_image","twitter_misc":{"Gesch\u00e4tzte Lesezeit":"3\u00a0Minuten"},"schema":{"@context":"https:\/\/schema.org","@graph":[{"@type":"WebPage","@id":"https:\/\/wein-werte.com\/de\/produkt\/zind-humbrecht-riesling-clos-hauserer-2022-750ml\/","url":"https:\/\/wein-werte.com\/de\/produkt\/zind-humbrecht-riesling-clos-hauserer-2022-750ml\/","name":"Zind-Humbrecht Riesling Clos H\u00e4userer 2022","isPartOf":{"@id":"https:\/\/wein-werte.com\/de\/#website"},"primaryImageOfPage":{"@id":"https:\/\/wein-werte.com\/de\/produkt\/zind-humbrecht-riesling-clos-hauserer-2022-750ml\/#primaryimage"},"image":{"@id":"https:\/\/wein-werte.com\/de\/produkt\/zind-humbrecht-riesling-clos-hauserer-2022-750ml\/#primaryimage"},"thumbnailUrl":"https:\/\/wein-werte.com\/wp-content\/uploads\/2026\/04\/Zind-Humbrecht-Riesling-Clos-Hauserer-2022-750ml.png","datePublished":"2026-05-08T18:09:03+00:00","description":"Kaufe Zind-Humbrecht Riesling Clos H\u00e4userer 2022 (Riesling, trocken aus Elsass, Frankreich) bei Wein Werte, Ihrem nachhaltigen Onlineshop.","breadcrumb":{"@id":"https:\/\/wein-werte.com\/de\/produkt\/zind-humbrecht-riesling-clos-hauserer-2022-750ml\/#breadcrumb"},"inLanguage":"de","potentialAction":[{"@type":"ReadAction","target":["https:\/\/wein-werte.com\/de\/produkt\/zind-humbrecht-riesling-clos-hauserer-2022-750ml\/"]}]},{"@type":"ImageObject","inLanguage":"de","@id":"https:\/\/wein-werte.com\/de\/produkt\/zind-humbrecht-riesling-clos-hauserer-2022-750ml\/#primaryimage","url":"https:\/\/wein-werte.com\/wp-content\/uploads\/2026\/04\/Zind-Humbrecht-Riesling-Clos-Hauserer-2022-750ml.png","contentUrl":"https:\/\/wein-werte.com\/wp-content\/uploads\/2026\/04\/Zind-Humbrecht-Riesling-Clos-Hauserer-2022-750ml.png","width":272,"height":1200,"caption":"Zind-Humbrecht Riesling Clos H\u00e4userer 2022 750ml"},{"@type":"BreadcrumbList","@id":"https:\/\/wein-werte.com\/de\/produkt\/zind-humbrecht-riesling-clos-hauserer-2022-750ml\/#breadcrumb","itemListElement":[{"@type":"ListItem","position":1,"name":"Home","item":"https:\/\/wein-werte.com\/de\/"},{"@type":"ListItem","position":2,"name":"Shop","item":"https:\/\/wein-werte.com\/de\/shop\/"},{"@type":"ListItem","position":3,"name":"Zind-Humbrecht | Elsass | Riesling Clos H\u00e4userer | 2022 | 750ml | bio"}]},{"@type":"WebSite","@id":"https:\/\/wein-werte.com\/de\/#website","url":"https:\/\/wein-werte.com\/de\/","name":"Wein Werte","description":"","publisher":{"@id":"https:\/\/wein-werte.com\/de\/#organization"},"potentialAction":[{"@type":"SearchAction","target":{"@type":"EntryPoint","urlTemplate":"https:\/\/wein-werte.com\/de\/?s={search_term_string}"},"query-input":{"@type":"PropertyValueSpecification","valueRequired":true,"valueName":"search_term_string"}}],"inLanguage":"de"},{"@type":"Organization","@id":"https:\/\/wein-werte.com\/de\/#organization","name":"Vins Fins Thorrold","url":"https:\/\/wein-werte.com\/de\/","logo":{"@type":"ImageObject","inLanguage":"de","@id":"https:\/\/wein-werte.com\/de\/#\/schema\/logo\/image\/","url":"https:\/\/wein-werte.com\/wp-content\/uploads\/2023\/07\/Wein_werte_Logo700-1.png","contentUrl":"https:\/\/wein-werte.com\/wp-content\/uploads\/2023\/07\/Wein_werte_Logo700-1.png","width":700,"height":272,"caption":"Vins Fins Thorrold"},"image":{"@id":"https:\/\/wein-werte.com\/de\/#\/schema\/logo\/image\/"}}]}},"_links":{"self":[{"href":"https:\/\/wein-werte.com\/de\/wp-json\/wp\/v2\/product\/1135401","targetHints":{"allow":["GET"]}}],"collection":[{"href":"https:\/\/wein-werte.com\/de\/wp-json\/wp\/v2\/product"}],"about":[{"href":"https:\/\/wein-werte.com\/de\/wp-json\/wp\/v2\/types\/product"}],"wp:featuredmedia":[{"embeddable":true,"href":"https:\/\/wein-werte.com\/de\/wp-json\/wp\/v2\/media\/1145374"}],"wp:attachment":[{"href":"https:\/\/wein-werte.com\/de\/wp-json\/wp\/v2\/media?parent=1135401"}],"wp:term":[{"taxonomy":"product_brand","embeddable":true,"href":"https:\/\/wein-werte.com\/de\/wp-json\/wp\/v2\/product_brand?post=1135401"},{"taxonomy":"product_cat","embeddable":true,"href":"https:\/\/wein-werte.com\/de\/wp-json\/wp\/v2\/product_cat?post=1135401"},{"taxonomy":"product_tag","embeddable":true,"href":"https:\/\/wein-werte.com\/de\/wp-json\/wp\/v2\/product_tag?post=1135401"}],"curies":[{"name":"wp","href":"https:\/\/api.w.org\/{rel}","templated":true}]}}