{"id":1135376,"date":"2026-05-04T17:12:23","date_gmt":"2026-05-04T15:12:23","guid":{"rendered":"https:\/\/wein-werte.com\/product\/zind-humbrecht-chardonnay-auxerrois-zind-2022-750ml\/"},"modified":"2026-04-27T12:04:33","modified_gmt":"2026-04-27T10:04:33","slug":"zind-humbrecht-chardonnay-auxerrois-zind-2022-750ml","status":"publish","type":"product","link":"https:\/\/wein-werte.com\/de\/produkt\/zind-humbrecht-chardonnay-auxerrois-zind-2022-750ml\/","title":{"rendered":"Zind-Humbrecht | Elsass | Chardonnay Auxerrois ZIND | 2022 | 750ml | bio"},"content":{"rendered":"<p>Produktbeschreibung f\u00fcr Zind-Humbrecht Chardonnay Auxerrois ZIND 2022 (bio) <\/p>\n<h5>Info zum Wein<\/h5>\n<h5>Olivier Humbrecht<\/h5>\n<p> 1989, 2 Jahre nach dem Erwerb des Clos Windsbuhl, beschlossen wir, im k\u00fchlsten Teil des Clos, der dem Wald am n\u00e4chsten liegt, Auxerrois und Chardonnay zu pflanzen. Diese beiden Rebsorten wurden immer zusammen verschnitten, aber 2001 waren wir gezwungen, den Wein als Zind \u201eVin de France\u201c herauszugeben, da die Chardonnay-Traube in der AOC Elsass-Wein nicht erlaubt ist (nur Cr\u00e9mant d&#8217;Alsace). Die Muschelkalkb\u00f6den des Clos Windsbuhl verleihen diesem Wein immer eine fantastische Struktur und eine erstaunliche Langlebigkeit f\u00fcr diejenigen, die gen\u00fcgend Geduld haben. Der Zind wurde in traditionellen gro\u00dfen Holzf\u00e4ssern vergoren und verblieb bis zur F\u00fcllung auf der Vollhefe. <\/p>\n<h5>Farbe<\/h5>\n<p> Strahlendes Goldgelb. <\/p>\n<h5>Nase<\/h5>\n<p> Der 2022er Zind mutet intensiv im Duft an, Mango, Limette, Orange, Ingwer, reifer Apfel, begleitet von feiner Tabak-Note machen den Auftakt. Mit Sauerstoffkontakt tritt die bet\u00f6rende kalkige Note in den Vordergrund und eine Z\u00fcndpl\u00e4ttchen-Aromatik, wie wir sie von gro\u00dfen Burgundern in der Jugend kennen. Eleganz, Spannung und Tiefe sind bereits in der Nase allgegenw\u00e4rtig. <\/p>\n<h5>Gaumen<\/h5>\n<p> Auf der Zunge wirkt er geschliffen, straff und bet\u00f6rt neben der ausgepr\u00e4gten Zitrusfrucht mit einer \u00fcberaus belebenden S\u00e4ure und einer tiefen steinigen Mineralit\u00e4t, die zupackt und den Verkoster vollends in ihren Bann zieht. Der lange, intensiv salzige Nachhall und der feine Gerbstoff verweisen auf sein fantastisches Reifepotential. Der perfekte Begleiter zu klassischer franz\u00f6sischer K\u00fcche und zu asiatisch angehauchten Umami-Gerichten. Eine echte Alternative zu den hochpreisigen Weinen aus Burgund, was f\u00fcr eine Freude, was f\u00fcr ein echter Geheimtipp aus meinem geliebten Elsass. Unbedingt dekantieren und nicht zu kalt aus einem gr\u00f6\u00dferen Glas genie\u00dfen.<\/p>\n<p>Copyright Vinaturel 2025<\/p>\n<p>Keywords: <a href=\"https:\/\/wein-werte.com\/de\/shop\/?swoof=1&#038;pa_producer=Zind-Humbrecht\">Zind-Humbrecht<\/a> <a href=\"https:\/\/wein-werte.com\/de\/shop\/?swoof=1&#038;woof_text=Chardonnay Auxerrois ZIND\">Chardonnay Auxerrois ZIND<\/a> 2022 bio <a href=\"https:\/\/wein-werte.com\/de\/shop\/?swoof=1&#038;pa_region=Elsass\">Elsass<\/a> <a href=\"https:\/\/wein-werte.com\/de\/shop\/?swoof=1&#038;pa_country=Frankreich\">Frankreich<\/a><\/p>\n<h3>Wine Advocate<\/h3>\n<p>Punkte: 93<\/p>\n<p>Der Chardonnay-Auxerrois Zind 2022 stammt von 33 Jahre alten Rebst\u00f6cken, die im k\u00fchlsten Teil des Clos Windsbuhl, angrenzend an den Wald, gepflanzt wurden. Er bietet ein tiefes, klares, frisches und elegant aromatisches Bouquet mit reifen und konzentrierten Fr\u00fcchten, Muschelkalk, Kr\u00e4utern, Salzen und Zitronensaft. Am Gaumen pr\u00e4sentiert er sich als vollmundiger, raffinierter und anregender mineralischer Wei\u00dfwein mit dichter und gleichm\u00e4\u00dfig reicher Textur und einem langen, intensiven und komplex strukturierten Abgang mit feinen Tanninen und anregendem Salzgehalt. Der Wein ist ebenso reichhaltig und kraftvoll wie anregend saftig und elegant, mit feinen Tanninen, die perfekt von der konzentrierten und gro\u00dfz\u00fcgigen Fruchttextur umh\u00fcllt werden. Dies ist ein gro\u00dfartiger Windsbuhl, doch da er auch ein Chardonnay ohne Bl\u00e4schen ist, muss er als Vin de France vermarktet werden. Der 2022er wird sich mit der Zeit deutlich verbessern, obwohl er bereits jetzt unwiderstehlich ist. 12,5 % Alkoholgehalt. Naturkorken. Verkostet im November 2024.<br \/>Stephan Reinhardt<\/p>\n<h3>Vinous<\/h3>\n<p>Punkte: 89<\/p>\n<p>Der Zind 2022 ist eine Cuv\u00e9e aus zwei Dritteln Chardonnay und einem Drittel Auxerrois aus den triassischen Kalkb\u00f6den des Clos Windsbuhl. In der Nase riecht er nach frischen, reifen, saftigen gelben \u00c4pfeln, umrahmt von einer angenehmen Spritzigkeit. Er ist leicht, sonnig, mittelkr\u00e4ftig, fruchtig und frisch, mit dem zus\u00e4tzlichen Geschmack des Chardonnays. (Knochentrocken) \u2013 Anne Krebiehl MW<br \/>Trinkfenster: 2024\u20132034<br \/>Testdatum: April 2024<\/p>\n<p>Internetseite des Weinguts: <a href=\"http:\/\/www.zindhumbrecht.fr\/\" target=\"_blank\">http:\/\/www.zindhumbrecht.fr\/<\/a><\/p>\n","protected":false},"excerpt":{"rendered":"<p>Lieferzeit: 1 bis 2 Arbeitstage (DE), 2 bis 5 Arbeitstage (EU and CH)<\/p>\n","protected":false},"featured_media":1145354,"template":"","meta":[],"product_brand":[],"product_cat":[19],"product_tag":[],"class_list":{"0":"post-1135376","1":"product","2":"type-product","3":"status-publish","4":"has-post-thumbnail","6":"product_cat-unkategorisiert","7":"pa_alcohol-for-filter-12-5","8":"pa_certified-biodynamic-ja-de","9":"pa_certified-organic-ja-de","10":"pa_colour-weiss","11":"pa_country-frankreich","12":"pa_grape-chardonnay-cuvee","13":"pa_parker-points-for-filter-93-de-2","14":"pa_price-for-filter-10648","15":"pa_producer-zind-humbrecht","16":"pa_region-elsass","17":"pa_size-ml-6584","18":"pa_sweetness-trocken-de","19":"pa_type-2-still-de","20":"pa_vinous-points-for-filter-20023","21":"pa_vintage-2022-de","22":"entry","23":"has-media","25":"first","26":"instock","27":"taxable","28":"shipping-taxable","29":"purchasable","30":"product-type-simple"},"yoast_head":"<!-- This site is optimized with the Yoast SEO plugin v27.5 - https:\/\/yoast.com\/product\/yoast-seo-wordpress\/ -->\n<title>Zind-Humbrecht Chardonnay Auxerrois ZIND 2022<\/title>\n<meta name=\"description\" content=\"Kaufe Zind-Humbrecht Chardonnay Auxerrois ZIND 2022 (Chardonnay Cuv\u00e9e, trocken aus Elsass, Frankreich) bei Wein Werte, Ihrem nachhaltigen Onlineshop.\" \/>\n<meta name=\"robots\" content=\"index, follow, max-snippet:-1, max-image-preview:large, max-video-preview:-1\" \/>\n<link rel=\"canonical\" href=\"https:\/\/wein-werte.com\/de\/produkt\/zind-humbrecht-chardonnay-auxerrois-zind-2022-750ml\/\" \/>\n<meta property=\"og:locale\" content=\"de_DE\" \/>\n<meta property=\"og:type\" content=\"article\" \/>\n<meta property=\"og:title\" content=\"Zind-Humbrecht Chardonnay Auxerrois ZIND 2022\" \/>\n<meta property=\"og:description\" content=\"Kaufe Zind-Humbrecht Chardonnay Auxerrois ZIND 2022 (Chardonnay Cuv\u00e9e, trocken aus Elsass, Frankreich) bei Wein Werte, Ihrem nachhaltigen Onlineshop.\" \/>\n<meta property=\"og:url\" content=\"https:\/\/wein-werte.com\/de\/produkt\/zind-humbrecht-chardonnay-auxerrois-zind-2022-750ml\/\" \/>\n<meta property=\"og:site_name\" content=\"Wein Werte\" \/>\n<meta property=\"og:image\" content=\"https:\/\/wein-werte.com\/wp-content\/uploads\/2026\/04\/Zind-Humbrecht-Chardonnay-Auxerrois-ZIND-2022-750ml.png\" \/>\n\t<meta property=\"og:image:width\" content=\"277\" \/>\n\t<meta property=\"og:image:height\" content=\"1200\" \/>\n\t<meta property=\"og:image:type\" content=\"image\/png\" \/>\n<meta name=\"twitter:card\" content=\"summary_large_image\" \/>\n<meta name=\"twitter:label1\" content=\"Gesch\u00e4tzte Lesezeit\" \/>\n\t<meta name=\"twitter:data1\" content=\"3\u00a0Minuten\" \/>\n<script type=\"application\/ld+json\" class=\"yoast-schema-graph\">{\"@context\":\"https:\\\/\\\/schema.org\",\"@graph\":[{\"@type\":\"WebPage\",\"@id\":\"https:\\\/\\\/wein-werte.com\\\/de\\\/produkt\\\/zind-humbrecht-chardonnay-auxerrois-zind-2022-750ml\\\/\",\"url\":\"https:\\\/\\\/wein-werte.com\\\/de\\\/produkt\\\/zind-humbrecht-chardonnay-auxerrois-zind-2022-750ml\\\/\",\"name\":\"Zind-Humbrecht Chardonnay Auxerrois ZIND 2022\",\"isPartOf\":{\"@id\":\"https:\\\/\\\/wein-werte.com\\\/de\\\/#website\"},\"primaryImageOfPage\":{\"@id\":\"https:\\\/\\\/wein-werte.com\\\/de\\\/produkt\\\/zind-humbrecht-chardonnay-auxerrois-zind-2022-750ml\\\/#primaryimage\"},\"image\":{\"@id\":\"https:\\\/\\\/wein-werte.com\\\/de\\\/produkt\\\/zind-humbrecht-chardonnay-auxerrois-zind-2022-750ml\\\/#primaryimage\"},\"thumbnailUrl\":\"https:\\\/\\\/wein-werte.com\\\/wp-content\\\/uploads\\\/2026\\\/04\\\/Zind-Humbrecht-Chardonnay-Auxerrois-ZIND-2022-750ml.png\",\"datePublished\":\"2026-05-04T15:12:23+00:00\",\"description\":\"Kaufe Zind-Humbrecht Chardonnay Auxerrois ZIND 2022 (Chardonnay Cuv\u00e9e, trocken aus Elsass, Frankreich) bei Wein Werte, Ihrem nachhaltigen Onlineshop.\",\"breadcrumb\":{\"@id\":\"https:\\\/\\\/wein-werte.com\\\/de\\\/produkt\\\/zind-humbrecht-chardonnay-auxerrois-zind-2022-750ml\\\/#breadcrumb\"},\"inLanguage\":\"de\",\"potentialAction\":[{\"@type\":\"ReadAction\",\"target\":[\"https:\\\/\\\/wein-werte.com\\\/de\\\/produkt\\\/zind-humbrecht-chardonnay-auxerrois-zind-2022-750ml\\\/\"]}]},{\"@type\":\"ImageObject\",\"inLanguage\":\"de\",\"@id\":\"https:\\\/\\\/wein-werte.com\\\/de\\\/produkt\\\/zind-humbrecht-chardonnay-auxerrois-zind-2022-750ml\\\/#primaryimage\",\"url\":\"https:\\\/\\\/wein-werte.com\\\/wp-content\\\/uploads\\\/2026\\\/04\\\/Zind-Humbrecht-Chardonnay-Auxerrois-ZIND-2022-750ml.png\",\"contentUrl\":\"https:\\\/\\\/wein-werte.com\\\/wp-content\\\/uploads\\\/2026\\\/04\\\/Zind-Humbrecht-Chardonnay-Auxerrois-ZIND-2022-750ml.png\",\"width\":277,\"height\":1200,\"caption\":\"Zind-Humbrecht Chardonnay Auxerrois ZIND 2022 750ml\"},{\"@type\":\"BreadcrumbList\",\"@id\":\"https:\\\/\\\/wein-werte.com\\\/de\\\/produkt\\\/zind-humbrecht-chardonnay-auxerrois-zind-2022-750ml\\\/#breadcrumb\",\"itemListElement\":[{\"@type\":\"ListItem\",\"position\":1,\"name\":\"Home\",\"item\":\"https:\\\/\\\/wein-werte.com\\\/de\\\/\"},{\"@type\":\"ListItem\",\"position\":2,\"name\":\"Shop\",\"item\":\"https:\\\/\\\/wein-werte.com\\\/de\\\/shop\\\/\"},{\"@type\":\"ListItem\",\"position\":3,\"name\":\"Zind-Humbrecht | Elsass | Chardonnay Auxerrois ZIND | 2022 | 750ml | bio\"}]},{\"@type\":\"WebSite\",\"@id\":\"https:\\\/\\\/wein-werte.com\\\/de\\\/#website\",\"url\":\"https:\\\/\\\/wein-werte.com\\\/de\\\/\",\"name\":\"Wein Werte\",\"description\":\"\",\"publisher\":{\"@id\":\"https:\\\/\\\/wein-werte.com\\\/de\\\/#organization\"},\"potentialAction\":[{\"@type\":\"SearchAction\",\"target\":{\"@type\":\"EntryPoint\",\"urlTemplate\":\"https:\\\/\\\/wein-werte.com\\\/de\\\/?s={search_term_string}\"},\"query-input\":{\"@type\":\"PropertyValueSpecification\",\"valueRequired\":true,\"valueName\":\"search_term_string\"}}],\"inLanguage\":\"de\"},{\"@type\":\"Organization\",\"@id\":\"https:\\\/\\\/wein-werte.com\\\/de\\\/#organization\",\"name\":\"Vins Fins Thorrold\",\"url\":\"https:\\\/\\\/wein-werte.com\\\/de\\\/\",\"logo\":{\"@type\":\"ImageObject\",\"inLanguage\":\"de\",\"@id\":\"https:\\\/\\\/wein-werte.com\\\/de\\\/#\\\/schema\\\/logo\\\/image\\\/\",\"url\":\"https:\\\/\\\/wein-werte.com\\\/wp-content\\\/uploads\\\/2023\\\/07\\\/Wein_werte_Logo700-1.png\",\"contentUrl\":\"https:\\\/\\\/wein-werte.com\\\/wp-content\\\/uploads\\\/2023\\\/07\\\/Wein_werte_Logo700-1.png\",\"width\":700,\"height\":272,\"caption\":\"Vins Fins Thorrold\"},\"image\":{\"@id\":\"https:\\\/\\\/wein-werte.com\\\/de\\\/#\\\/schema\\\/logo\\\/image\\\/\"}}]}<\/script>\n<!-- \/ Yoast SEO plugin. -->","yoast_head_json":{"title":"Zind-Humbrecht Chardonnay Auxerrois ZIND 2022","description":"Kaufe Zind-Humbrecht Chardonnay Auxerrois ZIND 2022 (Chardonnay Cuv\u00e9e, trocken aus Elsass, Frankreich) bei Wein Werte, Ihrem nachhaltigen Onlineshop.","robots":{"index":"index","follow":"follow","max-snippet":"max-snippet:-1","max-image-preview":"max-image-preview:large","max-video-preview":"max-video-preview:-1"},"canonical":"https:\/\/wein-werte.com\/de\/produkt\/zind-humbrecht-chardonnay-auxerrois-zind-2022-750ml\/","og_locale":"de_DE","og_type":"article","og_title":"Zind-Humbrecht Chardonnay Auxerrois ZIND 2022","og_description":"Kaufe Zind-Humbrecht Chardonnay Auxerrois ZIND 2022 (Chardonnay Cuv\u00e9e, trocken aus Elsass, Frankreich) bei Wein Werte, Ihrem nachhaltigen Onlineshop.","og_url":"https:\/\/wein-werte.com\/de\/produkt\/zind-humbrecht-chardonnay-auxerrois-zind-2022-750ml\/","og_site_name":"Wein Werte","og_image":[{"width":277,"height":1200,"url":"https:\/\/wein-werte.com\/wp-content\/uploads\/2026\/04\/Zind-Humbrecht-Chardonnay-Auxerrois-ZIND-2022-750ml.png","type":"image\/png"}],"twitter_card":"summary_large_image","twitter_misc":{"Gesch\u00e4tzte Lesezeit":"3\u00a0Minuten"},"schema":{"@context":"https:\/\/schema.org","@graph":[{"@type":"WebPage","@id":"https:\/\/wein-werte.com\/de\/produkt\/zind-humbrecht-chardonnay-auxerrois-zind-2022-750ml\/","url":"https:\/\/wein-werte.com\/de\/produkt\/zind-humbrecht-chardonnay-auxerrois-zind-2022-750ml\/","name":"Zind-Humbrecht Chardonnay Auxerrois ZIND 2022","isPartOf":{"@id":"https:\/\/wein-werte.com\/de\/#website"},"primaryImageOfPage":{"@id":"https:\/\/wein-werte.com\/de\/produkt\/zind-humbrecht-chardonnay-auxerrois-zind-2022-750ml\/#primaryimage"},"image":{"@id":"https:\/\/wein-werte.com\/de\/produkt\/zind-humbrecht-chardonnay-auxerrois-zind-2022-750ml\/#primaryimage"},"thumbnailUrl":"https:\/\/wein-werte.com\/wp-content\/uploads\/2026\/04\/Zind-Humbrecht-Chardonnay-Auxerrois-ZIND-2022-750ml.png","datePublished":"2026-05-04T15:12:23+00:00","description":"Kaufe Zind-Humbrecht Chardonnay Auxerrois ZIND 2022 (Chardonnay Cuv\u00e9e, trocken aus Elsass, Frankreich) bei Wein Werte, Ihrem nachhaltigen Onlineshop.","breadcrumb":{"@id":"https:\/\/wein-werte.com\/de\/produkt\/zind-humbrecht-chardonnay-auxerrois-zind-2022-750ml\/#breadcrumb"},"inLanguage":"de","potentialAction":[{"@type":"ReadAction","target":["https:\/\/wein-werte.com\/de\/produkt\/zind-humbrecht-chardonnay-auxerrois-zind-2022-750ml\/"]}]},{"@type":"ImageObject","inLanguage":"de","@id":"https:\/\/wein-werte.com\/de\/produkt\/zind-humbrecht-chardonnay-auxerrois-zind-2022-750ml\/#primaryimage","url":"https:\/\/wein-werte.com\/wp-content\/uploads\/2026\/04\/Zind-Humbrecht-Chardonnay-Auxerrois-ZIND-2022-750ml.png","contentUrl":"https:\/\/wein-werte.com\/wp-content\/uploads\/2026\/04\/Zind-Humbrecht-Chardonnay-Auxerrois-ZIND-2022-750ml.png","width":277,"height":1200,"caption":"Zind-Humbrecht Chardonnay Auxerrois ZIND 2022 750ml"},{"@type":"BreadcrumbList","@id":"https:\/\/wein-werte.com\/de\/produkt\/zind-humbrecht-chardonnay-auxerrois-zind-2022-750ml\/#breadcrumb","itemListElement":[{"@type":"ListItem","position":1,"name":"Home","item":"https:\/\/wein-werte.com\/de\/"},{"@type":"ListItem","position":2,"name":"Shop","item":"https:\/\/wein-werte.com\/de\/shop\/"},{"@type":"ListItem","position":3,"name":"Zind-Humbrecht | Elsass | Chardonnay Auxerrois ZIND | 2022 | 750ml | bio"}]},{"@type":"WebSite","@id":"https:\/\/wein-werte.com\/de\/#website","url":"https:\/\/wein-werte.com\/de\/","name":"Wein Werte","description":"","publisher":{"@id":"https:\/\/wein-werte.com\/de\/#organization"},"potentialAction":[{"@type":"SearchAction","target":{"@type":"EntryPoint","urlTemplate":"https:\/\/wein-werte.com\/de\/?s={search_term_string}"},"query-input":{"@type":"PropertyValueSpecification","valueRequired":true,"valueName":"search_term_string"}}],"inLanguage":"de"},{"@type":"Organization","@id":"https:\/\/wein-werte.com\/de\/#organization","name":"Vins Fins Thorrold","url":"https:\/\/wein-werte.com\/de\/","logo":{"@type":"ImageObject","inLanguage":"de","@id":"https:\/\/wein-werte.com\/de\/#\/schema\/logo\/image\/","url":"https:\/\/wein-werte.com\/wp-content\/uploads\/2023\/07\/Wein_werte_Logo700-1.png","contentUrl":"https:\/\/wein-werte.com\/wp-content\/uploads\/2023\/07\/Wein_werte_Logo700-1.png","width":700,"height":272,"caption":"Vins Fins Thorrold"},"image":{"@id":"https:\/\/wein-werte.com\/de\/#\/schema\/logo\/image\/"}}]}},"_links":{"self":[{"href":"https:\/\/wein-werte.com\/de\/wp-json\/wp\/v2\/product\/1135376","targetHints":{"allow":["GET"]}}],"collection":[{"href":"https:\/\/wein-werte.com\/de\/wp-json\/wp\/v2\/product"}],"about":[{"href":"https:\/\/wein-werte.com\/de\/wp-json\/wp\/v2\/types\/product"}],"wp:featuredmedia":[{"embeddable":true,"href":"https:\/\/wein-werte.com\/de\/wp-json\/wp\/v2\/media\/1145354"}],"wp:attachment":[{"href":"https:\/\/wein-werte.com\/de\/wp-json\/wp\/v2\/media?parent=1135376"}],"wp:term":[{"taxonomy":"product_brand","embeddable":true,"href":"https:\/\/wein-werte.com\/de\/wp-json\/wp\/v2\/product_brand?post=1135376"},{"taxonomy":"product_cat","embeddable":true,"href":"https:\/\/wein-werte.com\/de\/wp-json\/wp\/v2\/product_cat?post=1135376"},{"taxonomy":"product_tag","embeddable":true,"href":"https:\/\/wein-werte.com\/de\/wp-json\/wp\/v2\/product_tag?post=1135376"}],"curies":[{"name":"wp","href":"https:\/\/api.w.org\/{rel}","templated":true}]}}