{"id":1135326,"date":"2026-04-27T13:33:31","date_gmt":"2026-04-27T11:33:31","guid":{"rendered":"https:\/\/wein-werte.com\/product\/zind-humbrecht-gewurztraminer-clos-windsbuhl-2021-750ml\/"},"modified":"2026-04-27T12:04:27","modified_gmt":"2026-04-27T10:04:27","slug":"zind-humbrecht-gewurztraminer-clos-windsbuhl-2021-750ml","status":"publish","type":"product","link":"https:\/\/wein-werte.com\/de\/produkt\/zind-humbrecht-gewurztraminer-clos-windsbuhl-2021-750ml\/","title":{"rendered":"Zind-Humbrecht | Elsass | Gew\u00fcrztraminer Clos Windsbuhl | 2021 | 750ml | bio"},"content":{"rendered":"<p>Produktbeschreibung f\u00fcr Zind-Humbrecht Gew\u00fcrztraminer Clos Windsbuhl 2021 (bio)<\/p>\n<h5>Info zum Wein<\/h5>\n<p>Olivier Humbrecht:<\/p>\n<p>Der Clos Windsbuhl liegt oberhalb des Dorfes Hunawihr und bietet einen sch\u00f6nen Blick auf die els\u00e4ssische Talsohle und die ber\u00fchmte Kirche Saint-Jacques le Majeur. Durch seine Lage in der N\u00e4he des Vogesenwaldes auf 300\/350 m H\u00f6he reift dieser Weinberg relativ sp\u00e4t, obwohl er an einem steilen Hang von Osten nach S\u00fcden ausgerichtet ist. Der kleine &#8220;windige H\u00fcgel&#8221; liegt auf einem alten Kalksteinfelsen, dem &#8220;Muschelkalk&#8221; aus der Trias-Zeit. Die Reben haben wenig Oberboden, sind nicht sehr w\u00fcchsig und werden stark von dem magnesiumreichen, kalkhaltigen Muttergestein beeinflusst, und das gilt auch f\u00fcr die Weine!<\/p>\n<p>\u00a0<\/p>\n<h5>Info zum Ausbau<\/h5>\n<p>Damals, 1987, bezweifelten wir, dass diese Rebsorte f\u00fcr diesen Weinberg geeignet sein w\u00fcrde, da der Gew\u00fcrztraminer wirklich Sonne und mehr W\u00e4rme braucht, um zu reifen. Wie sehr wir uns doch geirrt haben. Zum Gl\u00fcck haben wir die alten Rebst\u00f6cke erhalten und ihnen eine Chance gegeben! In jedem Jahrgang bringt dieser Clos erstaunliche Weine hervor, so auch diesen au\u00dfergew\u00f6hnlichen und raffinierten Gewurztraminer! Diese Rebsorte hat jedoch im Fr\u00fchjahr 2021 schwere Verluste erlitten und die Ernte war winzig.<\/p>\n<p>\u00a0<\/p>\n<h5>Farbe<\/h5>\n<p>Leuchtendes, intensives Goldgelb.<\/p>\n<p>\u00a0<\/p>\n<h5>Nase<\/h5>\n<p>Der 2021er Gewurztraminer Clos Windsbuhl ist ein bet\u00f6render und eleganter Vertreter seiner Art: er ist von immenser Frische und vielschichtiger Mineralit\u00e4t beseelt. Die Gew\u00fcrztraminer-Aromen dringen elegant und zur\u00fcckhaltend hervor. Neben Zitrus, Orange, Orangenzeste, sind es herbe Grapefruitzesten-Noten und herbale Ankl\u00e4nge von Rosmarin, Thymian und Galgant, die sein Aromaspektrum pr\u00e4gen.<\/p>\n<p>\u00a0<\/p>\n<h5>Gaumen<\/h5>\n<p>Ein klassischer Gew\u00fcrztraminer mit salziger Spur, zarter, zur\u00fcckhaltender S\u00fc\u00dfe und einem feinen Gerbstoff. Seine Frische und Lebendigkeit sind ausnahmslos, die Kombination von Salzigkeit mit feinem Gerbstoff exzellent. Ein echter Langstreckenl\u00e4ufer, der bereits jetzt gro\u00dfartig zu trinken ist und der sich in ein paar Jahren noch gro\u00dfartiger zeigen wird. Ein echtes Musterbeispiel, wie Gew\u00fcrztraminer sein sollte, jeder Schluck verf\u00fchrt zu einem weiteren und die Speisen, die er begleitet, lieben seine feine salzige und aromareiche Facette.<\/p>\n<p>Dem Ungeduldigen, der ihn zum jetzigen Zeitpunkt \u00f6ffnen m\u00f6chte, sei geraten, ihn mindestens einen Tag vorher zu dekantieren und nicht zu kalt aus gro\u00dfen Burgundergl\u00e4sern zu genie\u00dfen.<\/p>\n<p>Copyright Vinaturel 2025<\/p>\n<p>Keywords: <a href=\"https:\/\/wein-werte.com\/de\/shop\/?swoof=1&#038;pa_producer=Zind-Humbrecht\">Zind-Humbrecht<\/a> <a href=\"https:\/\/wein-werte.com\/de\/shop\/?swoof=1&#038;woof_text=Gew\u00fcrztraminer Clos Windsbuhl\">Gew\u00fcrztraminer Clos Windsbuhl<\/a> 2021 bio <a href=\"https:\/\/wein-werte.com\/de\/shop\/?swoof=1&#038;pa_region=Elsass\">Elsass<\/a> <a href=\"https:\/\/wein-werte.com\/de\/shop\/?swoof=1&#038;pa_country=Frankreich\">Frankreich<\/a><\/p>\n<h3>Vinous<\/h3>\n<p>Punkte: 95<\/p>\n<p>Der Gew\u00fcrztraminer Clos Windsbuhl 2021 stammt von \u00e4lteren Gew\u00fcrztraminer-Parzellen im oberen Teil von Windsbuhl auf Trias-Kalkstein. In der Nase pr\u00e4sentieren sich Honig, zitronengelbe Rosenbl\u00e4tter und frischer Ingwer. W\u00e4hrend die Nase S\u00fc\u00dfe signalisiert, ist der Gaumen knochentrocken, fein strukturiert und zeigt eine volle Kernigkeit, die nach Bittermandel und Marzipan schimmert. Der Wein ist trocken und spielt mit den Sinnen \u2013 ein fantastisches Spiel, das die Geschmacksknospen in Alarmbereitschaft versetzt. Der Abgang mit Zitronenschale ist w\u00fcrzig und sehr lang. Wow. (Knochentrocken) \u2013 Anne Krebiehl MW<br \/>Trinkfenster: 2027\u20132060<br \/>Testdatum: April 2023<\/p>\n<p>Internetseite des Weinguts: <a href=\"http:\/\/www.zindhumbrecht.fr\/\" target=\"_blank\">http:\/\/www.zindhumbrecht.fr\/<\/a><\/p>\n","protected":false},"excerpt":{"rendered":"<p>Lieferzeit: 1 bis 2 Arbeitstage (DE), 2 bis 5 Arbeitstage (EU and CH)<\/p>\n","protected":false},"featured_media":1145314,"template":"","meta":[],"product_brand":[],"product_cat":[19],"product_tag":[],"class_list":{"0":"post-1135326","1":"product","2":"type-product","3":"status-publish","4":"has-post-thumbnail","6":"product_cat-unkategorisiert","7":"pa_alcohol-for-filter-12892","8":"pa_certified-biodynamic-ja-de","9":"pa_certified-organic-ja-de","10":"pa_colour-weiss","11":"pa_country-frankreich","12":"pa_grape-gewurztraminer","13":"pa_price-for-filter-10572","14":"pa_producer-zind-humbrecht","15":"pa_region-elsass","16":"pa_size-ml-6584","17":"pa_sweetness-trocken-de","18":"pa_type-2-still-de","19":"pa_vinous-points-for-filter-20035","20":"pa_vintage-2021-de","21":"entry","22":"has-media","24":"first","25":"instock","26":"taxable","27":"shipping-taxable","28":"purchasable","29":"product-type-simple"},"yoast_head":"<!-- This site is optimized with the Yoast SEO plugin v27.5 - https:\/\/yoast.com\/product\/yoast-seo-wordpress\/ -->\n<title>Zind-Humbrecht Gew\u00fcrztraminer Clos Windsbuhl 2021<\/title>\n<meta name=\"description\" content=\"Kaufe Zind-Humbrecht Gew\u00fcrztraminer Clos Windsbuhl 2021 (Gew\u00fcrztraminer, trocken aus Elsass, Frankreich) bei Wein Werte, Ihrem nachhaltigen Onlineshop.\" \/>\n<meta name=\"robots\" content=\"index, follow, max-snippet:-1, max-image-preview:large, max-video-preview:-1\" \/>\n<link rel=\"canonical\" href=\"https:\/\/wein-werte.com\/de\/produkt\/zind-humbrecht-gewurztraminer-clos-windsbuhl-2021-750ml\/\" \/>\n<meta property=\"og:locale\" content=\"de_DE\" \/>\n<meta property=\"og:type\" content=\"article\" \/>\n<meta property=\"og:title\" content=\"Zind-Humbrecht Gew\u00fcrztraminer Clos Windsbuhl 2021\" \/>\n<meta property=\"og:description\" content=\"Kaufe Zind-Humbrecht Gew\u00fcrztraminer Clos Windsbuhl 2021 (Gew\u00fcrztraminer, trocken aus Elsass, Frankreich) bei Wein Werte, Ihrem nachhaltigen Onlineshop.\" \/>\n<meta property=\"og:url\" content=\"https:\/\/wein-werte.com\/de\/produkt\/zind-humbrecht-gewurztraminer-clos-windsbuhl-2021-750ml\/\" \/>\n<meta property=\"og:site_name\" content=\"Wein Werte\" \/>\n<meta property=\"og:image\" content=\"https:\/\/wein-werte.com\/wp-content\/uploads\/2026\/04\/Zind-Humbrecht-Gewurztraminer-Clos-Windsbuhl-2021-750ml.png\" \/>\n\t<meta property=\"og:image:width\" content=\"275\" \/>\n\t<meta property=\"og:image:height\" content=\"1200\" \/>\n\t<meta property=\"og:image:type\" content=\"image\/png\" \/>\n<meta name=\"twitter:card\" content=\"summary_large_image\" \/>\n<meta name=\"twitter:label1\" content=\"Gesch\u00e4tzte Lesezeit\" \/>\n\t<meta name=\"twitter:data1\" content=\"2\u00a0Minuten\" \/>\n<script type=\"application\/ld+json\" class=\"yoast-schema-graph\">{\"@context\":\"https:\\\/\\\/schema.org\",\"@graph\":[{\"@type\":\"WebPage\",\"@id\":\"https:\\\/\\\/wein-werte.com\\\/de\\\/produkt\\\/zind-humbrecht-gewurztraminer-clos-windsbuhl-2021-750ml\\\/\",\"url\":\"https:\\\/\\\/wein-werte.com\\\/de\\\/produkt\\\/zind-humbrecht-gewurztraminer-clos-windsbuhl-2021-750ml\\\/\",\"name\":\"Zind-Humbrecht Gew\u00fcrztraminer Clos Windsbuhl 2021\",\"isPartOf\":{\"@id\":\"https:\\\/\\\/wein-werte.com\\\/de\\\/#website\"},\"primaryImageOfPage\":{\"@id\":\"https:\\\/\\\/wein-werte.com\\\/de\\\/produkt\\\/zind-humbrecht-gewurztraminer-clos-windsbuhl-2021-750ml\\\/#primaryimage\"},\"image\":{\"@id\":\"https:\\\/\\\/wein-werte.com\\\/de\\\/produkt\\\/zind-humbrecht-gewurztraminer-clos-windsbuhl-2021-750ml\\\/#primaryimage\"},\"thumbnailUrl\":\"https:\\\/\\\/wein-werte.com\\\/wp-content\\\/uploads\\\/2026\\\/04\\\/Zind-Humbrecht-Gewurztraminer-Clos-Windsbuhl-2021-750ml.png\",\"datePublished\":\"2026-04-27T11:33:31+00:00\",\"description\":\"Kaufe Zind-Humbrecht Gew\u00fcrztraminer Clos Windsbuhl 2021 (Gew\u00fcrztraminer, trocken aus Elsass, Frankreich) bei Wein Werte, Ihrem nachhaltigen Onlineshop.\",\"breadcrumb\":{\"@id\":\"https:\\\/\\\/wein-werte.com\\\/de\\\/produkt\\\/zind-humbrecht-gewurztraminer-clos-windsbuhl-2021-750ml\\\/#breadcrumb\"},\"inLanguage\":\"de\",\"potentialAction\":[{\"@type\":\"ReadAction\",\"target\":[\"https:\\\/\\\/wein-werte.com\\\/de\\\/produkt\\\/zind-humbrecht-gewurztraminer-clos-windsbuhl-2021-750ml\\\/\"]}]},{\"@type\":\"ImageObject\",\"inLanguage\":\"de\",\"@id\":\"https:\\\/\\\/wein-werte.com\\\/de\\\/produkt\\\/zind-humbrecht-gewurztraminer-clos-windsbuhl-2021-750ml\\\/#primaryimage\",\"url\":\"https:\\\/\\\/wein-werte.com\\\/wp-content\\\/uploads\\\/2026\\\/04\\\/Zind-Humbrecht-Gewurztraminer-Clos-Windsbuhl-2021-750ml.png\",\"contentUrl\":\"https:\\\/\\\/wein-werte.com\\\/wp-content\\\/uploads\\\/2026\\\/04\\\/Zind-Humbrecht-Gewurztraminer-Clos-Windsbuhl-2021-750ml.png\",\"width\":275,\"height\":1200,\"caption\":\"Zind-Humbrecht Gew\u00fcrztraminer Clos Windsbuhl 2021 750ml\"},{\"@type\":\"BreadcrumbList\",\"@id\":\"https:\\\/\\\/wein-werte.com\\\/de\\\/produkt\\\/zind-humbrecht-gewurztraminer-clos-windsbuhl-2021-750ml\\\/#breadcrumb\",\"itemListElement\":[{\"@type\":\"ListItem\",\"position\":1,\"name\":\"Home\",\"item\":\"https:\\\/\\\/wein-werte.com\\\/de\\\/\"},{\"@type\":\"ListItem\",\"position\":2,\"name\":\"Shop\",\"item\":\"https:\\\/\\\/wein-werte.com\\\/de\\\/shop\\\/\"},{\"@type\":\"ListItem\",\"position\":3,\"name\":\"Zind-Humbrecht | Elsass | Gew\u00fcrztraminer Clos Windsbuhl | 2021 | 750ml | bio\"}]},{\"@type\":\"WebSite\",\"@id\":\"https:\\\/\\\/wein-werte.com\\\/de\\\/#website\",\"url\":\"https:\\\/\\\/wein-werte.com\\\/de\\\/\",\"name\":\"Wein Werte\",\"description\":\"\",\"publisher\":{\"@id\":\"https:\\\/\\\/wein-werte.com\\\/de\\\/#organization\"},\"potentialAction\":[{\"@type\":\"SearchAction\",\"target\":{\"@type\":\"EntryPoint\",\"urlTemplate\":\"https:\\\/\\\/wein-werte.com\\\/de\\\/?s={search_term_string}\"},\"query-input\":{\"@type\":\"PropertyValueSpecification\",\"valueRequired\":true,\"valueName\":\"search_term_string\"}}],\"inLanguage\":\"de\"},{\"@type\":\"Organization\",\"@id\":\"https:\\\/\\\/wein-werte.com\\\/de\\\/#organization\",\"name\":\"Vins Fins Thorrold\",\"url\":\"https:\\\/\\\/wein-werte.com\\\/de\\\/\",\"logo\":{\"@type\":\"ImageObject\",\"inLanguage\":\"de\",\"@id\":\"https:\\\/\\\/wein-werte.com\\\/de\\\/#\\\/schema\\\/logo\\\/image\\\/\",\"url\":\"https:\\\/\\\/wein-werte.com\\\/wp-content\\\/uploads\\\/2023\\\/07\\\/Wein_werte_Logo700-1.png\",\"contentUrl\":\"https:\\\/\\\/wein-werte.com\\\/wp-content\\\/uploads\\\/2023\\\/07\\\/Wein_werte_Logo700-1.png\",\"width\":700,\"height\":272,\"caption\":\"Vins Fins Thorrold\"},\"image\":{\"@id\":\"https:\\\/\\\/wein-werte.com\\\/de\\\/#\\\/schema\\\/logo\\\/image\\\/\"}}]}<\/script>\n<!-- \/ Yoast SEO plugin. -->","yoast_head_json":{"title":"Zind-Humbrecht Gew\u00fcrztraminer Clos Windsbuhl 2021","description":"Kaufe Zind-Humbrecht Gew\u00fcrztraminer Clos Windsbuhl 2021 (Gew\u00fcrztraminer, trocken aus Elsass, Frankreich) bei Wein Werte, Ihrem nachhaltigen Onlineshop.","robots":{"index":"index","follow":"follow","max-snippet":"max-snippet:-1","max-image-preview":"max-image-preview:large","max-video-preview":"max-video-preview:-1"},"canonical":"https:\/\/wein-werte.com\/de\/produkt\/zind-humbrecht-gewurztraminer-clos-windsbuhl-2021-750ml\/","og_locale":"de_DE","og_type":"article","og_title":"Zind-Humbrecht Gew\u00fcrztraminer Clos Windsbuhl 2021","og_description":"Kaufe Zind-Humbrecht Gew\u00fcrztraminer Clos Windsbuhl 2021 (Gew\u00fcrztraminer, trocken aus Elsass, Frankreich) bei Wein Werte, Ihrem nachhaltigen Onlineshop.","og_url":"https:\/\/wein-werte.com\/de\/produkt\/zind-humbrecht-gewurztraminer-clos-windsbuhl-2021-750ml\/","og_site_name":"Wein Werte","og_image":[{"width":275,"height":1200,"url":"https:\/\/wein-werte.com\/wp-content\/uploads\/2026\/04\/Zind-Humbrecht-Gewurztraminer-Clos-Windsbuhl-2021-750ml.png","type":"image\/png"}],"twitter_card":"summary_large_image","twitter_misc":{"Gesch\u00e4tzte Lesezeit":"2\u00a0Minuten"},"schema":{"@context":"https:\/\/schema.org","@graph":[{"@type":"WebPage","@id":"https:\/\/wein-werte.com\/de\/produkt\/zind-humbrecht-gewurztraminer-clos-windsbuhl-2021-750ml\/","url":"https:\/\/wein-werte.com\/de\/produkt\/zind-humbrecht-gewurztraminer-clos-windsbuhl-2021-750ml\/","name":"Zind-Humbrecht Gew\u00fcrztraminer Clos Windsbuhl 2021","isPartOf":{"@id":"https:\/\/wein-werte.com\/de\/#website"},"primaryImageOfPage":{"@id":"https:\/\/wein-werte.com\/de\/produkt\/zind-humbrecht-gewurztraminer-clos-windsbuhl-2021-750ml\/#primaryimage"},"image":{"@id":"https:\/\/wein-werte.com\/de\/produkt\/zind-humbrecht-gewurztraminer-clos-windsbuhl-2021-750ml\/#primaryimage"},"thumbnailUrl":"https:\/\/wein-werte.com\/wp-content\/uploads\/2026\/04\/Zind-Humbrecht-Gewurztraminer-Clos-Windsbuhl-2021-750ml.png","datePublished":"2026-04-27T11:33:31+00:00","description":"Kaufe Zind-Humbrecht Gew\u00fcrztraminer Clos Windsbuhl 2021 (Gew\u00fcrztraminer, trocken aus Elsass, Frankreich) bei Wein Werte, Ihrem nachhaltigen Onlineshop.","breadcrumb":{"@id":"https:\/\/wein-werte.com\/de\/produkt\/zind-humbrecht-gewurztraminer-clos-windsbuhl-2021-750ml\/#breadcrumb"},"inLanguage":"de","potentialAction":[{"@type":"ReadAction","target":["https:\/\/wein-werte.com\/de\/produkt\/zind-humbrecht-gewurztraminer-clos-windsbuhl-2021-750ml\/"]}]},{"@type":"ImageObject","inLanguage":"de","@id":"https:\/\/wein-werte.com\/de\/produkt\/zind-humbrecht-gewurztraminer-clos-windsbuhl-2021-750ml\/#primaryimage","url":"https:\/\/wein-werte.com\/wp-content\/uploads\/2026\/04\/Zind-Humbrecht-Gewurztraminer-Clos-Windsbuhl-2021-750ml.png","contentUrl":"https:\/\/wein-werte.com\/wp-content\/uploads\/2026\/04\/Zind-Humbrecht-Gewurztraminer-Clos-Windsbuhl-2021-750ml.png","width":275,"height":1200,"caption":"Zind-Humbrecht Gew\u00fcrztraminer Clos Windsbuhl 2021 750ml"},{"@type":"BreadcrumbList","@id":"https:\/\/wein-werte.com\/de\/produkt\/zind-humbrecht-gewurztraminer-clos-windsbuhl-2021-750ml\/#breadcrumb","itemListElement":[{"@type":"ListItem","position":1,"name":"Home","item":"https:\/\/wein-werte.com\/de\/"},{"@type":"ListItem","position":2,"name":"Shop","item":"https:\/\/wein-werte.com\/de\/shop\/"},{"@type":"ListItem","position":3,"name":"Zind-Humbrecht | Elsass | Gew\u00fcrztraminer Clos Windsbuhl | 2021 | 750ml | bio"}]},{"@type":"WebSite","@id":"https:\/\/wein-werte.com\/de\/#website","url":"https:\/\/wein-werte.com\/de\/","name":"Wein Werte","description":"","publisher":{"@id":"https:\/\/wein-werte.com\/de\/#organization"},"potentialAction":[{"@type":"SearchAction","target":{"@type":"EntryPoint","urlTemplate":"https:\/\/wein-werte.com\/de\/?s={search_term_string}"},"query-input":{"@type":"PropertyValueSpecification","valueRequired":true,"valueName":"search_term_string"}}],"inLanguage":"de"},{"@type":"Organization","@id":"https:\/\/wein-werte.com\/de\/#organization","name":"Vins Fins Thorrold","url":"https:\/\/wein-werte.com\/de\/","logo":{"@type":"ImageObject","inLanguage":"de","@id":"https:\/\/wein-werte.com\/de\/#\/schema\/logo\/image\/","url":"https:\/\/wein-werte.com\/wp-content\/uploads\/2023\/07\/Wein_werte_Logo700-1.png","contentUrl":"https:\/\/wein-werte.com\/wp-content\/uploads\/2023\/07\/Wein_werte_Logo700-1.png","width":700,"height":272,"caption":"Vins Fins Thorrold"},"image":{"@id":"https:\/\/wein-werte.com\/de\/#\/schema\/logo\/image\/"}}]}},"_links":{"self":[{"href":"https:\/\/wein-werte.com\/de\/wp-json\/wp\/v2\/product\/1135326","targetHints":{"allow":["GET"]}}],"collection":[{"href":"https:\/\/wein-werte.com\/de\/wp-json\/wp\/v2\/product"}],"about":[{"href":"https:\/\/wein-werte.com\/de\/wp-json\/wp\/v2\/types\/product"}],"wp:featuredmedia":[{"embeddable":true,"href":"https:\/\/wein-werte.com\/de\/wp-json\/wp\/v2\/media\/1145314"}],"wp:attachment":[{"href":"https:\/\/wein-werte.com\/de\/wp-json\/wp\/v2\/media?parent=1135326"}],"wp:term":[{"taxonomy":"product_brand","embeddable":true,"href":"https:\/\/wein-werte.com\/de\/wp-json\/wp\/v2\/product_brand?post=1135326"},{"taxonomy":"product_cat","embeddable":true,"href":"https:\/\/wein-werte.com\/de\/wp-json\/wp\/v2\/product_cat?post=1135326"},{"taxonomy":"product_tag","embeddable":true,"href":"https:\/\/wein-werte.com\/de\/wp-json\/wp\/v2\/product_tag?post=1135326"}],"curies":[{"name":"wp","href":"https:\/\/api.w.org\/{rel}","templated":true}]}}