{"id":1135311,"date":"2026-05-08T20:08:58","date_gmt":"2026-05-08T18:08:58","guid":{"rendered":"https:\/\/wein-werte.com\/product\/zind-humbrecht-pinot-gris-clos-jebsal-2021-750ml\/"},"modified":"2026-04-27T12:04:26","modified_gmt":"2026-04-27T10:04:26","slug":"zind-humbrecht-pinot-gris-clos-jebsal-2021-750ml","status":"publish","type":"product","link":"https:\/\/wein-werte.com\/de\/produkt\/zind-humbrecht-pinot-gris-clos-jebsal-2021-750ml\/","title":{"rendered":"Zind-Humbrecht | Elsass | Pinot Gris Clos Jebsal | 2021 | 750ml | bio"},"content":{"rendered":"<p>Produktbeschreibung f\u00fcr Zind-Humbrecht Pinot Gris Clos Jebsal 2021 (bio) <\/p>\n<h5>Info zum Wein<\/h5>\n<h5>Olivier Humbrecht<\/h5>\n<p> Das Clos Jebsal liegt direkt unterhalb des Grand Cru Brand, getrennt durch eine beeindruckende geologische Verwerfung, die den Granit (prim\u00e4re Epoche) des Brand und die Gipsmergel des Keuper (sekund\u00e4re Epoche) sehr genau abgrenzt. Dieser kleine Clos von 1,3 ha wurde von meinem Vater L\u00e9onard Ende der 1970er Jahre neu angelegt und 1983 mit Pinot-Gris bepflanzt. In S\u00fcdlage, an einem sehr steilen Hang, reifen die Trauben schnell. Der Mergelboden ist im unteren Teil des Clos und auf den Terrassen tief und kalt, w\u00e4hrend der Kalkstein im oberen Teil st\u00e4rker hervortritt. <\/p>\n<h5>Info zum Ausbau<\/h5>\n<p> Da die Weinlese einen ganzen Monat fr\u00fcher stattfindet, waren die Temperaturen im September leider zu hoch und die F\u00e4ulnis entwickelt sich nicht so sch\u00f6n wie sp\u00e4ter im Oktober oder November. Seit 2020 produziert Clos Jebsal daher sehr trockene Weine, beh\u00e4lt aber seine F\u00e4higkeit Weine hervorzubringen, die fantastisch reifen k\u00f6nnen. <\/p>\n<h5>Farbe<\/h5>\n<p> Strahlendes Goldgelb. <\/p>\n<h5>Nase<\/h5>\n<p> Der 2021er Pinot Gris Clos Jebsal ist gepr\u00e4gt von intensiver Hefew\u00fcrze, \u00c4pfeln, Quitten, Waln\u00fcssen und getrockneter Aprikose. Zugleich strahlt er eine salzige Note aus, die ihm Finesse und Frische verleiht, ein wahrlich anregender und zugleich charmanter Pinot Gris in jeder Hinsicht. <\/p>\n<h5>Gaumen<\/h5>\n<p> Viel Schmelz, saftige Frucht, zarte Salzigkeit, eine belebende S\u00e4ure und ein pikanter Gerbstoff zeichnen diesen Pinot Gris aus. Er umspielt das Essen, welches ihn begleitet, vortrefflich, und seine S\u00e4ure und Salzigkeit steuern eine belebende Frische zu gehaltvollen Speisen bei. So bereitet Pinot Gris Freude! Der lange Nachhall verweist auf sein hervorragendes Reifepotential. Dem Ungeduldigen, der ihn zum jetzigen Zeitpunkt \u00f6ffnen m\u00f6chte, sei geraten ihn ca. zwei Stunden vorher zu dekantieren und nicht zu kalt aus gro\u00dfen Burgundergl\u00e4sern zu genie\u00dfen.<\/p>\n<p>Copyright Vinaturel 2025<\/p>\n<p>Keywords: <a href=\"https:\/\/wein-werte.com\/de\/shop\/?swoof=1&#038;pa_producer=Zind-Humbrecht\">Zind-Humbrecht<\/a> <a href=\"https:\/\/wein-werte.com\/de\/shop\/?swoof=1&#038;woof_text=Pinot Gris Clos Jebsal\">Pinot Gris Clos Jebsal<\/a> 2021 bio <a href=\"https:\/\/wein-werte.com\/de\/shop\/?swoof=1&#038;pa_region=Elsass\">Elsass<\/a> <a href=\"https:\/\/wein-werte.com\/de\/shop\/?swoof=1&#038;pa_country=Frankreich\">Frankreich<\/a><\/p>\n<h3>Vinous<\/h3>\n<p>Punkte: 94<\/p>\n<p>Der Pinot Gris Clos Jebsal 2021 ist ein Monopol von Zind-Humbrecht. Er liegt zwischen Brand und Heimbourg und unterscheidet sich deutlich von beiden, mit kalkhaltigem Mergel und Gips auf s\u00fcdorientierten Terrassen. Fr\u00fcher wurde hier s\u00fc\u00dfere, edelfaule Weine gekeltert. Die Reben wurden 1983 gepflanzt. In der Nase blitzt ein Hauch von Reduktion auf, gefolgt von aromatischen Noten von Birne, frisch umgegrabener Erde und Orangenschale. Am Gaumen pr\u00e4sentiert er sich konzentriert und fl\u00fcssig, mit einer Textur von rotbrauner Birne und einem salzigen, k\u00fchlen, k\u00f6stlichen Kern. Die Salzigkeit ist intensiver als die Frucht. Der sch\u00f6ne, knochentrockene Abgang ist sehr appetitlich. (Knochentrocken) \u2013 Anne Krebiehl MW<br \/>Trinkzeitraum: 2027\u20132060<br \/>Bewertungsdatum: April 2023<\/p>\n<p>Internetseite des Weinguts: <a href=\"http:\/\/www.zindhumbrecht.fr\/\" target=\"_blank\">http:\/\/www.zindhumbrecht.fr\/<\/a><\/p>\n","protected":false},"excerpt":{"rendered":"<p>Lieferzeit: 1 bis 2 Arbeitstage (DE), 2 bis 5 Arbeitstage (EU and CH)<\/p>\n","protected":false},"featured_media":1145302,"template":"","meta":[],"product_brand":[],"product_cat":[19],"product_tag":[],"class_list":{"0":"post-1135311","1":"product","2":"type-product","3":"status-publish","4":"has-post-thumbnail","6":"product_cat-unkategorisiert","7":"pa_alcohol-for-filter-12897","8":"pa_certified-biodynamic-ja-de","9":"pa_certified-organic-ja-de","10":"pa_colour-weiss","11":"pa_country-frankreich","12":"pa_grape-pinot-gris-grauburgunder","13":"pa_price-for-filter-10564","14":"pa_producer-zind-humbrecht","15":"pa_region-elsass","16":"pa_size-ml-6584","17":"pa_sweetness-trocken-de","18":"pa_type-2-still-de","19":"pa_vinous-points-for-filter-20033","20":"pa_vintage-2021-de","21":"entry","22":"has-media","24":"first","25":"instock","26":"taxable","27":"shipping-taxable","28":"purchasable","29":"product-type-simple"},"yoast_head":"<!-- This site is optimized with the Yoast SEO plugin v27.5 - https:\/\/yoast.com\/product\/yoast-seo-wordpress\/ -->\n<title>Zind-Humbrecht Pinot Gris Clos Jebsal 2021<\/title>\n<meta name=\"description\" content=\"Kaufe Zind-Humbrecht Pinot Gris Clos Jebsal 2021 (Pinot Gris, trocken aus Elsass, Frankreich) bei Wein Werte, Ihrem nachhaltigen Onlineshop.\" \/>\n<meta name=\"robots\" content=\"index, follow, max-snippet:-1, max-image-preview:large, max-video-preview:-1\" \/>\n<link rel=\"canonical\" href=\"https:\/\/wein-werte.com\/de\/produkt\/zind-humbrecht-pinot-gris-clos-jebsal-2021-750ml\/\" \/>\n<meta property=\"og:locale\" content=\"de_DE\" \/>\n<meta property=\"og:type\" content=\"article\" \/>\n<meta property=\"og:title\" content=\"Zind-Humbrecht Pinot Gris Clos Jebsal 2021\" \/>\n<meta property=\"og:description\" content=\"Kaufe Zind-Humbrecht Pinot Gris Clos Jebsal 2021 (Pinot Gris, trocken aus Elsass, Frankreich) bei Wein Werte, Ihrem nachhaltigen Onlineshop.\" \/>\n<meta property=\"og:url\" content=\"https:\/\/wein-werte.com\/de\/produkt\/zind-humbrecht-pinot-gris-clos-jebsal-2021-750ml\/\" \/>\n<meta property=\"og:site_name\" content=\"Wein Werte\" \/>\n<meta property=\"og:image\" content=\"https:\/\/wein-werte.com\/wp-content\/uploads\/2026\/04\/Zind-Humbrecht-Pinot-Gris-Clos-Jebsal-2021-750ml.png\" \/>\n\t<meta property=\"og:image:width\" content=\"272\" \/>\n\t<meta property=\"og:image:height\" content=\"1200\" \/>\n\t<meta property=\"og:image:type\" content=\"image\/png\" \/>\n<meta name=\"twitter:card\" content=\"summary_large_image\" \/>\n<meta name=\"twitter:label1\" content=\"Gesch\u00e4tzte Lesezeit\" \/>\n\t<meta name=\"twitter:data1\" content=\"2\u00a0Minuten\" \/>\n<script type=\"application\/ld+json\" class=\"yoast-schema-graph\">{\"@context\":\"https:\\\/\\\/schema.org\",\"@graph\":[{\"@type\":\"WebPage\",\"@id\":\"https:\\\/\\\/wein-werte.com\\\/de\\\/produkt\\\/zind-humbrecht-pinot-gris-clos-jebsal-2021-750ml\\\/\",\"url\":\"https:\\\/\\\/wein-werte.com\\\/de\\\/produkt\\\/zind-humbrecht-pinot-gris-clos-jebsal-2021-750ml\\\/\",\"name\":\"Zind-Humbrecht Pinot Gris Clos Jebsal 2021\",\"isPartOf\":{\"@id\":\"https:\\\/\\\/wein-werte.com\\\/de\\\/#website\"},\"primaryImageOfPage\":{\"@id\":\"https:\\\/\\\/wein-werte.com\\\/de\\\/produkt\\\/zind-humbrecht-pinot-gris-clos-jebsal-2021-750ml\\\/#primaryimage\"},\"image\":{\"@id\":\"https:\\\/\\\/wein-werte.com\\\/de\\\/produkt\\\/zind-humbrecht-pinot-gris-clos-jebsal-2021-750ml\\\/#primaryimage\"},\"thumbnailUrl\":\"https:\\\/\\\/wein-werte.com\\\/wp-content\\\/uploads\\\/2026\\\/04\\\/Zind-Humbrecht-Pinot-Gris-Clos-Jebsal-2021-750ml.png\",\"datePublished\":\"2026-05-08T18:08:58+00:00\",\"description\":\"Kaufe Zind-Humbrecht Pinot Gris Clos Jebsal 2021 (Pinot Gris, trocken aus Elsass, Frankreich) bei Wein Werte, Ihrem nachhaltigen Onlineshop.\",\"breadcrumb\":{\"@id\":\"https:\\\/\\\/wein-werte.com\\\/de\\\/produkt\\\/zind-humbrecht-pinot-gris-clos-jebsal-2021-750ml\\\/#breadcrumb\"},\"inLanguage\":\"de\",\"potentialAction\":[{\"@type\":\"ReadAction\",\"target\":[\"https:\\\/\\\/wein-werte.com\\\/de\\\/produkt\\\/zind-humbrecht-pinot-gris-clos-jebsal-2021-750ml\\\/\"]}]},{\"@type\":\"ImageObject\",\"inLanguage\":\"de\",\"@id\":\"https:\\\/\\\/wein-werte.com\\\/de\\\/produkt\\\/zind-humbrecht-pinot-gris-clos-jebsal-2021-750ml\\\/#primaryimage\",\"url\":\"https:\\\/\\\/wein-werte.com\\\/wp-content\\\/uploads\\\/2026\\\/04\\\/Zind-Humbrecht-Pinot-Gris-Clos-Jebsal-2021-750ml.png\",\"contentUrl\":\"https:\\\/\\\/wein-werte.com\\\/wp-content\\\/uploads\\\/2026\\\/04\\\/Zind-Humbrecht-Pinot-Gris-Clos-Jebsal-2021-750ml.png\",\"width\":272,\"height\":1200,\"caption\":\"Zind-Humbrecht Pinot Gris Clos Jebsal 2021 750ml\"},{\"@type\":\"BreadcrumbList\",\"@id\":\"https:\\\/\\\/wein-werte.com\\\/de\\\/produkt\\\/zind-humbrecht-pinot-gris-clos-jebsal-2021-750ml\\\/#breadcrumb\",\"itemListElement\":[{\"@type\":\"ListItem\",\"position\":1,\"name\":\"Home\",\"item\":\"https:\\\/\\\/wein-werte.com\\\/de\\\/\"},{\"@type\":\"ListItem\",\"position\":2,\"name\":\"Shop\",\"item\":\"https:\\\/\\\/wein-werte.com\\\/de\\\/shop\\\/\"},{\"@type\":\"ListItem\",\"position\":3,\"name\":\"Zind-Humbrecht | Elsass | Pinot Gris Clos Jebsal | 2021 | 750ml | bio\"}]},{\"@type\":\"WebSite\",\"@id\":\"https:\\\/\\\/wein-werte.com\\\/de\\\/#website\",\"url\":\"https:\\\/\\\/wein-werte.com\\\/de\\\/\",\"name\":\"Wein Werte\",\"description\":\"\",\"publisher\":{\"@id\":\"https:\\\/\\\/wein-werte.com\\\/de\\\/#organization\"},\"potentialAction\":[{\"@type\":\"SearchAction\",\"target\":{\"@type\":\"EntryPoint\",\"urlTemplate\":\"https:\\\/\\\/wein-werte.com\\\/de\\\/?s={search_term_string}\"},\"query-input\":{\"@type\":\"PropertyValueSpecification\",\"valueRequired\":true,\"valueName\":\"search_term_string\"}}],\"inLanguage\":\"de\"},{\"@type\":\"Organization\",\"@id\":\"https:\\\/\\\/wein-werte.com\\\/de\\\/#organization\",\"name\":\"Vins Fins Thorrold\",\"url\":\"https:\\\/\\\/wein-werte.com\\\/de\\\/\",\"logo\":{\"@type\":\"ImageObject\",\"inLanguage\":\"de\",\"@id\":\"https:\\\/\\\/wein-werte.com\\\/de\\\/#\\\/schema\\\/logo\\\/image\\\/\",\"url\":\"https:\\\/\\\/wein-werte.com\\\/wp-content\\\/uploads\\\/2023\\\/07\\\/Wein_werte_Logo700-1.png\",\"contentUrl\":\"https:\\\/\\\/wein-werte.com\\\/wp-content\\\/uploads\\\/2023\\\/07\\\/Wein_werte_Logo700-1.png\",\"width\":700,\"height\":272,\"caption\":\"Vins Fins Thorrold\"},\"image\":{\"@id\":\"https:\\\/\\\/wein-werte.com\\\/de\\\/#\\\/schema\\\/logo\\\/image\\\/\"}}]}<\/script>\n<!-- \/ Yoast SEO plugin. -->","yoast_head_json":{"title":"Zind-Humbrecht Pinot Gris Clos Jebsal 2021","description":"Kaufe Zind-Humbrecht Pinot Gris Clos Jebsal 2021 (Pinot Gris, trocken aus Elsass, Frankreich) bei Wein Werte, Ihrem nachhaltigen Onlineshop.","robots":{"index":"index","follow":"follow","max-snippet":"max-snippet:-1","max-image-preview":"max-image-preview:large","max-video-preview":"max-video-preview:-1"},"canonical":"https:\/\/wein-werte.com\/de\/produkt\/zind-humbrecht-pinot-gris-clos-jebsal-2021-750ml\/","og_locale":"de_DE","og_type":"article","og_title":"Zind-Humbrecht Pinot Gris Clos Jebsal 2021","og_description":"Kaufe Zind-Humbrecht Pinot Gris Clos Jebsal 2021 (Pinot Gris, trocken aus Elsass, Frankreich) bei Wein Werte, Ihrem nachhaltigen Onlineshop.","og_url":"https:\/\/wein-werte.com\/de\/produkt\/zind-humbrecht-pinot-gris-clos-jebsal-2021-750ml\/","og_site_name":"Wein Werte","og_image":[{"width":272,"height":1200,"url":"https:\/\/wein-werte.com\/wp-content\/uploads\/2026\/04\/Zind-Humbrecht-Pinot-Gris-Clos-Jebsal-2021-750ml.png","type":"image\/png"}],"twitter_card":"summary_large_image","twitter_misc":{"Gesch\u00e4tzte Lesezeit":"2\u00a0Minuten"},"schema":{"@context":"https:\/\/schema.org","@graph":[{"@type":"WebPage","@id":"https:\/\/wein-werte.com\/de\/produkt\/zind-humbrecht-pinot-gris-clos-jebsal-2021-750ml\/","url":"https:\/\/wein-werte.com\/de\/produkt\/zind-humbrecht-pinot-gris-clos-jebsal-2021-750ml\/","name":"Zind-Humbrecht Pinot Gris Clos Jebsal 2021","isPartOf":{"@id":"https:\/\/wein-werte.com\/de\/#website"},"primaryImageOfPage":{"@id":"https:\/\/wein-werte.com\/de\/produkt\/zind-humbrecht-pinot-gris-clos-jebsal-2021-750ml\/#primaryimage"},"image":{"@id":"https:\/\/wein-werte.com\/de\/produkt\/zind-humbrecht-pinot-gris-clos-jebsal-2021-750ml\/#primaryimage"},"thumbnailUrl":"https:\/\/wein-werte.com\/wp-content\/uploads\/2026\/04\/Zind-Humbrecht-Pinot-Gris-Clos-Jebsal-2021-750ml.png","datePublished":"2026-05-08T18:08:58+00:00","description":"Kaufe Zind-Humbrecht Pinot Gris Clos Jebsal 2021 (Pinot Gris, trocken aus Elsass, Frankreich) bei Wein Werte, Ihrem nachhaltigen Onlineshop.","breadcrumb":{"@id":"https:\/\/wein-werte.com\/de\/produkt\/zind-humbrecht-pinot-gris-clos-jebsal-2021-750ml\/#breadcrumb"},"inLanguage":"de","potentialAction":[{"@type":"ReadAction","target":["https:\/\/wein-werte.com\/de\/produkt\/zind-humbrecht-pinot-gris-clos-jebsal-2021-750ml\/"]}]},{"@type":"ImageObject","inLanguage":"de","@id":"https:\/\/wein-werte.com\/de\/produkt\/zind-humbrecht-pinot-gris-clos-jebsal-2021-750ml\/#primaryimage","url":"https:\/\/wein-werte.com\/wp-content\/uploads\/2026\/04\/Zind-Humbrecht-Pinot-Gris-Clos-Jebsal-2021-750ml.png","contentUrl":"https:\/\/wein-werte.com\/wp-content\/uploads\/2026\/04\/Zind-Humbrecht-Pinot-Gris-Clos-Jebsal-2021-750ml.png","width":272,"height":1200,"caption":"Zind-Humbrecht Pinot Gris Clos Jebsal 2021 750ml"},{"@type":"BreadcrumbList","@id":"https:\/\/wein-werte.com\/de\/produkt\/zind-humbrecht-pinot-gris-clos-jebsal-2021-750ml\/#breadcrumb","itemListElement":[{"@type":"ListItem","position":1,"name":"Home","item":"https:\/\/wein-werte.com\/de\/"},{"@type":"ListItem","position":2,"name":"Shop","item":"https:\/\/wein-werte.com\/de\/shop\/"},{"@type":"ListItem","position":3,"name":"Zind-Humbrecht | Elsass | Pinot Gris Clos Jebsal | 2021 | 750ml | bio"}]},{"@type":"WebSite","@id":"https:\/\/wein-werte.com\/de\/#website","url":"https:\/\/wein-werte.com\/de\/","name":"Wein Werte","description":"","publisher":{"@id":"https:\/\/wein-werte.com\/de\/#organization"},"potentialAction":[{"@type":"SearchAction","target":{"@type":"EntryPoint","urlTemplate":"https:\/\/wein-werte.com\/de\/?s={search_term_string}"},"query-input":{"@type":"PropertyValueSpecification","valueRequired":true,"valueName":"search_term_string"}}],"inLanguage":"de"},{"@type":"Organization","@id":"https:\/\/wein-werte.com\/de\/#organization","name":"Vins Fins Thorrold","url":"https:\/\/wein-werte.com\/de\/","logo":{"@type":"ImageObject","inLanguage":"de","@id":"https:\/\/wein-werte.com\/de\/#\/schema\/logo\/image\/","url":"https:\/\/wein-werte.com\/wp-content\/uploads\/2023\/07\/Wein_werte_Logo700-1.png","contentUrl":"https:\/\/wein-werte.com\/wp-content\/uploads\/2023\/07\/Wein_werte_Logo700-1.png","width":700,"height":272,"caption":"Vins Fins Thorrold"},"image":{"@id":"https:\/\/wein-werte.com\/de\/#\/schema\/logo\/image\/"}}]}},"_links":{"self":[{"href":"https:\/\/wein-werte.com\/de\/wp-json\/wp\/v2\/product\/1135311","targetHints":{"allow":["GET"]}}],"collection":[{"href":"https:\/\/wein-werte.com\/de\/wp-json\/wp\/v2\/product"}],"about":[{"href":"https:\/\/wein-werte.com\/de\/wp-json\/wp\/v2\/types\/product"}],"wp:featuredmedia":[{"embeddable":true,"href":"https:\/\/wein-werte.com\/de\/wp-json\/wp\/v2\/media\/1145302"}],"wp:attachment":[{"href":"https:\/\/wein-werte.com\/de\/wp-json\/wp\/v2\/media?parent=1135311"}],"wp:term":[{"taxonomy":"product_brand","embeddable":true,"href":"https:\/\/wein-werte.com\/de\/wp-json\/wp\/v2\/product_brand?post=1135311"},{"taxonomy":"product_cat","embeddable":true,"href":"https:\/\/wein-werte.com\/de\/wp-json\/wp\/v2\/product_cat?post=1135311"},{"taxonomy":"product_tag","embeddable":true,"href":"https:\/\/wein-werte.com\/de\/wp-json\/wp\/v2\/product_tag?post=1135311"}],"curies":[{"name":"wp","href":"https:\/\/api.w.org\/{rel}","templated":true}]}}