{"id":1135280,"date":"2026-05-05T18:32:18","date_gmt":"2026-05-05T16:32:18","guid":{"rendered":"https:\/\/wein-werte.com\/product\/zind-humbrecht-pinot-gris-rangen-de-thann-clos-saint-urbain-grand-cru-2020-750ml\/"},"modified":"2026-04-27T12:04:21","modified_gmt":"2026-04-27T10:04:21","slug":"zind-humbrecht-pinot-gris-rangen-de-thann-clos-saint-urbain-grand-cru-2020-750ml","status":"publish","type":"product","link":"https:\/\/wein-werte.com\/de\/produkt\/zind-humbrecht-pinot-gris-rangen-de-thann-clos-saint-urbain-grand-cru-2020-750ml\/","title":{"rendered":"Zind-Humbrecht | Elsass | Pinot Gris Rangen de Thann Clos-Saint-Urbain Grand Cru | 2020 | 750ml | bio"},"content":{"rendered":"<p>Produktbeschreibung f\u00fcr Zind-Humbrecht Pinot Gris Rangen de Thann Clos-Saint-Urbain Grand Cru 2020 (bio) <\/p>\n<h5>Info zum Wein<\/h5>\n<p>Olivier Humbrecht:<\/p>\n<p>Die steilen H\u00e4nge des Grand Cru Rangen \u00fcberblicken die Altstadt von Thann und den Fluss Thur, der zu ihren F\u00fc\u00dfen flie\u00dft. Dieser Hang ist sicherlich einer der spektakul\u00e4rsten des Elsass (und Frankreichs), aber sein Ruf in der Geschichte des els\u00e4ssischen Weins beruht eigentlich auf seiner einzigartigen und seltenen Geologie. Das Terroir von Rangen besteht aus Grauwacken (komprimierte Vulkanasche) und ist in der Lage, Weine von einer geschmacklichen St\u00e4rke hervorzubringen, die beeindruckt. Vor allem aber bringt der Rangen Weine von unvergleichlicher Energie hervor.<\/p>\n<p>\u00a0<\/p>\n<h5>Info zum Ausbau<\/h5>\n<p>Wie bei vielen Pinot-Gris, die auf dem Weingut erzeugt werden, ist es heute einfacher, trockene Weine zu erzeugen als s\u00fc\u00dfe (hochwertige Botrytis ist selten), vorausgesetzt nat\u00fcrlich, dass die Ernte zum optimalen Zeitpunkt erfolgt. In der Vergangenheit wurde die Ernte im Elsass \u00fcber mehrere Wochen oder Monate verteilt. Angesichts der globalen Erw\u00e4rmung ist es notwendig, die gleiche Fl\u00e4che zwei- bis dreimal schneller zu ernten, was auch eine Organisation voraussetzt, die es erlaubt, im Keller reaktiver zu sein. Der Grauburgunder Rangen ist ein Wein, der schnell g\u00e4rt, aber eine l\u00e4ngere Reifung (17 Monate f\u00fcr den 2020er) in F\u00e4ssern auf der Hefe erm\u00f6glicht es, sein kraftvolles Gleichgewicht zu verfeinern.<\/p>\n<p>\u00a0<\/p>\n<h5>Farbe<\/h5>\n<p>Elegantes, mittleres Goldgelb mit kupferfarbenen Reflexen.<\/p>\n<p>\u00a0<\/p>\n<h5>Nase<\/h5>\n<p>Nach einem Tag der \u00d6ffnung str\u00f6mt es aus der Karaffe mit einer Intensit\u00e4t heraus, die ihresgleichen sucht. Das ist Rangen mit seiner ganzen Strahlkraft: Bitterorangen, kandierte Orangenzesten, getrocknete Aprikosen, kandierter Ingwer, aber auch helle Fr\u00fcchte, wie Pfirsich, Birne und Honigmelone. Alles wirkt sehr saftig und animierend. Gew\u00fcrze wie Kardamom und Zimt und feine Ankl\u00e4nge von Weihrauch reihen sich ein. Die typischen rauchigen und flintigen Aromen befinden sich gerade noch etwas im Hintergrund, werden aber mit weiterer Reife st\u00e4rker hervortreten. Ein unglaublich eleganter und feingliedriger 2020er Pinot Gris aus dem Rangen zeigt sich hier mit fantastischer Vielschichtigkeit und Tiefe.<\/p>\n<p>\u00a0<\/p>\n<h5>Gaumen<\/h5>\n<p>Gelangt dieses Monument von Wein auf die Zunge, entsteht der Eindruck, man habe gerade in eine \u00fcberreife Ananas gebissen und der Saft rinne die Mundwinkel entlang. Fruchts\u00fc\u00dfe begleitet von feinem Tannin, kompakter W\u00fcrze und einer pr\u00e4gnanten und pr\u00e4zisen S\u00e4ure. Er scheint mit seiner salzigen, kristallinen Struktur geradezu \u00fcber die Zunge zu ziehen, um dann in einen schier endlosen Nachhall zu m\u00fcnden. Er befindet sich noch in seinen Kinderschuhen und wird sich in ein paar Jahren noch gro\u00dfartiger, noch wundersch\u00f6ner pr\u00e4sentieren als zum jetzigen Zeitpunkt!<\/p>\n<p>Zum jetzigen Zeitpunkt unbedingt dekantieren und aus gro\u00dfen Burgundergl\u00e4sern genie\u00dfen. Einige Tage der \u00d6ffnung lassen ihn noch zus\u00e4tzlich gewinnen.<\/p>\n<p>Copyright Vinaturel 2025<\/p>\n<p>Keywords: <a href=\"https:\/\/wein-werte.com\/de\/shop\/?swoof=1&#038;pa_producer=Zind-Humbrecht\">Zind-Humbrecht<\/a> <a href=\"https:\/\/wein-werte.com\/de\/shop\/?swoof=1&#038;woof_text=Pinot Gris Rangen de Thann Clos-Saint-Urbain Grand Cru\">Pinot Gris Rangen de Thann Clos-Saint-Urbain Grand Cru<\/a> 2020 bio <a href=\"https:\/\/wein-werte.com\/de\/shop\/?swoof=1&#038;pa_region=Elsass\">Elsass<\/a> <a href=\"https:\/\/wein-werte.com\/de\/shop\/?swoof=1&#038;pa_country=Frankreich\">Frankreich<\/a><\/p>\n<h3>Wine Advocate<\/h3>\n<p>Punkte: 94<\/p>\n<p>Der Pinot Gris Rangen de Thann Clos Saint Urbain 2020 bietet ein klares und reines, rauchiges oder feuersteinartiges Bouquet mit dominanten Aromen reifer Kernfr\u00fcchte. Am Gaumen vollmundig, \u00fcppig und pikant, ist dieser Wein ein reichhaltiger, \u00fcppiger, runder, aber anhaltend salziger, enorm kraftvoller Rangen mit einem Hauch von gebrannter Milch im Abgang. Er ist beeindruckend, aber nicht ganz so faszinierend oder anregender als der Riesling. Abgef\u00fcllt mit 13,6 % Alkoholgehalt plus acht Gramm Restzucker pro Liter und Naturkorken. Verkostung im April 2022 auf dem Weingut.<br \/>Stephan Reinhardt<\/p>\n<p>Internetseite des Weinguts: <a href=\"http:\/\/www.zindhumbrecht.fr\/\" target=\"_blank\">http:\/\/www.zindhumbrecht.fr\/<\/a><\/p>\n","protected":false},"excerpt":{"rendered":"<p>Lieferzeit: 1 bis 2 Arbeitstage (DE), 2 bis 5 Arbeitstage (EU and CH)<\/p>\n","protected":false},"featured_media":1145278,"template":"","meta":[],"product_brand":[],"product_cat":[19],"product_tag":[],"class_list":{"0":"post-1135280","1":"product","2":"type-product","3":"status-publish","4":"has-post-thumbnail","6":"product_cat-unkategorisiert","7":"pa_alcohol-for-filter-13-5","8":"pa_certified-biodynamic-ja-de","9":"pa_certified-organic-ja-de","10":"pa_colour-weiss","11":"pa_country-frankreich","12":"pa_grape-pinot-gris-grauburgunder","13":"pa_parker-points-for-filter-94-de-2","14":"pa_price-for-filter-10707","15":"pa_producer-zind-humbrecht","16":"pa_region-elsass","17":"pa_size-ml-6584","18":"pa_sweetness-halbtrocken","19":"pa_type-2-still-de","20":"pa_vintage-2020-de","21":"entry","22":"has-media","24":"first","25":"instock","26":"taxable","27":"shipping-taxable","28":"purchasable","29":"product-type-simple"},"yoast_head":"<!-- This site is optimized with the Yoast SEO plugin v27.5 - https:\/\/yoast.com\/product\/yoast-seo-wordpress\/ -->\n<title>Zind-Humbrecht Pinot Gris Rangen de Thann Clos-Saint-Urbain Grand Cru 2020<\/title>\n<meta name=\"description\" content=\"Kaufe Zind-Humbrecht Pinot Gris Rangen de Thann Clos-Saint-Urbain Grand Cru 2020 (Pinot Gris, halbtrocken aus Elsass, Frankreich) bei Wein Werte, Ihrem nachhaltigen Onlineshop.\" \/>\n<meta name=\"robots\" content=\"index, follow, max-snippet:-1, max-image-preview:large, max-video-preview:-1\" \/>\n<link rel=\"canonical\" href=\"https:\/\/wein-werte.com\/de\/produkt\/zind-humbrecht-pinot-gris-rangen-de-thann-clos-saint-urbain-grand-cru-2020-750ml\/\" \/>\n<meta property=\"og:locale\" content=\"de_DE\" \/>\n<meta property=\"og:type\" content=\"article\" \/>\n<meta property=\"og:title\" content=\"Zind-Humbrecht Pinot Gris Rangen de Thann Clos-Saint-Urbain Grand Cru 2020\" \/>\n<meta property=\"og:description\" content=\"Kaufe Zind-Humbrecht Pinot Gris Rangen de Thann Clos-Saint-Urbain Grand Cru 2020 (Pinot Gris, halbtrocken aus Elsass, Frankreich) bei Wein Werte, Ihrem nachhaltigen Onlineshop.\" \/>\n<meta property=\"og:url\" content=\"https:\/\/wein-werte.com\/de\/produkt\/zind-humbrecht-pinot-gris-rangen-de-thann-clos-saint-urbain-grand-cru-2020-750ml\/\" \/>\n<meta property=\"og:site_name\" content=\"Wein Werte\" \/>\n<meta property=\"og:image\" content=\"https:\/\/wein-werte.com\/wp-content\/uploads\/2026\/04\/Zind-Humbrecht-Pinot-Gris-Rangen-de-Thann-Clos-Saint-Urbain-Grand-Cru-2020-750ml.png\" \/>\n\t<meta property=\"og:image:width\" content=\"274\" \/>\n\t<meta property=\"og:image:height\" content=\"1200\" \/>\n\t<meta property=\"og:image:type\" content=\"image\/png\" \/>\n<meta name=\"twitter:card\" content=\"summary_large_image\" \/>\n<meta name=\"twitter:label1\" content=\"Gesch\u00e4tzte Lesezeit\" \/>\n\t<meta name=\"twitter:data1\" content=\"3\u00a0Minuten\" \/>\n<script type=\"application\/ld+json\" class=\"yoast-schema-graph\">{\"@context\":\"https:\\\/\\\/schema.org\",\"@graph\":[{\"@type\":\"WebPage\",\"@id\":\"https:\\\/\\\/wein-werte.com\\\/de\\\/produkt\\\/zind-humbrecht-pinot-gris-rangen-de-thann-clos-saint-urbain-grand-cru-2020-750ml\\\/\",\"url\":\"https:\\\/\\\/wein-werte.com\\\/de\\\/produkt\\\/zind-humbrecht-pinot-gris-rangen-de-thann-clos-saint-urbain-grand-cru-2020-750ml\\\/\",\"name\":\"Zind-Humbrecht Pinot Gris Rangen de Thann Clos-Saint-Urbain Grand Cru 2020\",\"isPartOf\":{\"@id\":\"https:\\\/\\\/wein-werte.com\\\/de\\\/#website\"},\"primaryImageOfPage\":{\"@id\":\"https:\\\/\\\/wein-werte.com\\\/de\\\/produkt\\\/zind-humbrecht-pinot-gris-rangen-de-thann-clos-saint-urbain-grand-cru-2020-750ml\\\/#primaryimage\"},\"image\":{\"@id\":\"https:\\\/\\\/wein-werte.com\\\/de\\\/produkt\\\/zind-humbrecht-pinot-gris-rangen-de-thann-clos-saint-urbain-grand-cru-2020-750ml\\\/#primaryimage\"},\"thumbnailUrl\":\"https:\\\/\\\/wein-werte.com\\\/wp-content\\\/uploads\\\/2026\\\/04\\\/Zind-Humbrecht-Pinot-Gris-Rangen-de-Thann-Clos-Saint-Urbain-Grand-Cru-2020-750ml.png\",\"datePublished\":\"2026-05-05T16:32:18+00:00\",\"description\":\"Kaufe Zind-Humbrecht Pinot Gris Rangen de Thann Clos-Saint-Urbain Grand Cru 2020 (Pinot Gris, halbtrocken aus Elsass, Frankreich) bei Wein Werte, Ihrem nachhaltigen Onlineshop.\",\"breadcrumb\":{\"@id\":\"https:\\\/\\\/wein-werte.com\\\/de\\\/produkt\\\/zind-humbrecht-pinot-gris-rangen-de-thann-clos-saint-urbain-grand-cru-2020-750ml\\\/#breadcrumb\"},\"inLanguage\":\"de\",\"potentialAction\":[{\"@type\":\"ReadAction\",\"target\":[\"https:\\\/\\\/wein-werte.com\\\/de\\\/produkt\\\/zind-humbrecht-pinot-gris-rangen-de-thann-clos-saint-urbain-grand-cru-2020-750ml\\\/\"]}]},{\"@type\":\"ImageObject\",\"inLanguage\":\"de\",\"@id\":\"https:\\\/\\\/wein-werte.com\\\/de\\\/produkt\\\/zind-humbrecht-pinot-gris-rangen-de-thann-clos-saint-urbain-grand-cru-2020-750ml\\\/#primaryimage\",\"url\":\"https:\\\/\\\/wein-werte.com\\\/wp-content\\\/uploads\\\/2026\\\/04\\\/Zind-Humbrecht-Pinot-Gris-Rangen-de-Thann-Clos-Saint-Urbain-Grand-Cru-2020-750ml.png\",\"contentUrl\":\"https:\\\/\\\/wein-werte.com\\\/wp-content\\\/uploads\\\/2026\\\/04\\\/Zind-Humbrecht-Pinot-Gris-Rangen-de-Thann-Clos-Saint-Urbain-Grand-Cru-2020-750ml.png\",\"width\":274,\"height\":1200,\"caption\":\"Zind-Humbrecht Pinot Gris Rangen de Thann Clos-Saint-Urbain Grand Cru 2020 750ml\"},{\"@type\":\"BreadcrumbList\",\"@id\":\"https:\\\/\\\/wein-werte.com\\\/de\\\/produkt\\\/zind-humbrecht-pinot-gris-rangen-de-thann-clos-saint-urbain-grand-cru-2020-750ml\\\/#breadcrumb\",\"itemListElement\":[{\"@type\":\"ListItem\",\"position\":1,\"name\":\"Home\",\"item\":\"https:\\\/\\\/wein-werte.com\\\/de\\\/\"},{\"@type\":\"ListItem\",\"position\":2,\"name\":\"Shop\",\"item\":\"https:\\\/\\\/wein-werte.com\\\/de\\\/shop\\\/\"},{\"@type\":\"ListItem\",\"position\":3,\"name\":\"Zind-Humbrecht | Elsass | Pinot Gris Rangen de Thann Clos-Saint-Urbain Grand Cru | 2020 | 750ml | bio\"}]},{\"@type\":\"WebSite\",\"@id\":\"https:\\\/\\\/wein-werte.com\\\/de\\\/#website\",\"url\":\"https:\\\/\\\/wein-werte.com\\\/de\\\/\",\"name\":\"Wein Werte\",\"description\":\"\",\"publisher\":{\"@id\":\"https:\\\/\\\/wein-werte.com\\\/de\\\/#organization\"},\"potentialAction\":[{\"@type\":\"SearchAction\",\"target\":{\"@type\":\"EntryPoint\",\"urlTemplate\":\"https:\\\/\\\/wein-werte.com\\\/de\\\/?s={search_term_string}\"},\"query-input\":{\"@type\":\"PropertyValueSpecification\",\"valueRequired\":true,\"valueName\":\"search_term_string\"}}],\"inLanguage\":\"de\"},{\"@type\":\"Organization\",\"@id\":\"https:\\\/\\\/wein-werte.com\\\/de\\\/#organization\",\"name\":\"Vins Fins Thorrold\",\"url\":\"https:\\\/\\\/wein-werte.com\\\/de\\\/\",\"logo\":{\"@type\":\"ImageObject\",\"inLanguage\":\"de\",\"@id\":\"https:\\\/\\\/wein-werte.com\\\/de\\\/#\\\/schema\\\/logo\\\/image\\\/\",\"url\":\"https:\\\/\\\/wein-werte.com\\\/wp-content\\\/uploads\\\/2023\\\/07\\\/Wein_werte_Logo700-1.png\",\"contentUrl\":\"https:\\\/\\\/wein-werte.com\\\/wp-content\\\/uploads\\\/2023\\\/07\\\/Wein_werte_Logo700-1.png\",\"width\":700,\"height\":272,\"caption\":\"Vins Fins Thorrold\"},\"image\":{\"@id\":\"https:\\\/\\\/wein-werte.com\\\/de\\\/#\\\/schema\\\/logo\\\/image\\\/\"}}]}<\/script>\n<!-- \/ Yoast SEO plugin. -->","yoast_head_json":{"title":"Zind-Humbrecht Pinot Gris Rangen de Thann Clos-Saint-Urbain Grand Cru 2020","description":"Kaufe Zind-Humbrecht Pinot Gris Rangen de Thann Clos-Saint-Urbain Grand Cru 2020 (Pinot Gris, halbtrocken aus Elsass, Frankreich) bei Wein Werte, Ihrem nachhaltigen Onlineshop.","robots":{"index":"index","follow":"follow","max-snippet":"max-snippet:-1","max-image-preview":"max-image-preview:large","max-video-preview":"max-video-preview:-1"},"canonical":"https:\/\/wein-werte.com\/de\/produkt\/zind-humbrecht-pinot-gris-rangen-de-thann-clos-saint-urbain-grand-cru-2020-750ml\/","og_locale":"de_DE","og_type":"article","og_title":"Zind-Humbrecht Pinot Gris Rangen de Thann Clos-Saint-Urbain Grand Cru 2020","og_description":"Kaufe Zind-Humbrecht Pinot Gris Rangen de Thann Clos-Saint-Urbain Grand Cru 2020 (Pinot Gris, halbtrocken aus Elsass, Frankreich) bei Wein Werte, Ihrem nachhaltigen Onlineshop.","og_url":"https:\/\/wein-werte.com\/de\/produkt\/zind-humbrecht-pinot-gris-rangen-de-thann-clos-saint-urbain-grand-cru-2020-750ml\/","og_site_name":"Wein Werte","og_image":[{"width":274,"height":1200,"url":"https:\/\/wein-werte.com\/wp-content\/uploads\/2026\/04\/Zind-Humbrecht-Pinot-Gris-Rangen-de-Thann-Clos-Saint-Urbain-Grand-Cru-2020-750ml.png","type":"image\/png"}],"twitter_card":"summary_large_image","twitter_misc":{"Gesch\u00e4tzte Lesezeit":"3\u00a0Minuten"},"schema":{"@context":"https:\/\/schema.org","@graph":[{"@type":"WebPage","@id":"https:\/\/wein-werte.com\/de\/produkt\/zind-humbrecht-pinot-gris-rangen-de-thann-clos-saint-urbain-grand-cru-2020-750ml\/","url":"https:\/\/wein-werte.com\/de\/produkt\/zind-humbrecht-pinot-gris-rangen-de-thann-clos-saint-urbain-grand-cru-2020-750ml\/","name":"Zind-Humbrecht Pinot Gris Rangen de Thann Clos-Saint-Urbain Grand Cru 2020","isPartOf":{"@id":"https:\/\/wein-werte.com\/de\/#website"},"primaryImageOfPage":{"@id":"https:\/\/wein-werte.com\/de\/produkt\/zind-humbrecht-pinot-gris-rangen-de-thann-clos-saint-urbain-grand-cru-2020-750ml\/#primaryimage"},"image":{"@id":"https:\/\/wein-werte.com\/de\/produkt\/zind-humbrecht-pinot-gris-rangen-de-thann-clos-saint-urbain-grand-cru-2020-750ml\/#primaryimage"},"thumbnailUrl":"https:\/\/wein-werte.com\/wp-content\/uploads\/2026\/04\/Zind-Humbrecht-Pinot-Gris-Rangen-de-Thann-Clos-Saint-Urbain-Grand-Cru-2020-750ml.png","datePublished":"2026-05-05T16:32:18+00:00","description":"Kaufe Zind-Humbrecht Pinot Gris Rangen de Thann Clos-Saint-Urbain Grand Cru 2020 (Pinot Gris, halbtrocken aus Elsass, Frankreich) bei Wein Werte, Ihrem nachhaltigen Onlineshop.","breadcrumb":{"@id":"https:\/\/wein-werte.com\/de\/produkt\/zind-humbrecht-pinot-gris-rangen-de-thann-clos-saint-urbain-grand-cru-2020-750ml\/#breadcrumb"},"inLanguage":"de","potentialAction":[{"@type":"ReadAction","target":["https:\/\/wein-werte.com\/de\/produkt\/zind-humbrecht-pinot-gris-rangen-de-thann-clos-saint-urbain-grand-cru-2020-750ml\/"]}]},{"@type":"ImageObject","inLanguage":"de","@id":"https:\/\/wein-werte.com\/de\/produkt\/zind-humbrecht-pinot-gris-rangen-de-thann-clos-saint-urbain-grand-cru-2020-750ml\/#primaryimage","url":"https:\/\/wein-werte.com\/wp-content\/uploads\/2026\/04\/Zind-Humbrecht-Pinot-Gris-Rangen-de-Thann-Clos-Saint-Urbain-Grand-Cru-2020-750ml.png","contentUrl":"https:\/\/wein-werte.com\/wp-content\/uploads\/2026\/04\/Zind-Humbrecht-Pinot-Gris-Rangen-de-Thann-Clos-Saint-Urbain-Grand-Cru-2020-750ml.png","width":274,"height":1200,"caption":"Zind-Humbrecht Pinot Gris Rangen de Thann Clos-Saint-Urbain Grand Cru 2020 750ml"},{"@type":"BreadcrumbList","@id":"https:\/\/wein-werte.com\/de\/produkt\/zind-humbrecht-pinot-gris-rangen-de-thann-clos-saint-urbain-grand-cru-2020-750ml\/#breadcrumb","itemListElement":[{"@type":"ListItem","position":1,"name":"Home","item":"https:\/\/wein-werte.com\/de\/"},{"@type":"ListItem","position":2,"name":"Shop","item":"https:\/\/wein-werte.com\/de\/shop\/"},{"@type":"ListItem","position":3,"name":"Zind-Humbrecht | Elsass | Pinot Gris Rangen de Thann Clos-Saint-Urbain Grand Cru | 2020 | 750ml | bio"}]},{"@type":"WebSite","@id":"https:\/\/wein-werte.com\/de\/#website","url":"https:\/\/wein-werte.com\/de\/","name":"Wein Werte","description":"","publisher":{"@id":"https:\/\/wein-werte.com\/de\/#organization"},"potentialAction":[{"@type":"SearchAction","target":{"@type":"EntryPoint","urlTemplate":"https:\/\/wein-werte.com\/de\/?s={search_term_string}"},"query-input":{"@type":"PropertyValueSpecification","valueRequired":true,"valueName":"search_term_string"}}],"inLanguage":"de"},{"@type":"Organization","@id":"https:\/\/wein-werte.com\/de\/#organization","name":"Vins Fins Thorrold","url":"https:\/\/wein-werte.com\/de\/","logo":{"@type":"ImageObject","inLanguage":"de","@id":"https:\/\/wein-werte.com\/de\/#\/schema\/logo\/image\/","url":"https:\/\/wein-werte.com\/wp-content\/uploads\/2023\/07\/Wein_werte_Logo700-1.png","contentUrl":"https:\/\/wein-werte.com\/wp-content\/uploads\/2023\/07\/Wein_werte_Logo700-1.png","width":700,"height":272,"caption":"Vins Fins Thorrold"},"image":{"@id":"https:\/\/wein-werte.com\/de\/#\/schema\/logo\/image\/"}}]}},"_links":{"self":[{"href":"https:\/\/wein-werte.com\/de\/wp-json\/wp\/v2\/product\/1135280","targetHints":{"allow":["GET"]}}],"collection":[{"href":"https:\/\/wein-werte.com\/de\/wp-json\/wp\/v2\/product"}],"about":[{"href":"https:\/\/wein-werte.com\/de\/wp-json\/wp\/v2\/types\/product"}],"wp:featuredmedia":[{"embeddable":true,"href":"https:\/\/wein-werte.com\/de\/wp-json\/wp\/v2\/media\/1145278"}],"wp:attachment":[{"href":"https:\/\/wein-werte.com\/de\/wp-json\/wp\/v2\/media?parent=1135280"}],"wp:term":[{"taxonomy":"product_brand","embeddable":true,"href":"https:\/\/wein-werte.com\/de\/wp-json\/wp\/v2\/product_brand?post=1135280"},{"taxonomy":"product_cat","embeddable":true,"href":"https:\/\/wein-werte.com\/de\/wp-json\/wp\/v2\/product_cat?post=1135280"},{"taxonomy":"product_tag","embeddable":true,"href":"https:\/\/wein-werte.com\/de\/wp-json\/wp\/v2\/product_tag?post=1135280"}],"curies":[{"name":"wp","href":"https:\/\/api.w.org\/{rel}","templated":true}]}}