{"id":1135277,"date":"2026-04-27T13:33:26","date_gmt":"2026-04-27T11:33:26","guid":{"rendered":"https:\/\/wein-werte.com\/product\/zind-humbrecht-gewurztraminer-rangen-de-thann-clos-saint-urbain-grand-cru-2020-750ml\/"},"modified":"2026-04-27T12:04:21","modified_gmt":"2026-04-27T10:04:21","slug":"zind-humbrecht-gewurztraminer-rangen-de-thann-clos-saint-urbain-grand-cru-2020-750ml","status":"publish","type":"product","link":"https:\/\/wein-werte.com\/de\/produkt\/zind-humbrecht-gewurztraminer-rangen-de-thann-clos-saint-urbain-grand-cru-2020-750ml\/","title":{"rendered":"Zind-Humbrecht | Elsass | Gew\u00fcrztraminer Rangen de Thann Clos-Saint-Urbain Grand Cru | 2020 | 750ml | bio"},"content":{"rendered":"<p>Produktbeschreibung f\u00fcr Zind-Humbrecht Gew\u00fcrztraminer Rangen de Thann Clos-Saint-Urbain Grand Cru 2020 (bio) <\/p>\n<h5>Info zum Wein<\/h5>\n<p>Olivier Humbrecht:<\/p>\n<p>Von den 22 ha des Grand Cru Rangen ist nur 1 ha mit Gew\u00fcrztraminer bepflanzt! Die Domaine Zind-Humbrecht kultiviert 0,5 ha davon auf dem Clos-Saint-Urbain (5,5 ha). Diese Sorte ist k\u00e4lteempfindlich, vor allem w\u00e4hrend der Bl\u00fctezeit, und ist daher auf der H\u00f6he der Rangen (350\/480m) und den kalten Luftstr\u00f6men im Fr\u00fchjahr, die das Thann-Tal hinunterziehen, besonders ausgesetzt. Aus diesem Grund liegen unsere beiden kleinen Parzellen direkt oberhalb der Thur, im unteren Teil des Rangen, wo sie von der W\u00e4rme des Flusses profitieren. Das vulkanische Terroir des Rangens ist in der Lage, diese Rebsorte zu dominieren, die sich durch einen aromatischen Rauch-\/Flintcharakter auszeichnet.<\/p>\n<p>\u00a0<\/p>\n<h5>Info zum Ausbau<\/h5>\n<p>Obwohl sp\u00e4t geerntet, g\u00e4rt der Gew\u00fcrztraminer auf dem Rangen oft energisch und endet oft mit einer ziemlich trockenen Balance, sogar v\u00f6llig trocken wie im Jahrgang 2020. Normalerweise wird diese Sorte fr\u00fcher in Flaschen abgef\u00fcllt, aber bei diesem Wein waren wir der Meinung, dass eine l\u00e4ngere Reifung auf der Hefe dem Wein erlauben wird, seine Kraft besser zu entfalten.<\/p>\n<p>\u00a0<\/p>\n<h5>Farbe<\/h5>\n<p>Strahlendes, dichtes Goldgelb.<\/p>\n<p>\u00a0<\/p>\n<h5>Nase<\/h5>\n<p>Der 2020er Gewurztraminer Clos Saint Urbain Rangen de Thann zeigt sich mit einer Tiefe, die ihresgleichen sucht. Ein Wein wie ein Donnerhall, einfach wundersch\u00f6n bieten sich uns fulminante Aromen in der Nase dar, flintig, rauchig, ja fast speckig. Mit mehr Sauerstoff, den er einfordert, gesellen sich Ingwer, Grapefruit-Kompott, Blutorange, Malve und ein Hauch getrockneter Rosenbl\u00e4tter hinzu. Ein Wein voller Energie und Ausdruck, das k\u00fcndigt sich bereits im Duft an.<\/p>\n<p>\u00a0<\/p>\n<h5>Gaumen<\/h5>\n<p>Am Gaumen packt er zu und fesselt einen mit seiner Kraft und kompakter, vielschichtiger Mineralit\u00e4t. Seine Frucht ist noch im Hintergrund, die floralen Noten intensivieren sich und man ist mit jedem Schluck noch faszinierter von diesem Kraftwerk an Wein. Was f\u00fcr ein vielschichtiger Gewurztraminer, der mit seiner feinen Tannin-Struktur geradezu provoziert und das auf wunderbare Weise. Ein Wein gemacht f\u00fcr die Ewigkeit, der ein fantastisches Lager- und Reifepotential aufweist. Ein Fest der Sinne von traumhafter Opulenz, unbedingt zu kombinieren mit gro\u00dfartiger und facettenreicher K\u00fcche!<\/p>\n<p>Dem Ungeduldigen sei geraten, ihn ein bis zwei Tage vorher zu dekantieren und ihn aus gro\u00dfen Burgundergl\u00e4sern zu genie\u00dfen.<\/p>\n<p>Copyright Vinaturel 2025<\/p>\n<p>Keywords: <a href=\"https:\/\/wein-werte.com\/de\/shop\/?swoof=1&#038;pa_producer=Zind-Humbrecht\">Zind-Humbrecht<\/a> <a href=\"https:\/\/wein-werte.com\/de\/shop\/?swoof=1&#038;woof_text=Gew\u00fcrztraminer Rangen de Thann Clos-Saint-Urbain Grand Cru\">Gew\u00fcrztraminer Rangen de Thann Clos-Saint-Urbain Grand Cru<\/a> 2020 bio <a href=\"https:\/\/wein-werte.com\/de\/shop\/?swoof=1&#038;pa_region=Elsass\">Elsass<\/a> <a href=\"https:\/\/wein-werte.com\/de\/shop\/?swoof=1&#038;pa_country=Frankreich\">Frankreich<\/a><\/p>\n<h3>Wine Advocate<\/h3>\n<p>Punkte: 96<\/p>\n<p>Der goldfarbene Gew\u00fcrztraminer Rangen de Thann Clos Saint Urbain 2020 er\u00f6ffnet mit Aromen von reifer Birne, dunkler Schokolade, Koriander und Feuerstein. Am Gaumen pr\u00e4sentiert er sich reichhaltig, frisch, lebendig, pikant und grapefruitbitter, mit feinen Tanninen und anhaltender Salzigkeit. Der Abgang ist sehr lang und noch etwas bitter, aber dennoch ein gro\u00dfartiger, kraftvoller und lagerf\u00e4higer Gew\u00fcrztraminer. Abgef\u00fcllt mit 15,6 % Alkoholgehalt und 2,5 Gramm Restzucker pro Liter. Verkostung im April 2022 auf dem Weingut.<br \/>Stephan Reinhardt<\/p>\n<p>Internetseite des Weinguts: <a href=\"http:\/\/www.zindhumbrecht.fr\/\" target=\"_blank\">http:\/\/www.zindhumbrecht.fr\/<\/a><\/p>\n","protected":false},"excerpt":{"rendered":"<p>Lieferzeit: 1 bis 2 Arbeitstage (DE), 2 bis 5 Arbeitstage (EU and CH)<\/p>\n","protected":false},"featured_media":1145276,"template":"","meta":[],"product_brand":[],"product_cat":[19],"product_tag":[],"class_list":{"0":"post-1135277","1":"product","2":"type-product","3":"status-publish","4":"has-post-thumbnail","6":"product_cat-unkategorisiert","7":"pa_alcohol-for-filter-12894","8":"pa_certified-biodynamic-ja-de","9":"pa_certified-organic-ja-de","10":"pa_colour-weiss","11":"pa_country-frankreich","12":"pa_grape-gewurztraminer","13":"pa_parker-points-for-filter-96-de-2","14":"pa_price-for-filter-10701","15":"pa_producer-zind-humbrecht","16":"pa_region-elsass","17":"pa_size-ml-6584","18":"pa_sweetness-trocken-de","19":"pa_type-2-still-de","20":"pa_vintage-2020-de","21":"entry","22":"has-media","24":"first","25":"instock","26":"taxable","27":"shipping-taxable","28":"purchasable","29":"product-type-simple"},"yoast_head":"<!-- This site is optimized with the Yoast SEO plugin v27.5 - https:\/\/yoast.com\/product\/yoast-seo-wordpress\/ -->\n<title>Zind-Humbrecht Gew\u00fcrztraminer Rangen de Thann Clos-Saint-Urbain Grand Cru 2020<\/title>\n<meta name=\"description\" content=\"Kaufe Zind-Humbrecht Gew\u00fcrztraminer Rangen de Thann Clos-Saint-Urbain Grand Cru 2020 (Gew\u00fcrztraminer, trocken aus Elsass, Frankreich) bei Wein Werte, Ihrem nachhaltigen Onlineshop.\" \/>\n<meta name=\"robots\" content=\"index, follow, max-snippet:-1, max-image-preview:large, max-video-preview:-1\" \/>\n<link rel=\"canonical\" href=\"https:\/\/wein-werte.com\/de\/produkt\/zind-humbrecht-gewurztraminer-rangen-de-thann-clos-saint-urbain-grand-cru-2020-750ml\/\" \/>\n<meta property=\"og:locale\" content=\"de_DE\" \/>\n<meta property=\"og:type\" content=\"article\" \/>\n<meta property=\"og:title\" content=\"Zind-Humbrecht Gew\u00fcrztraminer Rangen de Thann Clos-Saint-Urbain Grand Cru 2020\" \/>\n<meta property=\"og:description\" content=\"Kaufe Zind-Humbrecht Gew\u00fcrztraminer Rangen de Thann Clos-Saint-Urbain Grand Cru 2020 (Gew\u00fcrztraminer, trocken aus Elsass, Frankreich) bei Wein Werte, Ihrem nachhaltigen Onlineshop.\" \/>\n<meta property=\"og:url\" content=\"https:\/\/wein-werte.com\/de\/produkt\/zind-humbrecht-gewurztraminer-rangen-de-thann-clos-saint-urbain-grand-cru-2020-750ml\/\" \/>\n<meta property=\"og:site_name\" content=\"Wein Werte\" \/>\n<meta property=\"og:image\" content=\"https:\/\/wein-werte.com\/wp-content\/uploads\/2026\/04\/Zind-Humbrecht-Gewurztraminer-Rangen-de-Thann-Clos-Saint-Urbain-Grand-Cru-2020-750ml.png\" \/>\n\t<meta property=\"og:image:width\" content=\"272\" \/>\n\t<meta property=\"og:image:height\" content=\"1200\" \/>\n\t<meta property=\"og:image:type\" content=\"image\/png\" \/>\n<meta name=\"twitter:card\" content=\"summary_large_image\" \/>\n<meta name=\"twitter:label1\" content=\"Gesch\u00e4tzte Lesezeit\" \/>\n\t<meta name=\"twitter:data1\" content=\"2\u00a0Minuten\" \/>\n<script type=\"application\/ld+json\" class=\"yoast-schema-graph\">{\"@context\":\"https:\\\/\\\/schema.org\",\"@graph\":[{\"@type\":\"WebPage\",\"@id\":\"https:\\\/\\\/wein-werte.com\\\/de\\\/produkt\\\/zind-humbrecht-gewurztraminer-rangen-de-thann-clos-saint-urbain-grand-cru-2020-750ml\\\/\",\"url\":\"https:\\\/\\\/wein-werte.com\\\/de\\\/produkt\\\/zind-humbrecht-gewurztraminer-rangen-de-thann-clos-saint-urbain-grand-cru-2020-750ml\\\/\",\"name\":\"Zind-Humbrecht Gew\u00fcrztraminer Rangen de Thann Clos-Saint-Urbain Grand Cru 2020\",\"isPartOf\":{\"@id\":\"https:\\\/\\\/wein-werte.com\\\/de\\\/#website\"},\"primaryImageOfPage\":{\"@id\":\"https:\\\/\\\/wein-werte.com\\\/de\\\/produkt\\\/zind-humbrecht-gewurztraminer-rangen-de-thann-clos-saint-urbain-grand-cru-2020-750ml\\\/#primaryimage\"},\"image\":{\"@id\":\"https:\\\/\\\/wein-werte.com\\\/de\\\/produkt\\\/zind-humbrecht-gewurztraminer-rangen-de-thann-clos-saint-urbain-grand-cru-2020-750ml\\\/#primaryimage\"},\"thumbnailUrl\":\"https:\\\/\\\/wein-werte.com\\\/wp-content\\\/uploads\\\/2026\\\/04\\\/Zind-Humbrecht-Gewurztraminer-Rangen-de-Thann-Clos-Saint-Urbain-Grand-Cru-2020-750ml.png\",\"datePublished\":\"2026-04-27T11:33:26+00:00\",\"description\":\"Kaufe Zind-Humbrecht Gew\u00fcrztraminer Rangen de Thann Clos-Saint-Urbain Grand Cru 2020 (Gew\u00fcrztraminer, trocken aus Elsass, Frankreich) bei Wein Werte, Ihrem nachhaltigen Onlineshop.\",\"breadcrumb\":{\"@id\":\"https:\\\/\\\/wein-werte.com\\\/de\\\/produkt\\\/zind-humbrecht-gewurztraminer-rangen-de-thann-clos-saint-urbain-grand-cru-2020-750ml\\\/#breadcrumb\"},\"inLanguage\":\"de\",\"potentialAction\":[{\"@type\":\"ReadAction\",\"target\":[\"https:\\\/\\\/wein-werte.com\\\/de\\\/produkt\\\/zind-humbrecht-gewurztraminer-rangen-de-thann-clos-saint-urbain-grand-cru-2020-750ml\\\/\"]}]},{\"@type\":\"ImageObject\",\"inLanguage\":\"de\",\"@id\":\"https:\\\/\\\/wein-werte.com\\\/de\\\/produkt\\\/zind-humbrecht-gewurztraminer-rangen-de-thann-clos-saint-urbain-grand-cru-2020-750ml\\\/#primaryimage\",\"url\":\"https:\\\/\\\/wein-werte.com\\\/wp-content\\\/uploads\\\/2026\\\/04\\\/Zind-Humbrecht-Gewurztraminer-Rangen-de-Thann-Clos-Saint-Urbain-Grand-Cru-2020-750ml.png\",\"contentUrl\":\"https:\\\/\\\/wein-werte.com\\\/wp-content\\\/uploads\\\/2026\\\/04\\\/Zind-Humbrecht-Gewurztraminer-Rangen-de-Thann-Clos-Saint-Urbain-Grand-Cru-2020-750ml.png\",\"width\":272,\"height\":1200,\"caption\":\"Zind-Humbrecht Gew\u00fcrztraminer Rangen de Thann Clos-Saint-Urbain Grand Cru 2020 750ml\"},{\"@type\":\"BreadcrumbList\",\"@id\":\"https:\\\/\\\/wein-werte.com\\\/de\\\/produkt\\\/zind-humbrecht-gewurztraminer-rangen-de-thann-clos-saint-urbain-grand-cru-2020-750ml\\\/#breadcrumb\",\"itemListElement\":[{\"@type\":\"ListItem\",\"position\":1,\"name\":\"Home\",\"item\":\"https:\\\/\\\/wein-werte.com\\\/de\\\/\"},{\"@type\":\"ListItem\",\"position\":2,\"name\":\"Shop\",\"item\":\"https:\\\/\\\/wein-werte.com\\\/de\\\/shop\\\/\"},{\"@type\":\"ListItem\",\"position\":3,\"name\":\"Zind-Humbrecht | Elsass | Gew\u00fcrztraminer Rangen de Thann Clos-Saint-Urbain Grand Cru | 2020 | 750ml | bio\"}]},{\"@type\":\"WebSite\",\"@id\":\"https:\\\/\\\/wein-werte.com\\\/de\\\/#website\",\"url\":\"https:\\\/\\\/wein-werte.com\\\/de\\\/\",\"name\":\"Wein Werte\",\"description\":\"\",\"publisher\":{\"@id\":\"https:\\\/\\\/wein-werte.com\\\/de\\\/#organization\"},\"potentialAction\":[{\"@type\":\"SearchAction\",\"target\":{\"@type\":\"EntryPoint\",\"urlTemplate\":\"https:\\\/\\\/wein-werte.com\\\/de\\\/?s={search_term_string}\"},\"query-input\":{\"@type\":\"PropertyValueSpecification\",\"valueRequired\":true,\"valueName\":\"search_term_string\"}}],\"inLanguage\":\"de\"},{\"@type\":\"Organization\",\"@id\":\"https:\\\/\\\/wein-werte.com\\\/de\\\/#organization\",\"name\":\"Vins Fins Thorrold\",\"url\":\"https:\\\/\\\/wein-werte.com\\\/de\\\/\",\"logo\":{\"@type\":\"ImageObject\",\"inLanguage\":\"de\",\"@id\":\"https:\\\/\\\/wein-werte.com\\\/de\\\/#\\\/schema\\\/logo\\\/image\\\/\",\"url\":\"https:\\\/\\\/wein-werte.com\\\/wp-content\\\/uploads\\\/2023\\\/07\\\/Wein_werte_Logo700-1.png\",\"contentUrl\":\"https:\\\/\\\/wein-werte.com\\\/wp-content\\\/uploads\\\/2023\\\/07\\\/Wein_werte_Logo700-1.png\",\"width\":700,\"height\":272,\"caption\":\"Vins Fins Thorrold\"},\"image\":{\"@id\":\"https:\\\/\\\/wein-werte.com\\\/de\\\/#\\\/schema\\\/logo\\\/image\\\/\"}}]}<\/script>\n<!-- \/ Yoast SEO plugin. -->","yoast_head_json":{"title":"Zind-Humbrecht Gew\u00fcrztraminer Rangen de Thann Clos-Saint-Urbain Grand Cru 2020","description":"Kaufe Zind-Humbrecht Gew\u00fcrztraminer Rangen de Thann Clos-Saint-Urbain Grand Cru 2020 (Gew\u00fcrztraminer, trocken aus Elsass, Frankreich) bei Wein Werte, Ihrem nachhaltigen Onlineshop.","robots":{"index":"index","follow":"follow","max-snippet":"max-snippet:-1","max-image-preview":"max-image-preview:large","max-video-preview":"max-video-preview:-1"},"canonical":"https:\/\/wein-werte.com\/de\/produkt\/zind-humbrecht-gewurztraminer-rangen-de-thann-clos-saint-urbain-grand-cru-2020-750ml\/","og_locale":"de_DE","og_type":"article","og_title":"Zind-Humbrecht Gew\u00fcrztraminer Rangen de Thann Clos-Saint-Urbain Grand Cru 2020","og_description":"Kaufe Zind-Humbrecht Gew\u00fcrztraminer Rangen de Thann Clos-Saint-Urbain Grand Cru 2020 (Gew\u00fcrztraminer, trocken aus Elsass, Frankreich) bei Wein Werte, Ihrem nachhaltigen Onlineshop.","og_url":"https:\/\/wein-werte.com\/de\/produkt\/zind-humbrecht-gewurztraminer-rangen-de-thann-clos-saint-urbain-grand-cru-2020-750ml\/","og_site_name":"Wein Werte","og_image":[{"width":272,"height":1200,"url":"https:\/\/wein-werte.com\/wp-content\/uploads\/2026\/04\/Zind-Humbrecht-Gewurztraminer-Rangen-de-Thann-Clos-Saint-Urbain-Grand-Cru-2020-750ml.png","type":"image\/png"}],"twitter_card":"summary_large_image","twitter_misc":{"Gesch\u00e4tzte Lesezeit":"2\u00a0Minuten"},"schema":{"@context":"https:\/\/schema.org","@graph":[{"@type":"WebPage","@id":"https:\/\/wein-werte.com\/de\/produkt\/zind-humbrecht-gewurztraminer-rangen-de-thann-clos-saint-urbain-grand-cru-2020-750ml\/","url":"https:\/\/wein-werte.com\/de\/produkt\/zind-humbrecht-gewurztraminer-rangen-de-thann-clos-saint-urbain-grand-cru-2020-750ml\/","name":"Zind-Humbrecht Gew\u00fcrztraminer Rangen de Thann Clos-Saint-Urbain Grand Cru 2020","isPartOf":{"@id":"https:\/\/wein-werte.com\/de\/#website"},"primaryImageOfPage":{"@id":"https:\/\/wein-werte.com\/de\/produkt\/zind-humbrecht-gewurztraminer-rangen-de-thann-clos-saint-urbain-grand-cru-2020-750ml\/#primaryimage"},"image":{"@id":"https:\/\/wein-werte.com\/de\/produkt\/zind-humbrecht-gewurztraminer-rangen-de-thann-clos-saint-urbain-grand-cru-2020-750ml\/#primaryimage"},"thumbnailUrl":"https:\/\/wein-werte.com\/wp-content\/uploads\/2026\/04\/Zind-Humbrecht-Gewurztraminer-Rangen-de-Thann-Clos-Saint-Urbain-Grand-Cru-2020-750ml.png","datePublished":"2026-04-27T11:33:26+00:00","description":"Kaufe Zind-Humbrecht Gew\u00fcrztraminer Rangen de Thann Clos-Saint-Urbain Grand Cru 2020 (Gew\u00fcrztraminer, trocken aus Elsass, Frankreich) bei Wein Werte, Ihrem nachhaltigen Onlineshop.","breadcrumb":{"@id":"https:\/\/wein-werte.com\/de\/produkt\/zind-humbrecht-gewurztraminer-rangen-de-thann-clos-saint-urbain-grand-cru-2020-750ml\/#breadcrumb"},"inLanguage":"de","potentialAction":[{"@type":"ReadAction","target":["https:\/\/wein-werte.com\/de\/produkt\/zind-humbrecht-gewurztraminer-rangen-de-thann-clos-saint-urbain-grand-cru-2020-750ml\/"]}]},{"@type":"ImageObject","inLanguage":"de","@id":"https:\/\/wein-werte.com\/de\/produkt\/zind-humbrecht-gewurztraminer-rangen-de-thann-clos-saint-urbain-grand-cru-2020-750ml\/#primaryimage","url":"https:\/\/wein-werte.com\/wp-content\/uploads\/2026\/04\/Zind-Humbrecht-Gewurztraminer-Rangen-de-Thann-Clos-Saint-Urbain-Grand-Cru-2020-750ml.png","contentUrl":"https:\/\/wein-werte.com\/wp-content\/uploads\/2026\/04\/Zind-Humbrecht-Gewurztraminer-Rangen-de-Thann-Clos-Saint-Urbain-Grand-Cru-2020-750ml.png","width":272,"height":1200,"caption":"Zind-Humbrecht Gew\u00fcrztraminer Rangen de Thann Clos-Saint-Urbain Grand Cru 2020 750ml"},{"@type":"BreadcrumbList","@id":"https:\/\/wein-werte.com\/de\/produkt\/zind-humbrecht-gewurztraminer-rangen-de-thann-clos-saint-urbain-grand-cru-2020-750ml\/#breadcrumb","itemListElement":[{"@type":"ListItem","position":1,"name":"Home","item":"https:\/\/wein-werte.com\/de\/"},{"@type":"ListItem","position":2,"name":"Shop","item":"https:\/\/wein-werte.com\/de\/shop\/"},{"@type":"ListItem","position":3,"name":"Zind-Humbrecht | Elsass | Gew\u00fcrztraminer Rangen de Thann Clos-Saint-Urbain Grand Cru | 2020 | 750ml | bio"}]},{"@type":"WebSite","@id":"https:\/\/wein-werte.com\/de\/#website","url":"https:\/\/wein-werte.com\/de\/","name":"Wein Werte","description":"","publisher":{"@id":"https:\/\/wein-werte.com\/de\/#organization"},"potentialAction":[{"@type":"SearchAction","target":{"@type":"EntryPoint","urlTemplate":"https:\/\/wein-werte.com\/de\/?s={search_term_string}"},"query-input":{"@type":"PropertyValueSpecification","valueRequired":true,"valueName":"search_term_string"}}],"inLanguage":"de"},{"@type":"Organization","@id":"https:\/\/wein-werte.com\/de\/#organization","name":"Vins Fins Thorrold","url":"https:\/\/wein-werte.com\/de\/","logo":{"@type":"ImageObject","inLanguage":"de","@id":"https:\/\/wein-werte.com\/de\/#\/schema\/logo\/image\/","url":"https:\/\/wein-werte.com\/wp-content\/uploads\/2023\/07\/Wein_werte_Logo700-1.png","contentUrl":"https:\/\/wein-werte.com\/wp-content\/uploads\/2023\/07\/Wein_werte_Logo700-1.png","width":700,"height":272,"caption":"Vins Fins Thorrold"},"image":{"@id":"https:\/\/wein-werte.com\/de\/#\/schema\/logo\/image\/"}}]}},"_links":{"self":[{"href":"https:\/\/wein-werte.com\/de\/wp-json\/wp\/v2\/product\/1135277","targetHints":{"allow":["GET"]}}],"collection":[{"href":"https:\/\/wein-werte.com\/de\/wp-json\/wp\/v2\/product"}],"about":[{"href":"https:\/\/wein-werte.com\/de\/wp-json\/wp\/v2\/types\/product"}],"wp:featuredmedia":[{"embeddable":true,"href":"https:\/\/wein-werte.com\/de\/wp-json\/wp\/v2\/media\/1145276"}],"wp:attachment":[{"href":"https:\/\/wein-werte.com\/de\/wp-json\/wp\/v2\/media?parent=1135277"}],"wp:term":[{"taxonomy":"product_brand","embeddable":true,"href":"https:\/\/wein-werte.com\/de\/wp-json\/wp\/v2\/product_brand?post=1135277"},{"taxonomy":"product_cat","embeddable":true,"href":"https:\/\/wein-werte.com\/de\/wp-json\/wp\/v2\/product_cat?post=1135277"},{"taxonomy":"product_tag","embeddable":true,"href":"https:\/\/wein-werte.com\/de\/wp-json\/wp\/v2\/product_tag?post=1135277"}],"curies":[{"name":"wp","href":"https:\/\/api.w.org\/{rel}","templated":true}]}}