{"id":1135253,"date":"2026-05-12T15:56:46","date_gmt":"2026-05-12T13:56:46","guid":{"rendered":"https:\/\/wein-werte.com\/product\/zind-humbrecht-riesling-brand-grand-cru-2020-750ml\/"},"modified":"2026-05-12T19:59:35","modified_gmt":"2026-05-12T17:59:35","slug":"zind-humbrecht-riesling-brand-grand-cru-2020-750ml","status":"publish","type":"product","link":"https:\/\/wein-werte.com\/de\/produkt\/zind-humbrecht-riesling-brand-grand-cru-2020-750ml\/","title":{"rendered":"Zind-Humbrecht | Elsass | Riesling Brand Grand Cru | 2020 | 750ml | bio"},"content":{"rendered":"<p>Produktbeschreibung f\u00fcr Zind-Humbrecht Riesling Brand Grand Cru 2020 (bio) <\/p>\n<h5>Info zum Wein<\/h5>\n<h5>Olivier Humbrecht<\/h5>\n<p>Der Grand Cru Brand befindet sich auf einem Muttergestein aus Biotitgranit (mit zwei Glimmern) auf den H\u00f6hen des Dorfes Turckheim, gegen\u00fcber den Vogesen. Dieses in der Geschichte des Els\u00e4sser Weins bekannte Terroir verdankt seine Ber\u00fchmtheit wahrscheinlich der Intensit\u00e4t und Brillanz seiner Weine. Am Ende des tiefen M\u00fcnstertals gelegen, ist es nach S\u00fcden hin auf steilen H\u00e4ngen ausgerichtet und profitiert von einem hei\u00dfen und trockenen, aber auch windigen Klima mit k\u00fchler Luft, die nachts das Tal hinunterzieht. Der so genannte Turckheim-Granit ist reich an schwarzem Glimmer, der bei seiner Zersetzung Ton mit einer hohen Austauschfl\u00e4che freisetzt, was die Mineralit\u00e4t der Weine garantiert.<\/p>\n<p>\u00a0<\/p>\n<h5>Info zum Ausbau<\/h5>\n<p>Im Brand reifen die Trauben schnell, vor allem wenn sie von den g\u00fcnstigen Sommerniederschl\u00e4gen profitieren, wie im Jahr 2020, als am ersten Augustwochenende 80 mm Wasser in wenigen Tagen fielen. Der Brand ist wahrscheinlich das Terroir des Weinguts, das die gr\u00f6\u00dfte Pr\u00e4zision bei der Wahl des Erntetermins f\u00fcr den Riesling erfordert. Es ist regelm\u00e4\u00dfig die erste Grand-Cru-Lage, die geerntet wird, aber auch eine der Lagen, die am l\u00e4ngsten braucht, um ihre G\u00e4rung zu beenden!<\/p>\n<p>\u00a0<\/p>\n<h5>Farbe<\/h5>\n<p>Strahlendes Goldgelb.<\/p>\n<p>\u00a0<\/p>\n<h5>Nase<\/h5>\n<p>Er zeigt sich noch etwas sch\u00fcchtern, der 2020er Riesling Brand, deshalb muss er dringend mit viel Schwung in die Karaffe. Ein Meer von Aromen, welches an Grapefruit, Limette, nasse Steine und Thymian erinnert, wird begleitet von der intensiv ausgepr\u00e4gten Mineralit\u00e4t des Granitfelsens, auf dem er gewachsen ist.<\/p>\n<p>\u00a0<\/p>\n<h5>Gaumen<\/h5>\n<p>Fest und etwas streng wirkt er am Gaumen, die straffe Frucht zieht mit intensiver S\u00e4ure und Salzigkeit \u00fcber die Zunge. Er fordert den Verkoster mit seiner Jugendlichkeit und Intensit\u00e4t geradezu heraus. Ein Wein, der noch eine weite Reise vor sich hat, bis er sich in seiner kompletten Sch\u00f6nheit zeigen wird. Solche Rieslinge sind gemacht f\u00fcr die Ewigkeit und lassen immer wieder mein Herz als Elsass-Liebhaberin h\u00fcpfen!<\/p>\n<p>Wer ihn zum jetzigen Zeitpunkt schon genie\u00dfen m\u00f6chte, sollte ihn unbedingt \u00fcber mehrere Stunden dekantieren und in einem ausreichend gro\u00dfen Glas servieren. Einige Tage der \u00d6ffnung lassen ihn an Ausdruck gewinnen.<\/p>\n<p>Copyright Vinaturel 2025<\/p>\n<p>Keywords: <a href=\"https:\/\/wein-werte.com\/de\/shop\/?swoof=1&#038;pa_producer=Zind-Humbrecht\">Zind-Humbrecht<\/a> <a href=\"https:\/\/wein-werte.com\/de\/shop\/?swoof=1&#038;woof_text=Riesling Brand Grand Cru\">Riesling Brand Grand Cru<\/a> 2020 bio <a href=\"https:\/\/wein-werte.com\/de\/shop\/?swoof=1&#038;pa_region=Elsass\">Elsass<\/a> <a href=\"https:\/\/wein-werte.com\/de\/shop\/?swoof=1&#038;pa_country=Frankreich\">Frankreich<\/a><\/p>\n<h3>Wine Advocate<\/h3>\n<p>Punkte: 96<\/p>\n<p>Der Riesling Brand 2020 stammt von Rebst\u00f6cken, die \u00fcberwiegend in den 1950er-, 1970er- und 1920er-Jahren gepflanzt wurden. Tief, rein, intensiv und feuersteinartig in der komplexen und erfrischend mineralischen Nase, die auch perfekt reife (tropische) Fruchtaromen (Mango, Passionsfrucht) offenbart. Dies ist ein kraftvoller, gehaltvoller und salziger Riesling mit gro\u00dfer Intensit\u00e4t, Kraft und kompakten, aber feinen Tanninen. Der Abgang ist lang, intensiv und spritzig, doch das Alterungspotenzial ist noch gr\u00f6\u00dfer. 13,7 % Alkoholgehalt. Naturkorken. Verkostung im April 2022 auf dem Weingut.<br \/>Stephan Reinhardt<\/p>\n<p>Internetseite des Weinguts: <a href=\"http:\/\/www.zindhumbrecht.fr\/\" target=\"_blank\">http:\/\/www.zindhumbrecht.fr\/<\/a><\/p>\n","protected":false},"excerpt":{"rendered":"<div style=\"font-size: 14px;\">\n<p>Lieferzeit: 1 bis 2 Arbeitstage (DE), 2 bis 5 Arbeitstage (EU und CH)<\/p>\n<p>Ungef\u00e4hrer Energiegehalt pro 125-ml-Glas: 110 kcal<\/p>\n<\/p><\/div>\n","protected":false},"featured_media":1147545,"template":"","meta":[],"product_brand":[],"product_cat":[19],"product_tag":[],"class_list":{"0":"post-1135253","1":"product","2":"type-product","3":"status-publish","4":"has-post-thumbnail","6":"product_cat-unkategorisiert","7":"pa_alcohol-for-filter-13-5","8":"pa_certified-biodynamic-ja-de","9":"pa_certified-organic-ja-de","10":"pa_colour-weiss","11":"pa_country-frankreich","12":"pa_grape-riesling","13":"pa_parker-points-for-filter-96-de-2","14":"pa_price-for-filter-10658","15":"pa_producer-zind-humbrecht","16":"pa_region-elsass","17":"pa_size-ml-6584","18":"pa_sweetness-trocken-de","19":"pa_type-2-still-de","20":"pa_vintage-2020-de","21":"entry","22":"has-media","24":"first","25":"instock","26":"taxable","27":"shipping-taxable","28":"purchasable","29":"product-type-simple"},"yoast_head":"<!-- This site is optimized with the Yoast SEO plugin v27.6 - https:\/\/yoast.com\/product\/yoast-seo-wordpress\/ -->\n<title>Zind-Humbrecht Riesling Brand Grand Cru 2020<\/title>\n<meta name=\"description\" content=\"Kaufe Zind-Humbrecht Riesling Brand Grand Cru 2020 (Riesling, trocken aus Elsass, Frankreich) bei Wein Werte, Ihrem nachhaltigen Onlineshop.\" \/>\n<meta name=\"robots\" content=\"index, follow, max-snippet:-1, max-image-preview:large, max-video-preview:-1\" \/>\n<link rel=\"canonical\" href=\"https:\/\/wein-werte.com\/de\/produkt\/zind-humbrecht-riesling-brand-grand-cru-2020-750ml\/\" \/>\n<meta property=\"og:locale\" content=\"de_DE\" \/>\n<meta property=\"og:type\" content=\"article\" \/>\n<meta property=\"og:title\" content=\"Zind-Humbrecht Riesling Brand Grand Cru 2020\" \/>\n<meta property=\"og:description\" content=\"Kaufe Zind-Humbrecht Riesling Brand Grand Cru 2020 (Riesling, trocken aus Elsass, Frankreich) bei Wein Werte, Ihrem nachhaltigen Onlineshop.\" \/>\n<meta property=\"og:url\" content=\"https:\/\/wein-werte.com\/de\/produkt\/zind-humbrecht-riesling-brand-grand-cru-2020-750ml\/\" \/>\n<meta property=\"og:site_name\" content=\"Wein Werte\" \/>\n<meta property=\"article:modified_time\" content=\"2026-05-12T17:59:35+00:00\" \/>\n<meta property=\"og:image\" content=\"https:\/\/wein-werte.com\/wp-content\/uploads\/2026\/04\/Zind-Humbrecht-Riesling-Brand-Grand-Cru-2020-750-ml.png\" \/>\n\t<meta property=\"og:image:width\" content=\"158\" \/>\n\t<meta property=\"og:image:height\" content=\"606\" \/>\n\t<meta property=\"og:image:type\" content=\"image\/png\" \/>\n<meta name=\"twitter:card\" content=\"summary_large_image\" \/>\n<meta name=\"twitter:label1\" content=\"Gesch\u00e4tzte Lesezeit\" \/>\n\t<meta name=\"twitter:data1\" content=\"2\u00a0Minuten\" \/>\n<script type=\"application\/ld+json\" class=\"yoast-schema-graph\">{\"@context\":\"https:\\\/\\\/schema.org\",\"@graph\":[{\"@type\":\"WebPage\",\"@id\":\"https:\\\/\\\/wein-werte.com\\\/de\\\/produkt\\\/zind-humbrecht-riesling-brand-grand-cru-2020-750ml\\\/\",\"url\":\"https:\\\/\\\/wein-werte.com\\\/de\\\/produkt\\\/zind-humbrecht-riesling-brand-grand-cru-2020-750ml\\\/\",\"name\":\"Zind-Humbrecht Riesling Brand Grand Cru 2020\",\"isPartOf\":{\"@id\":\"https:\\\/\\\/wein-werte.com\\\/de\\\/#website\"},\"primaryImageOfPage\":{\"@id\":\"https:\\\/\\\/wein-werte.com\\\/de\\\/produkt\\\/zind-humbrecht-riesling-brand-grand-cru-2020-750ml\\\/#primaryimage\"},\"image\":{\"@id\":\"https:\\\/\\\/wein-werte.com\\\/de\\\/produkt\\\/zind-humbrecht-riesling-brand-grand-cru-2020-750ml\\\/#primaryimage\"},\"thumbnailUrl\":\"https:\\\/\\\/wein-werte.com\\\/wp-content\\\/uploads\\\/2026\\\/04\\\/Zind-Humbrecht-Riesling-Brand-Grand-Cru-2020-750-ml.png\",\"datePublished\":\"2026-05-12T13:56:46+00:00\",\"dateModified\":\"2026-05-12T17:59:35+00:00\",\"description\":\"Kaufe Zind-Humbrecht Riesling Brand Grand Cru 2020 (Riesling, trocken aus Elsass, Frankreich) bei Wein Werte, Ihrem nachhaltigen Onlineshop.\",\"breadcrumb\":{\"@id\":\"https:\\\/\\\/wein-werte.com\\\/de\\\/produkt\\\/zind-humbrecht-riesling-brand-grand-cru-2020-750ml\\\/#breadcrumb\"},\"inLanguage\":\"de\",\"potentialAction\":[{\"@type\":\"ReadAction\",\"target\":[\"https:\\\/\\\/wein-werte.com\\\/de\\\/produkt\\\/zind-humbrecht-riesling-brand-grand-cru-2020-750ml\\\/\"]}]},{\"@type\":\"ImageObject\",\"inLanguage\":\"de\",\"@id\":\"https:\\\/\\\/wein-werte.com\\\/de\\\/produkt\\\/zind-humbrecht-riesling-brand-grand-cru-2020-750ml\\\/#primaryimage\",\"url\":\"https:\\\/\\\/wein-werte.com\\\/wp-content\\\/uploads\\\/2026\\\/04\\\/Zind-Humbrecht-Riesling-Brand-Grand-Cru-2020-750-ml.png\",\"contentUrl\":\"https:\\\/\\\/wein-werte.com\\\/wp-content\\\/uploads\\\/2026\\\/04\\\/Zind-Humbrecht-Riesling-Brand-Grand-Cru-2020-750-ml.png\",\"width\":158,\"height\":606},{\"@type\":\"BreadcrumbList\",\"@id\":\"https:\\\/\\\/wein-werte.com\\\/de\\\/produkt\\\/zind-humbrecht-riesling-brand-grand-cru-2020-750ml\\\/#breadcrumb\",\"itemListElement\":[{\"@type\":\"ListItem\",\"position\":1,\"name\":\"Home\",\"item\":\"https:\\\/\\\/wein-werte.com\\\/de\\\/\"},{\"@type\":\"ListItem\",\"position\":2,\"name\":\"Shop\",\"item\":\"https:\\\/\\\/wein-werte.com\\\/de\\\/shop\\\/\"},{\"@type\":\"ListItem\",\"position\":3,\"name\":\"Zind-Humbrecht | Elsass | Riesling Brand Grand Cru | 2020 | 750ml | bio\"}]},{\"@type\":\"WebSite\",\"@id\":\"https:\\\/\\\/wein-werte.com\\\/de\\\/#website\",\"url\":\"https:\\\/\\\/wein-werte.com\\\/de\\\/\",\"name\":\"Wein Werte\",\"description\":\"\",\"publisher\":{\"@id\":\"https:\\\/\\\/wein-werte.com\\\/de\\\/#organization\"},\"potentialAction\":[{\"@type\":\"SearchAction\",\"target\":{\"@type\":\"EntryPoint\",\"urlTemplate\":\"https:\\\/\\\/wein-werte.com\\\/de\\\/?s={search_term_string}\"},\"query-input\":{\"@type\":\"PropertyValueSpecification\",\"valueRequired\":true,\"valueName\":\"search_term_string\"}}],\"inLanguage\":\"de\"},{\"@type\":\"Organization\",\"@id\":\"https:\\\/\\\/wein-werte.com\\\/de\\\/#organization\",\"name\":\"Vins Fins Thorrold\",\"url\":\"https:\\\/\\\/wein-werte.com\\\/de\\\/\",\"logo\":{\"@type\":\"ImageObject\",\"inLanguage\":\"de\",\"@id\":\"https:\\\/\\\/wein-werte.com\\\/de\\\/#\\\/schema\\\/logo\\\/image\\\/\",\"url\":\"https:\\\/\\\/wein-werte.com\\\/wp-content\\\/uploads\\\/2023\\\/07\\\/Wein_werte_Logo700-1.png\",\"contentUrl\":\"https:\\\/\\\/wein-werte.com\\\/wp-content\\\/uploads\\\/2023\\\/07\\\/Wein_werte_Logo700-1.png\",\"width\":700,\"height\":272,\"caption\":\"Vins Fins Thorrold\"},\"image\":{\"@id\":\"https:\\\/\\\/wein-werte.com\\\/de\\\/#\\\/schema\\\/logo\\\/image\\\/\"}}]}<\/script>\n<!-- \/ Yoast SEO plugin. -->","yoast_head_json":{"title":"Zind-Humbrecht Riesling Brand Grand Cru 2020","description":"Kaufe Zind-Humbrecht Riesling Brand Grand Cru 2020 (Riesling, trocken aus Elsass, Frankreich) bei Wein Werte, Ihrem nachhaltigen Onlineshop.","robots":{"index":"index","follow":"follow","max-snippet":"max-snippet:-1","max-image-preview":"max-image-preview:large","max-video-preview":"max-video-preview:-1"},"canonical":"https:\/\/wein-werte.com\/de\/produkt\/zind-humbrecht-riesling-brand-grand-cru-2020-750ml\/","og_locale":"de_DE","og_type":"article","og_title":"Zind-Humbrecht Riesling Brand Grand Cru 2020","og_description":"Kaufe Zind-Humbrecht Riesling Brand Grand Cru 2020 (Riesling, trocken aus Elsass, Frankreich) bei Wein Werte, Ihrem nachhaltigen Onlineshop.","og_url":"https:\/\/wein-werte.com\/de\/produkt\/zind-humbrecht-riesling-brand-grand-cru-2020-750ml\/","og_site_name":"Wein Werte","article_modified_time":"2026-05-12T17:59:35+00:00","og_image":[{"width":158,"height":606,"url":"https:\/\/wein-werte.com\/wp-content\/uploads\/2026\/04\/Zind-Humbrecht-Riesling-Brand-Grand-Cru-2020-750-ml.png","type":"image\/png"}],"twitter_card":"summary_large_image","twitter_misc":{"Gesch\u00e4tzte Lesezeit":"2\u00a0Minuten"},"schema":{"@context":"https:\/\/schema.org","@graph":[{"@type":"WebPage","@id":"https:\/\/wein-werte.com\/de\/produkt\/zind-humbrecht-riesling-brand-grand-cru-2020-750ml\/","url":"https:\/\/wein-werte.com\/de\/produkt\/zind-humbrecht-riesling-brand-grand-cru-2020-750ml\/","name":"Zind-Humbrecht Riesling Brand Grand Cru 2020","isPartOf":{"@id":"https:\/\/wein-werte.com\/de\/#website"},"primaryImageOfPage":{"@id":"https:\/\/wein-werte.com\/de\/produkt\/zind-humbrecht-riesling-brand-grand-cru-2020-750ml\/#primaryimage"},"image":{"@id":"https:\/\/wein-werte.com\/de\/produkt\/zind-humbrecht-riesling-brand-grand-cru-2020-750ml\/#primaryimage"},"thumbnailUrl":"https:\/\/wein-werte.com\/wp-content\/uploads\/2026\/04\/Zind-Humbrecht-Riesling-Brand-Grand-Cru-2020-750-ml.png","datePublished":"2026-05-12T13:56:46+00:00","dateModified":"2026-05-12T17:59:35+00:00","description":"Kaufe Zind-Humbrecht Riesling Brand Grand Cru 2020 (Riesling, trocken aus Elsass, Frankreich) bei Wein Werte, Ihrem nachhaltigen Onlineshop.","breadcrumb":{"@id":"https:\/\/wein-werte.com\/de\/produkt\/zind-humbrecht-riesling-brand-grand-cru-2020-750ml\/#breadcrumb"},"inLanguage":"de","potentialAction":[{"@type":"ReadAction","target":["https:\/\/wein-werte.com\/de\/produkt\/zind-humbrecht-riesling-brand-grand-cru-2020-750ml\/"]}]},{"@type":"ImageObject","inLanguage":"de","@id":"https:\/\/wein-werte.com\/de\/produkt\/zind-humbrecht-riesling-brand-grand-cru-2020-750ml\/#primaryimage","url":"https:\/\/wein-werte.com\/wp-content\/uploads\/2026\/04\/Zind-Humbrecht-Riesling-Brand-Grand-Cru-2020-750-ml.png","contentUrl":"https:\/\/wein-werte.com\/wp-content\/uploads\/2026\/04\/Zind-Humbrecht-Riesling-Brand-Grand-Cru-2020-750-ml.png","width":158,"height":606},{"@type":"BreadcrumbList","@id":"https:\/\/wein-werte.com\/de\/produkt\/zind-humbrecht-riesling-brand-grand-cru-2020-750ml\/#breadcrumb","itemListElement":[{"@type":"ListItem","position":1,"name":"Home","item":"https:\/\/wein-werte.com\/de\/"},{"@type":"ListItem","position":2,"name":"Shop","item":"https:\/\/wein-werte.com\/de\/shop\/"},{"@type":"ListItem","position":3,"name":"Zind-Humbrecht | Elsass | Riesling Brand Grand Cru | 2020 | 750ml | bio"}]},{"@type":"WebSite","@id":"https:\/\/wein-werte.com\/de\/#website","url":"https:\/\/wein-werte.com\/de\/","name":"Wein Werte","description":"","publisher":{"@id":"https:\/\/wein-werte.com\/de\/#organization"},"potentialAction":[{"@type":"SearchAction","target":{"@type":"EntryPoint","urlTemplate":"https:\/\/wein-werte.com\/de\/?s={search_term_string}"},"query-input":{"@type":"PropertyValueSpecification","valueRequired":true,"valueName":"search_term_string"}}],"inLanguage":"de"},{"@type":"Organization","@id":"https:\/\/wein-werte.com\/de\/#organization","name":"Vins Fins Thorrold","url":"https:\/\/wein-werte.com\/de\/","logo":{"@type":"ImageObject","inLanguage":"de","@id":"https:\/\/wein-werte.com\/de\/#\/schema\/logo\/image\/","url":"https:\/\/wein-werte.com\/wp-content\/uploads\/2023\/07\/Wein_werte_Logo700-1.png","contentUrl":"https:\/\/wein-werte.com\/wp-content\/uploads\/2023\/07\/Wein_werte_Logo700-1.png","width":700,"height":272,"caption":"Vins Fins Thorrold"},"image":{"@id":"https:\/\/wein-werte.com\/de\/#\/schema\/logo\/image\/"}}]}},"_links":{"self":[{"href":"https:\/\/wein-werte.com\/de\/wp-json\/wp\/v2\/product\/1135253","targetHints":{"allow":["GET"]}}],"collection":[{"href":"https:\/\/wein-werte.com\/de\/wp-json\/wp\/v2\/product"}],"about":[{"href":"https:\/\/wein-werte.com\/de\/wp-json\/wp\/v2\/types\/product"}],"wp:featuredmedia":[{"embeddable":true,"href":"https:\/\/wein-werte.com\/de\/wp-json\/wp\/v2\/media\/1147545"}],"wp:attachment":[{"href":"https:\/\/wein-werte.com\/de\/wp-json\/wp\/v2\/media?parent=1135253"}],"wp:term":[{"taxonomy":"product_brand","embeddable":true,"href":"https:\/\/wein-werte.com\/de\/wp-json\/wp\/v2\/product_brand?post=1135253"},{"taxonomy":"product_cat","embeddable":true,"href":"https:\/\/wein-werte.com\/de\/wp-json\/wp\/v2\/product_cat?post=1135253"},{"taxonomy":"product_tag","embeddable":true,"href":"https:\/\/wein-werte.com\/de\/wp-json\/wp\/v2\/product_tag?post=1135253"}],"curies":[{"name":"wp","href":"https:\/\/api.w.org\/{rel}","templated":true}]}}